{"id":1422,"date":"2025-07-31T14:06:18","date_gmt":"2025-07-31T12:06:18","guid":{"rendered":"https:\/\/hoyre.no\/rogaland\/?page_id=1422"},"modified":"2025-08-02T11:46:38","modified_gmt":"2025-08-02T09:46:38","slug":"forsvar-og-politi","status":"publish","type":"page","link":"https:\/\/hoyre.no\/rogaland\/forsvar-og-politi\/","title":{"rendered":"Ingen Slagord &#8211; Mer forsvar og politi."},"content":{"rendered":"\n<div class=\"wp-block-hoyre-hero with-image-gradient text-color-light  has-media alignfull has-background\"><div class=\"hoyre-hero has-image\"><h1 class=\"title\">Mer forsvar og politi<\/h1><p class=\"preamble\">H\u00f8yre vil ha mer politi og et massivt l\u00f8ft for Forsvaret.<\/p>\t\t\t<div class=\"post-meta wp-block teft-byline-wrapper\">\n\t\t\t\t<div class=\"top\">\n\t\t\t\t\t<div class=\"signature\">\n\t\t\t\t\t\t<div class=\"teft-byline\">\n\t\t\t\t\t\t\t\t\t\t\t\t\t\t<div>\n\t\t\t\t\t\t\t\t<h3>H\u00f8yres redaksjon<\/h3>\t\t\t\t\t\t\t\t\n\t\t\t\t\t\t\t\t\t\t\t\t\t\t\t\t\t<span class=\"date\">Sist oppdatert: 2. august 2025<\/span>\n\t\t\t\t\t\t\t\t\t\t\t\t\t\t\t\t\t\t\t\t\t\t\t\t\t<span class=\"reading-time\" itemprop=\"timeRequired\" content=\"PT4M\"><em>Ca. 4 minutter lesetid<\/em><\/span>\n\t\t\t\t\t\t\t\t\t\t\t\t\t\t\t<\/div>\n\t\t\t\t\t\t<\/div>\n\t\t\t\t\t<\/div>\n\t\t\t\t\t\t<div class=\"sharing\">\n\t\t<a class=\"share-button share-link copy-link\" data-copy=\"https:\/\/hoyre.no\/rogaland\/forsvar-og-politi\/\" target=\"_blank\"><span class=\"screen-reader-text\">Del link<\/span><\/a>\n\t\t<a class=\"share-button share-twitter\" href=\"http:\/\/twitter.com\/share?text=Ingen Slagord &#8211; Mer forsvar og politi.&#038;url=https:\/\/hoyre.no\/rogaland\/forsvar-og-politi\/&#038;hashtags=Hoyre\" target=\"_blank\"><span class=\"screen-reader-text\">Del p\u00e5 twitter<\/span><\/a>\n\t\t<a class=\"share-button share-facebook\" href=\"https:\/\/www.facebook.com\/sharer\/sharer.php?u=https:\/\/hoyre.no\/rogaland\/forsvar-og-politi\/\" target=\"_blank\"><span class=\"screen-reader-text\">Del p\u00e5 facebook<\/span><\/a>\n\t<\/div>\n\t\t\t\t\t<\/div>\n\t\t\t<\/div>\n\n\t\t\t<figure class=\"hoyre-image-wrapper\"><div class=\"hoyre-image\"><img loading=\"lazy\" decoding=\"async\" width=\"2048\" height=\"1536\" src=\"https:\/\/hoyre.no\/content\/uploads\/sites\/11\/2025\/07\/518344784_1176489637633542_1989398975116609336_n.jpg\" class=\"attachment-scaled size-scaled\" alt=\"\" style=\"object-position: 49% 25%\" srcset=\"https:\/\/hoyre.no\/content\/uploads\/sites\/11\/2025\/07\/518344784_1176489637633542_1989398975116609336_n.jpg 2048w, https:\/\/hoyre.no\/content\/uploads\/sites\/11\/2025\/07\/518344784_1176489637633542_1989398975116609336_n-300x225.jpg 300w, https:\/\/hoyre.no\/content\/uploads\/sites\/11\/2025\/07\/518344784_1176489637633542_1989398975116609336_n-1024x768.jpg 1024w, https:\/\/hoyre.no\/content\/uploads\/sites\/11\/2025\/07\/518344784_1176489637633542_1989398975116609336_n-768x576.jpg 768w, https:\/\/hoyre.no\/content\/uploads\/sites\/11\/2025\/07\/518344784_1176489637633542_1989398975116609336_n-1536x1152.jpg 1536w\" sizes=\"auto, (max-width: 2048px) 100vw, 2048px\" \/><\/div><\/figure><\/div><\/div>\n\n\n\n\n<p>I en farligere verden m\u00e5 vi ruste oss for \u00e5 st\u00e5 imot trusler fra autorit\u00e6re regimer. Rogaland har med lang kystlinje og flere flyplasser en helt spesiell posisjon.<\/p>\n\n\n\n<p>Samtidig m\u00e5 vi bekjempe den \u00f8kende kriminaliteten her hjemme. Flere opplever, ser og h\u00f8rer om kriminalitet i sine n\u00e6romr\u00e5der. For mange saker blir henlagt. Kriminelle nettverk driver utstrakt \u00f8konomisk kriminalitet, bruker grove svindelmetoder og selger narkotika. <\/p>\n\n\n\n<p>H\u00f8yre vil bygge et politi og rettsvesen, som kan forebygg bedre, avdekke mer og gi strengere straffer.<\/p>\n\n\n\n<div class=\"wp-block hoyre-section alignfull has-background wp-block-hoyre-section\"><div class=\"inner-blocks alignwide\">\n\n<h2 class=\"wp-block-heading\">Dette er situasjonen\ud83d\udc47<\/h2>\n\n\n\n<p>\u26a0\ufe0f S\u00e6rlig trusselen Russland utgj\u00f8r mot norske og v\u00e5re alliertes interesser har forverret seg drastisk de siste \u00e5rene. Vestlige verdier, v\u00e5r frihet, v\u00e5r demokratiske styreform og v\u00e5r m\u00e5te \u00e5 leve livene v\u00e5re p\u00e5, er under press fra autorit\u00e6re krefter.<\/p>\n\n\n\n<p>\u26a0\ufe0f Ogs\u00e5 truslene innenfra \u00f8ker. Kriminaliteten har blitt mer brutal, alvorlig og synlig. Flere opplever, ser og h\u00f8rer om kriminalitet i sitt n\u00e6romr\u00e5de. Svindel og bedrageri blir stadig mer vanlig. For mange saker blir henlagt, ogs\u00e5 saker med kjent gjerningsperson.<\/p>\n\n\n\n<p>\u26a0\ufe0f Utenlandske kriminelle nettverk er til stede i alle landsdeler. Den organiserte kriminaliteten blir mer kynisk og profesjonell. Kriminelle nettverk driver utstrakt \u00f8konomisk kriminalitet, bruker grove svindelmetoder og selger narkotika. Det er ogs\u00e5 en risiko for at autorit\u00e6re regimer bruker kriminelle nettverk til \u00e5 drive destabilisering og terror i Europa. Kriminelle utnytter ogs\u00e5 stadig nye digitale l\u00f8sninger for \u00e5 ramme folk, bedrifter og velferdsordninger.&nbsp;&nbsp;<\/p>\n\n\n\n<p>\u26a0\ufe0f Ungdomskriminaliteten og den grove volden har \u00f8kt. Det skaper utrygge nabolag og sprer frykt blant lovlydige unge. Kriminelle nettverk utnytter barn og unge blant annet ved \u00e5 lokke med penger og statussymboler.&nbsp;<\/p>\n\n<\/div><\/div>\n\n<div class=\"wp-block hoyre-section alignfull has-background is-style-light-green wp-block-hoyre-section\"><div class=\"inner-blocks alignwide\">\n\n<h2 class=\"wp-block-heading\">Dette er H\u00f8yres l\u00f8sning\ud83d\udc4c<\/h2>\n\n\n\n<p>\u26a0\ufe0f H\u00f8yre mener at styrking av Forsvaret er noe av det aller viktigste vi gj\u00f8r n\u00e5. Det m\u00e5 g\u00e5 raskere og v\u00e6re kraftigere,&nbsp;og skje i n\u00e6rt samarbeid med v\u00e5re viktigste allierte.<\/p>\n\n\n\n<p>\u26a0\ufe0f Vi vet at h\u00f8y&nbsp;innvandring&nbsp;og for d\u00e5rlig integrering&nbsp;gir grobunn for kriminalitet. Ikke-vestlige innvandrere er overrepresentert i kriminalitetsstatistikken. Det er behov for&nbsp;\u00e5 stille&nbsp;flere&nbsp;krav og tydelige forventninger i integreringen, og&nbsp;vi m\u00e5 stramme&nbsp;kraftig&nbsp;inn p\u00e5 innvandringen.&nbsp;&nbsp;<\/p>\n\n<\/div><\/div>\n\n<div class=\"wp-block hoyre-section alignfull has-background is-style-light-blue wp-block-hoyre-section\"><div class=\"inner-blocks alignwide\">\n\n<h2 class=\"wp-block-heading\"><strong>H\u00f8yres viktigste grep<\/strong>\ud83e\udd1d<\/h2>\n\n\n\n<p>\ud83d\udc99 Ha et massivt l\u00f8ft for Forsvaret, styrke Sola flystasjon og \u00f8ke forsvarets tilstedev\u00e6relse i Rogaland<\/p>\n\n\n\n<p>\ud83d\udc99 Ruste opp det norske Forsvaret&nbsp;kraftig for \u00e5 styrke&nbsp;landets forsvarsevne<\/p>\n\n\n\n<p>\ud83d\udc99 \u00d8ke produksjon av v\u00e5pen og ammunisjon&nbsp;i Norge&nbsp;og i samarbeid med Europa<\/p>\n\n\n\n<p>\ud83d\udc99&nbsp;Flere politifolk i gatene, flere etterforskere og&nbsp;mer&nbsp;forebyggende&nbsp;arbeid i S\u00f8r-Vest politidistrikt<\/p>\n\n\n\n<p>\ud83d\udc99 Etablere en hurtigdomstol&nbsp;og landsdekkende institusjon for ungdomskriminelle<\/p>\n\n\n\n<p>\ud83d\udc99&nbsp;Utvise kriminelle utlendinger og&nbsp;<a href=\"https:\/\/hoyre.no\/2025\/01\/21\/strammer-inn-varsler-12-nye-innvandringsgrep\/\">stramme&nbsp;inn innvandringen til Norge<\/a><\/p>\n\n<\/div><\/div>\n\n\n<div class=\"wp-block-media-text alignwide has-media-on-the-right is-stacked-on-mobile is-image-fill-element is-style-pale-purple\"><div class=\"wp-block-media-text__content\">\n<p><strong>Minst&nbsp;1000&nbsp;nye&nbsp;politifolk&nbsp;i gatene<\/strong>\ud83d\udc6e<\/p>\n\n\n\n<p>\ud83d\ude93 Opptaket til Politih\u00f8gskolen skal \u00f8kes<\/p>\n\n\n\n<p>\ud83d\ude93 Det enorme frafallet blant unge politifolk skal stoppes og erfarne politifolk som \u00f8nsker det, skal f\u00e5 st\u00e5 lenger i jobb<\/p>\n\n\n\n<p>\ud83d\ude93 Gi politiet et etterlengtet utstyrsl\u00f8ft i tr\u00e5d med dagens trusselbilde<\/p>\n<\/div><figure class=\"wp-block-media-text__media\"><img loading=\"lazy\" decoding=\"async\" width=\"768\" height=\"1024\" src=\"https:\/\/hoyre.no\/content\/uploads\/sites\/11\/2025\/07\/4-Sanna-Rana_1-Foto-Julie-Vold-768x1024.jpg\" alt=\"\" class=\"wp-image-1504 size-full\" style=\"object-position:50% 50%\" srcset=\"https:\/\/hoyre.no\/content\/uploads\/sites\/11\/2025\/07\/4-Sanna-Rana_1-Foto-Julie-Vold-768x1024.jpg 768w, https:\/\/hoyre.no\/content\/uploads\/sites\/11\/2025\/07\/4-Sanna-Rana_1-Foto-Julie-Vold-225x300.jpg 225w, https:\/\/hoyre.no\/content\/uploads\/sites\/11\/2025\/07\/4-Sanna-Rana_1-Foto-Julie-Vold-1152x1536.jpg 1152w, https:\/\/hoyre.no\/content\/uploads\/sites\/11\/2025\/07\/4-Sanna-Rana_1-Foto-Julie-Vold.jpg 1500w\" sizes=\"auto, (max-width: 768px) 100vw, 768px\" \/><\/figure><\/div>\n\n\n\n<div class=\"wp-block-media-text alignwide is-stacked-on-mobile is-image-fill-element is-style-dark-blue\"><figure class=\"wp-block-media-text__media\"><img loading=\"lazy\" decoding=\"async\" width=\"768\" height=\"1024\" src=\"https:\/\/hoyre.no\/content\/uploads\/sites\/11\/2025\/07\/2-Aleksander-Stokkebo_3-Foto-Julie-Vold-1-768x1024.jpg\" alt=\"\" class=\"wp-image-1506 size-full\" style=\"object-position:50% 50%\" srcset=\"https:\/\/hoyre.no\/content\/uploads\/sites\/11\/2025\/07\/2-Aleksander-Stokkebo_3-Foto-Julie-Vold-1-768x1024.jpg 768w, https:\/\/hoyre.no\/content\/uploads\/sites\/11\/2025\/07\/2-Aleksander-Stokkebo_3-Foto-Julie-Vold-1-225x300.jpg 225w, https:\/\/hoyre.no\/content\/uploads\/sites\/11\/2025\/07\/2-Aleksander-Stokkebo_3-Foto-Julie-Vold-1-1152x1536.jpg 1152w, https:\/\/hoyre.no\/content\/uploads\/sites\/11\/2025\/07\/2-Aleksander-Stokkebo_3-Foto-Julie-Vold-1.jpg 1500w\" sizes=\"auto, (max-width: 768px) 100vw, 768px\" \/><\/figure><div class=\"wp-block-media-text__content\">\n<p><strong>Nulltolleransepakke mot&nbsp;ungdomskriminalitet \ud83d\udcaa<\/strong><\/p>\n\n\n\n<p><br>\ud83d\ude93 Etablere&nbsp;en&nbsp;task&nbsp;force&nbsp;i&nbsp;alle politidistrikt&nbsp;for \u00e5 stanse ransb\u00f8lgen mot barn og unge<\/p>\n\n\n\n<p>\ud83d\ude93 Innf\u00f8re hurtigspor i domstolene for ungdomskriminelle i hele landet innen sommeren 2026<\/p>\n\n\n\n<p>\ud83d\ude93 Etablere lukkede institusjoner for&nbsp;barn og unge som beg\u00e5r grov og gjentagende kriminalitet<\/p>\n\n\n\n<p>\ud83d\ude93 Styrke og etablere flere forebyggende enheter i politiet<\/p>\n\n\n\n<p>\ud83d\ude93 Gi&nbsp;politiet flere verkt\u00f8y for \u00e5 f\u00e5 kontroll p\u00e5 ungdomskriminelle,&nbsp;blant&nbsp;annet:<\/p>\n\n\n\n<p>\ud83d\udccc Mulighet&nbsp;til \u00e5 ilegge preventive&nbsp;oppholdsforbud, etter modell fra Sverige<\/p>\n\n\n\n<p>\ud83d\udccc Mulighet&nbsp;til \u00e5 sette fotlenke p\u00e5 ungdommer med oppholdsforbud<\/p>\n\n\n\n<p>\ud83d\udccc Full informasjonsflyt mellom politi, barnevern, kommune og skole om relevante opplysninger<\/p>\n\n\n\n<p>\ud83d\udccc \u00c5pne for utvidet varetektsfengsling av unge&nbsp;i fire&nbsp;uker<\/p>\n<\/div><\/div>\n\n\n\n<p><strong>Les ogs\u00e5\ud83d\udc47<\/strong><\/p>\n\n\n\n<div class=\"wp-block-teft-accentuated-link undefined has-image\"><div class=\"kf-link__wrapper\"><div class=\"kf-link__tagline\">Ingen slagord<\/div><a class=\"kf-link__link\" href=\"https:\/\/hoyre.no\/rogaland\/skole\/\">BARE MER L\u00c6RING I SKOLEN<span class=\"kf-link__link-source\">hoyre.no<\/span><\/a><\/div><figure class=\"hoyre-image-wrapper\"><div class=\"hoyre-image\"><img loading=\"lazy\" decoding=\"async\" width=\"2048\" height=\"1366\" src=\"https:\/\/hoyre.no\/content\/uploads\/sites\/11\/2025\/07\/514254279_1161918812423958_1263032460586987557_n.jpg\" class=\"attachment-scaled size-scaled\" alt=\"\" style=\"object-position: 50% 50%\" srcset=\"https:\/\/hoyre.no\/content\/uploads\/sites\/11\/2025\/07\/514254279_1161918812423958_1263032460586987557_n.jpg 2048w, https:\/\/hoyre.no\/content\/uploads\/sites\/11\/2025\/07\/514254279_1161918812423958_1263032460586987557_n-300x200.jpg 300w, https:\/\/hoyre.no\/content\/uploads\/sites\/11\/2025\/07\/514254279_1161918812423958_1263032460586987557_n-1024x683.jpg 1024w, https:\/\/hoyre.no\/content\/uploads\/sites\/11\/2025\/07\/514254279_1161918812423958_1263032460586987557_n-768x512.jpg 768w, https:\/\/hoyre.no\/content\/uploads\/sites\/11\/2025\/07\/514254279_1161918812423958_1263032460586987557_n-1536x1025.jpg 1536w\" sizes=\"auto, (max-width: 2048px) 100vw, 2048px\" \/><\/div><\/figure><\/div>\n\n\n\n<div class=\"wp-block-teft-accentuated-link undefined has-image\"><div class=\"kf-link__wrapper\"><div class=\"kf-link__tagline\">Ingen slagord<\/div><a class=\"kf-link__link\" href=\"https:\/\/hoyre.no\/rogaland\/helse\/\">BARE RASKERE BEHANDLING<span class=\"kf-link__link-source\">hoyre.no<\/span><\/a><\/div><figure class=\"hoyre-image-wrapper\"><div class=\"hoyre-image\"><img loading=\"lazy\" decoding=\"async\" width=\"2500\" height=\"1667\" src=\"https:\/\/hoyre.no\/content\/uploads\/sites\/11\/2025\/07\/GettyImages-1188432151-scaled.jpg\" class=\"attachment-scaled size-scaled\" alt=\"\" style=\"object-position: 50% 50%\" srcset=\"https:\/\/hoyre.no\/content\/uploads\/sites\/11\/2025\/07\/GettyImages-1188432151-scaled.jpg 2500w, https:\/\/hoyre.no\/content\/uploads\/sites\/11\/2025\/07\/GettyImages-1188432151-300x200.jpg 300w, https:\/\/hoyre.no\/content\/uploads\/sites\/11\/2025\/07\/GettyImages-1188432151-1024x683.jpg 1024w, https:\/\/hoyre.no\/content\/uploads\/sites\/11\/2025\/07\/GettyImages-1188432151-768x512.jpg 768w, https:\/\/hoyre.no\/content\/uploads\/sites\/11\/2025\/07\/GettyImages-1188432151-1536x1024.jpg 1536w, https:\/\/hoyre.no\/content\/uploads\/sites\/11\/2025\/07\/GettyImages-1188432151-2048x1365.jpg 2048w\" sizes=\"auto, (max-width: 2500px) 100vw, 2500px\" \/><\/div><\/figure><\/div>\n\n\n\n<div class=\"wp-block-teft-accentuated-link undefined has-image\"><div class=\"kf-link__wrapper\"><div class=\"kf-link__tagline\">Ingen slagord<\/div><a class=\"kf-link__link\" href=\"https:\/\/hoyre.no\/rogaland\/skatt\/\">BARE LAVERE SKATT<span class=\"kf-link__link-source\">hoyre.no<\/span><\/a><\/div><figure class=\"hoyre-image-wrapper\"><div class=\"hoyre-image\"><img loading=\"lazy\" decoding=\"async\" width=\"2048\" height=\"1536\" src=\"https:\/\/hoyre.no\/content\/uploads\/sites\/11\/2025\/08\/1751400777434-2.gif\" class=\"attachment-scaled size-scaled\" alt=\"\" style=\"object-position: 50% 50%\" \/><\/div><\/figure><\/div>\n\n\n\n<div class=\"wp-block-teft-accentuated-link undefined has-image\"><div class=\"kf-link__wrapper\"><div class=\"kf-link__tagline\">Ingen slagord<\/div><a class=\"kf-link__link\" href=\"https:\/\/hoyre.no\/rogaland\/hovedsaker\/\">BARE VIKTIG H\u00d8YRE-POLITIKK<span class=\"kf-link__link-source\">hoyre.no<\/span><\/a><\/div><figure class=\"hoyre-image-wrapper\"><div class=\"hoyre-image\"><img loading=\"lazy\" decoding=\"async\" width=\"2500\" height=\"1667\" src=\"https:\/\/hoyre.no\/content\/uploads\/sites\/11\/2025\/07\/Topp-4-Foto-Julie-Vold-scaled.jpg\" class=\"attachment-scaled size-scaled\" alt=\"\" style=\"object-position: 50% 50%\" srcset=\"https:\/\/hoyre.no\/content\/uploads\/sites\/11\/2025\/07\/Topp-4-Foto-Julie-Vold-scaled.jpg 2500w, https:\/\/hoyre.no\/content\/uploads\/sites\/11\/2025\/07\/Topp-4-Foto-Julie-Vold-300x200.jpg 300w, https:\/\/hoyre.no\/content\/uploads\/sites\/11\/2025\/07\/Topp-4-Foto-Julie-Vold-1024x683.jpg 1024w, https:\/\/hoyre.no\/content\/uploads\/sites\/11\/2025\/07\/Topp-4-Foto-Julie-Vold-768x512.jpg 768w, https:\/\/hoyre.no\/content\/uploads\/sites\/11\/2025\/07\/Topp-4-Foto-Julie-Vold-1536x1024.jpg 1536w, https:\/\/hoyre.no\/content\/uploads\/sites\/11\/2025\/07\/Topp-4-Foto-Julie-Vold-2048x1365.jpg 2048w\" sizes=\"auto, (max-width: 2500px) 100vw, 2500px\" \/><\/div><\/figure><\/div>\n","protected":false},"excerpt":{"rendered":"<p>Minst&nbsp;1000&nbsp;nye&nbsp;politifolk&nbsp;i gatene\ud83d\udc6e \ud83d\ude93 Opptaket til Politih\u00f8gskolen skal \u00f8kes \ud83d\ude93 Det enorme frafallet blant unge politifolk skal stoppes og erfarne politifolk som \u00f8nsker det, skal f\u00e5 st\u00e5 lenger i jobb \ud83d\ude93 Gi politiet et etterlengtet utstyrsl\u00f8ft i tr\u00e5d med dagens trusselbilde Nulltolleransepakke mot&nbsp;ungdomskriminalitet \ud83d\udcaa \ud83d\ude93 Etablere&nbsp;en&nbsp;task&nbsp;force&nbsp;i&nbsp;alle politidistrikt&nbsp;for \u00e5 stanse ransb\u00f8lgen mot barn og unge \ud83d\ude93 Innf\u00f8re [&hellip;]<\/p>\n","protected":false},"author":48354,"featured_media":0,"parent":0,"menu_order":0,"comment_status":"closed","ping_status":"closed","template":"","meta":{"teft_cards_image_url":"","teft_cards_custom_pretitle":"","teft_cards_image_id":0,"teft_cards_image_focal_point_x":0,"teft_cards_image_focal_point_y":0,"teft_cards_title":"","teft_cards_excerpt":"","teft_show_chapters":false,"footnotes":""},"class_list":["post-1422","page","type-page","status-publish","hentry"],"yoast_head":"<!-- This site is optimized with the Yoast SEO plugin v26.6 - https:\/\/yoast.com\/wordpress\/plugins\/seo\/ -->\n<title>Ingen Slagord - Mer forsvar og politi. - Rogaland H\u00f8yre<\/title>\n<meta name=\"robots\" content=\"index, follow, max-snippet:-1, max-image-preview:large, max-video-preview:-1\" \/>\n<link rel=\"canonical\" href=\"https:\/\/hoyre.no\/rogaland\/forsvar-og-politi\/\" \/>\n<meta property=\"og:locale\" content=\"nb_NO\" \/>\n<meta property=\"og:type\" content=\"article\" \/>\n<meta property=\"og:title\" content=\"Ingen Slagord - Mer forsvar og politi. - Rogaland H\u00f8yre\" \/>\n<meta property=\"og:description\" content=\"Minst&nbsp;1000&nbsp;nye&nbsp;politifolk&nbsp;i gatene\ud83d\udc6e \ud83d\ude93 Opptaket til Politih\u00f8gskolen skal \u00f8kes \ud83d\ude93 Det enorme frafallet blant unge politifolk skal stoppes og erfarne politifolk som \u00f8nsker det, skal f\u00e5 st\u00e5 lenger i jobb \ud83d\ude93 Gi politiet et etterlengtet utstyrsl\u00f8ft i tr\u00e5d med dagens trusselbilde Nulltolleransepakke mot&nbsp;ungdomskriminalitet \ud83d\udcaa \ud83d\ude93 Etablere&nbsp;en&nbsp;task&nbsp;force&nbsp;i&nbsp;alle politidistrikt&nbsp;for \u00e5 stanse ransb\u00f8lgen mot barn og unge \ud83d\ude93 Innf\u00f8re [&hellip;]\" \/>\n<meta property=\"og:url\" content=\"https:\/\/hoyre.no\/rogaland\/forsvar-og-politi\/\" \/>\n<meta property=\"og:site_name\" content=\"Rogaland H\u00f8yre\" \/>\n<meta property=\"article:modified_time\" content=\"2025-08-02T09:46:38+00:00\" \/>\n<meta property=\"og:image\" content=\"https:\/\/hoyre.no\/content\/uploads\/sites\/11\/2025\/07\/4-Sanna-Rana_1-Foto-Julie-Vold-768x1024.jpg\" \/>\n<meta name=\"twitter:card\" content=\"summary_large_image\" \/>\n<meta name=\"twitter:label1\" content=\"Ansl. lesetid\" \/>\n\t<meta name=\"twitter:data1\" content=\"4 minutter\" \/>\n<script type=\"application\/ld+json\" class=\"yoast-schema-graph\">{\"@context\":\"https:\/\/schema.org\",\"@graph\":[{\"@type\":\"WebPage\",\"@id\":\"https:\/\/hoyre.no\/rogaland\/forsvar-og-politi\/\",\"url\":\"https:\/\/hoyre.no\/rogaland\/forsvar-og-politi\/\",\"name\":\"Ingen Slagord - Mer forsvar og politi. - Rogaland H\u00f8yre\",\"isPartOf\":{\"@id\":\"https:\/\/hoyre.no\/rogaland\/#website\"},\"image\":{\"@id\":\"https:\/\/hoyre.no\/rogaland\/forsvar-og-politi\/#primaryimage\"},\"thumbnailUrl\":\"https:\/\/hoyre.no\/content\/uploads\/sites\/11\/2025\/07\/4-Sanna-Rana_1-Foto-Julie-Vold-768x1024.jpg\",\"datePublished\":\"2025-07-31T12:06:18+00:00\",\"dateModified\":\"2025-08-02T09:46:38+00:00\",\"breadcrumb\":{\"@id\":\"https:\/\/hoyre.no\/rogaland\/forsvar-og-politi\/#breadcrumb\"},\"inLanguage\":\"nb-NO\",\"potentialAction\":[{\"@type\":\"ReadAction\",\"target\":[\"https:\/\/hoyre.no\/rogaland\/forsvar-og-politi\/\"]}]},{\"@type\":\"ImageObject\",\"inLanguage\":\"nb-NO\",\"@id\":\"https:\/\/hoyre.no\/rogaland\/forsvar-og-politi\/#primaryimage\",\"url\":\"https:\/\/hoyre.no\/content\/uploads\/sites\/11\/2025\/07\/4-Sanna-Rana_1-Foto-Julie-Vold-768x1024.jpg\",\"contentUrl\":\"https:\/\/hoyre.no\/content\/uploads\/sites\/11\/2025\/07\/4-Sanna-Rana_1-Foto-Julie-Vold-768x1024.jpg\"},{\"@type\":\"BreadcrumbList\",\"@id\":\"https:\/\/hoyre.no\/rogaland\/forsvar-og-politi\/#breadcrumb\",\"itemListElement\":[{\"@type\":\"ListItem\",\"position\":1,\"name\":\"Til hoyre.no\",\"item\":\"https:\/\/hoyre.no\"},{\"@type\":\"ListItem\",\"position\":2,\"name\":\"Hjem\",\"item\":\"https:\/\/hoyre.no\/rogaland\/\"},{\"@type\":\"ListItem\",\"position\":3,\"name\":\"Ingen Slagord &#8211; Mer forsvar og politi.\"}]},{\"@type\":\"WebSite\",\"@id\":\"https:\/\/hoyre.no\/rogaland\/#website\",\"url\":\"https:\/\/hoyre.no\/rogaland\/\",\"name\":\"Rogaland H\u00f8yre\",\"description\":\"Bare enda et H\u00f8yres nettsteder-nettsted\",\"inLanguage\":\"nb-NO\"}]}<\/script>\n<!-- \/ Yoast SEO plugin. -->","yoast_head_json":{"title":"Ingen Slagord - Mer forsvar og politi. - Rogaland H\u00f8yre","robots":{"index":"index","follow":"follow","max-snippet":"max-snippet:-1","max-image-preview":"max-image-preview:large","max-video-preview":"max-video-preview:-1"},"canonical":"https:\/\/hoyre.no\/rogaland\/forsvar-og-politi\/","og_locale":"nb_NO","og_type":"article","og_title":"Ingen Slagord - Mer forsvar og politi. - Rogaland H\u00f8yre","og_description":"Minst&nbsp;1000&nbsp;nye&nbsp;politifolk&nbsp;i gatene\ud83d\udc6e \ud83d\ude93 Opptaket til Politih\u00f8gskolen skal \u00f8kes \ud83d\ude93 Det enorme frafallet blant unge politifolk skal stoppes og erfarne politifolk som \u00f8nsker det, skal f\u00e5 st\u00e5 lenger i jobb \ud83d\ude93 Gi politiet et etterlengtet utstyrsl\u00f8ft i tr\u00e5d med dagens trusselbilde Nulltolleransepakke mot&nbsp;ungdomskriminalitet \ud83d\udcaa \ud83d\ude93 Etablere&nbsp;en&nbsp;task&nbsp;force&nbsp;i&nbsp;alle politidistrikt&nbsp;for \u00e5 stanse ransb\u00f8lgen mot barn og unge \ud83d\ude93 Innf\u00f8re [&hellip;]","og_url":"https:\/\/hoyre.no\/rogaland\/forsvar-og-politi\/","og_site_name":"Rogaland H\u00f8yre","article_modified_time":"2025-08-02T09:46:38+00:00","og_image":[{"url":"https:\/\/hoyre.no\/content\/uploads\/sites\/11\/2025\/07\/4-Sanna-Rana_1-Foto-Julie-Vold-768x1024.jpg","type":"","width":"","height":""}],"twitter_card":"summary_large_image","twitter_misc":{"Ansl. lesetid":"4 minutter"},"schema":{"@context":"https:\/\/schema.org","@graph":[{"@type":"WebPage","@id":"https:\/\/hoyre.no\/rogaland\/forsvar-og-politi\/","url":"https:\/\/hoyre.no\/rogaland\/forsvar-og-politi\/","name":"Ingen Slagord - Mer forsvar og politi. - Rogaland H\u00f8yre","isPartOf":{"@id":"https:\/\/hoyre.no\/rogaland\/#website"},"image":{"@id":"https:\/\/hoyre.no\/rogaland\/forsvar-og-politi\/#primaryimage"},"thumbnailUrl":"https:\/\/hoyre.no\/content\/uploads\/sites\/11\/2025\/07\/4-Sanna-Rana_1-Foto-Julie-Vold-768x1024.jpg","datePublished":"2025-07-31T12:06:18+00:00","dateModified":"2025-08-02T09:46:38+00:00","breadcrumb":{"@id":"https:\/\/hoyre.no\/rogaland\/forsvar-og-politi\/#breadcrumb"},"inLanguage":"nb-NO","potentialAction":[{"@type":"ReadAction","target":["https:\/\/hoyre.no\/rogaland\/forsvar-og-politi\/"]}]},{"@type":"ImageObject","inLanguage":"nb-NO","@id":"https:\/\/hoyre.no\/rogaland\/forsvar-og-politi\/#primaryimage","url":"https:\/\/hoyre.no\/content\/uploads\/sites\/11\/2025\/07\/4-Sanna-Rana_1-Foto-Julie-Vold-768x1024.jpg","contentUrl":"https:\/\/hoyre.no\/content\/uploads\/sites\/11\/2025\/07\/4-Sanna-Rana_1-Foto-Julie-Vold-768x1024.jpg"},{"@type":"BreadcrumbList","@id":"https:\/\/hoyre.no\/rogaland\/forsvar-og-politi\/#breadcrumb","itemListElement":[{"@type":"ListItem","position":1,"name":"Til hoyre.no","item":"https:\/\/hoyre.no"},{"@type":"ListItem","position":2,"name":"Hjem","item":"https:\/\/hoyre.no\/rogaland\/"},{"@type":"ListItem","position":3,"name":"Ingen Slagord &#8211; Mer forsvar og politi."}]},{"@type":"WebSite","@id":"https:\/\/hoyre.no\/rogaland\/#website","url":"https:\/\/hoyre.no\/rogaland\/","name":"Rogaland H\u00f8yre","description":"Bare enda et H\u00f8yres nettsteder-nettsted","inLanguage":"nb-NO"}]}},"distributor_meta":false,"distributor_terms":false,"distributor_media":false,"distributor_original_site_name":"Rogaland H\u00f8yre","distributor_original_site_url":"https:\/\/hoyre.no\/rogaland","push-errors":false,"_links":{"self":[{"href":"https:\/\/hoyre.no\/rogaland\/wp-json\/wp\/v2\/pages\/1422","targetHints":{"allow":["GET"]}}],"collection":[{"href":"https:\/\/hoyre.no\/rogaland\/wp-json\/wp\/v2\/pages"}],"about":[{"href":"https:\/\/hoyre.no\/rogaland\/wp-json\/wp\/v2\/types\/page"}],"author":[{"embeddable":true,"href":"https:\/\/hoyre.no\/rogaland\/wp-json\/wp\/v2\/users\/48354"}],"replies":[{"embeddable":true,"href":"https:\/\/hoyre.no\/rogaland\/wp-json\/wp\/v2\/comments?post=1422"}],"version-history":[{"count":16,"href":"https:\/\/hoyre.no\/rogaland\/wp-json\/wp\/v2\/pages\/1422\/revisions"}],"predecessor-version":[{"id":1531,"href":"https:\/\/hoyre.no\/rogaland\/wp-json\/wp\/v2\/pages\/1422\/revisions\/1531"}],"wp:attachment":[{"href":"https:\/\/hoyre.no\/rogaland\/wp-json\/wp\/v2\/media?parent=1422"}],"curies":[{"name":"wp","href":"https:\/\/api.w.org\/{rel}","templated":true}]}}