{"id":1437,"date":"2025-07-31T14:06:46","date_gmt":"2025-07-31T12:06:46","guid":{"rendered":"https:\/\/hoyre.no\/rogaland\/?page_id=1437"},"modified":"2025-08-05T08:48:53","modified_gmt":"2025-08-05T06:48:53","slug":"helse","status":"publish","type":"page","link":"https:\/\/hoyre.no\/rogaland\/helse\/","title":{"rendered":"Ingen slagord &#8211; helse"},"content":{"rendered":"\n<div class=\"wp-block-hoyre-hero with-image-gradient text-color-light  has-media alignfull has-background\"><div class=\"hoyre-hero has-image\"><h1 class=\"title\">Raskere behandling<\/h1><p class=\"preamble\">Ingen skal\u00a0st\u00e5\u00a0lenge\u00a0i\u00a0helsek\u00f8\u00a0n\u00e5r hjelpen finnes. N\u00e5r\u00a0ventetiden i det offentlige er lang,\u00a0skal\u00a0vi kj\u00f8pe behandling fra private slik\u00a0at\u00a0du f\u00e5r rask hjelp og\u00a0kommer deg\u00a0tilbake i jobb.<\/p>\t\t\t<div class=\"post-meta wp-block teft-byline-wrapper\">\n\t\t\t\t<div class=\"top\">\n\t\t\t\t\t<div class=\"signature\">\n\t\t\t\t\t\t<div class=\"teft-byline\">\n\t\t\t\t\t\t\t\t\t\t\t\t\t\t<div>\n\t\t\t\t\t\t\t\t<h3>H\u00f8yres redaksjon<\/h3>\t\t\t\t\t\t\t\t\n\t\t\t\t\t\t\t\t\t\t\t\t\t\t\t\t\t<span class=\"date\">Sist oppdatert: 5. august 2025<\/span>\n\t\t\t\t\t\t\t\t\t\t\t\t\t\t\t\t\t\t\t\t\t\t\t\t\t<span class=\"reading-time\" itemprop=\"timeRequired\" content=\"PT7M\"><em>Ca. 7 minutter lesetid<\/em><\/span>\n\t\t\t\t\t\t\t\t\t\t\t\t\t\t\t<\/div>\n\t\t\t\t\t\t<\/div>\n\t\t\t\t\t<\/div>\n\t\t\t\t\t\t<div class=\"sharing\">\n\t\t<a class=\"share-button share-link copy-link\" data-copy=\"https:\/\/hoyre.no\/rogaland\/helse\/\" target=\"_blank\"><span class=\"screen-reader-text\">Del link<\/span><\/a>\n\t\t<a class=\"share-button share-twitter\" href=\"http:\/\/twitter.com\/share?text=Ingen slagord &#8211; helse&#038;url=https:\/\/hoyre.no\/rogaland\/helse\/&#038;hashtags=Hoyre\" target=\"_blank\"><span class=\"screen-reader-text\">Del p\u00e5 twitter<\/span><\/a>\n\t\t<a class=\"share-button share-facebook\" href=\"https:\/\/www.facebook.com\/sharer\/sharer.php?u=https:\/\/hoyre.no\/rogaland\/helse\/\" target=\"_blank\"><span class=\"screen-reader-text\">Del p\u00e5 facebook<\/span><\/a>\n\t<\/div>\n\t\t\t\t\t<\/div>\n\t\t\t<\/div>\n\n\t\t\t<figure class=\"hoyre-image-wrapper\"><div class=\"hoyre-image\"><img loading=\"lazy\" decoding=\"async\" width=\"2500\" height=\"1667\" src=\"https:\/\/hoyre.no\/content\/uploads\/sites\/11\/2025\/07\/GettyImages-1188432151-scaled.jpg\" class=\"attachment-scaled size-scaled\" alt=\"\" style=\"object-position: 50% 50%\" srcset=\"https:\/\/hoyre.no\/content\/uploads\/sites\/11\/2025\/07\/GettyImages-1188432151-scaled.jpg 2500w, https:\/\/hoyre.no\/content\/uploads\/sites\/11\/2025\/07\/GettyImages-1188432151-300x200.jpg 300w, https:\/\/hoyre.no\/content\/uploads\/sites\/11\/2025\/07\/GettyImages-1188432151-1024x683.jpg 1024w, https:\/\/hoyre.no\/content\/uploads\/sites\/11\/2025\/07\/GettyImages-1188432151-768x512.jpg 768w, https:\/\/hoyre.no\/content\/uploads\/sites\/11\/2025\/07\/GettyImages-1188432151-1536x1024.jpg 1536w, https:\/\/hoyre.no\/content\/uploads\/sites\/11\/2025\/07\/GettyImages-1188432151-2048x1365.jpg 2048w\" sizes=\"auto, (max-width: 2500px) 100vw, 2500px\" \/><\/div><\/figure><\/div><\/div>\n\n\n\n\n<p>Hvis du eller noen du er glad i blir syk, skal du kunne f\u00f8le deg trygg p\u00e5 at dere f\u00e5r riktig behandling s\u00e5 fort som mulig. De siste \u00e5rene har ventetidene i helsetjenesten \u00f8kt betydelig, og i Rogaland st\u00e5r alt for mange i helsek\u00f8. H\u00f8yre vil ta i bruk alle gode krefter, ogs\u00e5 private, for \u00e5 sikre rask behandling. Det offentlige skal ta regningen &#8211; ikke du. <\/p>\n\n\n\n<p>De offentlige sykehusene er den viktigste muskelen i helsetjenesten og den enkeltes garanti for helsehjelp. Men n\u00e5r folk blir st\u00e5ende utenfor arbeidslivet og blir sykere av \u00e5 vente, st\u00e5r b\u00e5de ideelle og private akt\u00f8rer klare med ledig behandlingskapasitet \u2013 kapasitet som ikke blir benyttet fordi det offentlige ikke samarbeider nok med private.<\/p>\n\n\n\n<p><strong>H\u00f8yre vil snu dette. V\u00e5rt l\u00f8fte er at ingen skal st\u00e5 lenge i helsek\u00f8 n\u00e5r hjelpen finnes.<\/strong><\/p>\n\n\n\n<p>Vi vil ha et samfunn der folk f\u00e5r den hjelpen de trenger, n\u00e5r de trenger det.<br>Et samfunn der vi gir de svakeste av oss mer makt over eget liv og egen behandling. Et samfunn der vi betaler for f\u00e5 folk friske \u2013 heller enn for \u00e5 forlenge sykmeldingen.<\/p>\n\n\n\n<div class=\"wp-block hoyre-section alignfull has-background wp-block-hoyre-section\"><div class=\"inner-blocks alignwide\">\n\n<h2 class=\"wp-block-heading\">Dette er problemet\ud83d\udc47<\/h2>\n\n\n\n<p>\ud83e\udd15 Altfor mange nordmenn opplever \u00e5 ikke f\u00e5 behandlingen de trenger. Mange g\u00e5r med store smerter eller plager, og blir lenge borte fra jobb. \u00c5 bli syk er verst for den syke, men f\u00f8rer ogs\u00e5 til bekymringer og belastninger for alle rundt. For barn, foreldre, s\u00f8sken og venner. Det er i alles interesse at ingen m\u00e5 vente for lenge p\u00e5 behandling.&nbsp;&nbsp;&nbsp;<\/p>\n\n\n\n<p>\ud83e\udd15 Sykdom og lange ventetider gj\u00f8r at altfor mange faller ut av arbeid i lange perioder, og noen kommer dessverre ikke tilbake i det hele tatt. Andelen som st\u00e5r utenfor arbeid som f\u00f8lge av sykdom, er n\u00e5 p\u00e5 sitt h\u00f8yeste siden 2010. S\u00e6rlig bekymringsfullt er det at stadig flere unge st\u00e5r helt utenfor arbeid eller utdanning.&nbsp;<\/p>\n\n\n\n<p>\ud83e\udd15 Mange pasienter f\u00f8ler seg maktesl\u00f8se i m\u00f8te med systemet, og opplever \u00e5 ikke f\u00e5 den oppf\u00f8lgingen og behandlingen de har krav p\u00e5. Muskel- og skjelettlidelser, sammen med psykiske plager, er de vanligste \u00e5rsakene til frav\u00e6r fra jobb. De siste \u00e5rene har ventetidene i helsetjenesten \u00f8kt betydelig, og over en kvart million mennesker st\u00e5r n\u00e5 i helsek\u00f8. Dette g\u00e5r utover tilliten til en av verdens beste helsetjenester.<\/p>\n\n<\/div><\/div>\n\n<div class=\"wp-block hoyre-section alignfull has-background is-style-light-green wp-block-hoyre-section\"><div class=\"inner-blocks alignwide\">\n\n<h2 class=\"wp-block-heading\">Dette er H\u00f8yres l\u00f8sning\ud83d\udc4c<\/h2>\n\n\n\n<p>\ud83e\udd15 For \u00e5 unng\u00e5 at folk m\u00e5 sette livene sine p\u00e5 vent mens de st\u00e5r i helsek\u00f8, vil H\u00f8yre ta i bruk alle gode krefter for \u00e5 gj\u00f8re ventetiden kortere. De offentlige sykehusene skal fortsatt v\u00e6re b\u00e6rebjelken, men H\u00f8yre vil ogs\u00e5 ta i bruk private tilbydere for \u00e5 f\u00e5 k\u00f8ene ned. Vi vil at det offentlige skal ta regningen \u2013 ikke du.&nbsp;<\/p>\n\n\n\n<p>\ud83e\udd15 For mange blir g\u00e5ende lenge sykmeldt uten oppf\u00f8lging. H\u00f8yre vil styrke ordninger som kombinerer arbeid og helsehjelp, og s\u00f8rge for at arbeidsgivere f\u00e5r flere insentiver til \u00e5 f\u00f8lge opp sykmeldte.<\/p>\n\n\n\n<p>\ud83e\udd15 Lavterskel psykisk helsehjelp skal bli tilgjengelig i alle kommuner, og det skal bli lettere \u00e5 f\u00e5 raskere behandling for muskel- og skjelettlidelser.<\/p>\n\n\n\n<p>\ud83e\udd15 St\u00f8re-regjeringen har blant annet fjernet arbeidsorientert uf\u00f8retrygd, strammet inn p\u00e5 midlertidige ansettelser, og lagt ned ordninger som hjalp folk tilbake i jobb. Alt dette vil H\u00f8yre gj\u00f8re om p\u00e5.<\/p>\n\n<\/div><\/div>\n\n<div class=\"wp-block hoyre-section alignfull has-background is-style-light-blue wp-block-hoyre-section\"><div class=\"inner-blocks alignwide\">\n\n<h2 class=\"wp-block-heading\"><strong>H\u00f8yres viktigste&nbsp;grep\ud83e\udd1d<\/strong><\/h2>\n\n\n\n<p>\ud83d\udc99 Gi de offentlige sykehusene mer penger&nbsp;for&nbsp;\u00e5 behandle flere pasienter<\/p>\n\n\n\n<p>\ud83d\udc99 Kj\u00f8pe ledig kapasitet hos private og ideelle for \u00e5 f\u00e5 ned helsek\u00f8ene<\/p>\n\n\n\n<p>\ud83d\udc99 Innf\u00f8re fritt behandlingsvalg<\/p>\n\n\n\n<p>\ud83d\udc99&nbsp;Innf\u00f8re nye pakkeforl\u00f8p&nbsp;og gjeninnf\u00f8re Fritt behandlingsvalg<\/p>\n\n\n\n<p>\ud83d\udc99 Etablere&nbsp;et tilbud om&nbsp;lavterskel psykisk helsehjelp i alle kommuner&nbsp;<\/p>\n\n\n\n<p>\ud83d\udc99 Gj\u00f8re graderte sykmeldinger til absolutt hovedregel&nbsp;for alle som kan jobbe noe<\/p>\n\n\n\n<p>\ud83d\udc99 Sikre d\u00f8gn\u00e5pne overgrepsmottak for barn<\/p>\n\n\n\n<p>\ud83d\udc99 Tilby forebyggende hjemmebes\u00f8k med oppf\u00f8lging til alle eldre som \u00f8nsker det<\/p>\n\n<\/div><\/div>\n\n\n<div class=\"wp-block-media-text alignwide is-stacked-on-mobile is-image-fill-element is-style-pale-purple\"><figure class=\"wp-block-media-text__media\"><img loading=\"lazy\" decoding=\"async\" width=\"768\" height=\"1024\" src=\"https:\/\/hoyre.no\/content\/uploads\/sites\/11\/2025\/07\/2-Aleksander-Stokkebo-Foto-Julie-Vold-768x1024.jpg\" alt=\"\" class=\"wp-image-1417 size-full\" style=\"object-position:50% 50%\" srcset=\"https:\/\/hoyre.no\/content\/uploads\/sites\/11\/2025\/07\/2-Aleksander-Stokkebo-Foto-Julie-Vold-768x1024.jpg 768w, https:\/\/hoyre.no\/content\/uploads\/sites\/11\/2025\/07\/2-Aleksander-Stokkebo-Foto-Julie-Vold-225x300.jpg 225w, https:\/\/hoyre.no\/content\/uploads\/sites\/11\/2025\/07\/2-Aleksander-Stokkebo-Foto-Julie-Vold-1152x1536.jpg 1152w, https:\/\/hoyre.no\/content\/uploads\/sites\/11\/2025\/07\/2-Aleksander-Stokkebo-Foto-Julie-Vold.jpg 1500w\" sizes=\"auto, (max-width: 768px) 100vw, 768px\" \/><\/figure><div class=\"wp-block-media-text__content\">\n<h2 class=\"wp-block-heading\"><strong>H\u00f8yres<\/strong>\u00a0helse<strong>l\u00f8fte for raskere behandling<\/strong>\ud83e\udd1d<\/h2>\n\n\n\n<p>Vi m\u00e5 bort fra \u00e5 snakke om den offentlige eller den private helsetjenesten. H\u00f8yre snakker om pasientens helsetjeneste. Der det viktigste er at hjelpen er god, ikke hvem som leverer den, og at den kommer raskere. Derfor vil H\u00f8yre:<\/p>\n\n\n\n<p>\ud83d\udc49 Innf\u00f8re&nbsp;et hurtigspor&nbsp;for&nbsp;pasienter som skal tilbake i jobb.&nbsp;Dersom ventetiden er lang i det offentlige skal pasienten tilbys behandling hos privat akt\u00f8r, p\u00e5 det offentliges regning.<\/p>\n\n\n\n<p>\ud83d\udc49 Ved kj\u00f8p&nbsp;av private behandlingsplasser skal s\u00e6rlig tre tre&nbsp;hovedomr\u00e5der&nbsp;prioriteres: muskel- og skjelettlidelser, psykiske&nbsp;lidelser og kvinnesykdommer.<\/p>\n\n\n\n<p>\ud83d\udc49&nbsp;Innf\u00f8re&nbsp;effektkrav&nbsp;til private&nbsp;akt\u00f8rer som leverer behandling for&nbsp;psykisk&nbsp;sykdom eller&nbsp;sammensatte muskel- og skjelettlidelser.&nbsp;Private skal styres p\u00e5 om folk kommer tilbake i jobb.<\/p>\n\n\n\n<p>\ud83d\udc49 Gi&nbsp;sykehusene bedre betalt n\u00e5r de behandler flere pasienter, for \u00e5 sikre raskere pasientbehandling.<\/p>\n\n\n\n<p>\ud83d\udc49&nbsp;Innf\u00f8re&nbsp;pakkeforl\u00f8p for muskel- og skjelettlidelser. Pasientene skal f\u00e5 tett, helhetlig og koordinert hjelp. Det skal bli slutt p\u00e5 at folk overlates til seg selv i et uoversiktlig system.<\/p>\n\n\n\n<p>\ud83d\udc49 Full utrulling av ny teknologi, digitalisering og kunstig intelligens for \u00e5 sikre bedre oppgavedeling i sykehus.<\/p>\n\n\n\n<p>\ud83d\udc49 Ta \u00e9n arbeidsdag fra administrasjonsarbeid og gi det til direkte pasientrettet arbeid. Helsepersonell skal bruke mer tid sammen med pasienter.<\/p>\n<\/div><\/div>\n\n\n\n<div class=\"wp-block-media-text alignwide has-media-on-the-right is-stacked-on-mobile is-image-fill-element is-style-pale-grey\"><div class=\"wp-block-media-text__content\">\n<h2 class=\"wp-block-heading\">H\u00f8yres l\u00f8fte for psykisk helsehjelp\ud83e\udd1d<\/h2>\n\n\n\n<p>Bedre hjelp for de som sliter med psykisk uhelse har lenge v\u00e6rt en hjertesak for H\u00f8yre. Tall fra FHI viser at andelen voksne som ber om psykisk helsehjelp og f\u00e5r nei, har \u00f8kt med 40 prosent. Derfor vil H\u00f8yre:<\/p>\n\n\n\n<p>\ud83d\udc49 \u00d8ke kapasiteten&nbsp;i&nbsp;d\u00f8gn- og dagbehandling&nbsp;for psykisk syke&nbsp;og rusavhengige.&nbsp;<\/p>\n\n\n\n<p>\ud83d\udc49 Innf\u00f8re&nbsp;rask psykisk helsehjelp i alle kommuner. Dette skal v\u00e6re et lavterskeltilbud man kan opps\u00f8ke uten henvisning fra lege.<\/p>\n\n\n\n<p>\ud83d\udc49 Heve&nbsp;aldersgrensen&nbsp;i psykisk helsevern barn og unge fra 18 til 25 \u00e5r.&nbsp;<\/p>\n\n\n\n<p>\ud83d\udc49&nbsp;\u00d8ke innsatsen&nbsp;mot spiseforstyrrelser, fra forebygging til spesialisert behandling.<\/p>\n\n\n\n<p>\ud83d\udc49 Sikre at alle VGS-elever l\u00e6rer om selvmordsforebygging.<\/p>\n<\/div><figure class=\"wp-block-media-text__media\"><img decoding=\"async\" src=\"https:\/\/hoyre.no\/content\/uploads\/sites\/11\/2025\/07\/4-Sanna-Rana-Foto-Julie-Vold-768x1024.jpg\" alt=\"\" class=\"wp-image-1416 size-full\" style=\"object-position:50% 50%\" \/><\/figure><\/div>\n\n\n\n<div class=\"wp-block-media-text alignwide is-stacked-on-mobile is-image-fill-element is-style-pale-blue\"><figure class=\"wp-block-media-text__media\"><img decoding=\"async\" src=\"https:\/\/hoyre.no\/content\/uploads\/sites\/11\/2025\/06\/Skjermbilde-2025-06-02-kl.-13.49.07.png\" alt=\"\" class=\"wp-image-1402 size-full\" style=\"object-position:50% 50%\" \/><\/figure><div class=\"wp-block-media-text__content\">\n<h2 class=\"wp-block-heading\">H\u00f8yres l\u00f8fte til pasienter med rusavhengighet\ud83e\udd1d<\/h2>\n\n\n\n<p>Tall fra FHI viser at andelen ruspasienter som ber om hjelp til \u00e5 bli rusfri og f\u00e5r nei, har \u00f8kt med 50 prosent. V\u00e5rt l\u00f8fte er at f\u00e6rres skal avvises og f\u00e5 hjelp som faktisk virker. Derfor vil H\u00f8yre:<\/p>\n\n\n\n<p>&nbsp;\ud83d\udc49 Sikre 100 nye rusd\u00f8gnplasser de f\u00f8rste 100 dagene en ny regjering sitter.<\/p>\n\n\n\n<p>\ud83d\udc49 Fjerne&nbsp;taket&nbsp;p\u00e5&nbsp;hvor&nbsp;lang behandlingshjelp en ruspasient&nbsp;kan&nbsp;f\u00e5.<\/p>\n\n\n\n<p>\ud83d\udc49 Gjeninnf\u00f8re&nbsp;Fritt behandlingsvalg&nbsp;<\/p>\n\n\n\n<p>\ud83d\udc49&nbsp;\u00d8ke kapasiteten&nbsp;i&nbsp;d\u00f8gn- og dagbehandling&nbsp;for psykisk syke&nbsp;og rusavhengige.<\/p>\n<\/div><\/div>\n\n\n\n<p><strong>Les ogs\u00e5\ud83d\udc47<\/strong><\/p>\n\n\n\n<div class=\"wp-block-teft-accentuated-link undefined has-image\"><div class=\"kf-link__wrapper\"><div class=\"kf-link__tagline\">Ingen slagord<\/div><a class=\"kf-link__link\" href=\"https:\/\/hoyre.no\/rogaland\/forsvar-og-politi\/\">BARE MER FORSVAR OG POLITI<span class=\"kf-link__link-source\">hoyre.no<\/span><\/a><\/div><figure class=\"hoyre-image-wrapper\"><div class=\"hoyre-image\"><img loading=\"lazy\" decoding=\"async\" width=\"2048\" height=\"1536\" src=\"https:\/\/hoyre.no\/content\/uploads\/sites\/11\/2025\/07\/518344784_1176489637633542_1989398975116609336_n.jpg\" class=\"attachment-scaled size-scaled\" alt=\"\" style=\"object-position: 50% 50%\" srcset=\"https:\/\/hoyre.no\/content\/uploads\/sites\/11\/2025\/07\/518344784_1176489637633542_1989398975116609336_n.jpg 2048w, https:\/\/hoyre.no\/content\/uploads\/sites\/11\/2025\/07\/518344784_1176489637633542_1989398975116609336_n-300x225.jpg 300w, https:\/\/hoyre.no\/content\/uploads\/sites\/11\/2025\/07\/518344784_1176489637633542_1989398975116609336_n-1024x768.jpg 1024w, https:\/\/hoyre.no\/content\/uploads\/sites\/11\/2025\/07\/518344784_1176489637633542_1989398975116609336_n-768x576.jpg 768w, https:\/\/hoyre.no\/content\/uploads\/sites\/11\/2025\/07\/518344784_1176489637633542_1989398975116609336_n-1536x1152.jpg 1536w\" sizes=\"auto, (max-width: 2048px) 100vw, 2048px\" \/><\/div><\/figure><\/div>\n\n\n\n<div class=\"wp-block-teft-accentuated-link undefined has-image\"><div class=\"kf-link__wrapper\"><div class=\"kf-link__tagline\">ingen slagord<\/div><a class=\"kf-link__link\" href=\"https:\/\/hoyre.no\/rogaland\/skole\/\" rel=\"https:\/\/hoyre.no\/rogaland\/skole\/\">BARE MER L\u00c6RING I SKOLEN<span class=\"kf-link__link-source\">hoyre.no<\/span><\/a><\/div><figure class=\"hoyre-image-wrapper\"><div class=\"hoyre-image\"><img loading=\"lazy\" decoding=\"async\" width=\"2048\" height=\"1366\" src=\"https:\/\/hoyre.no\/content\/uploads\/sites\/11\/2025\/07\/514254279_1161918812423958_1263032460586987557_n.jpg\" class=\"attachment-scaled size-scaled\" alt=\"\" style=\"object-position: 50% 50%\" srcset=\"https:\/\/hoyre.no\/content\/uploads\/sites\/11\/2025\/07\/514254279_1161918812423958_1263032460586987557_n.jpg 2048w, https:\/\/hoyre.no\/content\/uploads\/sites\/11\/2025\/07\/514254279_1161918812423958_1263032460586987557_n-300x200.jpg 300w, https:\/\/hoyre.no\/content\/uploads\/sites\/11\/2025\/07\/514254279_1161918812423958_1263032460586987557_n-1024x683.jpg 1024w, https:\/\/hoyre.no\/content\/uploads\/sites\/11\/2025\/07\/514254279_1161918812423958_1263032460586987557_n-768x512.jpg 768w, https:\/\/hoyre.no\/content\/uploads\/sites\/11\/2025\/07\/514254279_1161918812423958_1263032460586987557_n-1536x1025.jpg 1536w\" sizes=\"auto, (max-width: 2048px) 100vw, 2048px\" \/><\/div><\/figure><\/div>\n\n\n\n<div class=\"wp-block-teft-accentuated-link undefined has-image\"><div class=\"kf-link__wrapper\"><div class=\"kf-link__tagline\">ingen slagord<\/div><a class=\"kf-link__link\" href=\"https:\/\/hoyre.no\/rogaland\/skatt\/\">BARE LAVERE SKATT<span class=\"kf-link__link-source\">hoyre.no<\/span><\/a><\/div><figure class=\"hoyre-image-wrapper\"><div class=\"hoyre-image\"><img loading=\"lazy\" decoding=\"async\" width=\"2048\" height=\"1536\" src=\"https:\/\/hoyre.no\/content\/uploads\/sites\/11\/2025\/08\/1751400777434-2.gif\" class=\"attachment-scaled size-scaled\" alt=\"\" style=\"object-position: 50% 50%\" \/><\/div><\/figure><\/div>\n\n\n\n<div class=\"wp-block-teft-accentuated-link undefined has-image\"><div class=\"kf-link__wrapper\"><div class=\"kf-link__tagline\">ingen slagord<\/div><a class=\"kf-link__link\" href=\"https:\/\/hoyre.no\/rogaland\/hovedsaker\/\">BARE VIKTIG H\u00d8YRE-POLITIKK<span class=\"kf-link__link-source\">hoyre.no<\/span><\/a><\/div><figure class=\"hoyre-image-wrapper\"><div class=\"hoyre-image\"><img loading=\"lazy\" decoding=\"async\" width=\"2500\" height=\"1667\" src=\"https:\/\/hoyre.no\/content\/uploads\/sites\/11\/2025\/07\/Topp-4-Foto-Julie-Vold-scaled.jpg\" class=\"attachment-scaled size-scaled\" alt=\"\" style=\"object-position: 50% 50%\" srcset=\"https:\/\/hoyre.no\/content\/uploads\/sites\/11\/2025\/07\/Topp-4-Foto-Julie-Vold-scaled.jpg 2500w, https:\/\/hoyre.no\/content\/uploads\/sites\/11\/2025\/07\/Topp-4-Foto-Julie-Vold-300x200.jpg 300w, https:\/\/hoyre.no\/content\/uploads\/sites\/11\/2025\/07\/Topp-4-Foto-Julie-Vold-1024x683.jpg 1024w, https:\/\/hoyre.no\/content\/uploads\/sites\/11\/2025\/07\/Topp-4-Foto-Julie-Vold-768x512.jpg 768w, https:\/\/hoyre.no\/content\/uploads\/sites\/11\/2025\/07\/Topp-4-Foto-Julie-Vold-1536x1024.jpg 1536w, https:\/\/hoyre.no\/content\/uploads\/sites\/11\/2025\/07\/Topp-4-Foto-Julie-Vold-2048x1365.jpg 2048w\" sizes=\"auto, (max-width: 2500px) 100vw, 2500px\" \/><\/div><\/figure><\/div>\n","protected":false},"excerpt":{"rendered":"<p>H\u00f8yres\u00a0helsel\u00f8fte for raskere behandling\ud83e\udd1d Vi m\u00e5 bort fra \u00e5 snakke om den offentlige eller den private helsetjenesten. H\u00f8yre snakker om pasientens helsetjeneste. Der det viktigste er at hjelpen er god, ikke hvem som leverer den, og at den kommer raskere. Derfor vil H\u00f8yre: \ud83d\udc49 Innf\u00f8re&nbsp;et hurtigspor&nbsp;for&nbsp;pasienter som skal tilbake i jobb.&nbsp;Dersom ventetiden er lang i [&hellip;]<\/p>\n","protected":false},"author":32026,"featured_media":0,"parent":0,"menu_order":0,"comment_status":"closed","ping_status":"closed","template":"","meta":{"teft_cards_image_url":"","teft_cards_custom_pretitle":"","teft_cards_image_id":0,"teft_cards_image_focal_point_x":0,"teft_cards_image_focal_point_y":0,"teft_cards_title":"","teft_cards_excerpt":"","teft_show_chapters":false,"footnotes":""},"class_list":["post-1437","page","type-page","status-publish","hentry"],"yoast_head":"<!-- This site is optimized with the Yoast SEO plugin v26.6 - https:\/\/yoast.com\/wordpress\/plugins\/seo\/ -->\n<title>Ingen slagord - helse - Rogaland H\u00f8yre<\/title>\n<meta name=\"robots\" content=\"index, follow, max-snippet:-1, max-image-preview:large, max-video-preview:-1\" \/>\n<link rel=\"canonical\" href=\"https:\/\/hoyre.no\/rogaland\/helse\/\" \/>\n<meta property=\"og:locale\" content=\"nb_NO\" \/>\n<meta property=\"og:type\" content=\"article\" \/>\n<meta property=\"og:title\" content=\"Ingen slagord - helse - Rogaland H\u00f8yre\" \/>\n<meta property=\"og:description\" content=\"H\u00f8yres\u00a0helsel\u00f8fte for raskere behandling\ud83e\udd1d Vi m\u00e5 bort fra \u00e5 snakke om den offentlige eller den private helsetjenesten. H\u00f8yre snakker om pasientens helsetjeneste. Der det viktigste er at hjelpen er god, ikke hvem som leverer den, og at den kommer raskere. Derfor vil H\u00f8yre: \ud83d\udc49 Innf\u00f8re&nbsp;et hurtigspor&nbsp;for&nbsp;pasienter som skal tilbake i jobb.&nbsp;Dersom ventetiden er lang i [&hellip;]\" \/>\n<meta property=\"og:url\" content=\"https:\/\/hoyre.no\/rogaland\/helse\/\" \/>\n<meta property=\"og:site_name\" content=\"Rogaland H\u00f8yre\" \/>\n<meta property=\"article:modified_time\" content=\"2025-08-05T06:48:53+00:00\" \/>\n<meta property=\"og:image\" content=\"https:\/\/hoyre.no\/content\/uploads\/sites\/11\/2025\/07\/2-Aleksander-Stokkebo-Foto-Julie-Vold-768x1024.jpg\" \/>\n<meta name=\"twitter:card\" content=\"summary_large_image\" \/>\n<meta name=\"twitter:label1\" content=\"Ansl. lesetid\" \/>\n\t<meta name=\"twitter:data1\" content=\"7 minutter\" \/>\n<script type=\"application\/ld+json\" class=\"yoast-schema-graph\">{\"@context\":\"https:\/\/schema.org\",\"@graph\":[{\"@type\":\"WebPage\",\"@id\":\"https:\/\/hoyre.no\/rogaland\/helse\/\",\"url\":\"https:\/\/hoyre.no\/rogaland\/helse\/\",\"name\":\"Ingen slagord - helse - Rogaland H\u00f8yre\",\"isPartOf\":{\"@id\":\"https:\/\/hoyre.no\/rogaland\/#website\"},\"image\":{\"@id\":\"https:\/\/hoyre.no\/rogaland\/helse\/#primaryimage\"},\"thumbnailUrl\":\"https:\/\/hoyre.no\/content\/uploads\/sites\/11\/2025\/07\/2-Aleksander-Stokkebo-Foto-Julie-Vold-768x1024.jpg\",\"datePublished\":\"2025-07-31T12:06:46+00:00\",\"dateModified\":\"2025-08-05T06:48:53+00:00\",\"breadcrumb\":{\"@id\":\"https:\/\/hoyre.no\/rogaland\/helse\/#breadcrumb\"},\"inLanguage\":\"nb-NO\",\"potentialAction\":[{\"@type\":\"ReadAction\",\"target\":[\"https:\/\/hoyre.no\/rogaland\/helse\/\"]}]},{\"@type\":\"ImageObject\",\"inLanguage\":\"nb-NO\",\"@id\":\"https:\/\/hoyre.no\/rogaland\/helse\/#primaryimage\",\"url\":\"https:\/\/hoyre.no\/content\/uploads\/sites\/11\/2025\/07\/2-Aleksander-Stokkebo-Foto-Julie-Vold-768x1024.jpg\",\"contentUrl\":\"https:\/\/hoyre.no\/content\/uploads\/sites\/11\/2025\/07\/2-Aleksander-Stokkebo-Foto-Julie-Vold-768x1024.jpg\"},{\"@type\":\"BreadcrumbList\",\"@id\":\"https:\/\/hoyre.no\/rogaland\/helse\/#breadcrumb\",\"itemListElement\":[{\"@type\":\"ListItem\",\"position\":1,\"name\":\"Til hoyre.no\",\"item\":\"https:\/\/hoyre.no\"},{\"@type\":\"ListItem\",\"position\":2,\"name\":\"Hjem\",\"item\":\"https:\/\/hoyre.no\/rogaland\/\"},{\"@type\":\"ListItem\",\"position\":3,\"name\":\"Ingen slagord &#8211; helse\"}]},{\"@type\":\"WebSite\",\"@id\":\"https:\/\/hoyre.no\/rogaland\/#website\",\"url\":\"https:\/\/hoyre.no\/rogaland\/\",\"name\":\"Rogaland H\u00f8yre\",\"description\":\"Bare enda et H\u00f8yres nettsteder-nettsted\",\"inLanguage\":\"nb-NO\"}]}<\/script>\n<!-- \/ Yoast SEO plugin. -->","yoast_head_json":{"title":"Ingen slagord - helse - Rogaland H\u00f8yre","robots":{"index":"index","follow":"follow","max-snippet":"max-snippet:-1","max-image-preview":"max-image-preview:large","max-video-preview":"max-video-preview:-1"},"canonical":"https:\/\/hoyre.no\/rogaland\/helse\/","og_locale":"nb_NO","og_type":"article","og_title":"Ingen slagord - helse - Rogaland H\u00f8yre","og_description":"H\u00f8yres\u00a0helsel\u00f8fte for raskere behandling\ud83e\udd1d Vi m\u00e5 bort fra \u00e5 snakke om den offentlige eller den private helsetjenesten. H\u00f8yre snakker om pasientens helsetjeneste. Der det viktigste er at hjelpen er god, ikke hvem som leverer den, og at den kommer raskere. Derfor vil H\u00f8yre: \ud83d\udc49 Innf\u00f8re&nbsp;et hurtigspor&nbsp;for&nbsp;pasienter som skal tilbake i jobb.&nbsp;Dersom ventetiden er lang i [&hellip;]","og_url":"https:\/\/hoyre.no\/rogaland\/helse\/","og_site_name":"Rogaland H\u00f8yre","article_modified_time":"2025-08-05T06:48:53+00:00","og_image":[{"url":"https:\/\/hoyre.no\/content\/uploads\/sites\/11\/2025\/07\/2-Aleksander-Stokkebo-Foto-Julie-Vold-768x1024.jpg","type":"","width":"","height":""}],"twitter_card":"summary_large_image","twitter_misc":{"Ansl. lesetid":"7 minutter"},"schema":{"@context":"https:\/\/schema.org","@graph":[{"@type":"WebPage","@id":"https:\/\/hoyre.no\/rogaland\/helse\/","url":"https:\/\/hoyre.no\/rogaland\/helse\/","name":"Ingen slagord - helse - Rogaland H\u00f8yre","isPartOf":{"@id":"https:\/\/hoyre.no\/rogaland\/#website"},"image":{"@id":"https:\/\/hoyre.no\/rogaland\/helse\/#primaryimage"},"thumbnailUrl":"https:\/\/hoyre.no\/content\/uploads\/sites\/11\/2025\/07\/2-Aleksander-Stokkebo-Foto-Julie-Vold-768x1024.jpg","datePublished":"2025-07-31T12:06:46+00:00","dateModified":"2025-08-05T06:48:53+00:00","breadcrumb":{"@id":"https:\/\/hoyre.no\/rogaland\/helse\/#breadcrumb"},"inLanguage":"nb-NO","potentialAction":[{"@type":"ReadAction","target":["https:\/\/hoyre.no\/rogaland\/helse\/"]}]},{"@type":"ImageObject","inLanguage":"nb-NO","@id":"https:\/\/hoyre.no\/rogaland\/helse\/#primaryimage","url":"https:\/\/hoyre.no\/content\/uploads\/sites\/11\/2025\/07\/2-Aleksander-Stokkebo-Foto-Julie-Vold-768x1024.jpg","contentUrl":"https:\/\/hoyre.no\/content\/uploads\/sites\/11\/2025\/07\/2-Aleksander-Stokkebo-Foto-Julie-Vold-768x1024.jpg"},{"@type":"BreadcrumbList","@id":"https:\/\/hoyre.no\/rogaland\/helse\/#breadcrumb","itemListElement":[{"@type":"ListItem","position":1,"name":"Til hoyre.no","item":"https:\/\/hoyre.no"},{"@type":"ListItem","position":2,"name":"Hjem","item":"https:\/\/hoyre.no\/rogaland\/"},{"@type":"ListItem","position":3,"name":"Ingen slagord &#8211; helse"}]},{"@type":"WebSite","@id":"https:\/\/hoyre.no\/rogaland\/#website","url":"https:\/\/hoyre.no\/rogaland\/","name":"Rogaland H\u00f8yre","description":"Bare enda et H\u00f8yres nettsteder-nettsted","inLanguage":"nb-NO"}]}},"distributor_meta":false,"distributor_terms":false,"distributor_media":false,"distributor_original_site_name":"Rogaland H\u00f8yre","distributor_original_site_url":"https:\/\/hoyre.no\/rogaland","push-errors":false,"_links":{"self":[{"href":"https:\/\/hoyre.no\/rogaland\/wp-json\/wp\/v2\/pages\/1437","targetHints":{"allow":["GET"]}}],"collection":[{"href":"https:\/\/hoyre.no\/rogaland\/wp-json\/wp\/v2\/pages"}],"about":[{"href":"https:\/\/hoyre.no\/rogaland\/wp-json\/wp\/v2\/types\/page"}],"author":[{"embeddable":true,"href":"https:\/\/hoyre.no\/rogaland\/wp-json\/wp\/v2\/users\/32026"}],"replies":[{"embeddable":true,"href":"https:\/\/hoyre.no\/rogaland\/wp-json\/wp\/v2\/comments?post=1437"}],"version-history":[{"count":14,"href":"https:\/\/hoyre.no\/rogaland\/wp-json\/wp\/v2\/pages\/1437\/revisions"}],"predecessor-version":[{"id":1546,"href":"https:\/\/hoyre.no\/rogaland\/wp-json\/wp\/v2\/pages\/1437\/revisions\/1546"}],"wp:attachment":[{"href":"https:\/\/hoyre.no\/rogaland\/wp-json\/wp\/v2\/media?parent=1437"}],"curies":[{"name":"wp","href":"https:\/\/api.w.org\/{rel}","templated":true}]}}