{"id":1441,"date":"2025-07-31T14:07:15","date_gmt":"2025-07-31T12:07:15","guid":{"rendered":"https:\/\/hoyre.no\/rogaland\/?page_id=1441"},"modified":"2025-08-02T11:47:00","modified_gmt":"2025-08-02T09:47:00","slug":"skatt","status":"publish","type":"page","link":"https:\/\/hoyre.no\/rogaland\/skatt\/","title":{"rendered":"Ingen slagord &#8211; skatt"},"content":{"rendered":"\n<div class=\"wp-block-hoyre-hero with-image-gradient text-color-light  has-media alignfull has-background\"><div class=\"hoyre-hero has-image\"><h1 class=\"title\">Lavere skatter for alle<\/h1><p class=\"preamble\">H\u00f8yre vil gj\u00f8re det enklere \u00e5 skape mer, og at du<br>skal f\u00e5 beholde mer av det du tjener.<\/p>\t\t\t<div class=\"post-meta wp-block teft-byline-wrapper\">\n\t\t\t\t<div class=\"top\">\n\t\t\t\t\t<div class=\"signature\">\n\t\t\t\t\t\t<div class=\"teft-byline\">\n\t\t\t\t\t\t\t\t\t\t\t\t\t\t<div>\n\t\t\t\t\t\t\t\t<h3>H\u00f8yres redaksjon<\/h3>\t\t\t\t\t\t\t\t\n\t\t\t\t\t\t\t\t\t\t\t\t\t\t\t\t\t<span class=\"date\">Sist oppdatert: 2. august 2025<\/span>\n\t\t\t\t\t\t\t\t\t\t\t\t\t\t\t\t\t\t\t\t\t\t\t\t\t<span class=\"reading-time\" itemprop=\"timeRequired\" content=\"PT5M\"><em>Ca. 5 minutter lesetid<\/em><\/span>\n\t\t\t\t\t\t\t\t\t\t\t\t\t\t\t<\/div>\n\t\t\t\t\t\t<\/div>\n\t\t\t\t\t<\/div>\n\t\t\t\t\t\t<div class=\"sharing\">\n\t\t<a class=\"share-button share-link copy-link\" data-copy=\"https:\/\/hoyre.no\/rogaland\/skatt\/\" target=\"_blank\"><span class=\"screen-reader-text\">Del link<\/span><\/a>\n\t\t<a class=\"share-button share-twitter\" href=\"http:\/\/twitter.com\/share?text=Ingen slagord &#8211; skatt&#038;url=https:\/\/hoyre.no\/rogaland\/skatt\/&#038;hashtags=Hoyre\" target=\"_blank\"><span class=\"screen-reader-text\">Del p\u00e5 twitter<\/span><\/a>\n\t\t<a class=\"share-button share-facebook\" href=\"https:\/\/www.facebook.com\/sharer\/sharer.php?u=https:\/\/hoyre.no\/rogaland\/skatt\/\" target=\"_blank\"><span class=\"screen-reader-text\">Del p\u00e5 facebook<\/span><\/a>\n\t<\/div>\n\t\t\t\t\t<\/div>\n\t\t\t<\/div>\n\n\t\t\t<figure class=\"hoyre-image-wrapper\"><div class=\"hoyre-image\"><img loading=\"lazy\" decoding=\"async\" width=\"2048\" height=\"1536\" src=\"https:\/\/hoyre.no\/content\/uploads\/sites\/11\/2025\/08\/1751400777434-2.gif\" class=\"attachment-scaled size-scaled\" alt=\"\" style=\"object-position: 56.00000000000001% 41%\" \/><\/div><\/figure><\/div><\/div>\n\n\n\n\n<p>Skal vi bli sterkere, m\u00e5 vi l\u00f8fte verdiskapningen i Rogaland. Det er n\u00e5 vi legger grunnlaget for hva Norge skal leve av i morgen. H\u00f8yre vil gj\u00f8re Norge til et av verdens beste land \u00e5 starte og drive bedrift i.<\/p>\n\n\n\n<p>Vi vil senke skatter, forenkle byr\u00e5kratiet, f\u00e5 fart p\u00e5 veibyggingen og bringe tilbake forutsigbarheten. Skattene skal bli betydelig lavere for alle. Det m\u00e5 l\u00f8nne seg \u00e5 jobbe, og gj\u00f8re en ekstra innsats. <\/p>\n\n\n\n<p>H\u00f8yre vil at du skal beholde mer av egne penger. Det er du som vet best hva du trenger \u00e5 bruke pengene dine p\u00e5. Enten det er \u00e5 spare til din f\u00f8rste leilighet, kj\u00f8pe nye kl\u00e6r til barna eller endelig sette litt til side.&nbsp;H\u00f8yres skattel\u00f8fte er at folk i jobb skal f\u00e5 en skattelette p\u00e5 1000 kroner i m\u00e5neden. For en familie med to voksne betyr dette 24.000 kroner ekstra \u00e5 rutte med i \u00e5ret. I tillegg vil vi ha null skatt p\u00e5 l\u00f8nn under 150.000 kroner.<\/p>\n\n\n\n<div class=\"wp-block hoyre-section alignfull has-background wp-block-hoyre-section\"><div class=\"inner-blocks alignwide\">\n\n<h2 class=\"wp-block-heading\">Dette er problemet\ud83d\udc47<\/h2>\n\n\n\n<p>\ud83d\udcb0 Altfor mange nordmenn sliter med \u00e5 f\u00e5 endene til \u00e5 m\u00f8tes, og folk har f\u00e5tt d\u00e5rligere r\u00e5d de siste \u00e5rene. Matprisene har \u00f8kt, boligl\u00e5net er dyrere og leieprisene er rekordh\u00f8ye. For en vanlig barnefamilie har kostnadene \u00f8kt med&nbsp;<a href=\"https:\/\/oda.oslomet.no\/oda-xmlui\/bitstream\/handle\/11250\/3161601\/SIFO-notat%205-2024%20Det%20er%20sluttsummen%20p%C3%A5%20kassalappen%20du%20betaler.pdf?sequence=1&amp;isAllowed=y\">over 100.000 kroner i \u00e5ret<\/a>&nbsp;siden 2021. Det er n\u00e6rmere 10.000 kroner hver m\u00e5ned, etter skatt! \u202fDet st\u00f8rste \u00f8konomiske klasseskillet i Norge g\u00e5r fremdeles mellom dem som eier egen bolig, og dem som ikke gj\u00f8r det.&nbsp;<\/p>\n\n\n\n<p>\ud83d\udcb0 De siste \u00e5rene har ogs\u00e5 veksten i \u00f8konomien bremset opp. Siden 2021 har den totale skatteregningen \u00f8kt med 120 milliarder kroner. Gr\u00fcndere og bedriftseiere flytter fra Norge, investeringene i n\u00e6ringslivet faller og det store flertallet av de som har kommet i jobb det siste \u00e5ret, har f\u00e5tt jobb i offentlig sektor.\u202f\u202f&nbsp;<\/p>\n\n<\/div><\/div>\n\n<div class=\"wp-block hoyre-section alignfull has-background is-style-light-green wp-block-hoyre-section\"><div class=\"inner-blocks alignwide\">\n\n<h2 class=\"wp-block-heading\">Dette er H\u00f8yres l\u00f8sning\ud83d\udc4c<\/h2>\n\n\n\n<p>\ud83d\udcb0 H\u00f8yre mener at morgendagens velferd avhenger av verdiene vi som samfunn skaper i dag. Skal Norge v\u00e6re Norge ogs\u00e5 i fremtiden, m\u00e5 vi f\u00e5 til store l\u00f8ft i verdiskapingen v\u00e5r. Norge skal lede an, ikke sakke akterut, i kampen om de klokeste hodene og beste ideene.&nbsp;<\/p>\n\n\n\n<p>\ud83d\udcb0 N\u00e5r bedrifter vokser, ansetter og tjener penger, skaper de st\u00f8rre verdier til fellesskapet. Derfor trenger vi flere gr\u00fcndere og folk som t\u00f8r \u00e5 satse. Og vi trenger dem her, ikke i Sveits. Gjennom lokalt eierskap av norske arbeidsplasser, bygger vi ogs\u00e5 sterke lokalsamfunn. Da m\u00e5 skattene ned, investeringslysten&nbsp;og forutsigbarheten&nbsp;opp. Og&nbsp;vi&nbsp;m\u00e5 sl\u00e5 ring om E\u00d8S-avtalen, som H\u00f8yre er den fremste forsvareren av.<\/p>\n\n\n\n<p>\ud83d\udcb0 Samtidig som det private n\u00e6ringslivet sliter mer enn f\u00f8r, vokser offentlig sektor. I Norge bruker vi mer penger p\u00e5 offentlig sektor enn v\u00e5re naboland, men vi f\u00e5r ikke bedre resultater: Skolen er ikke bedre, helsek\u00f8ene er for lange og gatene er ikke tryggere.\u202f\u202fDet vil H\u00f8yre gj\u00f8re noe med.<\/p>\n\n<\/div><\/div>\n\n<div class=\"wp-block hoyre-section alignfull has-background is-style-light-blue wp-block-hoyre-section\"><div class=\"inner-blocks alignwide\">\n\n<h2 class=\"wp-block-heading\"><strong>H\u00f8yres viktigste&nbsp;<\/strong>grep\ud83e\udd1d<\/h2>\n\n\n\n<p>\ud83d\udc99 Gi betydelige skattelettelser til&nbsp;folk, uansett om du tjener lite eller mye<\/p>\n\n\n\n<p>\ud83d\udc99 Gj\u00f8re det gunstigere&nbsp;for&nbsp;unge&nbsp;\u00e5 spare til egen bolig<\/p>\n\n\n\n<p>\ud83d\udc99 Senke skattene for n\u00e6ringslivet&nbsp;til et niv\u00e5 som gj\u00f8r Norge attraktivt igjen<\/p>\n\n\n\n<p>\ud83d\udc99 Kutte i str\u00f8mregningen for folk og n\u00e6ringsliv i Rogaland<\/p>\n\n<\/div><\/div>\n\n\n<div class=\"wp-block-media-text alignwide is-stacked-on-mobile is-image-fill-element is-style-pale-purple\"><figure class=\"wp-block-media-text__media\"><img loading=\"lazy\" decoding=\"async\" width=\"768\" height=\"1024\" src=\"https:\/\/hoyre.no\/content\/uploads\/sites\/11\/2025\/07\/1-Margret-Hagerup_1-Foto-Julie-Vold-1-1-768x1024.jpg\" alt=\"\" class=\"wp-image-1418 size-full\" style=\"object-position:50% 50%\" srcset=\"https:\/\/hoyre.no\/content\/uploads\/sites\/11\/2025\/07\/1-Margret-Hagerup_1-Foto-Julie-Vold-1-1-768x1024.jpg 768w, https:\/\/hoyre.no\/content\/uploads\/sites\/11\/2025\/07\/1-Margret-Hagerup_1-Foto-Julie-Vold-1-1-225x300.jpg 225w, https:\/\/hoyre.no\/content\/uploads\/sites\/11\/2025\/07\/1-Margret-Hagerup_1-Foto-Julie-Vold-1-1-1152x1536.jpg 1152w, https:\/\/hoyre.no\/content\/uploads\/sites\/11\/2025\/07\/1-Margret-Hagerup_1-Foto-Julie-Vold-1-1.jpg 1500w\" sizes=\"auto, (max-width: 768px) 100vw, 768px\" \/><\/figure><div class=\"wp-block-media-text__content\">\n<p><strong>H\u00f8yres skattel\u00f8fte til folk\ud83e\udd1d<\/strong><\/p>\n\n\n\n<p>H\u00f8yres skattel\u00f8fte er at alle som jobber skal f\u00e5 1000 kroner mindre i skatt hver m\u00e5ned. For et par eller en familie betyr det 24.000 kroner mer i \u00e5ret. Skatteletten kommer b\u00e5de fra et nytt jobbfradrag og lavere skatt p\u00e5 all inntekt.<\/p>\n\n\n\n<h4 class=\"wp-block-heading\" id=\"h-grepene-som-skal-styrke-folks-privatokonomi\"><strong>Grepene som skal styrke folks privat\u00f8konomi:<\/strong><\/h4>\n\n\n\n<p>\ud83d\udcb010.000 kroner lavere skatt fra nytt jobbfradrag<\/p>\n\n\n\n<p>\ud83d\udcb0Minst 2000 kroner lavere skatt fra \u00f8kt personfradrag<\/p>\n\n\n\n<p>\ud83d\udcb0Null skatt p\u00e5 l\u00f8nn under 150.000 kroner<\/p>\n\n\n\n<p>\ud83d\udff0<strong>&nbsp;<\/strong>Fullt innfaset utgj\u00f8r skatteletten for folk 36,5 milliarder&nbsp;kroner.<\/p>\n<\/div><\/div>\n\n\n\n<div class=\"wp-block-media-text alignwide has-media-on-the-right is-stacked-on-mobile is-image-fill-element is-style-pale-grey\"><div class=\"wp-block-media-text__content\">\n<p><strong>H\u00f8yres skattel\u00f8fte til bedrifter\ud83e\udd1d<\/strong><\/p>\n\n\n\n<p>H\u00f8yres skattel\u00f8fte til bedriftene er \u00e5 fjerne formuesskatten p\u00e5 norske arbeidsplasser s\u00e5 raskt som mulig. Det alene vil gi 21 milliarder kroner i lavere skatt for norske bedrifter og eiere.<\/p>\n\n\n\n<h4 class=\"wp-block-heading\" id=\"h-grepene-som-skal-gjore-norge-til-verdens-beste-land-a-drive-bedrift-nbsp-i-nbsp\"><strong>Grepene som skal gj\u00f8re Norge til verdens beste land \u00e5 drive bedrift&nbsp;i:&nbsp;<\/strong><\/h4>\n\n\n\n<p>\ud83d\udcb0Null formuesskatt p\u00e5 norske arbeidsplasser<\/p>\n\n\n\n<p>\ud83d\udcb0Reformere exit-skatten for \u00e5 lokke talent, investorer og verdiskapere tilbake til Norge<\/p>\n\n\n\n<p>\ud83d\udcb0Senke og forenkle havbruksskatten<\/p>\n\n\n\n<p>\ud83d\udcb0Vi vil forenkle st\u00f8tteordningene, kutte byr\u00e5krati og gj\u00f8re det lettere for private \u00e5 investere i nye bedrifter<\/p>\n\n\n\n<p>\ud83d\udff0 Fullt innfaset utgj\u00f8r skatteletten for norske bedrifter og eiere 22,2 milliarder kroner.<strong><br><\/strong><\/p>\n<\/div><figure class=\"wp-block-media-text__media\"><img loading=\"lazy\" decoding=\"async\" width=\"565\" height=\"844\" src=\"https:\/\/hoyre.no\/content\/uploads\/sites\/11\/2025\/07\/image.png\" alt=\"\" class=\"wp-image-1501 size-full\" style=\"object-position:50% 50%\" srcset=\"https:\/\/hoyre.no\/content\/uploads\/sites\/11\/2025\/07\/image.png 565w, https:\/\/hoyre.no\/content\/uploads\/sites\/11\/2025\/07\/image-201x300.png 201w\" sizes=\"auto, (max-width: 565px) 100vw, 565px\" \/><\/figure><\/div>\n\n\n\n<p><strong>Les ogs\u00e5\ud83d\udc47<\/strong><\/p>\n\n\n\n<div class=\"wp-block-teft-accentuated-link undefined has-image\"><div class=\"kf-link__wrapper\"><div class=\"kf-link__tagline\">Ingen slagord<\/div><a class=\"kf-link__link\" href=\"https:\/\/hoyre.no\/rogaland\/forsvar-og-politi\/\">BARE MER FORSVAR OG POLITI<span class=\"kf-link__link-source\">hoyre.no<\/span><\/a><\/div><figure class=\"hoyre-image-wrapper\"><div class=\"hoyre-image\"><img loading=\"lazy\" decoding=\"async\" width=\"2048\" height=\"1536\" src=\"https:\/\/hoyre.no\/content\/uploads\/sites\/11\/2025\/07\/518344784_1176489637633542_1989398975116609336_n.jpg\" class=\"attachment-scaled size-scaled\" alt=\"\" style=\"object-position: 50% 50%\" srcset=\"https:\/\/hoyre.no\/content\/uploads\/sites\/11\/2025\/07\/518344784_1176489637633542_1989398975116609336_n.jpg 2048w, https:\/\/hoyre.no\/content\/uploads\/sites\/11\/2025\/07\/518344784_1176489637633542_1989398975116609336_n-300x225.jpg 300w, https:\/\/hoyre.no\/content\/uploads\/sites\/11\/2025\/07\/518344784_1176489637633542_1989398975116609336_n-1024x768.jpg 1024w, https:\/\/hoyre.no\/content\/uploads\/sites\/11\/2025\/07\/518344784_1176489637633542_1989398975116609336_n-768x576.jpg 768w, https:\/\/hoyre.no\/content\/uploads\/sites\/11\/2025\/07\/518344784_1176489637633542_1989398975116609336_n-1536x1152.jpg 1536w\" sizes=\"auto, (max-width: 2048px) 100vw, 2048px\" \/><\/div><\/figure><\/div>\n\n\n\n<div class=\"wp-block-teft-accentuated-link undefined has-image\"><div class=\"kf-link__wrapper\"><div class=\"kf-link__tagline\">Ingen slagord<\/div><a class=\"kf-link__link\" href=\"https:\/\/hoyre.no\/rogaland\/skole\/\">BARE MER L\u00c6RING I SKOLEN<span class=\"kf-link__link-source\">hoyre.no<\/span><\/a><\/div><figure class=\"hoyre-image-wrapper\"><div class=\"hoyre-image\"><img loading=\"lazy\" decoding=\"async\" width=\"2048\" height=\"1366\" src=\"https:\/\/hoyre.no\/content\/uploads\/sites\/11\/2025\/07\/514254279_1161918812423958_1263032460586987557_n.jpg\" class=\"attachment-scaled size-scaled\" alt=\"\" style=\"object-position: 50% 50%\" srcset=\"https:\/\/hoyre.no\/content\/uploads\/sites\/11\/2025\/07\/514254279_1161918812423958_1263032460586987557_n.jpg 2048w, https:\/\/hoyre.no\/content\/uploads\/sites\/11\/2025\/07\/514254279_1161918812423958_1263032460586987557_n-300x200.jpg 300w, https:\/\/hoyre.no\/content\/uploads\/sites\/11\/2025\/07\/514254279_1161918812423958_1263032460586987557_n-1024x683.jpg 1024w, https:\/\/hoyre.no\/content\/uploads\/sites\/11\/2025\/07\/514254279_1161918812423958_1263032460586987557_n-768x512.jpg 768w, https:\/\/hoyre.no\/content\/uploads\/sites\/11\/2025\/07\/514254279_1161918812423958_1263032460586987557_n-1536x1025.jpg 1536w\" sizes=\"auto, (max-width: 2048px) 100vw, 2048px\" \/><\/div><\/figure><\/div>\n\n\n\n<div class=\"wp-block-teft-accentuated-link undefined has-image\"><div class=\"kf-link__wrapper\"><div class=\"kf-link__tagline\">Ingen slagord<\/div><a class=\"kf-link__link\" href=\"https:\/\/hoyre.no\/rogaland\/helse\/\">BARE RASKERE BEHANDLING<span class=\"kf-link__link-source\">hoyre.no<\/span><\/a><\/div><figure class=\"hoyre-image-wrapper\"><div class=\"hoyre-image\"><img loading=\"lazy\" decoding=\"async\" width=\"2500\" height=\"1667\" src=\"https:\/\/hoyre.no\/content\/uploads\/sites\/11\/2025\/07\/GettyImages-1188432151-scaled.jpg\" class=\"attachment-scaled size-scaled\" alt=\"\" style=\"object-position: 50% 50%\" srcset=\"https:\/\/hoyre.no\/content\/uploads\/sites\/11\/2025\/07\/GettyImages-1188432151-scaled.jpg 2500w, https:\/\/hoyre.no\/content\/uploads\/sites\/11\/2025\/07\/GettyImages-1188432151-300x200.jpg 300w, https:\/\/hoyre.no\/content\/uploads\/sites\/11\/2025\/07\/GettyImages-1188432151-1024x683.jpg 1024w, https:\/\/hoyre.no\/content\/uploads\/sites\/11\/2025\/07\/GettyImages-1188432151-768x512.jpg 768w, https:\/\/hoyre.no\/content\/uploads\/sites\/11\/2025\/07\/GettyImages-1188432151-1536x1024.jpg 1536w, https:\/\/hoyre.no\/content\/uploads\/sites\/11\/2025\/07\/GettyImages-1188432151-2048x1365.jpg 2048w\" sizes=\"auto, (max-width: 2500px) 100vw, 2500px\" \/><\/div><\/figure><\/div>\n\n\n\n<div class=\"wp-block-teft-accentuated-link undefined has-image\"><div class=\"kf-link__wrapper\"><div class=\"kf-link__tagline\">Ingen slagord<\/div><a class=\"kf-link__link\" href=\"https:\/\/hoyre.no\/rogaland\/hovedsaker\/\">BARE VIKTIG H\u00d8YRE-POLITIKK<span class=\"kf-link__link-source\">hoyre.no<\/span><\/a><\/div><figure class=\"hoyre-image-wrapper\"><div class=\"hoyre-image\"><img loading=\"lazy\" decoding=\"async\" width=\"2500\" height=\"1667\" src=\"https:\/\/hoyre.no\/content\/uploads\/sites\/11\/2025\/07\/Topp-4-Foto-Julie-Vold-scaled.jpg\" class=\"attachment-scaled size-scaled\" alt=\"\" style=\"object-position: 50% 50%\" srcset=\"https:\/\/hoyre.no\/content\/uploads\/sites\/11\/2025\/07\/Topp-4-Foto-Julie-Vold-scaled.jpg 2500w, https:\/\/hoyre.no\/content\/uploads\/sites\/11\/2025\/07\/Topp-4-Foto-Julie-Vold-300x200.jpg 300w, https:\/\/hoyre.no\/content\/uploads\/sites\/11\/2025\/07\/Topp-4-Foto-Julie-Vold-1024x683.jpg 1024w, https:\/\/hoyre.no\/content\/uploads\/sites\/11\/2025\/07\/Topp-4-Foto-Julie-Vold-768x512.jpg 768w, https:\/\/hoyre.no\/content\/uploads\/sites\/11\/2025\/07\/Topp-4-Foto-Julie-Vold-1536x1024.jpg 1536w, https:\/\/hoyre.no\/content\/uploads\/sites\/11\/2025\/07\/Topp-4-Foto-Julie-Vold-2048x1365.jpg 2048w\" sizes=\"auto, (max-width: 2500px) 100vw, 2500px\" \/><\/div><\/figure><\/div>\n\n\n\n<p><\/p>\n","protected":false},"excerpt":{"rendered":"<p>H\u00f8yres skattel\u00f8fte til folk\ud83e\udd1d H\u00f8yres skattel\u00f8fte er at alle som jobber skal f\u00e5 1000 kroner mindre i skatt hver m\u00e5ned. For et par eller en familie betyr det 24.000 kroner mer i \u00e5ret. Skatteletten kommer b\u00e5de fra et nytt jobbfradrag og lavere skatt p\u00e5 all inntekt. Grepene som skal styrke folks privat\u00f8konomi: \ud83d\udcb010.000 kroner lavere [&hellip;]<\/p>\n","protected":false},"author":32026,"featured_media":0,"parent":0,"menu_order":0,"comment_status":"closed","ping_status":"closed","template":"","meta":{"teft_cards_image_url":"","teft_cards_custom_pretitle":"","teft_cards_image_id":0,"teft_cards_image_focal_point_x":0,"teft_cards_image_focal_point_y":0,"teft_cards_title":"","teft_cards_excerpt":"","teft_show_chapters":false,"footnotes":""},"class_list":["post-1441","page","type-page","status-publish","hentry"],"yoast_head":"<!-- This site is optimized with the Yoast SEO plugin v26.6 - https:\/\/yoast.com\/wordpress\/plugins\/seo\/ -->\n<title>Ingen slagord - skatt - Rogaland H\u00f8yre<\/title>\n<meta name=\"robots\" content=\"index, follow, max-snippet:-1, max-image-preview:large, max-video-preview:-1\" \/>\n<link rel=\"canonical\" href=\"https:\/\/hoyre.no\/rogaland\/skatt\/\" \/>\n<meta property=\"og:locale\" content=\"nb_NO\" \/>\n<meta property=\"og:type\" content=\"article\" \/>\n<meta property=\"og:title\" content=\"Ingen slagord - skatt - Rogaland H\u00f8yre\" \/>\n<meta property=\"og:description\" content=\"H\u00f8yres skattel\u00f8fte til folk\ud83e\udd1d H\u00f8yres skattel\u00f8fte er at alle som jobber skal f\u00e5 1000 kroner mindre i skatt hver m\u00e5ned. For et par eller en familie betyr det 24.000 kroner mer i \u00e5ret. Skatteletten kommer b\u00e5de fra et nytt jobbfradrag og lavere skatt p\u00e5 all inntekt. Grepene som skal styrke folks privat\u00f8konomi: \ud83d\udcb010.000 kroner lavere [&hellip;]\" \/>\n<meta property=\"og:url\" content=\"https:\/\/hoyre.no\/rogaland\/skatt\/\" \/>\n<meta property=\"og:site_name\" content=\"Rogaland H\u00f8yre\" \/>\n<meta property=\"article:modified_time\" content=\"2025-08-02T09:47:00+00:00\" \/>\n<meta property=\"og:image\" content=\"https:\/\/hoyre.no\/content\/uploads\/sites\/11\/2025\/07\/1-Margret-Hagerup_1-Foto-Julie-Vold-1-1-768x1024.jpg\" \/>\n<meta name=\"twitter:card\" content=\"summary_large_image\" \/>\n<meta name=\"twitter:label1\" content=\"Ansl. lesetid\" \/>\n\t<meta name=\"twitter:data1\" content=\"5 minutter\" \/>\n<script type=\"application\/ld+json\" class=\"yoast-schema-graph\">{\"@context\":\"https:\/\/schema.org\",\"@graph\":[{\"@type\":\"WebPage\",\"@id\":\"https:\/\/hoyre.no\/rogaland\/skatt\/\",\"url\":\"https:\/\/hoyre.no\/rogaland\/skatt\/\",\"name\":\"Ingen slagord - skatt - Rogaland H\u00f8yre\",\"isPartOf\":{\"@id\":\"https:\/\/hoyre.no\/rogaland\/#website\"},\"image\":{\"@id\":\"https:\/\/hoyre.no\/rogaland\/skatt\/#primaryimage\"},\"thumbnailUrl\":\"https:\/\/hoyre.no\/content\/uploads\/sites\/11\/2025\/07\/1-Margret-Hagerup_1-Foto-Julie-Vold-1-1-768x1024.jpg\",\"datePublished\":\"2025-07-31T12:07:15+00:00\",\"dateModified\":\"2025-08-02T09:47:00+00:00\",\"breadcrumb\":{\"@id\":\"https:\/\/hoyre.no\/rogaland\/skatt\/#breadcrumb\"},\"inLanguage\":\"nb-NO\",\"potentialAction\":[{\"@type\":\"ReadAction\",\"target\":[\"https:\/\/hoyre.no\/rogaland\/skatt\/\"]}]},{\"@type\":\"ImageObject\",\"inLanguage\":\"nb-NO\",\"@id\":\"https:\/\/hoyre.no\/rogaland\/skatt\/#primaryimage\",\"url\":\"https:\/\/hoyre.no\/content\/uploads\/sites\/11\/2025\/07\/1-Margret-Hagerup_1-Foto-Julie-Vold-1-1-768x1024.jpg\",\"contentUrl\":\"https:\/\/hoyre.no\/content\/uploads\/sites\/11\/2025\/07\/1-Margret-Hagerup_1-Foto-Julie-Vold-1-1-768x1024.jpg\"},{\"@type\":\"BreadcrumbList\",\"@id\":\"https:\/\/hoyre.no\/rogaland\/skatt\/#breadcrumb\",\"itemListElement\":[{\"@type\":\"ListItem\",\"position\":1,\"name\":\"Til hoyre.no\",\"item\":\"https:\/\/hoyre.no\"},{\"@type\":\"ListItem\",\"position\":2,\"name\":\"Hjem\",\"item\":\"https:\/\/hoyre.no\/rogaland\/\"},{\"@type\":\"ListItem\",\"position\":3,\"name\":\"Ingen slagord &#8211; skatt\"}]},{\"@type\":\"WebSite\",\"@id\":\"https:\/\/hoyre.no\/rogaland\/#website\",\"url\":\"https:\/\/hoyre.no\/rogaland\/\",\"name\":\"Rogaland H\u00f8yre\",\"description\":\"Bare enda et H\u00f8yres nettsteder-nettsted\",\"inLanguage\":\"nb-NO\"}]}<\/script>\n<!-- \/ Yoast SEO plugin. -->","yoast_head_json":{"title":"Ingen slagord - skatt - Rogaland H\u00f8yre","robots":{"index":"index","follow":"follow","max-snippet":"max-snippet:-1","max-image-preview":"max-image-preview:large","max-video-preview":"max-video-preview:-1"},"canonical":"https:\/\/hoyre.no\/rogaland\/skatt\/","og_locale":"nb_NO","og_type":"article","og_title":"Ingen slagord - skatt - Rogaland H\u00f8yre","og_description":"H\u00f8yres skattel\u00f8fte til folk\ud83e\udd1d H\u00f8yres skattel\u00f8fte er at alle som jobber skal f\u00e5 1000 kroner mindre i skatt hver m\u00e5ned. For et par eller en familie betyr det 24.000 kroner mer i \u00e5ret. Skatteletten kommer b\u00e5de fra et nytt jobbfradrag og lavere skatt p\u00e5 all inntekt. Grepene som skal styrke folks privat\u00f8konomi: \ud83d\udcb010.000 kroner lavere [&hellip;]","og_url":"https:\/\/hoyre.no\/rogaland\/skatt\/","og_site_name":"Rogaland H\u00f8yre","article_modified_time":"2025-08-02T09:47:00+00:00","og_image":[{"url":"https:\/\/hoyre.no\/content\/uploads\/sites\/11\/2025\/07\/1-Margret-Hagerup_1-Foto-Julie-Vold-1-1-768x1024.jpg","type":"","width":"","height":""}],"twitter_card":"summary_large_image","twitter_misc":{"Ansl. lesetid":"5 minutter"},"schema":{"@context":"https:\/\/schema.org","@graph":[{"@type":"WebPage","@id":"https:\/\/hoyre.no\/rogaland\/skatt\/","url":"https:\/\/hoyre.no\/rogaland\/skatt\/","name":"Ingen slagord - skatt - Rogaland H\u00f8yre","isPartOf":{"@id":"https:\/\/hoyre.no\/rogaland\/#website"},"image":{"@id":"https:\/\/hoyre.no\/rogaland\/skatt\/#primaryimage"},"thumbnailUrl":"https:\/\/hoyre.no\/content\/uploads\/sites\/11\/2025\/07\/1-Margret-Hagerup_1-Foto-Julie-Vold-1-1-768x1024.jpg","datePublished":"2025-07-31T12:07:15+00:00","dateModified":"2025-08-02T09:47:00+00:00","breadcrumb":{"@id":"https:\/\/hoyre.no\/rogaland\/skatt\/#breadcrumb"},"inLanguage":"nb-NO","potentialAction":[{"@type":"ReadAction","target":["https:\/\/hoyre.no\/rogaland\/skatt\/"]}]},{"@type":"ImageObject","inLanguage":"nb-NO","@id":"https:\/\/hoyre.no\/rogaland\/skatt\/#primaryimage","url":"https:\/\/hoyre.no\/content\/uploads\/sites\/11\/2025\/07\/1-Margret-Hagerup_1-Foto-Julie-Vold-1-1-768x1024.jpg","contentUrl":"https:\/\/hoyre.no\/content\/uploads\/sites\/11\/2025\/07\/1-Margret-Hagerup_1-Foto-Julie-Vold-1-1-768x1024.jpg"},{"@type":"BreadcrumbList","@id":"https:\/\/hoyre.no\/rogaland\/skatt\/#breadcrumb","itemListElement":[{"@type":"ListItem","position":1,"name":"Til hoyre.no","item":"https:\/\/hoyre.no"},{"@type":"ListItem","position":2,"name":"Hjem","item":"https:\/\/hoyre.no\/rogaland\/"},{"@type":"ListItem","position":3,"name":"Ingen slagord &#8211; skatt"}]},{"@type":"WebSite","@id":"https:\/\/hoyre.no\/rogaland\/#website","url":"https:\/\/hoyre.no\/rogaland\/","name":"Rogaland H\u00f8yre","description":"Bare enda et H\u00f8yres nettsteder-nettsted","inLanguage":"nb-NO"}]}},"distributor_meta":false,"distributor_terms":false,"distributor_media":false,"distributor_original_site_name":"Rogaland H\u00f8yre","distributor_original_site_url":"https:\/\/hoyre.no\/rogaland","push-errors":false,"_links":{"self":[{"href":"https:\/\/hoyre.no\/rogaland\/wp-json\/wp\/v2\/pages\/1441","targetHints":{"allow":["GET"]}}],"collection":[{"href":"https:\/\/hoyre.no\/rogaland\/wp-json\/wp\/v2\/pages"}],"about":[{"href":"https:\/\/hoyre.no\/rogaland\/wp-json\/wp\/v2\/types\/page"}],"author":[{"embeddable":true,"href":"https:\/\/hoyre.no\/rogaland\/wp-json\/wp\/v2\/users\/32026"}],"replies":[{"embeddable":true,"href":"https:\/\/hoyre.no\/rogaland\/wp-json\/wp\/v2\/comments?post=1441"}],"version-history":[{"count":13,"href":"https:\/\/hoyre.no\/rogaland\/wp-json\/wp\/v2\/pages\/1441\/revisions"}],"predecessor-version":[{"id":1532,"href":"https:\/\/hoyre.no\/rogaland\/wp-json\/wp\/v2\/pages\/1441\/revisions\/1532"}],"wp:attachment":[{"href":"https:\/\/hoyre.no\/rogaland\/wp-json\/wp\/v2\/media?parent=1441"}],"curies":[{"name":"wp","href":"https:\/\/api.w.org\/{rel}","templated":true}]}}