{"id":1444,"date":"2025-07-31T14:07:37","date_gmt":"2025-07-31T12:07:37","guid":{"rendered":"https:\/\/hoyre.no\/rogaland\/?page_id=1444"},"modified":"2025-08-02T11:47:28","modified_gmt":"2025-08-02T09:47:28","slug":"skole","status":"publish","type":"page","link":"https:\/\/hoyre.no\/rogaland\/skole\/","title":{"rendered":"Ingen slagord &#8211; skole"},"content":{"rendered":"\n<div class=\"wp-block-hoyre-hero with-image-gradient text-color-light  has-media alignfull has-background\"><div class=\"hoyre-hero has-image\"><h1 class=\"title\">Mer l\u00e6ring i skolen<\/h1><p class=\"preamble\">H\u00f8yre vil at skolen skal se den enkelte elev og forst\u00e5 at barn l\u00e6rer ulikt. Vi vil gjenreise respekten for l\u00e6reren og f\u00e5 disiplinen tilbake i klasserommet.<\/p>\t\t\t<div class=\"post-meta wp-block teft-byline-wrapper\">\n\t\t\t\t<div class=\"top\">\n\t\t\t\t\t<div class=\"signature\">\n\t\t\t\t\t\t<div class=\"teft-byline\">\n\t\t\t\t\t\t\t\t\t\t\t\t\t\t<div>\n\t\t\t\t\t\t\t\t<h3>H\u00f8yres redaksjon<\/h3>\t\t\t\t\t\t\t\t\n\t\t\t\t\t\t\t\t\t\t\t\t\t\t\t\t\t<span class=\"date\">Sist oppdatert: 2. august 2025<\/span>\n\t\t\t\t\t\t\t\t\t\t\t\t\t\t\t\t\t\t\t\t\t\t\t\t\t<span class=\"reading-time\" itemprop=\"timeRequired\" content=\"PT5M\"><em>Ca. 5 minutter lesetid<\/em><\/span>\n\t\t\t\t\t\t\t\t\t\t\t\t\t\t\t<\/div>\n\t\t\t\t\t\t<\/div>\n\t\t\t\t\t<\/div>\n\t\t\t\t\t\t<div class=\"sharing\">\n\t\t<a class=\"share-button share-link copy-link\" data-copy=\"https:\/\/hoyre.no\/rogaland\/skole\/\" target=\"_blank\"><span class=\"screen-reader-text\">Del link<\/span><\/a>\n\t\t<a class=\"share-button share-twitter\" href=\"http:\/\/twitter.com\/share?text=Ingen slagord &#8211; skole&#038;url=https:\/\/hoyre.no\/rogaland\/skole\/&#038;hashtags=Hoyre\" target=\"_blank\"><span class=\"screen-reader-text\">Del p\u00e5 twitter<\/span><\/a>\n\t\t<a class=\"share-button share-facebook\" href=\"https:\/\/www.facebook.com\/sharer\/sharer.php?u=https:\/\/hoyre.no\/rogaland\/skole\/\" target=\"_blank\"><span class=\"screen-reader-text\">Del p\u00e5 facebook<\/span><\/a>\n\t<\/div>\n\t\t\t\t\t<\/div>\n\t\t\t<\/div>\n\n\t\t\t<figure class=\"hoyre-image-wrapper\"><div class=\"hoyre-image\"><img loading=\"lazy\" decoding=\"async\" width=\"2048\" height=\"1366\" src=\"https:\/\/hoyre.no\/content\/uploads\/sites\/11\/2025\/07\/514254279_1161918812423958_1263032460586987557_n.jpg\" class=\"attachment-scaled size-scaled\" alt=\"\" style=\"object-position: 50% 14.000000000000002%\" srcset=\"https:\/\/hoyre.no\/content\/uploads\/sites\/11\/2025\/07\/514254279_1161918812423958_1263032460586987557_n.jpg 2048w, https:\/\/hoyre.no\/content\/uploads\/sites\/11\/2025\/07\/514254279_1161918812423958_1263032460586987557_n-300x200.jpg 300w, https:\/\/hoyre.no\/content\/uploads\/sites\/11\/2025\/07\/514254279_1161918812423958_1263032460586987557_n-1024x683.jpg 1024w, https:\/\/hoyre.no\/content\/uploads\/sites\/11\/2025\/07\/514254279_1161918812423958_1263032460586987557_n-768x512.jpg 768w, https:\/\/hoyre.no\/content\/uploads\/sites\/11\/2025\/07\/514254279_1161918812423958_1263032460586987557_n-1536x1025.jpg 1536w\" sizes=\"auto, (max-width: 2048px) 100vw, 2048px\" \/><\/div><\/figure><\/div><\/div>\n\n\n\n\n<p>En god barndom varer livet ut, og skolen er n\u00f8kkelen for \u00e5 sikre like muligheter for alle. H\u00f8yre vil styrke skolen, se hver enkelt elev og fokusere p\u00e5 \u00e5 l\u00e6re elevene grunnleggende ferdigheter som \u00e5 lese, skrive og regne skikkelig. <\/p>\n\n\n\n<p>Grunnleggende ferdigheter \u00e5pner d\u00f8rene for all videre l\u00e6ring, og legger grunnlaget for at alle kan delta aktivt i jobb og samfunnet senere i livet. En god skole er den beste investeringen vi kan gj\u00f8re i fremtiden. <\/p>\n\n\n\n<div class=\"wp-block hoyre-section alignfull has-background wp-block-hoyre-section\"><div class=\"inner-blocks alignwide\">\n\n<h2 class=\"wp-block-heading\">Dette er problemet\ud83d\udc47<\/h2>\n\n\n\n<p>\ud83c\udfeb Resultatene i skolen g\u00e5r n\u00e5 feil vei. I dag g\u00e5r over 15.000 unge ut av skolen hvert \u00e5r uten \u00e5 kunne lese skikkelig. 1 av 3 elever sliter med b\u00e5de lesing og regning. Norske elever presterer d\u00e5rligere i lesing, matte og naturfag, og avstanden mellom de sterkeste og svakeste elevene \u00f8ker.<\/p>\n\n\n\n<p>\ud83c\udfeb Allerede p\u00e5 barneskolen vet vi ofte hvem som risikerer \u00e5 droppe ut. Likevel klarer vi ikke \u00e5 hjelpe dem godt nok. 1 av 6 elever fullf\u00f8rer ikke videreg\u00e5ende skole.<\/p>\n\n\n\n<p>\ud83c\udfeb Det er store utfordringer med uro, vold og br\u00e5k i skolen. Frav\u00e6ret \u00f8ker, flere blir mobbet, og digitale forstyrrelser gj\u00f8r det vanskeligere \u00e5 l\u00e6re.<\/p>\n\n\n\n<p>\ud83c\udfeb St\u00f8re-regjeringen har svekket kravene til l\u00e6rernes kompetanse og prioritert skolebygg fremfor innhold og l\u00e6ring.<\/p>\n\n<\/div><\/div>\n\n<div class=\"wp-block hoyre-section alignfull has-background is-style-light-green wp-block-hoyre-section\"><div class=\"inner-blocks alignwide\">\n\n<h2 class=\"wp-block-heading\">Dette er H\u00f8yres l\u00f8sning\ud83d\udc4c<\/h2>\n\n\n\n<p>\ud83c\udfeb Skolen m\u00e5 se hver enkelt elev og sikre at alle f\u00e5r tilpasset undervisning. Tidlig innsats og oppf\u00f8lging av elever som sliter er avgj\u00f8rende for at de skal henge med.<\/p>\n\n\n\n<p>\ud83c\udfeb Vi m\u00e5 styrke l\u00e6rernes kompetanse og anerkjenne den viktige rollen de har i klasserommet. L\u00e6reren m\u00e5 f\u00e5 tid til \u00e5 v\u00e6re l\u00e6rer.<\/p>\n\n\n\n<p>\ud83c\udfeb Uro og br\u00e5k m\u00e5 bort. Skolen m\u00e5 v\u00e6re et sted for l\u00e6ring, og vi m\u00e5 ha tydelige krav til disiplin og oppf\u00f8rsel i klasserommet.<\/p>\n\n\n\n<p>\ud83c\udfeb For \u00e5 l\u00f8fte kvaliteten p\u00e5 undervisningen m\u00e5 vi innf\u00f8re mer niv\u00e5delt undervisning i kortere perioder, styrke grunnleggende ferdigheter og s\u00f8rge for at ingen blir hengende etter.<\/p>\n\n\n\n<p>\ud83c\udfeb Vi m\u00e5 l\u00e6re barna v\u00e5re mer, og f\u00f8lge opp skoler og elever som sliter tidlig i skolel\u00f8pet slik at problemene ikke f\u00e5r vokse seg store. De fleste elever som mestrer skolen, trives p\u00e5 skolen.<\/p>\n\n<\/div><\/div>\n\n<div class=\"wp-block hoyre-section alignfull has-background is-style-light-blue wp-block-hoyre-section\"><div class=\"inner-blocks alignwide\">\n\n<h2 class=\"wp-block-heading\"><strong>H\u00f8yres viktigste&nbsp;<\/strong>grep\ud83e\udd1d<\/h2>\n\n\n\n<p>\ud83d\udc99 Ansette flere yrkesgrupper i skolen for \u00e5 gi l\u00e6reren tid til \u00e5 v\u00e6re l\u00e6rer<\/p>\n\n\n\n<p>\ud83d\udc99 Gjenreise respekten for l\u00e6reren og heve l\u00e6rernes kompetanse<\/p>\n\n\n\n<p>\ud83d\udc99 Mer niv\u00e5delt undervisning i kortere perioder av gangen<\/p>\n\n\n\n<p>\ud83d\udc99 Innf\u00f8re tidlige kartleggingspr\u00f8ver og intensivoppl\u00e6ring til elever som henger etter<\/p>\n\n\n\n<p>\ud83d\udc99 F\u00e5 disiplinen inn i klasserommet og mobiltelefonen ut<\/p>\n\n<\/div><\/div>\n\n\n<div class=\"wp-block-media-text alignwide is-stacked-on-mobile is-image-fill-element is-style-pale-purple\"><figure class=\"wp-block-media-text__media\"><img loading=\"lazy\" decoding=\"async\" width=\"768\" height=\"1024\" src=\"https:\/\/hoyre.no\/content\/uploads\/sites\/11\/2025\/07\/1-Margret-Hagerup_3-Foto-Julie-Vold-1-1-768x1024.jpg\" alt=\"\" class=\"wp-image-1414 size-full\" style=\"object-position:51% 38%\" srcset=\"https:\/\/hoyre.no\/content\/uploads\/sites\/11\/2025\/07\/1-Margret-Hagerup_3-Foto-Julie-Vold-1-1-768x1024.jpg 768w, https:\/\/hoyre.no\/content\/uploads\/sites\/11\/2025\/07\/1-Margret-Hagerup_3-Foto-Julie-Vold-1-1-225x300.jpg 225w, https:\/\/hoyre.no\/content\/uploads\/sites\/11\/2025\/07\/1-Margret-Hagerup_3-Foto-Julie-Vold-1-1-1152x1536.jpg 1152w, https:\/\/hoyre.no\/content\/uploads\/sites\/11\/2025\/07\/1-Margret-Hagerup_3-Foto-Julie-Vold-1-1.jpg 1500w\" sizes=\"auto, (max-width: 768px) 100vw, 768px\" \/><\/figure><div class=\"wp-block-media-text__content\">\n<p><strong>\ud83d\udc69\u200d\ud83c\udf93H\u00f8yres l\u00e6ringsl\u00f8fte: Slik skal alle barn skal l\u00e6re seg \u00e5 lese, skrive og regne<\/strong><\/p>\n\n\n\n<p>\ud83d\udcda&nbsp;Veksle \u00e9n time SFO inn i \u00e9n time skole hver dag p\u00e5 sm\u00e5trinnet. Ekstra tid med en kvalifisert l\u00e6rer gir bedre tid til \u00e5 gj\u00f8re skolen mer praktisk, og jobbe med lesing og regning. Starte med 1. trinn og trappe gradvis opp.<\/p>\n\n\n\n<p>\ud83d\udcda&nbsp;Ansette flere yrkesgrupper i skolen for \u00e5 avlaste l\u00e6rerne slik at de kan bruke tid p\u00e5 undervisning og v\u00e6re sjefen i klasserommet<\/p>\n\n\n\n<p>\ud83d\udcda&nbsp;Sikre at lesing, skriving og regning prioriteres i alle fag<\/p>\n\n\n\n<p>\ud83d\udcda&nbsp;Garantere&nbsp;ekstra hjelp til elever som strever med lesing, skriving og regning p\u00e5 alle niv\u00e5er<\/p>\n\n\n\n<p>\ud83d\udcda I kommuner hvor skoleresultatene er d\u00e5rlige over tid, skal staten inn og hjelpe<\/p>\n\n\n\n<p>\ud83d\udcda V\u00e6re garantisten for kartleggingspr\u00f8ver, nasjonale pr\u00f8ver, lekser og karakterer<\/p>\n\n\n\n<p>\ud83d\udcda&nbsp;Den lovfestede retten til tilpasset oppl\u00e6ring skal bedres gjennom \u00f8kt bruk av niv\u00e5deling<\/p>\n\n\n\n<p>\ud83d\udcda&nbsp;Alle elever skal kunne ta fag p\u00e5 et h\u00f8yere niv\u00e5, og skolen skal ha en plan for elever med h\u00f8yt l\u00e6ringspotensial<\/p>\n\n\n\n<p>\ud83d\udcda Lage en 10-\u00e5rs plan for \u00e5 styrke realfag i skolen \u2013 b\u00e5de for \u00e5 heve elevenes ferdigheter og f\u00e5 flere til \u00e5 velge real- og teknologifag. Vi vil blant annet innf\u00f8re \u00e9n ekstra time naturfag i uka p\u00e5 ungdomsskolen og opprette flere talentsentre i realfag<\/p>\n<\/div><\/div>\n\n\n\n<div class=\"wp-block-media-text alignwide has-media-on-the-right is-stacked-on-mobile is-image-fill-element is-style-pale-grey\"><div class=\"wp-block-media-text__content\">\n<p><strong>\ud83e\uddd1\u200d\ud83c\udf93H\u00f8yres ordensl\u00f8fte: Slik skal det bli mer ro og disiplin i klasserommet<\/strong><\/p>\n\n\n\n<p>\ud83c\udfeb&nbsp;&nbsp;Fjerne hinder i taushetsplikten slik at politi, barnevern og myndigheter kan dele informasjon om elever som er relevant for skolen<\/p>\n\n\n\n<p>\ud83c\udfeb&nbsp;Gi alle som jobber i skolen s\u00e6rskilt vern mot vold og trusler&nbsp;<\/p>\n\n\n\n<p>\ud83c\udfeb&nbsp;Senke terskelen for \u00e5 sende elever ut av skolen og inn p\u00e5 alternative oppl\u00e6ringsarenaer<\/p>\n\n\n\n<p>\ud83c\udfeb&nbsp;&nbsp;Foreldre skal f\u00e5 SMS-varsling n\u00e5r barnet ikke m\u00f8ter p\u00e5 skolen<\/p>\n\n\n\n<p>\ud83c\udfeb&nbsp;&nbsp;Skolelunsjen skal v\u00e6re skjermf<\/p>\n<\/div><figure class=\"wp-block-media-text__media\"><img loading=\"lazy\" decoding=\"async\" width=\"1024\" height=\"683\" src=\"https:\/\/hoyre.no\/content\/uploads\/sites\/11\/2025\/07\/3-Lasse-Fredheim_1-Foto-Julie-Vold-1024x683.jpg\" alt=\"\" class=\"wp-image-1510 size-full\" style=\"object-position:88% 97%\" srcset=\"https:\/\/hoyre.no\/content\/uploads\/sites\/11\/2025\/07\/3-Lasse-Fredheim_1-Foto-Julie-Vold-1024x683.jpg 1024w, https:\/\/hoyre.no\/content\/uploads\/sites\/11\/2025\/07\/3-Lasse-Fredheim_1-Foto-Julie-Vold-300x200.jpg 300w, https:\/\/hoyre.no\/content\/uploads\/sites\/11\/2025\/07\/3-Lasse-Fredheim_1-Foto-Julie-Vold-768x512.jpg 768w, https:\/\/hoyre.no\/content\/uploads\/sites\/11\/2025\/07\/3-Lasse-Fredheim_1-Foto-Julie-Vold-1536x1024.jpg 1536w, https:\/\/hoyre.no\/content\/uploads\/sites\/11\/2025\/07\/3-Lasse-Fredheim_1-Foto-Julie-Vold-2048x1365.jpg 2048w\" sizes=\"auto, (max-width: 1024px) 100vw, 1024px\" \/><\/figure><\/div>\n\n\n\n<p>Les ogs\u00e5\ud83d\udc47<\/p>\n\n\n\n<div class=\"wp-block-teft-accentuated-link undefined has-image\"><div class=\"kf-link__wrapper\"><div class=\"kf-link__tagline\">ingen slagord<\/div><a class=\"kf-link__link\" href=\"https:\/\/hoyre.no\/rogaland\/helse\/\">BARE RASKERE BEHANDLING<span class=\"kf-link__link-source\">hoyre.no<\/span><\/a><\/div><figure class=\"hoyre-image-wrapper\"><div class=\"hoyre-image\"><img loading=\"lazy\" decoding=\"async\" width=\"2500\" height=\"1667\" src=\"https:\/\/hoyre.no\/content\/uploads\/sites\/11\/2025\/07\/GettyImages-1188432151-scaled.jpg\" class=\"attachment-scaled size-scaled\" alt=\"\" style=\"object-position: 50% 50%\" srcset=\"https:\/\/hoyre.no\/content\/uploads\/sites\/11\/2025\/07\/GettyImages-1188432151-scaled.jpg 2500w, https:\/\/hoyre.no\/content\/uploads\/sites\/11\/2025\/07\/GettyImages-1188432151-300x200.jpg 300w, https:\/\/hoyre.no\/content\/uploads\/sites\/11\/2025\/07\/GettyImages-1188432151-1024x683.jpg 1024w, https:\/\/hoyre.no\/content\/uploads\/sites\/11\/2025\/07\/GettyImages-1188432151-768x512.jpg 768w, https:\/\/hoyre.no\/content\/uploads\/sites\/11\/2025\/07\/GettyImages-1188432151-1536x1024.jpg 1536w, https:\/\/hoyre.no\/content\/uploads\/sites\/11\/2025\/07\/GettyImages-1188432151-2048x1365.jpg 2048w\" sizes=\"auto, (max-width: 2500px) 100vw, 2500px\" \/><\/div><\/figure><\/div>\n\n\n\n<div class=\"wp-block-teft-accentuated-link undefined has-image\"><div class=\"kf-link__wrapper\"><div class=\"kf-link__tagline\">ingen slagord<\/div><a class=\"kf-link__link\" href=\"https:\/\/hoyre.no\/rogaland\/forsvar-og-politi\/\">BARE MER FORSVAR OG POLITI<span class=\"kf-link__link-source\">hoyre.no<\/span><\/a><\/div><figure class=\"hoyre-image-wrapper\"><div class=\"hoyre-image\"><img loading=\"lazy\" decoding=\"async\" width=\"2048\" height=\"1536\" src=\"https:\/\/hoyre.no\/content\/uploads\/sites\/11\/2025\/07\/518344784_1176489637633542_1989398975116609336_n.jpg\" class=\"attachment-scaled size-scaled\" alt=\"\" style=\"object-position: 50% 50%\" srcset=\"https:\/\/hoyre.no\/content\/uploads\/sites\/11\/2025\/07\/518344784_1176489637633542_1989398975116609336_n.jpg 2048w, https:\/\/hoyre.no\/content\/uploads\/sites\/11\/2025\/07\/518344784_1176489637633542_1989398975116609336_n-300x225.jpg 300w, https:\/\/hoyre.no\/content\/uploads\/sites\/11\/2025\/07\/518344784_1176489637633542_1989398975116609336_n-1024x768.jpg 1024w, https:\/\/hoyre.no\/content\/uploads\/sites\/11\/2025\/07\/518344784_1176489637633542_1989398975116609336_n-768x576.jpg 768w, https:\/\/hoyre.no\/content\/uploads\/sites\/11\/2025\/07\/518344784_1176489637633542_1989398975116609336_n-1536x1152.jpg 1536w\" sizes=\"auto, (max-width: 2048px) 100vw, 2048px\" \/><\/div><\/figure><\/div>\n\n\n\n<div class=\"wp-block-teft-accentuated-link undefined has-image\"><div class=\"kf-link__wrapper\"><div class=\"kf-link__tagline\">ingen slagord<\/div><a class=\"kf-link__link\" href=\"https:\/\/hoyre.no\/rogaland\/skatt\/\">BARE LAVERE SKATT<span class=\"kf-link__link-source\">hoyre.no<\/span><\/a><\/div><figure class=\"hoyre-image-wrapper\"><div class=\"hoyre-image\"><img loading=\"lazy\" decoding=\"async\" width=\"2048\" height=\"1536\" src=\"https:\/\/hoyre.no\/content\/uploads\/sites\/11\/2025\/08\/1751400777434-2.gif\" class=\"attachment-scaled size-scaled\" alt=\"\" style=\"object-position: 50% 50%\" \/><\/div><\/figure><\/div>\n\n\n\n<div class=\"wp-block-teft-accentuated-link undefined has-image\"><div class=\"kf-link__wrapper\"><div class=\"kf-link__tagline\">ingen slagord<\/div><a class=\"kf-link__link\" href=\"https:\/\/hoyre.no\/rogaland\/hovedsaker\/\">BARE VIKTIG H\u00d8YRE-POLITIKK<span class=\"kf-link__link-source\">hoyre.no<\/span><\/a><\/div><figure class=\"hoyre-image-wrapper\"><div class=\"hoyre-image\"><img loading=\"lazy\" decoding=\"async\" width=\"2500\" height=\"1667\" src=\"https:\/\/hoyre.no\/content\/uploads\/sites\/11\/2025\/07\/Topp-4-Foto-Julie-Vold-scaled.jpg\" class=\"attachment-scaled size-scaled\" alt=\"\" style=\"object-position: 50% 50%\" srcset=\"https:\/\/hoyre.no\/content\/uploads\/sites\/11\/2025\/07\/Topp-4-Foto-Julie-Vold-scaled.jpg 2500w, https:\/\/hoyre.no\/content\/uploads\/sites\/11\/2025\/07\/Topp-4-Foto-Julie-Vold-300x200.jpg 300w, https:\/\/hoyre.no\/content\/uploads\/sites\/11\/2025\/07\/Topp-4-Foto-Julie-Vold-1024x683.jpg 1024w, https:\/\/hoyre.no\/content\/uploads\/sites\/11\/2025\/07\/Topp-4-Foto-Julie-Vold-768x512.jpg 768w, https:\/\/hoyre.no\/content\/uploads\/sites\/11\/2025\/07\/Topp-4-Foto-Julie-Vold-1536x1024.jpg 1536w, https:\/\/hoyre.no\/content\/uploads\/sites\/11\/2025\/07\/Topp-4-Foto-Julie-Vold-2048x1365.jpg 2048w\" sizes=\"auto, (max-width: 2500px) 100vw, 2500px\" \/><\/div><\/figure><\/div>\n","protected":false},"excerpt":{"rendered":"<p>\ud83d\udc69\u200d\ud83c\udf93H\u00f8yres l\u00e6ringsl\u00f8fte: Slik skal alle barn skal l\u00e6re seg \u00e5 lese, skrive og regne \ud83d\udcda&nbsp;Veksle \u00e9n time SFO inn i \u00e9n time skole hver dag p\u00e5 sm\u00e5trinnet. Ekstra tid med en kvalifisert l\u00e6rer gir bedre tid til \u00e5 gj\u00f8re skolen mer praktisk, og jobbe med lesing og regning. Starte med 1. trinn og trappe gradvis [&hellip;]<\/p>\n","protected":false},"author":32026,"featured_media":0,"parent":0,"menu_order":0,"comment_status":"closed","ping_status":"closed","template":"","meta":{"teft_cards_image_url":"","teft_cards_custom_pretitle":"","teft_cards_image_id":0,"teft_cards_image_focal_point_x":0,"teft_cards_image_focal_point_y":0,"teft_cards_title":"","teft_cards_excerpt":"","teft_show_chapters":false,"footnotes":""},"class_list":["post-1444","page","type-page","status-publish","hentry"],"yoast_head":"<!-- This site is optimized with the Yoast SEO plugin v26.6 - https:\/\/yoast.com\/wordpress\/plugins\/seo\/ -->\n<title>Ingen slagord - skole - Rogaland H\u00f8yre<\/title>\n<meta name=\"robots\" content=\"index, follow, max-snippet:-1, max-image-preview:large, max-video-preview:-1\" \/>\n<link rel=\"canonical\" href=\"https:\/\/hoyre.no\/rogaland\/skole\/\" \/>\n<meta property=\"og:locale\" content=\"nb_NO\" \/>\n<meta property=\"og:type\" content=\"article\" \/>\n<meta property=\"og:title\" content=\"Ingen slagord - skole - Rogaland H\u00f8yre\" \/>\n<meta property=\"og:description\" content=\"\ud83d\udc69\u200d\ud83c\udf93H\u00f8yres l\u00e6ringsl\u00f8fte: Slik skal alle barn skal l\u00e6re seg \u00e5 lese, skrive og regne \ud83d\udcda&nbsp;Veksle \u00e9n time SFO inn i \u00e9n time skole hver dag p\u00e5 sm\u00e5trinnet. Ekstra tid med en kvalifisert l\u00e6rer gir bedre tid til \u00e5 gj\u00f8re skolen mer praktisk, og jobbe med lesing og regning. Starte med 1. trinn og trappe gradvis [&hellip;]\" \/>\n<meta property=\"og:url\" content=\"https:\/\/hoyre.no\/rogaland\/skole\/\" \/>\n<meta property=\"og:site_name\" content=\"Rogaland H\u00f8yre\" \/>\n<meta property=\"article:modified_time\" content=\"2025-08-02T09:47:28+00:00\" \/>\n<meta property=\"og:image\" content=\"https:\/\/hoyre.no\/content\/uploads\/sites\/11\/2025\/07\/1-Margret-Hagerup_3-Foto-Julie-Vold-1-1-768x1024.jpg\" \/>\n<meta name=\"twitter:card\" content=\"summary_large_image\" \/>\n<meta name=\"twitter:label1\" content=\"Ansl. lesetid\" \/>\n\t<meta name=\"twitter:data1\" content=\"5 minutter\" \/>\n<script type=\"application\/ld+json\" class=\"yoast-schema-graph\">{\"@context\":\"https:\/\/schema.org\",\"@graph\":[{\"@type\":\"WebPage\",\"@id\":\"https:\/\/hoyre.no\/rogaland\/skole\/\",\"url\":\"https:\/\/hoyre.no\/rogaland\/skole\/\",\"name\":\"Ingen slagord - skole - Rogaland H\u00f8yre\",\"isPartOf\":{\"@id\":\"https:\/\/hoyre.no\/rogaland\/#website\"},\"image\":{\"@id\":\"https:\/\/hoyre.no\/rogaland\/skole\/#primaryimage\"},\"thumbnailUrl\":\"https:\/\/hoyre.no\/content\/uploads\/sites\/11\/2025\/07\/1-Margret-Hagerup_3-Foto-Julie-Vold-1-1-768x1024.jpg\",\"datePublished\":\"2025-07-31T12:07:37+00:00\",\"dateModified\":\"2025-08-02T09:47:28+00:00\",\"breadcrumb\":{\"@id\":\"https:\/\/hoyre.no\/rogaland\/skole\/#breadcrumb\"},\"inLanguage\":\"nb-NO\",\"potentialAction\":[{\"@type\":\"ReadAction\",\"target\":[\"https:\/\/hoyre.no\/rogaland\/skole\/\"]}]},{\"@type\":\"ImageObject\",\"inLanguage\":\"nb-NO\",\"@id\":\"https:\/\/hoyre.no\/rogaland\/skole\/#primaryimage\",\"url\":\"https:\/\/hoyre.no\/content\/uploads\/sites\/11\/2025\/07\/1-Margret-Hagerup_3-Foto-Julie-Vold-1-1-768x1024.jpg\",\"contentUrl\":\"https:\/\/hoyre.no\/content\/uploads\/sites\/11\/2025\/07\/1-Margret-Hagerup_3-Foto-Julie-Vold-1-1-768x1024.jpg\"},{\"@type\":\"BreadcrumbList\",\"@id\":\"https:\/\/hoyre.no\/rogaland\/skole\/#breadcrumb\",\"itemListElement\":[{\"@type\":\"ListItem\",\"position\":1,\"name\":\"Til hoyre.no\",\"item\":\"https:\/\/hoyre.no\"},{\"@type\":\"ListItem\",\"position\":2,\"name\":\"Hjem\",\"item\":\"https:\/\/hoyre.no\/rogaland\/\"},{\"@type\":\"ListItem\",\"position\":3,\"name\":\"Ingen slagord &#8211; skole\"}]},{\"@type\":\"WebSite\",\"@id\":\"https:\/\/hoyre.no\/rogaland\/#website\",\"url\":\"https:\/\/hoyre.no\/rogaland\/\",\"name\":\"Rogaland H\u00f8yre\",\"description\":\"Bare enda et H\u00f8yres nettsteder-nettsted\",\"inLanguage\":\"nb-NO\"}]}<\/script>\n<!-- \/ Yoast SEO plugin. -->","yoast_head_json":{"title":"Ingen slagord - skole - Rogaland H\u00f8yre","robots":{"index":"index","follow":"follow","max-snippet":"max-snippet:-1","max-image-preview":"max-image-preview:large","max-video-preview":"max-video-preview:-1"},"canonical":"https:\/\/hoyre.no\/rogaland\/skole\/","og_locale":"nb_NO","og_type":"article","og_title":"Ingen slagord - skole - Rogaland H\u00f8yre","og_description":"\ud83d\udc69\u200d\ud83c\udf93H\u00f8yres l\u00e6ringsl\u00f8fte: Slik skal alle barn skal l\u00e6re seg \u00e5 lese, skrive og regne \ud83d\udcda&nbsp;Veksle \u00e9n time SFO inn i \u00e9n time skole hver dag p\u00e5 sm\u00e5trinnet. Ekstra tid med en kvalifisert l\u00e6rer gir bedre tid til \u00e5 gj\u00f8re skolen mer praktisk, og jobbe med lesing og regning. Starte med 1. trinn og trappe gradvis [&hellip;]","og_url":"https:\/\/hoyre.no\/rogaland\/skole\/","og_site_name":"Rogaland H\u00f8yre","article_modified_time":"2025-08-02T09:47:28+00:00","og_image":[{"url":"https:\/\/hoyre.no\/content\/uploads\/sites\/11\/2025\/07\/1-Margret-Hagerup_3-Foto-Julie-Vold-1-1-768x1024.jpg","type":"","width":"","height":""}],"twitter_card":"summary_large_image","twitter_misc":{"Ansl. lesetid":"5 minutter"},"schema":{"@context":"https:\/\/schema.org","@graph":[{"@type":"WebPage","@id":"https:\/\/hoyre.no\/rogaland\/skole\/","url":"https:\/\/hoyre.no\/rogaland\/skole\/","name":"Ingen slagord - skole - Rogaland H\u00f8yre","isPartOf":{"@id":"https:\/\/hoyre.no\/rogaland\/#website"},"image":{"@id":"https:\/\/hoyre.no\/rogaland\/skole\/#primaryimage"},"thumbnailUrl":"https:\/\/hoyre.no\/content\/uploads\/sites\/11\/2025\/07\/1-Margret-Hagerup_3-Foto-Julie-Vold-1-1-768x1024.jpg","datePublished":"2025-07-31T12:07:37+00:00","dateModified":"2025-08-02T09:47:28+00:00","breadcrumb":{"@id":"https:\/\/hoyre.no\/rogaland\/skole\/#breadcrumb"},"inLanguage":"nb-NO","potentialAction":[{"@type":"ReadAction","target":["https:\/\/hoyre.no\/rogaland\/skole\/"]}]},{"@type":"ImageObject","inLanguage":"nb-NO","@id":"https:\/\/hoyre.no\/rogaland\/skole\/#primaryimage","url":"https:\/\/hoyre.no\/content\/uploads\/sites\/11\/2025\/07\/1-Margret-Hagerup_3-Foto-Julie-Vold-1-1-768x1024.jpg","contentUrl":"https:\/\/hoyre.no\/content\/uploads\/sites\/11\/2025\/07\/1-Margret-Hagerup_3-Foto-Julie-Vold-1-1-768x1024.jpg"},{"@type":"BreadcrumbList","@id":"https:\/\/hoyre.no\/rogaland\/skole\/#breadcrumb","itemListElement":[{"@type":"ListItem","position":1,"name":"Til hoyre.no","item":"https:\/\/hoyre.no"},{"@type":"ListItem","position":2,"name":"Hjem","item":"https:\/\/hoyre.no\/rogaland\/"},{"@type":"ListItem","position":3,"name":"Ingen slagord &#8211; skole"}]},{"@type":"WebSite","@id":"https:\/\/hoyre.no\/rogaland\/#website","url":"https:\/\/hoyre.no\/rogaland\/","name":"Rogaland H\u00f8yre","description":"Bare enda et H\u00f8yres nettsteder-nettsted","inLanguage":"nb-NO"}]}},"distributor_meta":false,"distributor_terms":false,"distributor_media":false,"distributor_original_site_name":"Rogaland H\u00f8yre","distributor_original_site_url":"https:\/\/hoyre.no\/rogaland","push-errors":false,"_links":{"self":[{"href":"https:\/\/hoyre.no\/rogaland\/wp-json\/wp\/v2\/pages\/1444","targetHints":{"allow":["GET"]}}],"collection":[{"href":"https:\/\/hoyre.no\/rogaland\/wp-json\/wp\/v2\/pages"}],"about":[{"href":"https:\/\/hoyre.no\/rogaland\/wp-json\/wp\/v2\/types\/page"}],"author":[{"embeddable":true,"href":"https:\/\/hoyre.no\/rogaland\/wp-json\/wp\/v2\/users\/32026"}],"replies":[{"embeddable":true,"href":"https:\/\/hoyre.no\/rogaland\/wp-json\/wp\/v2\/comments?post=1444"}],"version-history":[{"count":12,"href":"https:\/\/hoyre.no\/rogaland\/wp-json\/wp\/v2\/pages\/1444\/revisions"}],"predecessor-version":[{"id":1533,"href":"https:\/\/hoyre.no\/rogaland\/wp-json\/wp\/v2\/pages\/1444\/revisions\/1533"}],"wp:attachment":[{"href":"https:\/\/hoyre.no\/rogaland\/wp-json\/wp\/v2\/media?parent=1444"}],"curies":[{"name":"wp","href":"https:\/\/api.w.org\/{rel}","templated":true}]}}