{"id":740,"date":"2023-03-02T12:41:27","date_gmt":"2023-03-02T11:41:27","guid":{"rendered":"https:\/\/hoyre.no\/rogaland\/?page_id=740"},"modified":"2025-01-27T13:30:40","modified_gmt":"2025-01-27T12:30:40","slug":"ole-ueland-var-fylkesordforerkandidat","status":"publish","type":"page","link":"https:\/\/hoyre.no\/rogaland\/ole-ueland-var-fylkesordforerkandidat\/","title":{"rendered":"Ole Ueland &#8211; v\u00e5r fylkesordf\u00f8rer"},"content":{"rendered":"\n<div class=\"wp-block-hoyre-hero with-image-gradient text-color-light  has-media alignfull has-background\"><div class=\"hoyre-hero has-image\"><h1 class=\"title\">Bli bedre kjent med Ole Ueland<\/h1><p class=\"preamble\">Fylkesordf\u00f8rer<\/p>\t\t\t<div class=\"post-meta wp-block teft-byline-wrapper\">\n\t\t\t\t<div class=\"top\">\n\t\t\t\t\t<div class=\"signature\">\n\t\t\t\t\t\t<div class=\"teft-byline\">\n\t\t\t\t\t\t\t\t\t\t\t\t\t\t<div>\n\t\t\t\t\t\t\t\t<h3>H\u00f8yres redaksjon<\/h3>\t\t\t\t\t\t\t\t\n\t\t\t\t\t\t\t\t\t\t\t\t\t\t\t\t\t<span class=\"date\">Sist oppdatert: 27. januar 2025<\/span>\n\t\t\t\t\t\t\t\t\t\t\t\t\t\t\t\t\t\t\t\t\t\t\t\t\t<span class=\"reading-time\" itemprop=\"timeRequired\" content=\"PT3M\"><em>Ca. 3 minutter lesetid<\/em><\/span>\n\t\t\t\t\t\t\t\t\t\t\t\t\t\t\t<\/div>\n\t\t\t\t\t\t<\/div>\n\t\t\t\t\t<\/div>\n\t\t\t\t\t\t<div class=\"sharing\">\n\t\t<a class=\"share-button share-link copy-link\" data-copy=\"https:\/\/hoyre.no\/rogaland\/ole-ueland-var-fylkesordforerkandidat\/\" target=\"_blank\"><span class=\"screen-reader-text\">Del link<\/span><\/a>\n\t\t<a class=\"share-button share-twitter\" href=\"http:\/\/twitter.com\/share?text=Ole Ueland &#8211; v\u00e5r fylkesordf\u00f8rer&#038;url=https:\/\/hoyre.no\/rogaland\/ole-ueland-var-fylkesordforerkandidat\/&#038;hashtags=Hoyre\" target=\"_blank\"><span class=\"screen-reader-text\">Del p\u00e5 twitter<\/span><\/a>\n\t\t<a class=\"share-button share-facebook\" href=\"https:\/\/www.facebook.com\/sharer\/sharer.php?u=https:\/\/hoyre.no\/rogaland\/ole-ueland-var-fylkesordforerkandidat\/\" target=\"_blank\"><span class=\"screen-reader-text\">Del p\u00e5 facebook<\/span><\/a>\n\t<\/div>\n\t\t\t\t\t<\/div>\n\t\t\t<\/div>\n\n\t\t\t<figure class=\"hoyre-image-wrapper\"><div class=\"hoyre-image\"><img loading=\"lazy\" decoding=\"async\" width=\"2500\" height=\"1875\" src=\"https:\/\/hoyre.no\/content\/uploads\/sites\/11\/2023\/03\/IMG_9543-scaled.jpg\" class=\"attachment-scaled size-scaled\" alt=\"\" style=\"object-position: 50% 50%\" srcset=\"https:\/\/hoyre.no\/content\/uploads\/sites\/11\/2023\/03\/IMG_9543-scaled.jpg 2500w, https:\/\/hoyre.no\/content\/uploads\/sites\/11\/2023\/03\/IMG_9543-300x225.jpg 300w, https:\/\/hoyre.no\/content\/uploads\/sites\/11\/2023\/03\/IMG_9543-1024x768.jpg 1024w, https:\/\/hoyre.no\/content\/uploads\/sites\/11\/2023\/03\/IMG_9543-768x576.jpg 768w, https:\/\/hoyre.no\/content\/uploads\/sites\/11\/2023\/03\/IMG_9543-1536x1152.jpg 1536w, https:\/\/hoyre.no\/content\/uploads\/sites\/11\/2023\/03\/IMG_9543-2048x1536.jpg 2048w\" sizes=\"auto, (max-width: 2500px) 100vw, 2500px\" \/><\/div><\/figure><\/div><\/div>\n\n\n\n\n<div class=\"wp-block-buttons is-layout-flex wp-block-buttons-is-layout-flex\">\n<div class=\"wp-block-button\"><a class=\"wp-block-button__link wp-element-button\" href=\"https:\/\/hoyre.no\/personprofiler\/ole-ueland\/\">Kom i kontakt med Ole<\/a><\/div>\n\n\n\n<div class=\"wp-block-button\"><a class=\"wp-block-button__link wp-element-button\" href=\"https:\/\/www.facebook.com\/oueland\">F\u00f8lg Ole p\u00e5 FAcebook<\/a><\/div>\n\n\n\n<div class=\"wp-block-button\"><a class=\"wp-block-button__link wp-element-button\" href=\"https:\/\/www.facebook.com\/rogaland.hoyre\">F\u00f8lg Rogaland H\u00f8yre p\u00e5 Facebook<\/a><\/div>\n<\/div>\n\n\n\n<div class=\"wp-block-hoyre-banner undefined has-icon-title icon-heart is-style-dark\"><div class=\"banner-inner\"><div class=\"banner-content\"><div class=\"entry-content\">\n<h2 class=\"wp-block-heading has-text-align-center\">Bli bedre kjent med Ole!<\/h2>\n\n\n\n<p class=\"has-text-align-left\"><strong>Alder:<\/strong> 39 \u00e5r<\/p>\n\n\n\n<p class=\"has-text-align-left\"><strong>Bosted:<\/strong> Sola<\/p>\n\n\n\n<p class=\"has-text-align-left\"><strong>Sivilstatus:<\/strong> Gift med Peter, far til tre \u00e5r gamle Eva<\/p>\n\n\n\n<p class=\"has-text-align-left\"><strong>Jobb:<\/strong> Fylkesordf\u00f8rer<\/p>\n<\/div><\/div><\/div><\/div>\n\n\n\n<figure class=\"wp-block-teft-gallery columns-3 count-3 rows-2 is-cropped is-style-default\"><ul class=\"teft-gallery-grid\"><li class=\"teft-gallery-item \"><figure><a href=\"https:\/\/hoyre.no\/content\/uploads\/sites\/11\/2023\/03\/IMG_1536.jpg\" data-size=\"2016x2017\"><img loading=\"lazy\" decoding=\"async\" width=\"1024\" height=\"1024\" src=\"https:\/\/hoyre.no\/content\/uploads\/sites\/11\/2023\/03\/IMG_1536-1024x1024.jpg\" class=\"attachment-large size-large\" alt=\"\" srcset=\"https:\/\/hoyre.no\/content\/uploads\/sites\/11\/2023\/03\/IMG_1536-1024x1024.jpg 1024w, https:\/\/hoyre.no\/content\/uploads\/sites\/11\/2023\/03\/IMG_1536-300x300.jpg 300w, https:\/\/hoyre.no\/content\/uploads\/sites\/11\/2023\/03\/IMG_1536-150x150.jpg 150w, https:\/\/hoyre.no\/content\/uploads\/sites\/11\/2023\/03\/IMG_1536-768x768.jpg 768w, https:\/\/hoyre.no\/content\/uploads\/sites\/11\/2023\/03\/IMG_1536-1536x1536.jpg 1536w, https:\/\/hoyre.no\/content\/uploads\/sites\/11\/2023\/03\/IMG_1536.jpg 2016w\" sizes=\"auto, (max-width: 1024px) 100vw, 1024px\" \/ data-full-url=\"https:\/\/hoyre.no\/content\/uploads\/sites\/11\/2023\/03\/IMG_1536.jpg\" data-id=\"774\" data-caption=\"774\"\/><\/a><\/figure><\/li><li class=\"teft-gallery-item \"><figure><a href=\"https:\/\/hoyre.no\/content\/uploads\/sites\/11\/2023\/03\/IMG_3359-scaled.jpeg\" data-size=\"1875x2500\"><img loading=\"lazy\" decoding=\"async\" width=\"768\" height=\"1024\" src=\"https:\/\/hoyre.no\/content\/uploads\/sites\/11\/2023\/03\/IMG_3359-768x1024.jpeg\" class=\"attachment-large size-large\" alt=\"\" srcset=\"https:\/\/hoyre.no\/content\/uploads\/sites\/11\/2023\/03\/IMG_3359-768x1024.jpeg 768w, https:\/\/hoyre.no\/content\/uploads\/sites\/11\/2023\/03\/IMG_3359-225x300.jpeg 225w, https:\/\/hoyre.no\/content\/uploads\/sites\/11\/2023\/03\/IMG_3359-1152x1536.jpeg 1152w, https:\/\/hoyre.no\/content\/uploads\/sites\/11\/2023\/03\/IMG_3359-1536x2048.jpeg 1536w, https:\/\/hoyre.no\/content\/uploads\/sites\/11\/2023\/03\/IMG_3359-scaled.jpeg 1875w\" sizes=\"auto, (max-width: 768px) 100vw, 768px\" \/ data-full-url=\"https:\/\/hoyre.no\/content\/uploads\/sites\/11\/2023\/03\/IMG_3359-scaled.jpeg\" data-id=\"767\" data-caption=\"767\"\/><\/a><\/figure><\/li><li class=\"teft-gallery-item \"><figure><a href=\"https:\/\/hoyre.no\/content\/uploads\/sites\/11\/2023\/03\/Skjermbilde-2023-03-02-kl.-12.32.14.png\" data-size=\"1204x1394\"><img loading=\"lazy\" decoding=\"async\" width=\"884\" height=\"1024\" src=\"https:\/\/hoyre.no\/content\/uploads\/sites\/11\/2023\/03\/Skjermbilde-2023-03-02-kl.-12.32.14-884x1024.png\" class=\"attachment-large size-large\" alt=\"\" srcset=\"https:\/\/hoyre.no\/content\/uploads\/sites\/11\/2023\/03\/Skjermbilde-2023-03-02-kl.-12.32.14-884x1024.png 884w, https:\/\/hoyre.no\/content\/uploads\/sites\/11\/2023\/03\/Skjermbilde-2023-03-02-kl.-12.32.14-259x300.png 259w, https:\/\/hoyre.no\/content\/uploads\/sites\/11\/2023\/03\/Skjermbilde-2023-03-02-kl.-12.32.14-768x889.png 768w, https:\/\/hoyre.no\/content\/uploads\/sites\/11\/2023\/03\/Skjermbilde-2023-03-02-kl.-12.32.14.png 1204w\" sizes=\"auto, (max-width: 884px) 100vw, 884px\" \/ data-full-url=\"https:\/\/hoyre.no\/content\/uploads\/sites\/11\/2023\/03\/Skjermbilde-2023-03-02-kl.-12.32.14.png\" data-id=\"770\" data-caption=\"770\"\/><\/a><\/figure><\/li><\/ul><\/figure>\n\n\n\n<div class=\"wp-block-hoyre-banner undefined\"><div class=\"banner-inner\"><div class=\"banner-content\"><div class=\"entry-content\">\n<p class=\"has-text-align-left\"><strong>Bakgrunn: <\/strong>Medie- og kommunikasjonsutdannet ved H\u00f8gskolen i Oslo, og har arbeidet blant annet som politisk r\u00e5dgiver og kommunikasjonsr\u00e5dgiver. Ordf\u00f8rer i Sola i \u00e5tte \u00e5r.<\/p>\n\n\n\n<p class=\"has-text-align-left\"><strong>Politisk erfaring:<\/strong> Kommunestyre- og formannskapsrepresentant i Sola kommune, tidligere nestleder i Rogaland Unge H\u00f8yre og leder i Rogaland H\u00f8yre. Fylkestings- og fylkesutvalgsrepresentant fra 2019.<\/p>\n\n\n\n<p class=\"has-text-align-left\"><strong>Hvorfor meldte du deg inn i H\u00f8yre?<\/strong> Fordi jeg ville ha bedre busstilbud der jeg bodde, og fordi H\u00f8yre er partiet som vil la folk bestemme mest mulig over sitt eget liv. Det er ogs\u00e5 viktig for meg at H\u00f8yre er p\u00e5 lag med jobbskaperne, og at verdier m\u00e5 skapes f\u00f8r de kan fordeles.<\/p>\n\n\n\n<div class=\"wp-block-buttons is-layout-flex wp-block-buttons-is-layout-flex\"><\/div>\n<\/div><\/div><\/div><\/div>\n\n\n\n<figure class=\"wp-block-teft-gallery columns-3 count-3 rows-2 is-cropped\"><ul class=\"teft-gallery-grid\"><li class=\"teft-gallery-item \"><figure><a href=\"https:\/\/hoyre.no\/content\/uploads\/sites\/11\/2023\/03\/IMG_7070-scaled.jpg\" data-size=\"2500x1666\"><img loading=\"lazy\" decoding=\"async\" width=\"1024\" height=\"683\" src=\"https:\/\/hoyre.no\/content\/uploads\/sites\/11\/2023\/03\/IMG_7070-1024x683.jpg\" class=\"attachment-large size-large\" alt=\"\" srcset=\"https:\/\/hoyre.no\/content\/uploads\/sites\/11\/2023\/03\/IMG_7070-1024x683.jpg 1024w, https:\/\/hoyre.no\/content\/uploads\/sites\/11\/2023\/03\/IMG_7070-300x200.jpg 300w, https:\/\/hoyre.no\/content\/uploads\/sites\/11\/2023\/03\/IMG_7070-768x512.jpg 768w, https:\/\/hoyre.no\/content\/uploads\/sites\/11\/2023\/03\/IMG_7070-1536x1024.jpg 1536w, https:\/\/hoyre.no\/content\/uploads\/sites\/11\/2023\/03\/IMG_7070-2048x1365.jpg 2048w\" sizes=\"auto, (max-width: 1024px) 100vw, 1024px\" \/ data-full-url=\"https:\/\/hoyre.no\/content\/uploads\/sites\/11\/2023\/03\/IMG_7070-scaled.jpg\" data-id=\"773\" data-caption=\"773\"\/><\/a><\/figure><\/li><li class=\"teft-gallery-item \"><figure><a href=\"https:\/\/hoyre.no\/content\/uploads\/sites\/11\/2023\/03\/IMG_1239-scaled.jpeg\" data-size=\"1875x2500\"><img loading=\"lazy\" decoding=\"async\" width=\"768\" height=\"1024\" src=\"https:\/\/hoyre.no\/content\/uploads\/sites\/11\/2023\/03\/IMG_1239-768x1024.jpeg\" class=\"attachment-large size-large\" alt=\"\" srcset=\"https:\/\/hoyre.no\/content\/uploads\/sites\/11\/2023\/03\/IMG_1239-768x1024.jpeg 768w, https:\/\/hoyre.no\/content\/uploads\/sites\/11\/2023\/03\/IMG_1239-225x300.jpeg 225w, https:\/\/hoyre.no\/content\/uploads\/sites\/11\/2023\/03\/IMG_1239-1152x1536.jpeg 1152w, https:\/\/hoyre.no\/content\/uploads\/sites\/11\/2023\/03\/IMG_1239-1536x2048.jpeg 1536w, https:\/\/hoyre.no\/content\/uploads\/sites\/11\/2023\/03\/IMG_1239-scaled.jpeg 1875w\" sizes=\"auto, (max-width: 768px) 100vw, 768px\" \/ data-full-url=\"https:\/\/hoyre.no\/content\/uploads\/sites\/11\/2023\/03\/IMG_1239-scaled.jpeg\" data-id=\"772\" data-caption=\"772\"\/><\/a><\/figure><\/li><li class=\"teft-gallery-item \"><figure><a href=\"https:\/\/hoyre.no\/content\/uploads\/sites\/11\/2023\/03\/IMG_9031-scaled.jpg\" data-size=\"2500x1875\"><img loading=\"lazy\" decoding=\"async\" width=\"1024\" height=\"768\" src=\"https:\/\/hoyre.no\/content\/uploads\/sites\/11\/2023\/03\/IMG_9031-1024x768.jpg\" class=\"attachment-large size-large\" alt=\"\" srcset=\"https:\/\/hoyre.no\/content\/uploads\/sites\/11\/2023\/03\/IMG_9031-1024x768.jpg 1024w, https:\/\/hoyre.no\/content\/uploads\/sites\/11\/2023\/03\/IMG_9031-300x225.jpg 300w, https:\/\/hoyre.no\/content\/uploads\/sites\/11\/2023\/03\/IMG_9031-768x576.jpg 768w, https:\/\/hoyre.no\/content\/uploads\/sites\/11\/2023\/03\/IMG_9031-1536x1152.jpg 1536w, https:\/\/hoyre.no\/content\/uploads\/sites\/11\/2023\/03\/IMG_9031-2048x1536.jpg 2048w\" sizes=\"auto, (max-width: 1024px) 100vw, 1024px\" \/ data-full-url=\"https:\/\/hoyre.no\/content\/uploads\/sites\/11\/2023\/03\/IMG_9031-scaled.jpg\" data-id=\"771\" data-caption=\"771\"\/><\/a><\/figure><\/li><\/ul><\/figure>\n\n\n\n<div class=\"wp-block-hoyre-banner undefined  is-style-dark\"><div class=\"banner-inner\"><div class=\"banner-content\"><div class=\"entry-content\">\n<p class=\"has-text-align-left\"><strong>Hva gj\u00f8r deg skikkelig glad, og hva provoserer deg?<\/strong> Jeg blir skikkelig glad n\u00e5r jeg m\u00f8ter noen som har satset og lykkes med dr\u00f8mmen sin, skapt sin egen bedrift eller f\u00e5tt i gang et bra prosjekt. Jeg blir provosert over folk som bare kritiserer uten \u00e5 komme med egne l\u00f8sninger, og nettroll.<\/p>\n\n\n\n<p class=\"has-text-align-left\"><strong>Fritidsinteresser?<\/strong> Liker \u00e5 bruke tid sammen med familie og venner, gjerne p\u00e5 tur utend\u00f8rs, eller over et godt m\u00e5ltid. Hagearbeid er det n\u00e6rmeste jeg kommer en hobby. Er interessert i kultur, s\u00e5 fors\u00f8ker \u00e5 bes\u00f8ke teater, konserter og museum s\u00e5 ofte som mulig. Trener fast, men det er ikke det kjekkeste jeg gj\u00f8r \ud83d\ude42<\/p>\n\n\n\n<div class=\"wp-block-buttons is-layout-flex wp-block-buttons-is-layout-flex\"><\/div>\n<\/div><\/div><\/div><\/div>\n\n\n\n<figure class=\"wp-block-teft-gallery columns-3 count-3 rows-2 is-cropped\"><ul class=\"teft-gallery-grid\"><li class=\"teft-gallery-item \"><figure><a href=\"https:\/\/hoyre.no\/content\/uploads\/sites\/11\/2023\/03\/IMG_0157-scaled.jpg\" data-size=\"1875x2500\"><img loading=\"lazy\" decoding=\"async\" width=\"768\" height=\"1024\" src=\"https:\/\/hoyre.no\/content\/uploads\/sites\/11\/2023\/03\/IMG_0157-768x1024.jpg\" class=\"attachment-large size-large\" alt=\"\" srcset=\"https:\/\/hoyre.no\/content\/uploads\/sites\/11\/2023\/03\/IMG_0157-768x1024.jpg 768w, https:\/\/hoyre.no\/content\/uploads\/sites\/11\/2023\/03\/IMG_0157-225x300.jpg 225w, https:\/\/hoyre.no\/content\/uploads\/sites\/11\/2023\/03\/IMG_0157-1152x1536.jpg 1152w, https:\/\/hoyre.no\/content\/uploads\/sites\/11\/2023\/03\/IMG_0157-1536x2048.jpg 1536w, https:\/\/hoyre.no\/content\/uploads\/sites\/11\/2023\/03\/IMG_0157-scaled.jpg 1875w\" sizes=\"auto, (max-width: 768px) 100vw, 768px\" \/ data-full-url=\"https:\/\/hoyre.no\/content\/uploads\/sites\/11\/2023\/03\/IMG_0157-scaled.jpg\" data-id=\"775\" data-caption=\"775\"\/><\/a><\/figure><\/li><li class=\"teft-gallery-item \"><figure><a href=\"https:\/\/hoyre.no\/content\/uploads\/sites\/11\/2023\/03\/IMG_8059-scaled.jpeg\" data-size=\"1875x2500\"><img loading=\"lazy\" decoding=\"async\" width=\"768\" height=\"1024\" src=\"https:\/\/hoyre.no\/content\/uploads\/sites\/11\/2023\/03\/IMG_8059-768x1024.jpeg\" class=\"attachment-large size-large\" alt=\"\" srcset=\"https:\/\/hoyre.no\/content\/uploads\/sites\/11\/2023\/03\/IMG_8059-768x1024.jpeg 768w, https:\/\/hoyre.no\/content\/uploads\/sites\/11\/2023\/03\/IMG_8059-225x300.jpeg 225w, https:\/\/hoyre.no\/content\/uploads\/sites\/11\/2023\/03\/IMG_8059-1152x1536.jpeg 1152w, https:\/\/hoyre.no\/content\/uploads\/sites\/11\/2023\/03\/IMG_8059-1536x2048.jpeg 1536w, https:\/\/hoyre.no\/content\/uploads\/sites\/11\/2023\/03\/IMG_8059-scaled.jpeg 1875w\" sizes=\"auto, (max-width: 768px) 100vw, 768px\" \/ data-full-url=\"https:\/\/hoyre.no\/content\/uploads\/sites\/11\/2023\/03\/IMG_8059-scaled.jpeg\" data-id=\"776\" data-caption=\"776\"\/><\/a><\/figure><\/li><li class=\"teft-gallery-item \"><figure><a href=\"https:\/\/hoyre.no\/content\/uploads\/sites\/11\/2023\/03\/IMG_1162-2.jpg\" data-size=\"768x1024\"><img loading=\"lazy\" decoding=\"async\" width=\"768\" height=\"1024\" src=\"https:\/\/hoyre.no\/content\/uploads\/sites\/11\/2023\/03\/IMG_1162-2.jpg\" class=\"attachment-large size-large\" alt=\"\" srcset=\"https:\/\/hoyre.no\/content\/uploads\/sites\/11\/2023\/03\/IMG_1162-2.jpg 768w, https:\/\/hoyre.no\/content\/uploads\/sites\/11\/2023\/03\/IMG_1162-2-225x300.jpg 225w\" sizes=\"auto, (max-width: 768px) 100vw, 768px\" \/ data-full-url=\"https:\/\/hoyre.no\/content\/uploads\/sites\/11\/2023\/03\/IMG_1162-2.jpg\" data-id=\"777\" data-caption=\"777\"\/><\/a><\/figure><\/li><\/ul><\/figure>\n\n\n\n\n<div class=\"wp-block-hoyre-banner alignwide undefined  is-style-blue\"><div class=\"banner-inner\"><figure class=\"hoyre-image-wrapper\"><div class=\"hoyre-image\"><img loading=\"lazy\" decoding=\"async\" width=\"904\" height=\"792\" src=\"https:\/\/hoyre.no\/content\/uploads\/sites\/11\/2023\/03\/Skjermbilde-2023-03-02-kl.-17.43.53.png\" class=\"attachment-scaled size-scaled\" alt=\"\" style=\"object-position: 38% 19%\" srcset=\"https:\/\/hoyre.no\/content\/uploads\/sites\/11\/2023\/03\/Skjermbilde-2023-03-02-kl.-17.43.53.png 904w, https:\/\/hoyre.no\/content\/uploads\/sites\/11\/2023\/03\/Skjermbilde-2023-03-02-kl.-17.43.53-300x263.png 300w, https:\/\/hoyre.no\/content\/uploads\/sites\/11\/2023\/03\/Skjermbilde-2023-03-02-kl.-17.43.53-768x673.png 768w\" sizes=\"auto, (max-width: 904px) 100vw, 904px\" \/><\/div><\/figure><div class=\"banner-content\"><div class=\"entry-content\">\n<h1 class=\"wp-block-heading\">Ole Ueland<\/h1>\n\n\n\n<p>Fylkesordf\u00f8rer<\/p>\n\n\n\n<p>Telefon <a href=\"tel:926 13 103\">(+47) 926 13 103<\/a>&nbsp;<br>E-post <a href=\"mailto:ole.ueland@rogfk.no\">ole.ueland@rogfk.no<\/a><\/p>\n<\/div><\/div><\/div><\/div>\n","protected":false},"excerpt":{"rendered":"","protected":false},"author":5239,"featured_media":0,"parent":0,"menu_order":0,"comment_status":"closed","ping_status":"closed","template":"","meta":{"teft_cards_image_url":"","teft_cards_custom_pretitle":"","teft_cards_image_id":764,"teft_cards_image_focal_point_x":0.5,"teft_cards_image_focal_point_y":0.5,"teft_cards_title":"","teft_cards_excerpt":"","teft_show_chapters":false,"footnotes":""},"class_list":["post-740","page","type-page","status-publish","hentry"],"yoast_head":"<!-- This site is optimized with the Yoast SEO plugin v26.6 - https:\/\/yoast.com\/wordpress\/plugins\/seo\/ -->\n<title>Ole Ueland - v\u00e5r fylkesordf\u00f8rer - Rogaland H\u00f8yre<\/title>\n<meta name=\"robots\" content=\"index, follow, max-snippet:-1, max-image-preview:large, max-video-preview:-1\" \/>\n<link rel=\"canonical\" href=\"https:\/\/hoyre.no\/rogaland\/ole-ueland-var-fylkesordforerkandidat\/\" \/>\n<meta property=\"og:locale\" content=\"nb_NO\" \/>\n<meta property=\"og:type\" content=\"article\" \/>\n<meta property=\"og:title\" content=\"Ole Ueland - v\u00e5r fylkesordf\u00f8rer - Rogaland H\u00f8yre\" \/>\n<meta property=\"og:url\" content=\"https:\/\/hoyre.no\/rogaland\/ole-ueland-var-fylkesordforerkandidat\/\" \/>\n<meta property=\"og:site_name\" content=\"Rogaland H\u00f8yre\" \/>\n<meta property=\"article:modified_time\" content=\"2025-01-27T12:30:40+00:00\" \/>\n<meta property=\"og:image\" content=\"https:\/\/hoyre.no\/content\/uploads\/sites\/11\/2023\/03\/IMG_9543-1024x768.jpg\" \/>\n<meta name=\"twitter:card\" content=\"summary_large_image\" \/>\n<meta name=\"twitter:label1\" content=\"Ansl. lesetid\" \/>\n\t<meta name=\"twitter:data1\" content=\"2 minutter\" \/>\n<script type=\"application\/ld+json\" class=\"yoast-schema-graph\">{\"@context\":\"https:\/\/schema.org\",\"@graph\":[{\"@type\":\"WebPage\",\"@id\":\"https:\/\/hoyre.no\/rogaland\/ole-ueland-var-fylkesordforerkandidat\/\",\"url\":\"https:\/\/hoyre.no\/rogaland\/ole-ueland-var-fylkesordforerkandidat\/\",\"name\":\"Ole Ueland - v\u00e5r fylkesordf\u00f8rer - Rogaland H\u00f8yre\",\"isPartOf\":{\"@id\":\"https:\/\/hoyre.no\/rogaland\/#website\"},\"datePublished\":\"2023-03-02T11:41:27+00:00\",\"dateModified\":\"2025-01-27T12:30:40+00:00\",\"breadcrumb\":{\"@id\":\"https:\/\/hoyre.no\/rogaland\/ole-ueland-var-fylkesordforerkandidat\/#breadcrumb\"},\"inLanguage\":\"nb-NO\",\"potentialAction\":[{\"@type\":\"ReadAction\",\"target\":[\"https:\/\/hoyre.no\/rogaland\/ole-ueland-var-fylkesordforerkandidat\/\"]}]},{\"@type\":\"BreadcrumbList\",\"@id\":\"https:\/\/hoyre.no\/rogaland\/ole-ueland-var-fylkesordforerkandidat\/#breadcrumb\",\"itemListElement\":[{\"@type\":\"ListItem\",\"position\":1,\"name\":\"Til hoyre.no\",\"item\":\"https:\/\/hoyre.no\"},{\"@type\":\"ListItem\",\"position\":2,\"name\":\"Hjem\",\"item\":\"https:\/\/hoyre.no\/rogaland\/\"},{\"@type\":\"ListItem\",\"position\":3,\"name\":\"Ole Ueland &#8211; v\u00e5r fylkesordf\u00f8rer\"}]},{\"@type\":\"WebSite\",\"@id\":\"https:\/\/hoyre.no\/rogaland\/#website\",\"url\":\"https:\/\/hoyre.no\/rogaland\/\",\"name\":\"Rogaland H\u00f8yre\",\"description\":\"Bare enda et H\u00f8yres nettsteder-nettsted\",\"inLanguage\":\"nb-NO\"}]}<\/script>\n<!-- \/ Yoast SEO plugin. -->","yoast_head_json":{"title":"Ole Ueland - v\u00e5r fylkesordf\u00f8rer - Rogaland H\u00f8yre","robots":{"index":"index","follow":"follow","max-snippet":"max-snippet:-1","max-image-preview":"max-image-preview:large","max-video-preview":"max-video-preview:-1"},"canonical":"https:\/\/hoyre.no\/rogaland\/ole-ueland-var-fylkesordforerkandidat\/","og_locale":"nb_NO","og_type":"article","og_title":"Ole Ueland - v\u00e5r fylkesordf\u00f8rer - Rogaland H\u00f8yre","og_url":"https:\/\/hoyre.no\/rogaland\/ole-ueland-var-fylkesordforerkandidat\/","og_site_name":"Rogaland H\u00f8yre","article_modified_time":"2025-01-27T12:30:40+00:00","og_image":[{"url":"https:\/\/hoyre.no\/content\/uploads\/sites\/11\/2023\/03\/IMG_9543-1024x768.jpg","width":"","height":"","type":""}],"twitter_card":"summary_large_image","twitter_misc":{"Ansl. lesetid":"2 minutter"},"schema":{"@context":"https:\/\/schema.org","@graph":[{"@type":"WebPage","@id":"https:\/\/hoyre.no\/rogaland\/ole-ueland-var-fylkesordforerkandidat\/","url":"https:\/\/hoyre.no\/rogaland\/ole-ueland-var-fylkesordforerkandidat\/","name":"Ole Ueland - v\u00e5r fylkesordf\u00f8rer - Rogaland H\u00f8yre","isPartOf":{"@id":"https:\/\/hoyre.no\/rogaland\/#website"},"datePublished":"2023-03-02T11:41:27+00:00","dateModified":"2025-01-27T12:30:40+00:00","breadcrumb":{"@id":"https:\/\/hoyre.no\/rogaland\/ole-ueland-var-fylkesordforerkandidat\/#breadcrumb"},"inLanguage":"nb-NO","potentialAction":[{"@type":"ReadAction","target":["https:\/\/hoyre.no\/rogaland\/ole-ueland-var-fylkesordforerkandidat\/"]}]},{"@type":"BreadcrumbList","@id":"https:\/\/hoyre.no\/rogaland\/ole-ueland-var-fylkesordforerkandidat\/#breadcrumb","itemListElement":[{"@type":"ListItem","position":1,"name":"Til hoyre.no","item":"https:\/\/hoyre.no"},{"@type":"ListItem","position":2,"name":"Hjem","item":"https:\/\/hoyre.no\/rogaland\/"},{"@type":"ListItem","position":3,"name":"Ole Ueland &#8211; v\u00e5r fylkesordf\u00f8rer"}]},{"@type":"WebSite","@id":"https:\/\/hoyre.no\/rogaland\/#website","url":"https:\/\/hoyre.no\/rogaland\/","name":"Rogaland H\u00f8yre","description":"Bare enda et H\u00f8yres nettsteder-nettsted","inLanguage":"nb-NO"}]}},"distributor_meta":false,"distributor_terms":false,"distributor_media":false,"distributor_original_site_name":"Rogaland H\u00f8yre","distributor_original_site_url":"https:\/\/hoyre.no\/rogaland","push-errors":false,"_links":{"self":[{"href":"https:\/\/hoyre.no\/rogaland\/wp-json\/wp\/v2\/pages\/740","targetHints":{"allow":["GET"]}}],"collection":[{"href":"https:\/\/hoyre.no\/rogaland\/wp-json\/wp\/v2\/pages"}],"about":[{"href":"https:\/\/hoyre.no\/rogaland\/wp-json\/wp\/v2\/types\/page"}],"author":[{"embeddable":true,"href":"https:\/\/hoyre.no\/rogaland\/wp-json\/wp\/v2\/users\/5239"}],"replies":[{"embeddable":true,"href":"https:\/\/hoyre.no\/rogaland\/wp-json\/wp\/v2\/comments?post=740"}],"version-history":[{"count":15,"href":"https:\/\/hoyre.no\/rogaland\/wp-json\/wp\/v2\/pages\/740\/revisions"}],"predecessor-version":[{"id":1358,"href":"https:\/\/hoyre.no\/rogaland\/wp-json\/wp\/v2\/pages\/740\/revisions\/1358"}],"wp:attachment":[{"href":"https:\/\/hoyre.no\/rogaland\/wp-json\/wp\/v2\/media?parent=740"}],"curies":[{"name":"wp","href":"https:\/\/api.w.org\/{rel}","templated":true}]}}