{"id":847,"date":"2023-05-02T12:43:42","date_gmt":"2023-05-02T10:43:42","guid":{"rendered":"https:\/\/hoyre.no\/rogaland\/?page_id=847"},"modified":"2026-02-01T17:59:10","modified_gmt":"2026-02-01T16:59:10","slug":"politikk","status":"publish","type":"page","link":"https:\/\/hoyre.no\/rogaland\/politikk\/","title":{"rendered":"Politikk"},"content":{"rendered":"\n<div class=\"wp-block-hoyre-hero with-image-gradient text-color-light  alignfull has-background \"><div class=\"hoyre-hero \"><h1 class=\"title\">Politikk<\/h1><p class=\"preamble\">Det skal v\u00e6re godt \u00e5 bo, jobbe og leve i Rogaland! Vi skal ha landets beste videreg\u00e5ende oppl\u00e6ring, satse videre p\u00e5 yrkesfagene og s\u00f8rge for flere f\u00e5r fullf\u00f8re utdanningen sin. Bedre veier og et moderne kollektivtilbud binder fylket tettere sammen. Vi er p\u00e5 lag med jobbskaperne, og legger til rette for fremtidens arbeidsplasser. Skal vi lykkes m\u00e5 vi dra i lag, og f\u00e5 til mer sammen!<\/p><\/div><\/div>\n\n\n\n<h2 class=\"wp-block-heading\"><strong>Rogaland H\u00f8yres fylkestingsprogram<\/strong><\/h2>\n\n\n\n<div class=\"wp-block-teft-file icon-link-block\"><a href=\"https:\/\/hoyre.no\/content\/uploads\/sites\/11\/2023\/05\/Rogaland-Hoyres-fylkestingsprogram-2023-2027.pdf\" download><span class=\"file-title\">Rogaland H\u00f8yres fylkestingsprogram 2023-2027<\/span><span class=\"file-name\"><\/span><\/a><\/div>\n\n\n\n<div class=\"wp-block-teft-file icon-link-block\"><a href=\"https:\/\/hoyre.no\/content\/uploads\/sites\/11\/2023\/11\/Rogaland-bygges-gjennom-samarbeid-2.pdf\" download><span class=\"file-title\">Politisk plattform 2023-2027 H\u00f8yre, Frp, Krf og V<\/span><span class=\"file-name\"><\/span><\/a><\/div>\n\n\n\n<h2 class=\"wp-block-heading\"><strong>Vedtatte resolusjoner i Rogaland H\u00f8yre<\/strong><\/h2>\n\n\n\n<p><strong>Vedtatt p\u00e5 fylkes\u00e5rsm\u00f8te 31. januar &#8211; 1. februar 2026<\/strong><\/p>\n\n\n\n<div class=\"wp-block-teft-file icon-link-block\"><a href=\"https:\/\/hoyre.no\/content\/uploads\/sites\/11\/2026\/02\/En-mer-baerekraftig-driftsmodell-for-sykehusene.pdf\" download><span class=\"file-title\">En mer b\u00e6rekraftig driftsmodell for sykehusene<\/span><span class=\"file-name\">En-mer-baerekraftig-driftsmodell-for-sykehusene.pdf [12.1kb]<\/span><\/a><\/div>\n\n\n\n<div class=\"wp-block-teft-file icon-link-block\"><a href=\"https:\/\/hoyre.no\/content\/uploads\/sites\/11\/2026\/02\/Rogaland-Hoyre-Endring-av-foreldelsesregler-ved-mishandling-i-naere-relasjoner.pdf\" download><span class=\"file-title\">Endring av foreldelsesregler ved mishandling i n\u00e6re relasjoner<\/span><span class=\"file-name\"><\/span><\/a><\/div>\n\n\n\n<div class=\"wp-block-teft-file icon-link-block\"><a href=\"https:\/\/hoyre.no\/content\/uploads\/sites\/11\/2026\/02\/RH-Sikkerhet-og-beredskap.-Nordisk-styrke-i-en-urolig-tid.pdf\" download><span class=\"file-title\">Uttalelse &#8211; Sikkerhet og beredskap. Nordisk styrke i en urolig tid<\/span><span class=\"file-name\"><\/span><\/a><\/div>\n\n\n\n<p><strong>Vedtatt p\u00e5 fylkes\u00e5rsm\u00f8te 8. &#8211; 9. februar 2025<\/strong><\/p>\n\n\n\n<div class=\"wp-block-teft-file icon-link-block\"><a href=\"https:\/\/hoyre.no\/content\/uploads\/sites\/11\/2025\/02\/En-skole-som-forbereder-elevene-pa-fremtiden.pdf\" download><span class=\"file-title\">En skole som forbereder elevene p\u00e5 fremtiden<\/span><span class=\"file-name\"><\/span><\/a><\/div>\n\n\n\n<div class=\"wp-block-teft-file icon-link-block\"><a href=\"https:\/\/hoyre.no\/content\/uploads\/sites\/11\/2025\/02\/Landbasert-mineralutvinning-lokal-verdiskaping-og-baerekraftig-utvinning.pdf\" download><span class=\"file-title\">Landbasert mineralutvinning &#8211; lokal verdiskaping og b\u00e6rekraftig utvinning<\/span><span class=\"file-name\"><\/span><\/a><\/div>\n\n\n\n<div class=\"wp-block-teft-file icon-link-block\"><a href=\"https:\/\/hoyre.no\/content\/uploads\/sites\/11\/2025\/02\/Redusere-overbehandling-av-pasienter-for-a-kutte-ventetid-og-helsekoer.pdf\" download><span class=\"file-title\">Redusere overbehandling av pasienter for \u00e5 kutte ventetid og helsek\u00f8er<\/span><span class=\"file-name\"><\/span><\/a><\/div>\n\n\n\n<p><strong>Vedtatt p\u00e5 fylkes\u00e5rsm\u00f8te 9. &#8211; 10. mars 2024<\/strong><\/p>\n\n\n\n<div class=\"wp-block-teft-file icon-link-block\"><a href=\"https:\/\/hoyre.no\/content\/uploads\/sites\/11\/2024\/03\/Alvorlig-ungdomskriminalitet-krever-effektive-og-treffsikre-reaksjoner.pdf\" download><span class=\"file-title\">Alvorlig ungdomskriminalitet krever effektive og treffsikre reaksjoner<\/span><span class=\"file-name\"><\/span><\/a><\/div>\n\n\n\n<div class=\"wp-block-teft-file icon-link-block\"><a href=\"https:\/\/hoyre.no\/content\/uploads\/sites\/11\/2024\/03\/Kvinnehelse.pdf\" download><span class=\"file-title\">Kvinnehelse<\/span><span class=\"file-name\"><\/span><\/a><\/div>\n\n\n\n<div class=\"wp-block-teft-file icon-link-block\"><a href=\"https:\/\/hoyre.no\/content\/uploads\/sites\/11\/2024\/03\/Rogaland-Hoyre-vil-styrke-forsvaret.pdf\" download><span class=\"file-title\">Rogaland H\u00f8yre vil styrke forsvaret<\/span><span class=\"file-name\"><\/span><\/a><\/div>\n\n\n\n<div class=\"wp-block-teft-file icon-link-block\"><a href=\"https:\/\/hoyre.no\/content\/uploads\/sites\/11\/2024\/03\/Norges-mest-verdiskapende-fylke.pdf\" download><span class=\"file-title\">Norges mest verdiskapende fylke<\/span><span class=\"file-name\"><\/span><\/a><\/div>\n\n\n\n<div class=\"wp-block-teft-file icon-link-block\"><a href=\"https:\/\/hoyre.no\/content\/uploads\/sites\/11\/2024\/03\/Arbeid-og-utenforskap.pdf\" download><span class=\"file-title\">Arbeid og utenforskap<\/span><span class=\"file-name\"><\/span><\/a><\/div>\n\n\n\n<div class=\"wp-block-teft-file icon-link-block\"><a href=\"https:\/\/hoyre.no\/content\/uploads\/sites\/11\/2024\/03\/Uttalelse-Innsatsen-mot-partnervold-ma-styrkes.pdf\" download><span class=\"file-title\">Uttalelse &#8211; Innsatsen mot partnervold m\u00e5 styrkes<\/span><span class=\"file-name\"><\/span><\/a><\/div>\n\n\n\n<div class=\"wp-block-teft-file icon-link-block\"><a href=\"https:\/\/hoyre.no\/content\/uploads\/sites\/11\/2024\/03\/Uttalelse-Opprettholde-stopp-for-regiontoget-pa-Bryne.pdf\" download><span class=\"file-title\">Uttalelse &#8211; Opprettholde stopp for regiontoget p\u00e5 Bryne<\/span><span class=\"file-name\"><\/span><\/a><\/div>\n\n\n\n<p><strong>Vedtatt p\u00e5 fylkesstyrem\u00f8te 18. november 2023<\/strong><\/p>\n\n\n\n<div class=\"wp-block-teft-file icon-link-block\"><a href=\"https:\/\/hoyre.no\/content\/uploads\/sites\/11\/2023\/11\/Uttalelse-Vi-krever-stromgrep-na.pdf\" download><span class=\"file-title\">Uttalelse: Vi krever str\u00f8mgrep n\u00e5!<\/span><span class=\"file-name\"><\/span><\/a><\/div>\n\n\n\n<p><strong>Vedtatt p\u00e5 fylkes\u00e5rsm\u00f8te 18. &#8211; 19. februar 2023 <\/strong><\/p>\n\n\n\n<div class=\"wp-block-teft-file icon-link-block\"><a href=\"https:\/\/hoyre.no\/content\/uploads\/sites\/11\/2023\/02\/Uttalelse-Bygg-ferdig-hele-Nye-Stavanger-universitetssjukehus-SUS-na\u030a.pdf\" download><span class=\"file-title\">Uttalelse: Bygg ferdig hele Nye Stavanger universitetssjukehus na\u030a<\/span><span class=\"file-name\"><\/span><\/a><\/div>\n\n\n\n<div class=\"wp-block-teft-file icon-link-block\"><a href=\"https:\/\/hoyre.no\/content\/uploads\/sites\/11\/2023\/02\/Uttalelse-om-eldreomsorg..pdf\" download><span class=\"file-title\">Uttalelse om eldreomsorg<\/span><span class=\"file-name\"><\/span><\/a><\/div>\n\n\n\n<div class=\"wp-block-teft-file icon-link-block\"><a href=\"https:\/\/hoyre.no\/content\/uploads\/sites\/11\/2023\/02\/Prioriter-unge-i-kommunene.pdf\" download><span class=\"file-title\">Prioriter unge i kommunene<\/span><span class=\"file-name\"><\/span><\/a><\/div>\n\n\n\n<div class=\"wp-block-teft-file icon-link-block\"><a href=\"https:\/\/hoyre.no\/content\/uploads\/sites\/11\/2023\/02\/Styrk-etterforskningen-pa\u030a-nettovergrep.pdf\" download><span class=\"file-title\">Styrk etterforskningen pa\u030a nettovergrep<\/span><span class=\"file-name\"><\/span><\/a><\/div>\n\n\n\n<div class=\"wp-block-teft-file icon-link-block\"><a href=\"https:\/\/hoyre.no\/content\/uploads\/sites\/11\/2023\/02\/Dagens-og-morgendagens-kraftsystem-og-energifylket-Rogaland.pdf\" download><span class=\"file-title\">Dagens og morgendagens kraftsystem og energifylket Rogaland<\/span><span class=\"file-name\"><\/span><\/a><\/div>\n\n\n\n<div class=\"wp-block-teft-file icon-link-block\"><a href=\"https:\/\/hoyre.no\/content\/uploads\/sites\/11\/2023\/02\/Storresolusjon-Bedre-lokalsamfunn-med-Hoyre-1.pdf\" download><span class=\"file-title\">Storresolusjon Bedre lokalsamfunn med H\u00f8yre<\/span><span class=\"file-name\">Storresolusjon-Bedre-lokalsamfunn-med-Hoyre-1.pdf [17.3kb]<\/span><\/a><\/div>\n\n\n\n<p><strong>Vedtatt p\u00e5 fylkes\u00e5rsm\u00f8te 5. februar 2022<\/strong> <\/p>\n\n\n\n<div class=\"wp-block-teft-file icon-link-block\"><a href=\"https:\/\/hoyre.no\/content\/uploads\/sites\/11\/2022\/02\/Bedre-lokalsamfunn-med-Hoyre.pdf\" download><span class=\"file-title\">Bedre lokalsamfunn med H\u00f8yre<\/span><span class=\"file-name\"><\/span><\/a><\/div>\n\n\n\n<div class=\"wp-block-teft-file icon-link-block\"><a href=\"https:\/\/hoyre.no\/content\/uploads\/sites\/11\/2022\/02\/Energifylket-Rogaland.pdf\" download><span class=\"file-title\">Energifylket Rogaland<\/span><span class=\"file-name\"><\/span><\/a><\/div>\n\n\n\n<div class=\"wp-block-teft-file icon-link-block\"><a href=\"https:\/\/hoyre.no\/content\/uploads\/sites\/11\/2022\/02\/Mer-kunnskap-og-tidlig-innsats-for-sarbare-unge.pdf\" download><span class=\"file-title\">Mer kunnskap og tidlig innsats for s\u00e5rbare unge<\/span><span class=\"file-name\"><\/span><\/a><\/div>\n\n\n\n<div class=\"wp-block-teft-file icon-link-block\"><a href=\"https:\/\/hoyre.no\/content\/uploads\/sites\/11\/2022\/02\/Fastlegeordningen.pdf\" download><span class=\"file-title\">Fastlegeordningen<\/span><span class=\"file-name\"><\/span><\/a><\/div>\n\n\n\n<div class=\"wp-block-teft-file icon-link-block\"><a href=\"https:\/\/hoyre.no\/content\/uploads\/sites\/11\/2022\/02\/Oppreisningsordning-for-tapt-barndom.pdf\" download><span class=\"file-title\">Oppreisningsordning for tapt barndom<\/span><span class=\"file-name\"><\/span><\/a><\/div>\n\n\n\n<div class=\"wp-block-teft-file icon-link-block\"><a href=\"https:\/\/hoyre.no\/content\/uploads\/sites\/11\/2022\/02\/Arbeidsplasser-i-fiskemelindustrien-og-pa-industritralerne-trues.pdf\" download><span class=\"file-title\">Uttalelse: Arbeidsplasser i fiskemelindustrien og p\u00e5 industritr\u00e5lerne trues<\/span><span class=\"file-name\"><\/span><\/a><\/div>\n\n\n\n<p><strong>Vedtatt p\u00e5 fylkes\u00e5rsm\u00f8te 6. februar 2021<\/strong><\/p>\n\n\n\n<div class=\"wp-block-teft-file icon-link-block\"><a href=\"https:\/\/hoyre.no\/content\/uploads\/sites\/11\/2022\/01\/Barnehager-medvikning-kompetanse-og-kvalitet.pdf\" download><span class=\"file-title\">Barnehager &#8211; medvirkning, kompetanse og kvalitet<\/span><span class=\"file-name\"><\/span><\/a><\/div>\n\n\n\n<div class=\"wp-block-teft-file icon-link-block\"><a href=\"https:\/\/hoyre.no\/content\/uploads\/sites\/11\/2022\/01\/Innvandrere-som-skaper-mer-og-inkluderer-flere.pdf\" download><span class=\"file-title\">Innvandrere som skaper mer og inkluderer flere<\/span><span class=\"file-name\"><\/span><\/a><\/div>\n\n\n\n<div class=\"wp-block-teft-file icon-link-block\"><a href=\"https:\/\/hoyre.no\/content\/uploads\/sites\/11\/2022\/01\/Okonomisk-baerekraft-etter-korona.pdf\" download><span class=\"file-title\">\u00d8konomisk b\u00e6rekraft etter korona.pdf<\/span><span class=\"file-name\"><\/span><\/a><\/div>\n\n\n\n<div class=\"wp-block-teft-file icon-link-block\"><a href=\"https:\/\/hoyre.no\/content\/uploads\/sites\/11\/2022\/01\/Uttalelse-om-underveistjenesten-ved-Stavanger-Kontrollsentral.pdf\" download><span class=\"file-title\">Uttalelse om underveistjenesten ved Stavanger Kontrollsentral.pdf<\/span><span class=\"file-name\"><\/span><\/a><\/div>\n\n\n\n<div class=\"wp-block-teft-file icon-link-block\"><a href=\"https:\/\/hoyre.no\/content\/uploads\/sites\/11\/2022\/01\/Gradsforskriften.pdf\" download><span class=\"file-title\">Gradsforskriften<\/span><span class=\"file-name\"><\/span><\/a><\/div>\n\n\n\n<p><strong>Vedtatt p\u00e5 fylkes\u00e5rsm\u00f8tet 16. februar 2020<\/strong><\/p>\n\n\n\n<div class=\"wp-block-teft-file icon-link-block\"><a href=\"https:\/\/hoyre.no\/content\/uploads\/sites\/11\/2022\/01\/Full-gass-for-Rogfast.pdf\" download><span class=\"file-title\">Full gass for Rogfast<\/span><span class=\"file-name\"><\/span><\/a><\/div>\n\n\n\n<div class=\"wp-block-teft-file icon-link-block\"><a href=\"https:\/\/hoyre.no\/content\/uploads\/sites\/11\/2022\/01\/Klima-og-energipolitikk-for-fremtiden.pdf\" download><span class=\"file-title\">Klima- og energipolitikk for fremtiden<\/span><span class=\"file-name\"><\/span><\/a><\/div>\n\n\n\n<div class=\"wp-block-teft-file icon-link-block\"><a href=\"https:\/\/hoyre.no\/content\/uploads\/sites\/11\/2022\/01\/Naeringsutvikling-\u2013-hva-skal-vi-leve-av-i-fremtiden.pdf\" download><span class=\"file-title\">N\u00e6ringsutvikling \u2013 hva skal vi leve av i fremtiden<\/span><span class=\"file-name\"><\/span><\/a><\/div>\n\n\n\n<div class=\"wp-block-teft-file icon-link-block\"><a href=\"https:\/\/hoyre.no\/content\/uploads\/sites\/11\/2022\/01\/Psykisk-helse-og-livsmestring.pdf\" download><span class=\"file-title\">Psykisk helse og livsmestring<\/span><span class=\"file-name\"><\/span><\/a><\/div>\n\n\n\n<div class=\"wp-block-teft-file icon-link-block\"><a href=\"https:\/\/hoyre.no\/content\/uploads\/sites\/11\/2022\/01\/Videregaende-opplaering-tilpasset-fremtidens-behov.pdf\" download><span class=\"file-title\">Videreg\u00e5ende oppl\u00e6ring tilpasset fremtidens behov<\/span><span class=\"file-name\"><\/span><\/a><\/div>\n","protected":false},"excerpt":{"rendered":"<p>Rogaland H\u00f8yres fylkestingsprogram Vedtatte resolusjoner i Rogaland H\u00f8yre Vedtatt p\u00e5 fylkes\u00e5rsm\u00f8te 31. januar &#8211; 1. februar 2026 Vedtatt p\u00e5 fylkes\u00e5rsm\u00f8te 8. &#8211; 9. februar 2025 Vedtatt p\u00e5 fylkes\u00e5rsm\u00f8te 9. &#8211; 10. mars 2024 Vedtatt p\u00e5 fylkesstyrem\u00f8te 18. november 2023 Vedtatt p\u00e5 fylkes\u00e5rsm\u00f8te 18. &#8211; 19. februar 2023 Vedtatt p\u00e5 fylkes\u00e5rsm\u00f8te 5. februar 2022 Vedtatt p\u00e5 [&hellip;]<\/p>\n","protected":false},"author":51320,"featured_media":0,"parent":0,"menu_order":0,"comment_status":"closed","ping_status":"closed","template":"","meta":{"teft_cards_image_url":"","teft_cards_custom_pretitle":"","teft_cards_image_id":0,"teft_cards_image_focal_point_x":0,"teft_cards_image_focal_point_y":0,"teft_cards_title":"","teft_cards_excerpt":"","teft_show_chapters":false,"footnotes":""},"class_list":["post-847","page","type-page","status-publish","hentry"],"yoast_head":"<!-- This site is optimized with the Yoast SEO plugin v26.6 - https:\/\/yoast.com\/wordpress\/plugins\/seo\/ -->\n<title>Politikk - Rogaland H\u00f8yre<\/title>\n<meta name=\"robots\" content=\"index, follow, max-snippet:-1, max-image-preview:large, max-video-preview:-1\" \/>\n<link rel=\"canonical\" href=\"https:\/\/hoyre.no\/rogaland\/politikk\/\" \/>\n<meta property=\"og:locale\" content=\"nb_NO\" \/>\n<meta property=\"og:type\" content=\"article\" \/>\n<meta property=\"og:title\" content=\"Politikk - Rogaland H\u00f8yre\" \/>\n<meta property=\"og:description\" content=\"Rogaland H\u00f8yres fylkestingsprogram Vedtatte resolusjoner i Rogaland H\u00f8yre Vedtatt p\u00e5 fylkes\u00e5rsm\u00f8te 31. januar &#8211; 1. februar 2026 Vedtatt p\u00e5 fylkes\u00e5rsm\u00f8te 8. &#8211; 9. februar 2025 Vedtatt p\u00e5 fylkes\u00e5rsm\u00f8te 9. &#8211; 10. mars 2024 Vedtatt p\u00e5 fylkesstyrem\u00f8te 18. november 2023 Vedtatt p\u00e5 fylkes\u00e5rsm\u00f8te 18. &#8211; 19. februar 2023 Vedtatt p\u00e5 fylkes\u00e5rsm\u00f8te 5. februar 2022 Vedtatt p\u00e5 [&hellip;]\" \/>\n<meta property=\"og:url\" content=\"https:\/\/hoyre.no\/rogaland\/politikk\/\" \/>\n<meta property=\"og:site_name\" content=\"Rogaland H\u00f8yre\" \/>\n<meta property=\"article:modified_time\" content=\"2026-02-01T16:59:10+00:00\" \/>\n<meta property=\"og:image\" content=\"https:\/\/hoyre.no\/content\/uploads\/sites\/11\/2022\/11\/Hoyres-logo.png\" \/>\n\t<meta property=\"og:image:width\" content=\"1000\" \/>\n\t<meta property=\"og:image:height\" content=\"1000\" \/>\n\t<meta property=\"og:image:type\" content=\"image\/png\" \/>\n<meta name=\"twitter:card\" content=\"summary_large_image\" \/>\n<meta name=\"twitter:label1\" content=\"Ansl. lesetid\" \/>\n\t<meta name=\"twitter:data1\" content=\"2 minutter\" \/>\n<script type=\"application\/ld+json\" class=\"yoast-schema-graph\">{\"@context\":\"https:\/\/schema.org\",\"@graph\":[{\"@type\":\"WebPage\",\"@id\":\"https:\/\/hoyre.no\/rogaland\/politikk\/\",\"url\":\"https:\/\/hoyre.no\/rogaland\/politikk\/\",\"name\":\"Politikk - Rogaland H\u00f8yre\",\"isPartOf\":{\"@id\":\"https:\/\/hoyre.no\/rogaland\/#website\"},\"datePublished\":\"2023-05-02T10:43:42+00:00\",\"dateModified\":\"2026-02-01T16:59:10+00:00\",\"breadcrumb\":{\"@id\":\"https:\/\/hoyre.no\/rogaland\/politikk\/#breadcrumb\"},\"inLanguage\":\"nb-NO\",\"potentialAction\":[{\"@type\":\"ReadAction\",\"target\":[\"https:\/\/hoyre.no\/rogaland\/politikk\/\"]}]},{\"@type\":\"BreadcrumbList\",\"@id\":\"https:\/\/hoyre.no\/rogaland\/politikk\/#breadcrumb\",\"itemListElement\":[{\"@type\":\"ListItem\",\"position\":1,\"name\":\"Til hoyre.no\",\"item\":\"https:\/\/hoyre.no\"},{\"@type\":\"ListItem\",\"position\":2,\"name\":\"Hjem\",\"item\":\"https:\/\/hoyre.no\/rogaland\/\"},{\"@type\":\"ListItem\",\"position\":3,\"name\":\"Politikk\"}]},{\"@type\":\"WebSite\",\"@id\":\"https:\/\/hoyre.no\/rogaland\/#website\",\"url\":\"https:\/\/hoyre.no\/rogaland\/\",\"name\":\"Rogaland H\u00f8yre\",\"description\":\"Bare enda et H\u00f8yres nettsteder-nettsted\",\"inLanguage\":\"nb-NO\"}]}<\/script>\n<!-- \/ Yoast SEO plugin. -->","yoast_head_json":{"title":"Politikk - Rogaland H\u00f8yre","robots":{"index":"index","follow":"follow","max-snippet":"max-snippet:-1","max-image-preview":"max-image-preview:large","max-video-preview":"max-video-preview:-1"},"canonical":"https:\/\/hoyre.no\/rogaland\/politikk\/","og_locale":"nb_NO","og_type":"article","og_title":"Politikk - Rogaland H\u00f8yre","og_description":"Rogaland H\u00f8yres fylkestingsprogram Vedtatte resolusjoner i Rogaland H\u00f8yre Vedtatt p\u00e5 fylkes\u00e5rsm\u00f8te 31. januar &#8211; 1. februar 2026 Vedtatt p\u00e5 fylkes\u00e5rsm\u00f8te 8. &#8211; 9. februar 2025 Vedtatt p\u00e5 fylkes\u00e5rsm\u00f8te 9. &#8211; 10. mars 2024 Vedtatt p\u00e5 fylkesstyrem\u00f8te 18. november 2023 Vedtatt p\u00e5 fylkes\u00e5rsm\u00f8te 18. &#8211; 19. februar 2023 Vedtatt p\u00e5 fylkes\u00e5rsm\u00f8te 5. februar 2022 Vedtatt p\u00e5 [&hellip;]","og_url":"https:\/\/hoyre.no\/rogaland\/politikk\/","og_site_name":"Rogaland H\u00f8yre","article_modified_time":"2026-02-01T16:59:10+00:00","og_image":[{"width":1000,"height":1000,"url":"https:\/\/hoyre.no\/content\/uploads\/sites\/11\/2022\/11\/Hoyres-logo.png","type":"image\/png"}],"twitter_card":"summary_large_image","twitter_misc":{"Ansl. lesetid":"2 minutter"},"schema":{"@context":"https:\/\/schema.org","@graph":[{"@type":"WebPage","@id":"https:\/\/hoyre.no\/rogaland\/politikk\/","url":"https:\/\/hoyre.no\/rogaland\/politikk\/","name":"Politikk - Rogaland H\u00f8yre","isPartOf":{"@id":"https:\/\/hoyre.no\/rogaland\/#website"},"datePublished":"2023-05-02T10:43:42+00:00","dateModified":"2026-02-01T16:59:10+00:00","breadcrumb":{"@id":"https:\/\/hoyre.no\/rogaland\/politikk\/#breadcrumb"},"inLanguage":"nb-NO","potentialAction":[{"@type":"ReadAction","target":["https:\/\/hoyre.no\/rogaland\/politikk\/"]}]},{"@type":"BreadcrumbList","@id":"https:\/\/hoyre.no\/rogaland\/politikk\/#breadcrumb","itemListElement":[{"@type":"ListItem","position":1,"name":"Til hoyre.no","item":"https:\/\/hoyre.no"},{"@type":"ListItem","position":2,"name":"Hjem","item":"https:\/\/hoyre.no\/rogaland\/"},{"@type":"ListItem","position":3,"name":"Politikk"}]},{"@type":"WebSite","@id":"https:\/\/hoyre.no\/rogaland\/#website","url":"https:\/\/hoyre.no\/rogaland\/","name":"Rogaland H\u00f8yre","description":"Bare enda et H\u00f8yres nettsteder-nettsted","inLanguage":"nb-NO"}]}},"distributor_meta":false,"distributor_terms":false,"distributor_media":false,"distributor_original_site_name":"Rogaland H\u00f8yre","distributor_original_site_url":"https:\/\/hoyre.no\/rogaland","push-errors":false,"_links":{"self":[{"href":"https:\/\/hoyre.no\/rogaland\/wp-json\/wp\/v2\/pages\/847","targetHints":{"allow":["GET"]}}],"collection":[{"href":"https:\/\/hoyre.no\/rogaland\/wp-json\/wp\/v2\/pages"}],"about":[{"href":"https:\/\/hoyre.no\/rogaland\/wp-json\/wp\/v2\/types\/page"}],"author":[{"embeddable":true,"href":"https:\/\/hoyre.no\/rogaland\/wp-json\/wp\/v2\/users\/51320"}],"replies":[{"embeddable":true,"href":"https:\/\/hoyre.no\/rogaland\/wp-json\/wp\/v2\/comments?post=847"}],"version-history":[{"count":13,"href":"https:\/\/hoyre.no\/rogaland\/wp-json\/wp\/v2\/pages\/847\/revisions"}],"predecessor-version":[{"id":1633,"href":"https:\/\/hoyre.no\/rogaland\/wp-json\/wp\/v2\/pages\/847\/revisions\/1633"}],"wp:attachment":[{"href":"https:\/\/hoyre.no\/rogaland\/wp-json\/wp\/v2\/media?parent=847"}],"curies":[{"name":"wp","href":"https:\/\/api.w.org\/{rel}","templated":true}]}}