{"id":38,"date":"2023-05-02T12:50:29","date_gmt":"2023-05-02T10:50:29","guid":{"rendered":"https:\/\/hoyre.no\/sagene\/?page_id=38"},"modified":"2023-07-31T16:49:57","modified_gmt":"2023-07-31T14:49:57","slug":"politikk","status":"publish","type":"page","link":"https:\/\/hoyre.no\/sagene\/politikk\/","title":{"rendered":"Politikk"},"content":{"rendered":"\n<div class=\"wp-block-hoyre-hero with-image-gradient text-color-light  has-media alignfull has-background\"><div class=\"hoyre-hero has-image\"><h1 class=\"title\">SAGENE H\u00d8YRES BYDELSPROGRAM <br>2023-2027<\/h1><p class=\"preamble\">Oslo H\u00f8yres kommunevalgprogram finner du p\u00e5 <a href=\"http:\/\/www.oslo.hoyre.no\/\">www.oslo.hoyre.no<\/a><\/p>\t\t\t<div class=\"post-meta wp-block teft-byline-wrapper\">\n\t\t\t\t<div class=\"top\">\n\t\t\t\t\t<div class=\"signature\">\n\t\t\t\t\t\t<div class=\"teft-byline\">\n\t\t\t\t\t\t\t\t\t\t\t\t\t\t<div>\n\t\t\t\t\t\t\t\t<h3>H\u00f8yres redaksjon<\/h3>\t\t\t\t\t\t\t\t\n\t\t\t\t\t\t\t\t\t\t\t\t\t\t\t\t\t<span class=\"date\">Sist oppdatert: 31. juli 2023<\/span>\n\t\t\t\t\t\t\t\t\t\t\t\t\t\t\t\t\t\t\t\t\t\t\t\t\t<span class=\"reading-time\" itemprop=\"timeRequired\" content=\"PT10M\"><em>Ca. 10 minutter lesetid<\/em><\/span>\n\t\t\t\t\t\t\t\t\t\t\t\t\t\t\t<\/div>\n\t\t\t\t\t\t<\/div>\n\t\t\t\t\t<\/div>\n\t\t\t\t\t\t<div class=\"sharing\">\n\t\t<a class=\"share-button share-link copy-link\" data-copy=\"https:\/\/hoyre.no\/sagene\/politikk\/\" target=\"_blank\"><span class=\"screen-reader-text\">Del link<\/span><\/a>\n\t\t<a class=\"share-button share-twitter\" href=\"http:\/\/twitter.com\/share?text=Politikk&#038;url=https:\/\/hoyre.no\/sagene\/politikk\/&#038;hashtags=Hoyre\" target=\"_blank\"><span class=\"screen-reader-text\">Del p\u00e5 twitter<\/span><\/a>\n\t\t<a class=\"share-button share-facebook\" href=\"https:\/\/www.facebook.com\/sharer\/sharer.php?u=https:\/\/hoyre.no\/sagene\/politikk\/\" target=\"_blank\"><span class=\"screen-reader-text\">Del p\u00e5 facebook<\/span><\/a>\n\t<\/div>\n\t\t\t\t\t<\/div>\n\t\t\t<\/div>\n\n\t\t\t<figure class=\"hoyre-image-wrapper\"><div class=\"hoyre-image\"><img loading=\"lazy\" decoding=\"async\" width=\"2500\" height=\"1662\" src=\"https:\/\/hoyre.no\/content\/uploads\/sites\/412\/2023\/06\/DSC_0144-1-scaled.jpg\" class=\"attachment-scaled size-scaled\" alt=\"\" style=\"object-position: 50% 50%\" srcset=\"https:\/\/hoyre.no\/content\/uploads\/sites\/412\/2023\/06\/DSC_0144-1-scaled.jpg 2500w, https:\/\/hoyre.no\/content\/uploads\/sites\/412\/2023\/06\/DSC_0144-1-300x199.jpg 300w, https:\/\/hoyre.no\/content\/uploads\/sites\/412\/2023\/06\/DSC_0144-1-1024x681.jpg 1024w, https:\/\/hoyre.no\/content\/uploads\/sites\/412\/2023\/06\/DSC_0144-1-768x511.jpg 768w, https:\/\/hoyre.no\/content\/uploads\/sites\/412\/2023\/06\/DSC_0144-1-1536x1021.jpg 1536w, https:\/\/hoyre.no\/content\/uploads\/sites\/412\/2023\/06\/DSC_0144-1-2048x1362.jpg 2048w\" sizes=\"auto, (max-width: 2500px) 100vw, 2500px\" \/><\/div><\/figure><\/div><\/div>\n\n\n\n\n<h2 class=\"wp-block-heading\"><strong>Innledning&nbsp;<\/strong><\/h2>\n\n\n\n<p>Sagene er en tett, mangfoldig og spennende bydel. Det gir oss mange muligheter, men ogs\u00e5 noen utfordringer n\u00e5r det gjelder fremkommelighet og knappe arealer. V\u00e5rt utgangspunkt er at det skal v\u00e6re plass for alle i bydelen, og at ulike mennesker har ulike behov. Bydelen er avhengig av en mangfoldig boligsammensetning, gr\u00f8nne arealer og enkle reisem\u00e5ter.<\/p>\n\n\n\n<p>Sagene skal v\u00e6re en bydel hvor det er trygt og godt \u00e5 vokse opp. Unge mennesker som vokser opp i Sagene, skal ha minst like gode muligheter som ungdommer ellers i Oslo til \u00e5 ha en god barndom og en fin ungdomstid, fullf\u00f8re og best\u00e5 videreg\u00e5ende skole og til \u00e5 kunne fors\u00f8rge seg selv n\u00e5r de blir voksne.<\/p>\n\n\n\n<p>Vi vil ha en bydel for deg som \u00f8nsker \u00e5 komme raskt frem med kollektivtransport, for deg som sykler, for deg som liker \u00e5 g\u00e5, og for deg som har behov for bil. Mange av oss gj\u00f8r alle disse tingene, derfor m\u00e5 politikken og tiltakene balanseres.<\/p>\n\n\n\n<p>Sagene er en bydel med mye liv. B\u00e5de n\u00e6ringsliv og kultur m\u00e5 f\u00e5 blomstre, og politikken skal legge til rette for det gjennom forutsigbare rammevilk\u00e5r.<\/p>\n\n\n\n<p>Innbyggerne i Sagene skal kunne f\u00f8le seg trygge. Kriminalitet i bydelen er ikke et nytt fenomen, men det betyr ikke at det m\u00e5 v\u00e6re slik. H\u00f8yre er spesielt bekymret for at stadig yngre barn og unge i bydelen rekrutteres til kriminelle milj\u00f8er.&nbsp;<\/p>\n\n\n\n<p>I Sagene skal du f\u00e5 den hjelpen du trenger. Vil du bo hele livet ditt i Sagene, skal du ha mulighet til det. Tjenestene skal v\u00e6re tilpasset dine behov, slik at du kan f\u00e5, og velge den hjelpen du \u00f8nsker og har krav p\u00e5.&nbsp;<\/p>\n\n\n\n<p>H\u00f8yre bygger sin politikk p\u00e5 tillit til enkeltmennesket og sivilsamfunnet. Mennesker som gis tillit og frihet, tar ansvar. Samtidig er vi et sosialt ansvarlig parti som mener samfunnet skal stille opp for dem som trenger hjelp og st\u00f8tte p\u00e5 en god m\u00e5te, enten dette er i kortere livsperioder eller i lengre. Sagene H\u00f8yre vil prioritere det viktigste f\u00f8rst, &#8211; grunnleggende velferdstjenester som gir oss trygghet for at vi f\u00e5r god hjelp hvis vi trenger det.<\/p>\n\n\n\n<p>Godt valg,<br>Sagene H\u00f8yre<\/p>\n\n\n\n\n<div class=\"wp-block-teft-accordion\"><div class=\"teft-accordion__inner\">\n<div class=\"wp-block-teft-item\"><div class=\"teft-item__inner\"><h4 class=\"toggle\"><strong>Transport og fremkommelighet<\/strong><\/h4><div class=\"teft-item__inner-content entry-content\">\n<p>Sagene er en tett bydel i kraftig utvikling. Det gir oss mange muligheter, men ogs\u00e5 utfordringer med tanke p\u00e5 fremkommelighet og kamp om knappe arealer. H\u00f8yre \u00f8nsker \u00e5 legge til rette for et variert n\u00e6ringsliv og kulturliv. Vi vil legge til rette for kollektivtrafikk, syklende og g\u00e5ende i bydelen, men det skal ogs\u00e5 v\u00e6re mulig \u00e5 ha bil i Sagene hvis man \u00f8nsker det. Hvis man betaler for beboerparkering, skal man ha reell mulighet til \u00e5 kunne finne parkeringsplass, og prisen per \u00e5r skal ikke v\u00e6re h\u00f8yere enn i andre bydeler.<\/p>\n\n\n\n<p><em>Sagene H\u00f8yre vil:<\/em><\/p>\n\n\n\n<ul class=\"wp-block-list\"><li>jobbe for flere korttidsparkeringsplasser slik at lokalt n\u00e6ringsliv er tilgjengelig for kunder\/publikum<\/li><li>sikre mer effektiv trafikkavvikling for buss og trikk ved \u00e5 innf\u00f8re trafikk fremmende tiltak, slik som&nbsp;trafikklysprioritering<\/li><li>sikre bussruter til ulike deler av sentrum og \u00f8ke antall avganger<\/li><li>jobbe for fartsreduserende tiltak i bydelen der det er hensiktsmessig<\/li><li>sikre tilstrekkelig parkeringsnorm, slik at det ved nybygg p\u00e5legges \u00e5 bygge nok parkeringsplasser under bakken<\/li><li>bedre vintervedlikeholdet av fortau, gangveier, sykkelveier og gater<\/li><li>jobbe for at beboerparkeringsordningen skal v\u00e6re et reelt tilbud til innbyggere som har bil, ved \u00e5 sikre en rimelig dekning\/kapasitet<\/li><li>jobbe for god tilgang p\u00e5 bildeling<\/li><li>sikre god tilgang p\u00e5 ladeplasser<\/li><li>arbeide for bedre sambruk av turveien langs Akerselva for fotgjengere og syklister<\/li><li>fortsette \u00e5 prioritere sykkelveier og sykkeltiltak der dette har stor nytte og effekt, for eksempel ved \u00e5 prioritere tiltak som utbedring av farlige kryss og sammenhengende sykkelfelt<\/li><\/ul>\n<\/div><\/div><\/div>\n\n\n\n<div class=\"wp-block-teft-item\"><div class=\"teft-item__inner\"><h4 class=\"toggle\"><strong>En god og trygg oppvekst i Sagene bydel<\/strong><\/h4><div class=\"teft-item__inner-content entry-content\">\n<p>Sagene skal v\u00e6re en familievennlig bydel. Sagene H\u00f8yre \u00f8nsker \u00e5 skape gode oppvekstsvilk\u00e5r gjennom barnehager og skoler av h\u00f8y kvalitet, et mangfold av fritidsaktiviteter for barn og unge og et trygt og trivelig n\u00e6rmilj\u00f8.<\/p>\n\n\n\n<p><em>Sagene H\u00f8yre vil:<\/em><\/p>\n\n\n\n<ul class=\"wp-block-list\"><li>sikre tilstrekkelig bemanning i barnehagene<\/li><li>sikre at ansatte og vikarer i barnehagene har tilstrekkelige faglige og spr\u00e5klige ferdigheter<\/li><li>iverksette m\u00e5lrettede tiltak for lavere sykefrav\u00e6r i bydelen, spesielt i barnehagene<\/li><li>sikre like vilk\u00e5r for kommunale og private barnehager<\/li><li>s\u00f8rge for et mangfoldig og trygt fritidstilbud for ungdom i bydelen slik som gode \u00e5pningstider i skatehallen<\/li><li>arbeide m\u00e5lrettet med barn og ungdom som er i risikosonen for rus, blant annet gjennom \u00e5 ansette ruskonsulent<\/li><li>s\u00f8rge for faste stillinger til utekontakter i forebyggende team<\/li><li>sikre godt tverrfaglig samarbeid mellom barnevern, barnehage, skole og bydelen<\/li><li>st\u00f8tte opp om ettervernet for ungdom i alderen 18-23 \u00e5r som har hatt barneverntiltak<\/li><li>prioritere st\u00f8tte til frivillige foreninger og lag som driver barne- og ungdomsarbeid og ungdomsklubber i bydelen<\/li><li>involvere og lytte til barne- og ungdomsr\u00e5det om saker som ang\u00e5r dem<\/li><li>sikre at alle elever f\u00e5r sv\u00f8mmeoppl\u00e6ring i tr\u00e5d med l\u00e6replanen<\/li><li>styrke skolehelsetjenesten og helsestasjonen for barn og unge<\/li><li>legge til rette for \u00e5 \u00f8ke andelen som fullf\u00f8rer og best\u00e5r videreg\u00e5ende skole gjennom godt samarbeid mellom bydelen og skolene<\/li><li>styrke yrkesfagsoppl\u00e6ringen og l\u00e6rlingordninger gjennom blant annet godt samarbeid mellom bydelen og det lokale n\u00e6ringslivet<\/li><\/ul>\n<\/div><\/div><\/div>\n\n\n\n<div class=\"wp-block-teft-item\"><div class=\"teft-item__inner\"><h4 class=\"toggle\"><strong>En gr\u00f8nn og levende bydel<\/strong><\/h4><div class=\"teft-item__inner-content entry-content\">\n<p>Sagene skal v\u00e6re en gr\u00f8nn og klimavennlig foregangsbydel, med tilgang til rene parker og liv i gatene b\u00e5de p\u00e5 dagen og p\u00e5 kvelden. Parker og andre omr\u00e5der skal v\u00e6re tilgjengelige for alle aldersgrupper.<\/p>\n\n\n\n<p><em>Sagene H\u00f8yre vil:<\/em><\/p>\n\n\n\n<ul class=\"wp-block-list\"><li>bevare og vedlikeholde bydelens gr\u00f8ntomr\u00e5der<\/li><li>ha en ny park i Nydalen<\/li><li>v\u00e6re positive til initiativ som skaper liv i parkene, slik som uteservering, sitteplasser og lekeomr\u00e5der<\/li><li>legge til rette for flere permanente toaletter i bydelens parker og sikre god kapasitet i h\u00f8ysesong<\/li><li>sikre godt vintervedlikehold av Voldsl\u00f8kka til idrettsform\u00e5l<\/li><li>jobbe for \u00e5 tilrettelegge for ferdsel rundt Bj\u00f8lsenfossen<\/li><li>sikre et godt biologisk mangfold i bydelen<\/li><li>legge til rette for trening og fysisk aktivitet i bydelens parker og gr\u00f8ntomr\u00e5der<\/li><li>jobbe for at det blir etablert flere badeplasser langs Akerselva<\/li><li>ha en variert boligsammensetning slik at man kan bo i Sagene bydel i alle livsfaser<\/li><li>at nye boligprosjekter ses i sammenheng med eksisterende arkitektur<\/li><li>\u00f8ke antall boenheter i bydelen gjennom \u00e5 bygge leiligheter fortrinnsvis rundt kollektivknutepunkt<\/li><li>st\u00f8tte gode tiltak for gjenbruk og kildesortering i bydelen<\/li><li>v\u00e6re p\u00e5drivere for at bydelen skal ta sine klimasatsninger i tr\u00e5d med FNs b\u00e6rekraftsm\u00e5l, som ogs\u00e5 forplikter p\u00e5 lokale tiltak<\/li><\/ul>\n<\/div><\/div><\/div>\n\n\n\n<div class=\"wp-block-teft-item\"><div class=\"teft-item__inner\"><h4 class=\"toggle\"><strong>Hjelp og omsorg n\u00e5r du trenger det<\/strong><\/h4><div class=\"teft-item__inner-content entry-content\">\n<p>Sagene er en mangfoldig bydel. H\u00f8yre vil sikre velferdstilbud for alle aldersgrupper i alle livsfaser. Det skal v\u00e6re valgfrihet og h\u00f8y kvalitet innen helse- og omsorgstjenestene i Sagene Bydel. Kvaliteten p\u00e5 tilbudene er viktigere enn hvem som drifter dem<em>.<\/em> Vi vil legge til rette for godt samspill og samarbeid mellom kommunen, bydelen, frivilligheten og private og ideelle akt\u00f8rer for \u00e5 sikre gode helse- og omsorgstjenester, og \u00e5 sikre tidlig innsats. H\u00f8yre vil gi hjelp til dem som trenger det, n\u00e5r de trenger det.&nbsp;<\/p>\n\n\n\n<p><em>Sagene H\u00f8yre vil:<\/em><\/p>\n\n\n\n<ul class=\"wp-block-list\"><li>sikre sykehjemsplasser til alle som trenger det, b\u00e5de korttids- og langtidsplasser<\/li><li>styrke dagsentertilbudet<\/li><li>sikre at eldre kan bo i sitt eget hjem s\u00e5 lenge som mulig ved \u00e5 styrke hjemmetjenesten og hjemmesykepleien og sikre retten til fritt brukervalg<\/li><li>sikre fritt brukervalg og tilstrekkelig antall timer Brukerstyrt Personlig Assistanse (BPA)&nbsp;<\/li><li>at eldre p\u00e5 sykehjem i Sagene skal f\u00e5 tilbud om minst \u00e9n time aktivitet daglig med bakgrunn i egne interesser, \u00f8nsker og behov<\/li><li>sikre at rehabiliterte rusmisbrukere kan f\u00e5 bolig i et rusfritt milj\u00f8<\/li><li>videreutvikle satsingen p\u00e5 velferdsteknologi, slik som fallsensorer og kommunikasjonsteknologi mellom den eldre og tverrfaglig helseteam<\/li><li>styrke samarbeidet med organisasjoner, sosiale entrepren\u00f8rer og frivillige som arbeider for \u00e5 redusere ensomheten blant de eldre i Sagene<\/li><li>legge til rette for flere m\u00f8teplasser der unge og eldre kan m\u00f8tes p\u00e5 tvers av generasjonene, for eksempel ved \u00e5 inng\u00e5 samarbeid med flere barnehager og skoler<\/li><li>s\u00f8rge for at sykehjem og omsorgsboliger blir en integrert del av lokalmilj\u00f8et, for eksempel ved \u00e5 etablere \u00e5pne kafeer og restauranter ved institusjonene<\/li><li>stille spr\u00e5kkrav til ansatte i omsorgstjenestene<\/li><li>forbedre samarbeidet mellom Sagene Bydel og lokalsykehusene, slik at hjemmeboende eldre ogs\u00e5 f\u00e5r oppf\u00f8lging av helseteam i Sagene etter oppholdet<\/li><li>jobbe for \u00e5 gj\u00f8re Sagene til en demensvennlig bydel<\/li><li>styrke relevante helsetilbud ift. kompetanse innen b\u00e5de forebygging og behandlingsst\u00f8tte og utvide tilbudet om aldersvennlig transport (rosa busser), gjerne ogs\u00e5 utenfor bydelsgrensene<\/li><li>styrke oppl\u00e6ringen og oppf\u00f8lgingen av tilsynsutvalgene i bydelen<\/li><\/ul>\n<\/div><\/div><\/div>\n\n\n\n<div class=\"wp-block-teft-item\"><div class=\"teft-item__inner\"><h4 class=\"toggle\"><strong>En n\u00e6ringsvennlig kulturbydel<\/strong><\/h4><div class=\"teft-item__inner-content entry-content\">\n<p>Sagene H\u00f8yre \u00f8nsker \u00e5 sikre en levende bydel. Det gj\u00f8r vi gjennom et sterkt lokalt n\u00e6ringsliv og et mangfoldig kulturtilbud som er tilgjengelig for hele bydelen. N\u00e6ringslivet er avhengig av forutsigbare rammevilk\u00e5r, og kundene m\u00e5 sikres tilgjengelighet uansett hvor i bydelen virksomheten drives. Sagene H\u00f8yre mener vi m\u00e5 lytte til dem som driver n\u00e6ring i bydelen og at de m\u00e5 h\u00f8res i saker som ang\u00e5r dem.<\/p>\n\n\n\n<p><em>Sagene H\u00f8yre vil:<\/em><\/p>\n\n\n\n<ul class=\"wp-block-list\"><li>gj\u00f8re Sagene til et attraktivt omr\u00e5de for kultur gjennom arrang\u00f8rtilrettelegging i parker og p\u00e5 torg<\/li><li>s\u00f8rge for at virksomheter p\u00e5 gateplan er tilgjengelig for publikum uavhengig av om trikk, buss, bil eller sykkel benyttes<\/li><li>lytte til og tilrettelegge for et mangfoldig n\u00e6ringsliv<\/li><li>legge til rette for at n\u00e6ringer som skaper et levende byliv har gode vilk\u00e5r i bydelen<\/li><li>\u00e5pne for at utesteder skal kunne holde \u00e5pent til kl. 02.00, uteservering skal kunne holde \u00e5pent til kl. 23.00<\/li><li>ha forutsigbarhet for n\u00e6ringsdrivende og utbyggere ved likhet og rettferdighet i saksbehandlingen<\/li><li>tilrettelegge for at kultur og kreative n\u00e6ringer skal kunne utvikle seg i bydelen<\/li><\/ul>\n\n\n\n<p>prioritere n\u00e6ring som skaper liv og retter seg mot publikum fremfor kontorer p\u00e5 gateplan i bydelen<br><\/p>\n<\/div><\/div><\/div>\n\n\n\n<div class=\"wp-block-teft-item\"><div class=\"teft-item__inner\"><h4 class=\"toggle\"><strong>En trygg bydel<\/strong><\/h4><div class=\"teft-item__inner-content entry-content\">\n<p>Sagene er en god bydel \u00e5 bo i, men bydelen har ogs\u00e5 utfordringer knyttet til kriminalitet. Sagene H\u00f8yre mener det m\u00e5 settes inn tiltak for \u00e5 motvirke kriminalitet slik som vold, skyting og \u00e5pen omsetning av rusmidler. Det viktigste vi gj\u00f8r er \u00e5 sikre forebyggende arbeid og tilstedev\u00e6rende tiltak som motvirker kriminalitet.<\/p>\n\n\n\n<p><em>Sagene H\u00f8yre vil:<\/em><\/p>\n\n\n\n<ul class=\"wp-block-list\"><li>legge til rette for tilstedev\u00e6relse av trygge og sikre voksne, for eksempel trygghetsvandrere<\/li><li>forebygge rekruttering av barn og unge til kriminelle milj\u00f8er<\/li><li>s\u00f8rge for at bydelen har et synlig og tilgjengelig politi&nbsp;<\/li><li>sikre god spredning av kommunale boliger i bydelen for \u00e5 sikre et variert bomilj\u00f8<\/li><li>\u00f8ke belysningen i bydelens parker og omr\u00e5der der folk ferdes<\/li><\/ul>\n<\/div><\/div><\/div>\n\n\n\n<div class=\"wp-block-teft-item\"><div class=\"teft-item__inner\"><h4 class=\"toggle\"><strong>Et levende og reelt lokaldemokrati<\/strong><\/h4><div class=\"teft-item__inner-content entry-content\">\n<p>I bydel Sagene bor det 45 000 mennesker, omtrent like mange som i Arendal kommune. Vi som bor og lever i bydelen, er n\u00e6rmest til \u00e5 vite hvordan bydelen b\u00f8r utvikles, hvordan bomilj\u00f8ene v\u00e5re b\u00f8r v\u00e6re og hvilke behov innbyggerne har.<\/p>\n\n\n\n<p><em>Sagene H\u00f8yre vil:<\/em><\/p>\n\n\n\n<ul class=\"wp-block-list\"><li>sikre reell involvering av beboere og folkevalgte i forbindelse med reguleringsprosjekter og beslutninger som har stor betydning for bomilj\u00f8ene v\u00e5re<\/li><li>bidra til og \u00e5pne og tilgjengeliggj\u00f8re innbyggerenes medvirkning i bydelspolitikken<\/li><li>arbeide for at bydelen f\u00e5r st\u00f8rre budsjetter og utvidede ansvarsomr\u00e5der<\/li><\/ul>\n<\/div><\/div><\/div>\n<\/div><\/div>\n\n\n\n<div class=\"wp-block-teft-accordion\"><div class=\"teft-accordion__inner\"><\/div><\/div>\n\n\n<div class=\"wp-block hoyre-section alignfull has-background wp-block-hoyre-section\"><div class=\"inner-blocks alignwide\">\n\n<p class=\"has-text-align-left\">Last ned Sagene H\u00f8yres program her:<\/p>\n\n\n\n<div class=\"wp-block-teft-file icon-link-block\"><a href=\"https:\/\/hoyre.no\/content\/uploads\/sites\/412\/2023\/07\/Bydelsprogram-Sagene-Hoyre-2023-2027.pdf\" download><span class=\"file-title\">Sagene H\u00f8yres program 2023-2027<\/span><span class=\"file-name\">Bydelsprogram-Sagene-Hoyre-2023-2027.pdf [65.9kb]<\/span><\/a><\/div>\n\n<\/div><\/div>","protected":false},"excerpt":{"rendered":"","protected":false},"author":23018,"featured_media":0,"parent":0,"menu_order":0,"comment_status":"closed","ping_status":"closed","template":"","meta":{"teft_cards_image_url":"","teft_cards_custom_pretitle":"","teft_cards_image_id":0,"teft_cards_image_focal_point_x":0,"teft_cards_image_focal_point_y":0,"teft_cards_title":"","teft_cards_excerpt":"","teft_show_chapters":false,"footnotes":""},"class_list":["post-38","page","type-page","status-publish","hentry"],"yoast_head":"<!-- This site is optimized with the Yoast SEO plugin v26.6 - https:\/\/yoast.com\/wordpress\/plugins\/seo\/ -->\n<title>Politikk - Sagene H\u00f8yre<\/title>\n<meta name=\"robots\" content=\"index, follow, max-snippet:-1, max-image-preview:large, max-video-preview:-1\" \/>\n<link rel=\"canonical\" href=\"https:\/\/hoyre.no\/sagene\/politikk\/\" \/>\n<meta property=\"og:locale\" content=\"nb_NO\" \/>\n<meta property=\"og:type\" content=\"article\" \/>\n<meta property=\"og:title\" content=\"Politikk - Sagene H\u00f8yre\" \/>\n<meta property=\"og:url\" content=\"https:\/\/hoyre.no\/sagene\/politikk\/\" \/>\n<meta property=\"og:site_name\" content=\"Sagene H\u00f8yre\" \/>\n<meta property=\"article:modified_time\" content=\"2023-07-31T14:49:57+00:00\" \/>\n<meta property=\"og:image\" content=\"https:\/\/hoyre.no\/content\/uploads\/sites\/412\/2022\/11\/Hoyres-logo.png\" \/>\n\t<meta property=\"og:image:width\" content=\"1000\" \/>\n\t<meta property=\"og:image:height\" content=\"1000\" \/>\n\t<meta property=\"og:image:type\" content=\"image\/png\" \/>\n<meta name=\"twitter:card\" content=\"summary_large_image\" \/>\n<meta name=\"twitter:label1\" content=\"Ansl. lesetid\" \/>\n\t<meta name=\"twitter:data1\" content=\"10 minutter\" \/>\n<script type=\"application\/ld+json\" class=\"yoast-schema-graph\">{\"@context\":\"https:\/\/schema.org\",\"@graph\":[{\"@type\":\"WebPage\",\"@id\":\"https:\/\/hoyre.no\/sagene\/politikk\/\",\"url\":\"https:\/\/hoyre.no\/sagene\/politikk\/\",\"name\":\"Politikk - Sagene H\u00f8yre\",\"isPartOf\":{\"@id\":\"https:\/\/hoyre.no\/sagene\/#website\"},\"datePublished\":\"2023-05-02T10:50:29+00:00\",\"dateModified\":\"2023-07-31T14:49:57+00:00\",\"breadcrumb\":{\"@id\":\"https:\/\/hoyre.no\/sagene\/politikk\/#breadcrumb\"},\"inLanguage\":\"nb-NO\",\"potentialAction\":[{\"@type\":\"ReadAction\",\"target\":[\"https:\/\/hoyre.no\/sagene\/politikk\/\"]}]},{\"@type\":\"BreadcrumbList\",\"@id\":\"https:\/\/hoyre.no\/sagene\/politikk\/#breadcrumb\",\"itemListElement\":[{\"@type\":\"ListItem\",\"position\":1,\"name\":\"Til hoyre.no\",\"item\":\"https:\/\/hoyre.no\"},{\"@type\":\"ListItem\",\"position\":2,\"name\":\"Hjem\",\"item\":\"https:\/\/hoyre.no\/sagene\/\"},{\"@type\":\"ListItem\",\"position\":3,\"name\":\"Politikk\"}]},{\"@type\":\"WebSite\",\"@id\":\"https:\/\/hoyre.no\/sagene\/#website\",\"url\":\"https:\/\/hoyre.no\/sagene\/\",\"name\":\"Sagene H\u00f8yre\",\"description\":\"Bare enda et H\u00f8yres nettsteder-nettsted\",\"inLanguage\":\"nb-NO\"}]}<\/script>\n<!-- \/ Yoast SEO plugin. -->","yoast_head_json":{"title":"Politikk - Sagene H\u00f8yre","robots":{"index":"index","follow":"follow","max-snippet":"max-snippet:-1","max-image-preview":"max-image-preview:large","max-video-preview":"max-video-preview:-1"},"canonical":"https:\/\/hoyre.no\/sagene\/politikk\/","og_locale":"nb_NO","og_type":"article","og_title":"Politikk - Sagene H\u00f8yre","og_url":"https:\/\/hoyre.no\/sagene\/politikk\/","og_site_name":"Sagene H\u00f8yre","article_modified_time":"2023-07-31T14:49:57+00:00","og_image":[{"width":1000,"height":1000,"url":"https:\/\/hoyre.no\/content\/uploads\/sites\/412\/2022\/11\/Hoyres-logo.png","type":"image\/png"}],"twitter_card":"summary_large_image","twitter_misc":{"Ansl. lesetid":"10 minutter"},"schema":{"@context":"https:\/\/schema.org","@graph":[{"@type":"WebPage","@id":"https:\/\/hoyre.no\/sagene\/politikk\/","url":"https:\/\/hoyre.no\/sagene\/politikk\/","name":"Politikk - Sagene H\u00f8yre","isPartOf":{"@id":"https:\/\/hoyre.no\/sagene\/#website"},"datePublished":"2023-05-02T10:50:29+00:00","dateModified":"2023-07-31T14:49:57+00:00","breadcrumb":{"@id":"https:\/\/hoyre.no\/sagene\/politikk\/#breadcrumb"},"inLanguage":"nb-NO","potentialAction":[{"@type":"ReadAction","target":["https:\/\/hoyre.no\/sagene\/politikk\/"]}]},{"@type":"BreadcrumbList","@id":"https:\/\/hoyre.no\/sagene\/politikk\/#breadcrumb","itemListElement":[{"@type":"ListItem","position":1,"name":"Til hoyre.no","item":"https:\/\/hoyre.no"},{"@type":"ListItem","position":2,"name":"Hjem","item":"https:\/\/hoyre.no\/sagene\/"},{"@type":"ListItem","position":3,"name":"Politikk"}]},{"@type":"WebSite","@id":"https:\/\/hoyre.no\/sagene\/#website","url":"https:\/\/hoyre.no\/sagene\/","name":"Sagene H\u00f8yre","description":"Bare enda et H\u00f8yres nettsteder-nettsted","inLanguage":"nb-NO"}]}},"distributor_meta":false,"distributor_terms":false,"distributor_media":false,"distributor_original_site_name":"Sagene H\u00f8yre","distributor_original_site_url":"https:\/\/hoyre.no\/sagene","push-errors":false,"_links":{"self":[{"href":"https:\/\/hoyre.no\/sagene\/wp-json\/wp\/v2\/pages\/38","targetHints":{"allow":["GET"]}}],"collection":[{"href":"https:\/\/hoyre.no\/sagene\/wp-json\/wp\/v2\/pages"}],"about":[{"href":"https:\/\/hoyre.no\/sagene\/wp-json\/wp\/v2\/types\/page"}],"author":[{"embeddable":true,"href":"https:\/\/hoyre.no\/sagene\/wp-json\/wp\/v2\/users\/23018"}],"replies":[{"embeddable":true,"href":"https:\/\/hoyre.no\/sagene\/wp-json\/wp\/v2\/comments?post=38"}],"version-history":[{"count":4,"href":"https:\/\/hoyre.no\/sagene\/wp-json\/wp\/v2\/pages\/38\/revisions"}],"predecessor-version":[{"id":76,"href":"https:\/\/hoyre.no\/sagene\/wp-json\/wp\/v2\/pages\/38\/revisions\/76"}],"wp:attachment":[{"href":"https:\/\/hoyre.no\/sagene\/wp-json\/wp\/v2\/media?parent=38"}],"curies":[{"name":"wp","href":"https:\/\/api.w.org\/{rel}","templated":true}]}}