{"id":42,"date":"2023-07-17T14:35:09","date_gmt":"2023-07-17T12:35:09","guid":{"rendered":"https:\/\/hoyre.no\/sande\/?page_id=42"},"modified":"2023-08-09T10:06:27","modified_gmt":"2023-08-09T08:06:27","slug":"fem-gode-grunnar-til-a-stemme-sande-hogre","status":"publish","type":"page","link":"https:\/\/hoyre.no\/sande\/fem-gode-grunnar-til-a-stemme-sande-hogre\/","title":{"rendered":"Fem gode grunnar til \u00e5 stemme Sande H\u00f8gre"},"content":{"rendered":"\n<div class=\"wp-block-hoyre-hero with-image-gradient text-color-light  has-media alignfull has-background\"><div class=\"hoyre-hero has-image\"><h1 class=\"title\">Fem gode grunnar til \u00e5 stemme Sande H\u00f8gre\u00a0<\/h1><figure class=\"hoyre-image-wrapper\"><div class=\"hoyre-image\"><img loading=\"lazy\" decoding=\"async\" width=\"2500\" height=\"1668\" src=\"https:\/\/hoyre.no\/content\/uploads\/sites\/100\/2023\/07\/GettyImages-1271540077-scaled.jpg\" class=\"attachment-scaled size-scaled\" alt=\"\" style=\"object-position: 68% 51%\" srcset=\"https:\/\/hoyre.no\/content\/uploads\/sites\/100\/2023\/07\/GettyImages-1271540077-scaled.jpg 2500w, https:\/\/hoyre.no\/content\/uploads\/sites\/100\/2023\/07\/GettyImages-1271540077-300x200.jpg 300w, https:\/\/hoyre.no\/content\/uploads\/sites\/100\/2023\/07\/GettyImages-1271540077-1024x683.jpg 1024w, https:\/\/hoyre.no\/content\/uploads\/sites\/100\/2023\/07\/GettyImages-1271540077-768x513.jpg 768w, https:\/\/hoyre.no\/content\/uploads\/sites\/100\/2023\/07\/GettyImages-1271540077-1536x1025.jpg 1536w, https:\/\/hoyre.no\/content\/uploads\/sites\/100\/2023\/07\/GettyImages-1271540077-2048x1367.jpg 2048w\" sizes=\"auto, (max-width: 2500px) 100vw, 2500px\" \/><\/div><\/figure><\/div><\/div>\n\n\n\n\n\t\t<div class=\"has-lightest-blue-background-color is-layout-left alignwide alignwide wp-block-hoyre-media-text\">\n\t\t\t<div class=\"hoyre-media-text__media\">\n\t\t\t\t<img loading=\"lazy\" decoding=\"async\" width=\"1024\" height=\"683\" src=\"https:\/\/hoyre.no\/content\/uploads\/sites\/100\/2023\/07\/GettyImages-618740572-1024x683.jpg\" class=\"hoyre-media-text__media-image\" alt=\"\" style=\"--focal: 70% 41%;\" srcset=\"https:\/\/hoyre.no\/content\/uploads\/sites\/100\/2023\/07\/GettyImages-618740572-1024x683.jpg 1024w, https:\/\/hoyre.no\/content\/uploads\/sites\/100\/2023\/07\/GettyImages-618740572-300x200.jpg 300w, https:\/\/hoyre.no\/content\/uploads\/sites\/100\/2023\/07\/GettyImages-618740572-768x512.jpg 768w, https:\/\/hoyre.no\/content\/uploads\/sites\/100\/2023\/07\/GettyImages-618740572-1536x1024.jpg 1536w, https:\/\/hoyre.no\/content\/uploads\/sites\/100\/2023\/07\/GettyImages-618740572-2048x1365.jpg 2048w\" sizes=\"auto, (max-width: 1024px) 100vw, 1024px\" \/>\n\t\t\t<\/div>\n\t\t\t<div class=\"hoyre-media-text__content\">\n\t\t\t\t<div class=\"hoyre-media-text__content-inner\">\n\t\t\t\t\t\n\t\t\t<div class=\"hoyre-media-text__title-container\">\n\t\t\t\t\n\t\t\t\t<h2 class=\"hoyre-media-text__title\">1. Gjenvinne \u00f8konomisk kontroll og styring <\/h2>\n\t\t\t<\/div>\n\t\t\t\n\t\t\t\t\t<div class=\"hoyre-media-text__blocks\">\n<p>Altfor ofte blir vi overraska over kostnadssprekkar i h\u00f8ve til budsjett og tidlegare prognosar. Kostnadsutviklinga syner ogs\u00e5 at vi for tida brukar langt meir enn det vi f\u00e5r av inntekter. Dette er ikkje berekraftig over tid.<\/p><p>V\u00e5r ambisjon er \u00e5 ha ein meir open dialog mellom politikk og administrasjon, det vere seg i hovudutval, formannskap og kommunestyre.\u00a0<\/p><p>Vi er n\u00f8ydde til \u00e5 finne dei beste tenestene for v\u00e5re innbyggarar innanfor \u00f8konomiske rammer. Dette krev felles prioritering, styring og oppf\u00f8lging.<\/p><p>Investeringsprosjekt skal ha ei tydeleg prioritering der kost-nytte vurderingar m\u00e5 vere ein sentral del av grunnlaget. Vi skal ha p\u00e5 plass faste rutinar og malar for prosjektrapportering.<\/p>\n<\/div>\n\t\t\t\t\t\n\t\t\t\t<\/div>\n\t\t\t<\/div>\n\t\t<\/div>\n\t\t\n\n\n\n\t\t<div class=\"has-lightest-blue-background-color is-layout-right alignwide alignwide wp-block-hoyre-media-text\">\n\t\t\t<div class=\"hoyre-media-text__media\">\n\t\t\t\t<img loading=\"lazy\" decoding=\"async\" width=\"1024\" height=\"566\" src=\"https:\/\/hoyre.no\/content\/uploads\/sites\/100\/2023\/07\/GettyImages-473032112-1024x566.jpg\" class=\"hoyre-media-text__media-image\" alt=\"\" style=\"--focal: 79% 28%;\" srcset=\"https:\/\/hoyre.no\/content\/uploads\/sites\/100\/2023\/07\/GettyImages-473032112-1024x566.jpg 1024w, https:\/\/hoyre.no\/content\/uploads\/sites\/100\/2023\/07\/GettyImages-473032112-300x166.jpg 300w, https:\/\/hoyre.no\/content\/uploads\/sites\/100\/2023\/07\/GettyImages-473032112-768x425.jpg 768w, https:\/\/hoyre.no\/content\/uploads\/sites\/100\/2023\/07\/GettyImages-473032112-1536x850.jpg 1536w, https:\/\/hoyre.no\/content\/uploads\/sites\/100\/2023\/07\/GettyImages-473032112-2048x1133.jpg 2048w\" sizes=\"auto, (max-width: 1024px) 100vw, 1024px\" \/>\n\t\t\t<\/div>\n\t\t\t<div class=\"hoyre-media-text__content\">\n\t\t\t\t<div class=\"hoyre-media-text__content-inner\">\n\t\t\t\t\t\n\t\t\t<div class=\"hoyre-media-text__title-container\">\n\t\t\t\t\n\t\t\t\t<h2 class=\"hoyre-media-text__title\">2. Rekruttering for framtida<\/h2>\n\t\t\t<\/div>\n\t\t\t\n\t\t\t\t\t<div class=\"hoyre-media-text__blocks\">\n<p>Tala viser at vi har lukkast med positiv folketalsutvikling i Hallebygda og Haugsbygda. N\u00e6ringsliv og patriotkapital investerer i heile Sande. Dessverre opplever vi ofte at det er for vanskeleg \u00e5 n\u00e5 tak i gode tomter og\/eller ledig plass i barnehagen der ein vil bu. <\/p><p>Vi skal utvikle gode strategiar og handlingsplanar som effektivt legg til rette for dei som vil satse i Sande. Vi skal spele p\u00e5 lag med alle krefter \u2013 offentlege og private \u2013 for \u00e5 skape bulyst og framtidstru i heile kommunen. <\/p><p>Vi skal prioritere arbeid med planverk, satsingar p\u00e5 byggeklare tomter, ledige leiligheiter\/gjennomgangsbustader, ledige barnehageplassar med fortl\u00f8pande opptak og ein best muleg skulekvardag, i alle bygdelag.\u00a0V\u00e5re skuleelevar skal sleppe \u00e5 m\u00f8te toalett fr\u00e5 70-talet. Investeringsmidlar m\u00e5 ogs\u00e5 kome v\u00e5re unge sine arenaer til gode.<\/p><p>P\u00e5 \u00f8yane m\u00e5 planar vike for Statsforvaltar eller \u00abfuglar og lyng\u00bb. Vi seier nei til at Ristesund skal bli eit einaste stort naturreservat. <\/p><p>Med \u00e5 dekke kr. 30 000,- av studiegjelda til ny-etablerarar vil vi vere tydelege p\u00e5 at vi skal strekke oss for \u00e5 f\u00e5 folketalsutviklinga p\u00e5 rett veg i heile kommunen.<\/p>\n<\/div>\n\t\t\t\t\t\n\t\t\t\t<\/div>\n\t\t\t<\/div>\n\t\t<\/div>\n\t\t\n\n\n\t\t<div class=\"has-lightest-blue-background-color is-layout-left alignwide alignwide wp-block-hoyre-media-text\">\n\t\t\t<div class=\"hoyre-media-text__media\">\n\t\t\t\t<img loading=\"lazy\" decoding=\"async\" width=\"1024\" height=\"720\" src=\"https:\/\/hoyre.no\/content\/uploads\/sites\/100\/2023\/07\/GettyImages-648669234-1024x720.jpg\" class=\"hoyre-media-text__media-image\" alt=\"\" style=\"--focal: 76% 39%;\" srcset=\"https:\/\/hoyre.no\/content\/uploads\/sites\/100\/2023\/07\/GettyImages-648669234-1024x720.jpg 1024w, https:\/\/hoyre.no\/content\/uploads\/sites\/100\/2023\/07\/GettyImages-648669234-300x211.jpg 300w, https:\/\/hoyre.no\/content\/uploads\/sites\/100\/2023\/07\/GettyImages-648669234-768x540.jpg 768w, https:\/\/hoyre.no\/content\/uploads\/sites\/100\/2023\/07\/GettyImages-648669234-1536x1079.jpg 1536w, https:\/\/hoyre.no\/content\/uploads\/sites\/100\/2023\/07\/GettyImages-648669234-2048x1439.jpg 2048w\" sizes=\"auto, (max-width: 1024px) 100vw, 1024px\" \/>\n\t\t\t<\/div>\n\t\t\t<div class=\"hoyre-media-text__content\">\n\t\t\t\t<div class=\"hoyre-media-text__content-inner\">\n\t\t\t\t\t\n\t\t\t<div class=\"hoyre-media-text__title-container\">\n\t\t\t\t\n\t\t\t\t<h2 class=\"hoyre-media-text__title\">3. Bygge samferdsel som h\u00f8yrer no-tida til<\/h2>\n\t\t\t<\/div>\n\t\t\t\n\t\t\t\t\t<div class=\"hoyre-media-text__blocks\">\n<p>Tilbodet med to ferjer auka \u00abopningstidene\u00bb for \u00e5 kome seg til og fr\u00e5 \u00f8yane \u2013 eit tideskifte. S\u00e5 viser det seg at tilbodet er kortvarig i lag med signal om ytterlegare rutekutt. V\u00e5re kollektive l\u00f8ysingar dekkjer verken behovet til n\u00e6ringslivet eller til unge og eldre som \u00f8nskjer \u00e5 kome seg rundt mellom bygdene.<\/p><p>V\u00e5r ambisjon er at vi skal f\u00e5 rutetilbod med hyppigare avgangar og korrespondanse b\u00e5de internt og ut av kommunen, og som vi kan stole p\u00e5 er der ogs\u00e5 for framtida.<\/p><p>Vi skal jobbe for times-avgangar med ferjene slik vi har det i dag og vi skal sj\u00f8lvsagt st\u00e5 p\u00e5 for snarleg gjennomf\u00f8ring av Sande fastlandssamband.\u00a0<\/p><p>Vi vil arbeide for innf\u00f8ring av ordning med bestillingsdrosjer.<\/p>\n<\/div>\n\t\t\t\t\t\n\t\t\t\t<\/div>\n\t\t\t<\/div>\n\t\t<\/div>\n\t\t\n\n\n\t\t<div class=\"has-lightest-blue-background-color is-layout-right alignwide alignwide wp-block-hoyre-media-text\">\n\t\t\t<div class=\"hoyre-media-text__media\">\n\t\t\t\t<img loading=\"lazy\" decoding=\"async\" width=\"1024\" height=\"683\" src=\"https:\/\/hoyre.no\/content\/uploads\/sites\/100\/2023\/07\/GettyImages-166229590-1024x683.jpg\" class=\"hoyre-media-text__media-image\" alt=\"\" style=\"--focal: 58% 38%;\" srcset=\"https:\/\/hoyre.no\/content\/uploads\/sites\/100\/2023\/07\/GettyImages-166229590-1024x683.jpg 1024w, https:\/\/hoyre.no\/content\/uploads\/sites\/100\/2023\/07\/GettyImages-166229590-300x200.jpg 300w, https:\/\/hoyre.no\/content\/uploads\/sites\/100\/2023\/07\/GettyImages-166229590-768x512.jpg 768w, https:\/\/hoyre.no\/content\/uploads\/sites\/100\/2023\/07\/GettyImages-166229590-1536x1024.jpg 1536w, https:\/\/hoyre.no\/content\/uploads\/sites\/100\/2023\/07\/GettyImages-166229590-2048x1365.jpg 2048w\" sizes=\"auto, (max-width: 1024px) 100vw, 1024px\" \/>\n\t\t\t<\/div>\n\t\t\t<div class=\"hoyre-media-text__content\">\n\t\t\t\t<div class=\"hoyre-media-text__content-inner\">\n\t\t\t\t\t\n\t\t\t<div class=\"hoyre-media-text__title-container\">\n\t\t\t\t\n\t\t\t\t<h2 class=\"hoyre-media-text__title\">4. Ja til n\u00e6ringslivet<\/h2>\n\t\t\t<\/div>\n\t\t\t\n\t\t\t\t\t<div class=\"hoyre-media-text__blocks\">\n<p>I det siste har vi fleire d\u00f8mer p\u00e5 br\u00e5e og store omleggingar i skattepolitikken som r\u00e5kar v\u00e5rt lokale n\u00e6ringsliv. Auka skatt p\u00e5 arbeidande kapital og innf\u00f8ring av grunnrenteskatt p\u00e5 havbruk. D\u00f8mer p\u00e5 andre utfordringar er at ein anke p\u00e5 l\u00f8yve til ein oppdrettskonsesjon tok mange \u00e5r \u00e5 f\u00e5 avklara. Statsforvaltaren kan ogs\u00e5 stikke kjeppar i hjula for tiltak vi lokalt har sagt er gode og fornuftige.<\/p><p>V\u00e5r ambisjon er \u00e5 vere den offensive og framoverlente medspelaren i lag med n\u00e6ringslivet og den offentlege og politiske forvaltninga. B\u00e5de lokalt og nasjonalt skal vi st\u00e5 p\u00e5 for n\u00e6ringslivet sine rammevilk\u00e5r. Vi skal vere p\u00e5 ballen, og vi skal ikkje gje opp f\u00f8r den hamnar i m\u00e5l.<\/p><p>Vi treng eit aktivt Sande n\u00e6ringsforum og i lag med med n\u00e6ringslivet vil vi skipe \u00abSande-konferansen\u00bb. Den skal vere ei samlande og opa m\u00f8nstring av v\u00e5rt lokale n\u00e6ringsliv og kommunen sine mange tenester og mulegheiter. Vi trur at ved \u00e5 st\u00e5 samla vil vi bidra til rekruttering og deling av kunnskap p\u00e5 tvers om alt det spanande som skjer i v\u00e5r eigen kommune.\u00a0<\/p><p>Vi skal invitere og synleggjere Sande sitt Ja-lag.<\/p>\n<\/div>\n\t\t\t\t\t\n\t\t\t\t<\/div>\n\t\t\t<\/div>\n\t\t<\/div>\n\t\t\n\n\n\t\t<div class=\"has-lightest-blue-background-color is-layout-left alignwide alignwide wp-block-hoyre-media-text\">\n\t\t\t<div class=\"hoyre-media-text__media\">\n\t\t\t\t<img loading=\"lazy\" decoding=\"async\" width=\"1024\" height=\"683\" src=\"https:\/\/hoyre.no\/content\/uploads\/sites\/100\/2023\/07\/GettyImages-514112456-1024x683.jpg\" class=\"hoyre-media-text__media-image\" alt=\"\" style=\"--focal: 50% 50%;\" srcset=\"https:\/\/hoyre.no\/content\/uploads\/sites\/100\/2023\/07\/GettyImages-514112456-1024x683.jpg 1024w, https:\/\/hoyre.no\/content\/uploads\/sites\/100\/2023\/07\/GettyImages-514112456-300x200.jpg 300w, https:\/\/hoyre.no\/content\/uploads\/sites\/100\/2023\/07\/GettyImages-514112456-768x513.jpg 768w, https:\/\/hoyre.no\/content\/uploads\/sites\/100\/2023\/07\/GettyImages-514112456-1536x1025.jpg 1536w, https:\/\/hoyre.no\/content\/uploads\/sites\/100\/2023\/07\/GettyImages-514112456-2048x1367.jpg 2048w\" sizes=\"auto, (max-width: 1024px) 100vw, 1024px\" \/>\n\t\t\t<\/div>\n\t\t\t<div class=\"hoyre-media-text__content\">\n\t\t\t\t<div class=\"hoyre-media-text__content-inner\">\n\t\t\t\t\t\n\t\t\t<div class=\"hoyre-media-text__title-container\">\n\t\t\t\t\n\t\t\t\t<h2 class=\"hoyre-media-text__title\">5. Best for eldre<\/h2>\n\t\t\t<\/div>\n\t\t\t\n\t\t\t\t\t<div class=\"hoyre-media-text__blocks\">\n<p>Altfor ofte f\u00e5r eldreb\u00f8lgja og aukande levealder eit negativt tonelag. Vi h\u00f8yrer om kapasitetsutfordringar innan pleie og omsorg og at det gir auka kostnader for kommunen. H\u00f8gt sjukefr\u00e5ver er ei utfordring i denne delen av v\u00e5re tenester.<\/p><p>V\u00e5r ambisjon er \u00e5 sj\u00e5 mulegheitene for denne delen av v\u00e5re innbyggarar. Og at vi over tid oppn\u00e5r eit sjukefr\u00e5ver som er meir p\u00e5 linje med resten av arbeidslivet. Vi trur n\u00f8kkelen er \u00e5 vere best p\u00e5 dialog og samhandling med brukarar og tilsette. Vi vil jakte fakta og kunnskap b\u00e5de internt og eksternt for utvikle dei beste l\u00f8ysingane v\u00e5re i lag.<\/p><p>Gjennom b\u00e5de tidleg kartlegging og l\u00f8pande dialog bidreg vi til lengst muleg trygg alderdom heime i eiga bygd. Vi skal omg\u00e5 omsorgsfella ved tydelege tildelingskriterier som sikrar at\u00a0dei som verkeleg treng tenestene f\u00e5r dei. Vi skal ha god tilgang til ergoterapeut, fysioterapeut og rehabilitering.<\/p><p>Vi skal f\u00f8lgje opp kvalitetsreforma Leve heile livet, som handlar om mat, aktivitet og fellesskap, helsehjelp og samanheng i tenestene.<\/p>\n<\/div>\n\t\t\t\t\t\n\t\t\t\t<\/div>\n\t\t\t<\/div>\n\t\t<\/div>\n\t\t","protected":false},"excerpt":{"rendered":"","protected":false},"author":29643,"featured_media":0,"parent":0,"menu_order":0,"comment_status":"closed","ping_status":"closed","template":"","meta":{"teft_cards_image_url":"","teft_cards_custom_pretitle":"","teft_cards_image_id":48,"teft_cards_image_focal_point_x":0.5,"teft_cards_image_focal_point_y":0.5,"teft_cards_title":"","teft_cards_excerpt":"","teft_show_chapters":false,"footnotes":""},"class_list":["post-42","page","type-page","status-publish","hentry"],"yoast_head":"<!-- This site is optimized with the Yoast SEO plugin v26.6 - https:\/\/yoast.com\/wordpress\/plugins\/seo\/ -->\n<title>Fem gode grunnar til \u00e5 stemme Sande H\u00f8gre - Sande H\u00f8gre<\/title>\n<meta name=\"robots\" content=\"index, follow, max-snippet:-1, max-image-preview:large, max-video-preview:-1\" \/>\n<link rel=\"canonical\" href=\"https:\/\/hoyre.no\/sande\/fem-gode-grunnar-til-a-stemme-sande-hogre\/\" \/>\n<meta property=\"og:locale\" content=\"nn_NO\" \/>\n<meta property=\"og:type\" content=\"article\" \/>\n<meta property=\"og:title\" content=\"Fem gode grunnar til \u00e5 stemme Sande H\u00f8gre - Sande H\u00f8gre\" \/>\n<meta property=\"og:url\" content=\"https:\/\/hoyre.no\/sande\/fem-gode-grunnar-til-a-stemme-sande-hogre\/\" \/>\n<meta property=\"og:site_name\" content=\"Sande H\u00f8gre\" \/>\n<meta property=\"article:modified_time\" content=\"2023-08-09T08:06:27+00:00\" \/>\n<meta property=\"og:image\" content=\"https:\/\/hoyre.no\/content\/uploads\/sites\/100\/2023\/07\/GettyImages-1271540077-1024x683.jpg\" \/>\n<meta name=\"twitter:card\" content=\"summary_large_image\" \/>\n<meta name=\"twitter:label1\" content=\"Est. reading time\" \/>\n\t<meta name=\"twitter:data1\" content=\"5 minutt\" \/>\n<script type=\"application\/ld+json\" class=\"yoast-schema-graph\">{\"@context\":\"https:\/\/schema.org\",\"@graph\":[{\"@type\":\"WebPage\",\"@id\":\"https:\/\/hoyre.no\/sande\/fem-gode-grunnar-til-a-stemme-sande-hogre\/\",\"url\":\"https:\/\/hoyre.no\/sande\/fem-gode-grunnar-til-a-stemme-sande-hogre\/\",\"name\":\"Fem gode grunnar til \u00e5 stemme Sande H\u00f8gre - Sande H\u00f8gre\",\"isPartOf\":{\"@id\":\"https:\/\/hoyre.no\/sande\/#website\"},\"datePublished\":\"2023-07-17T12:35:09+00:00\",\"dateModified\":\"2023-08-09T08:06:27+00:00\",\"breadcrumb\":{\"@id\":\"https:\/\/hoyre.no\/sande\/fem-gode-grunnar-til-a-stemme-sande-hogre\/#breadcrumb\"},\"inLanguage\":\"nn-NO\",\"potentialAction\":[{\"@type\":\"ReadAction\",\"target\":[\"https:\/\/hoyre.no\/sande\/fem-gode-grunnar-til-a-stemme-sande-hogre\/\"]}]},{\"@type\":\"BreadcrumbList\",\"@id\":\"https:\/\/hoyre.no\/sande\/fem-gode-grunnar-til-a-stemme-sande-hogre\/#breadcrumb\",\"itemListElement\":[{\"@type\":\"ListItem\",\"position\":1,\"name\":\"Til hoyre.no\",\"item\":\"https:\/\/hoyre.no\"},{\"@type\":\"ListItem\",\"position\":2,\"name\":\"Hjem\",\"item\":\"https:\/\/hoyre.no\/sande\/\"},{\"@type\":\"ListItem\",\"position\":3,\"name\":\"Fem gode grunnar til \u00e5 stemme Sande H\u00f8gre\"}]},{\"@type\":\"WebSite\",\"@id\":\"https:\/\/hoyre.no\/sande\/#website\",\"url\":\"https:\/\/hoyre.no\/sande\/\",\"name\":\"Sande H\u00f8gre\",\"description\":\"Bare enda et H\u00f8yres nettsteder-nettsted\",\"inLanguage\":\"nn-NO\"}]}<\/script>\n<!-- \/ Yoast SEO plugin. -->","yoast_head_json":{"title":"Fem gode grunnar til \u00e5 stemme Sande H\u00f8gre - Sande H\u00f8gre","robots":{"index":"index","follow":"follow","max-snippet":"max-snippet:-1","max-image-preview":"max-image-preview:large","max-video-preview":"max-video-preview:-1"},"canonical":"https:\/\/hoyre.no\/sande\/fem-gode-grunnar-til-a-stemme-sande-hogre\/","og_locale":"nn_NO","og_type":"article","og_title":"Fem gode grunnar til \u00e5 stemme Sande H\u00f8gre - Sande H\u00f8gre","og_url":"https:\/\/hoyre.no\/sande\/fem-gode-grunnar-til-a-stemme-sande-hogre\/","og_site_name":"Sande H\u00f8gre","article_modified_time":"2023-08-09T08:06:27+00:00","og_image":[{"url":"https:\/\/hoyre.no\/content\/uploads\/sites\/100\/2023\/07\/GettyImages-1271540077-1024x683.jpg","width":"","height":"","type":""}],"twitter_card":"summary_large_image","twitter_misc":{"Est. reading time":"5 minutt"},"schema":{"@context":"https:\/\/schema.org","@graph":[{"@type":"WebPage","@id":"https:\/\/hoyre.no\/sande\/fem-gode-grunnar-til-a-stemme-sande-hogre\/","url":"https:\/\/hoyre.no\/sande\/fem-gode-grunnar-til-a-stemme-sande-hogre\/","name":"Fem gode grunnar til \u00e5 stemme Sande H\u00f8gre - Sande H\u00f8gre","isPartOf":{"@id":"https:\/\/hoyre.no\/sande\/#website"},"datePublished":"2023-07-17T12:35:09+00:00","dateModified":"2023-08-09T08:06:27+00:00","breadcrumb":{"@id":"https:\/\/hoyre.no\/sande\/fem-gode-grunnar-til-a-stemme-sande-hogre\/#breadcrumb"},"inLanguage":"nn-NO","potentialAction":[{"@type":"ReadAction","target":["https:\/\/hoyre.no\/sande\/fem-gode-grunnar-til-a-stemme-sande-hogre\/"]}]},{"@type":"BreadcrumbList","@id":"https:\/\/hoyre.no\/sande\/fem-gode-grunnar-til-a-stemme-sande-hogre\/#breadcrumb","itemListElement":[{"@type":"ListItem","position":1,"name":"Til hoyre.no","item":"https:\/\/hoyre.no"},{"@type":"ListItem","position":2,"name":"Hjem","item":"https:\/\/hoyre.no\/sande\/"},{"@type":"ListItem","position":3,"name":"Fem gode grunnar til \u00e5 stemme Sande H\u00f8gre"}]},{"@type":"WebSite","@id":"https:\/\/hoyre.no\/sande\/#website","url":"https:\/\/hoyre.no\/sande\/","name":"Sande H\u00f8gre","description":"Bare enda et H\u00f8yres nettsteder-nettsted","inLanguage":"nn-NO"}]}},"distributor_meta":false,"distributor_terms":false,"distributor_media":false,"distributor_original_site_name":"Sande H\u00f8gre","distributor_original_site_url":"https:\/\/hoyre.no\/sande","push-errors":false,"_links":{"self":[{"href":"https:\/\/hoyre.no\/sande\/wp-json\/wp\/v2\/pages\/42","targetHints":{"allow":["GET"]}}],"collection":[{"href":"https:\/\/hoyre.no\/sande\/wp-json\/wp\/v2\/pages"}],"about":[{"href":"https:\/\/hoyre.no\/sande\/wp-json\/wp\/v2\/types\/page"}],"author":[{"embeddable":true,"href":"https:\/\/hoyre.no\/sande\/wp-json\/wp\/v2\/users\/29643"}],"replies":[{"embeddable":true,"href":"https:\/\/hoyre.no\/sande\/wp-json\/wp\/v2\/comments?post=42"}],"version-history":[{"count":34,"href":"https:\/\/hoyre.no\/sande\/wp-json\/wp\/v2\/pages\/42\/revisions"}],"predecessor-version":[{"id":109,"href":"https:\/\/hoyre.no\/sande\/wp-json\/wp\/v2\/pages\/42\/revisions\/109"}],"wp:attachment":[{"href":"https:\/\/hoyre.no\/sande\/wp-json\/wp\/v2\/media?parent=42"}],"curies":[{"name":"wp","href":"https:\/\/api.w.org\/{rel}","templated":true}]}}