{"id":160,"date":"2023-06-21T15:43:28","date_gmt":"2023-06-21T13:43:28","guid":{"rendered":"https:\/\/hoyre.no\/sandefjord\/?page_id=160"},"modified":"2025-02-14T12:20:04","modified_gmt":"2025-02-14T11:20:04","slug":"8-grunner-til-a-stemme-hoyre-i-sandefjord","status":"publish","type":"page","link":"https:\/\/hoyre.no\/sandefjord\/politikk\/8-grunner-til-a-stemme-hoyre-i-sandefjord\/","title":{"rendered":"8 grunner til \u00e5 stemme H\u00f8yre i Sandefjord"},"content":{"rendered":"\n<div class=\"wp-block-hoyre-hero with-image-gradient text-color-light  has-media alignfull has-background\"><div class=\"hoyre-hero has-image\"><h1 class=\"title\">8 grunner til \u00e5 stemme H\u00f8yre i Sandefjord<\/h1><figure class=\"hoyre-image-wrapper\"><div class=\"hoyre-image\"><img loading=\"lazy\" decoding=\"async\" width=\"1254\" height=\"836\" src=\"https:\/\/hoyre.no\/content\/uploads\/sites\/359\/2023\/06\/Hoyre-meningsmaling.jpg\" class=\"attachment-scaled size-scaled\" alt=\"\" style=\"object-position: 50% 50%\" srcset=\"https:\/\/hoyre.no\/content\/uploads\/sites\/359\/2023\/06\/Hoyre-meningsmaling.jpg 1254w, https:\/\/hoyre.no\/content\/uploads\/sites\/359\/2023\/06\/Hoyre-meningsmaling-300x200.jpg 300w, https:\/\/hoyre.no\/content\/uploads\/sites\/359\/2023\/06\/Hoyre-meningsmaling-1024x683.jpg 1024w, https:\/\/hoyre.no\/content\/uploads\/sites\/359\/2023\/06\/Hoyre-meningsmaling-768x512.jpg 768w\" sizes=\"auto, (max-width: 1254px) 100vw, 1254px\" \/><\/div><\/figure><\/div><\/div>\n\n\n\n\n<div class=\"wp-block-media-text is-stacked-on-mobile is-image-fill alignwide is-style-lightest-blue\"><figure class=\"wp-block-media-text__media\" style=\"background-image:url('https:\/\/hoyre.no\/content\/uploads\/sites\/359\/2023\/06\/skole-1024x683.jpg');background-position:50% 50%\"><img loading=\"lazy\" decoding=\"async\" width=\"1024\" height=\"683\" src=\"https:\/\/hoyre.no\/content\/uploads\/sites\/359\/2023\/06\/skole-1024x683.jpg\" alt=\"\" class=\"wp-image-199 size-full\" srcset=\"https:\/\/hoyre.no\/content\/uploads\/sites\/359\/2023\/06\/skole-1024x683.jpg 1024w, https:\/\/hoyre.no\/content\/uploads\/sites\/359\/2023\/06\/skole-300x200.jpg 300w, https:\/\/hoyre.no\/content\/uploads\/sites\/359\/2023\/06\/skole-768x512.jpg 768w, https:\/\/hoyre.no\/content\/uploads\/sites\/359\/2023\/06\/skole-1536x1024.jpg 1536w, https:\/\/hoyre.no\/content\/uploads\/sites\/359\/2023\/06\/skole-2048x1365.jpg 2048w\" sizes=\"auto, (max-width: 1024px) 100vw, 1024px\" \/><\/figure><div class=\"wp-block-media-text__content\">\n<h2 class=\"wp-block-heading\">1. En skole der folk trives<\/h2>\n\n\n\n<p>Elever&nbsp;og&nbsp;l\u00e6rere&nbsp;skal&nbsp;glede&nbsp;seg&nbsp;til&nbsp;\u00e5&nbsp;g\u00e5&nbsp;p\u00e5 skolen. Vi vil jobbe for \u00e5 hindre&nbsp;utenforskap og skape trygge milj\u00f8er&nbsp;for l\u00e6ring, personlig vekst og&nbsp;mestring.<\/p>\n\n\n\n<p>Alle skal ha tilstrekkelige lese- og&nbsp;skriveferdigheter,&nbsp;og&nbsp;f\u00e5&nbsp;m\u00e5lrettet&nbsp;hjelp&nbsp;tidlig. Vi vil gi ekstra tilbud til elever&nbsp;som strever med \u00e5 mestre og til de&nbsp;som&nbsp;vil&nbsp;strekke&nbsp;seg&nbsp;videre.<\/p>\n\n\n\n<p>Kommunens&nbsp;barnehager&nbsp;og&nbsp;skoler&nbsp;skal&nbsp;ha&nbsp;h\u00f8y&nbsp;kvalitet.<\/p>\n<\/div><\/div>\n\n\n\n<div class=\"wp-block-media-text has-media-on-the-right is-stacked-on-mobile is-image-fill alignwide is-style-pink\"><div class=\"wp-block-media-text__content\">\n<h2 class=\"wp-block-heading\">2. Leve hele livet i Sandefjord<\/h2>\n\n\n\n<p>H\u00f8yre vil at Sandefjord skal v\u00e6re et&nbsp;aldersvennlig&nbsp;samfunn.&nbsp;Kommunen&nbsp;m\u00e5&nbsp;legge til rette for en sosial og aktiv&nbsp;alderdom,&nbsp;blant&nbsp;annet&nbsp;ved&nbsp;\u00e5skape&nbsp;flere&nbsp;gode&nbsp;m\u00f8teplasser.<\/p>\n\n\n\n<p>Eldre som trenger pleie skal m\u00f8te en&nbsp;kompetent helsetjeneste som gir dem&nbsp;valgfrihet&nbsp;og&nbsp;medbestemmelse.&nbsp;H\u00f8yre&nbsp;vil innf\u00f8re fritt brukervalg slik at&nbsp;hjemmeboende eldre selv kan velge&nbsp;hvem&nbsp;som&nbsp;skal&nbsp;levere&nbsp;tjenestene.<\/p>\n<\/div><figure class=\"wp-block-media-text__media\" style=\"background-image:url('https:\/\/hoyre.no\/content\/uploads\/sites\/359\/2023\/06\/GettyImages-1183237268-1024x557.jpg');background-position:50% 50%\"><img loading=\"lazy\" decoding=\"async\" width=\"1024\" height=\"557\" src=\"https:\/\/hoyre.no\/content\/uploads\/sites\/359\/2023\/06\/GettyImages-1183237268-1024x557.jpg\" alt=\"\" class=\"wp-image-195 size-full\" srcset=\"https:\/\/hoyre.no\/content\/uploads\/sites\/359\/2023\/06\/GettyImages-1183237268-1024x557.jpg 1024w, https:\/\/hoyre.no\/content\/uploads\/sites\/359\/2023\/06\/GettyImages-1183237268-300x163.jpg 300w, https:\/\/hoyre.no\/content\/uploads\/sites\/359\/2023\/06\/GettyImages-1183237268-768x418.jpg 768w, https:\/\/hoyre.no\/content\/uploads\/sites\/359\/2023\/06\/GettyImages-1183237268-1536x836.jpg 1536w, https:\/\/hoyre.no\/content\/uploads\/sites\/359\/2023\/06\/GettyImages-1183237268-2048x1114.jpg 2048w\" sizes=\"auto, (max-width: 1024px) 100vw, 1024px\" \/><\/figure><\/div>\n\n\n\n<div class=\"wp-block-media-text is-stacked-on-mobile is-image-fill alignwide is-style-pale-grey\"><figure class=\"wp-block-media-text__media\" style=\"background-image:url('https:\/\/hoyre.no\/content\/uploads\/sites\/359\/2023\/06\/GettyImages-1183967695-1024x683.jpg');background-position:50% 50%\"><img loading=\"lazy\" decoding=\"async\" width=\"1024\" height=\"683\" src=\"https:\/\/hoyre.no\/content\/uploads\/sites\/359\/2023\/06\/GettyImages-1183967695-1024x683.jpg\" alt=\"\" class=\"wp-image-164 size-full\" srcset=\"https:\/\/hoyre.no\/content\/uploads\/sites\/359\/2023\/06\/GettyImages-1183967695-1024x683.jpg 1024w, https:\/\/hoyre.no\/content\/uploads\/sites\/359\/2023\/06\/GettyImages-1183967695-300x200.jpg 300w, https:\/\/hoyre.no\/content\/uploads\/sites\/359\/2023\/06\/GettyImages-1183967695-768x513.jpg 768w, https:\/\/hoyre.no\/content\/uploads\/sites\/359\/2023\/06\/GettyImages-1183967695-1536x1025.jpg 1536w, https:\/\/hoyre.no\/content\/uploads\/sites\/359\/2023\/06\/GettyImages-1183967695-2048x1367.jpg 2048w\" sizes=\"auto, (max-width: 1024px) 100vw, 1024px\" \/><\/figure><div class=\"wp-block-media-text__content\">\n<h2 class=\"wp-block-heading\">3. Inkludering &#8211; ikke utenforskap<\/h2>\n\n\n\n<p>Vi vil etablere et ordf\u00f8rerledet utvalg med&nbsp;deltagelse fra kommune, n\u00e6ringsliv, ideelle&nbsp;organisasjoner og NAV for enda bedre \u00e5&nbsp;motvirkeutenforskap&nbsp;og&nbsp;ensomhet,&nbsp;inkludere&nbsp;flere&nbsp;i&nbsp;arbeidslivet&nbsp;og&nbsp;f\u00e5&nbsp;flere&nbsp;til&nbsp;\u00e5&nbsp;delta&nbsp;i&nbsp;aktivt&nbsp;sosialt&nbsp;liv.<\/p>\n\n\n\n<p>Vi vil ha konkrete tiltak som motvirker&nbsp;utenforskap&nbsp;og&nbsp;styrker&nbsp;inkludering,&nbsp;integrering&nbsp;og&nbsp;fellesskap.<\/p>\n<\/div><\/div>\n\n\n\n<div class=\"wp-block-media-text has-media-on-the-right is-stacked-on-mobile is-image-fill alignwide is-style-lightest-blue\"><div class=\"wp-block-media-text__content\">\n<h2 class=\"wp-block-heading\">4. Strengere tiltak for et sunt Sandefjord<\/h2>\n\n\n\n<p>Vi vil v\u00e6re p\u00e5drivere for \u00e5 redusere&nbsp;utslipp i fjorden, og opprette&nbsp;t\u00f8mmestasjoner for fritidsb\u00e5ter. Vi vil&nbsp;ha solcelleanlegg p\u00e5 alle kommunaletak, sette milj\u00f8krav til leverand\u00f8rer av&nbsp;kommunale tjenester og sikre at&nbsp;klimaregnskap&nbsp;inng\u00e5r&nbsp;i&nbsp;beslutninger&nbsp;for&nbsp;utbygginger.<\/p>\n\n\n\n<p>Vi vil legge til rette for at folk skal reise&nbsp;milj\u00f8vennlig,&nbsp;og&nbsp;skjerme&nbsp;friluftsomr\u00e5der&nbsp;&nbsp;for&nbsp;un\u00f8dig&nbsp;utbygging.<\/p>\n<\/div><figure class=\"wp-block-media-text__media\" style=\"background-image:url('https:\/\/hoyre.no\/content\/uploads\/sites\/359\/2023\/06\/fjorden-1024x576.jpg');background-position:50% 50%\"><img loading=\"lazy\" decoding=\"async\" width=\"1024\" height=\"576\" src=\"https:\/\/hoyre.no\/content\/uploads\/sites\/359\/2023\/06\/fjorden-1024x576.jpg\" alt=\"\" class=\"wp-image-196 size-full\" srcset=\"https:\/\/hoyre.no\/content\/uploads\/sites\/359\/2023\/06\/fjorden-1024x576.jpg 1024w, https:\/\/hoyre.no\/content\/uploads\/sites\/359\/2023\/06\/fjorden-300x169.jpg 300w, https:\/\/hoyre.no\/content\/uploads\/sites\/359\/2023\/06\/fjorden-768x432.jpg 768w, https:\/\/hoyre.no\/content\/uploads\/sites\/359\/2023\/06\/fjorden-1536x864.jpg 1536w, https:\/\/hoyre.no\/content\/uploads\/sites\/359\/2023\/06\/fjorden-2048x1152.jpg 2048w\" sizes=\"auto, (max-width: 1024px) 100vw, 1024px\" \/><\/figure><\/div>\n\n\n\n<div class=\"wp-block-media-text is-stacked-on-mobile is-image-fill alignwide is-style-pale-green\"><figure class=\"wp-block-media-text__media\" style=\"background-image:url('https:\/\/hoyre.no\/content\/uploads\/sites\/359\/2023\/06\/fotball-1024x683.jpg');background-position:50% 50%\"><img loading=\"lazy\" decoding=\"async\" width=\"1024\" height=\"683\" src=\"https:\/\/hoyre.no\/content\/uploads\/sites\/359\/2023\/06\/fotball-1024x683.jpg\" alt=\"\" class=\"wp-image-193 size-full\" srcset=\"https:\/\/hoyre.no\/content\/uploads\/sites\/359\/2023\/06\/fotball-1024x683.jpg 1024w, https:\/\/hoyre.no\/content\/uploads\/sites\/359\/2023\/06\/fotball-300x200.jpg 300w, https:\/\/hoyre.no\/content\/uploads\/sites\/359\/2023\/06\/fotball-768x512.jpg 768w, https:\/\/hoyre.no\/content\/uploads\/sites\/359\/2023\/06\/fotball-1536x1024.jpg 1536w, https:\/\/hoyre.no\/content\/uploads\/sites\/359\/2023\/06\/fotball-2048x1365.jpg 2048w\" sizes=\"auto, (max-width: 1024px) 100vw, 1024px\" \/><\/figure><div class=\"wp-block-media-text__content\">\n<h2 class=\"wp-block-heading\">5. Vi heier p\u00e5 frivilligheten<\/h2>\n\n\n\n<p>Frivilligheten er en viktig faktor som&nbsp;fellesskapet&nbsp;er&nbsp;avhengig&nbsp;av&nbsp;og&nbsp;som&nbsp;m\u00e5&nbsp;gis&nbsp;politisk&nbsp;anerkjennelse&nbsp;og&nbsp;st\u00f8tte.<\/p>\n\n\n\n<p>Den m\u00e5 stimuleres, gis gode&nbsp;rammebetingelser&nbsp;og&nbsp;forutsigbarhet.<\/p>\n\n\n\n<p>Vi vil legge til rette for lavterskel&nbsp;aktivitetstilbud,&nbsp;ved&nbsp;\u00e5&nbsp;etablere&nbsp;gode&nbsp;m\u00f8teplasser i n\u00e6rmilj\u00f8et for&nbsp;innbyggere,&nbsp;lag&nbsp;og&nbsp;organisasjoner.<\/p>\n<\/div><\/div>\n\n\n\n<div class=\"wp-block-media-text has-media-on-the-right is-stacked-on-mobile is-image-fill alignwide is-style-pale-purple\"><div class=\"wp-block-media-text__content\">\n<h2 class=\"wp-block-heading\">6. N\u00e6ringslivet er lokomotivet<\/h2>\n\n\n\n<p>Sandefjord&nbsp;skal&nbsp;fortsette&nbsp;\u00e5&nbsp;v\u00e6re&nbsp;blant&nbsp;de beste vertskommuner for&nbsp;bedriftsetableringer og nye&nbsp;arbeidsplasser&nbsp;p\u00e5&nbsp;landsbasis.<\/p>\n\n\n\n<p>Vi\u00a0vil\u00a0ha\u00a0en\u00a0JA-kommune,\u00a0som\u00a0tror\u00a0p\u00e5\u00a0de\u00a0som\u00a0satser,\u00a0og\u00a0m\u00f8ter\u00a0n\u00e6ringslivet\u00a0med rask og smidig offentlig\u00a0saksbehandling.<\/p>\n<\/div><figure class=\"wp-block-media-text__media\" style=\"background-image:url('https:\/\/hoyre.no\/content\/uploads\/sites\/359\/2023\/06\/arbeid-1024x681.jpg');background-position:50% 50%\"><img loading=\"lazy\" decoding=\"async\" width=\"1024\" height=\"681\" src=\"https:\/\/hoyre.no\/content\/uploads\/sites\/359\/2023\/06\/arbeid-1024x681.jpg\" alt=\"\" class=\"wp-image-197 size-full\" srcset=\"https:\/\/hoyre.no\/content\/uploads\/sites\/359\/2023\/06\/arbeid-1024x681.jpg 1024w, https:\/\/hoyre.no\/content\/uploads\/sites\/359\/2023\/06\/arbeid-300x200.jpg 300w, https:\/\/hoyre.no\/content\/uploads\/sites\/359\/2023\/06\/arbeid-768x511.jpg 768w, https:\/\/hoyre.no\/content\/uploads\/sites\/359\/2023\/06\/arbeid-1536x1022.jpg 1536w, https:\/\/hoyre.no\/content\/uploads\/sites\/359\/2023\/06\/arbeid-2048x1363.jpg 2048w\" sizes=\"auto, (max-width: 1024px) 100vw, 1024px\" \/><\/figure><\/div>\n\n\n\n<div class=\"wp-block-media-text is-stacked-on-mobile is-image-fill alignwide is-style-lightest-blue\"><figure class=\"wp-block-media-text__media\" style=\"background-image:url('https:\/\/hoyre.no\/content\/uploads\/sites\/359\/2023\/06\/Sandefjord-Kilen-1024x683.jpg');background-position:25% 51%\"><img loading=\"lazy\" decoding=\"async\" width=\"1024\" height=\"683\" src=\"https:\/\/hoyre.no\/content\/uploads\/sites\/359\/2023\/06\/Sandefjord-Kilen-1024x683.jpg\" alt=\"\" class=\"wp-image-198 size-full\" srcset=\"https:\/\/hoyre.no\/content\/uploads\/sites\/359\/2023\/06\/Sandefjord-Kilen-1024x683.jpg 1024w, https:\/\/hoyre.no\/content\/uploads\/sites\/359\/2023\/06\/Sandefjord-Kilen-300x200.jpg 300w, https:\/\/hoyre.no\/content\/uploads\/sites\/359\/2023\/06\/Sandefjord-Kilen-768x512.jpg 768w, https:\/\/hoyre.no\/content\/uploads\/sites\/359\/2023\/06\/Sandefjord-Kilen.jpg 1254w\" sizes=\"auto, (max-width: 1024px) 100vw, 1024px\" \/><\/figure><div class=\"wp-block-media-text__content\">\n<h2 class=\"wp-block-heading\">7. Vi vil ta vare p\u00e5 folks \u00f8konomi<\/h2>\n\n\n\n<p>H\u00f8yre&nbsp;vil&nbsp;alltid&nbsp;s\u00f8rge&nbsp;for&nbsp;en&nbsp;effektiv&nbsp;bruk&nbsp;av skattebetalernes penger, og vil&nbsp;fortsette kommunens ansvarlige, st\u00f8e&nbsp;kurs&nbsp;i&nbsp;den&nbsp;\u00f8konomiskepolitikken.<\/p>\n\n\n\n<p>Vil vil fortsette \u00e5 v\u00e6re en av Norges&nbsp;mest&nbsp;effektive&nbsp;kommuner,&nbsp;og&nbsp;ha&nbsp;lavest&nbsp;mulige&nbsp;kommunale&nbsp;avgifter&nbsp;og&nbsp;gebyrer&nbsp;for&nbsp;innbyggerne.<\/p>\n<\/div><\/div>\n\n\n\n\n<div class=\"wp-block-media-text has-media-on-the-right is-stacked-on-mobile is-image-fill alignwide is-style-darkest-blue\"><div class=\"wp-block-media-text__content\">\n<h2 class=\"wp-block-heading\">8. Vi vil v\u00e6re en foregangskommune<\/h2>\n\n\n\n<p>Sandefjord er en&nbsp;foregangskommune,&nbsp;det er&nbsp;vi&nbsp;stolte&nbsp;av&nbsp;og&nbsp;vil&nbsp;videref\u00f8re!!! <\/p>\n\n\n\n<p><\/p>\n<\/div><figure class=\"wp-block-media-text__media\" style=\"background-image:url('https:\/\/hoyre.no\/content\/uploads\/sites\/359\/2023\/06\/BOG_1-683x1024.jpg');background-position:47% 36%\"><img loading=\"lazy\" decoding=\"async\" width=\"683\" height=\"1024\" src=\"https:\/\/hoyre.no\/content\/uploads\/sites\/359\/2023\/06\/BOG_1-683x1024.jpg\" alt=\"\" class=\"wp-image-200 size-full\" srcset=\"https:\/\/hoyre.no\/content\/uploads\/sites\/359\/2023\/06\/BOG_1-683x1024.jpg 683w, https:\/\/hoyre.no\/content\/uploads\/sites\/359\/2023\/06\/BOG_1-200x300.jpg 200w, https:\/\/hoyre.no\/content\/uploads\/sites\/359\/2023\/06\/BOG_1-768x1152.jpg 768w, https:\/\/hoyre.no\/content\/uploads\/sites\/359\/2023\/06\/BOG_1-1024x1536.jpg 1024w, https:\/\/hoyre.no\/content\/uploads\/sites\/359\/2023\/06\/BOG_1-1365x2048.jpg 1365w, https:\/\/hoyre.no\/content\/uploads\/sites\/359\/2023\/06\/BOG_1-scaled.jpg 1667w\" sizes=\"auto, (max-width: 683px) 100vw, 683px\" \/><\/figure><\/div>\n","protected":false},"excerpt":{"rendered":"<p>8. Vi vil v\u00e6re en foregangskommune Sandefjord er en&nbsp;foregangskommune,&nbsp;det er&nbsp;vi&nbsp;stolte&nbsp;av&nbsp;og&nbsp;vil&nbsp;videref\u00f8re!!!<\/p>\n","protected":false},"author":295,"featured_media":0,"parent":92,"menu_order":0,"comment_status":"closed","ping_status":"closed","template":"","meta":{"teft_cards_image_url":"","teft_cards_custom_pretitle":"","teft_cards_image_id":0,"teft_cards_image_focal_point_x":0,"teft_cards_image_focal_point_y":0,"teft_cards_title":"","teft_cards_excerpt":"","teft_show_chapters":false,"footnotes":""},"class_list":["post-160","page","type-page","status-publish","hentry"],"yoast_head":"<!-- This site is optimized with the Yoast SEO plugin v26.6 - https:\/\/yoast.com\/wordpress\/plugins\/seo\/ -->\n<title>8 grunner til \u00e5 stemme H\u00f8yre i Sandefjord - Sandefjord H\u00f8yre<\/title>\n<meta name=\"description\" content=\"Derfor b\u00f8r du stemme H\u00f8yre ved kommunevalget 2023. 8 gode grunner som videref\u00f8rer Sandefjord som en foregangskommune i Norge.\" \/>\n<meta name=\"robots\" content=\"index, follow, max-snippet:-1, max-image-preview:large, max-video-preview:-1\" \/>\n<link rel=\"canonical\" href=\"https:\/\/hoyre.no\/sandefjord\/politikk\/8-grunner-til-a-stemme-hoyre-i-sandefjord\/\" \/>\n<meta property=\"og:locale\" content=\"nb_NO\" \/>\n<meta property=\"og:type\" content=\"article\" \/>\n<meta property=\"og:title\" content=\"8 grunner til \u00e5 stemme H\u00f8yre i Sandefjord - Sandefjord H\u00f8yre\" \/>\n<meta property=\"og:description\" content=\"Derfor b\u00f8r du stemme H\u00f8yre ved kommunevalget 2023. 8 gode grunner som videref\u00f8rer Sandefjord som en foregangskommune i Norge.\" \/>\n<meta property=\"og:url\" content=\"https:\/\/hoyre.no\/sandefjord\/politikk\/8-grunner-til-a-stemme-hoyre-i-sandefjord\/\" \/>\n<meta property=\"og:site_name\" content=\"Sandefjord H\u00f8yre\" \/>\n<meta property=\"article:modified_time\" content=\"2025-02-14T11:20:04+00:00\" \/>\n<meta property=\"og:image\" content=\"https:\/\/hoyre.no\/content\/uploads\/sites\/359\/2023\/06\/skole-1024x683.jpg\" \/>\n<meta name=\"twitter:card\" content=\"summary_large_image\" \/>\n<meta name=\"twitter:label1\" content=\"Ansl. lesetid\" \/>\n\t<meta name=\"twitter:data1\" content=\"4 minutter\" \/>\n<script type=\"application\/ld+json\" class=\"yoast-schema-graph\">{\"@context\":\"https:\/\/schema.org\",\"@graph\":[{\"@type\":\"WebPage\",\"@id\":\"https:\/\/hoyre.no\/sandefjord\/politikk\/8-grunner-til-a-stemme-hoyre-i-sandefjord\/\",\"url\":\"https:\/\/hoyre.no\/sandefjord\/politikk\/8-grunner-til-a-stemme-hoyre-i-sandefjord\/\",\"name\":\"8 grunner til \u00e5 stemme H\u00f8yre i Sandefjord - Sandefjord H\u00f8yre\",\"isPartOf\":{\"@id\":\"https:\/\/hoyre.no\/sandefjord\/#website\"},\"image\":{\"@id\":\"https:\/\/hoyre.no\/sandefjord\/politikk\/8-grunner-til-a-stemme-hoyre-i-sandefjord\/#primaryimage\"},\"thumbnailUrl\":\"https:\/\/hoyre.no\/content\/uploads\/sites\/359\/2023\/06\/skole-1024x683.jpg\",\"datePublished\":\"2023-06-21T13:43:28+00:00\",\"dateModified\":\"2025-02-14T11:20:04+00:00\",\"description\":\"Derfor b\u00f8r du stemme H\u00f8yre ved kommunevalget 2023. 8 gode grunner som videref\u00f8rer Sandefjord som en foregangskommune i Norge.\",\"breadcrumb\":{\"@id\":\"https:\/\/hoyre.no\/sandefjord\/politikk\/8-grunner-til-a-stemme-hoyre-i-sandefjord\/#breadcrumb\"},\"inLanguage\":\"nb-NO\",\"potentialAction\":[{\"@type\":\"ReadAction\",\"target\":[\"https:\/\/hoyre.no\/sandefjord\/politikk\/8-grunner-til-a-stemme-hoyre-i-sandefjord\/\"]}]},{\"@type\":\"ImageObject\",\"inLanguage\":\"nb-NO\",\"@id\":\"https:\/\/hoyre.no\/sandefjord\/politikk\/8-grunner-til-a-stemme-hoyre-i-sandefjord\/#primaryimage\",\"url\":\"https:\/\/hoyre.no\/content\/uploads\/sites\/359\/2023\/06\/skole-1024x683.jpg\",\"contentUrl\":\"https:\/\/hoyre.no\/content\/uploads\/sites\/359\/2023\/06\/skole-1024x683.jpg\"},{\"@type\":\"BreadcrumbList\",\"@id\":\"https:\/\/hoyre.no\/sandefjord\/politikk\/8-grunner-til-a-stemme-hoyre-i-sandefjord\/#breadcrumb\",\"itemListElement\":[{\"@type\":\"ListItem\",\"position\":1,\"name\":\"Til hoyre.no\",\"item\":\"https:\/\/hoyre.no\"},{\"@type\":\"ListItem\",\"position\":2,\"name\":\"Hjem\",\"item\":\"https:\/\/hoyre.no\/sandefjord\/\"},{\"@type\":\"ListItem\",\"position\":3,\"name\":\"Politikk\",\"item\":\"https:\/\/hoyre.no\/sandefjord\/politikk\/\"},{\"@type\":\"ListItem\",\"position\":4,\"name\":\"8 grunner til \u00e5 stemme H\u00f8yre i Sandefjord\"}]},{\"@type\":\"WebSite\",\"@id\":\"https:\/\/hoyre.no\/sandefjord\/#website\",\"url\":\"https:\/\/hoyre.no\/sandefjord\/\",\"name\":\"Sandefjord H\u00f8yre\",\"description\":\"Bare enda et H\u00f8yres nettsteder-nettsted\",\"inLanguage\":\"nb-NO\"}]}<\/script>\n<!-- \/ Yoast SEO plugin. -->","yoast_head_json":{"title":"8 grunner til \u00e5 stemme H\u00f8yre i Sandefjord - Sandefjord H\u00f8yre","description":"Derfor b\u00f8r du stemme H\u00f8yre ved kommunevalget 2023. 8 gode grunner som videref\u00f8rer Sandefjord som en foregangskommune i Norge.","robots":{"index":"index","follow":"follow","max-snippet":"max-snippet:-1","max-image-preview":"max-image-preview:large","max-video-preview":"max-video-preview:-1"},"canonical":"https:\/\/hoyre.no\/sandefjord\/politikk\/8-grunner-til-a-stemme-hoyre-i-sandefjord\/","og_locale":"nb_NO","og_type":"article","og_title":"8 grunner til \u00e5 stemme H\u00f8yre i Sandefjord - Sandefjord H\u00f8yre","og_description":"Derfor b\u00f8r du stemme H\u00f8yre ved kommunevalget 2023. 8 gode grunner som videref\u00f8rer Sandefjord som en foregangskommune i Norge.","og_url":"https:\/\/hoyre.no\/sandefjord\/politikk\/8-grunner-til-a-stemme-hoyre-i-sandefjord\/","og_site_name":"Sandefjord H\u00f8yre","article_modified_time":"2025-02-14T11:20:04+00:00","og_image":[{"url":"https:\/\/hoyre.no\/content\/uploads\/sites\/359\/2023\/06\/skole-1024x683.jpg","type":"","width":"","height":""}],"twitter_card":"summary_large_image","twitter_misc":{"Ansl. lesetid":"4 minutter"},"schema":{"@context":"https:\/\/schema.org","@graph":[{"@type":"WebPage","@id":"https:\/\/hoyre.no\/sandefjord\/politikk\/8-grunner-til-a-stemme-hoyre-i-sandefjord\/","url":"https:\/\/hoyre.no\/sandefjord\/politikk\/8-grunner-til-a-stemme-hoyre-i-sandefjord\/","name":"8 grunner til \u00e5 stemme H\u00f8yre i Sandefjord - Sandefjord H\u00f8yre","isPartOf":{"@id":"https:\/\/hoyre.no\/sandefjord\/#website"},"image":{"@id":"https:\/\/hoyre.no\/sandefjord\/politikk\/8-grunner-til-a-stemme-hoyre-i-sandefjord\/#primaryimage"},"thumbnailUrl":"https:\/\/hoyre.no\/content\/uploads\/sites\/359\/2023\/06\/skole-1024x683.jpg","datePublished":"2023-06-21T13:43:28+00:00","dateModified":"2025-02-14T11:20:04+00:00","description":"Derfor b\u00f8r du stemme H\u00f8yre ved kommunevalget 2023. 8 gode grunner som videref\u00f8rer Sandefjord som en foregangskommune i Norge.","breadcrumb":{"@id":"https:\/\/hoyre.no\/sandefjord\/politikk\/8-grunner-til-a-stemme-hoyre-i-sandefjord\/#breadcrumb"},"inLanguage":"nb-NO","potentialAction":[{"@type":"ReadAction","target":["https:\/\/hoyre.no\/sandefjord\/politikk\/8-grunner-til-a-stemme-hoyre-i-sandefjord\/"]}]},{"@type":"ImageObject","inLanguage":"nb-NO","@id":"https:\/\/hoyre.no\/sandefjord\/politikk\/8-grunner-til-a-stemme-hoyre-i-sandefjord\/#primaryimage","url":"https:\/\/hoyre.no\/content\/uploads\/sites\/359\/2023\/06\/skole-1024x683.jpg","contentUrl":"https:\/\/hoyre.no\/content\/uploads\/sites\/359\/2023\/06\/skole-1024x683.jpg"},{"@type":"BreadcrumbList","@id":"https:\/\/hoyre.no\/sandefjord\/politikk\/8-grunner-til-a-stemme-hoyre-i-sandefjord\/#breadcrumb","itemListElement":[{"@type":"ListItem","position":1,"name":"Til hoyre.no","item":"https:\/\/hoyre.no"},{"@type":"ListItem","position":2,"name":"Hjem","item":"https:\/\/hoyre.no\/sandefjord\/"},{"@type":"ListItem","position":3,"name":"Politikk","item":"https:\/\/hoyre.no\/sandefjord\/politikk\/"},{"@type":"ListItem","position":4,"name":"8 grunner til \u00e5 stemme H\u00f8yre i Sandefjord"}]},{"@type":"WebSite","@id":"https:\/\/hoyre.no\/sandefjord\/#website","url":"https:\/\/hoyre.no\/sandefjord\/","name":"Sandefjord H\u00f8yre","description":"Bare enda et H\u00f8yres nettsteder-nettsted","inLanguage":"nb-NO"}]}},"distributor_meta":false,"distributor_terms":false,"distributor_media":false,"distributor_original_site_name":"Sandefjord H\u00f8yre","distributor_original_site_url":"https:\/\/hoyre.no\/sandefjord","push-errors":false,"_links":{"self":[{"href":"https:\/\/hoyre.no\/sandefjord\/wp-json\/wp\/v2\/pages\/160","targetHints":{"allow":["GET"]}}],"collection":[{"href":"https:\/\/hoyre.no\/sandefjord\/wp-json\/wp\/v2\/pages"}],"about":[{"href":"https:\/\/hoyre.no\/sandefjord\/wp-json\/wp\/v2\/types\/page"}],"author":[{"embeddable":true,"href":"https:\/\/hoyre.no\/sandefjord\/wp-json\/wp\/v2\/users\/295"}],"replies":[{"embeddable":true,"href":"https:\/\/hoyre.no\/sandefjord\/wp-json\/wp\/v2\/comments?post=160"}],"version-history":[{"count":11,"href":"https:\/\/hoyre.no\/sandefjord\/wp-json\/wp\/v2\/pages\/160\/revisions"}],"predecessor-version":[{"id":421,"href":"https:\/\/hoyre.no\/sandefjord\/wp-json\/wp\/v2\/pages\/160\/revisions\/421"}],"up":[{"embeddable":true,"href":"https:\/\/hoyre.no\/sandefjord\/wp-json\/wp\/v2\/pages\/92"}],"wp:attachment":[{"href":"https:\/\/hoyre.no\/sandefjord\/wp-json\/wp\/v2\/media?parent=160"}],"curies":[{"name":"wp","href":"https:\/\/api.w.org\/{rel}","templated":true}]}}