{"id":91,"date":"2023-06-06T16:49:09","date_gmt":"2023-06-06T14:49:09","guid":{"rendered":"https:\/\/hoyre.no\/sandefjord\/?page_id=91"},"modified":"2025-02-14T12:18:18","modified_gmt":"2025-02-14T11:18:18","slug":"ordforerkandidat","status":"publish","type":"page","link":"https:\/\/hoyre.no\/sandefjord\/ordforerkandidat\/","title":{"rendered":"Ordf\u00f8rerkandidat"},"content":{"rendered":"\n<div class=\"wp-block-hoyre-hero with-image-gradient text-color-light  has-media alignfull has-background\"><div class=\"hoyre-hero has-image\"><h1 class=\"title\">Bj\u00f8rn Ole Gleditsch &#8211; ordf\u00f8rer<\/h1><p class=\"preamble\">Jeg brenner for folkene, frivilligheten og n\u00e6ringslivet!<\/p>\t\t\t<div class=\"post-meta wp-block teft-byline-wrapper\">\n\t\t\t\t<div class=\"top\">\n\t\t\t\t\t<div class=\"signature\">\n\t\t\t\t\t\t<div class=\"teft-byline\">\n\t\t\t\t\t\t\t\t\t\t\t\t\t\t<div>\n\t\t\t\t\t\t\t\t<h3>H\u00f8yres redaksjon<\/h3>\t\t\t\t\t\t\t\t\n\t\t\t\t\t\t\t\t\t\t\t\t\t\t\t\t\t<span class=\"date\">Sist oppdatert: 14. februar 2025<\/span>\n\t\t\t\t\t\t\t\t\t\t\t\t\t\t\t\t\t\t\t\t\t\t\t\t\t<span class=\"reading-time\" itemprop=\"timeRequired\" content=\"PT3M\"><em>Ca. 3 minutter lesetid<\/em><\/span>\n\t\t\t\t\t\t\t\t\t\t\t\t\t\t\t<\/div>\n\t\t\t\t\t\t<\/div>\n\t\t\t\t\t<\/div>\n\t\t\t\t\t\t<div class=\"sharing\">\n\t\t<a class=\"share-button share-link copy-link\" data-copy=\"https:\/\/hoyre.no\/sandefjord\/ordforerkandidat\/\" target=\"_blank\"><span class=\"screen-reader-text\">Del link<\/span><\/a>\n\t\t<a class=\"share-button share-twitter\" href=\"http:\/\/twitter.com\/share?text=Ordf\u00f8rerkandidat&#038;url=https:\/\/hoyre.no\/sandefjord\/ordforerkandidat\/&#038;hashtags=Hoyre\" target=\"_blank\"><span class=\"screen-reader-text\">Del p\u00e5 twitter<\/span><\/a>\n\t\t<a class=\"share-button share-facebook\" href=\"https:\/\/www.facebook.com\/sharer\/sharer.php?u=https:\/\/hoyre.no\/sandefjord\/ordforerkandidat\/\" target=\"_blank\"><span class=\"screen-reader-text\">Del p\u00e5 facebook<\/span><\/a>\n\t<\/div>\n\t\t\t\t\t<\/div>\n\t\t\t<\/div>\n\n\t\t\t<figure class=\"hoyre-image-wrapper\"><div class=\"hoyre-image\"><img loading=\"lazy\" decoding=\"async\" width=\"1875\" height=\"2500\" src=\"https:\/\/hoyre.no\/content\/uploads\/sites\/359\/2023\/06\/Bjorn_Ole_Gleditsch-scaled.jpg\" class=\"attachment-scaled size-scaled\" alt=\"Bj\u00f8rn Ole Gleditsch ordf\u00f8rer Sandefjord\" style=\"object-position: 48% 48%\" srcset=\"https:\/\/hoyre.no\/content\/uploads\/sites\/359\/2023\/06\/Bjorn_Ole_Gleditsch-scaled.jpg 1875w, https:\/\/hoyre.no\/content\/uploads\/sites\/359\/2023\/06\/Bjorn_Ole_Gleditsch-225x300.jpg 225w, https:\/\/hoyre.no\/content\/uploads\/sites\/359\/2023\/06\/Bjorn_Ole_Gleditsch-768x1024.jpg 768w, https:\/\/hoyre.no\/content\/uploads\/sites\/359\/2023\/06\/Bjorn_Ole_Gleditsch-1152x1536.jpg 1152w, https:\/\/hoyre.no\/content\/uploads\/sites\/359\/2023\/06\/Bjorn_Ole_Gleditsch-1536x2048.jpg 1536w\" sizes=\"auto, (max-width: 1875px) 100vw, 1875px\" \/><\/div><\/figure><\/div><\/div>\n\n\n\n\n<div class=\"wp-block-buttons is-content-justification-center is-layout-flex wp-container-core-buttons-is-layout-16018d1d wp-block-buttons-is-layout-flex\">\n<div class=\"wp-block-button\"><a class=\"wp-block-button__link wp-element-button\" href=\"https:\/\/hoyre.no\/nyhetsbrev\/\">abonner p\u00e5 h\u00f8yres nyhetsbrev<\/a><\/div>\n\n\n\n<div class=\"wp-block-button\"><a class=\"wp-block-button__link wp-element-button\" href=\"https:\/\/www.facebook.com\/sandefjordhoyre17\">f\u00f8lg Sandefjord h\u00f8yre p\u00e5 facebook<\/a><\/div>\n<\/div>\n\n\n\n<div class=\"wp-block-hoyre-banner undefined has-icon-title icon-heart is-style-blue\"><div class=\"banner-inner\"><figure class=\"hoyre-image-wrapper\"><div class=\"hoyre-image\"><img loading=\"lazy\" decoding=\"async\" width=\"1024\" height=\"768\" src=\"https:\/\/hoyre.no\/content\/uploads\/sites\/359\/2023\/06\/BOG-3.jpg\" class=\"attachment-scaled size-scaled\" alt=\"Bj\u00f8rn Ole Gleditsch ordf\u00f8rer i Sandefjord\" style=\"object-position: 50% 50%\" srcset=\"https:\/\/hoyre.no\/content\/uploads\/sites\/359\/2023\/06\/BOG-3.jpg 1024w, https:\/\/hoyre.no\/content\/uploads\/sites\/359\/2023\/06\/BOG-3-300x225.jpg 300w, https:\/\/hoyre.no\/content\/uploads\/sites\/359\/2023\/06\/BOG-3-768x576.jpg 768w\" sizes=\"auto, (max-width: 1024px) 100vw, 1024px\" \/><\/div><\/figure><div class=\"banner-content\"><div class=\"entry-content\">\n<h2 class=\"wp-block-heading has-text-align-center\" id=\"h-bli-bedre-kjent-med-navn\">Bli bedre kjent med Bj\u00f8rn Ole!<\/h2>\n\n\n\n<p class=\"has-text-align-left\"><strong>Bosted:<\/strong> \u00c5sen, Sandefjord<\/p>\n\n\n\n<p class=\"has-text-align-left\"><strong>Sivilstatus:<\/strong> Samboer med hunden Jotun<\/p>\n\n\n\n<p class=\"has-text-align-left\"><strong>Jobb:<\/strong> Ordf\u00f8rer i Sandefjord<\/p>\n\n\n\n<p class=\"has-text-align-left\"><strong>Bakgrunn:<\/strong> Tidligere daglig leder i Gleditsch Fargehandel. Erfaring fra styreverv n\u00e6ring og organisasjoner<\/p>\n\n\n\n<p class=\"has-text-align-left\"><strong>Politisk erfaring:<\/strong> Kommunestyremedlem fra 1991, leder for kultur, idrett og fritid i \u00e5tte \u00e5r, ordf\u00f8rer i 20 \u00e5r<\/p>\n\n\n\n<p class=\"has-text-align-left\"><strong>Hvorfor er H\u00f8yre rett parti for deg?<\/strong> Troen p\u00e5 enkeltmenneskets valgfrihet, n\u00e6ring-, forsvar- og skatte- og avgiftspolitikken<\/p>\n\n\n\n<p class=\"has-text-align-left\"><strong>Fritid?<\/strong> Mye politikk og samfunnssp\u00f8rsm\u00e5l + jakt, fiske og friluftsliv, god mat og drikke, reising og tid med venner og familie<\/p>\n\n\n\n<p class=\"has-text-align-left\"><strong>Du har invitert gjester, hva serverer du?<\/strong> Kveite, agurksalat, poteter og sandefjordssm\u00f8r. Eller selvskutt vilt!<\/p>\n\n\n\n<p class=\"has-text-align-left\"><strong>Beste hverdagsmat?<\/strong> Husmannskost!<\/p>\n\n\n\n<p class=\"has-text-align-left\"><strong>Konsert eller idrettsarrangement?<\/strong> Interessert i det meste av idrett, og glad i varierte konsertopplevelser<\/p>\n\n\n\n<p class=\"has-text-align-left\"><strong>Hva ser du p\u00e5?<\/strong> Nyheter i alle kanaler<\/p>\n\n\n\n<p class=\"has-text-align-left\"><strong>Funfact?<\/strong> Er egentlig en beskjeden kar, som ikke er s\u00e5 glad i oppmerksomhet<\/p>\n\n\n\n<p class=\"has-text-align-left\"><strong>Viktige verdier?<\/strong>&nbsp;\u00c6rlighet, lojalitet og tillit<\/p>\n\n\n\n<p class=\"has-text-align-left\"><strong>Hvorfor Sandefjord?<\/strong> Sandefjord er mitt favorittsted, men ved behov for stillhet er Andebu i mitt hjerte.<\/p>\n\n\n\n<div class=\"wp-block-buttons is-layout-flex wp-block-buttons-is-layout-flex\"><\/div>\n<\/div><\/div><\/div><\/div>\n\n\n\n<figure class=\"wp-block-teft-gallery columns-3 count-3 rows-2 is-cropped\"><ul class=\"teft-gallery-grid\"><li class=\"teft-gallery-item \"><figure><a data-size=\"undefinedxundefined\"><img loading=\"lazy\" decoding=\"async\" width=\"768\" height=\"1024\" src=\"https:\/\/hoyre.no\/content\/uploads\/sites\/359\/2023\/06\/BOG-5-4-768x1024.jpg\" class=\"attachment-large size-large\" alt=\"\" srcset=\"https:\/\/hoyre.no\/content\/uploads\/sites\/359\/2023\/06\/BOG-5-4-768x1024.jpg 768w, https:\/\/hoyre.no\/content\/uploads\/sites\/359\/2023\/06\/BOG-5-4-225x300.jpg 225w, https:\/\/hoyre.no\/content\/uploads\/sites\/359\/2023\/06\/BOG-5-4-1152x1536.jpg 1152w, https:\/\/hoyre.no\/content\/uploads\/sites\/359\/2023\/06\/BOG-5-4-1536x2048.jpg 1536w, https:\/\/hoyre.no\/content\/uploads\/sites\/359\/2023\/06\/BOG-5-4-scaled.jpg 1875w\" sizes=\"auto, (max-width: 768px) 100vw, 768px\" \/ data-full-url=\"https:\/\/hoyre.no\/content\/uploads\/sites\/359\/2023\/06\/BOG-5-4-scaled.jpg\" data-id=\"130\" data-caption=\"130\"\/><\/a><\/figure><\/li><li class=\"teft-gallery-item \"><figure><a data-size=\"undefinedxundefined\"><img loading=\"lazy\" decoding=\"async\" width=\"768\" height=\"1024\" src=\"https:\/\/hoyre.no\/content\/uploads\/sites\/359\/2023\/06\/BOG_7-1-768x1024.jpg\" class=\"attachment-large size-large\" alt=\"\" srcset=\"https:\/\/hoyre.no\/content\/uploads\/sites\/359\/2023\/06\/BOG_7-1-768x1024.jpg 768w, https:\/\/hoyre.no\/content\/uploads\/sites\/359\/2023\/06\/BOG_7-1-225x300.jpg 225w, https:\/\/hoyre.no\/content\/uploads\/sites\/359\/2023\/06\/BOG_7-1-1152x1536.jpg 1152w, https:\/\/hoyre.no\/content\/uploads\/sites\/359\/2023\/06\/BOG_7-1-1536x2048.jpg 1536w, https:\/\/hoyre.no\/content\/uploads\/sites\/359\/2023\/06\/BOG_7-1-scaled.jpg 1875w\" sizes=\"auto, (max-width: 768px) 100vw, 768px\" \/ data-full-url=\"https:\/\/hoyre.no\/content\/uploads\/sites\/359\/2023\/06\/BOG_7-1-scaled.jpg\" data-id=\"131\" data-caption=\"131\"\/><\/a><\/figure><\/li><li class=\"teft-gallery-item \"><figure><a href=\"https:\/\/hoyre.no\/content\/uploads\/sites\/359\/2023\/06\/BOG-6-1-scaled.jpg\" data-size=\"1875x2500\"><img loading=\"lazy\" decoding=\"async\" width=\"768\" height=\"1024\" src=\"https:\/\/hoyre.no\/content\/uploads\/sites\/359\/2023\/06\/BOG-6-1-768x1024.jpg\" class=\"attachment-large size-large\" alt=\"\" srcset=\"https:\/\/hoyre.no\/content\/uploads\/sites\/359\/2023\/06\/BOG-6-1-768x1024.jpg 768w, https:\/\/hoyre.no\/content\/uploads\/sites\/359\/2023\/06\/BOG-6-1-225x300.jpg 225w, https:\/\/hoyre.no\/content\/uploads\/sites\/359\/2023\/06\/BOG-6-1-1152x1536.jpg 1152w, https:\/\/hoyre.no\/content\/uploads\/sites\/359\/2023\/06\/BOG-6-1-1536x2048.jpg 1536w, https:\/\/hoyre.no\/content\/uploads\/sites\/359\/2023\/06\/BOG-6-1-scaled.jpg 1875w\" sizes=\"auto, (max-width: 768px) 100vw, 768px\" \/ data-full-url=\"https:\/\/hoyre.no\/content\/uploads\/sites\/359\/2023\/06\/BOG-6-1-scaled.jpg\" data-id=\"132\" data-caption=\"132\"\/><\/a><\/figure><\/li><\/ul><\/figure>\n\n\n\n<h2 class=\"wp-block-heading has-text-align-center\">Bj\u00f8rn Oles hjertesaker<\/h2>\n\n\n\n<h3 class=\"wp-block-heading\"><strong>Sandefjord \u2013 st\u00f8 kurs for en inkluderende, b\u00e6rekraftig og levende kommune i vekst!<\/strong><\/h3>\n\n\n\n<p>Bj\u00f8rn Ole har v\u00e6rt ordf\u00f8rer i Sandefjord i 20 \u00e5r! Hurra! Han har et gl\u00f8dende engasjement for folk og n\u00e6ringsliv i kommunen, og er stolt av at Sandefjord er en skikkelig foregangskommune. Det skal vi fortsatt v\u00e6re, mener ordf\u00f8reren.<\/p>\n\n\n\n<p>\ud83d\udc99 Bj\u00f8rn Ole er opptatt av forutsigbare rammer. Frivilligheten skal ha politisk anerkjennelse og st\u00f8tte. Helse- og eldreomsorg skal v\u00e6re pasienttilpasset og tilgjengelig. Barnehager og skoler skal ha h\u00f8y trivsel blant barn, unge og ansatte, og kommunen skal ha en effektiv bruk av skattebetalernes penger.<\/p>\n\n\n\n<p>\ud83d\udc99 Ordf\u00f8reren vil ha en JA-kommune! Som tror p\u00e5 de som satser, og som legger til rette for lokomotivet i samfunnet &#8211; n\u00e6ringslivet.<\/p>\n\n","protected":false},"excerpt":{"rendered":"","protected":false},"author":32000,"featured_media":0,"parent":0,"menu_order":0,"comment_status":"closed","ping_status":"closed","template":"","meta":{"teft_cards_image_url":"","teft_cards_custom_pretitle":"","teft_cards_image_id":125,"teft_cards_image_focal_point_x":0.5,"teft_cards_image_focal_point_y":0.5,"teft_cards_title":"","teft_cards_excerpt":"","teft_show_chapters":false,"footnotes":""},"class_list":["post-91","page","type-page","status-publish","hentry"],"yoast_head":"<!-- This site is optimized with the Yoast SEO plugin v26.6 - https:\/\/yoast.com\/wordpress\/plugins\/seo\/ -->\n<title>Ordf\u00f8rerkandidat - Sandefjord H\u00f8yre<\/title>\n<meta name=\"description\" content=\"M\u00f8t Bj\u00f8rn Ole Gleditsch, ordf\u00f8rer i Sandefjord H\u00f8yre. Gleditsch har v\u00e6rt ordf\u00f8rer for H\u00f8yre i 20 \u00e5r. Her kan du bli litt bedre kjent med ham.\" \/>\n<meta name=\"robots\" content=\"index, follow, max-snippet:-1, max-image-preview:large, max-video-preview:-1\" \/>\n<link rel=\"canonical\" href=\"https:\/\/hoyre.no\/sandefjord\/ordforerkandidat\/\" \/>\n<meta property=\"og:locale\" content=\"nb_NO\" \/>\n<meta property=\"og:type\" content=\"article\" \/>\n<meta property=\"og:title\" content=\"Ordf\u00f8rerkandidat - Sandefjord H\u00f8yre\" \/>\n<meta property=\"og:description\" content=\"M\u00f8t Bj\u00f8rn Ole Gleditsch, ordf\u00f8rer i Sandefjord H\u00f8yre. Gleditsch har v\u00e6rt ordf\u00f8rer for H\u00f8yre i 20 \u00e5r. Her kan du bli litt bedre kjent med ham.\" \/>\n<meta property=\"og:url\" content=\"https:\/\/hoyre.no\/sandefjord\/ordforerkandidat\/\" \/>\n<meta property=\"og:site_name\" content=\"Sandefjord H\u00f8yre\" \/>\n<meta property=\"article:modified_time\" content=\"2025-02-14T11:18:18+00:00\" \/>\n<meta property=\"og:image\" content=\"https:\/\/hoyre.no\/content\/uploads\/sites\/359\/2023\/06\/Bjorn_Ole_Gleditsch-1-768x1024.jpg\" \/>\n<meta name=\"twitter:card\" content=\"summary_large_image\" \/>\n<meta name=\"twitter:label1\" content=\"Ansl. lesetid\" \/>\n\t<meta name=\"twitter:data1\" content=\"2 minutter\" \/>\n<script type=\"application\/ld+json\" class=\"yoast-schema-graph\">{\"@context\":\"https:\/\/schema.org\",\"@graph\":[{\"@type\":\"WebPage\",\"@id\":\"https:\/\/hoyre.no\/sandefjord\/ordforerkandidat\/\",\"url\":\"https:\/\/hoyre.no\/sandefjord\/ordforerkandidat\/\",\"name\":\"Ordf\u00f8rerkandidat - Sandefjord H\u00f8yre\",\"isPartOf\":{\"@id\":\"https:\/\/hoyre.no\/sandefjord\/#website\"},\"datePublished\":\"2023-06-06T14:49:09+00:00\",\"dateModified\":\"2025-02-14T11:18:18+00:00\",\"description\":\"M\u00f8t Bj\u00f8rn Ole Gleditsch, ordf\u00f8rer i Sandefjord H\u00f8yre. Gleditsch har v\u00e6rt ordf\u00f8rer for H\u00f8yre i 20 \u00e5r. Her kan du bli litt bedre kjent med ham.\",\"breadcrumb\":{\"@id\":\"https:\/\/hoyre.no\/sandefjord\/ordforerkandidat\/#breadcrumb\"},\"inLanguage\":\"nb-NO\",\"potentialAction\":[{\"@type\":\"ReadAction\",\"target\":[\"https:\/\/hoyre.no\/sandefjord\/ordforerkandidat\/\"]}]},{\"@type\":\"BreadcrumbList\",\"@id\":\"https:\/\/hoyre.no\/sandefjord\/ordforerkandidat\/#breadcrumb\",\"itemListElement\":[{\"@type\":\"ListItem\",\"position\":1,\"name\":\"Til hoyre.no\",\"item\":\"https:\/\/hoyre.no\"},{\"@type\":\"ListItem\",\"position\":2,\"name\":\"Hjem\",\"item\":\"https:\/\/hoyre.no\/sandefjord\/\"},{\"@type\":\"ListItem\",\"position\":3,\"name\":\"Ordf\u00f8rerkandidat\"}]},{\"@type\":\"WebSite\",\"@id\":\"https:\/\/hoyre.no\/sandefjord\/#website\",\"url\":\"https:\/\/hoyre.no\/sandefjord\/\",\"name\":\"Sandefjord H\u00f8yre\",\"description\":\"Bare enda et H\u00f8yres nettsteder-nettsted\",\"inLanguage\":\"nb-NO\"}]}<\/script>\n<!-- \/ Yoast SEO plugin. -->","yoast_head_json":{"title":"Ordf\u00f8rerkandidat - Sandefjord H\u00f8yre","description":"M\u00f8t Bj\u00f8rn Ole Gleditsch, ordf\u00f8rer i Sandefjord H\u00f8yre. Gleditsch har v\u00e6rt ordf\u00f8rer for H\u00f8yre i 20 \u00e5r. Her kan du bli litt bedre kjent med ham.","robots":{"index":"index","follow":"follow","max-snippet":"max-snippet:-1","max-image-preview":"max-image-preview:large","max-video-preview":"max-video-preview:-1"},"canonical":"https:\/\/hoyre.no\/sandefjord\/ordforerkandidat\/","og_locale":"nb_NO","og_type":"article","og_title":"Ordf\u00f8rerkandidat - Sandefjord H\u00f8yre","og_description":"M\u00f8t Bj\u00f8rn Ole Gleditsch, ordf\u00f8rer i Sandefjord H\u00f8yre. Gleditsch har v\u00e6rt ordf\u00f8rer for H\u00f8yre i 20 \u00e5r. Her kan du bli litt bedre kjent med ham.","og_url":"https:\/\/hoyre.no\/sandefjord\/ordforerkandidat\/","og_site_name":"Sandefjord H\u00f8yre","article_modified_time":"2025-02-14T11:18:18+00:00","og_image":[{"url":"https:\/\/hoyre.no\/content\/uploads\/sites\/359\/2023\/06\/Bjorn_Ole_Gleditsch-1-768x1024.jpg","width":"","height":"","type":""}],"twitter_card":"summary_large_image","twitter_misc":{"Ansl. lesetid":"2 minutter"},"schema":{"@context":"https:\/\/schema.org","@graph":[{"@type":"WebPage","@id":"https:\/\/hoyre.no\/sandefjord\/ordforerkandidat\/","url":"https:\/\/hoyre.no\/sandefjord\/ordforerkandidat\/","name":"Ordf\u00f8rerkandidat - Sandefjord H\u00f8yre","isPartOf":{"@id":"https:\/\/hoyre.no\/sandefjord\/#website"},"datePublished":"2023-06-06T14:49:09+00:00","dateModified":"2025-02-14T11:18:18+00:00","description":"M\u00f8t Bj\u00f8rn Ole Gleditsch, ordf\u00f8rer i Sandefjord H\u00f8yre. Gleditsch har v\u00e6rt ordf\u00f8rer for H\u00f8yre i 20 \u00e5r. Her kan du bli litt bedre kjent med ham.","breadcrumb":{"@id":"https:\/\/hoyre.no\/sandefjord\/ordforerkandidat\/#breadcrumb"},"inLanguage":"nb-NO","potentialAction":[{"@type":"ReadAction","target":["https:\/\/hoyre.no\/sandefjord\/ordforerkandidat\/"]}]},{"@type":"BreadcrumbList","@id":"https:\/\/hoyre.no\/sandefjord\/ordforerkandidat\/#breadcrumb","itemListElement":[{"@type":"ListItem","position":1,"name":"Til hoyre.no","item":"https:\/\/hoyre.no"},{"@type":"ListItem","position":2,"name":"Hjem","item":"https:\/\/hoyre.no\/sandefjord\/"},{"@type":"ListItem","position":3,"name":"Ordf\u00f8rerkandidat"}]},{"@type":"WebSite","@id":"https:\/\/hoyre.no\/sandefjord\/#website","url":"https:\/\/hoyre.no\/sandefjord\/","name":"Sandefjord H\u00f8yre","description":"Bare enda et H\u00f8yres nettsteder-nettsted","inLanguage":"nb-NO"}]}},"distributor_meta":false,"distributor_terms":false,"distributor_media":false,"distributor_original_site_name":"Sandefjord H\u00f8yre","distributor_original_site_url":"https:\/\/hoyre.no\/sandefjord","push-errors":false,"_links":{"self":[{"href":"https:\/\/hoyre.no\/sandefjord\/wp-json\/wp\/v2\/pages\/91","targetHints":{"allow":["GET"]}}],"collection":[{"href":"https:\/\/hoyre.no\/sandefjord\/wp-json\/wp\/v2\/pages"}],"about":[{"href":"https:\/\/hoyre.no\/sandefjord\/wp-json\/wp\/v2\/types\/page"}],"author":[{"embeddable":true,"href":"https:\/\/hoyre.no\/sandefjord\/wp-json\/wp\/v2\/users\/32000"}],"replies":[{"embeddable":true,"href":"https:\/\/hoyre.no\/sandefjord\/wp-json\/wp\/v2\/comments?post=91"}],"version-history":[{"count":6,"href":"https:\/\/hoyre.no\/sandefjord\/wp-json\/wp\/v2\/pages\/91\/revisions"}],"predecessor-version":[{"id":418,"href":"https:\/\/hoyre.no\/sandefjord\/wp-json\/wp\/v2\/pages\/91\/revisions\/418"}],"wp:attachment":[{"href":"https:\/\/hoyre.no\/sandefjord\/wp-json\/wp\/v2\/media?parent=91"}],"curies":[{"name":"wp","href":"https:\/\/api.w.org\/{rel}","templated":true}]}}