{"id":58,"date":"2023-05-02T12:46:38","date_gmt":"2023-05-02T10:46:38","guid":{"rendered":"https:\/\/hoyre.no\/sigdal-og-eggedal\/?page_id=58"},"modified":"2023-07-30T16:24:16","modified_gmt":"2023-07-30T14:24:16","slug":"politikk","status":"publish","type":"page","link":"https:\/\/hoyre.no\/sigdal-og-eggedal\/politikk\/","title":{"rendered":"Politikk"},"content":{"rendered":"\n<div class=\"wp-block-hoyre-hero with-image-gradient text-color-light  alignfull has-background\"><div class=\"hoyre-hero \"><h1 class=\"title\">Politikk<\/h1><p class=\"preamble\">N\u00e5r frivilligheten, n\u00e6ringslivet og offentlig sektor spiller p\u00e5 lag, skapes det gode lokalsamfunn. H\u00f8yre tror p\u00e5 enkeltmenneskets evne og lyst til \u00e5 st\u00e5 p\u00e5 egne ben.<br><br>Det er v\u00e5r oppgave \u00e5 s\u00f8rge for at mennesker kan leve gode liv, uansett utgangspunkt. Vi skaper ikke politikk for kommunen, men for alle som bor der. H\u00f8yre tror p\u00e5 et samfunn som gir muligheter for alle.<\/p><\/div><\/div>\n\n\n\n\n<div class=\"wp-block-teft-file icon-link-block\"><a href=\"https:\/\/hoyre.no\/content\/uploads\/sites\/162\/2023\/06\/Sigdal-og-Eggedal-Hoyres-program-2023-2027-1.pdf\" download><span class=\"file-title\">Her kan du lese v\u00e5rt program for 2023-2027<\/span><span class=\"file-name\"><\/span><\/a><\/div>\n\n\n\n\n\n<div class=\"wp-block-hoyre-banner undefined  is-style-blue\"><div class=\"banner-inner\"><figure class=\"hoyre-image-wrapper\"><div class=\"hoyre-image\"><img loading=\"lazy\" decoding=\"async\" width=\"2500\" height=\"1476\" src=\"https:\/\/hoyre.no\/content\/uploads\/sites\/162\/2023\/07\/gruppebilde-sigdal-hoyre-2023-1-scaled.jpeg\" class=\"attachment-scaled size-scaled\" alt=\"\" style=\"object-position: 50% 9%\" srcset=\"https:\/\/hoyre.no\/content\/uploads\/sites\/162\/2023\/07\/gruppebilde-sigdal-hoyre-2023-1-scaled.jpeg 2500w, https:\/\/hoyre.no\/content\/uploads\/sites\/162\/2023\/07\/gruppebilde-sigdal-hoyre-2023-1-300x177.jpeg 300w, https:\/\/hoyre.no\/content\/uploads\/sites\/162\/2023\/07\/gruppebilde-sigdal-hoyre-2023-1-1024x604.jpeg 1024w, https:\/\/hoyre.no\/content\/uploads\/sites\/162\/2023\/07\/gruppebilde-sigdal-hoyre-2023-1-768x453.jpeg 768w, https:\/\/hoyre.no\/content\/uploads\/sites\/162\/2023\/07\/gruppebilde-sigdal-hoyre-2023-1-1536x907.jpeg 1536w, https:\/\/hoyre.no\/content\/uploads\/sites\/162\/2023\/07\/gruppebilde-sigdal-hoyre-2023-1-2048x1209.jpeg 2048w\" sizes=\"auto, (max-width: 2500px) 100vw, 2500px\" \/><\/div><\/figure><div class=\"banner-content\"><div class=\"entry-content\">\n<h2 class=\"wp-block-heading\">Ti gode grunner til \u00e5 stemme H\u00f8yre i Sigdal<\/h2>\n\n\n\n<div class=\"wp-block-buttons is-content-justification-center is-layout-flex wp-container-core-buttons-is-layout-16018d1d wp-block-buttons-is-layout-flex\">\n<div class=\"wp-block-button\"><a class=\"wp-block-button__link\" href=\"https:\/\/hoyre.no\/sigdal-og-eggedal\/ti-gode-grunner\/\" target=\"_blank\" rel=\"noreferrer noopener\">TRYKK HER FOR \u00c5 SE<\/a><\/div>\n<\/div>\n<\/div><\/div><\/div><\/div>\n\n\n\n\n<h3 class=\"wp-block-heading\">Vil du lese hele programmet? Se her:<\/h3>\n\n\n\n<div class=\"wp-block-teft-file icon-link-block\"><a href=\"https:\/\/hoyre.no\/content\/uploads\/sites\/162\/2023\/06\/Sigdal-og-Eggedal-Hoyres-program-2023-2027-1.pdf\" download><span class=\"file-title\">Her kan du lese v\u00e5rt program for 2023-2027<\/span><span class=\"file-name\"><\/span><\/a><\/div>\n","protected":false},"excerpt":{"rendered":"<p>Vil du lese hele programmet? Se her:<\/p>\n","protected":false},"author":11570,"featured_media":0,"parent":0,"menu_order":0,"comment_status":"closed","ping_status":"closed","template":"","meta":{"teft_cards_image_url":"","teft_cards_custom_pretitle":"","teft_cards_image_id":0,"teft_cards_image_focal_point_x":0,"teft_cards_image_focal_point_y":0,"teft_cards_title":"","teft_cards_excerpt":"","teft_show_chapters":false,"footnotes":""},"class_list":["post-58","page","type-page","status-publish","hentry"],"yoast_head":"<!-- This site is optimized with the Yoast SEO plugin v26.6 - https:\/\/yoast.com\/wordpress\/plugins\/seo\/ -->\n<title>Politikk - Sigdal og Eggedal H\u00f8yre<\/title>\n<meta name=\"robots\" content=\"index, follow, max-snippet:-1, max-image-preview:large, max-video-preview:-1\" \/>\n<link rel=\"canonical\" href=\"https:\/\/hoyre.no\/sigdal-og-eggedal\/politikk\/\" \/>\n<meta property=\"og:locale\" content=\"nb_NO\" \/>\n<meta property=\"og:type\" content=\"article\" \/>\n<meta property=\"og:title\" content=\"Politikk - Sigdal og Eggedal H\u00f8yre\" \/>\n<meta property=\"og:description\" content=\"Vil du lese hele programmet? Se her:\" \/>\n<meta property=\"og:url\" content=\"https:\/\/hoyre.no\/sigdal-og-eggedal\/politikk\/\" \/>\n<meta property=\"og:site_name\" content=\"Sigdal og Eggedal H\u00f8yre\" \/>\n<meta property=\"article:modified_time\" content=\"2023-07-30T14:24:16+00:00\" \/>\n<meta property=\"og:image\" content=\"https:\/\/hoyre.no\/content\/uploads\/sites\/162\/2022\/11\/Hoyres-logo.png\" \/>\n\t<meta property=\"og:image:width\" content=\"1000\" \/>\n\t<meta property=\"og:image:height\" content=\"1000\" \/>\n\t<meta property=\"og:image:type\" content=\"image\/png\" \/>\n<meta name=\"twitter:card\" content=\"summary_large_image\" \/>\n<meta name=\"twitter:label1\" content=\"Ansl. lesetid\" \/>\n\t<meta name=\"twitter:data1\" content=\"1 minutt\" \/>\n<script type=\"application\/ld+json\" class=\"yoast-schema-graph\">{\"@context\":\"https:\/\/schema.org\",\"@graph\":[{\"@type\":\"WebPage\",\"@id\":\"https:\/\/hoyre.no\/sigdal-og-eggedal\/politikk\/\",\"url\":\"https:\/\/hoyre.no\/sigdal-og-eggedal\/politikk\/\",\"name\":\"Politikk - Sigdal og Eggedal H\u00f8yre\",\"isPartOf\":{\"@id\":\"https:\/\/hoyre.no\/sigdal-og-eggedal\/#website\"},\"datePublished\":\"2023-05-02T10:46:38+00:00\",\"dateModified\":\"2023-07-30T14:24:16+00:00\",\"breadcrumb\":{\"@id\":\"https:\/\/hoyre.no\/sigdal-og-eggedal\/politikk\/#breadcrumb\"},\"inLanguage\":\"nb-NO\",\"potentialAction\":[{\"@type\":\"ReadAction\",\"target\":[\"https:\/\/hoyre.no\/sigdal-og-eggedal\/politikk\/\"]}]},{\"@type\":\"BreadcrumbList\",\"@id\":\"https:\/\/hoyre.no\/sigdal-og-eggedal\/politikk\/#breadcrumb\",\"itemListElement\":[{\"@type\":\"ListItem\",\"position\":1,\"name\":\"Til hoyre.no\",\"item\":\"https:\/\/hoyre.no\"},{\"@type\":\"ListItem\",\"position\":2,\"name\":\"Hjem\",\"item\":\"https:\/\/hoyre.no\/sigdal-og-eggedal\/\"},{\"@type\":\"ListItem\",\"position\":3,\"name\":\"Politikk\"}]},{\"@type\":\"WebSite\",\"@id\":\"https:\/\/hoyre.no\/sigdal-og-eggedal\/#website\",\"url\":\"https:\/\/hoyre.no\/sigdal-og-eggedal\/\",\"name\":\"Sigdal og Eggedal H\u00f8yre\",\"description\":\"Bare enda et H\u00f8yres nettsteder-nettsted\",\"inLanguage\":\"nb-NO\"}]}<\/script>\n<!-- \/ Yoast SEO plugin. -->","yoast_head_json":{"title":"Politikk - Sigdal og Eggedal H\u00f8yre","robots":{"index":"index","follow":"follow","max-snippet":"max-snippet:-1","max-image-preview":"max-image-preview:large","max-video-preview":"max-video-preview:-1"},"canonical":"https:\/\/hoyre.no\/sigdal-og-eggedal\/politikk\/","og_locale":"nb_NO","og_type":"article","og_title":"Politikk - Sigdal og Eggedal H\u00f8yre","og_description":"Vil du lese hele programmet? Se her:","og_url":"https:\/\/hoyre.no\/sigdal-og-eggedal\/politikk\/","og_site_name":"Sigdal og Eggedal H\u00f8yre","article_modified_time":"2023-07-30T14:24:16+00:00","og_image":[{"width":1000,"height":1000,"url":"https:\/\/hoyre.no\/content\/uploads\/sites\/162\/2022\/11\/Hoyres-logo.png","type":"image\/png"}],"twitter_card":"summary_large_image","twitter_misc":{"Ansl. lesetid":"1 minutt"},"schema":{"@context":"https:\/\/schema.org","@graph":[{"@type":"WebPage","@id":"https:\/\/hoyre.no\/sigdal-og-eggedal\/politikk\/","url":"https:\/\/hoyre.no\/sigdal-og-eggedal\/politikk\/","name":"Politikk - Sigdal og Eggedal H\u00f8yre","isPartOf":{"@id":"https:\/\/hoyre.no\/sigdal-og-eggedal\/#website"},"datePublished":"2023-05-02T10:46:38+00:00","dateModified":"2023-07-30T14:24:16+00:00","breadcrumb":{"@id":"https:\/\/hoyre.no\/sigdal-og-eggedal\/politikk\/#breadcrumb"},"inLanguage":"nb-NO","potentialAction":[{"@type":"ReadAction","target":["https:\/\/hoyre.no\/sigdal-og-eggedal\/politikk\/"]}]},{"@type":"BreadcrumbList","@id":"https:\/\/hoyre.no\/sigdal-og-eggedal\/politikk\/#breadcrumb","itemListElement":[{"@type":"ListItem","position":1,"name":"Til hoyre.no","item":"https:\/\/hoyre.no"},{"@type":"ListItem","position":2,"name":"Hjem","item":"https:\/\/hoyre.no\/sigdal-og-eggedal\/"},{"@type":"ListItem","position":3,"name":"Politikk"}]},{"@type":"WebSite","@id":"https:\/\/hoyre.no\/sigdal-og-eggedal\/#website","url":"https:\/\/hoyre.no\/sigdal-og-eggedal\/","name":"Sigdal og Eggedal H\u00f8yre","description":"Bare enda et H\u00f8yres nettsteder-nettsted","inLanguage":"nb-NO"}]}},"distributor_meta":false,"distributor_terms":false,"distributor_media":false,"distributor_original_site_name":"Sigdal og Eggedal H\u00f8yre","distributor_original_site_url":"https:\/\/hoyre.no\/sigdal-og-eggedal","push-errors":false,"_links":{"self":[{"href":"https:\/\/hoyre.no\/sigdal-og-eggedal\/wp-json\/wp\/v2\/pages\/58","targetHints":{"allow":["GET"]}}],"collection":[{"href":"https:\/\/hoyre.no\/sigdal-og-eggedal\/wp-json\/wp\/v2\/pages"}],"about":[{"href":"https:\/\/hoyre.no\/sigdal-og-eggedal\/wp-json\/wp\/v2\/types\/page"}],"author":[{"embeddable":true,"href":"https:\/\/hoyre.no\/sigdal-og-eggedal\/wp-json\/wp\/v2\/users\/11570"}],"replies":[{"embeddable":true,"href":"https:\/\/hoyre.no\/sigdal-og-eggedal\/wp-json\/wp\/v2\/comments?post=58"}],"version-history":[{"count":16,"href":"https:\/\/hoyre.no\/sigdal-og-eggedal\/wp-json\/wp\/v2\/pages\/58\/revisions"}],"predecessor-version":[{"id":148,"href":"https:\/\/hoyre.no\/sigdal-og-eggedal\/wp-json\/wp\/v2\/pages\/58\/revisions\/148"}],"wp:attachment":[{"href":"https:\/\/hoyre.no\/sigdal-og-eggedal\/wp-json\/wp\/v2\/media?parent=58"}],"curies":[{"name":"wp","href":"https:\/\/api.w.org\/{rel}","templated":true}]}}