{"id":144,"date":"2023-06-11T18:09:07","date_gmt":"2023-06-11T16:09:07","guid":{"rendered":"https:\/\/hoyre.no\/skien\/?page_id=144"},"modified":"2025-02-13T12:25:03","modified_gmt":"2025-02-13T11:25:03","slug":"ordforerkandidat","status":"publish","type":"page","link":"https:\/\/hoyre.no\/skien\/ordforerkandidat\/","title":{"rendered":"Ordf\u00f8rerkandidat"},"content":{"rendered":"\n<div class=\"wp-block-hoyre-hero with-image-gradient text-color-light  has-media alignfull has-background\"><div class=\"hoyre-hero has-image\"><h1 class=\"title\">Ordf\u00f8rer Marius Roheim Aarvold <\/h1><p class=\"preamble\">Hvorfor du skal gi H\u00f8yre og meg din stemme i Skien? <\/p>\t\t\t<div class=\"post-meta wp-block teft-byline-wrapper\">\n\t\t\t\t<div class=\"top\">\n\t\t\t\t\t<div class=\"signature\">\n\t\t\t\t\t\t<div class=\"teft-byline\">\n\t\t\t\t\t\t\t\t\t\t\t\t\t\t<div>\n\t\t\t\t\t\t\t\t<h3>H\u00f8yres redaksjon<\/h3>\t\t\t\t\t\t\t\t\n\t\t\t\t\t\t\t\t\t\t\t\t\t\t\t\t\t<span class=\"date\">Sist oppdatert: 13. februar 2025<\/span>\n\t\t\t\t\t\t\t\t\t\t\t\t\t\t\t\t\t\t\t\t\t\t\t\t\t<span class=\"reading-time\" itemprop=\"timeRequired\" content=\"PT3M\"><em>Ca. 3 minutter lesetid<\/em><\/span>\n\t\t\t\t\t\t\t\t\t\t\t\t\t\t\t<\/div>\n\t\t\t\t\t\t<\/div>\n\t\t\t\t\t<\/div>\n\t\t\t\t\t\t<div class=\"sharing\">\n\t\t<a class=\"share-button share-link copy-link\" data-copy=\"https:\/\/hoyre.no\/skien\/ordforerkandidat\/\" target=\"_blank\"><span class=\"screen-reader-text\">Del link<\/span><\/a>\n\t\t<a class=\"share-button share-twitter\" href=\"http:\/\/twitter.com\/share?text=Ordf\u00f8rerkandidat&#038;url=https:\/\/hoyre.no\/skien\/ordforerkandidat\/&#038;hashtags=Hoyre\" target=\"_blank\"><span class=\"screen-reader-text\">Del p\u00e5 twitter<\/span><\/a>\n\t\t<a class=\"share-button share-facebook\" href=\"https:\/\/www.facebook.com\/sharer\/sharer.php?u=https:\/\/hoyre.no\/skien\/ordforerkandidat\/\" target=\"_blank\"><span class=\"screen-reader-text\">Del p\u00e5 facebook<\/span><\/a>\n\t<\/div>\n\t\t\t\t\t<\/div>\n\t\t\t<\/div>\n\n\t\t\t<figure class=\"hoyre-image-wrapper\"><div class=\"hoyre-image\"><img loading=\"lazy\" decoding=\"async\" width=\"1536\" height=\"2048\" src=\"https:\/\/hoyre.no\/content\/uploads\/sites\/357\/2023\/06\/odd.jpeg\" class=\"attachment-scaled size-scaled\" alt=\"\" style=\"object-position: 48% 52%\" srcset=\"https:\/\/hoyre.no\/content\/uploads\/sites\/357\/2023\/06\/odd.jpeg 1536w, https:\/\/hoyre.no\/content\/uploads\/sites\/357\/2023\/06\/odd-225x300.jpeg 225w, https:\/\/hoyre.no\/content\/uploads\/sites\/357\/2023\/06\/odd-768x1024.jpeg 768w, https:\/\/hoyre.no\/content\/uploads\/sites\/357\/2023\/06\/odd-1152x1536.jpeg 1152w\" sizes=\"auto, (max-width: 1536px) 100vw, 1536px\" \/><\/div><\/figure><\/div><\/div>\n\n\n\n\n<div class=\"wp-block-buttons is-content-justification-center is-layout-flex wp-container-core-buttons-is-layout-16018d1d wp-block-buttons-is-layout-flex\">\n<div class=\"wp-block-button\"><a class=\"wp-block-button__link wp-element-button\" href=\"https:\/\/hoyre.no\/personprofiler\/marius-roheim-johnsen\/\" target=\"_blank\" rel=\"noreferrer noopener\">kom i kontakt med Marius<\/a><\/div>\n\n\n\n<div class=\"wp-block-button\"><a class=\"wp-block-button__link wp-element-button\" href=\"https:\/\/www.facebook.com\/profile.php?id=100087324624907\" target=\"_blank\" rel=\"noreferrer noopener\">f\u00f8lg Marius p\u00e5 facebook<\/a><\/div>\n<\/div>\n\n\n\n<p><\/p>\n\n\n\n<p>Sm\u00e5barnsfaren som har et brennende hjerte for Skien, og er opptatt av at Skien skal v\u00e6re et godt sted \u00e5 vokse opp, bo og bli gammel.<\/p>\n\n\n\n<p>Marius er selv f\u00f8dt og oppvokst i byen, og har tr\u00e5kket sine barne\u00e5r p\u00e5 Kleiva. N\u00e5 bor han i en leilighet i Snipetorp med kona han har hentet fra Vestfold, og en datter p\u00e5 to \u00e5r.<\/p>\n\n\n\n<p>Marius er klar for en trygg styring av Skien, og er, sammen med et godt H\u00f8yre-lag, tydelig p\u00e5 at H\u00f8yre skal prioritere det viktigste f\u00f8rst. Oppvekst, eldreomsorg og innbyggernes privat\u00f8konomi.<\/p>\n\n\n\n<p>Her kan du bli litt bedre kjent med Marius Roheim Aarvold.<\/p>\n\n\n\n<div class=\"wp-block-hoyre-banner undefined has-icon-title icon-heart is-style-blue\"><div class=\"banner-inner\"><figure class=\"hoyre-image-wrapper\"><div class=\"hoyre-image\"><img loading=\"lazy\" decoding=\"async\" width=\"1875\" height=\"2500\" src=\"https:\/\/hoyre.no\/content\/uploads\/sites\/357\/2023\/06\/IMG_2295-scaled.jpeg\" class=\"attachment-scaled size-scaled\" alt=\"\" style=\"object-position: 51% 63%\" srcset=\"https:\/\/hoyre.no\/content\/uploads\/sites\/357\/2023\/06\/IMG_2295-scaled.jpeg 1875w, https:\/\/hoyre.no\/content\/uploads\/sites\/357\/2023\/06\/IMG_2295-225x300.jpeg 225w, https:\/\/hoyre.no\/content\/uploads\/sites\/357\/2023\/06\/IMG_2295-768x1024.jpeg 768w, https:\/\/hoyre.no\/content\/uploads\/sites\/357\/2023\/06\/IMG_2295-1152x1536.jpeg 1152w, https:\/\/hoyre.no\/content\/uploads\/sites\/357\/2023\/06\/IMG_2295-1536x2048.jpeg 1536w\" sizes=\"auto, (max-width: 1875px) 100vw, 1875px\" \/><\/div><\/figure><div class=\"banner-content\"><div class=\"entry-content\">\n<h2 class=\"wp-block-heading has-text-align-center\" id=\"h-bli-bedre-kjent-med-navn\">Bli bedre kjent med Marius!<\/h2>\n\n\n\n<p class=\"has-text-align-left\"><strong>Alder:<\/strong> 30<\/p>\n\n\n\n<p class=\"has-text-align-left\"><strong>Bosted:<\/strong> Snipetorp<\/p>\n\n\n\n<p class=\"has-text-align-left\"><strong>Sivilstatus:<\/strong> Gift og sm\u00e5barnsfar<\/p>\n\n\n\n<p class=\"has-text-align-left\"><strong>Jobb:<\/strong> Ordf\u00f8rer<\/p>\n\n\n\n<p class=\"has-text-align-left\"><strong>Politisk erfaring:<\/strong> <\/p>\n\n\n\n<p class=\"has-text-align-left\">Marius har sittet i bystyret og hovedutvalget for oppvekst.\u00a0Han har ogs\u00e5 bred erfaring fra partiarbeid i H\u00f8yre, i tillegg til andre styreverv.<\/p>\n\n\n\n<p class=\"has-text-align-left\">Siden valget i 2023 har han v\u00e6rt ordf\u00f8rer.<\/p>\n\n\n\n<p class=\"has-text-align-left\"><strong>Hvorfor er H\u00f8yre rett parti for deg?<\/strong><\/p>\n\n\n\n<p class=\"has-text-align-left\">H\u00f8yre er rett parti for meg fordi jeg tror p\u00e5 mennesker, og \u00f8nsker \u00e5 skape et samfunn med muligheter for alle. Jeg er opptatt av at folk skal f\u00e5 bestemme mest mulig over eget liv.<\/p>\n\n\n\n<p class=\"has-text-align-left\"><strong>Fritidsinteresser:<\/strong> <strong>:<\/strong>\u00a0<\/p>\n\n\n\n<p class=\"has-text-align-left\">Marius bruker aller helst sin ledige tid p\u00e5 en fjelltur eller en tur i marka i Skien, og er glad i alt fra ti-topperen, stolpejakta og hytte til hytt tur p\u00e5 vidda. I tillegg er han glad i \u00e5 lage mat og inviterer gjerne venner hjem, ogs\u00e5 pr\u00f8ver han \u00e5 f\u00e5 til en runde eller to p\u00e5 golf-banen n\u00e5r tiden strekker til.<\/p>\n\n\n\n<p class=\"has-text-align-left\"><strong>Det er l\u00f8rdag, klokka n\u00e6rmer seg 19.00. Hva spiser du helst til middag?<\/strong> Da spiser jeg aller  helst en god biff. <\/p>\n\n\n\n<p class=\"has-text-align-left\"><strong>Konsert eller idrettsarrangement?<\/strong> Det m\u00e5 bli konsert, selv om jeg er  veldig glad i en god Odd-kamp ogs\u00e5. <\/p>\n\n\n\n<p class=\"has-text-align-left\"><strong>Hvis du skulle valgt en, hva er din favorittartist?<\/strong> Frank Sinatra<\/p>\n\n\n\n<p class=\"has-text-align-left\"><strong>Hva er din favorittplass i kommunen og utenfor kommunen?<\/strong>&nbsp;Min favorittplass i Skien m\u00e5 v\u00e6re p\u00e5 toppen av Veal\u00f8s med utsikt over byen. Utenfor Skien er min favorittplass en konsert i Wrightegaarden en  fin sommerdag. <\/p>\n\n\n\n<div class=\"wp-block-buttons is-layout-flex wp-block-buttons-is-layout-flex\"><\/div>\n<\/div><\/div><\/div><\/div>\n\n\n\n<h2 class=\"wp-block-heading has-text-align-center\">Marius sin hjertesak<\/h2>\n\n\n\n<h3 class=\"wp-block-heading\">\ud83d\udc99 <strong>En skole med muligheter for alle<\/strong><\/h3>\n\n\n\n<p>For \u00e5 skape et samfunn der alle kan lykkes, er det avgj\u00f8rende med gode skoler. Skiensskolen skal v\u00e6re en inkluderende kunnskapsskole som ser hver enkelt elev og gir mestring, lek og l\u00e6ring. H\u00f8yre vil prioritere tidlig innsats, flere dyktige l\u00e6rere og sikre at skolen blir bedre tilpasset hver enkelt elev. I tillegg vil vi styrke laget rundt eleven. Vi skal ha h\u00f8ye ambisjoner om en offentlig skole som l\u00f8fter alle elevene.&nbsp;<\/p>\n\n\n\n\n\t\t<div class=\"has-lightest-blue-background-color is-layout-left alignwide alignwide wp-block-hoyre-media-text\">\n\t\t\t<div class=\"hoyre-media-text__media\">\n\t\t\t\t<img loading=\"lazy\" decoding=\"async\" width=\"600\" height=\"381\" src=\"https:\/\/hoyre.no\/content\/uploads\/sites\/357\/2023\/05\/getthumbnail.ashx_.jpeg\" class=\"hoyre-media-text__media-image\" alt=\"\" style=\"--focal: 50% 50%;\" srcset=\"https:\/\/hoyre.no\/content\/uploads\/sites\/357\/2023\/05\/getthumbnail.ashx_.jpeg 600w, https:\/\/hoyre.no\/content\/uploads\/sites\/357\/2023\/05\/getthumbnail.ashx_-300x191.jpeg 300w\" sizes=\"auto, (max-width: 600px) 100vw, 600px\" \/>\n\t\t\t<\/div>\n\t\t\t<div class=\"hoyre-media-text__content\">\n\t\t\t\t<div class=\"hoyre-media-text__content-inner\">\n\t\t\t\t\t\n\t\t\t<div class=\"hoyre-media-text__title-container\">\n\t\t\t\t\n\t\t\t\t<h2 class=\"hoyre-media-text__title\">Vil du snakke med Marius?<\/h2>\n\t\t\t<\/div>\n\t\t\t\n\t\t\t\t\t<div class=\"hoyre-media-text__blocks\">\n<p>Kom i kontakt med ham her\ud83d\udc47<\/p>\n<\/div>\n\t\t\t\t\t\n\t\t\t<div class=\"hoyre-media-text__buttons\">\n\t\t\t\t<a class=\"button\" href=\"https:\/\/hoyre.no\/personprofiler\/marius-roheim-johnsen\/\">Les mer<\/a>\n\t\t\t<\/div>\n\t\t\t\n\t\t\t\t<\/div>\n\t\t\t<\/div>\n\t\t<\/div>\n\t\t","protected":false},"excerpt":{"rendered":"","protected":false},"author":29612,"featured_media":0,"parent":0,"menu_order":0,"comment_status":"closed","ping_status":"closed","template":"","meta":{"teft_cards_image_url":"","teft_cards_custom_pretitle":"","teft_cards_image_id":214,"teft_cards_image_focal_point_x":0.6,"teft_cards_image_focal_point_y":0.42,"teft_cards_title":"","teft_cards_excerpt":"","teft_show_chapters":false,"footnotes":""},"class_list":["post-144","page","type-page","status-publish","hentry"],"yoast_head":"<!-- This site is optimized with the Yoast SEO plugin v26.6 - https:\/\/yoast.com\/wordpress\/plugins\/seo\/ -->\n<title>Ordf\u00f8rerkandidat - Skien H\u00f8yre<\/title>\n<meta name=\"robots\" content=\"index, follow, max-snippet:-1, max-image-preview:large, max-video-preview:-1\" \/>\n<link rel=\"canonical\" href=\"https:\/\/hoyre.no\/skien\/ordforerkandidat\/\" \/>\n<meta property=\"og:locale\" content=\"nb_NO\" \/>\n<meta property=\"og:type\" content=\"article\" \/>\n<meta property=\"og:title\" content=\"Ordf\u00f8rerkandidat - Skien H\u00f8yre\" \/>\n<meta property=\"og:url\" content=\"https:\/\/hoyre.no\/skien\/ordforerkandidat\/\" \/>\n<meta property=\"og:site_name\" content=\"Skien H\u00f8yre\" \/>\n<meta property=\"article:modified_time\" content=\"2025-02-13T11:25:03+00:00\" \/>\n<meta property=\"og:image\" content=\"https:\/\/hoyre.no\/content\/uploads\/sites\/357\/2023\/06\/odd-768x1024.jpeg\" \/>\n<meta name=\"twitter:card\" content=\"summary_large_image\" \/>\n<meta name=\"twitter:label1\" content=\"Ansl. lesetid\" \/>\n\t<meta name=\"twitter:data1\" content=\"3 minutter\" \/>\n<script type=\"application\/ld+json\" class=\"yoast-schema-graph\">{\"@context\":\"https:\/\/schema.org\",\"@graph\":[{\"@type\":\"WebPage\",\"@id\":\"https:\/\/hoyre.no\/skien\/ordforerkandidat\/\",\"url\":\"https:\/\/hoyre.no\/skien\/ordforerkandidat\/\",\"name\":\"Ordf\u00f8rerkandidat - Skien H\u00f8yre\",\"isPartOf\":{\"@id\":\"https:\/\/hoyre.no\/skien\/#website\"},\"datePublished\":\"2023-06-11T16:09:07+00:00\",\"dateModified\":\"2025-02-13T11:25:03+00:00\",\"breadcrumb\":{\"@id\":\"https:\/\/hoyre.no\/skien\/ordforerkandidat\/#breadcrumb\"},\"inLanguage\":\"nb-NO\",\"potentialAction\":[{\"@type\":\"ReadAction\",\"target\":[\"https:\/\/hoyre.no\/skien\/ordforerkandidat\/\"]}]},{\"@type\":\"BreadcrumbList\",\"@id\":\"https:\/\/hoyre.no\/skien\/ordforerkandidat\/#breadcrumb\",\"itemListElement\":[{\"@type\":\"ListItem\",\"position\":1,\"name\":\"Til hoyre.no\",\"item\":\"https:\/\/hoyre.no\"},{\"@type\":\"ListItem\",\"position\":2,\"name\":\"Hjem\",\"item\":\"https:\/\/hoyre.no\/skien\/\"},{\"@type\":\"ListItem\",\"position\":3,\"name\":\"Ordf\u00f8rerkandidat\"}]},{\"@type\":\"WebSite\",\"@id\":\"https:\/\/hoyre.no\/skien\/#website\",\"url\":\"https:\/\/hoyre.no\/skien\/\",\"name\":\"Skien H\u00f8yre\",\"description\":\"Bare enda et H\u00f8yres nettsteder-nettsted\",\"inLanguage\":\"nb-NO\"}]}<\/script>\n<!-- \/ Yoast SEO plugin. -->","yoast_head_json":{"title":"Ordf\u00f8rerkandidat - Skien H\u00f8yre","robots":{"index":"index","follow":"follow","max-snippet":"max-snippet:-1","max-image-preview":"max-image-preview:large","max-video-preview":"max-video-preview:-1"},"canonical":"https:\/\/hoyre.no\/skien\/ordforerkandidat\/","og_locale":"nb_NO","og_type":"article","og_title":"Ordf\u00f8rerkandidat - Skien H\u00f8yre","og_url":"https:\/\/hoyre.no\/skien\/ordforerkandidat\/","og_site_name":"Skien H\u00f8yre","article_modified_time":"2025-02-13T11:25:03+00:00","og_image":[{"url":"https:\/\/hoyre.no\/content\/uploads\/sites\/357\/2023\/06\/odd-768x1024.jpeg","width":"","height":"","type":""}],"twitter_card":"summary_large_image","twitter_misc":{"Ansl. lesetid":"3 minutter"},"schema":{"@context":"https:\/\/schema.org","@graph":[{"@type":"WebPage","@id":"https:\/\/hoyre.no\/skien\/ordforerkandidat\/","url":"https:\/\/hoyre.no\/skien\/ordforerkandidat\/","name":"Ordf\u00f8rerkandidat - Skien H\u00f8yre","isPartOf":{"@id":"https:\/\/hoyre.no\/skien\/#website"},"datePublished":"2023-06-11T16:09:07+00:00","dateModified":"2025-02-13T11:25:03+00:00","breadcrumb":{"@id":"https:\/\/hoyre.no\/skien\/ordforerkandidat\/#breadcrumb"},"inLanguage":"nb-NO","potentialAction":[{"@type":"ReadAction","target":["https:\/\/hoyre.no\/skien\/ordforerkandidat\/"]}]},{"@type":"BreadcrumbList","@id":"https:\/\/hoyre.no\/skien\/ordforerkandidat\/#breadcrumb","itemListElement":[{"@type":"ListItem","position":1,"name":"Til hoyre.no","item":"https:\/\/hoyre.no"},{"@type":"ListItem","position":2,"name":"Hjem","item":"https:\/\/hoyre.no\/skien\/"},{"@type":"ListItem","position":3,"name":"Ordf\u00f8rerkandidat"}]},{"@type":"WebSite","@id":"https:\/\/hoyre.no\/skien\/#website","url":"https:\/\/hoyre.no\/skien\/","name":"Skien H\u00f8yre","description":"Bare enda et H\u00f8yres nettsteder-nettsted","inLanguage":"nb-NO"}]}},"distributor_meta":false,"distributor_terms":false,"distributor_media":false,"distributor_original_site_name":"Skien H\u00f8yre","distributor_original_site_url":"https:\/\/hoyre.no\/skien","push-errors":false,"_links":{"self":[{"href":"https:\/\/hoyre.no\/skien\/wp-json\/wp\/v2\/pages\/144","targetHints":{"allow":["GET"]}}],"collection":[{"href":"https:\/\/hoyre.no\/skien\/wp-json\/wp\/v2\/pages"}],"about":[{"href":"https:\/\/hoyre.no\/skien\/wp-json\/wp\/v2\/types\/page"}],"author":[{"embeddable":true,"href":"https:\/\/hoyre.no\/skien\/wp-json\/wp\/v2\/users\/29612"}],"replies":[{"embeddable":true,"href":"https:\/\/hoyre.no\/skien\/wp-json\/wp\/v2\/comments?post=144"}],"version-history":[{"count":11,"href":"https:\/\/hoyre.no\/skien\/wp-json\/wp\/v2\/pages\/144\/revisions"}],"predecessor-version":[{"id":521,"href":"https:\/\/hoyre.no\/skien\/wp-json\/wp\/v2\/pages\/144\/revisions\/521"}],"wp:attachment":[{"href":"https:\/\/hoyre.no\/skien\/wp-json\/wp\/v2\/media?parent=144"}],"curies":[{"name":"wp","href":"https:\/\/api.w.org\/{rel}","templated":true}]}}