{"id":50,"date":"2023-06-19T12:46:02","date_gmt":"2023-06-19T10:46:02","guid":{"rendered":"https:\/\/hoyre.no\/sokndal\/?page_id=50"},"modified":"2025-01-28T12:25:47","modified_gmt":"2025-01-28T11:25:47","slug":"5-grunner-til-a-stemme-hoyre-i-sokndal","status":"publish","type":"page","link":"https:\/\/hoyre.no\/sokndal\/5-grunner-til-a-stemme-hoyre-i-sokndal\/","title":{"rendered":"5 grunner til \u00e5 stemme H\u00f8yre i Sokndal"},"content":{"rendered":"\n<div class=\"wp-block-hoyre-hero with-image-gradient text-color-light  has-media alignfull has-background\"><div class=\"hoyre-hero has-image\"><h1 class=\"title\">5 grunner til \u00e5 stemme H\u00f8yre i Sokndal<\/h1><figure class=\"hoyre-image-wrapper\"><div class=\"hoyre-image\"><img loading=\"lazy\" decoding=\"async\" width=\"828\" height=\"552\" src=\"https:\/\/hoyre.no\/content\/uploads\/sites\/213\/2023\/06\/271717632_292235232942225_4012074995843438297_n-1.jpg\" class=\"attachment-scaled size-scaled\" alt=\"\" style=\"object-position: 53% 69%\" srcset=\"https:\/\/hoyre.no\/content\/uploads\/sites\/213\/2023\/06\/271717632_292235232942225_4012074995843438297_n-1.jpg 828w, https:\/\/hoyre.no\/content\/uploads\/sites\/213\/2023\/06\/271717632_292235232942225_4012074995843438297_n-1-300x200.jpg 300w, https:\/\/hoyre.no\/content\/uploads\/sites\/213\/2023\/06\/271717632_292235232942225_4012074995843438297_n-1-768x512.jpg 768w\" sizes=\"auto, (max-width: 828px) 100vw, 828px\" \/><\/div><\/figure><\/div><\/div>\n\n\n\n\n\t\t<div class=\"has-pink-background-color is-layout-left alignwide alignwide wp-block-hoyre-media-text\">\n\t\t\t<div class=\"hoyre-media-text__media\">\n\t\t\t\t<img loading=\"lazy\" decoding=\"async\" width=\"1024\" height=\"683\" src=\"https:\/\/hoyre.no\/content\/uploads\/sites\/213\/2023\/06\/GettyImages-512098822-1024x683.jpg\" class=\"hoyre-media-text__media-image\" alt=\"\" style=\"--focal: 50% 50%;\" srcset=\"https:\/\/hoyre.no\/content\/uploads\/sites\/213\/2023\/06\/GettyImages-512098822-1024x683.jpg 1024w, https:\/\/hoyre.no\/content\/uploads\/sites\/213\/2023\/06\/GettyImages-512098822-300x200.jpg 300w, https:\/\/hoyre.no\/content\/uploads\/sites\/213\/2023\/06\/GettyImages-512098822-768x512.jpg 768w, https:\/\/hoyre.no\/content\/uploads\/sites\/213\/2023\/06\/GettyImages-512098822-1536x1024.jpg 1536w, https:\/\/hoyre.no\/content\/uploads\/sites\/213\/2023\/06\/GettyImages-512098822-2048x1365.jpg 2048w\" sizes=\"auto, (max-width: 1024px) 100vw, 1024px\" \/>\n\t\t\t<\/div>\n\t\t\t<div class=\"hoyre-media-text__content\">\n\t\t\t\t<div class=\"hoyre-media-text__content-inner\">\n\t\t\t\t\t\n\t\t\t<div class=\"hoyre-media-text__title-container\">\n\t\t\t\t\n\t\t\t\t<h2 class=\"hoyre-media-text__title\">1. <strong>Helse og omsorg <\/strong><\/h2>\n\t\t\t<\/div>\n\t\t\t\n\t\t\t\t\t<div class=\"hoyre-media-text__blocks\">\n<p>Sokndal skal v\u00e6re et attraktivt lokalsamfunn med et helhetlig helsetilbud, med god omsorg i alle livets faser. Sokndal skal v\u00e6re en trygg og inkluderende kommune \u00e5 bo i, med mennesker som bryr seg og viser omsorg for hverandre.<\/p>\n<\/div>\n\t\t\t\t\t\n\t\t\t\t<\/div>\n\t\t\t<\/div>\n\t\t<\/div>\n\t\t\n\n\n\n\t\t<div class=\"has-lightest-blue-background-color is-layout-right alignwide alignwide wp-block-hoyre-media-text\">\n\t\t\t<div class=\"hoyre-media-text__media\">\n\t\t\t\t<img loading=\"lazy\" decoding=\"async\" width=\"1024\" height=\"683\" src=\"https:\/\/hoyre.no\/content\/uploads\/sites\/213\/2023\/06\/GettyImages-626964604-1024x683.jpg\" class=\"hoyre-media-text__media-image\" alt=\"\" style=\"--focal: 50% 50%;\" srcset=\"https:\/\/hoyre.no\/content\/uploads\/sites\/213\/2023\/06\/GettyImages-626964604-1024x683.jpg 1024w, https:\/\/hoyre.no\/content\/uploads\/sites\/213\/2023\/06\/GettyImages-626964604-300x200.jpg 300w, https:\/\/hoyre.no\/content\/uploads\/sites\/213\/2023\/06\/GettyImages-626964604-768x512.jpg 768w, https:\/\/hoyre.no\/content\/uploads\/sites\/213\/2023\/06\/GettyImages-626964604-1536x1024.jpg 1536w, https:\/\/hoyre.no\/content\/uploads\/sites\/213\/2023\/06\/GettyImages-626964604-2048x1365.jpg 2048w\" sizes=\"auto, (max-width: 1024px) 100vw, 1024px\" \/>\n\t\t\t<\/div>\n\t\t\t<div class=\"hoyre-media-text__content\">\n\t\t\t\t<div class=\"hoyre-media-text__content-inner\">\n\t\t\t\t\t\n\t\t\t<div class=\"hoyre-media-text__title-container\">\n\t\t\t\t\n\t\t\t\t<h2 class=\"hoyre-media-text__title\">2. <strong>Oppvekst, kultur og fritid<\/strong><\/h2>\n\t\t\t<\/div>\n\t\t\t\n\t\t\t\t\t<div class=\"hoyre-media-text__blocks\">\n<p>Sokndal H\u00f8yre vil ha barnehager og skole med h\u00f8y kvalitet og gode rammevilk\u00e5r. Vi vil st\u00f8tte og videreutvikle kultur-, idretts- og foreningsliv med stor lokal bredde.<\/p>\n<\/div>\n\t\t\t\t\t\n\t\t\t\t<\/div>\n\t\t\t<\/div>\n\t\t<\/div>\n\t\t\n\n\n\t\t<div class=\"has-lightest-blue-background-color is-layout-left alignwide alignwide wp-block-hoyre-media-text\">\n\t\t\t<div class=\"hoyre-media-text__media\">\n\t\t\t\t<img loading=\"lazy\" decoding=\"async\" width=\"720\" height=\"960\" src=\"https:\/\/hoyre.no\/content\/uploads\/sites\/213\/2023\/06\/119888606_104727611387011_4957524748326656506_n.jpg\" class=\"hoyre-media-text__media-image\" alt=\"\" style=\"--focal: 50% 50%;\" srcset=\"https:\/\/hoyre.no\/content\/uploads\/sites\/213\/2023\/06\/119888606_104727611387011_4957524748326656506_n.jpg 720w, https:\/\/hoyre.no\/content\/uploads\/sites\/213\/2023\/06\/119888606_104727611387011_4957524748326656506_n-225x300.jpg 225w\" sizes=\"auto, (max-width: 720px) 100vw, 720px\" \/>\n\t\t\t<\/div>\n\t\t\t<div class=\"hoyre-media-text__content\">\n\t\t\t\t<div class=\"hoyre-media-text__content-inner\">\n\t\t\t\t\t\n\t\t\t<div class=\"hoyre-media-text__title-container\">\n\t\t\t\t\n\t\t\t\t<h2 class=\"hoyre-media-text__title\">3. <strong>N\u00e6ringsliv og arbeidsplasser<\/strong><\/h2>\n\t\t\t<\/div>\n\t\t\t\n\t\t\t\t\t<div class=\"hoyre-media-text__blocks\">\n<p>Sokndal H\u00f8yre skal jobbe for \u00e5 gi v\u00e5rt lokale n\u00e6ringsliv gode rammevilk\u00e5r for \u00e5 kunne utvikle nye arbeidsplasser og bevare allerede eksisterende arbeidsplasser. Vi skal ogs\u00e5 arbeide for \u00e5 videreutvikle n\u00e6ringsarealene i J\u00f8ssingfjord og Rekefjord.<\/p>\n<\/div>\n\t\t\t\t\t\n\t\t\t\t<\/div>\n\t\t\t<\/div>\n\t\t<\/div>\n\t\t\n\n\n\t\t<div class=\"has-pale-green-background-color is-layout-right alignwide alignwide wp-block-hoyre-media-text\">\n\t\t\t<div class=\"hoyre-media-text__media\">\n\t\t\t\t<img loading=\"lazy\" decoding=\"async\" width=\"1024\" height=\"576\" src=\"https:\/\/hoyre.no\/content\/uploads\/sites\/213\/2023\/06\/GettyImages-1350848039-1024x576.jpg\" class=\"hoyre-media-text__media-image\" alt=\"\" style=\"--focal: 81% 50%;\" srcset=\"https:\/\/hoyre.no\/content\/uploads\/sites\/213\/2023\/06\/GettyImages-1350848039-1024x576.jpg 1024w, https:\/\/hoyre.no\/content\/uploads\/sites\/213\/2023\/06\/GettyImages-1350848039-300x169.jpg 300w, https:\/\/hoyre.no\/content\/uploads\/sites\/213\/2023\/06\/GettyImages-1350848039-768x432.jpg 768w, https:\/\/hoyre.no\/content\/uploads\/sites\/213\/2023\/06\/GettyImages-1350848039-1536x864.jpg 1536w, https:\/\/hoyre.no\/content\/uploads\/sites\/213\/2023\/06\/GettyImages-1350848039-2048x1152.jpg 2048w\" sizes=\"auto, (max-width: 1024px) 100vw, 1024px\" \/>\n\t\t\t<\/div>\n\t\t\t<div class=\"hoyre-media-text__content\">\n\t\t\t\t<div class=\"hoyre-media-text__content-inner\">\n\t\t\t\t\t\n\t\t\t<div class=\"hoyre-media-text__title-container\">\n\t\t\t\t\n\t\t\t\t<h2 class=\"hoyre-media-text__title\">4. <strong>Milj\u00f8<\/strong><\/h2>\n\t\t\t<\/div>\n\t\t\t\n\t\t\t\t\t<div class=\"hoyre-media-text__blocks\">\n<p>Sokndal H\u00f8yre vil arbeide for en lokal milj\u00f8politikk som tar vare p\u00e5 v\u00e5re unike naturressurser og livsgrunnlag b\u00e5de i dag og for kommende generasjoner.<\/p>\n<\/div>\n\t\t\t\t\t\n\t\t\t\t<\/div>\n\t\t\t<\/div>\n\t\t<\/div>\n\t\t\n\n\n\t\t<div class=\"has-lightest-blue-background-color is-layout-left alignwide alignwide wp-block-hoyre-media-text\">\n\t\t\t<div class=\"hoyre-media-text__media\">\n\t\t\t\t<img loading=\"lazy\" decoding=\"async\" width=\"1024\" height=\"683\" src=\"https:\/\/hoyre.no\/content\/uploads\/sites\/213\/2023\/06\/GettyImages-487409512-1-1024x683.jpg\" class=\"hoyre-media-text__media-image\" alt=\"\" style=\"--focal: 50% 50%;\" srcset=\"https:\/\/hoyre.no\/content\/uploads\/sites\/213\/2023\/06\/GettyImages-487409512-1-1024x683.jpg 1024w, https:\/\/hoyre.no\/content\/uploads\/sites\/213\/2023\/06\/GettyImages-487409512-1-300x200.jpg 300w, https:\/\/hoyre.no\/content\/uploads\/sites\/213\/2023\/06\/GettyImages-487409512-1-768x512.jpg 768w, https:\/\/hoyre.no\/content\/uploads\/sites\/213\/2023\/06\/GettyImages-487409512-1-1536x1024.jpg 1536w, https:\/\/hoyre.no\/content\/uploads\/sites\/213\/2023\/06\/GettyImages-487409512-1-2048x1365.jpg 2048w\" sizes=\"auto, (max-width: 1024px) 100vw, 1024px\" \/>\n\t\t\t<\/div>\n\t\t\t<div class=\"hoyre-media-text__content\">\n\t\t\t\t<div class=\"hoyre-media-text__content-inner\">\n\t\t\t\t\t\n\t\t\t<div class=\"hoyre-media-text__title-container\">\n\t\t\t\t\n\t\t\t\t<h2 class=\"hoyre-media-text__title\">5. <strong>Samferdsel<\/strong><\/h2>\n\t\t\t<\/div>\n\t\t\t\n\t\t\t\t\t<div class=\"hoyre-media-text__blocks\">\n<p>Vi vil videreutvikle kommunens infrastruktur s\u00e5 den bedre tilpasses dagens og fremtidens behov. Og ha stort fokus p\u00e5 trafikksikkerheten for \u00e5 trygge skoleveien og skolens n\u00e6romr\u00e5de.<\/p>\n<\/div>\n\t\t\t\t\t\n\t\t\t\t<\/div>\n\t\t\t<\/div>\n\t\t<\/div>\n\t\t","protected":false},"excerpt":{"rendered":"","protected":false},"author":10416,"featured_media":0,"parent":0,"menu_order":0,"comment_status":"closed","ping_status":"closed","template":"","meta":{"teft_cards_image_url":"","teft_cards_custom_pretitle":"","teft_cards_image_id":44,"teft_cards_image_focal_point_x":0.5,"teft_cards_image_focal_point_y":0.66,"teft_cards_title":"","teft_cards_excerpt":"","teft_show_chapters":false,"footnotes":""},"class_list":["post-50","page","type-page","status-publish","hentry"],"yoast_head":"<!-- This site is optimized with the Yoast SEO plugin v26.6 - https:\/\/yoast.com\/wordpress\/plugins\/seo\/ -->\n<title>5 grunner til \u00e5 stemme H\u00f8yre i Sokndal - Sokndal H\u00f8yre<\/title>\n<meta name=\"description\" content=\"Vi gir deg fem gode grunner til hvorfor du b\u00f8r stemme H\u00f8yre i Sokndal.\" \/>\n<meta name=\"robots\" content=\"index, follow, max-snippet:-1, max-image-preview:large, max-video-preview:-1\" \/>\n<link rel=\"canonical\" href=\"https:\/\/hoyre.no\/sokndal\/5-grunner-til-a-stemme-hoyre-i-sokndal\/\" \/>\n<meta property=\"og:locale\" content=\"nb_NO\" \/>\n<meta property=\"og:type\" content=\"article\" \/>\n<meta property=\"og:title\" content=\"5 grunner til \u00e5 stemme H\u00f8yre i Sokndal - Sokndal H\u00f8yre\" \/>\n<meta property=\"og:description\" content=\"Vi gir deg fem gode grunner til hvorfor du b\u00f8r stemme H\u00f8yre i Sokndal.\" \/>\n<meta property=\"og:url\" content=\"https:\/\/hoyre.no\/sokndal\/5-grunner-til-a-stemme-hoyre-i-sokndal\/\" \/>\n<meta property=\"og:site_name\" content=\"Sokndal H\u00f8yre\" \/>\n<meta property=\"article:modified_time\" content=\"2025-01-28T11:25:47+00:00\" \/>\n<meta property=\"og:image\" content=\"https:\/\/hoyre.no\/content\/uploads\/sites\/213\/2023\/06\/271717632_292235232942225_4012074995843438297_n-1.jpg\" \/>\n<meta name=\"twitter:card\" content=\"summary_large_image\" \/>\n<meta name=\"twitter:label1\" content=\"Ansl. lesetid\" \/>\n\t<meta name=\"twitter:data1\" content=\"1 minutt\" \/>\n<script type=\"application\/ld+json\" class=\"yoast-schema-graph\">{\"@context\":\"https:\/\/schema.org\",\"@graph\":[{\"@type\":\"WebPage\",\"@id\":\"https:\/\/hoyre.no\/sokndal\/5-grunner-til-a-stemme-hoyre-i-sokndal\/\",\"url\":\"https:\/\/hoyre.no\/sokndal\/5-grunner-til-a-stemme-hoyre-i-sokndal\/\",\"name\":\"5 grunner til \u00e5 stemme H\u00f8yre i Sokndal - Sokndal H\u00f8yre\",\"isPartOf\":{\"@id\":\"https:\/\/hoyre.no\/sokndal\/#website\"},\"datePublished\":\"2023-06-19T10:46:02+00:00\",\"dateModified\":\"2025-01-28T11:25:47+00:00\",\"description\":\"Vi gir deg fem gode grunner til hvorfor du b\u00f8r stemme H\u00f8yre i Sokndal.\",\"breadcrumb\":{\"@id\":\"https:\/\/hoyre.no\/sokndal\/5-grunner-til-a-stemme-hoyre-i-sokndal\/#breadcrumb\"},\"inLanguage\":\"nb-NO\",\"potentialAction\":[{\"@type\":\"ReadAction\",\"target\":[\"https:\/\/hoyre.no\/sokndal\/5-grunner-til-a-stemme-hoyre-i-sokndal\/\"]}]},{\"@type\":\"BreadcrumbList\",\"@id\":\"https:\/\/hoyre.no\/sokndal\/5-grunner-til-a-stemme-hoyre-i-sokndal\/#breadcrumb\",\"itemListElement\":[{\"@type\":\"ListItem\",\"position\":1,\"name\":\"Til hoyre.no\",\"item\":\"https:\/\/hoyre.no\"},{\"@type\":\"ListItem\",\"position\":2,\"name\":\"Hjem\",\"item\":\"https:\/\/hoyre.no\/sokndal\/\"},{\"@type\":\"ListItem\",\"position\":3,\"name\":\"5 grunner til \u00e5 stemme H\u00f8yre i Sokndal\"}]},{\"@type\":\"WebSite\",\"@id\":\"https:\/\/hoyre.no\/sokndal\/#website\",\"url\":\"https:\/\/hoyre.no\/sokndal\/\",\"name\":\"Sokndal H\u00f8yre\",\"description\":\"Bare enda et H\u00f8yres nettsteder-nettsted\",\"inLanguage\":\"nb-NO\"}]}<\/script>\n<!-- \/ Yoast SEO plugin. -->","yoast_head_json":{"title":"5 grunner til \u00e5 stemme H\u00f8yre i Sokndal - Sokndal H\u00f8yre","description":"Vi gir deg fem gode grunner til hvorfor du b\u00f8r stemme H\u00f8yre i Sokndal.","robots":{"index":"index","follow":"follow","max-snippet":"max-snippet:-1","max-image-preview":"max-image-preview:large","max-video-preview":"max-video-preview:-1"},"canonical":"https:\/\/hoyre.no\/sokndal\/5-grunner-til-a-stemme-hoyre-i-sokndal\/","og_locale":"nb_NO","og_type":"article","og_title":"5 grunner til \u00e5 stemme H\u00f8yre i Sokndal - Sokndal H\u00f8yre","og_description":"Vi gir deg fem gode grunner til hvorfor du b\u00f8r stemme H\u00f8yre i Sokndal.","og_url":"https:\/\/hoyre.no\/sokndal\/5-grunner-til-a-stemme-hoyre-i-sokndal\/","og_site_name":"Sokndal H\u00f8yre","article_modified_time":"2025-01-28T11:25:47+00:00","og_image":[{"url":"https:\/\/hoyre.no\/content\/uploads\/sites\/213\/2023\/06\/271717632_292235232942225_4012074995843438297_n-1.jpg","width":"","height":"","type":""}],"twitter_card":"summary_large_image","twitter_misc":{"Ansl. lesetid":"1 minutt"},"schema":{"@context":"https:\/\/schema.org","@graph":[{"@type":"WebPage","@id":"https:\/\/hoyre.no\/sokndal\/5-grunner-til-a-stemme-hoyre-i-sokndal\/","url":"https:\/\/hoyre.no\/sokndal\/5-grunner-til-a-stemme-hoyre-i-sokndal\/","name":"5 grunner til \u00e5 stemme H\u00f8yre i Sokndal - Sokndal H\u00f8yre","isPartOf":{"@id":"https:\/\/hoyre.no\/sokndal\/#website"},"datePublished":"2023-06-19T10:46:02+00:00","dateModified":"2025-01-28T11:25:47+00:00","description":"Vi gir deg fem gode grunner til hvorfor du b\u00f8r stemme H\u00f8yre i Sokndal.","breadcrumb":{"@id":"https:\/\/hoyre.no\/sokndal\/5-grunner-til-a-stemme-hoyre-i-sokndal\/#breadcrumb"},"inLanguage":"nb-NO","potentialAction":[{"@type":"ReadAction","target":["https:\/\/hoyre.no\/sokndal\/5-grunner-til-a-stemme-hoyre-i-sokndal\/"]}]},{"@type":"BreadcrumbList","@id":"https:\/\/hoyre.no\/sokndal\/5-grunner-til-a-stemme-hoyre-i-sokndal\/#breadcrumb","itemListElement":[{"@type":"ListItem","position":1,"name":"Til hoyre.no","item":"https:\/\/hoyre.no"},{"@type":"ListItem","position":2,"name":"Hjem","item":"https:\/\/hoyre.no\/sokndal\/"},{"@type":"ListItem","position":3,"name":"5 grunner til \u00e5 stemme H\u00f8yre i Sokndal"}]},{"@type":"WebSite","@id":"https:\/\/hoyre.no\/sokndal\/#website","url":"https:\/\/hoyre.no\/sokndal\/","name":"Sokndal H\u00f8yre","description":"Bare enda et H\u00f8yres nettsteder-nettsted","inLanguage":"nb-NO"}]}},"distributor_meta":false,"distributor_terms":false,"distributor_media":false,"distributor_original_site_name":"Sokndal H\u00f8yre","distributor_original_site_url":"https:\/\/hoyre.no\/sokndal","push-errors":false,"_links":{"self":[{"href":"https:\/\/hoyre.no\/sokndal\/wp-json\/wp\/v2\/pages\/50","targetHints":{"allow":["GET"]}}],"collection":[{"href":"https:\/\/hoyre.no\/sokndal\/wp-json\/wp\/v2\/pages"}],"about":[{"href":"https:\/\/hoyre.no\/sokndal\/wp-json\/wp\/v2\/types\/page"}],"author":[{"embeddable":true,"href":"https:\/\/hoyre.no\/sokndal\/wp-json\/wp\/v2\/users\/10416"}],"replies":[{"embeddable":true,"href":"https:\/\/hoyre.no\/sokndal\/wp-json\/wp\/v2\/comments?post=50"}],"version-history":[{"count":3,"href":"https:\/\/hoyre.no\/sokndal\/wp-json\/wp\/v2\/pages\/50\/revisions"}],"predecessor-version":[{"id":62,"href":"https:\/\/hoyre.no\/sokndal\/wp-json\/wp\/v2\/pages\/50\/revisions\/62"}],"wp:attachment":[{"href":"https:\/\/hoyre.no\/sokndal\/wp-json\/wp\/v2\/media?parent=50"}],"curies":[{"name":"wp","href":"https:\/\/api.w.org\/{rel}","templated":true}]}}