{"id":166,"date":"2023-01-10T09:23:33","date_gmt":"2023-01-10T08:23:33","guid":{"rendered":"https:\/\/hoyre.no\/sola\/?page_id=166"},"modified":"2025-08-05T14:32:40","modified_gmt":"2025-08-05T12:32:40","slug":"6-grunner-til-a-stemme-sola-hoyre","status":"publish","type":"page","link":"https:\/\/hoyre.no\/sola\/forsiden\/6-grunner-til-a-stemme-sola-hoyre\/","title":{"rendered":"Seks viktige Sola H\u00f8yre saker"},"content":{"rendered":"\n<div class=\"wp-block-hoyre-hero with-image-gradient text-color-light  has-media alignfull has-background\"><div class=\"hoyre-hero has-image\"><h1 class=\"title\">Seks viktige Sola H\u00f8yre saker<\/h1><figure class=\"hoyre-image-wrapper\"><div class=\"hoyre-image\"><img loading=\"lazy\" decoding=\"async\" width=\"4032\" height=\"3024\" src=\"https:\/\/hoyre.no\/content\/uploads\/sites\/211\/2022\/02\/IMG_5806.png\" class=\"attachment-scaled size-scaled\" alt=\"\" style=\"object-position: 50% 50%\" srcset=\"https:\/\/hoyre.no\/content\/uploads\/sites\/211\/2022\/02\/IMG_5806.png 4032w, https:\/\/hoyre.no\/content\/uploads\/sites\/211\/2022\/02\/IMG_5806-300x225.png 300w, https:\/\/hoyre.no\/content\/uploads\/sites\/211\/2022\/02\/IMG_5806-1024x768.png 1024w, https:\/\/hoyre.no\/content\/uploads\/sites\/211\/2022\/02\/IMG_5806-768x576.png 768w, https:\/\/hoyre.no\/content\/uploads\/sites\/211\/2022\/02\/IMG_5806-1536x1152.png 1536w, https:\/\/hoyre.no\/content\/uploads\/sites\/211\/2022\/02\/IMG_5806-2048x1536.png 2048w\" sizes=\"auto, (max-width: 4032px) 100vw, 4032px\" \/><\/div><\/figure><\/div><\/div>\n\n\n\n\n<div class=\"wp-block-hoyre-banner alignwide undefined has-icon-title icon-speech-bubbles is-style-dark\"><div class=\"banner-inner\"><figure class=\"hoyre-image-wrapper\"><div class=\"hoyre-image\"><img loading=\"lazy\" decoding=\"async\" width=\"2500\" height=\"1831\" src=\"https:\/\/hoyre.no\/content\/uploads\/sites\/211\/2022\/09\/2W9A8274-kopi-scaled.jpg\" class=\"attachment-scaled size-scaled\" alt=\"\" style=\"object-position: 60% 53%\" srcset=\"https:\/\/hoyre.no\/content\/uploads\/sites\/211\/2022\/09\/2W9A8274-kopi-scaled.jpg 2500w, https:\/\/hoyre.no\/content\/uploads\/sites\/211\/2022\/09\/2W9A8274-kopi-300x220.jpg 300w, https:\/\/hoyre.no\/content\/uploads\/sites\/211\/2022\/09\/2W9A8274-kopi-1024x750.jpg 1024w, https:\/\/hoyre.no\/content\/uploads\/sites\/211\/2022\/09\/2W9A8274-kopi-768x563.jpg 768w, https:\/\/hoyre.no\/content\/uploads\/sites\/211\/2022\/09\/2W9A8274-kopi-1536x1125.jpg 1536w, https:\/\/hoyre.no\/content\/uploads\/sites\/211\/2022\/09\/2W9A8274-kopi-2048x1500.jpg 2048w\" sizes=\"auto, (max-width: 2500px) 100vw, 2500px\" \/><\/div><\/figure><div class=\"banner-content\"><div class=\"entry-content\">\n<p>Sola skal v\u00e6re Norges beste kommune! Vi skal tilbake til den gode Solaskolen og ha mangfoldige tilbud for barn og unge. Sola skal v\u00e6re et aldersvennlig lokalsamfunn, med trygghet om at det er godt \u00e5 bli eldre i Sola. Vi skal s\u00f8rge for levende sentrum der det er attraktivt \u00e5 oppholde og etablere seg. Sammen skaper vi den kommunen vi vil ha.<\/p>\n\n\n\n<div class=\"wp-block-buttons is-layout-flex wp-block-buttons-is-layout-flex\"><\/div>\n<\/div><\/div><\/div><\/div>\n\n\n\n<div class=\"wp-block-media-text alignwide is-stacked-on-mobile is-vertically-aligned-center is-image-fill\"><figure class=\"wp-block-media-text__media\" style=\"background-image:url('https:\/\/hoyre.no\/content\/uploads\/sites\/211\/2023\/07\/257A6428-1024x683.jpg');background-position:50% 50%\"><img loading=\"lazy\" decoding=\"async\" width=\"1024\" height=\"683\" src=\"https:\/\/hoyre.no\/content\/uploads\/sites\/211\/2023\/07\/257A6428-1024x683.jpg\" alt=\"\" class=\"wp-image-213 size-full\" srcset=\"https:\/\/hoyre.no\/content\/uploads\/sites\/211\/2023\/07\/257A6428-1024x683.jpg 1024w, https:\/\/hoyre.no\/content\/uploads\/sites\/211\/2023\/07\/257A6428-300x200.jpg 300w, https:\/\/hoyre.no\/content\/uploads\/sites\/211\/2023\/07\/257A6428-768x512.jpg 768w, https:\/\/hoyre.no\/content\/uploads\/sites\/211\/2023\/07\/257A6428-1536x1024.jpg 1536w, https:\/\/hoyre.no\/content\/uploads\/sites\/211\/2023\/07\/257A6428-2048x1365.jpg 2048w\" sizes=\"auto, (max-width: 1024px) 100vw, 1024px\" \/><\/figure><div class=\"wp-block-media-text__content\">\n\n<h2 class=\"wp-block-heading\" id=\"h-1-vi-skal-bli-flere-bergensere\">1. <strong>Tilbake til den gode Solaskolen<\/strong><\/h2>\n\n\n<p>Vi har som m\u00e5l \u00e5 f\u00e5 tilbake det vi kjenner som den gode Solaskolen.<\/p>\n\n\n<p>N\u00e5 peker pilene i feil retning og vi skal s\u00f8rge for at Solaskolen er attraktiv for l\u00e6rere og at v\u00e5re elever f\u00e5r en skole i Norgestoppen. Da m\u00e5 vi sette av nok midler til \u00e5 satse p\u00e5 l\u00e6reren, s\u00f8rge for oppdatert l\u00e6reverk og tilby mer praktisk l\u00e6ring. Slik f\u00e5r vi en bedre skole som i st\u00f8rre grad motiverer elevene v\u00e5re.&nbsp;<\/p>\n\n<\/div><\/div>\n\n\n\n<div class=\"wp-block-media-text alignwide has-media-on-the-right is-stacked-on-mobile is-vertically-aligned-center is-image-fill\"><figure class=\"wp-block-media-text__media\" style=\"background-image:url('https:\/\/hoyre.no\/content\/uploads\/sites\/211\/2023\/07\/257A6483-1024x683.jpg');background-position:50% 50%\"><img loading=\"lazy\" decoding=\"async\" width=\"1024\" height=\"683\" src=\"https:\/\/hoyre.no\/content\/uploads\/sites\/211\/2023\/07\/257A6483-1024x683.jpg\" alt=\"\" class=\"wp-image-215 size-full\" srcset=\"https:\/\/hoyre.no\/content\/uploads\/sites\/211\/2023\/07\/257A6483-1024x683.jpg 1024w, https:\/\/hoyre.no\/content\/uploads\/sites\/211\/2023\/07\/257A6483-300x200.jpg 300w, https:\/\/hoyre.no\/content\/uploads\/sites\/211\/2023\/07\/257A6483-768x512.jpg 768w, https:\/\/hoyre.no\/content\/uploads\/sites\/211\/2023\/07\/257A6483-1536x1024.jpg 1536w, https:\/\/hoyre.no\/content\/uploads\/sites\/211\/2023\/07\/257A6483-2048x1365.jpg 2048w\" sizes=\"auto, (max-width: 1024px) 100vw, 1024px\" \/><\/figure><div class=\"wp-block-media-text__content\">\n\n<h2 class=\"wp-block-heading\" id=\"h-2-hoyre-vil-fa-laerelyst-tilbake-i-bergensskolen\">2. <strong>Sola skal v\u00e6re Norges beste kommune \u00e5 bo i<\/strong><\/h2>\n\n\n<p>Vi blir flere Solabuer, og vi er n\u00e5 hele 28.000 innbyggere som skal leve og trives i kommunen v\u00e5r. Da trenger vi livlige sentrum med gode m\u00f8teplasser. Vi vil legge til rette for levende sentrum der det er attraktivt for butikker og spisesteder \u00e5 etablere seg. Vi vil ha&nbsp;aktivitet i sentrum p\u00e5 kveldstid og i helger og vinmonopol i Tananger.<\/p>\n\n<\/div><\/div>\n\n\n\n<div class=\"wp-block-media-text alignwide is-stacked-on-mobile is-vertically-aligned-center is-image-fill\"><figure class=\"wp-block-media-text__media\" style=\"background-image:url('https:\/\/hoyre.no\/content\/uploads\/sites\/211\/2022\/10\/309643276_490484132941825_8840218253355874913_n-1-1024x768.jpg');background-position:50% 50%\"><img loading=\"lazy\" decoding=\"async\" width=\"1024\" height=\"768\" src=\"https:\/\/hoyre.no\/content\/uploads\/sites\/211\/2022\/10\/309643276_490484132941825_8840218253355874913_n-1-1024x768.jpg\" alt=\"\" class=\"wp-image-126 size-full\" srcset=\"https:\/\/hoyre.no\/content\/uploads\/sites\/211\/2022\/10\/309643276_490484132941825_8840218253355874913_n-1-1024x768.jpg 1024w, https:\/\/hoyre.no\/content\/uploads\/sites\/211\/2022\/10\/309643276_490484132941825_8840218253355874913_n-1-300x225.jpg 300w, https:\/\/hoyre.no\/content\/uploads\/sites\/211\/2022\/10\/309643276_490484132941825_8840218253355874913_n-1-768x576.jpg 768w, https:\/\/hoyre.no\/content\/uploads\/sites\/211\/2022\/10\/309643276_490484132941825_8840218253355874913_n-1.jpg 1170w\" sizes=\"auto, (max-width: 1024px) 100vw, 1024px\" \/><\/figure><div class=\"wp-block-media-text__content\">\n\n<h2 class=\"wp-block-heading\" id=\"h-3-bergen-hele-livet\">3. <strong>Det skal v\u00e6re trygt \u00e5 bli eldre i Sola<\/strong><\/h2>\n\n\n<p>H\u00f8yre vil at alle Solabuer skal kunne <em>leve<\/em>&nbsp;helelivet i et aldersvennlig lokalsamfunn. Det betyr at kommunen skal legge til rette for en aktiv alderdom med flere boliger tilpasset eldre i sentrumsomr\u00e5dene, slik at man enklere kan opps\u00f8ke aktiviteter og m\u00f8te andre mennesker. Pleietrengende eldre skal m\u00f8te en kompetent helsetjeneste, f\u00e5 n\u00e6ringsrik, god mat og riktig medisinbruk..<\/p>\n\n<\/div><\/div>\n\n\n\n<div class=\"wp-block-media-text alignwide has-media-on-the-right is-stacked-on-mobile is-vertically-aligned-center is-image-fill\"><figure class=\"wp-block-media-text__media\" style=\"background-image:url('https:\/\/hoyre.no\/content\/uploads\/sites\/211\/2023\/01\/T_1SW92A-1024x654.jpeg');background-position:50% 50%\"><img loading=\"lazy\" decoding=\"async\" width=\"1024\" height=\"654\" src=\"https:\/\/hoyre.no\/content\/uploads\/sites\/211\/2023\/01\/T_1SW92A-1024x654.jpeg\" alt=\"\" class=\"wp-image-168 size-full\" srcset=\"https:\/\/hoyre.no\/content\/uploads\/sites\/211\/2023\/01\/T_1SW92A-1024x654.jpeg 1024w, https:\/\/hoyre.no\/content\/uploads\/sites\/211\/2023\/01\/T_1SW92A-300x192.jpeg 300w, https:\/\/hoyre.no\/content\/uploads\/sites\/211\/2023\/01\/T_1SW92A-768x490.jpeg 768w, https:\/\/hoyre.no\/content\/uploads\/sites\/211\/2023\/01\/T_1SW92A-1536x981.jpeg 1536w, https:\/\/hoyre.no\/content\/uploads\/sites\/211\/2023\/01\/T_1SW92A-2048x1308.jpeg 2048w\" sizes=\"auto, (max-width: 1024px) 100vw, 1024px\" \/><\/figure><div class=\"wp-block-media-text__content\">\n\n<h2 class=\"wp-block-heading\">4. <strong>Psykisk helsehjelp<\/strong><\/h2>\n\n\n<p>Ventetiden er for lang, gjerne mer enn 100 dager. Du skal f\u00e5 hjelp n\u00e5r du trenger det, f\u00f8r sm\u00e5 problemer vokser seg store.Det krever gode og lett tilgjengelige tilbud med kort ventetid, uten krav om henvisning fra legen.&nbsp;H\u00f8yre vil prioritere midler til flere lavterskeltilbud, slik som Rask Psykisk Helsehjelp, og flere psykologer.<\/p>\n\n<\/div><\/div>\n\n\n\n<div class=\"wp-block-media-text alignwide is-stacked-on-mobile is-image-fill\"><figure class=\"wp-block-media-text__media\" style=\"background-image:url('https:\/\/hoyre.no\/content\/uploads\/sites\/211\/2023\/07\/idrett-1024x683.jpg');background-position:50% 50%\"><img loading=\"lazy\" decoding=\"async\" width=\"1024\" height=\"683\" src=\"https:\/\/hoyre.no\/content\/uploads\/sites\/211\/2023\/07\/idrett-1024x683.jpg\" alt=\"\" class=\"wp-image-216 size-full\" srcset=\"https:\/\/hoyre.no\/content\/uploads\/sites\/211\/2023\/07\/idrett-1024x683.jpg 1024w, https:\/\/hoyre.no\/content\/uploads\/sites\/211\/2023\/07\/idrett-300x200.jpg 300w, https:\/\/hoyre.no\/content\/uploads\/sites\/211\/2023\/07\/idrett-768x512.jpg 768w, https:\/\/hoyre.no\/content\/uploads\/sites\/211\/2023\/07\/idrett-1536x1024.jpg 1536w, https:\/\/hoyre.no\/content\/uploads\/sites\/211\/2023\/07\/idrett-2048x1365.jpg 2048w\" sizes=\"auto, (max-width: 1024px) 100vw, 1024px\" \/><\/figure><div class=\"wp-block-media-text__content\">\n\n<h2 class=\"wp-block-heading\"><strong>5. Fritidstilbud for alle, i hele Sola<\/strong><\/h2>\n\n\n<p>Vi i H\u00f8yre skal alltid v\u00e6re positive til initiativ fra frivilligheten. Et bredt idretts- og aktivitetstilbud sikrer muligheter til bevegelse og engasjement, bidrar til integrering og fremmer god helse. Da m\u00e5 det v\u00e6re enkelt \u00e5 etablere og drive aktiviteter. Sola skal v\u00e6re en ja-kommune for lag og foreninger.<\/p>\n\n<\/div><\/div>\n\n\n\n<div class=\"wp-block-media-text alignwide has-media-on-the-right is-stacked-on-mobile\"><div class=\"wp-block-media-text__content\">\n<h2 class=\"wp-block-heading\"><strong>6. <strong>P\u00e5 lag med de som skaper jobber<\/strong><\/strong><\/h2>\n\n\n\n<p>Sola har nesten like mange arbeidsplasser som innbyggere. Gode lokalsamfunn krever sterke bedrifter. Det gir arbeidsplasser og velstand. Vi vil ha en tett dialog med n\u00e6ringslivet og lytte til de behovene bedriftene har. Enten det handler om \u00e5 f\u00e5 tilgang p\u00e5 kvalifisert arbeidskraft, areal eller en mer effektiv saksbehandling.<\/p>\n<\/div><figure class=\"wp-block-media-text__media\"><img loading=\"lazy\" decoding=\"async\" width=\"1024\" height=\"768\" src=\"https:\/\/hoyre.no\/content\/uploads\/sites\/211\/2022\/11\/F71B64A3-4A55-49EA-B37B-BAB342D5866A-1024x768.jpeg\" alt=\"\" class=\"wp-image-156 size-full\" srcset=\"https:\/\/hoyre.no\/content\/uploads\/sites\/211\/2022\/11\/F71B64A3-4A55-49EA-B37B-BAB342D5866A-1024x768.jpeg 1024w, https:\/\/hoyre.no\/content\/uploads\/sites\/211\/2022\/11\/F71B64A3-4A55-49EA-B37B-BAB342D5866A-300x225.jpeg 300w, https:\/\/hoyre.no\/content\/uploads\/sites\/211\/2022\/11\/F71B64A3-4A55-49EA-B37B-BAB342D5866A-768x576.jpeg 768w, https:\/\/hoyre.no\/content\/uploads\/sites\/211\/2022\/11\/F71B64A3-4A55-49EA-B37B-BAB342D5866A-1536x1152.jpeg 1536w, https:\/\/hoyre.no\/content\/uploads\/sites\/211\/2022\/11\/F71B64A3-4A55-49EA-B37B-BAB342D5866A-2048x1536.jpeg 2048w\" sizes=\"auto, (max-width: 1024px) 100vw, 1024px\" \/><\/figure><\/div>\n\n\n\n<div class=\"wp-block-hoyre-banner undefined  is-style-blue\"><div class=\"banner-inner\"><figure class=\"hoyre-image-wrapper\"><div class=\"hoyre-image\"><img loading=\"lazy\" decoding=\"async\" width=\"2500\" height=\"1667\" src=\"https:\/\/hoyre.no\/content\/uploads\/sites\/211\/2023\/07\/257A6975-scaled.jpg\" class=\"attachment-scaled size-scaled\" alt=\"\" style=\"object-position: 49% 31%\" srcset=\"https:\/\/hoyre.no\/content\/uploads\/sites\/211\/2023\/07\/257A6975-scaled.jpg 2500w, https:\/\/hoyre.no\/content\/uploads\/sites\/211\/2023\/07\/257A6975-300x200.jpg 300w, https:\/\/hoyre.no\/content\/uploads\/sites\/211\/2023\/07\/257A6975-1024x683.jpg 1024w, https:\/\/hoyre.no\/content\/uploads\/sites\/211\/2023\/07\/257A6975-768x512.jpg 768w, https:\/\/hoyre.no\/content\/uploads\/sites\/211\/2023\/07\/257A6975-1536x1024.jpg 1536w, https:\/\/hoyre.no\/content\/uploads\/sites\/211\/2023\/07\/257A6975-2048x1365.jpg 2048w\" sizes=\"auto, (max-width: 2500px) 100vw, 2500px\" \/><\/div><\/figure><div class=\"banner-content\"><div class=\"entry-content\">\n<h2 class=\"wp-block-heading\">Les hele v\u00e5rt politiske program<\/h2>\n\n\n\n<div class=\"wp-block-buttons is-style-default is-horizontal is-content-justification-center is-layout-flex wp-container-core-buttons-is-layout-499968f5 wp-block-buttons-is-layout-flex\">\n<div class=\"wp-block-button is-style-outline aligncenter is-style-outline--1\"><a class=\"wp-block-button__link wp-element-button\" href=\"https:\/\/hoyre.no\/content\/uploads\/sites\/211\/2023\/07\/Sola-Hoyre-program-2023-2027.pdf\">TRYKK HER<\/a><\/div>\n<\/div>\n<\/div><\/div><\/div><\/div>\n\n\n\n<div class=\"wp-block-hoyre-banner undefined\"><div class=\"banner-inner\"><figure class=\"hoyre-image-wrapper\"><div class=\"hoyre-image\"><img loading=\"lazy\" decoding=\"async\" width=\"2204\" height=\"2500\" src=\"https:\/\/hoyre.no\/content\/uploads\/sites\/211\/2022\/10\/2W9A7993-kopi-kopi-scaled.jpg\" class=\"attachment-scaled size-scaled\" alt=\"Janne Stangeland Rege\" style=\"object-position: 49% 31%\" srcset=\"https:\/\/hoyre.no\/content\/uploads\/sites\/211\/2022\/10\/2W9A7993-kopi-kopi-scaled.jpg 2204w, https:\/\/hoyre.no\/content\/uploads\/sites\/211\/2022\/10\/2W9A7993-kopi-kopi-264x300.jpg 264w, https:\/\/hoyre.no\/content\/uploads\/sites\/211\/2022\/10\/2W9A7993-kopi-kopi-903x1024.jpg 903w, https:\/\/hoyre.no\/content\/uploads\/sites\/211\/2022\/10\/2W9A7993-kopi-kopi-768x871.jpg 768w, https:\/\/hoyre.no\/content\/uploads\/sites\/211\/2022\/10\/2W9A7993-kopi-kopi-1354x1536.jpg 1354w, https:\/\/hoyre.no\/content\/uploads\/sites\/211\/2022\/10\/2W9A7993-kopi-kopi-1805x2048.jpg 1805w\" sizes=\"auto, (max-width: 2204px) 100vw, 2204px\" \/><\/div><\/figure><div class=\"banner-content\"><div class=\"entry-content\">\n<h2 class=\"wp-block-heading\">Bli kjent med SolaH\u00f8yres ordf\u00f8rer Janne!<\/h2>\n\n\n\n<div class=\"wp-block-buttons is-style-default is-horizontal is-content-justification-center is-layout-flex wp-container-core-buttons-is-layout-499968f5 wp-block-buttons-is-layout-flex\">\n<div class=\"wp-block-button is-style-outline aligncenter is-style-outline--2\"><a class=\"wp-block-button__link wp-element-button\" href=\"https:\/\/hoyre.no\/sola\/janne-stangeland-rege-var-ordforerkandidat\/\">TRYKK HER<\/a><\/div>\n<\/div>\n<\/div><\/div><\/div><\/div>\n\n\n\n<div class=\"wp-block hoyre-section alignfull has-background is-style-light-blue wp-block-hoyre-section\"><div class=\"inner-blocks alignwide\">\n\n<h1 class=\"wp-block-heading has-text-align-center\" id=\"h-finn-ditt-valglokale\">Finn ditt n\u00e6rmeste valglokale<\/h1>\n\n\n\n<p class=\"has-text-align-center\">Du kan forh\u00e5ndsstemme fra 10. august til og med 8. september. I denne perioden kan du stemme i valglokaler over hele landet. Se oversikt over lokale valglokaler og \u00e5pningstider her:<\/p>\n\n\n\n<div class=\"wp-block-buttons is-layout-flex wp-block-buttons-is-layout-flex\">\n<div class=\"wp-block-button is-style-fill aligncenter\"><a class=\"wp-block-button__link wp-element-button\" href=\"https:\/\/www.valg.no\/valglokaler\/valglokaler2\/stem-pa-forhand\/?mpid=5060\" target=\"_blank\" rel=\"noreferrer noopener\">lokaler for forh\u00e5ndsstemming<\/a><\/div>\n<\/div>\n\n\n\n<p class=\"has-text-align-center\">Valgdagen i \u00e5r er mandag 11. september. P\u00e5 valgdagen m\u00e5 du stemme i N\u00e6r\u00f8ysund kommune. Se oversikt over lokale valglokaler og \u00e5pningstider her:<\/p>\n\n\n\n<div class=\"wp-block-buttons is-layout-flex wp-block-buttons-is-layout-flex\">\n<div class=\"wp-block-button aligncenter\"><a class=\"wp-block-button__link wp-element-button\" href=\"https:\/\/www.valg.no\/valglokaler\/valglokaler2\/stemme-pa-valgdagen\/?mpid=5060\" target=\"_blank\" rel=\"noreferrer noopener\">valglokaler p\u00e5 valgdagen<\/a><\/div>\n<\/div>\n\n\n\n<p class=\"has-text-align-center\"><strong>Husk \u00e5 ta med legitimasjon n\u00e5r du skal stemme. Godt valg<\/strong><\/p>\n\n\n\n<h1 class=\"wp-block-heading has-text-align-center\" id=\"h-finn-ditt-valglokale\">Finn ditt n\u00e6rmeste valglokale<\/h1>\n\n\n\n<p class=\"has-text-align-center\">Du kan forh\u00e5ndsstemme fra 10. august til og med 8. september. I denne perioden kan du stemme i valglokaler over hele landet. Se oversikt over lokale valglokaler og \u00e5pningstider her:<\/p>\n\n\n\n<div class=\"wp-block-buttons is-layout-flex wp-block-buttons-is-layout-flex\">\n<div class=\"wp-block-button is-style-fill aligncenter\"><a class=\"wp-block-button__link wp-element-button\" href=\"https:\/\/www.valg.no\/valglokaler\/valglokaler2\/stem-pa-forhand\/?mpid=1124\" target=\"_blank\" rel=\"noreferrer noopener\">lokaler for forh\u00e5ndsstemming<\/a><\/div>\n<\/div>\n\n\n\n<p class=\"has-text-align-center\">Valgdagen i \u00e5r er mandag 11. september. P\u00e5 valgdagen m\u00e5 du stemme i Sola kommune. Se oversikt over lokale valglokaler og \u00e5pningstider her:<\/p>\n\n\n\n<div class=\"wp-block-buttons is-layout-flex wp-block-buttons-is-layout-flex\">\n<div class=\"wp-block-button aligncenter\"><a class=\"wp-block-button__link wp-element-button\" href=\"https:\/\/www.valg.no\/valglokaler\/valglokaler2\/stemme-pa-valgdagen\/?mpid=1124\" target=\"_blank\" rel=\"noreferrer noopener\">valglokaler p\u00e5 valgdagen<\/a><\/div>\n<\/div>\n\n\n\n<p class=\"has-text-align-center\"><strong>Husk \u00e5 ta med legitimasjon n\u00e5r du skal stemme. Godt valg!<\/strong><\/p>\n\n<\/div><\/div>","protected":false},"excerpt":{"rendered":"","protected":false},"author":15381,"featured_media":0,"parent":3,"menu_order":0,"comment_status":"closed","ping_status":"closed","template":"","meta":{"teft_cards_image_url":"","teft_cards_custom_pretitle":"","teft_cards_image_id":0,"teft_cards_image_focal_point_x":0,"teft_cards_image_focal_point_y":0,"teft_cards_title":"","teft_cards_excerpt":"","teft_show_chapters":false,"footnotes":""},"class_list":["post-166","page","type-page","status-publish","hentry"],"yoast_head":"<!-- This site is optimized with the Yoast SEO plugin v26.6 - https:\/\/yoast.com\/wordpress\/plugins\/seo\/ -->\n<title>Seks viktige Sola H\u00f8yre saker - Sola H\u00f8yre<\/title>\n<meta name=\"robots\" content=\"index, follow, max-snippet:-1, max-image-preview:large, max-video-preview:-1\" \/>\n<link rel=\"canonical\" href=\"https:\/\/hoyre.no\/sola\/forsiden\/6-grunner-til-a-stemme-sola-hoyre\/\" \/>\n<meta property=\"og:locale\" content=\"nb_NO\" \/>\n<meta property=\"og:type\" content=\"article\" \/>\n<meta property=\"og:title\" content=\"Seks viktige Sola H\u00f8yre saker - Sola H\u00f8yre\" \/>\n<meta property=\"og:url\" content=\"https:\/\/hoyre.no\/sola\/forsiden\/6-grunner-til-a-stemme-sola-hoyre\/\" \/>\n<meta property=\"og:site_name\" content=\"Sola H\u00f8yre\" \/>\n<meta property=\"article:modified_time\" content=\"2025-08-05T12:32:40+00:00\" \/>\n<meta property=\"og:image\" content=\"https:\/\/hoyre.no\/content\/uploads\/sites\/211\/2023\/07\/257A6428-1024x683.jpg\" \/>\n<meta name=\"twitter:card\" content=\"summary_large_image\" \/>\n<meta name=\"twitter:label1\" content=\"Ansl. lesetid\" \/>\n\t<meta name=\"twitter:data1\" content=\"5 minutter\" \/>\n<script type=\"application\/ld+json\" class=\"yoast-schema-graph\">{\"@context\":\"https:\/\/schema.org\",\"@graph\":[{\"@type\":\"WebPage\",\"@id\":\"https:\/\/hoyre.no\/sola\/forsiden\/6-grunner-til-a-stemme-sola-hoyre\/\",\"url\":\"https:\/\/hoyre.no\/sola\/forsiden\/6-grunner-til-a-stemme-sola-hoyre\/\",\"name\":\"Seks viktige Sola H\u00f8yre saker - Sola H\u00f8yre\",\"isPartOf\":{\"@id\":\"https:\/\/hoyre.no\/sola\/#website\"},\"image\":{\"@id\":\"https:\/\/hoyre.no\/sola\/forsiden\/6-grunner-til-a-stemme-sola-hoyre\/#primaryimage\"},\"thumbnailUrl\":\"https:\/\/hoyre.no\/content\/uploads\/sites\/211\/2023\/07\/257A6428-1024x683.jpg\",\"datePublished\":\"2023-01-10T08:23:33+00:00\",\"dateModified\":\"2025-08-05T12:32:40+00:00\",\"breadcrumb\":{\"@id\":\"https:\/\/hoyre.no\/sola\/forsiden\/6-grunner-til-a-stemme-sola-hoyre\/#breadcrumb\"},\"inLanguage\":\"nb-NO\",\"potentialAction\":[{\"@type\":\"ReadAction\",\"target\":[\"https:\/\/hoyre.no\/sola\/forsiden\/6-grunner-til-a-stemme-sola-hoyre\/\"]}]},{\"@type\":\"ImageObject\",\"inLanguage\":\"nb-NO\",\"@id\":\"https:\/\/hoyre.no\/sola\/forsiden\/6-grunner-til-a-stemme-sola-hoyre\/#primaryimage\",\"url\":\"https:\/\/hoyre.no\/content\/uploads\/sites\/211\/2023\/07\/257A6428-1024x683.jpg\",\"contentUrl\":\"https:\/\/hoyre.no\/content\/uploads\/sites\/211\/2023\/07\/257A6428-1024x683.jpg\"},{\"@type\":\"BreadcrumbList\",\"@id\":\"https:\/\/hoyre.no\/sola\/forsiden\/6-grunner-til-a-stemme-sola-hoyre\/#breadcrumb\",\"itemListElement\":[{\"@type\":\"ListItem\",\"position\":1,\"name\":\"Til hoyre.no\",\"item\":\"https:\/\/hoyre.no\"},{\"@type\":\"ListItem\",\"position\":2,\"name\":\"Hjem\",\"item\":\"https:\/\/hoyre.no\/sola\/\"},{\"@type\":\"ListItem\",\"position\":3,\"name\":\"Forsiden\",\"item\":\"https:\/\/hoyre.no\/sola\/\"},{\"@type\":\"ListItem\",\"position\":4,\"name\":\"Seks viktige Sola H\u00f8yre saker\"}]},{\"@type\":\"WebSite\",\"@id\":\"https:\/\/hoyre.no\/sola\/#website\",\"url\":\"https:\/\/hoyre.no\/sola\/\",\"name\":\"Sola H\u00f8yre\",\"description\":\"Bare enda et H\u00f8yres nettsteder-nettsted\",\"inLanguage\":\"nb-NO\"}]}<\/script>\n<!-- \/ Yoast SEO plugin. -->","yoast_head_json":{"title":"Seks viktige Sola H\u00f8yre saker - Sola H\u00f8yre","robots":{"index":"index","follow":"follow","max-snippet":"max-snippet:-1","max-image-preview":"max-image-preview:large","max-video-preview":"max-video-preview:-1"},"canonical":"https:\/\/hoyre.no\/sola\/forsiden\/6-grunner-til-a-stemme-sola-hoyre\/","og_locale":"nb_NO","og_type":"article","og_title":"Seks viktige Sola H\u00f8yre saker - Sola H\u00f8yre","og_url":"https:\/\/hoyre.no\/sola\/forsiden\/6-grunner-til-a-stemme-sola-hoyre\/","og_site_name":"Sola H\u00f8yre","article_modified_time":"2025-08-05T12:32:40+00:00","og_image":[{"url":"https:\/\/hoyre.no\/content\/uploads\/sites\/211\/2023\/07\/257A6428-1024x683.jpg","type":"","width":"","height":""}],"twitter_card":"summary_large_image","twitter_misc":{"Ansl. lesetid":"5 minutter"},"schema":{"@context":"https:\/\/schema.org","@graph":[{"@type":"WebPage","@id":"https:\/\/hoyre.no\/sola\/forsiden\/6-grunner-til-a-stemme-sola-hoyre\/","url":"https:\/\/hoyre.no\/sola\/forsiden\/6-grunner-til-a-stemme-sola-hoyre\/","name":"Seks viktige Sola H\u00f8yre saker - Sola H\u00f8yre","isPartOf":{"@id":"https:\/\/hoyre.no\/sola\/#website"},"image":{"@id":"https:\/\/hoyre.no\/sola\/forsiden\/6-grunner-til-a-stemme-sola-hoyre\/#primaryimage"},"thumbnailUrl":"https:\/\/hoyre.no\/content\/uploads\/sites\/211\/2023\/07\/257A6428-1024x683.jpg","datePublished":"2023-01-10T08:23:33+00:00","dateModified":"2025-08-05T12:32:40+00:00","breadcrumb":{"@id":"https:\/\/hoyre.no\/sola\/forsiden\/6-grunner-til-a-stemme-sola-hoyre\/#breadcrumb"},"inLanguage":"nb-NO","potentialAction":[{"@type":"ReadAction","target":["https:\/\/hoyre.no\/sola\/forsiden\/6-grunner-til-a-stemme-sola-hoyre\/"]}]},{"@type":"ImageObject","inLanguage":"nb-NO","@id":"https:\/\/hoyre.no\/sola\/forsiden\/6-grunner-til-a-stemme-sola-hoyre\/#primaryimage","url":"https:\/\/hoyre.no\/content\/uploads\/sites\/211\/2023\/07\/257A6428-1024x683.jpg","contentUrl":"https:\/\/hoyre.no\/content\/uploads\/sites\/211\/2023\/07\/257A6428-1024x683.jpg"},{"@type":"BreadcrumbList","@id":"https:\/\/hoyre.no\/sola\/forsiden\/6-grunner-til-a-stemme-sola-hoyre\/#breadcrumb","itemListElement":[{"@type":"ListItem","position":1,"name":"Til hoyre.no","item":"https:\/\/hoyre.no"},{"@type":"ListItem","position":2,"name":"Hjem","item":"https:\/\/hoyre.no\/sola\/"},{"@type":"ListItem","position":3,"name":"Forsiden","item":"https:\/\/hoyre.no\/sola\/"},{"@type":"ListItem","position":4,"name":"Seks viktige Sola H\u00f8yre saker"}]},{"@type":"WebSite","@id":"https:\/\/hoyre.no\/sola\/#website","url":"https:\/\/hoyre.no\/sola\/","name":"Sola H\u00f8yre","description":"Bare enda et H\u00f8yres nettsteder-nettsted","inLanguage":"nb-NO"}]}},"distributor_meta":false,"distributor_terms":false,"distributor_media":false,"distributor_original_site_name":"Sola H\u00f8yre","distributor_original_site_url":"https:\/\/hoyre.no\/sola","push-errors":false,"_links":{"self":[{"href":"https:\/\/hoyre.no\/sola\/wp-json\/wp\/v2\/pages\/166","targetHints":{"allow":["GET"]}}],"collection":[{"href":"https:\/\/hoyre.no\/sola\/wp-json\/wp\/v2\/pages"}],"about":[{"href":"https:\/\/hoyre.no\/sola\/wp-json\/wp\/v2\/types\/page"}],"author":[{"embeddable":true,"href":"https:\/\/hoyre.no\/sola\/wp-json\/wp\/v2\/users\/15381"}],"replies":[{"embeddable":true,"href":"https:\/\/hoyre.no\/sola\/wp-json\/wp\/v2\/comments?post=166"}],"version-history":[{"count":10,"href":"https:\/\/hoyre.no\/sola\/wp-json\/wp\/v2\/pages\/166\/revisions"}],"predecessor-version":[{"id":229,"href":"https:\/\/hoyre.no\/sola\/wp-json\/wp\/v2\/pages\/166\/revisions\/229"}],"up":[{"embeddable":true,"href":"https:\/\/hoyre.no\/sola\/wp-json\/wp\/v2\/pages\/3"}],"wp:attachment":[{"href":"https:\/\/hoyre.no\/sola\/wp-json\/wp\/v2\/media?parent=166"}],"curies":[{"name":"wp","href":"https:\/\/api.w.org\/{rel}","templated":true}]}}