{"id":195,"date":"2023-05-02T12:47:28","date_gmt":"2023-05-02T10:47:28","guid":{"rendered":"https:\/\/hoyre.no\/sola\/?page_id=195"},"modified":"2025-08-05T14:31:35","modified_gmt":"2025-08-05T12:31:35","slug":"politikk","status":"publish","type":"page","link":"https:\/\/hoyre.no\/sola\/politikk\/","title":{"rendered":"Politikk"},"content":{"rendered":"\n<div class=\"wp-block-hoyre-hero with-image-gradient text-color-light  alignfull has-background\"><div class=\"hoyre-hero \"><h1 class=\"title\">Politikk<\/h1><p class=\"preamble\">N\u00e5r frivilligheten, n\u00e6ringslivet og offentlig sektor spiller p\u00e5 lag, skapes det gode lokalsamfunn. H\u00f8yre tror p\u00e5 enkeltmenneskets evne og lyst til \u00e5 st\u00e5 p\u00e5 egne ben.<br><br>Det er v\u00e5r oppgave \u00e5 s\u00f8rge for at mennesker kan leve gode liv, uansett utgangspunkt. Vi skaper ikke politikk for kommunen, men for alle som bor der. H\u00f8yre tror p\u00e5 et samfunn som gir muligheter for alle.<\/p><\/div><\/div>\n\n\n\n<div class=\"wp-block-teft-file icon-link-block\"><a href=\"https:\/\/hoyre.no\/content\/uploads\/sites\/211\/2023\/07\/Sola-Hoyre-program-2023-2027.pdf\" download><span class=\"file-title\">Her kan du laste ned v\u00e5rt program for 2023-2027<\/span><span class=\"file-name\"><\/span><\/a><\/div>\n\n\n\n<p><\/p>\n\n\n\n\n\n<div class=\"wp-block-hoyre-banner alignwide undefined  is-style-blue\"><div class=\"banner-inner\"><figure class=\"hoyre-image-wrapper\"><div class=\"hoyre-image\"><img loading=\"lazy\" decoding=\"async\" width=\"2500\" height=\"1831\" src=\"https:\/\/hoyre.no\/content\/uploads\/sites\/211\/2022\/09\/2W9A8274-kopi-scaled.jpg\" class=\"attachment-scaled size-scaled\" alt=\"\" style=\"object-position: 50% 50%\" srcset=\"https:\/\/hoyre.no\/content\/uploads\/sites\/211\/2022\/09\/2W9A8274-kopi-scaled.jpg 2500w, https:\/\/hoyre.no\/content\/uploads\/sites\/211\/2022\/09\/2W9A8274-kopi-300x220.jpg 300w, https:\/\/hoyre.no\/content\/uploads\/sites\/211\/2022\/09\/2W9A8274-kopi-1024x750.jpg 1024w, https:\/\/hoyre.no\/content\/uploads\/sites\/211\/2022\/09\/2W9A8274-kopi-768x563.jpg 768w, https:\/\/hoyre.no\/content\/uploads\/sites\/211\/2022\/09\/2W9A8274-kopi-1536x1125.jpg 1536w, https:\/\/hoyre.no\/content\/uploads\/sites\/211\/2022\/09\/2W9A8274-kopi-2048x1500.jpg 2048w\" sizes=\"auto, (max-width: 2500px) 100vw, 2500px\" \/><\/div><\/figure><div class=\"banner-content\"><div class=\"entry-content\">\n<h2 class=\"wp-block-heading\">Sola H\u00f8yres ordf\u00f8rer<\/h2>\n\n\n\n<div class=\"wp-block-buttons is-layout-flex wp-block-buttons-is-layout-flex\">\n<div class=\"wp-block-button\"><a class=\"wp-block-button__link wp-element-button\" href=\"https:\/\/hoyre.no\/sola\/janne-stangeland-rege-var-ordforerkandidat\/\">Bli bedre kjent med Janne Stangeland Rege<\/a><\/div>\n<\/div>\n<\/div><\/div><\/div><\/div>\n\n\n\n<div class=\"wp-block-hoyre-banner alignwide undefined\"><div class=\"banner-inner\"><figure class=\"hoyre-image-wrapper\"><div class=\"hoyre-image\"><img loading=\"lazy\" decoding=\"async\" width=\"1170\" height=\"1160\" src=\"https:\/\/hoyre.no\/content\/uploads\/sites\/211\/2022\/10\/309903656_1738830823160535_8928586381103977641_n.jpg\" class=\"attachment-scaled size-scaled\" alt=\"\" style=\"object-position: 48% 25%\" srcset=\"https:\/\/hoyre.no\/content\/uploads\/sites\/211\/2022\/10\/309903656_1738830823160535_8928586381103977641_n.jpg 1170w, https:\/\/hoyre.no\/content\/uploads\/sites\/211\/2022\/10\/309903656_1738830823160535_8928586381103977641_n-300x297.jpg 300w, https:\/\/hoyre.no\/content\/uploads\/sites\/211\/2022\/10\/309903656_1738830823160535_8928586381103977641_n-1024x1015.jpg 1024w, https:\/\/hoyre.no\/content\/uploads\/sites\/211\/2022\/10\/309903656_1738830823160535_8928586381103977641_n-150x150.jpg 150w, https:\/\/hoyre.no\/content\/uploads\/sites\/211\/2022\/10\/309903656_1738830823160535_8928586381103977641_n-768x761.jpg 768w\" sizes=\"auto, (max-width: 1170px) 100vw, 1170px\" \/><\/div><\/figure><div class=\"banner-content\"><div class=\"entry-content\">\n<h2 class=\"wp-block-heading\">Seks viktige Sola H\u00f8yre saker<\/h2>\n\n\n\n<div class=\"wp-block-buttons is-layout-flex wp-block-buttons-is-layout-flex\">\n<div class=\"wp-block-button\"><a class=\"wp-block-button__link wp-element-button\" href=\"https:\/\/hoyre.no\/sola\/forsiden\/6-grunner-til-a-stemme-sola-hoyre\/\">KLikk her for \u00e5 lese<\/a><\/div>\n<\/div>\n<\/div><\/div><\/div><\/div>\n","protected":false},"excerpt":{"rendered":"","protected":false},"author":31684,"featured_media":0,"parent":0,"menu_order":0,"comment_status":"closed","ping_status":"closed","template":"","meta":{"teft_cards_image_url":"","teft_cards_custom_pretitle":"","teft_cards_image_id":0,"teft_cards_image_focal_point_x":0,"teft_cards_image_focal_point_y":0,"teft_cards_title":"","teft_cards_excerpt":"","teft_show_chapters":false,"footnotes":""},"class_list":["post-195","page","type-page","status-publish","hentry"],"yoast_head":"<!-- This site is optimized with the Yoast SEO plugin v26.6 - https:\/\/yoast.com\/wordpress\/plugins\/seo\/ -->\n<title>Politikk - Sola H\u00f8yre<\/title>\n<meta name=\"robots\" content=\"index, follow, max-snippet:-1, max-image-preview:large, max-video-preview:-1\" \/>\n<link rel=\"canonical\" href=\"https:\/\/hoyre.no\/sola\/politikk\/\" \/>\n<meta property=\"og:locale\" content=\"nb_NO\" \/>\n<meta property=\"og:type\" content=\"article\" \/>\n<meta property=\"og:title\" content=\"Politikk - Sola H\u00f8yre\" \/>\n<meta property=\"og:url\" content=\"https:\/\/hoyre.no\/sola\/politikk\/\" \/>\n<meta property=\"og:site_name\" content=\"Sola H\u00f8yre\" \/>\n<meta property=\"article:modified_time\" content=\"2025-08-05T12:31:35+00:00\" \/>\n<meta property=\"og:image\" content=\"https:\/\/hoyre.no\/content\/uploads\/sites\/211\/2022\/11\/Hoyres-logo.png\" \/>\n\t<meta property=\"og:image:width\" content=\"1000\" \/>\n\t<meta property=\"og:image:height\" content=\"1000\" \/>\n\t<meta property=\"og:image:type\" content=\"image\/png\" \/>\n<meta name=\"twitter:card\" content=\"summary_large_image\" \/>\n<meta name=\"twitter:label1\" content=\"Ansl. lesetid\" \/>\n\t<meta name=\"twitter:data1\" content=\"1 minutt\" \/>\n<script type=\"application\/ld+json\" class=\"yoast-schema-graph\">{\"@context\":\"https:\/\/schema.org\",\"@graph\":[{\"@type\":\"WebPage\",\"@id\":\"https:\/\/hoyre.no\/sola\/politikk\/\",\"url\":\"https:\/\/hoyre.no\/sola\/politikk\/\",\"name\":\"Politikk - Sola H\u00f8yre\",\"isPartOf\":{\"@id\":\"https:\/\/hoyre.no\/sola\/#website\"},\"datePublished\":\"2023-05-02T10:47:28+00:00\",\"dateModified\":\"2025-08-05T12:31:35+00:00\",\"breadcrumb\":{\"@id\":\"https:\/\/hoyre.no\/sola\/politikk\/#breadcrumb\"},\"inLanguage\":\"nb-NO\",\"potentialAction\":[{\"@type\":\"ReadAction\",\"target\":[\"https:\/\/hoyre.no\/sola\/politikk\/\"]}]},{\"@type\":\"BreadcrumbList\",\"@id\":\"https:\/\/hoyre.no\/sola\/politikk\/#breadcrumb\",\"itemListElement\":[{\"@type\":\"ListItem\",\"position\":1,\"name\":\"Til hoyre.no\",\"item\":\"https:\/\/hoyre.no\"},{\"@type\":\"ListItem\",\"position\":2,\"name\":\"Hjem\",\"item\":\"https:\/\/hoyre.no\/sola\/\"},{\"@type\":\"ListItem\",\"position\":3,\"name\":\"Politikk\"}]},{\"@type\":\"WebSite\",\"@id\":\"https:\/\/hoyre.no\/sola\/#website\",\"url\":\"https:\/\/hoyre.no\/sola\/\",\"name\":\"Sola H\u00f8yre\",\"description\":\"Bare enda et H\u00f8yres nettsteder-nettsted\",\"inLanguage\":\"nb-NO\"}]}<\/script>\n<!-- \/ Yoast SEO plugin. -->","yoast_head_json":{"title":"Politikk - Sola H\u00f8yre","robots":{"index":"index","follow":"follow","max-snippet":"max-snippet:-1","max-image-preview":"max-image-preview:large","max-video-preview":"max-video-preview:-1"},"canonical":"https:\/\/hoyre.no\/sola\/politikk\/","og_locale":"nb_NO","og_type":"article","og_title":"Politikk - Sola H\u00f8yre","og_url":"https:\/\/hoyre.no\/sola\/politikk\/","og_site_name":"Sola H\u00f8yre","article_modified_time":"2025-08-05T12:31:35+00:00","og_image":[{"width":1000,"height":1000,"url":"https:\/\/hoyre.no\/content\/uploads\/sites\/211\/2022\/11\/Hoyres-logo.png","type":"image\/png"}],"twitter_card":"summary_large_image","twitter_misc":{"Ansl. lesetid":"1 minutt"},"schema":{"@context":"https:\/\/schema.org","@graph":[{"@type":"WebPage","@id":"https:\/\/hoyre.no\/sola\/politikk\/","url":"https:\/\/hoyre.no\/sola\/politikk\/","name":"Politikk - Sola H\u00f8yre","isPartOf":{"@id":"https:\/\/hoyre.no\/sola\/#website"},"datePublished":"2023-05-02T10:47:28+00:00","dateModified":"2025-08-05T12:31:35+00:00","breadcrumb":{"@id":"https:\/\/hoyre.no\/sola\/politikk\/#breadcrumb"},"inLanguage":"nb-NO","potentialAction":[{"@type":"ReadAction","target":["https:\/\/hoyre.no\/sola\/politikk\/"]}]},{"@type":"BreadcrumbList","@id":"https:\/\/hoyre.no\/sola\/politikk\/#breadcrumb","itemListElement":[{"@type":"ListItem","position":1,"name":"Til hoyre.no","item":"https:\/\/hoyre.no"},{"@type":"ListItem","position":2,"name":"Hjem","item":"https:\/\/hoyre.no\/sola\/"},{"@type":"ListItem","position":3,"name":"Politikk"}]},{"@type":"WebSite","@id":"https:\/\/hoyre.no\/sola\/#website","url":"https:\/\/hoyre.no\/sola\/","name":"Sola H\u00f8yre","description":"Bare enda et H\u00f8yres nettsteder-nettsted","inLanguage":"nb-NO"}]}},"distributor_meta":false,"distributor_terms":false,"distributor_media":false,"distributor_original_site_name":"Sola H\u00f8yre","distributor_original_site_url":"https:\/\/hoyre.no\/sola","push-errors":false,"_links":{"self":[{"href":"https:\/\/hoyre.no\/sola\/wp-json\/wp\/v2\/pages\/195","targetHints":{"allow":["GET"]}}],"collection":[{"href":"https:\/\/hoyre.no\/sola\/wp-json\/wp\/v2\/pages"}],"about":[{"href":"https:\/\/hoyre.no\/sola\/wp-json\/wp\/v2\/types\/page"}],"author":[{"embeddable":true,"href":"https:\/\/hoyre.no\/sola\/wp-json\/wp\/v2\/users\/31684"}],"replies":[{"embeddable":true,"href":"https:\/\/hoyre.no\/sola\/wp-json\/wp\/v2\/comments?post=195"}],"version-history":[{"count":7,"href":"https:\/\/hoyre.no\/sola\/wp-json\/wp\/v2\/pages\/195\/revisions"}],"predecessor-version":[{"id":228,"href":"https:\/\/hoyre.no\/sola\/wp-json\/wp\/v2\/pages\/195\/revisions\/228"}],"wp:attachment":[{"href":"https:\/\/hoyre.no\/sola\/wp-json\/wp\/v2\/media?parent=195"}],"curies":[{"name":"wp","href":"https:\/\/api.w.org\/{rel}","templated":true}]}}