{"id":44,"date":"2023-07-26T15:00:36","date_gmt":"2023-07-26T13:00:36","guid":{"rendered":"https:\/\/hoyre.no\/solund\/?page_id=44"},"modified":"2023-08-01T11:22:20","modified_gmt":"2023-08-01T09:22:20","slug":"valprogram-2023-2027","status":"publish","type":"page","link":"https:\/\/hoyre.no\/solund\/valprogram-2023-2027\/","title":{"rendered":"Valprogram 2023-2027"},"content":{"rendered":"\n<div class=\"wp-block-hoyre-hero with-image-gradient text-color-light  has-media alignfull has-background\"><div class=\"hoyre-hero has-image\"><h1 class=\"title\">Valprogram<br>2023-2027<\/h1><p class=\"preamble\">Les meir om kva vi g\u00e5r til val p\u00e5 i Solund dei neste fire \u00e5ra!<\/p>\t\t\t<div class=\"post-meta wp-block teft-byline-wrapper\">\n\t\t\t\t<div class=\"top\">\n\t\t\t\t\t<div class=\"signature\">\n\t\t\t\t\t\t<div class=\"teft-byline\">\n\t\t\t\t\t\t\t\t\t\t\t\t\t\t<div>\n\t\t\t\t\t\t\t\t<h3>H\u00f8yres redaksjon<\/h3>\t\t\t\t\t\t\t\t\n\t\t\t\t\t\t\t\t\t\t\t\t\t\t\t\t\t<span class=\"date\">Sist oppdatert: 1. august 2023<\/span>\n\t\t\t\t\t\t\t\t\t\t\t\t\t\t\t\t\t\t\t\t\t\t\t\t\t<span class=\"reading-time\" itemprop=\"timeRequired\" content=\"PT2M\"><em>Ca. 2 minutter lesetid<\/em><\/span>\n\t\t\t\t\t\t\t\t\t\t\t\t\t\t\t<\/div>\n\t\t\t\t\t\t<\/div>\n\t\t\t\t\t<\/div>\n\t\t\t\t\t\t<div class=\"sharing\">\n\t\t<a class=\"share-button share-link copy-link\" data-copy=\"https:\/\/hoyre.no\/solund\/valprogram-2023-2027\/\" target=\"_blank\"><span class=\"screen-reader-text\">Del link<\/span><\/a>\n\t\t<a class=\"share-button share-twitter\" href=\"http:\/\/twitter.com\/share?text=Valprogram 2023-2027&#038;url=https:\/\/hoyre.no\/solund\/valprogram-2023-2027\/&#038;hashtags=Hoyre\" target=\"_blank\"><span class=\"screen-reader-text\">Del p\u00e5 twitter<\/span><\/a>\n\t\t<a class=\"share-button share-facebook\" href=\"https:\/\/www.facebook.com\/sharer\/sharer.php?u=https:\/\/hoyre.no\/solund\/valprogram-2023-2027\/\" target=\"_blank\"><span class=\"screen-reader-text\">Del p\u00e5 facebook<\/span><\/a>\n\t<\/div>\n\t\t\t\t\t<\/div>\n\t\t\t<\/div>\n\n\t\t\t<figure class=\"hoyre-image-wrapper\"><div class=\"hoyre-image\"><img loading=\"lazy\" decoding=\"async\" width=\"1125\" height=\"1508\" src=\"https:\/\/hoyre.no\/content\/uploads\/sites\/320\/2023\/07\/Solund-gjengen.jpeg\" class=\"attachment-scaled size-scaled\" alt=\"\" style=\"object-position: 48% 56.99999999999999%\" srcset=\"https:\/\/hoyre.no\/content\/uploads\/sites\/320\/2023\/07\/Solund-gjengen.jpeg 1125w, https:\/\/hoyre.no\/content\/uploads\/sites\/320\/2023\/07\/Solund-gjengen-224x300.jpeg 224w, https:\/\/hoyre.no\/content\/uploads\/sites\/320\/2023\/07\/Solund-gjengen-764x1024.jpeg 764w, https:\/\/hoyre.no\/content\/uploads\/sites\/320\/2023\/07\/Solund-gjengen-768x1029.jpeg 768w\" sizes=\"auto, (max-width: 1125px) 100vw, 1125px\" \/><\/div><\/figure><\/div><\/div>\n\n\n\n\n<p>V\u00e5r visjon er at Solund skal vere eit trygt lokalsamfunn der det er godt \u00e5 bu og arbeide. Eit samfunn som ungane v\u00e5re vil busetje seg i og tilflyttarar kjenner seg heime og inkluderte i. Innbyggjarane i Solund er v\u00e5r viktigaste ressurs, og det er f\u00f8rst og fremst dei vi m\u00e5 ta utgangspunkt i for \u00e5 trygge og utvikle kommunen v\u00e5r.<\/p>\n\n\n\n<p>Solund skal vere ein JA-kommune med moglegheiter for alle!<\/p>\n\n\n\n<p>Likeverd, likestilling, samhald og sosial tryggleik er viktige byggjesteinar i eit trygt samfunn og vi vil st\u00f8tte opp om desse verdiane. Vi vil at innbyggjarane skal ha eit godt tilbod innan kommunale og statlege tenester. Gjennom \u00e5 stimulere til vekst i det lokale n\u00e6ringslivet vil vi leggje til rette for at det vert skapt fleire arbeidsplassar<br>og dermed ogs\u00e5 danne grunnlag for framtidig busetnad i \u00f8yriket v\u00e5rt.<\/p>\n\n\n\n<div class=\"wp-block-media-text alignwide is-stacked-on-mobile is-image-fill\" style=\"grid-template-columns:32% auto\"><figure class=\"wp-block-media-text__media\" style=\"background-image:url('https:\/\/hoyre.no\/content\/uploads\/sites\/320\/2023\/07\/Solund-topp-3-vol-2-1024x1024.jpeg');background-position:50% 50%\"><img loading=\"lazy\" decoding=\"async\" width=\"1024\" height=\"1024\" src=\"https:\/\/hoyre.no\/content\/uploads\/sites\/320\/2023\/07\/Solund-topp-3-vol-2-1024x1024.jpeg\" alt=\"\" class=\"wp-image-41 size-full\" srcset=\"https:\/\/hoyre.no\/content\/uploads\/sites\/320\/2023\/07\/Solund-topp-3-vol-2-1024x1024.jpeg 1024w, https:\/\/hoyre.no\/content\/uploads\/sites\/320\/2023\/07\/Solund-topp-3-vol-2-300x300.jpeg 300w, https:\/\/hoyre.no\/content\/uploads\/sites\/320\/2023\/07\/Solund-topp-3-vol-2-150x150.jpeg 150w, https:\/\/hoyre.no\/content\/uploads\/sites\/320\/2023\/07\/Solund-topp-3-vol-2-768x769.jpeg 768w, https:\/\/hoyre.no\/content\/uploads\/sites\/320\/2023\/07\/Solund-topp-3-vol-2.jpeg 1125w\" sizes=\"auto, (max-width: 1024px) 100vw, 1024px\" \/><\/figure><div class=\"wp-block-media-text__content\">\n<h4 class=\"wp-block-heading\">Her er nokre av sakene vi vil arbeide for:<\/h4>\n\n\n\n<ul class=\"wp-block-list\"><li>\u00c5 gje rammer som sikrar ei eldreomsorg tufta p\u00e5 kvalitet, tryggleik og trivsel.<\/li><li>At barn og ungdom f\u00e5r kjennskap til dei n\u00e6ringane og moglegheitene som er i Solund.<\/li><li>\u00c5 ha nok utleigebustader i kommunen for \u00e5 sikre arbeidskraft og busetnad.<\/li><li>Bygging av djupvasskai i kommunen.<\/li><li>Fjerne eigedomskatten.<\/li><\/ul>\n<\/div><\/div>\n\n\n\n<p>Solund H\u00f8gre vil lytte til deg som innbyggjar, for dine meiningar er viktige. V\u00e5r politikk skal vere m\u00e5lretta og l\u00f8ysingsorientert. Samarbeid gjev resultat. Vi skal difor bidra til at dei politiske partigruppene skal ha eit godt og tillitsfullt samarbeid. Vi vil ta ansvar og arbeide aktivt med tilrettelegging for utvikling i alle delar av kommunen.<\/p>\n\n\n\n<h3 class=\"wp-block-heading\">Les heile valprogrammet v\u00e5rt her:<\/h3>\n\n\n\n<div class=\"wp-block-teft-file icon-link-block\"><a href=\"https:\/\/hoyre.no\/content\/uploads\/sites\/320\/2023\/08\/Solund-Hogre-program-2023-2027-ferdig-web.pdf\" download><span class=\"file-title\">Solund H\u00f8gre valprogram 2023-2027<\/span><span class=\"file-name\">Solund-Hogre-program-2023-2027-ferdig-web.pdf [744.1kb]<\/span><\/a><\/div>\n\n","protected":false},"excerpt":{"rendered":"","protected":false},"author":29319,"featured_media":0,"parent":0,"menu_order":0,"comment_status":"closed","ping_status":"closed","template":"","meta":{"teft_cards_image_url":"","teft_cards_custom_pretitle":"","teft_cards_image_id":0,"teft_cards_image_focal_point_x":0,"teft_cards_image_focal_point_y":0,"teft_cards_title":"","teft_cards_excerpt":"","teft_show_chapters":false,"footnotes":""},"class_list":["post-44","page","type-page","status-publish","hentry"],"yoast_head":"<!-- This site is optimized with the Yoast SEO plugin v26.6 - https:\/\/yoast.com\/wordpress\/plugins\/seo\/ -->\n<title>Valprogram 2023-2027 - Solund H\u00f8gre<\/title>\n<meta name=\"robots\" content=\"index, follow, max-snippet:-1, max-image-preview:large, max-video-preview:-1\" \/>\n<link rel=\"canonical\" href=\"https:\/\/hoyre.no\/solund\/valprogram-2023-2027\/\" \/>\n<meta property=\"og:locale\" content=\"nn_NO\" \/>\n<meta property=\"og:type\" content=\"article\" \/>\n<meta property=\"og:title\" content=\"Valprogram 2023-2027 - Solund H\u00f8gre\" \/>\n<meta property=\"og:url\" content=\"https:\/\/hoyre.no\/solund\/valprogram-2023-2027\/\" \/>\n<meta property=\"og:site_name\" content=\"Solund H\u00f8gre\" \/>\n<meta property=\"article:modified_time\" content=\"2023-08-01T09:22:20+00:00\" \/>\n<meta property=\"og:image\" content=\"https:\/\/hoyre.no\/content\/uploads\/sites\/320\/2023\/07\/Solund-topp-3-vol-2-1024x1024.jpeg\" \/>\n<meta name=\"twitter:card\" content=\"summary_large_image\" \/>\n<meta name=\"twitter:label1\" content=\"Est. reading time\" \/>\n\t<meta name=\"twitter:data1\" content=\"2 minutt\" \/>\n<script type=\"application\/ld+json\" class=\"yoast-schema-graph\">{\"@context\":\"https:\/\/schema.org\",\"@graph\":[{\"@type\":\"WebPage\",\"@id\":\"https:\/\/hoyre.no\/solund\/valprogram-2023-2027\/\",\"url\":\"https:\/\/hoyre.no\/solund\/valprogram-2023-2027\/\",\"name\":\"Valprogram 2023-2027 - Solund H\u00f8gre\",\"isPartOf\":{\"@id\":\"https:\/\/hoyre.no\/solund\/#website\"},\"image\":{\"@id\":\"https:\/\/hoyre.no\/solund\/valprogram-2023-2027\/#primaryimage\"},\"thumbnailUrl\":\"https:\/\/hoyre.no\/content\/uploads\/sites\/320\/2023\/07\/Solund-topp-3-vol-2-1024x1024.jpeg\",\"datePublished\":\"2023-07-26T13:00:36+00:00\",\"dateModified\":\"2023-08-01T09:22:20+00:00\",\"breadcrumb\":{\"@id\":\"https:\/\/hoyre.no\/solund\/valprogram-2023-2027\/#breadcrumb\"},\"inLanguage\":\"nn-NO\",\"potentialAction\":[{\"@type\":\"ReadAction\",\"target\":[\"https:\/\/hoyre.no\/solund\/valprogram-2023-2027\/\"]}]},{\"@type\":\"ImageObject\",\"inLanguage\":\"nn-NO\",\"@id\":\"https:\/\/hoyre.no\/solund\/valprogram-2023-2027\/#primaryimage\",\"url\":\"https:\/\/hoyre.no\/content\/uploads\/sites\/320\/2023\/07\/Solund-topp-3-vol-2-1024x1024.jpeg\",\"contentUrl\":\"https:\/\/hoyre.no\/content\/uploads\/sites\/320\/2023\/07\/Solund-topp-3-vol-2-1024x1024.jpeg\"},{\"@type\":\"BreadcrumbList\",\"@id\":\"https:\/\/hoyre.no\/solund\/valprogram-2023-2027\/#breadcrumb\",\"itemListElement\":[{\"@type\":\"ListItem\",\"position\":1,\"name\":\"Til hoyre.no\",\"item\":\"https:\/\/hoyre.no\"},{\"@type\":\"ListItem\",\"position\":2,\"name\":\"Hjem\",\"item\":\"https:\/\/hoyre.no\/solund\/\"},{\"@type\":\"ListItem\",\"position\":3,\"name\":\"Valprogram 2023-2027\"}]},{\"@type\":\"WebSite\",\"@id\":\"https:\/\/hoyre.no\/solund\/#website\",\"url\":\"https:\/\/hoyre.no\/solund\/\",\"name\":\"Solund H\u00f8gre\",\"description\":\"Bare enda et H\u00f8yres nettsteder-nettsted\",\"inLanguage\":\"nn-NO\"}]}<\/script>\n<!-- \/ Yoast SEO plugin. -->","yoast_head_json":{"title":"Valprogram 2023-2027 - Solund H\u00f8gre","robots":{"index":"index","follow":"follow","max-snippet":"max-snippet:-1","max-image-preview":"max-image-preview:large","max-video-preview":"max-video-preview:-1"},"canonical":"https:\/\/hoyre.no\/solund\/valprogram-2023-2027\/","og_locale":"nn_NO","og_type":"article","og_title":"Valprogram 2023-2027 - Solund H\u00f8gre","og_url":"https:\/\/hoyre.no\/solund\/valprogram-2023-2027\/","og_site_name":"Solund H\u00f8gre","article_modified_time":"2023-08-01T09:22:20+00:00","og_image":[{"url":"https:\/\/hoyre.no\/content\/uploads\/sites\/320\/2023\/07\/Solund-topp-3-vol-2-1024x1024.jpeg","type":"","width":"","height":""}],"twitter_card":"summary_large_image","twitter_misc":{"Est. reading time":"2 minutt"},"schema":{"@context":"https:\/\/schema.org","@graph":[{"@type":"WebPage","@id":"https:\/\/hoyre.no\/solund\/valprogram-2023-2027\/","url":"https:\/\/hoyre.no\/solund\/valprogram-2023-2027\/","name":"Valprogram 2023-2027 - Solund H\u00f8gre","isPartOf":{"@id":"https:\/\/hoyre.no\/solund\/#website"},"image":{"@id":"https:\/\/hoyre.no\/solund\/valprogram-2023-2027\/#primaryimage"},"thumbnailUrl":"https:\/\/hoyre.no\/content\/uploads\/sites\/320\/2023\/07\/Solund-topp-3-vol-2-1024x1024.jpeg","datePublished":"2023-07-26T13:00:36+00:00","dateModified":"2023-08-01T09:22:20+00:00","breadcrumb":{"@id":"https:\/\/hoyre.no\/solund\/valprogram-2023-2027\/#breadcrumb"},"inLanguage":"nn-NO","potentialAction":[{"@type":"ReadAction","target":["https:\/\/hoyre.no\/solund\/valprogram-2023-2027\/"]}]},{"@type":"ImageObject","inLanguage":"nn-NO","@id":"https:\/\/hoyre.no\/solund\/valprogram-2023-2027\/#primaryimage","url":"https:\/\/hoyre.no\/content\/uploads\/sites\/320\/2023\/07\/Solund-topp-3-vol-2-1024x1024.jpeg","contentUrl":"https:\/\/hoyre.no\/content\/uploads\/sites\/320\/2023\/07\/Solund-topp-3-vol-2-1024x1024.jpeg"},{"@type":"BreadcrumbList","@id":"https:\/\/hoyre.no\/solund\/valprogram-2023-2027\/#breadcrumb","itemListElement":[{"@type":"ListItem","position":1,"name":"Til hoyre.no","item":"https:\/\/hoyre.no"},{"@type":"ListItem","position":2,"name":"Hjem","item":"https:\/\/hoyre.no\/solund\/"},{"@type":"ListItem","position":3,"name":"Valprogram 2023-2027"}]},{"@type":"WebSite","@id":"https:\/\/hoyre.no\/solund\/#website","url":"https:\/\/hoyre.no\/solund\/","name":"Solund H\u00f8gre","description":"Bare enda et H\u00f8yres nettsteder-nettsted","inLanguage":"nn-NO"}]}},"distributor_meta":false,"distributor_terms":false,"distributor_media":false,"distributor_original_site_name":"Solund H\u00f8gre","distributor_original_site_url":"https:\/\/hoyre.no\/solund","push-errors":false,"_links":{"self":[{"href":"https:\/\/hoyre.no\/solund\/wp-json\/wp\/v2\/pages\/44","targetHints":{"allow":["GET"]}}],"collection":[{"href":"https:\/\/hoyre.no\/solund\/wp-json\/wp\/v2\/pages"}],"about":[{"href":"https:\/\/hoyre.no\/solund\/wp-json\/wp\/v2\/types\/page"}],"author":[{"embeddable":true,"href":"https:\/\/hoyre.no\/solund\/wp-json\/wp\/v2\/users\/29319"}],"replies":[{"embeddable":true,"href":"https:\/\/hoyre.no\/solund\/wp-json\/wp\/v2\/comments?post=44"}],"version-history":[{"count":5,"href":"https:\/\/hoyre.no\/solund\/wp-json\/wp\/v2\/pages\/44\/revisions"}],"predecessor-version":[{"id":57,"href":"https:\/\/hoyre.no\/solund\/wp-json\/wp\/v2\/pages\/44\/revisions\/57"}],"wp:attachment":[{"href":"https:\/\/hoyre.no\/solund\/wp-json\/wp\/v2\/media?parent=44"}],"curies":[{"name":"wp","href":"https:\/\/api.w.org\/{rel}","templated":true}]}}