{"id":4,"date":"2022-09-15T15:59:32","date_gmt":"2022-09-15T13:59:32","guid":{"rendered":"https:\/\/hoyre.no\/sondre-nordstrand\/vare-folk\/"},"modified":"2022-10-09T15:37:12","modified_gmt":"2022-10-09T13:37:12","slug":"vare-folk","status":"publish","type":"page","link":"https:\/\/hoyre.no\/sondre-nordstrand\/vare-folk\/","title":{"rendered":"V\u00e5re folk"},"content":{"rendered":"\n<div class=\"wp-block-hoyre-hero with-image-gradient text-color-light  alignfull has-background\"><div class=\"hoyre-hero \"><h1 class=\"title\">V\u00e5re folk<\/h1><p class=\"preamble\">S\u00f8ndre Nordstrand H\u00f8yre best\u00e5r av flere tillits- og folkevalgte. Har du noen sp\u00f8rsm\u00e5l? Ikke n\u00f8l med \u00e5 ta kontakt!<\/p><\/div><\/div>\n\n\n\n\n<section class=\"wp-block-hoyre-local-politicians alignfull has-background\">\n\t<div class=\"block-inner\">\n\t\t<div class=\"select-wrapper\">\n\t\t\t<select class=\"politician-committee-dropdown filter-dropdown\" name=\"committee_id\">\n\t\t\t\t\t\t\t\t\t<option value=\"bydelsforening\"  selected='selected'>\n\t\t\t\t\t\tBydelsforening\t\t\t\t\t<\/option>\n\t\t\t\t\t\t\t\t\t<option value=\"bydelsutvalg\" >\n\t\t\t\t\t\tBydelsutvalg\t\t\t\t\t<\/option>\n\t\t\t\t\t\t\t<\/select>\n\t\t<\/div>\n\t\t<div class=\"teft-cards-grid default-size-3\">\n\t\t\t<div class=\"teft-cards-item  is-card-hoyre-person\">\n\n\t<article class=\"teft-card hoyre-person has-internal-link\">\n\t\t<div class=\"teft-card__media circle-crop\"><img decoding=\"async\" loading=\"lazy\" width=\"500\" height=\"500\" src=\"https:\/\/res.cloudinary.com\/hoyre\/image\/upload\/c_thumb,g_face:center,h_500,w_500,d_defaultprofileimg3.jpg,fl_lossy,f_auto\/w_500\/v20230420\/50083484.jpg\" style=\"background-position:50% 50%\" alt=\"Tove Gjersrud\" \/><\/div>\t\t<div class=\"teft-card__primary\">\n\t\t\t\t\t\t\t<a href=\"https:\/\/hoyre.no\/personprofiler\/tove-gjersrud\/\" class=\"primary-link\"><h2>Tove Gjersrud<\/h2><\/a>\n\t\t\t\t\t\t\t\t\t\t<p>Leder i bydelsforeningen, Medlemsansvarlig<\/p>\n\t\t\t\t\t\t\t\t<\/div>\n\n\t<\/article>\n\n\t<\/div><div class=\"teft-cards-item  is-card-hoyre-person\">\n\n\t<article class=\"teft-card hoyre-person has-internal-link\">\n\t\t<div class=\"teft-card__media circle-crop\"><img decoding=\"async\" loading=\"lazy\" width=\"500\" height=\"500\" src=\"https:\/\/res.cloudinary.com\/hoyre\/image\/upload\/c_thumb,g_face:center,h_500,w_500,d_defaultprofileimg3.jpg,fl_lossy,f_auto\/w_500\/v20230420\/50511674.jpg\" style=\"background-position:50% 50%\" alt=\"Evelyn Fimreite\" \/><\/div>\t\t<div class=\"teft-card__primary\">\n\t\t\t\t\t\t\t<a href=\"https:\/\/hoyre.no\/personprofiler\/evelyn-fimreite\/\" class=\"primary-link\"><h2>Evelyn Fimreite<\/h2><\/a>\n\t\t\t\t\t\t\t\t\t\t<p>Nestleder<\/p>\n\t\t\t\t\t\t\t\t<\/div>\n\n\t<\/article>\n\n\t<\/div><div class=\"teft-cards-item  is-card-hoyre-person\">\n\n\t<article class=\"teft-card hoyre-person has-internal-link\">\n\t\t<div class=\"teft-card__media circle-crop\"><img decoding=\"async\" loading=\"lazy\" width=\"500\" height=\"500\" src=\"https:\/\/res.cloudinary.com\/hoyre\/image\/upload\/c_thumb,g_face:center,h_500,w_500,d_defaultprofileimg3.jpg,fl_lossy,f_auto\/w_500\/v20230420\/51841070.jpg\" style=\"background-position:50% 50%\" alt=\"Talat Mehmood Butt\" \/><\/div>\t\t<div class=\"teft-card__primary\">\n\t\t\t\t\t\t\t<a href=\"https:\/\/hoyre.no\/personprofiler\/talat-mehmood-butt\/\" class=\"primary-link\"><h2>Talat Mehmood Butt<\/h2><\/a>\n\t\t\t\t\t\t\t\t\t\t<p>Gruppeleder<\/p>\n\t\t\t\t\t\t\t\t<\/div>\n\n\t<\/article>\n\n\t<\/div><div class=\"teft-cards-item  is-card-hoyre-person\">\n\n\t<article class=\"teft-card hoyre-person has-internal-link\">\n\t\t<div class=\"teft-card__media circle-crop\"><img decoding=\"async\" loading=\"lazy\" width=\"500\" height=\"500\" src=\"https:\/\/res.cloudinary.com\/hoyre\/image\/upload\/c_thumb,g_face:center,h_500,w_500,d_defaultprofileimg3.jpg,fl_lossy,f_auto\/w_500\/v20230420\/12244893.jpg\" style=\"background-position:50% 50%\" alt=\"Hanne Sofie Logstein\" \/><\/div>\t\t<div class=\"teft-card__primary\">\n\t\t\t\t\t\t\t<a href=\"https:\/\/hoyre.no\/personprofiler\/hanne-sofie-logstein\/\" class=\"primary-link\"><h2>Hanne Sofie Logstein<\/h2><\/a>\n\t\t\t\t\t\t\t\t\t\t<p>Medlem<\/p>\n\t\t\t\t\t\t\t\t<\/div>\n\n\t<\/article>\n\n\t<\/div><div class=\"teft-cards-item  is-card-hoyre-person\">\n\n\t<article class=\"teft-card hoyre-person has-internal-link\">\n\t\t<div class=\"teft-card__media circle-crop\"><img decoding=\"async\" loading=\"lazy\" width=\"500\" height=\"500\" src=\"https:\/\/res.cloudinary.com\/hoyre\/image\/upload\/c_thumb,g_face:center,h_500,w_500,d_defaultprofileimg3.jpg,fl_lossy,f_auto\/w_500\/v20230420\/52246451.jpg\" style=\"background-position:50% 50%\" alt=\"Sigrun Refsnes\" \/><\/div>\t\t<div class=\"teft-card__primary\">\n\t\t\t\t\t\t\t<a href=\"https:\/\/hoyre.no\/personprofiler\/sigrun-refsnes\/\" class=\"primary-link\"><h2>Sigrun Refsnes<\/h2><\/a>\n\t\t\t\t\t\t\t\t\t\t<p>Medlem<\/p>\n\t\t\t\t\t\t\t\t<\/div>\n\n\t<\/article>\n\n\t<\/div><div class=\"teft-cards-item  is-card-hoyre-person\">\n\n\t<article class=\"teft-card hoyre-person has-internal-link\">\n\t\t<div class=\"teft-card__media circle-crop\"><img decoding=\"async\" loading=\"lazy\" width=\"500\" height=\"500\" src=\"https:\/\/res.cloudinary.com\/hoyre\/image\/upload\/c_thumb,g_face:center,h_500,w_500,d_defaultprofileimg3.jpg,fl_lossy,f_auto\/w_500\/v20230420\/52187754.jpg\" style=\"background-position:50% 50%\" alt=\"Helge Audun Haaland\" \/><\/div>\t\t<div class=\"teft-card__primary\">\n\t\t\t\t\t\t\t<a href=\"https:\/\/hoyre.no\/personprofiler\/helge-audun-haaland\/\" class=\"primary-link\"><h2>Helge Audun Haaland<\/h2><\/a>\n\t\t\t\t\t\t\t\t\t\t<p>Medlem<\/p>\n\t\t\t\t\t\t\t\t<\/div>\n\n\t<\/article>\n\n\t<\/div><div class=\"teft-cards-item  is-card-hoyre-person\">\n\n\t<article class=\"teft-card hoyre-person has-internal-link\">\n\t\t<div class=\"teft-card__media circle-crop\"><img decoding=\"async\" loading=\"lazy\" width=\"500\" height=\"500\" src=\"https:\/\/res.cloudinary.com\/hoyre\/image\/upload\/c_thumb,g_face:center,h_500,w_500,d_defaultprofileimg3.jpg,fl_lossy,f_auto\/w_500\/v20230420\/12244885.jpg\" style=\"background-position:50% 50%\" alt=\"Erik Logstein\" \/><\/div>\t\t<div class=\"teft-card__primary\">\n\t\t\t\t\t\t\t<a href=\"https:\/\/hoyre.no\/personprofiler\/erik-logstein\/\" class=\"primary-link\"><h2>Erik Logstein<\/h2><\/a>\n\t\t\t\t\t\t\t\t\t\t<p>Medlem<\/p>\n\t\t\t\t\t\t\t\t<\/div>\n\n\t<\/article>\n\n\t<\/div><div class=\"teft-cards-item  is-card-hoyre-person\">\n\n\t<article class=\"teft-card hoyre-person has-internal-link\">\n\t\t<div class=\"teft-card__media circle-crop\"><img decoding=\"async\" loading=\"lazy\" width=\"500\" height=\"500\" src=\"https:\/\/res.cloudinary.com\/hoyre\/image\/upload\/c_thumb,g_face:center,h_500,w_500,d_defaultprofileimg3.jpg,fl_lossy,f_auto\/w_500\/v20230420\/52157294.jpg\" style=\"background-position:50% 50%\" alt=\"Khalid Butt\" \/><\/div>\t\t<div class=\"teft-card__primary\">\n\t\t\t\t\t\t\t<a href=\"https:\/\/hoyre.no\/personprofiler\/khalid-butt\/\" class=\"primary-link\"><h2>Khalid Butt<\/h2><\/a>\n\t\t\t\t\t\t\t\t\t\t<p>Medlem<\/p>\n\t\t\t\t\t\t\t\t<\/div>\n\n\t<\/article>\n\n\t<\/div><div class=\"teft-cards-item  is-card-hoyre-person\">\n\n\t<article class=\"teft-card hoyre-person has-internal-link\">\n\t\t<div class=\"teft-card__media circle-crop\"><img decoding=\"async\" loading=\"lazy\" width=\"500\" height=\"500\" src=\"https:\/\/res.cloudinary.com\/hoyre\/image\/upload\/c_thumb,g_face:center,h_500,w_500,d_defaultprofileimg3.jpg,fl_lossy,f_auto\/w_500\/v20230420\/11365384.jpg\" style=\"background-position:50% 50%\" alt=\"Edith Stylo\" \/><\/div>\t\t<div class=\"teft-card__primary\">\n\t\t\t\t\t\t\t<a href=\"https:\/\/hoyre.no\/personprofiler\/edith-stylo\/\" class=\"primary-link\"><h2>Edith Stylo<\/h2><\/a>\n\t\t\t\t\t\t\t\t\t\t<p>Medlem<\/p>\n\t\t\t\t\t\t\t\t<\/div>\n\n\t<\/article>\n\n\t<\/div><div class=\"teft-cards-item  is-card-hoyre-person\">\n\n\t<article class=\"teft-card hoyre-person has-internal-link\">\n\t\t<div class=\"teft-card__media circle-crop\"><img decoding=\"async\" loading=\"lazy\" width=\"500\" height=\"500\" src=\"https:\/\/res.cloudinary.com\/hoyre\/image\/upload\/c_thumb,g_face:center,h_500,w_500,d_defaultprofileimg3.jpg,fl_lossy,f_auto\/w_500\/v20230420\/11417813.jpg\" style=\"background-position:50% 50%\" alt=\"Kaare Seeberg Sidselrud\" \/><\/div>\t\t<div class=\"teft-card__primary\">\n\t\t\t\t\t\t\t<a href=\"https:\/\/hoyre.no\/personprofiler\/kaare-olaf-seeberg-sidselrud\/\" class=\"primary-link\"><h2>Kaare Seeberg Sidselrud<\/h2><\/a>\n\t\t\t\t\t\t\t\t\t\t<p>Medlem<\/p>\n\t\t\t\t\t\t\t\t<\/div>\n\n\t<\/article>\n\n\t<\/div><div class=\"teft-cards-item  is-card-hoyre-person\">\n\n\t<article class=\"teft-card hoyre-person has-internal-link\">\n\t\t<div class=\"teft-card__media circle-crop\"><img decoding=\"async\" loading=\"lazy\" width=\"500\" height=\"500\" src=\"https:\/\/res.cloudinary.com\/hoyre\/image\/upload\/c_thumb,g_face:center,h_500,w_500,d_defaultprofileimg3.jpg,fl_lossy,f_auto\/w_500\/v20230420\/50345750.jpg\" style=\"background-position:50% 50%\" alt=\"Bj\u00f8rn Tommy Toll\u00e5nes\" \/><\/div>\t\t<div class=\"teft-card__primary\">\n\t\t\t\t\t\t\t<a href=\"https:\/\/hoyre.no\/personprofiler\/bjorn-tommy-tollanes\/\" class=\"primary-link\"><h2>Bj\u00f8rn Tommy Toll\u00e5nes<\/h2><\/a>\n\t\t\t\t\t\t\t\t\t\t<p>Medlem, Kasserer<\/p>\n\t\t\t\t\t\t\t\t<\/div>\n\n\t<\/article>\n\n\t<\/div><div class=\"teft-cards-item  is-card-hoyre-person\">\n\n\t<article class=\"teft-card hoyre-person has-internal-link\">\n\t\t<div class=\"teft-card__media circle-crop\"><img decoding=\"async\" loading=\"lazy\" width=\"500\" height=\"500\" src=\"https:\/\/res.cloudinary.com\/hoyre\/image\/upload\/c_thumb,g_face:center,h_500,w_500,d_defaultprofileimg3.jpg,fl_lossy,f_auto\/w_500\/v20230420\/52061702.jpg\" style=\"background-position:50% 50%\" alt=\"Fatima Balaiz-Hadouchi\" \/><\/div>\t\t<div class=\"teft-card__primary\">\n\t\t\t\t\t\t\t<a href=\"https:\/\/hoyre.no\/personprofiler\/fatima-hadouchi\/\" class=\"primary-link\"><h2>Fatima Balaiz-Hadouchi<\/h2><\/a>\n\t\t\t\t\t\t\t\t\t\t<p>Varamedlem<\/p>\n\t\t\t\t\t\t\t\t<\/div>\n\n\t<\/article>\n\n\t<\/div><div class=\"teft-cards-item  is-card-hoyre-person\">\n\n\t<article class=\"teft-card hoyre-person has-internal-link\">\n\t\t<div class=\"teft-card__media circle-crop\"><img decoding=\"async\" loading=\"lazy\" width=\"500\" height=\"500\" src=\"https:\/\/res.cloudinary.com\/hoyre\/image\/upload\/c_thumb,g_face:center,h_500,w_500,d_defaultprofileimg3.jpg,fl_lossy,f_auto\/w_500\/v20230420\/52241320.jpg\" style=\"background-position:50% 50%\" alt=\"Mariamawit Natnael\" \/><\/div>\t\t<div class=\"teft-card__primary\">\n\t\t\t\t\t\t\t<a href=\"https:\/\/hoyre.no\/personprofiler\/mariamawit-natnael\/\" class=\"primary-link\"><h2>Mariamawit Natnael<\/h2><\/a>\n\t\t\t\t\t\t\t\t\t\t<p>Varamedlem<\/p>\n\t\t\t\t\t\t\t\t<\/div>\n\n\t<\/article>\n\n\t<\/div><div class=\"teft-cards-item  is-card-hoyre-person\">\n\n\t<article class=\"teft-card hoyre-person has-internal-link\">\n\t\t<div class=\"teft-card__media circle-crop\"><img decoding=\"async\" loading=\"lazy\" width=\"500\" height=\"500\" src=\"https:\/\/res.cloudinary.com\/hoyre\/image\/upload\/c_thumb,g_face:center,h_500,w_500,d_defaultprofileimg3.jpg,fl_lossy,f_auto\/w_500\/v20230420\/60000746.jpg\" style=\"background-position:50% 50%\" alt=\"Erik Bj\u00f8rge\" \/><\/div>\t\t<div class=\"teft-card__primary\">\n\t\t\t\t\t\t\t<a href=\"https:\/\/hoyre.no\/personprofiler\/erik-bjorge\/\" class=\"primary-link\"><h2>Erik Bj\u00f8rge<\/h2><\/a>\n\t\t\t\t\t\t\t\t\t\t<p>Varamedlem<\/p>\n\t\t\t\t\t\t\t\t<\/div>\n\n\t<\/article>\n\n\t<\/div><div class=\"teft-cards-item  is-card-hoyre-person\">\n\n\t<article class=\"teft-card hoyre-person has-internal-link\">\n\t\t<div class=\"teft-card__media circle-crop\"><img decoding=\"async\" loading=\"lazy\" width=\"500\" height=\"500\" src=\"https:\/\/res.cloudinary.com\/hoyre\/image\/upload\/c_thumb,g_face:center,h_500,w_500,d_defaultprofileimg3.jpg,fl_lossy,f_auto\/w_500\/v20230420\/60001781.jpg\" style=\"background-position:50% 50%\" alt=\"Ragnar Hafs\u00f8e\" \/><\/div>\t\t<div class=\"teft-card__primary\">\n\t\t\t\t\t\t\t<a href=\"https:\/\/hoyre.no\/personprofiler\/ragnar-hafsoe\/\" class=\"primary-link\"><h2>Ragnar Hafs\u00f8e<\/h2><\/a>\n\t\t\t\t\t\t\t\t\t\t<p>Varamedlem<\/p>\n\t\t\t\t\t\t\t\t<\/div>\n\n\t<\/article>\n\n\t<\/div><div class=\"teft-cards-item  is-card-hoyre-person\">\n\n\t<article class=\"teft-card hoyre-person has-internal-link\">\n\t\t<div class=\"teft-card__media circle-crop\"><img decoding=\"async\" loading=\"lazy\" width=\"500\" height=\"500\" src=\"https:\/\/res.cloudinary.com\/hoyre\/image\/upload\/c_thumb,g_face:center,h_500,w_500,d_defaultprofileimg3.jpg,fl_lossy,f_auto\/w_500\/v20230420\/60006502.jpg\" style=\"background-position:50% 50%\" alt=\"Aisha Ali Mohammed\" \/><\/div>\t\t<div class=\"teft-card__primary\">\n\t\t\t\t\t\t\t<a href=\"https:\/\/hoyre.no\/personprofiler\/aisha-ali-mohammed\/\" class=\"primary-link\"><h2>Aisha Ali Mohammed<\/h2><\/a>\n\t\t\t\t\t\t\t\t\t\t<p>Varamedlem<\/p>\n\t\t\t\t\t\t\t\t<\/div>\n\n\t<\/article>\n\n\t<\/div><div class=\"teft-cards-item  is-card-hoyre-person\">\n\n\t<article class=\"teft-card hoyre-person has-internal-link\">\n\t\t<div class=\"teft-card__media circle-crop\"><img decoding=\"async\" loading=\"lazy\" width=\"500\" height=\"500\" src=\"https:\/\/res.cloudinary.com\/hoyre\/image\/upload\/c_thumb,g_face:center,h_500,w_500,d_defaultprofileimg3.jpg,fl_lossy,f_auto\/w_500\/v20230420\/60001274.jpg\" style=\"background-position:50% 50%\" alt=\"Tara Nahar\" \/><\/div>\t\t<div class=\"teft-card__primary\">\n\t\t\t\t\t\t\t<a href=\"https:\/\/hoyre.no\/personprofiler\/tara-nahar\/\" class=\"primary-link\"><h2>Tara Nahar<\/h2><\/a>\n\t\t\t\t\t\t\t\t\t\t<p>Varamedlem<\/p>\n\t\t\t\t\t\t\t\t<\/div>\n\n\t<\/article>\n\n\t<\/div><div class=\"teft-cards-item  is-card-hoyre-person\">\n\n\t<article class=\"teft-card hoyre-person has-internal-link\">\n\t\t<div class=\"teft-card__media circle-crop\"><img decoding=\"async\" loading=\"lazy\" width=\"500\" height=\"500\" src=\"https:\/\/res.cloudinary.com\/hoyre\/image\/upload\/c_thumb,g_face:center,h_500,w_500,d_defaultprofileimg3.jpg,fl_lossy,f_auto\/w_500\/v20230420\/50124924.jpg\" style=\"background-position:50% 50%\" alt=\"Liv-Inger Wennberg\" \/><\/div>\t\t<div class=\"teft-card__primary\">\n\t\t\t\t\t\t\t<a href=\"https:\/\/hoyre.no\/personprofiler\/liv-inger-wennberg\/\" class=\"primary-link\"><h2>Liv-Inger Wennberg<\/h2><\/a>\n\t\t\t\t\t\t\t\t\t\t<p>Varamedlem<\/p>\n\t\t\t\t\t\t\t\t<\/div>\n\n\t<\/article>\n\n\t<\/div><div class=\"teft-cards-item  is-card-hoyre-person\">\n\n\t<article class=\"teft-card hoyre-person has-internal-link\">\n\t\t<div class=\"teft-card__media circle-crop\"><img decoding=\"async\" loading=\"lazy\" width=\"500\" height=\"500\" src=\"https:\/\/res.cloudinary.com\/hoyre\/image\/upload\/c_thumb,g_face:center,h_500,w_500,d_defaultprofileimg3.jpg,fl_lossy,f_auto\/w_500\/v20230420\/52230182.jpg\" style=\"background-position:50% 50%\" alt=\"Stein Brian Morisse\" \/><\/div>\t\t<div class=\"teft-card__primary\">\n\t\t\t\t\t\t\t<a href=\"https:\/\/hoyre.no\/personprofiler\/stein-brian-morisse\/\" class=\"primary-link\"><h2>Stein Brian Morisse<\/h2><\/a>\n\t\t\t\t\t\t\t\t\t\t<p>Varamedlem<\/p>\n\t\t\t\t\t\t\t\t<\/div>\n\n\t<\/article>\n\n\t<\/div><div class=\"teft-cards-item  is-card-hoyre-person\">\n\n\t<article class=\"teft-card hoyre-person has-internal-link\">\n\t\t<div class=\"teft-card__media circle-crop\"><img decoding=\"async\" loading=\"lazy\" width=\"500\" height=\"500\" src=\"https:\/\/res.cloudinary.com\/hoyre\/image\/upload\/c_thumb,g_face:center,h_500,w_500,d_defaultprofileimg3.jpg,fl_lossy,f_auto\/w_500\/v20230420\/52024494.jpg\" style=\"background-position:50% 50%\" alt=\"Cathrine Victoria Klosowska Paulsen\" \/><\/div>\t\t<div class=\"teft-card__primary\">\n\t\t\t\t\t\t\t<a href=\"https:\/\/hoyre.no\/personprofiler\/cathrine-victoria-klosowska-paulsen\/\" class=\"primary-link\"><h2>Cathrine Victoria Klosowska Paulsen<\/h2><\/a>\n\t\t\t\t\t\t\t\t\t\t<p>Varamedlem<\/p>\n\t\t\t\t\t\t\t\t<\/div>\n\n\t<\/article>\n\n\t<\/div><div class=\"teft-cards-item  is-card-hoyre-person\">\n\n\t<article class=\"teft-card hoyre-person has-internal-link\">\n\t\t<div class=\"teft-card__media circle-crop\"><img decoding=\"async\" loading=\"lazy\" width=\"500\" height=\"500\" src=\"https:\/\/res.cloudinary.com\/hoyre\/image\/upload\/c_thumb,g_face:center,h_500,w_500,d_defaultprofileimg3.jpg,fl_lossy,f_auto\/w_500\/v20230420\/3106846.jpg\" style=\"background-position:50% 50%\" alt=\"May Brit Bastiansen\" \/><\/div>\t\t<div class=\"teft-card__primary\">\n\t\t\t\t\t\t\t<a href=\"https:\/\/hoyre.no\/personprofiler\/may-brit-bastiansen\/\" class=\"primary-link\"><h2>May Brit Bastiansen<\/h2><\/a>\n\t\t\t\t\t\t\t\t\t\t<p>Senior H\u00f8yre-kontakt<\/p>\n\t\t\t\t\t\t\t\t<\/div>\n\n\t<\/article>\n\n\t<\/div>\t\t<\/div>\n\t<\/div>\n<\/section>\n\n\n\n<section class=\"wp-block-hoyre-branch-contact-info aligncenter\">\n\t<div class=\"block-inner\">\n\t\t<h2>Kontakt oss<\/h2>\n\t\t<div class=\"panel\">\n\t\t\t<h3>S\u00f8ndre Nordstrand H\u00f8yre<\/h3>\n\t\t\t<dl class=\"info-misc-with-icons\">\n\t\t\t\t\t\t\t\t\t<dt class=\"email\"><span class=\"screen-reader-text\">E-post<\/span><\/dt>\n\t\t\t\t\t<dd class=\"email\">\n\t\t\t\t\t\t<a href=\"mailto:sondrenordstrand@oslohoyre.no\">sondrenordstrand@oslohoyre.no<\/a>\n\t\t\t\t\t<\/dd>\n\t\t\t\t\t\t\t\t\t\t\t\t\n\t\t\t\t\t\t\t<\/dl>\n\t\t<\/div>\n\t<\/div>\n<\/section>\n\n","protected":false},"excerpt":{"rendered":"","protected":false},"author":51320,"featured_media":0,"parent":0,"menu_order":0,"comment_status":"closed","ping_status":"closed","template":"","meta":{"teft_cards_image_url":"","teft_cards_custom_pretitle":"","teft_cards_image_id":0,"teft_cards_image_focal_point_x":0,"teft_cards_image_focal_point_y":0,"teft_cards_title":"","teft_cards_excerpt":"","teft_show_chapters":false,"footnotes":""},"class_list":["post-4","page","type-page","status-publish","hentry"],"yoast_head":"<!-- This site is optimized with the Yoast SEO plugin v26.6 - https:\/\/yoast.com\/wordpress\/plugins\/seo\/ -->\n<title>V\u00e5re folk - S\u00f8ndre Nordstrand H\u00f8yre<\/title>\n<meta name=\"robots\" content=\"index, follow, max-snippet:-1, max-image-preview:large, max-video-preview:-1\" \/>\n<link rel=\"canonical\" href=\"https:\/\/hoyre.no\/sondre-nordstrand\/vare-folk\/\" \/>\n<meta property=\"og:locale\" content=\"nb_NO\" \/>\n<meta property=\"og:type\" content=\"article\" \/>\n<meta property=\"og:title\" content=\"V\u00e5re folk - S\u00f8ndre Nordstrand H\u00f8yre\" \/>\n<meta property=\"og:url\" content=\"https:\/\/hoyre.no\/sondre-nordstrand\/vare-folk\/\" \/>\n<meta property=\"og:site_name\" content=\"S\u00f8ndre Nordstrand H\u00f8yre\" \/>\n<meta property=\"article:modified_time\" content=\"2022-10-09T13:37:12+00:00\" \/>\n<meta property=\"og:image\" content=\"https:\/\/hoyre.no\/content\/uploads\/sites\/424\/2022\/11\/Hoyres-logo.png\" \/>\n\t<meta property=\"og:image:width\" content=\"1000\" \/>\n\t<meta property=\"og:image:height\" content=\"1000\" \/>\n\t<meta property=\"og:image:type\" content=\"image\/png\" \/>\n<meta name=\"twitter:card\" content=\"summary_large_image\" \/>\n<meta name=\"twitter:label1\" content=\"Ansl. lesetid\" \/>\n\t<meta name=\"twitter:data1\" content=\"1 minutt\" \/>\n<script type=\"application\/ld+json\" class=\"yoast-schema-graph\">{\"@context\":\"https:\/\/schema.org\",\"@graph\":[{\"@type\":\"WebPage\",\"@id\":\"https:\/\/hoyre.no\/sondre-nordstrand\/vare-folk\/\",\"url\":\"https:\/\/hoyre.no\/sondre-nordstrand\/vare-folk\/\",\"name\":\"V\u00e5re folk - S\u00f8ndre Nordstrand H\u00f8yre\",\"isPartOf\":{\"@id\":\"https:\/\/hoyre.no\/sondre-nordstrand\/#website\"},\"datePublished\":\"2022-09-15T13:59:32+00:00\",\"dateModified\":\"2022-10-09T13:37:12+00:00\",\"breadcrumb\":{\"@id\":\"https:\/\/hoyre.no\/sondre-nordstrand\/vare-folk\/#breadcrumb\"},\"inLanguage\":\"nb-NO\",\"potentialAction\":[{\"@type\":\"ReadAction\",\"target\":[\"https:\/\/hoyre.no\/sondre-nordstrand\/vare-folk\/\"]}]},{\"@type\":\"BreadcrumbList\",\"@id\":\"https:\/\/hoyre.no\/sondre-nordstrand\/vare-folk\/#breadcrumb\",\"itemListElement\":[{\"@type\":\"ListItem\",\"position\":1,\"name\":\"Til hoyre.no\",\"item\":\"https:\/\/hoyre.no\"},{\"@type\":\"ListItem\",\"position\":2,\"name\":\"Hjem\",\"item\":\"https:\/\/hoyre.no\/sondre-nordstrand\/\"},{\"@type\":\"ListItem\",\"position\":3,\"name\":\"V\u00e5re folk\"}]},{\"@type\":\"WebSite\",\"@id\":\"https:\/\/hoyre.no\/sondre-nordstrand\/#website\",\"url\":\"https:\/\/hoyre.no\/sondre-nordstrand\/\",\"name\":\"S\u00f8ndre Nordstrand H\u00f8yre\",\"description\":\"Bare enda et H\u00f8yres nettsteder-nettsted\",\"inLanguage\":\"nb-NO\"}]}<\/script>\n<!-- \/ Yoast SEO plugin. -->","yoast_head_json":{"title":"V\u00e5re folk - S\u00f8ndre Nordstrand H\u00f8yre","robots":{"index":"index","follow":"follow","max-snippet":"max-snippet:-1","max-image-preview":"max-image-preview:large","max-video-preview":"max-video-preview:-1"},"canonical":"https:\/\/hoyre.no\/sondre-nordstrand\/vare-folk\/","og_locale":"nb_NO","og_type":"article","og_title":"V\u00e5re folk - S\u00f8ndre Nordstrand H\u00f8yre","og_url":"https:\/\/hoyre.no\/sondre-nordstrand\/vare-folk\/","og_site_name":"S\u00f8ndre Nordstrand H\u00f8yre","article_modified_time":"2022-10-09T13:37:12+00:00","og_image":[{"width":1000,"height":1000,"url":"https:\/\/hoyre.no\/content\/uploads\/sites\/424\/2022\/11\/Hoyres-logo.png","type":"image\/png"}],"twitter_card":"summary_large_image","twitter_misc":{"Ansl. lesetid":"1 minutt"},"schema":{"@context":"https:\/\/schema.org","@graph":[{"@type":"WebPage","@id":"https:\/\/hoyre.no\/sondre-nordstrand\/vare-folk\/","url":"https:\/\/hoyre.no\/sondre-nordstrand\/vare-folk\/","name":"V\u00e5re folk - S\u00f8ndre Nordstrand H\u00f8yre","isPartOf":{"@id":"https:\/\/hoyre.no\/sondre-nordstrand\/#website"},"datePublished":"2022-09-15T13:59:32+00:00","dateModified":"2022-10-09T13:37:12+00:00","breadcrumb":{"@id":"https:\/\/hoyre.no\/sondre-nordstrand\/vare-folk\/#breadcrumb"},"inLanguage":"nb-NO","potentialAction":[{"@type":"ReadAction","target":["https:\/\/hoyre.no\/sondre-nordstrand\/vare-folk\/"]}]},{"@type":"BreadcrumbList","@id":"https:\/\/hoyre.no\/sondre-nordstrand\/vare-folk\/#breadcrumb","itemListElement":[{"@type":"ListItem","position":1,"name":"Til hoyre.no","item":"https:\/\/hoyre.no"},{"@type":"ListItem","position":2,"name":"Hjem","item":"https:\/\/hoyre.no\/sondre-nordstrand\/"},{"@type":"ListItem","position":3,"name":"V\u00e5re folk"}]},{"@type":"WebSite","@id":"https:\/\/hoyre.no\/sondre-nordstrand\/#website","url":"https:\/\/hoyre.no\/sondre-nordstrand\/","name":"S\u00f8ndre Nordstrand H\u00f8yre","description":"Bare enda et H\u00f8yres nettsteder-nettsted","inLanguage":"nb-NO"}]}},"distributor_meta":false,"distributor_terms":false,"distributor_media":false,"distributor_original_site_name":"S\u00f8ndre Nordstrand H\u00f8yre","distributor_original_site_url":"https:\/\/hoyre.no\/sondre-nordstrand","push-errors":false,"_links":{"self":[{"href":"https:\/\/hoyre.no\/sondre-nordstrand\/wp-json\/wp\/v2\/pages\/4","targetHints":{"allow":["GET"]}}],"collection":[{"href":"https:\/\/hoyre.no\/sondre-nordstrand\/wp-json\/wp\/v2\/pages"}],"about":[{"href":"https:\/\/hoyre.no\/sondre-nordstrand\/wp-json\/wp\/v2\/types\/page"}],"author":[{"embeddable":true,"href":"https:\/\/hoyre.no\/sondre-nordstrand\/wp-json\/wp\/v2\/users\/51320"}],"replies":[{"embeddable":true,"href":"https:\/\/hoyre.no\/sondre-nordstrand\/wp-json\/wp\/v2\/comments?post=4"}],"version-history":[{"count":1,"href":"https:\/\/hoyre.no\/sondre-nordstrand\/wp-json\/wp\/v2\/pages\/4\/revisions"}],"predecessor-version":[{"id":18,"href":"https:\/\/hoyre.no\/sondre-nordstrand\/wp-json\/wp\/v2\/pages\/4\/revisions\/18"}],"wp:attachment":[{"href":"https:\/\/hoyre.no\/sondre-nordstrand\/wp-json\/wp\/v2\/media?parent=4"}],"curies":[{"name":"wp","href":"https:\/\/api.w.org\/{rel}","templated":true}]}}