{"id":37,"date":"2024-02-16T12:42:47","date_gmt":"2024-02-16T11:42:47","guid":{"rendered":"https:\/\/hoyre.no\/sor-varanger\/?page_id=37"},"modified":"2025-01-02T14:30:50","modified_gmt":"2025-01-02T13:30:50","slug":"ordforer","status":"publish","type":"page","link":"https:\/\/hoyre.no\/sor-varanger\/ordforer\/","title":{"rendered":"Ordf\u00f8rer"},"content":{"rendered":"\n<div class=\"wp-block-hoyre-hero with-image-gradient text-color-light  has-media alignfull has-background\"><div class=\"hoyre-hero has-image\"><h1 class=\"title\">Magnus M\u00e6land <br>Ordf\u00f8rer<\/h1><p class=\"preamble\">Muligheter for alle!<\/p>\t\t\t<div class=\"post-meta wp-block teft-byline-wrapper\">\n\t\t\t\t<div class=\"top\">\n\t\t\t\t\t<div class=\"signature\">\n\t\t\t\t\t\t<div class=\"teft-byline\">\n\t\t\t\t\t\t\t\t\t\t\t\t\t\t<div>\n\t\t\t\t\t\t\t\t<h3>H\u00f8yres redaksjon<\/h3>\t\t\t\t\t\t\t\t\n\t\t\t\t\t\t\t\t\t\t\t\t\t\t\t\t\t<span class=\"date\">Sist oppdatert: 2. januar 2025<\/span>\n\t\t\t\t\t\t\t\t\t\t\t\t\t\t\t\t\t\t\t\t\t\t\t\t\t<span class=\"reading-time\" itemprop=\"timeRequired\" content=\"PT2M\"><em>Ca. 2 minutter lesetid<\/em><\/span>\n\t\t\t\t\t\t\t\t\t\t\t\t\t\t\t<\/div>\n\t\t\t\t\t\t<\/div>\n\t\t\t\t\t<\/div>\n\t\t\t\t\t\t<div class=\"sharing\">\n\t\t<a class=\"share-button share-link copy-link\" data-copy=\"https:\/\/hoyre.no\/sor-varanger\/ordforer\/\" target=\"_blank\"><span class=\"screen-reader-text\">Del link<\/span><\/a>\n\t\t<a class=\"share-button share-twitter\" href=\"http:\/\/twitter.com\/share?text=Ordf\u00f8rer&#038;url=https:\/\/hoyre.no\/sor-varanger\/ordforer\/&#038;hashtags=Hoyre\" target=\"_blank\"><span class=\"screen-reader-text\">Del p\u00e5 twitter<\/span><\/a>\n\t\t<a class=\"share-button share-facebook\" href=\"https:\/\/www.facebook.com\/sharer\/sharer.php?u=https:\/\/hoyre.no\/sor-varanger\/ordforer\/\" target=\"_blank\"><span class=\"screen-reader-text\">Del p\u00e5 facebook<\/span><\/a>\n\t<\/div>\n\t\t\t\t\t<\/div>\n\t\t\t<\/div>\n\n\t\t\t<figure class=\"hoyre-image-wrapper\"><div class=\"hoyre-image\"><img loading=\"lazy\" decoding=\"async\" width=\"1042\" height=\"1175\" src=\"https:\/\/hoyre.no\/content\/uploads\/sites\/232\/2024\/02\/Screenshot_20231223_095105_Chrome.jpg\" class=\"attachment-scaled size-scaled\" alt=\"\" style=\"object-position: 54% 30%\" srcset=\"https:\/\/hoyre.no\/content\/uploads\/sites\/232\/2024\/02\/Screenshot_20231223_095105_Chrome.jpg 1042w, https:\/\/hoyre.no\/content\/uploads\/sites\/232\/2024\/02\/Screenshot_20231223_095105_Chrome-266x300.jpg 266w, https:\/\/hoyre.no\/content\/uploads\/sites\/232\/2024\/02\/Screenshot_20231223_095105_Chrome-908x1024.jpg 908w, https:\/\/hoyre.no\/content\/uploads\/sites\/232\/2024\/02\/Screenshot_20231223_095105_Chrome-768x866.jpg 768w\" sizes=\"auto, (max-width: 1042px) 100vw, 1042px\" \/><\/div><\/figure><\/div><\/div>\n\n\n\n\n<div class=\"wp-block-buttons is-content-justification-center is-layout-flex wp-container-core-buttons-is-layout-16018d1d wp-block-buttons-is-layout-flex\">\n<div class=\"wp-block-button\"><a class=\"wp-block-button__link wp-element-button\" href=\"https:\/\/hoyre.no\/nyhetsbrev\/\">abonner p\u00e5 h\u00f8yres nyhetsbrev<\/a><\/div>\n\n\n\n<div class=\"wp-block-button\"><a class=\"wp-block-button__link wp-element-button\" href=\"mailto:mmae@svk.no\">kom i kontakt med Magnus<\/a><\/div>\n\n\n\n<div class=\"wp-block-button\"><a class=\"wp-block-button__link wp-element-button\" href=\"https:\/\/www.facebook.com\/sorvarangerhoyre\">f\u00f8lg S\u00f8r-Varanger h\u00f8yre p\u00e5 facebook<\/a><\/div>\n<\/div>\n\n\n\n<h2 class=\"wp-block-heading has-text-align-center\" id=\"h-bli-bedre-kjent-med-navn\">Bli bedre kjent med Magnus!<\/h2>\n\n\n\n<div class=\"wp-block-hoyre-banner undefined has-icon-title icon-heart is-style-blue\"><div class=\"banner-inner\"><figure class=\"hoyre-image-wrapper\"><div class=\"hoyre-image\"><img loading=\"lazy\" decoding=\"async\" width=\"2500\" height=\"1126\" src=\"https:\/\/hoyre.no\/content\/uploads\/sites\/232\/2024\/02\/20231230_214857-scaled.jpg\" class=\"attachment-scaled size-scaled\" alt=\"\" style=\"object-position: 65% 39%\" srcset=\"https:\/\/hoyre.no\/content\/uploads\/sites\/232\/2024\/02\/20231230_214857-scaled.jpg 2500w, https:\/\/hoyre.no\/content\/uploads\/sites\/232\/2024\/02\/20231230_214857-300x135.jpg 300w, https:\/\/hoyre.no\/content\/uploads\/sites\/232\/2024\/02\/20231230_214857-1024x461.jpg 1024w, https:\/\/hoyre.no\/content\/uploads\/sites\/232\/2024\/02\/20231230_214857-768x346.jpg 768w, https:\/\/hoyre.no\/content\/uploads\/sites\/232\/2024\/02\/20231230_214857-1536x692.jpg 1536w, https:\/\/hoyre.no\/content\/uploads\/sites\/232\/2024\/02\/20231230_214857-2048x922.jpg 2048w\" sizes=\"auto, (max-width: 2500px) 100vw, 2500px\" \/><\/div><\/figure><div class=\"banner-content\"><div class=\"entry-content\">\n<p class=\"has-text-align-left\"><strong>Alder:<\/strong> F\u00f8dt 11. mars 1984.<\/p>\n\n\n\n<p class=\"has-text-align-left\"><strong>Bosted:<\/strong> Bj\u00f8rnevatn.<\/p>\n\n\n\n<p class=\"has-text-align-left\"><strong>Sivilstatus:<\/strong> Samboer og to barn.<\/p>\n\n\n\n<p class=\"has-text-align-left\"><strong>Jobb:<\/strong> Ordf\u00f8rer, men egentlig l\u00e6rer, konsulent og mye mer.<\/p>\n\n\n\n<p class=\"has-text-align-left\"><strong>Bakgrunn:<\/strong> Kontorsjef, n\u00e6ringssjef, leder av Kirkenes N\u00e6ringsforening, l\u00e6rer, daglig leder for H\u00f8yres Nord-Norgekontor.<\/p>\n\n\n\n<p class=\"has-text-align-left\"><strong>Politisk erfaring:<\/strong> \u00c5tte \u00e5r i kommunestyret i Troms\u00f8, fylkesr\u00e5d, Europeisk Ungdom og Unge H\u00f8yre.<\/p>\n\n\n\n<p class=\"has-text-align-left\"><strong>Hvorfor er H\u00f8yre rett parti for deg?<\/strong> H\u00f8yre er partiet som ser b\u00e5de markedet, det sivile samfunnet og offentlig sektor.<\/p>\n\n\n\n<p class=\"has-text-align-left\"><strong>Det er l\u00f8rdag, klokka n\u00e6rmer seg 19.00. Hva spiser du helst til middag?<\/strong> Biff, pizza eller sushi. Taco er p\u00e5 fredager.<\/p>\n\n\n\n<p class=\"has-text-align-left\"><strong>Konsert eller idrettsarrangement?<\/strong> Begge deler!<\/p>\n\n\n\n<p class=\"has-text-align-left\"><strong>Hvis du skulle valgt \u00e9n, hvem er din favorittartist?<\/strong> Muse. De vil jeg se live en gang.<\/p>\n\n\n\n<p class=\"has-text-align-left\"><strong>Funfact?<\/strong> Er egentlig en kunstersjel. <\/p>\n\n\n\n<p class=\"has-text-align-left\"><strong>Hva er din favorittplass i kommunen og utenfor kommunen?<\/strong>\u00a0Min favorittplass er hjemme i Bj\u00f8rnevatn, utenfor er det Skjerv\u00f8y hvor jeg er f\u00f8dt og oppvokst.<\/p>\n\n\n\n<div class=\"wp-block-buttons is-layout-flex wp-block-buttons-is-layout-flex\"><\/div>\n<\/div><\/div><\/div><\/div>\n\n\n\n<figure class=\"wp-block-teft-gallery columns-3 count-3 rows-2 is-cropped\"><ul class=\"teft-gallery-grid\"><li class=\"teft-gallery-item \"><figure><a href=\"https:\/\/hoyre.no\/content\/uploads\/sites\/232\/2024\/02\/Screenshot_20231223_095105_Chrome.jpg\" data-size=\"1042x1175\"><img loading=\"lazy\" decoding=\"async\" width=\"908\" height=\"1024\" src=\"https:\/\/hoyre.no\/content\/uploads\/sites\/232\/2024\/02\/Screenshot_20231223_095105_Chrome-908x1024.jpg\" class=\"attachment-large size-large\" alt=\"\" srcset=\"https:\/\/hoyre.no\/content\/uploads\/sites\/232\/2024\/02\/Screenshot_20231223_095105_Chrome-908x1024.jpg 908w, https:\/\/hoyre.no\/content\/uploads\/sites\/232\/2024\/02\/Screenshot_20231223_095105_Chrome-266x300.jpg 266w, https:\/\/hoyre.no\/content\/uploads\/sites\/232\/2024\/02\/Screenshot_20231223_095105_Chrome-768x866.jpg 768w, https:\/\/hoyre.no\/content\/uploads\/sites\/232\/2024\/02\/Screenshot_20231223_095105_Chrome.jpg 1042w\" sizes=\"auto, (max-width: 908px) 100vw, 908px\" \/ data-full-url=\"https:\/\/hoyre.no\/content\/uploads\/sites\/232\/2024\/02\/Screenshot_20231223_095105_Chrome.jpg\" data-id=\"64\" data-caption=\"64\"\/><\/a><\/figure><\/li><li class=\"teft-gallery-item \"><figure><a href=\"https:\/\/hoyre.no\/content\/uploads\/sites\/232\/2024\/02\/received_1695308694302671.jpeg\" data-size=\"1179x884\"><img loading=\"lazy\" decoding=\"async\" width=\"1024\" height=\"768\" src=\"https:\/\/hoyre.no\/content\/uploads\/sites\/232\/2024\/02\/received_1695308694302671-1024x768.jpeg\" class=\"attachment-large size-large\" alt=\"\" srcset=\"https:\/\/hoyre.no\/content\/uploads\/sites\/232\/2024\/02\/received_1695308694302671-1024x768.jpeg 1024w, https:\/\/hoyre.no\/content\/uploads\/sites\/232\/2024\/02\/received_1695308694302671-300x225.jpeg 300w, https:\/\/hoyre.no\/content\/uploads\/sites\/232\/2024\/02\/received_1695308694302671-768x576.jpeg 768w, https:\/\/hoyre.no\/content\/uploads\/sites\/232\/2024\/02\/received_1695308694302671.jpeg 1179w\" sizes=\"auto, (max-width: 1024px) 100vw, 1024px\" \/ data-full-url=\"https:\/\/hoyre.no\/content\/uploads\/sites\/232\/2024\/02\/received_1695308694302671.jpeg\" data-id=\"63\" data-caption=\"63\"\/><\/a><\/figure><\/li><li class=\"teft-gallery-item \"><figure><a href=\"https:\/\/hoyre.no\/content\/uploads\/sites\/232\/2024\/02\/20231230_214857-scaled.jpg\" data-size=\"2500x1126\"><img loading=\"lazy\" decoding=\"async\" width=\"1024\" height=\"461\" src=\"https:\/\/hoyre.no\/content\/uploads\/sites\/232\/2024\/02\/20231230_214857-1024x461.jpg\" class=\"attachment-large size-large\" alt=\"\" srcset=\"https:\/\/hoyre.no\/content\/uploads\/sites\/232\/2024\/02\/20231230_214857-1024x461.jpg 1024w, https:\/\/hoyre.no\/content\/uploads\/sites\/232\/2024\/02\/20231230_214857-300x135.jpg 300w, https:\/\/hoyre.no\/content\/uploads\/sites\/232\/2024\/02\/20231230_214857-768x346.jpg 768w, https:\/\/hoyre.no\/content\/uploads\/sites\/232\/2024\/02\/20231230_214857-1536x692.jpg 1536w, https:\/\/hoyre.no\/content\/uploads\/sites\/232\/2024\/02\/20231230_214857-2048x922.jpg 2048w\" sizes=\"auto, (max-width: 1024px) 100vw, 1024px\" \/ data-full-url=\"https:\/\/hoyre.no\/content\/uploads\/sites\/232\/2024\/02\/20231230_214857-scaled.jpg\" data-id=\"62\" data-caption=\"62\"\/><\/a><\/figure><\/li><\/ul><\/figure>\n\n\n\n<h2 class=\"wp-block-heading has-text-align-center\">Magnus sin hjertesak<\/h2>\n\n\n\n<h3 class=\"wp-block-heading\"> Skape flere muligheter<\/h3>\n\n\n\n<p>\ud83d\udc99 Hva er det gode livet? Det er opp til hver enkelt \u00e5 velge selv. V\u00e5r jobb i lokalpolitikken er \u00e5 si ja til de mulighetene enkeltmennesker \u00f8nsker \u00e5 ta.<\/p>\n\n\n\n<p>\ud83d\udc99 Det er gjennom n\u00e6ringspolitikken vi skaper flere muligheter. I arealplaner, reguleringsplaner, i prosjekter sammen med n\u00e6ringslivet. Og viktigst av alt m\u00e5 kommunen v\u00e6re attraktiv for oss som bor her, og attraktiv for alle som \u00f8nsker \u00e5 komme hit.<\/p>\n\n\n\n<p>\ud83d\udc99 Full barnehagedekning og trygghet rundt de kommunale tjenestene er kanskje det viktigste vi kan s\u00f8rge for. Har folk trygghet s\u00e5 vil de investere.<\/p>\n\n","protected":false},"excerpt":{"rendered":"","protected":false},"author":14011,"featured_media":0,"parent":0,"menu_order":0,"comment_status":"closed","ping_status":"closed","template":"","meta":{"teft_cards_image_url":"","teft_cards_custom_pretitle":"","teft_cards_image_id":0,"teft_cards_image_focal_point_x":0,"teft_cards_image_focal_point_y":0,"teft_cards_title":"","teft_cards_excerpt":"","teft_show_chapters":false,"footnotes":""},"class_list":["post-37","page","type-page","status-publish","hentry"],"yoast_head":"<!-- This site is optimized with the Yoast SEO plugin v26.6 - https:\/\/yoast.com\/wordpress\/plugins\/seo\/ -->\n<title>Ordf\u00f8rer - S\u00f8r-Varanger H\u00f8yre<\/title>\n<meta name=\"description\" content=\"Magnus M\u00e6land er ordf\u00f8rer i S\u00f8r-Varanger kommune\" \/>\n<meta name=\"robots\" content=\"index, follow, max-snippet:-1, max-image-preview:large, max-video-preview:-1\" \/>\n<link rel=\"canonical\" href=\"https:\/\/hoyre.no\/sor-varanger\/ordforer\/\" \/>\n<meta property=\"og:locale\" content=\"nb_NO\" \/>\n<meta property=\"og:type\" content=\"article\" \/>\n<meta property=\"og:title\" content=\"Ordf\u00f8rer - S\u00f8r-Varanger H\u00f8yre\" \/>\n<meta property=\"og:description\" content=\"Magnus M\u00e6land er ordf\u00f8rer i S\u00f8r-Varanger kommune\" \/>\n<meta property=\"og:url\" content=\"https:\/\/hoyre.no\/sor-varanger\/ordforer\/\" \/>\n<meta property=\"og:site_name\" content=\"S\u00f8r-Varanger H\u00f8yre\" \/>\n<meta property=\"article:modified_time\" content=\"2025-01-02T13:30:50+00:00\" \/>\n<meta property=\"og:image\" content=\"https:\/\/hoyre.no\/content\/uploads\/sites\/232\/2022\/11\/Hoyres-logo.png\" \/>\n\t<meta property=\"og:image:width\" content=\"1000\" \/>\n\t<meta property=\"og:image:height\" content=\"1000\" \/>\n\t<meta property=\"og:image:type\" content=\"image\/png\" \/>\n<meta name=\"twitter:card\" content=\"summary_large_image\" \/>\n<meta name=\"twitter:label1\" content=\"Ansl. lesetid\" \/>\n\t<meta name=\"twitter:data1\" content=\"2 minutter\" \/>\n<script type=\"application\/ld+json\" class=\"yoast-schema-graph\">{\"@context\":\"https:\/\/schema.org\",\"@graph\":[{\"@type\":\"WebPage\",\"@id\":\"https:\/\/hoyre.no\/sor-varanger\/ordforer\/\",\"url\":\"https:\/\/hoyre.no\/sor-varanger\/ordforer\/\",\"name\":\"Ordf\u00f8rer - S\u00f8r-Varanger H\u00f8yre\",\"isPartOf\":{\"@id\":\"https:\/\/hoyre.no\/sor-varanger\/#website\"},\"datePublished\":\"2024-02-16T11:42:47+00:00\",\"dateModified\":\"2025-01-02T13:30:50+00:00\",\"description\":\"Magnus M\u00e6land er ordf\u00f8rer i S\u00f8r-Varanger kommune\",\"breadcrumb\":{\"@id\":\"https:\/\/hoyre.no\/sor-varanger\/ordforer\/#breadcrumb\"},\"inLanguage\":\"nb-NO\",\"potentialAction\":[{\"@type\":\"ReadAction\",\"target\":[\"https:\/\/hoyre.no\/sor-varanger\/ordforer\/\"]}]},{\"@type\":\"BreadcrumbList\",\"@id\":\"https:\/\/hoyre.no\/sor-varanger\/ordforer\/#breadcrumb\",\"itemListElement\":[{\"@type\":\"ListItem\",\"position\":1,\"name\":\"Til hoyre.no\",\"item\":\"https:\/\/hoyre.no\"},{\"@type\":\"ListItem\",\"position\":2,\"name\":\"Hjem\",\"item\":\"https:\/\/hoyre.no\/sor-varanger\/\"},{\"@type\":\"ListItem\",\"position\":3,\"name\":\"Ordf\u00f8rer\"}]},{\"@type\":\"WebSite\",\"@id\":\"https:\/\/hoyre.no\/sor-varanger\/#website\",\"url\":\"https:\/\/hoyre.no\/sor-varanger\/\",\"name\":\"S\u00f8r-Varanger H\u00f8yre\",\"description\":\"Bare enda et H\u00f8yres nettsteder-nettsted\",\"inLanguage\":\"nb-NO\"}]}<\/script>\n<!-- \/ Yoast SEO plugin. -->","yoast_head_json":{"title":"Ordf\u00f8rer - S\u00f8r-Varanger H\u00f8yre","description":"Magnus M\u00e6land er ordf\u00f8rer i S\u00f8r-Varanger kommune","robots":{"index":"index","follow":"follow","max-snippet":"max-snippet:-1","max-image-preview":"max-image-preview:large","max-video-preview":"max-video-preview:-1"},"canonical":"https:\/\/hoyre.no\/sor-varanger\/ordforer\/","og_locale":"nb_NO","og_type":"article","og_title":"Ordf\u00f8rer - S\u00f8r-Varanger H\u00f8yre","og_description":"Magnus M\u00e6land er ordf\u00f8rer i S\u00f8r-Varanger kommune","og_url":"https:\/\/hoyre.no\/sor-varanger\/ordforer\/","og_site_name":"S\u00f8r-Varanger H\u00f8yre","article_modified_time":"2025-01-02T13:30:50+00:00","og_image":[{"width":1000,"height":1000,"url":"https:\/\/hoyre.no\/content\/uploads\/sites\/232\/2022\/11\/Hoyres-logo.png","type":"image\/png"}],"twitter_card":"summary_large_image","twitter_misc":{"Ansl. lesetid":"2 minutter"},"schema":{"@context":"https:\/\/schema.org","@graph":[{"@type":"WebPage","@id":"https:\/\/hoyre.no\/sor-varanger\/ordforer\/","url":"https:\/\/hoyre.no\/sor-varanger\/ordforer\/","name":"Ordf\u00f8rer - S\u00f8r-Varanger H\u00f8yre","isPartOf":{"@id":"https:\/\/hoyre.no\/sor-varanger\/#website"},"datePublished":"2024-02-16T11:42:47+00:00","dateModified":"2025-01-02T13:30:50+00:00","description":"Magnus M\u00e6land er ordf\u00f8rer i S\u00f8r-Varanger kommune","breadcrumb":{"@id":"https:\/\/hoyre.no\/sor-varanger\/ordforer\/#breadcrumb"},"inLanguage":"nb-NO","potentialAction":[{"@type":"ReadAction","target":["https:\/\/hoyre.no\/sor-varanger\/ordforer\/"]}]},{"@type":"BreadcrumbList","@id":"https:\/\/hoyre.no\/sor-varanger\/ordforer\/#breadcrumb","itemListElement":[{"@type":"ListItem","position":1,"name":"Til hoyre.no","item":"https:\/\/hoyre.no"},{"@type":"ListItem","position":2,"name":"Hjem","item":"https:\/\/hoyre.no\/sor-varanger\/"},{"@type":"ListItem","position":3,"name":"Ordf\u00f8rer"}]},{"@type":"WebSite","@id":"https:\/\/hoyre.no\/sor-varanger\/#website","url":"https:\/\/hoyre.no\/sor-varanger\/","name":"S\u00f8r-Varanger H\u00f8yre","description":"Bare enda et H\u00f8yres nettsteder-nettsted","inLanguage":"nb-NO"}]}},"distributor_meta":false,"distributor_terms":false,"distributor_media":false,"distributor_original_site_name":"S\u00f8r-Varanger H\u00f8yre","distributor_original_site_url":"https:\/\/hoyre.no\/sor-varanger","push-errors":false,"_links":{"self":[{"href":"https:\/\/hoyre.no\/sor-varanger\/wp-json\/wp\/v2\/pages\/37","targetHints":{"allow":["GET"]}}],"collection":[{"href":"https:\/\/hoyre.no\/sor-varanger\/wp-json\/wp\/v2\/pages"}],"about":[{"href":"https:\/\/hoyre.no\/sor-varanger\/wp-json\/wp\/v2\/types\/page"}],"author":[{"embeddable":true,"href":"https:\/\/hoyre.no\/sor-varanger\/wp-json\/wp\/v2\/users\/14011"}],"replies":[{"embeddable":true,"href":"https:\/\/hoyre.no\/sor-varanger\/wp-json\/wp\/v2\/comments?post=37"}],"version-history":[{"count":5,"href":"https:\/\/hoyre.no\/sor-varanger\/wp-json\/wp\/v2\/pages\/37\/revisions"}],"predecessor-version":[{"id":151,"href":"https:\/\/hoyre.no\/sor-varanger\/wp-json\/wp\/v2\/pages\/37\/revisions\/151"}],"wp:attachment":[{"href":"https:\/\/hoyre.no\/sor-varanger\/wp-json\/wp\/v2\/media?parent=37"}],"curies":[{"name":"wp","href":"https:\/\/api.w.org\/{rel}","templated":true}]}}