{"id":38,"date":"2023-05-02T12:47:51","date_gmt":"2023-05-02T10:47:51","guid":{"rendered":"https:\/\/hoyre.no\/sor-varanger\/?page_id=38"},"modified":"2025-01-02T14:42:47","modified_gmt":"2025-01-02T13:42:47","slug":"politikk","status":"publish","type":"page","link":"https:\/\/hoyre.no\/sor-varanger\/politikk\/","title":{"rendered":"Politikk"},"content":{"rendered":"\n<div class=\"wp-block-hoyre-hero with-image-gradient text-color-light  has-media alignfull has-background\"><div class=\"hoyre-hero has-image\"><h1 class=\"title\">Politikk<\/h1><p class=\"preamble\">Valgprogram 2023-2027<\/p>\t\t\t<div class=\"post-meta wp-block teft-byline-wrapper\">\n\t\t\t\t<div class=\"top\">\n\t\t\t\t\t<div class=\"signature\">\n\t\t\t\t\t\t<div class=\"teft-byline\">\n\t\t\t\t\t\t\t\t\t\t\t\t\t\t<div>\n\t\t\t\t\t\t\t\t<h3>H\u00f8yres redaksjon<\/h3>\t\t\t\t\t\t\t\t\n\t\t\t\t\t\t\t\t\t\t\t\t\t\t\t\t\t<span class=\"date\">Sist oppdatert: 2. januar 2025<\/span>\n\t\t\t\t\t\t\t\t\t\t\t\t\t\t\t\t\t\t\t\t\t\t\t\t\t<span class=\"reading-time\" itemprop=\"timeRequired\" content=\"PT2M\"><em>Ca. 2 minutter lesetid<\/em><\/span>\n\t\t\t\t\t\t\t\t\t\t\t\t\t\t\t<\/div>\n\t\t\t\t\t\t<\/div>\n\t\t\t\t\t<\/div>\n\t\t\t\t\t\t<div class=\"sharing\">\n\t\t<a class=\"share-button share-link copy-link\" data-copy=\"https:\/\/hoyre.no\/sor-varanger\/politikk\/\" target=\"_blank\"><span class=\"screen-reader-text\">Del link<\/span><\/a>\n\t\t<a class=\"share-button share-twitter\" href=\"http:\/\/twitter.com\/share?text=Politikk&#038;url=https:\/\/hoyre.no\/sor-varanger\/politikk\/&#038;hashtags=Hoyre\" target=\"_blank\"><span class=\"screen-reader-text\">Del p\u00e5 twitter<\/span><\/a>\n\t\t<a class=\"share-button share-facebook\" href=\"https:\/\/www.facebook.com\/sharer\/sharer.php?u=https:\/\/hoyre.no\/sor-varanger\/politikk\/\" target=\"_blank\"><span class=\"screen-reader-text\">Del p\u00e5 facebook<\/span><\/a>\n\t<\/div>\n\t\t\t\t\t<\/div>\n\t\t\t<\/div>\n\n\t\t\t<figure class=\"hoyre-image-wrapper\"><div class=\"hoyre-image\"><img loading=\"lazy\" decoding=\"async\" width=\"1875\" height=\"2500\" src=\"https:\/\/hoyre.no\/content\/uploads\/sites\/232\/2023\/06\/IMG-4123-scaled.jpg\" class=\"attachment-scaled size-scaled\" alt=\"\" style=\"object-position: 50% 50%\" srcset=\"https:\/\/hoyre.no\/content\/uploads\/sites\/232\/2023\/06\/IMG-4123-scaled.jpg 1875w, https:\/\/hoyre.no\/content\/uploads\/sites\/232\/2023\/06\/IMG-4123-225x300.jpg 225w, https:\/\/hoyre.no\/content\/uploads\/sites\/232\/2023\/06\/IMG-4123-768x1024.jpg 768w, https:\/\/hoyre.no\/content\/uploads\/sites\/232\/2023\/06\/IMG-4123-1152x1536.jpg 1152w, https:\/\/hoyre.no\/content\/uploads\/sites\/232\/2023\/06\/IMG-4123-1536x2048.jpg 1536w\" sizes=\"auto, (max-width: 1875px) 100vw, 1875px\" \/><\/div><\/figure><\/div><\/div>\n\n\n\n<p>\ud83d\udc99 Vi er overbevist om at vekst i n\u00e6ringslivet er n\u00f8kkelen til \u00e5 skape et attraktivt og kult samfunn. Vi har allerede en fantastisk infrastruktur, med sykehus, flyplass, politidistrikt, skoler, og mer. Vi trenger n\u00e5 \u00e5 legge til rette for at n\u00e6ringslivet kan blomstre og skape flere jobber, verdier og trygge velferdstjenester for oss alle. Vi m\u00e5 v\u00e6re attraktive for \u00e5 ta vare p\u00e5 kompetansen som allerede er i kommunen, og arbeide med \u00e5 rekruttere flere. Vi m\u00e5 bli flere folk i S\u00f8r-Varanger!<\/p>\n\n\n\n<p><br>\ud83d\udc99 Vi lever i en ny verden. Det er viktig \u00e5 skape muligheter og en sterk kommune i S\u00f8r-Varanger for \u00e5 styrke Norge. Som vertskommune for forsvaret, Kirkenes sykehus og politiets hovedsete i Finnmark skal vi l\u00f8fte sikkerhetspolitikken med m\u00e5l om \u00e5 v\u00e6re en sterkest mulig grensekommune med flest mulig mennesker.<br><br>\ud83d\udc99 Vi har behov for \u00e5 forbedre og effektivisere v\u00e5re kommunale tjenester for \u00e5 tilpasse oss framtiden. Framtidens tjenestebehov er stadig i endring, og da m\u00e5 vi tenke nytt for \u00e5 kunne levere best mulig tjenester innenfor den tilgjengelige \u00f8konomiske rammen.<\/p>\n\n\n\n<p><br>\ud83d\udc99 Vi lever lengre og bedre liv. H\u00f8yre \u00f8nsker at pensjonister og eldre skal f\u00e5 bidra enda mer i lokalsamfunnet. Vi er avhengig av alle gode krefter for \u00e5 kunne skape en ny og fremtidsrettet kommune. De som trenger det, skal f\u00e5 god og riktig hjelp n\u00e5r det beh\u00f8ves.<br><\/p>\n\n\n\n<p>\ud83d\udc99 Fremtiden v\u00e5r er v\u00e5re barn og ungdom. Kunnskap og kompetanse i skolen, og lek og l\u00e6ring i barnehagen er b\u00e6rebjelken. Sm\u00e5barnsforeldre skal oppleve trygghet og forutsigbarhet i hverdagen, vi skal ikke ha stengte barnehager.<br><br>\ud83d\udc99 Norge og S\u00f8r-Varanger st\u00e5r foran et stort skifte. Med mindre oljeinntekter og en gr\u00f8nnere \u00f8konomi vil det kreve ny og mer kunnskap i alle aldersgrupper. Beslutningene vi tar i dag vil avgj\u00f8re om ungdommen \u00f8nsker \u00e5 bo i v\u00e5r kommune i fremtiden, og om innflyttere vil se mulighetene for et bedre liv i S\u00f8r-Varanger.  Frivilligheten st\u00e5r sterkt i S\u00f8r-Varanger, og skal bli enda sterkere. En moderne og fremtidsrettet kommune gir frivilligheten flere muligheter til \u00e5 gj\u00f8re en positiv forskjell i livene til folk. Det er et m\u00e5l \u00e5 samarbeide tettere med blant andre interesseforeninger, velforening, idretts- og kulturforening for \u00e5 utvikle politikk og skape en ny kommune.<br><br>N\u00e5r vi skaper muligheter for alle s\u00e5 skaper vi en attraktiv kommune.<\/p>\n\n\n\n\n<div class=\"wp-block-teft-file icon-link-block\"><a href=\"https:\/\/hoyre.no\/content\/uploads\/sites\/232\/2023\/06\/ProgramSVHoyre2023.pdf\" download><span class=\"file-title\">Her kan du lese valgprogrammet v\u00e5rt for 2023-2027<\/span><span class=\"file-name\"><\/span><\/a><\/div>\n\n","protected":false},"excerpt":{"rendered":"<p>\ud83d\udc99 Vi er overbevist om at vekst i n\u00e6ringslivet er n\u00f8kkelen til \u00e5 skape et attraktivt og kult samfunn. Vi har allerede en fantastisk infrastruktur, med sykehus, flyplass, politidistrikt, skoler, og mer. Vi trenger n\u00e5 \u00e5 legge til rette for at n\u00e6ringslivet kan blomstre og skape flere jobber, verdier og trygge velferdstjenester for oss alle. [&hellip;]<\/p>\n","protected":false},"author":453,"featured_media":0,"parent":0,"menu_order":0,"comment_status":"closed","ping_status":"closed","template":"","meta":{"teft_cards_image_url":"","teft_cards_custom_pretitle":"","teft_cards_image_id":0,"teft_cards_image_focal_point_x":0,"teft_cards_image_focal_point_y":0,"teft_cards_title":"","teft_cards_excerpt":"","teft_show_chapters":false,"footnotes":""},"class_list":["post-38","page","type-page","status-publish","hentry"],"yoast_head":"<!-- This site is optimized with the Yoast SEO plugin v26.6 - https:\/\/yoast.com\/wordpress\/plugins\/seo\/ -->\n<title>Politikk - S\u00f8r-Varanger H\u00f8yre<\/title>\n<meta name=\"robots\" content=\"index, follow, max-snippet:-1, max-image-preview:large, max-video-preview:-1\" \/>\n<link rel=\"canonical\" href=\"https:\/\/hoyre.no\/sor-varanger\/politikk\/\" \/>\n<meta property=\"og:locale\" content=\"nb_NO\" \/>\n<meta property=\"og:type\" content=\"article\" \/>\n<meta property=\"og:title\" content=\"Politikk - S\u00f8r-Varanger H\u00f8yre\" \/>\n<meta property=\"og:description\" content=\"\ud83d\udc99 Vi er overbevist om at vekst i n\u00e6ringslivet er n\u00f8kkelen til \u00e5 skape et attraktivt og kult samfunn. Vi har allerede en fantastisk infrastruktur, med sykehus, flyplass, politidistrikt, skoler, og mer. Vi trenger n\u00e5 \u00e5 legge til rette for at n\u00e6ringslivet kan blomstre og skape flere jobber, verdier og trygge velferdstjenester for oss alle. [&hellip;]\" \/>\n<meta property=\"og:url\" content=\"https:\/\/hoyre.no\/sor-varanger\/politikk\/\" \/>\n<meta property=\"og:site_name\" content=\"S\u00f8r-Varanger H\u00f8yre\" \/>\n<meta property=\"article:modified_time\" content=\"2025-01-02T13:42:47+00:00\" \/>\n<meta property=\"og:image\" content=\"https:\/\/hoyre.no\/content\/uploads\/sites\/232\/2022\/11\/Hoyres-logo.png\" \/>\n\t<meta property=\"og:image:width\" content=\"1000\" \/>\n\t<meta property=\"og:image:height\" content=\"1000\" \/>\n\t<meta property=\"og:image:type\" content=\"image\/png\" \/>\n<meta name=\"twitter:card\" content=\"summary_large_image\" \/>\n<meta name=\"twitter:label1\" content=\"Ansl. lesetid\" \/>\n\t<meta name=\"twitter:data1\" content=\"3 minutter\" \/>\n<script type=\"application\/ld+json\" class=\"yoast-schema-graph\">{\"@context\":\"https:\/\/schema.org\",\"@graph\":[{\"@type\":\"WebPage\",\"@id\":\"https:\/\/hoyre.no\/sor-varanger\/politikk\/\",\"url\":\"https:\/\/hoyre.no\/sor-varanger\/politikk\/\",\"name\":\"Politikk - S\u00f8r-Varanger H\u00f8yre\",\"isPartOf\":{\"@id\":\"https:\/\/hoyre.no\/sor-varanger\/#website\"},\"datePublished\":\"2023-05-02T10:47:51+00:00\",\"dateModified\":\"2025-01-02T13:42:47+00:00\",\"breadcrumb\":{\"@id\":\"https:\/\/hoyre.no\/sor-varanger\/politikk\/#breadcrumb\"},\"inLanguage\":\"nb-NO\",\"potentialAction\":[{\"@type\":\"ReadAction\",\"target\":[\"https:\/\/hoyre.no\/sor-varanger\/politikk\/\"]}]},{\"@type\":\"BreadcrumbList\",\"@id\":\"https:\/\/hoyre.no\/sor-varanger\/politikk\/#breadcrumb\",\"itemListElement\":[{\"@type\":\"ListItem\",\"position\":1,\"name\":\"Til hoyre.no\",\"item\":\"https:\/\/hoyre.no\"},{\"@type\":\"ListItem\",\"position\":2,\"name\":\"Hjem\",\"item\":\"https:\/\/hoyre.no\/sor-varanger\/\"},{\"@type\":\"ListItem\",\"position\":3,\"name\":\"Politikk\"}]},{\"@type\":\"WebSite\",\"@id\":\"https:\/\/hoyre.no\/sor-varanger\/#website\",\"url\":\"https:\/\/hoyre.no\/sor-varanger\/\",\"name\":\"S\u00f8r-Varanger H\u00f8yre\",\"description\":\"Bare enda et H\u00f8yres nettsteder-nettsted\",\"inLanguage\":\"nb-NO\"}]}<\/script>\n<!-- \/ Yoast SEO plugin. -->","yoast_head_json":{"title":"Politikk - S\u00f8r-Varanger H\u00f8yre","robots":{"index":"index","follow":"follow","max-snippet":"max-snippet:-1","max-image-preview":"max-image-preview:large","max-video-preview":"max-video-preview:-1"},"canonical":"https:\/\/hoyre.no\/sor-varanger\/politikk\/","og_locale":"nb_NO","og_type":"article","og_title":"Politikk - S\u00f8r-Varanger H\u00f8yre","og_description":"\ud83d\udc99 Vi er overbevist om at vekst i n\u00e6ringslivet er n\u00f8kkelen til \u00e5 skape et attraktivt og kult samfunn. Vi har allerede en fantastisk infrastruktur, med sykehus, flyplass, politidistrikt, skoler, og mer. Vi trenger n\u00e5 \u00e5 legge til rette for at n\u00e6ringslivet kan blomstre og skape flere jobber, verdier og trygge velferdstjenester for oss alle. [&hellip;]","og_url":"https:\/\/hoyre.no\/sor-varanger\/politikk\/","og_site_name":"S\u00f8r-Varanger H\u00f8yre","article_modified_time":"2025-01-02T13:42:47+00:00","og_image":[{"width":1000,"height":1000,"url":"https:\/\/hoyre.no\/content\/uploads\/sites\/232\/2022\/11\/Hoyres-logo.png","type":"image\/png"}],"twitter_card":"summary_large_image","twitter_misc":{"Ansl. lesetid":"3 minutter"},"schema":{"@context":"https:\/\/schema.org","@graph":[{"@type":"WebPage","@id":"https:\/\/hoyre.no\/sor-varanger\/politikk\/","url":"https:\/\/hoyre.no\/sor-varanger\/politikk\/","name":"Politikk - S\u00f8r-Varanger H\u00f8yre","isPartOf":{"@id":"https:\/\/hoyre.no\/sor-varanger\/#website"},"datePublished":"2023-05-02T10:47:51+00:00","dateModified":"2025-01-02T13:42:47+00:00","breadcrumb":{"@id":"https:\/\/hoyre.no\/sor-varanger\/politikk\/#breadcrumb"},"inLanguage":"nb-NO","potentialAction":[{"@type":"ReadAction","target":["https:\/\/hoyre.no\/sor-varanger\/politikk\/"]}]},{"@type":"BreadcrumbList","@id":"https:\/\/hoyre.no\/sor-varanger\/politikk\/#breadcrumb","itemListElement":[{"@type":"ListItem","position":1,"name":"Til hoyre.no","item":"https:\/\/hoyre.no"},{"@type":"ListItem","position":2,"name":"Hjem","item":"https:\/\/hoyre.no\/sor-varanger\/"},{"@type":"ListItem","position":3,"name":"Politikk"}]},{"@type":"WebSite","@id":"https:\/\/hoyre.no\/sor-varanger\/#website","url":"https:\/\/hoyre.no\/sor-varanger\/","name":"S\u00f8r-Varanger H\u00f8yre","description":"Bare enda et H\u00f8yres nettsteder-nettsted","inLanguage":"nb-NO"}]}},"distributor_meta":false,"distributor_terms":false,"distributor_media":false,"distributor_original_site_name":"S\u00f8r-Varanger H\u00f8yre","distributor_original_site_url":"https:\/\/hoyre.no\/sor-varanger","push-errors":false,"_links":{"self":[{"href":"https:\/\/hoyre.no\/sor-varanger\/wp-json\/wp\/v2\/pages\/38","targetHints":{"allow":["GET"]}}],"collection":[{"href":"https:\/\/hoyre.no\/sor-varanger\/wp-json\/wp\/v2\/pages"}],"about":[{"href":"https:\/\/hoyre.no\/sor-varanger\/wp-json\/wp\/v2\/types\/page"}],"author":[{"embeddable":true,"href":"https:\/\/hoyre.no\/sor-varanger\/wp-json\/wp\/v2\/users\/453"}],"replies":[{"embeddable":true,"href":"https:\/\/hoyre.no\/sor-varanger\/wp-json\/wp\/v2\/comments?post=38"}],"version-history":[{"count":4,"href":"https:\/\/hoyre.no\/sor-varanger\/wp-json\/wp\/v2\/pages\/38\/revisions"}],"predecessor-version":[{"id":154,"href":"https:\/\/hoyre.no\/sor-varanger\/wp-json\/wp\/v2\/pages\/38\/revisions\/154"}],"wp:attachment":[{"href":"https:\/\/hoyre.no\/sor-varanger\/wp-json\/wp\/v2\/media?parent=38"}],"curies":[{"name":"wp","href":"https:\/\/api.w.org\/{rel}","templated":true}]}}