{"id":72,"date":"2023-08-15T20:43:37","date_gmt":"2023-08-15T18:43:37","guid":{"rendered":"https:\/\/hoyre.no\/stad\/?page_id=72"},"modified":"2025-02-18T16:19:52","modified_gmt":"2025-02-18T15:19:52","slug":"6-grunnar-til-a-royste-hogre-i-stad","status":"publish","type":"page","link":"https:\/\/hoyre.no\/stad\/6-grunnar-til-a-royste-hogre-i-stad\/","title":{"rendered":"6 grunnar til \u00e5 r\u00f8yste H\u00f8gre i Stad"},"content":{"rendered":"\n<div class=\"wp-block-hoyre-hero with-image-gradient text-color-light  has-media alignfull has-background\"><div class=\"hoyre-hero has-image\"><h1 class=\"title\">6 grunnar til \u00e5 r\u00f8yste H\u00f8gre i Stad<\/h1><figure class=\"hoyre-image-wrapper\"><div class=\"hoyre-image\"><img loading=\"lazy\" decoding=\"async\" width=\"2500\" height=\"1667\" src=\"https:\/\/hoyre.no\/content\/uploads\/sites\/321\/2023\/08\/GettyImages-638677204-scaled.jpg\" class=\"attachment-scaled size-scaled\" alt=\"\" style=\"object-position: 48% 30%\" srcset=\"https:\/\/hoyre.no\/content\/uploads\/sites\/321\/2023\/08\/GettyImages-638677204-scaled.jpg 2500w, https:\/\/hoyre.no\/content\/uploads\/sites\/321\/2023\/08\/GettyImages-638677204-300x200.jpg 300w, https:\/\/hoyre.no\/content\/uploads\/sites\/321\/2023\/08\/GettyImages-638677204-1024x683.jpg 1024w, https:\/\/hoyre.no\/content\/uploads\/sites\/321\/2023\/08\/GettyImages-638677204-768x512.jpg 768w, https:\/\/hoyre.no\/content\/uploads\/sites\/321\/2023\/08\/GettyImages-638677204-1536x1024.jpg 1536w, https:\/\/hoyre.no\/content\/uploads\/sites\/321\/2023\/08\/GettyImages-638677204-2048x1365.jpg 2048w\" sizes=\"auto, (max-width: 2500px) 100vw, 2500px\" \/><\/div><\/figure><\/div><\/div>\n\n\n\n\n\t\t<div class=\"has-lightest-blue-background-color is-layout-left alignwide alignwide wp-block-hoyre-media-text\">\n\t\t\t<div class=\"hoyre-media-text__media\">\n\t\t\t\t<img loading=\"lazy\" decoding=\"async\" width=\"1024\" height=\"683\" src=\"https:\/\/hoyre.no\/content\/uploads\/sites\/321\/2023\/08\/GettyImages-1251337507-1024x683.jpg\" class=\"hoyre-media-text__media-image\" alt=\"\" style=\"--focal: 50% 50%;\" srcset=\"https:\/\/hoyre.no\/content\/uploads\/sites\/321\/2023\/08\/GettyImages-1251337507-1024x683.jpg 1024w, https:\/\/hoyre.no\/content\/uploads\/sites\/321\/2023\/08\/GettyImages-1251337507-300x200.jpg 300w, https:\/\/hoyre.no\/content\/uploads\/sites\/321\/2023\/08\/GettyImages-1251337507-768x512.jpg 768w, https:\/\/hoyre.no\/content\/uploads\/sites\/321\/2023\/08\/GettyImages-1251337507-1536x1024.jpg 1536w, https:\/\/hoyre.no\/content\/uploads\/sites\/321\/2023\/08\/GettyImages-1251337507-2048x1365.jpg 2048w\" sizes=\"auto, (max-width: 1024px) 100vw, 1024px\" \/>\n\t\t\t<\/div>\n\t\t\t<div class=\"hoyre-media-text__content\">\n\t\t\t\t<div class=\"hoyre-media-text__content-inner\">\n\t\t\t\t\t\n\t\t\t<div class=\"hoyre-media-text__title-container\">\n\t\t\t\t\n\t\t\t\t<h2 class=\"hoyre-media-text__title\">1. Gode helsetilbod<\/h2>\n\t\t\t<\/div>\n\t\t\t\n\t\t\t\t\t<div class=\"hoyre-media-text__blocks\">\n<p>Vi er opptekne av at alle innbyggjarar i Stad skal f\u00e5 det prim\u00e6rhelsetilbodet dei treng, n\u00e5r dei treng det, der dei treng det. Vi vil styrke f\u00f8rstelinjetilbodet ut mot innbyggjarene, styrke heimesjukepleien, styrke sjukepleien p\u00e5 institusjonane, styrke kommunelegetenesten og styrke\u00a0vernepleien. Alle skal kjenne seg trygge p\u00e5 at dei f\u00e5r nok hjelp, og dei som gjer desse jobbane skal vite at vi set stor pris p\u00e5 innsatsen og vil auke ressursbruken.<\/p>\n<\/div>\n\t\t\t\t\t\n\t\t\t\t<\/div>\n\t\t\t<\/div>\n\t\t<\/div>\n\t\t\n\n\n\n\t\t<div class=\"has-pale-purple-background-color is-layout-right alignwide alignwide wp-block-hoyre-media-text\">\n\t\t\t<div class=\"hoyre-media-text__media\">\n\t\t\t\t<img loading=\"lazy\" decoding=\"async\" width=\"1024\" height=\"683\" src=\"https:\/\/hoyre.no\/content\/uploads\/sites\/321\/2023\/08\/GettyImages-475098388-1024x683.jpg\" class=\"hoyre-media-text__media-image\" alt=\"\" style=\"--focal: 45% 31%;\" srcset=\"https:\/\/hoyre.no\/content\/uploads\/sites\/321\/2023\/08\/GettyImages-475098388-1024x683.jpg 1024w, https:\/\/hoyre.no\/content\/uploads\/sites\/321\/2023\/08\/GettyImages-475098388-300x200.jpg 300w, https:\/\/hoyre.no\/content\/uploads\/sites\/321\/2023\/08\/GettyImages-475098388-768x512.jpg 768w, https:\/\/hoyre.no\/content\/uploads\/sites\/321\/2023\/08\/GettyImages-475098388-1536x1024.jpg 1536w, https:\/\/hoyre.no\/content\/uploads\/sites\/321\/2023\/08\/GettyImages-475098388-2048x1365.jpg 2048w\" sizes=\"auto, (max-width: 1024px) 100vw, 1024px\" \/>\n\t\t\t<\/div>\n\t\t\t<div class=\"hoyre-media-text__content\">\n\t\t\t\t<div class=\"hoyre-media-text__content-inner\">\n\t\t\t\t\t\n\t\t\t<div class=\"hoyre-media-text__title-container\">\n\t\t\t\t\n\t\t\t\t<h2 class=\"hoyre-media-text__title\">2. Lytte til ungdomen<\/h2>\n\t\t\t<\/div>\n\t\t\t\n\t\t\t\t\t<div class=\"hoyre-media-text__blocks\">\n<p>Vi vil leggje best mogleg til rette for at ungdomane i Stad kommune har eit variert tilbod som er tilpassa deira behov n\u00e5r det gjeld utdanning, yrke, fritid og familieliv. Difor vil vi gjennomf\u00f8re ei stor unders\u00f8kning for \u00e5 h\u00f8yre ungdomen og kva dei treng og n\u00e5r.<\/p>\n<\/div>\n\t\t\t\t\t\n\t\t\t\t<\/div>\n\t\t\t<\/div>\n\t\t<\/div>\n\t\t\n\n\n\t\t<div class=\"has-pale-blue-background-color is-layout-left alignwide alignwide wp-block-hoyre-media-text\">\n\t\t\t<div class=\"hoyre-media-text__media\">\n\t\t\t\t<img loading=\"lazy\" decoding=\"async\" width=\"1024\" height=\"683\" src=\"https:\/\/hoyre.no\/content\/uploads\/sites\/321\/2023\/08\/Brekke-i-Gulen-foto-Agathe-Steen-33-1024x683.jpg\" class=\"hoyre-media-text__media-image\" alt=\"\" style=\"--focal: 80% 26%;\" srcset=\"https:\/\/hoyre.no\/content\/uploads\/sites\/321\/2023\/08\/Brekke-i-Gulen-foto-Agathe-Steen-33-1024x683.jpg 1024w, https:\/\/hoyre.no\/content\/uploads\/sites\/321\/2023\/08\/Brekke-i-Gulen-foto-Agathe-Steen-33-300x200.jpg 300w, https:\/\/hoyre.no\/content\/uploads\/sites\/321\/2023\/08\/Brekke-i-Gulen-foto-Agathe-Steen-33-768x512.jpg 768w, https:\/\/hoyre.no\/content\/uploads\/sites\/321\/2023\/08\/Brekke-i-Gulen-foto-Agathe-Steen-33-1536x1024.jpg 1536w, https:\/\/hoyre.no\/content\/uploads\/sites\/321\/2023\/08\/Brekke-i-Gulen-foto-Agathe-Steen-33-2048x1365.jpg 2048w\" sizes=\"auto, (max-width: 1024px) 100vw, 1024px\" \/>\n\t\t\t<\/div>\n\t\t\t<div class=\"hoyre-media-text__content\">\n\t\t\t\t<div class=\"hoyre-media-text__content-inner\">\n\t\t\t\t\t\n\t\t\t<div class=\"hoyre-media-text__title-container\">\n\t\t\t\t\n\t\t\t\t<h2 class=\"hoyre-media-text__title\">3. Nei til eigedomskatt<\/h2>\n\t\t\t<\/div>\n\t\t\t\n\t\t\t\t\t<div class=\"hoyre-media-text__blocks\">\n<p>Vi vil fjerne eigedomskatt for private, og ikkje innf\u00f8re eigedomsskatt for n\u00e6ringslivet. Eigedomskatt er ikkje eit godt verkt\u00f8y for \u00e5 skape utjevning, men ei dobbeltbeskatning som rammar alle. Stad kommune m\u00e5 f\u00e5 ein sunn \u00f8konomi som ikkje er avhengig av kunstig pustehjelp som eigedomsbeskatning.<\/p>\n<\/div>\n\t\t\t\t\t\n\t\t\t\t<\/div>\n\t\t\t<\/div>\n\t\t<\/div>\n\t\t\n\n\n\t\t<div class=\"has-pale-green-background-color is-layout-right alignwide alignwide wp-block-hoyre-media-text\">\n\t\t\t<div class=\"hoyre-media-text__media\">\n\t\t\t\t<img loading=\"lazy\" decoding=\"async\" width=\"1024\" height=\"683\" src=\"https:\/\/hoyre.no\/content\/uploads\/sites\/321\/2023\/08\/GettyImages-166229590-1024x683.jpg\" class=\"hoyre-media-text__media-image\" alt=\"\" style=\"--focal: 50% 50%;\" srcset=\"https:\/\/hoyre.no\/content\/uploads\/sites\/321\/2023\/08\/GettyImages-166229590-1024x683.jpg 1024w, https:\/\/hoyre.no\/content\/uploads\/sites\/321\/2023\/08\/GettyImages-166229590-300x200.jpg 300w, https:\/\/hoyre.no\/content\/uploads\/sites\/321\/2023\/08\/GettyImages-166229590-768x512.jpg 768w, https:\/\/hoyre.no\/content\/uploads\/sites\/321\/2023\/08\/GettyImages-166229590-1536x1024.jpg 1536w, https:\/\/hoyre.no\/content\/uploads\/sites\/321\/2023\/08\/GettyImages-166229590-2048x1365.jpg 2048w\" sizes=\"auto, (max-width: 1024px) 100vw, 1024px\" \/>\n\t\t\t<\/div>\n\t\t\t<div class=\"hoyre-media-text__content\">\n\t\t\t\t<div class=\"hoyre-media-text__content-inner\">\n\t\t\t\t\t\n\t\t\t<div class=\"hoyre-media-text__title-container\">\n\t\t\t\t\n\t\t\t\t<h2 class=\"hoyre-media-text__title\">4. Eit sunt n\u00e6ringsliv<\/h2>\n\t\t\t<\/div>\n\t\t\t\n\t\t\t\t\t<div class=\"hoyre-media-text__blocks\">\n<p>Vi vil styrkje n\u00e6ringslivet gjennom \u00e5 skaffe mer n\u00e6ringsareal, inf\u00f8re insentivordningar for nyetablering og innovasjon samt sikre rask og forutseibar sakshandsaming av reguleringsplaner. Eit berekraftig og sunt n\u00e6ringsliv som skapar verdiar er den beste investeringane for \u00e5 sikre sunn kommune\u00f8konomi og sikre gode tilbod til innbyggjarane.<\/p>\n<\/div>\n\t\t\t\t\t\n\t\t\t\t<\/div>\n\t\t\t<\/div>\n\t\t<\/div>\n\t\t\n\n\n\t\t<div class=\"has-pink-background-color is-layout-left alignwide alignwide wp-block-hoyre-media-text\">\n\t\t\t<div class=\"hoyre-media-text__media\">\n\t\t\t\t<img loading=\"lazy\" decoding=\"async\" width=\"1024\" height=\"683\" src=\"https:\/\/hoyre.no\/content\/uploads\/sites\/321\/2023\/08\/GettyImages-1214950612-1024x683.jpg\" class=\"hoyre-media-text__media-image\" alt=\"\" style=\"--focal: 50% 50%;\" srcset=\"https:\/\/hoyre.no\/content\/uploads\/sites\/321\/2023\/08\/GettyImages-1214950612-1024x683.jpg 1024w, https:\/\/hoyre.no\/content\/uploads\/sites\/321\/2023\/08\/GettyImages-1214950612-300x200.jpg 300w, https:\/\/hoyre.no\/content\/uploads\/sites\/321\/2023\/08\/GettyImages-1214950612-768x512.jpg 768w, https:\/\/hoyre.no\/content\/uploads\/sites\/321\/2023\/08\/GettyImages-1214950612-1536x1024.jpg 1536w, https:\/\/hoyre.no\/content\/uploads\/sites\/321\/2023\/08\/GettyImages-1214950612-2048x1365.jpg 2048w\" sizes=\"auto, (max-width: 1024px) 100vw, 1024px\" \/>\n\t\t\t<\/div>\n\t\t\t<div class=\"hoyre-media-text__content\">\n\t\t\t\t<div class=\"hoyre-media-text__content-inner\">\n\t\t\t\t\t\n\t\t\t<div class=\"hoyre-media-text__title-container\">\n\t\t\t\t\n\t\t\t\t<h2 class=\"hoyre-media-text__title\">5. Forutseibar skulestruktur<\/h2>\n\t\t\t<\/div>\n\t\t\t\n\t\t\t\t\t<div class=\"hoyre-media-text__blocks\">\n<p>Vi vil ha ein foruseibar skulestruktur som balanserar eit sterkt l\u00e6ringsmilj\u00f8, n\u00e6rleik til skulen, ein skule som er eit nav i n\u00e6rmilj\u00f8et og sunn \u00f8konomisk drift. Vi treng nye skulebygg og\/eller opprusting av eksisterande bygg fleire stadar i kommunen, det m\u00e5 planleggast godt og i god tid i f\u00f8revegen for eventuelle endringar i strukturen.\u00a0\u00a0<\/p>\n<\/div>\n\t\t\t\t\t\n\t\t\t\t<\/div>\n\t\t\t<\/div>\n\t\t<\/div>\n\t\t\n\n\n\t\t<div class=\"has-lightest-blue-background-color is-layout-right alignwide alignwide wp-block-hoyre-media-text\">\n\t\t\t<div class=\"hoyre-media-text__media\">\n\t\t\t\t<img loading=\"lazy\" decoding=\"async\" width=\"1024\" height=\"711\" src=\"https:\/\/hoyre.no\/content\/uploads\/sites\/321\/2023\/08\/Skjermbilde-2023-08-15-kl.-19.35.56-1024x711.png\" class=\"hoyre-media-text__media-image\" alt=\"\" style=\"--focal: 50% 50%;\" srcset=\"https:\/\/hoyre.no\/content\/uploads\/sites\/321\/2023\/08\/Skjermbilde-2023-08-15-kl.-19.35.56-1024x711.png 1024w, https:\/\/hoyre.no\/content\/uploads\/sites\/321\/2023\/08\/Skjermbilde-2023-08-15-kl.-19.35.56-300x208.png 300w, https:\/\/hoyre.no\/content\/uploads\/sites\/321\/2023\/08\/Skjermbilde-2023-08-15-kl.-19.35.56-768x533.png 768w, https:\/\/hoyre.no\/content\/uploads\/sites\/321\/2023\/08\/Skjermbilde-2023-08-15-kl.-19.35.56-1536x1066.png 1536w, https:\/\/hoyre.no\/content\/uploads\/sites\/321\/2023\/08\/Skjermbilde-2023-08-15-kl.-19.35.56-2048x1422.png 2048w\" sizes=\"auto, (max-width: 1024px) 100vw, 1024px\" \/>\n\t\t\t<\/div>\n\t\t\t<div class=\"hoyre-media-text__content\">\n\t\t\t\t<div class=\"hoyre-media-text__content-inner\">\n\t\t\t\t\t\n\t\t\t<div class=\"hoyre-media-text__title-container\">\n\t\t\t\t\n\t\t\t\t<h2 class=\"hoyre-media-text__title\">6. F\u00e5 orden p\u00e5 \u00f8konomien<\/h2>\n\t\t\t<\/div>\n\t\t\t\n\t\t\t\t\t<div class=\"hoyre-media-text__blocks\">\n<p>Vi skal f\u00e5 orden p\u00e5 kommune\u00f8konomien gjennom god styring, god planlegging, effektivisering av drifta og styrking av n\u00e6ringslivet &#8211; og av \u00e5 gjere Stad til ein enno meir attraktiv stad \u00e5 bu. Det vil og kreve hard prioritering, og nye investeringar i bygg\u00a0og anlegg m\u00e5 vere styrt av behov, men ikkje vere overinvesteringar kommune\u00f8konomien ikkje kan bere.<\/p>\n<\/div>\n\t\t\t\t\t\n\t\t\t\t<\/div>\n\t\t\t<\/div>\n\t\t<\/div>\n\t\t\n\n\n<div class=\"wp-block-hoyre-banner alignwide undefined\"><div class=\"banner-inner\"><figure class=\"hoyre-image-wrapper\"><div class=\"hoyre-image\"><img loading=\"lazy\" decoding=\"async\" width=\"1478\" height=\"978\" src=\"https:\/\/hoyre.no\/content\/uploads\/sites\/321\/2023\/08\/Skjermbilde-2023-08-15-kl.-19.40.06.png\" class=\"attachment-scaled size-scaled\" alt=\"\" style=\"object-position: 52% 54%\" srcset=\"https:\/\/hoyre.no\/content\/uploads\/sites\/321\/2023\/08\/Skjermbilde-2023-08-15-kl.-19.40.06.png 1478w, https:\/\/hoyre.no\/content\/uploads\/sites\/321\/2023\/08\/Skjermbilde-2023-08-15-kl.-19.40.06-300x199.png 300w, https:\/\/hoyre.no\/content\/uploads\/sites\/321\/2023\/08\/Skjermbilde-2023-08-15-kl.-19.40.06-1024x678.png 1024w, https:\/\/hoyre.no\/content\/uploads\/sites\/321\/2023\/08\/Skjermbilde-2023-08-15-kl.-19.40.06-768x508.png 768w\" sizes=\"auto, (max-width: 1478px) 100vw, 1478px\" \/><\/div><\/figure><div class=\"banner-content\"><div class=\"entry-content\">\n<h2 class=\"wp-block-heading\">Vil du vite meir?<\/h2>\n\n\n\n<p>Her kan du lese heile v\u00e5rt valprogram for komande periode \ud83d\udc47<\/p>\n\n\n\n<div class=\"wp-block-buttons is-layout-flex wp-block-buttons-is-layout-flex\">\n<div class=\"wp-block-button\"><a class=\"wp-block-button__link\" href=\"https:\/\/hoyre.no\/stad\/valprogram-2023-2027\/\">les meir her<\/a><\/div>\n<\/div>\n<\/div><\/div><\/div><\/div>\n","protected":false},"excerpt":{"rendered":"","protected":false},"author":29319,"featured_media":0,"parent":0,"menu_order":0,"comment_status":"closed","ping_status":"closed","template":"","meta":{"teft_cards_image_url":"","teft_cards_custom_pretitle":"","teft_cards_image_id":0,"teft_cards_image_focal_point_x":0,"teft_cards_image_focal_point_y":0,"teft_cards_title":"","teft_cards_excerpt":"","teft_show_chapters":false,"footnotes":""},"class_list":["post-72","page","type-page","status-publish","hentry"],"yoast_head":"<!-- This site is optimized with the Yoast SEO plugin v26.6 - https:\/\/yoast.com\/wordpress\/plugins\/seo\/ -->\n<title>6 grunnar til \u00e5 r\u00f8yste H\u00f8gre i Stad - Stad H\u00f8gre<\/title>\n<meta name=\"description\" content=\"6 gode grunnar til \u00e5 r\u00f8yste H\u00f8gre om du bur i Stad.\" \/>\n<meta name=\"robots\" content=\"index, follow, max-snippet:-1, max-image-preview:large, max-video-preview:-1\" \/>\n<link rel=\"canonical\" href=\"https:\/\/hoyre.no\/stad\/6-grunnar-til-a-royste-hogre-i-stad\/\" \/>\n<meta property=\"og:locale\" content=\"nn_NO\" \/>\n<meta property=\"og:type\" content=\"article\" \/>\n<meta property=\"og:title\" content=\"6 grunnar til \u00e5 r\u00f8yste H\u00f8gre i Stad - Stad H\u00f8gre\" \/>\n<meta property=\"og:description\" content=\"6 gode grunnar til \u00e5 r\u00f8yste H\u00f8gre om du bur i Stad.\" \/>\n<meta property=\"og:url\" content=\"https:\/\/hoyre.no\/stad\/6-grunnar-til-a-royste-hogre-i-stad\/\" \/>\n<meta property=\"og:site_name\" content=\"Stad H\u00f8gre\" \/>\n<meta property=\"article:modified_time\" content=\"2025-02-18T15:19:52+00:00\" \/>\n<meta property=\"og:image\" content=\"https:\/\/hoyre.no\/content\/uploads\/sites\/321\/2022\/11\/Hoyres-logo.png\" \/>\n\t<meta property=\"og:image:width\" content=\"1000\" \/>\n\t<meta property=\"og:image:height\" content=\"1000\" \/>\n\t<meta property=\"og:image:type\" content=\"image\/png\" \/>\n<meta name=\"twitter:card\" content=\"summary_large_image\" \/>\n<meta name=\"twitter:label1\" content=\"Est. reading time\" \/>\n\t<meta name=\"twitter:data1\" content=\"2 minutt\" \/>\n<script type=\"application\/ld+json\" class=\"yoast-schema-graph\">{\"@context\":\"https:\/\/schema.org\",\"@graph\":[{\"@type\":\"WebPage\",\"@id\":\"https:\/\/hoyre.no\/stad\/6-grunnar-til-a-royste-hogre-i-stad\/\",\"url\":\"https:\/\/hoyre.no\/stad\/6-grunnar-til-a-royste-hogre-i-stad\/\",\"name\":\"6 grunnar til \u00e5 r\u00f8yste H\u00f8gre i Stad - Stad H\u00f8gre\",\"isPartOf\":{\"@id\":\"https:\/\/hoyre.no\/stad\/#website\"},\"datePublished\":\"2023-08-15T18:43:37+00:00\",\"dateModified\":\"2025-02-18T15:19:52+00:00\",\"description\":\"6 gode grunnar til \u00e5 r\u00f8yste H\u00f8gre om du bur i Stad.\",\"breadcrumb\":{\"@id\":\"https:\/\/hoyre.no\/stad\/6-grunnar-til-a-royste-hogre-i-stad\/#breadcrumb\"},\"inLanguage\":\"nn-NO\",\"potentialAction\":[{\"@type\":\"ReadAction\",\"target\":[\"https:\/\/hoyre.no\/stad\/6-grunnar-til-a-royste-hogre-i-stad\/\"]}]},{\"@type\":\"BreadcrumbList\",\"@id\":\"https:\/\/hoyre.no\/stad\/6-grunnar-til-a-royste-hogre-i-stad\/#breadcrumb\",\"itemListElement\":[{\"@type\":\"ListItem\",\"position\":1,\"name\":\"Til hoyre.no\",\"item\":\"https:\/\/hoyre.no\"},{\"@type\":\"ListItem\",\"position\":2,\"name\":\"Hjem\",\"item\":\"https:\/\/hoyre.no\/stad\/\"},{\"@type\":\"ListItem\",\"position\":3,\"name\":\"6 grunnar til \u00e5 r\u00f8yste H\u00f8gre i Stad\"}]},{\"@type\":\"WebSite\",\"@id\":\"https:\/\/hoyre.no\/stad\/#website\",\"url\":\"https:\/\/hoyre.no\/stad\/\",\"name\":\"Stad H\u00f8gre\",\"description\":\"Bare enda et H\u00f8yres nettsteder-nettsted\",\"inLanguage\":\"nn-NO\"}]}<\/script>\n<!-- \/ Yoast SEO plugin. -->","yoast_head_json":{"title":"6 grunnar til \u00e5 r\u00f8yste H\u00f8gre i Stad - Stad H\u00f8gre","description":"6 gode grunnar til \u00e5 r\u00f8yste H\u00f8gre om du bur i Stad.","robots":{"index":"index","follow":"follow","max-snippet":"max-snippet:-1","max-image-preview":"max-image-preview:large","max-video-preview":"max-video-preview:-1"},"canonical":"https:\/\/hoyre.no\/stad\/6-grunnar-til-a-royste-hogre-i-stad\/","og_locale":"nn_NO","og_type":"article","og_title":"6 grunnar til \u00e5 r\u00f8yste H\u00f8gre i Stad - Stad H\u00f8gre","og_description":"6 gode grunnar til \u00e5 r\u00f8yste H\u00f8gre om du bur i Stad.","og_url":"https:\/\/hoyre.no\/stad\/6-grunnar-til-a-royste-hogre-i-stad\/","og_site_name":"Stad H\u00f8gre","article_modified_time":"2025-02-18T15:19:52+00:00","og_image":[{"width":1000,"height":1000,"url":"https:\/\/hoyre.no\/content\/uploads\/sites\/321\/2022\/11\/Hoyres-logo.png","type":"image\/png"}],"twitter_card":"summary_large_image","twitter_misc":{"Est. reading time":"2 minutt"},"schema":{"@context":"https:\/\/schema.org","@graph":[{"@type":"WebPage","@id":"https:\/\/hoyre.no\/stad\/6-grunnar-til-a-royste-hogre-i-stad\/","url":"https:\/\/hoyre.no\/stad\/6-grunnar-til-a-royste-hogre-i-stad\/","name":"6 grunnar til \u00e5 r\u00f8yste H\u00f8gre i Stad - Stad H\u00f8gre","isPartOf":{"@id":"https:\/\/hoyre.no\/stad\/#website"},"datePublished":"2023-08-15T18:43:37+00:00","dateModified":"2025-02-18T15:19:52+00:00","description":"6 gode grunnar til \u00e5 r\u00f8yste H\u00f8gre om du bur i Stad.","breadcrumb":{"@id":"https:\/\/hoyre.no\/stad\/6-grunnar-til-a-royste-hogre-i-stad\/#breadcrumb"},"inLanguage":"nn-NO","potentialAction":[{"@type":"ReadAction","target":["https:\/\/hoyre.no\/stad\/6-grunnar-til-a-royste-hogre-i-stad\/"]}]},{"@type":"BreadcrumbList","@id":"https:\/\/hoyre.no\/stad\/6-grunnar-til-a-royste-hogre-i-stad\/#breadcrumb","itemListElement":[{"@type":"ListItem","position":1,"name":"Til hoyre.no","item":"https:\/\/hoyre.no"},{"@type":"ListItem","position":2,"name":"Hjem","item":"https:\/\/hoyre.no\/stad\/"},{"@type":"ListItem","position":3,"name":"6 grunnar til \u00e5 r\u00f8yste H\u00f8gre i Stad"}]},{"@type":"WebSite","@id":"https:\/\/hoyre.no\/stad\/#website","url":"https:\/\/hoyre.no\/stad\/","name":"Stad H\u00f8gre","description":"Bare enda et H\u00f8yres nettsteder-nettsted","inLanguage":"nn-NO"}]}},"distributor_meta":false,"distributor_terms":false,"distributor_media":false,"distributor_original_site_name":"Stad H\u00f8gre","distributor_original_site_url":"https:\/\/hoyre.no\/stad","push-errors":false,"_links":{"self":[{"href":"https:\/\/hoyre.no\/stad\/wp-json\/wp\/v2\/pages\/72","targetHints":{"allow":["GET"]}}],"collection":[{"href":"https:\/\/hoyre.no\/stad\/wp-json\/wp\/v2\/pages"}],"about":[{"href":"https:\/\/hoyre.no\/stad\/wp-json\/wp\/v2\/types\/page"}],"author":[{"embeddable":true,"href":"https:\/\/hoyre.no\/stad\/wp-json\/wp\/v2\/users\/29319"}],"replies":[{"embeddable":true,"href":"https:\/\/hoyre.no\/stad\/wp-json\/wp\/v2\/comments?post=72"}],"version-history":[{"count":3,"href":"https:\/\/hoyre.no\/stad\/wp-json\/wp\/v2\/pages\/72\/revisions"}],"predecessor-version":[{"id":93,"href":"https:\/\/hoyre.no\/stad\/wp-json\/wp\/v2\/pages\/72\/revisions\/93"}],"wp:attachment":[{"href":"https:\/\/hoyre.no\/stad\/wp-json\/wp\/v2\/media?parent=72"}],"curies":[{"name":"wp","href":"https:\/\/api.w.org\/{rel}","templated":true}]}}