{"id":1223,"date":"2022-12-29T16:49:22","date_gmt":"2022-12-29T15:49:22","guid":{"rendered":"https:\/\/hoyre.no\/stavanger\/?page_id=1223"},"modified":"2023-02-17T16:12:31","modified_gmt":"2023-02-17T15:12:31","slug":"bjorn-schaal","status":"publish","type":"page","link":"https:\/\/hoyre.no\/stavanger\/bjorn-schaal\/","title":{"rendered":"Bj\u00f8rn Schaal"},"content":{"rendered":"\n<div class=\"wp-block-hoyre-hero with-image-gradient text-color-light  alignfull has-background\"><div class=\"hoyre-hero \"><h1 class=\"title\">Bj\u00f8rn Schaal<\/h1><\/div><\/div>\n\n\n\n\n<figure class=\"wp-block-image size-large\"><img loading=\"lazy\" decoding=\"async\" width=\"768\" height=\"1024\" src=\"https:\/\/hoyre.no\/content\/uploads\/sites\/212\/2023\/02\/20230130_154704919_iOS-768x1024.jpg\" alt=\"\" class=\"wp-image-1701\" srcset=\"https:\/\/hoyre.no\/content\/uploads\/sites\/212\/2023\/02\/20230130_154704919_iOS-768x1024.jpg 768w, https:\/\/hoyre.no\/content\/uploads\/sites\/212\/2023\/02\/20230130_154704919_iOS-225x300.jpg 225w, https:\/\/hoyre.no\/content\/uploads\/sites\/212\/2023\/02\/20230130_154704919_iOS-1152x1536.jpg 1152w, https:\/\/hoyre.no\/content\/uploads\/sites\/212\/2023\/02\/20230130_154704919_iOS-1536x2048.jpg 1536w, https:\/\/hoyre.no\/content\/uploads\/sites\/212\/2023\/02\/20230130_154704919_iOS-scaled.jpg 1875w\" sizes=\"auto, (max-width: 768px) 100vw, 768px\" \/><\/figure>\n\n\n\n<div class=\"wp-block-teft-factbox is-style-blue\"><div class=\"factbox-inner\"><div class=\"entry-content\"><h4 class=\"toggle\">Kort om Bj\u00f8rn<\/h4>\n<p><strong>Vokst opp:&nbsp;<\/strong>Oltedal<\/p>\n\n\n\n<p><strong>Bor n\u00e5:<\/strong>&nbsp;Mariero<\/p>\n\n\n\n<p><strong>Jobber som:&nbsp;<\/strong>Kontaktl\u00e6rer p\u00e5 St. Svithun skole.<\/p>\n\n\n\n<p><strong>Hvorfor meldte du deg inn i H\u00f8yre?<\/strong><br>Friheten til enkeltmennesket.<\/p>\n\n\n\n<p><strong>Hva er dine hjertesaker i valgkampen?<\/strong><br>Satse p\u00e5 kunnskap i skolen.<br>Mer valgfrihet.<br>Frivillighet.<\/p>\n<\/div><\/div><\/div>\n\n","protected":false},"excerpt":{"rendered":"","protected":false},"author":30950,"featured_media":0,"parent":0,"menu_order":0,"comment_status":"closed","ping_status":"closed","template":"","meta":{"teft_cards_image_url":"","teft_cards_custom_pretitle":"","teft_cards_image_id":1701,"teft_cards_image_focal_point_x":0.46,"teft_cards_image_focal_point_y":0.22,"teft_cards_title":"","teft_cards_excerpt":"","teft_show_chapters":false,"footnotes":""},"class_list":["post-1223","page","type-page","status-publish","hentry"],"yoast_head":"<!-- This site is optimized with the Yoast SEO plugin v26.6 - https:\/\/yoast.com\/wordpress\/plugins\/seo\/ -->\n<title>Bj\u00f8rn Schaal - Stavanger H\u00f8yre<\/title>\n<meta name=\"description\" content=\"Bli bedre kjent med v\u00e5r kandidat til kommunevalget 2023\" \/>\n<meta name=\"robots\" content=\"index, follow, max-snippet:-1, max-image-preview:large, max-video-preview:-1\" \/>\n<link rel=\"canonical\" href=\"https:\/\/hoyre.no\/stavanger\/bjorn-schaal\/\" \/>\n<meta property=\"og:locale\" content=\"nb_NO\" \/>\n<meta property=\"og:type\" content=\"article\" \/>\n<meta property=\"og:title\" content=\"Bj\u00f8rn Schaal - Stavanger H\u00f8yre\" \/>\n<meta property=\"og:description\" content=\"Bli bedre kjent med v\u00e5r kandidat til kommunevalget 2023\" \/>\n<meta property=\"og:url\" content=\"https:\/\/hoyre.no\/stavanger\/bjorn-schaal\/\" \/>\n<meta property=\"og:site_name\" content=\"Stavanger H\u00f8yre\" \/>\n<meta property=\"article:modified_time\" content=\"2023-02-17T15:12:31+00:00\" \/>\n<meta property=\"og:image\" content=\"https:\/\/hoyre.no\/content\/uploads\/sites\/212\/2023\/02\/20230130_154704919_iOS-768x1024.jpg\" \/>\n<meta name=\"twitter:card\" content=\"summary_large_image\" \/>\n<meta name=\"twitter:label1\" content=\"Ansl. lesetid\" \/>\n\t<meta name=\"twitter:data1\" content=\"1 minutt\" \/>\n<script type=\"application\/ld+json\" class=\"yoast-schema-graph\">{\"@context\":\"https:\/\/schema.org\",\"@graph\":[{\"@type\":\"WebPage\",\"@id\":\"https:\/\/hoyre.no\/stavanger\/bjorn-schaal\/\",\"url\":\"https:\/\/hoyre.no\/stavanger\/bjorn-schaal\/\",\"name\":\"Bj\u00f8rn Schaal - Stavanger H\u00f8yre\",\"isPartOf\":{\"@id\":\"https:\/\/hoyre.no\/stavanger\/#website\"},\"image\":{\"@id\":\"https:\/\/hoyre.no\/stavanger\/bjorn-schaal\/#primaryimage\"},\"thumbnailUrl\":\"https:\/\/hoyre.no\/content\/uploads\/sites\/212\/2023\/02\/20230130_154704919_iOS-768x1024.jpg\",\"datePublished\":\"2022-12-29T15:49:22+00:00\",\"dateModified\":\"2023-02-17T15:12:31+00:00\",\"description\":\"Bli bedre kjent med v\u00e5r kandidat til kommunevalget 2023\",\"breadcrumb\":{\"@id\":\"https:\/\/hoyre.no\/stavanger\/bjorn-schaal\/#breadcrumb\"},\"inLanguage\":\"nb-NO\",\"potentialAction\":[{\"@type\":\"ReadAction\",\"target\":[\"https:\/\/hoyre.no\/stavanger\/bjorn-schaal\/\"]}]},{\"@type\":\"ImageObject\",\"inLanguage\":\"nb-NO\",\"@id\":\"https:\/\/hoyre.no\/stavanger\/bjorn-schaal\/#primaryimage\",\"url\":\"https:\/\/hoyre.no\/content\/uploads\/sites\/212\/2023\/02\/20230130_154704919_iOS-768x1024.jpg\",\"contentUrl\":\"https:\/\/hoyre.no\/content\/uploads\/sites\/212\/2023\/02\/20230130_154704919_iOS-768x1024.jpg\"},{\"@type\":\"BreadcrumbList\",\"@id\":\"https:\/\/hoyre.no\/stavanger\/bjorn-schaal\/#breadcrumb\",\"itemListElement\":[{\"@type\":\"ListItem\",\"position\":1,\"name\":\"Til hoyre.no\",\"item\":\"https:\/\/hoyre.no\"},{\"@type\":\"ListItem\",\"position\":2,\"name\":\"Hjem\",\"item\":\"https:\/\/hoyre.no\/stavanger\/\"},{\"@type\":\"ListItem\",\"position\":3,\"name\":\"Bj\u00f8rn Schaal\"}]},{\"@type\":\"WebSite\",\"@id\":\"https:\/\/hoyre.no\/stavanger\/#website\",\"url\":\"https:\/\/hoyre.no\/stavanger\/\",\"name\":\"Stavanger H\u00f8yre\",\"description\":\"Bare enda et H\u00f8yres nettsteder-nettsted\",\"inLanguage\":\"nb-NO\"}]}<\/script>\n<!-- \/ Yoast SEO plugin. -->","yoast_head_json":{"title":"Bj\u00f8rn Schaal - Stavanger H\u00f8yre","description":"Bli bedre kjent med v\u00e5r kandidat til kommunevalget 2023","robots":{"index":"index","follow":"follow","max-snippet":"max-snippet:-1","max-image-preview":"max-image-preview:large","max-video-preview":"max-video-preview:-1"},"canonical":"https:\/\/hoyre.no\/stavanger\/bjorn-schaal\/","og_locale":"nb_NO","og_type":"article","og_title":"Bj\u00f8rn Schaal - Stavanger H\u00f8yre","og_description":"Bli bedre kjent med v\u00e5r kandidat til kommunevalget 2023","og_url":"https:\/\/hoyre.no\/stavanger\/bjorn-schaal\/","og_site_name":"Stavanger H\u00f8yre","article_modified_time":"2023-02-17T15:12:31+00:00","og_image":[{"url":"https:\/\/hoyre.no\/content\/uploads\/sites\/212\/2023\/02\/20230130_154704919_iOS-768x1024.jpg","width":"","height":"","type":""}],"twitter_card":"summary_large_image","twitter_misc":{"Ansl. lesetid":"1 minutt"},"schema":{"@context":"https:\/\/schema.org","@graph":[{"@type":"WebPage","@id":"https:\/\/hoyre.no\/stavanger\/bjorn-schaal\/","url":"https:\/\/hoyre.no\/stavanger\/bjorn-schaal\/","name":"Bj\u00f8rn Schaal - Stavanger H\u00f8yre","isPartOf":{"@id":"https:\/\/hoyre.no\/stavanger\/#website"},"image":{"@id":"https:\/\/hoyre.no\/stavanger\/bjorn-schaal\/#primaryimage"},"thumbnailUrl":"https:\/\/hoyre.no\/content\/uploads\/sites\/212\/2023\/02\/20230130_154704919_iOS-768x1024.jpg","datePublished":"2022-12-29T15:49:22+00:00","dateModified":"2023-02-17T15:12:31+00:00","description":"Bli bedre kjent med v\u00e5r kandidat til kommunevalget 2023","breadcrumb":{"@id":"https:\/\/hoyre.no\/stavanger\/bjorn-schaal\/#breadcrumb"},"inLanguage":"nb-NO","potentialAction":[{"@type":"ReadAction","target":["https:\/\/hoyre.no\/stavanger\/bjorn-schaal\/"]}]},{"@type":"ImageObject","inLanguage":"nb-NO","@id":"https:\/\/hoyre.no\/stavanger\/bjorn-schaal\/#primaryimage","url":"https:\/\/hoyre.no\/content\/uploads\/sites\/212\/2023\/02\/20230130_154704919_iOS-768x1024.jpg","contentUrl":"https:\/\/hoyre.no\/content\/uploads\/sites\/212\/2023\/02\/20230130_154704919_iOS-768x1024.jpg"},{"@type":"BreadcrumbList","@id":"https:\/\/hoyre.no\/stavanger\/bjorn-schaal\/#breadcrumb","itemListElement":[{"@type":"ListItem","position":1,"name":"Til hoyre.no","item":"https:\/\/hoyre.no"},{"@type":"ListItem","position":2,"name":"Hjem","item":"https:\/\/hoyre.no\/stavanger\/"},{"@type":"ListItem","position":3,"name":"Bj\u00f8rn Schaal"}]},{"@type":"WebSite","@id":"https:\/\/hoyre.no\/stavanger\/#website","url":"https:\/\/hoyre.no\/stavanger\/","name":"Stavanger H\u00f8yre","description":"Bare enda et H\u00f8yres nettsteder-nettsted","inLanguage":"nb-NO"}]}},"distributor_meta":false,"distributor_terms":false,"distributor_media":false,"distributor_original_site_name":"Stavanger H\u00f8yre","distributor_original_site_url":"https:\/\/hoyre.no\/stavanger","push-errors":false,"_links":{"self":[{"href":"https:\/\/hoyre.no\/stavanger\/wp-json\/wp\/v2\/pages\/1223","targetHints":{"allow":["GET"]}}],"collection":[{"href":"https:\/\/hoyre.no\/stavanger\/wp-json\/wp\/v2\/pages"}],"about":[{"href":"https:\/\/hoyre.no\/stavanger\/wp-json\/wp\/v2\/types\/page"}],"author":[{"embeddable":true,"href":"https:\/\/hoyre.no\/stavanger\/wp-json\/wp\/v2\/users\/30950"}],"replies":[{"embeddable":true,"href":"https:\/\/hoyre.no\/stavanger\/wp-json\/wp\/v2\/comments?post=1223"}],"version-history":[{"count":2,"href":"https:\/\/hoyre.no\/stavanger\/wp-json\/wp\/v2\/pages\/1223\/revisions"}],"predecessor-version":[{"id":1703,"href":"https:\/\/hoyre.no\/stavanger\/wp-json\/wp\/v2\/pages\/1223\/revisions\/1703"}],"wp:attachment":[{"href":"https:\/\/hoyre.no\/stavanger\/wp-json\/wp\/v2\/media?parent=1223"}],"curies":[{"name":"wp","href":"https:\/\/api.w.org\/{rel}","templated":true}]}}