{"id":1286,"date":"2022-12-29T15:50:19","date_gmt":"2022-12-29T14:50:19","guid":{"rendered":"https:\/\/hoyre.no\/stavanger\/?page_id=1286"},"modified":"2023-02-17T13:08:21","modified_gmt":"2023-02-17T12:08:21","slug":"alexander-hart-roed","status":"publish","type":"page","link":"https:\/\/hoyre.no\/stavanger\/alexander-hart-roed\/","title":{"rendered":"Alexander Hart R\u00f8ed"},"content":{"rendered":"\n<div class=\"wp-block-hoyre-hero with-image-gradient text-color-light  alignfull has-background\"><div class=\"hoyre-hero \"><h1 class=\"title\">Alexander Hart R\u00f8ed<\/h1><\/div><\/div>\n\n\n\n<div class=\"wp-block-image\">\n<figure class=\"aligncenter size-large\"><img loading=\"lazy\" decoding=\"async\" width=\"472\" height=\"1024\" src=\"https:\/\/hoyre.no\/content\/uploads\/sites\/212\/2022\/12\/Alex-Hart-472x1024.png\" alt=\"\" class=\"wp-image-1032\" srcset=\"https:\/\/hoyre.no\/content\/uploads\/sites\/212\/2022\/12\/Alex-Hart-472x1024.png 472w, https:\/\/hoyre.no\/content\/uploads\/sites\/212\/2022\/12\/Alex-Hart-138x300.png 138w, https:\/\/hoyre.no\/content\/uploads\/sites\/212\/2022\/12\/Alex-Hart-768x1665.png 768w, https:\/\/hoyre.no\/content\/uploads\/sites\/212\/2022\/12\/Alex-Hart-709x1536.png 709w, https:\/\/hoyre.no\/content\/uploads\/sites\/212\/2022\/12\/Alex-Hart-945x2048.png 945w, https:\/\/hoyre.no\/content\/uploads\/sites\/212\/2022\/12\/Alex-Hart.png 1179w\" sizes=\"auto, (max-width: 472px) 100vw, 472px\" \/><\/figure><\/div>\n\n\n<div class=\"wp-block-teft-factbox is-style-blue\"><div class=\"factbox-inner\"><div class=\"entry-content\"><h4 class=\"toggle\">Kort om Alexander<\/h4>\n<p><strong>Vokst opp:&nbsp;<\/strong>Et trygt hjem med god takh\u00f8yde for store malerier. Skilsmissebarn med en fargeglad oppvekst, og 4 gode foreldre, og 2 stes\u00f8stre.&nbsp;<\/p>\n\n\n\n<p><strong>Bor n\u00e5:<\/strong>&nbsp;Eiganes<\/p>\n\n\n\n<p><strong>Jobber som:&nbsp;<\/strong>Jeg jobber i egne selskap som driver med kl\u00e6r og eiendom.&nbsp;<\/p>\n\n\n\n<p><strong>Hvorfor meldte du deg inn i H\u00f8yre?<\/strong><br>Jeg er enig med politikken som f\u00f8res av partiet, og jeg \u00f8nsker \u00e5 p\u00e5virke der jeg kan og er sterk for et bedre Stavanger. &nbsp;<\/p>\n\n\n\n<p><strong>Hva er dine hjertesaker i valgkampen?<\/strong><br>Byutvikling \u2013 for jeg er opptatt av \u00e5 skape et attraktivt sentrum.<br><br>N\u00e6ringsliv \u2013 for jeg er bryr meg om verdiskaping, og \u00f8nsker \u00e5 se flere suksesser med utspring fra Stavanger.<br><br>Kultur, idrett og fritidstilbud \u2013 jeg brenner sterkt for bading og sv\u00f8mming, og vil i s\u00e5 m\u00e5te se folkebadet gjenoppst\u00e5 til glede for byen.<\/p>\n<\/div><\/div><\/div>\n\n","protected":false},"excerpt":{"rendered":"","protected":false},"author":30950,"featured_media":0,"parent":0,"menu_order":0,"comment_status":"closed","ping_status":"closed","template":"","meta":{"teft_cards_image_url":"","teft_cards_custom_pretitle":"","teft_cards_image_id":1032,"teft_cards_image_focal_point_x":0.49,"teft_cards_image_focal_point_y":0.61,"teft_cards_title":"","teft_cards_excerpt":"","teft_show_chapters":false,"footnotes":""},"class_list":["post-1286","page","type-page","status-publish","hentry"],"yoast_head":"<!-- This site is optimized with the Yoast SEO plugin v26.6 - https:\/\/yoast.com\/wordpress\/plugins\/seo\/ -->\n<title>Alexander Hart R\u00f8ed - Stavanger H\u00f8yre<\/title>\n<meta name=\"description\" content=\"Bli bedre kjent med v\u00e5r kandidat til kommunevalget 2023\" \/>\n<meta name=\"robots\" content=\"index, follow, max-snippet:-1, max-image-preview:large, max-video-preview:-1\" \/>\n<link rel=\"canonical\" href=\"https:\/\/hoyre.no\/stavanger\/alexander-hart-roed\/\" \/>\n<meta property=\"og:locale\" content=\"nb_NO\" \/>\n<meta property=\"og:type\" content=\"article\" \/>\n<meta property=\"og:title\" content=\"Alexander Hart R\u00f8ed - Stavanger H\u00f8yre\" \/>\n<meta property=\"og:description\" content=\"Bli bedre kjent med v\u00e5r kandidat til kommunevalget 2023\" \/>\n<meta property=\"og:url\" content=\"https:\/\/hoyre.no\/stavanger\/alexander-hart-roed\/\" \/>\n<meta property=\"og:site_name\" content=\"Stavanger H\u00f8yre\" \/>\n<meta property=\"article:modified_time\" content=\"2023-02-17T12:08:21+00:00\" \/>\n<meta property=\"og:image\" content=\"https:\/\/hoyre.no\/content\/uploads\/sites\/212\/2022\/12\/Alex-Hart-472x1024.png\" \/>\n<meta name=\"twitter:card\" content=\"summary_large_image\" \/>\n<meta name=\"twitter:label1\" content=\"Ansl. lesetid\" \/>\n\t<meta name=\"twitter:data1\" content=\"1 minutt\" \/>\n<script type=\"application\/ld+json\" class=\"yoast-schema-graph\">{\"@context\":\"https:\/\/schema.org\",\"@graph\":[{\"@type\":\"WebPage\",\"@id\":\"https:\/\/hoyre.no\/stavanger\/alexander-hart-roed\/\",\"url\":\"https:\/\/hoyre.no\/stavanger\/alexander-hart-roed\/\",\"name\":\"Alexander Hart R\u00f8ed - Stavanger H\u00f8yre\",\"isPartOf\":{\"@id\":\"https:\/\/hoyre.no\/stavanger\/#website\"},\"image\":{\"@id\":\"https:\/\/hoyre.no\/stavanger\/alexander-hart-roed\/#primaryimage\"},\"thumbnailUrl\":\"https:\/\/hoyre.no\/content\/uploads\/sites\/212\/2022\/12\/Alex-Hart-472x1024.png\",\"datePublished\":\"2022-12-29T14:50:19+00:00\",\"dateModified\":\"2023-02-17T12:08:21+00:00\",\"description\":\"Bli bedre kjent med v\u00e5r kandidat til kommunevalget 2023\",\"breadcrumb\":{\"@id\":\"https:\/\/hoyre.no\/stavanger\/alexander-hart-roed\/#breadcrumb\"},\"inLanguage\":\"nb-NO\",\"potentialAction\":[{\"@type\":\"ReadAction\",\"target\":[\"https:\/\/hoyre.no\/stavanger\/alexander-hart-roed\/\"]}]},{\"@type\":\"ImageObject\",\"inLanguage\":\"nb-NO\",\"@id\":\"https:\/\/hoyre.no\/stavanger\/alexander-hart-roed\/#primaryimage\",\"url\":\"https:\/\/hoyre.no\/content\/uploads\/sites\/212\/2022\/12\/Alex-Hart-472x1024.png\",\"contentUrl\":\"https:\/\/hoyre.no\/content\/uploads\/sites\/212\/2022\/12\/Alex-Hart-472x1024.png\"},{\"@type\":\"BreadcrumbList\",\"@id\":\"https:\/\/hoyre.no\/stavanger\/alexander-hart-roed\/#breadcrumb\",\"itemListElement\":[{\"@type\":\"ListItem\",\"position\":1,\"name\":\"Til hoyre.no\",\"item\":\"https:\/\/hoyre.no\"},{\"@type\":\"ListItem\",\"position\":2,\"name\":\"Hjem\",\"item\":\"https:\/\/hoyre.no\/stavanger\/\"},{\"@type\":\"ListItem\",\"position\":3,\"name\":\"Alexander Hart R\u00f8ed\"}]},{\"@type\":\"WebSite\",\"@id\":\"https:\/\/hoyre.no\/stavanger\/#website\",\"url\":\"https:\/\/hoyre.no\/stavanger\/\",\"name\":\"Stavanger H\u00f8yre\",\"description\":\"Bare enda et H\u00f8yres nettsteder-nettsted\",\"inLanguage\":\"nb-NO\"}]}<\/script>\n<!-- \/ Yoast SEO plugin. -->","yoast_head_json":{"title":"Alexander Hart R\u00f8ed - Stavanger H\u00f8yre","description":"Bli bedre kjent med v\u00e5r kandidat til kommunevalget 2023","robots":{"index":"index","follow":"follow","max-snippet":"max-snippet:-1","max-image-preview":"max-image-preview:large","max-video-preview":"max-video-preview:-1"},"canonical":"https:\/\/hoyre.no\/stavanger\/alexander-hart-roed\/","og_locale":"nb_NO","og_type":"article","og_title":"Alexander Hart R\u00f8ed - Stavanger H\u00f8yre","og_description":"Bli bedre kjent med v\u00e5r kandidat til kommunevalget 2023","og_url":"https:\/\/hoyre.no\/stavanger\/alexander-hart-roed\/","og_site_name":"Stavanger H\u00f8yre","article_modified_time":"2023-02-17T12:08:21+00:00","og_image":[{"url":"https:\/\/hoyre.no\/content\/uploads\/sites\/212\/2022\/12\/Alex-Hart-472x1024.png","width":"","height":"","type":""}],"twitter_card":"summary_large_image","twitter_misc":{"Ansl. lesetid":"1 minutt"},"schema":{"@context":"https:\/\/schema.org","@graph":[{"@type":"WebPage","@id":"https:\/\/hoyre.no\/stavanger\/alexander-hart-roed\/","url":"https:\/\/hoyre.no\/stavanger\/alexander-hart-roed\/","name":"Alexander Hart R\u00f8ed - Stavanger H\u00f8yre","isPartOf":{"@id":"https:\/\/hoyre.no\/stavanger\/#website"},"image":{"@id":"https:\/\/hoyre.no\/stavanger\/alexander-hart-roed\/#primaryimage"},"thumbnailUrl":"https:\/\/hoyre.no\/content\/uploads\/sites\/212\/2022\/12\/Alex-Hart-472x1024.png","datePublished":"2022-12-29T14:50:19+00:00","dateModified":"2023-02-17T12:08:21+00:00","description":"Bli bedre kjent med v\u00e5r kandidat til kommunevalget 2023","breadcrumb":{"@id":"https:\/\/hoyre.no\/stavanger\/alexander-hart-roed\/#breadcrumb"},"inLanguage":"nb-NO","potentialAction":[{"@type":"ReadAction","target":["https:\/\/hoyre.no\/stavanger\/alexander-hart-roed\/"]}]},{"@type":"ImageObject","inLanguage":"nb-NO","@id":"https:\/\/hoyre.no\/stavanger\/alexander-hart-roed\/#primaryimage","url":"https:\/\/hoyre.no\/content\/uploads\/sites\/212\/2022\/12\/Alex-Hart-472x1024.png","contentUrl":"https:\/\/hoyre.no\/content\/uploads\/sites\/212\/2022\/12\/Alex-Hart-472x1024.png"},{"@type":"BreadcrumbList","@id":"https:\/\/hoyre.no\/stavanger\/alexander-hart-roed\/#breadcrumb","itemListElement":[{"@type":"ListItem","position":1,"name":"Til hoyre.no","item":"https:\/\/hoyre.no"},{"@type":"ListItem","position":2,"name":"Hjem","item":"https:\/\/hoyre.no\/stavanger\/"},{"@type":"ListItem","position":3,"name":"Alexander Hart R\u00f8ed"}]},{"@type":"WebSite","@id":"https:\/\/hoyre.no\/stavanger\/#website","url":"https:\/\/hoyre.no\/stavanger\/","name":"Stavanger H\u00f8yre","description":"Bare enda et H\u00f8yres nettsteder-nettsted","inLanguage":"nb-NO"}]}},"distributor_meta":false,"distributor_terms":false,"distributor_media":false,"distributor_original_site_name":"Stavanger H\u00f8yre","distributor_original_site_url":"https:\/\/hoyre.no\/stavanger","push-errors":false,"_links":{"self":[{"href":"https:\/\/hoyre.no\/stavanger\/wp-json\/wp\/v2\/pages\/1286","targetHints":{"allow":["GET"]}}],"collection":[{"href":"https:\/\/hoyre.no\/stavanger\/wp-json\/wp\/v2\/pages"}],"about":[{"href":"https:\/\/hoyre.no\/stavanger\/wp-json\/wp\/v2\/types\/page"}],"author":[{"embeddable":true,"href":"https:\/\/hoyre.no\/stavanger\/wp-json\/wp\/v2\/users\/30950"}],"replies":[{"embeddable":true,"href":"https:\/\/hoyre.no\/stavanger\/wp-json\/wp\/v2\/comments?post=1286"}],"version-history":[{"count":3,"href":"https:\/\/hoyre.no\/stavanger\/wp-json\/wp\/v2\/pages\/1286\/revisions"}],"predecessor-version":[{"id":1674,"href":"https:\/\/hoyre.no\/stavanger\/wp-json\/wp\/v2\/pages\/1286\/revisions\/1674"}],"wp:attachment":[{"href":"https:\/\/hoyre.no\/stavanger\/wp-json\/wp\/v2\/media?parent=1286"}],"curies":[{"name":"wp","href":"https:\/\/api.w.org\/{rel}","templated":true}]}}