{"id":1308,"date":"2022-12-29T17:23:13","date_gmt":"2022-12-29T16:23:13","guid":{"rendered":"https:\/\/hoyre.no\/stavanger\/?page_id=1308"},"modified":"2023-02-17T16:54:53","modified_gmt":"2023-02-17T15:54:53","slug":"trygve-pedersen","status":"publish","type":"page","link":"https:\/\/hoyre.no\/stavanger\/trygve-pedersen\/","title":{"rendered":"Trygve Pedersen"},"content":{"rendered":"\n<div class=\"wp-block-hoyre-hero with-image-gradient text-color-light  alignfull has-background\"><div class=\"hoyre-hero \"><h1 class=\"title\">Trygve Pedersen<\/h1><\/div><\/div>\n\n\n\n\n<figure class=\"wp-block-image size-full\"><img loading=\"lazy\" decoding=\"async\" width=\"1000\" height=\"1000\" src=\"https:\/\/hoyre.no\/content\/uploads\/sites\/212\/2022\/12\/Trygve-Pedersen.jpeg\" alt=\"\" class=\"wp-image-1069\" srcset=\"https:\/\/hoyre.no\/content\/uploads\/sites\/212\/2022\/12\/Trygve-Pedersen.jpeg 1000w, https:\/\/hoyre.no\/content\/uploads\/sites\/212\/2022\/12\/Trygve-Pedersen-300x300.jpeg 300w, https:\/\/hoyre.no\/content\/uploads\/sites\/212\/2022\/12\/Trygve-Pedersen-150x150.jpeg 150w, https:\/\/hoyre.no\/content\/uploads\/sites\/212\/2022\/12\/Trygve-Pedersen-768x768.jpeg 768w\" sizes=\"auto, (max-width: 1000px) 100vw, 1000px\" \/><\/figure>\n\n\n\n<div class=\"wp-block-teft-factbox is-style-blue\"><div class=\"factbox-inner\"><div class=\"entry-content\"><h4 class=\"toggle\">Kort om Trygve<\/h4>\n<p><strong>Vokst opp:&nbsp;<\/strong>Stavanger<\/p>\n\n\n\n<p><strong>Bor n\u00e5:<\/strong>&nbsp;Stavanger, men har hatt gleden av \u00e5 bo i fem andre land.<\/p>\n\n\n\n<p><strong>Jobber som:&nbsp;<\/strong>Daglig leder i teknologiselskap<\/p>\n\n\n\n<p><strong>Hvorfor meldte du deg inn i H\u00f8yre?<\/strong><br>&nbsp;Fordi H\u00f8yre er det partiet jeg er minst uenig med, og fordi jeg mener at felleskap og gode samfunn bygges nedenfra. Det er summen av oss enkeltindivider som skaper et godt samfunn, ikke byr\u00e5krater.<\/p>\n\n\n\n<p><strong>Hva er dine hjertesaker i valgkampen?<\/strong><br>Arbeidsplasser. God n\u00e6ringspolitikk = Flere arbeidsplasser = mindre forskjeller = mer skatteinntekt.<\/p>\n\n\n\n<p>Oppvekstforhold for barn. Skole og fritidsaktiviteter er avgj\u00f8rende for at barn og ungdom skal trives og lykkes.<\/p>\n\n\n\n<p>Vikingsenter i M\u00f8llebukten. Vi m\u00e5 bruke den unike posisjonen vi har som Norges samlingssted mye bedre enn vi har gjort s\u00e5 langt.<\/p>\n<\/div><\/div><\/div>\n\n","protected":false},"excerpt":{"rendered":"","protected":false},"author":30950,"featured_media":0,"parent":0,"menu_order":0,"comment_status":"closed","ping_status":"closed","template":"","meta":{"teft_cards_image_url":"","teft_cards_custom_pretitle":"","teft_cards_image_id":1069,"teft_cards_image_focal_point_x":0.5,"teft_cards_image_focal_point_y":0.5,"teft_cards_title":"","teft_cards_excerpt":"","teft_show_chapters":false,"footnotes":""},"class_list":["post-1308","page","type-page","status-publish","hentry"],"yoast_head":"<!-- This site is optimized with the Yoast SEO plugin v26.6 - https:\/\/yoast.com\/wordpress\/plugins\/seo\/ -->\n<title>Trygve Pedersen - Stavanger H\u00f8yre<\/title>\n<meta name=\"description\" content=\"Bli bedre kjent med v\u00e5r kandidat til kommunevalget 2023\" \/>\n<meta name=\"robots\" content=\"index, follow, max-snippet:-1, max-image-preview:large, max-video-preview:-1\" \/>\n<link rel=\"canonical\" href=\"https:\/\/hoyre.no\/stavanger\/trygve-pedersen\/\" \/>\n<meta property=\"og:locale\" content=\"nb_NO\" \/>\n<meta property=\"og:type\" content=\"article\" \/>\n<meta property=\"og:title\" content=\"Trygve Pedersen - Stavanger H\u00f8yre\" \/>\n<meta property=\"og:description\" content=\"Bli bedre kjent med v\u00e5r kandidat til kommunevalget 2023\" \/>\n<meta property=\"og:url\" content=\"https:\/\/hoyre.no\/stavanger\/trygve-pedersen\/\" \/>\n<meta property=\"og:site_name\" content=\"Stavanger H\u00f8yre\" \/>\n<meta property=\"article:modified_time\" content=\"2023-02-17T15:54:53+00:00\" \/>\n<meta property=\"og:image\" content=\"https:\/\/hoyre.no\/content\/uploads\/sites\/212\/2022\/12\/Trygve-Pedersen.jpeg\" \/>\n<meta name=\"twitter:card\" content=\"summary_large_image\" \/>\n<meta name=\"twitter:label1\" content=\"Ansl. lesetid\" \/>\n\t<meta name=\"twitter:data1\" content=\"1 minutt\" \/>\n<script type=\"application\/ld+json\" class=\"yoast-schema-graph\">{\"@context\":\"https:\/\/schema.org\",\"@graph\":[{\"@type\":\"WebPage\",\"@id\":\"https:\/\/hoyre.no\/stavanger\/trygve-pedersen\/\",\"url\":\"https:\/\/hoyre.no\/stavanger\/trygve-pedersen\/\",\"name\":\"Trygve Pedersen - Stavanger H\u00f8yre\",\"isPartOf\":{\"@id\":\"https:\/\/hoyre.no\/stavanger\/#website\"},\"image\":{\"@id\":\"https:\/\/hoyre.no\/stavanger\/trygve-pedersen\/#primaryimage\"},\"thumbnailUrl\":\"https:\/\/hoyre.no\/content\/uploads\/sites\/212\/2022\/12\/Trygve-Pedersen.jpeg\",\"datePublished\":\"2022-12-29T16:23:13+00:00\",\"dateModified\":\"2023-02-17T15:54:53+00:00\",\"description\":\"Bli bedre kjent med v\u00e5r kandidat til kommunevalget 2023\",\"breadcrumb\":{\"@id\":\"https:\/\/hoyre.no\/stavanger\/trygve-pedersen\/#breadcrumb\"},\"inLanguage\":\"nb-NO\",\"potentialAction\":[{\"@type\":\"ReadAction\",\"target\":[\"https:\/\/hoyre.no\/stavanger\/trygve-pedersen\/\"]}]},{\"@type\":\"ImageObject\",\"inLanguage\":\"nb-NO\",\"@id\":\"https:\/\/hoyre.no\/stavanger\/trygve-pedersen\/#primaryimage\",\"url\":\"https:\/\/hoyre.no\/content\/uploads\/sites\/212\/2022\/12\/Trygve-Pedersen.jpeg\",\"contentUrl\":\"https:\/\/hoyre.no\/content\/uploads\/sites\/212\/2022\/12\/Trygve-Pedersen.jpeg\"},{\"@type\":\"BreadcrumbList\",\"@id\":\"https:\/\/hoyre.no\/stavanger\/trygve-pedersen\/#breadcrumb\",\"itemListElement\":[{\"@type\":\"ListItem\",\"position\":1,\"name\":\"Til hoyre.no\",\"item\":\"https:\/\/hoyre.no\"},{\"@type\":\"ListItem\",\"position\":2,\"name\":\"Hjem\",\"item\":\"https:\/\/hoyre.no\/stavanger\/\"},{\"@type\":\"ListItem\",\"position\":3,\"name\":\"Trygve Pedersen\"}]},{\"@type\":\"WebSite\",\"@id\":\"https:\/\/hoyre.no\/stavanger\/#website\",\"url\":\"https:\/\/hoyre.no\/stavanger\/\",\"name\":\"Stavanger H\u00f8yre\",\"description\":\"Bare enda et H\u00f8yres nettsteder-nettsted\",\"inLanguage\":\"nb-NO\"}]}<\/script>\n<!-- \/ Yoast SEO plugin. -->","yoast_head_json":{"title":"Trygve Pedersen - Stavanger H\u00f8yre","description":"Bli bedre kjent med v\u00e5r kandidat til kommunevalget 2023","robots":{"index":"index","follow":"follow","max-snippet":"max-snippet:-1","max-image-preview":"max-image-preview:large","max-video-preview":"max-video-preview:-1"},"canonical":"https:\/\/hoyre.no\/stavanger\/trygve-pedersen\/","og_locale":"nb_NO","og_type":"article","og_title":"Trygve Pedersen - Stavanger H\u00f8yre","og_description":"Bli bedre kjent med v\u00e5r kandidat til kommunevalget 2023","og_url":"https:\/\/hoyre.no\/stavanger\/trygve-pedersen\/","og_site_name":"Stavanger H\u00f8yre","article_modified_time":"2023-02-17T15:54:53+00:00","og_image":[{"url":"https:\/\/hoyre.no\/content\/uploads\/sites\/212\/2022\/12\/Trygve-Pedersen.jpeg","width":"","height":"","type":""}],"twitter_card":"summary_large_image","twitter_misc":{"Ansl. lesetid":"1 minutt"},"schema":{"@context":"https:\/\/schema.org","@graph":[{"@type":"WebPage","@id":"https:\/\/hoyre.no\/stavanger\/trygve-pedersen\/","url":"https:\/\/hoyre.no\/stavanger\/trygve-pedersen\/","name":"Trygve Pedersen - Stavanger H\u00f8yre","isPartOf":{"@id":"https:\/\/hoyre.no\/stavanger\/#website"},"image":{"@id":"https:\/\/hoyre.no\/stavanger\/trygve-pedersen\/#primaryimage"},"thumbnailUrl":"https:\/\/hoyre.no\/content\/uploads\/sites\/212\/2022\/12\/Trygve-Pedersen.jpeg","datePublished":"2022-12-29T16:23:13+00:00","dateModified":"2023-02-17T15:54:53+00:00","description":"Bli bedre kjent med v\u00e5r kandidat til kommunevalget 2023","breadcrumb":{"@id":"https:\/\/hoyre.no\/stavanger\/trygve-pedersen\/#breadcrumb"},"inLanguage":"nb-NO","potentialAction":[{"@type":"ReadAction","target":["https:\/\/hoyre.no\/stavanger\/trygve-pedersen\/"]}]},{"@type":"ImageObject","inLanguage":"nb-NO","@id":"https:\/\/hoyre.no\/stavanger\/trygve-pedersen\/#primaryimage","url":"https:\/\/hoyre.no\/content\/uploads\/sites\/212\/2022\/12\/Trygve-Pedersen.jpeg","contentUrl":"https:\/\/hoyre.no\/content\/uploads\/sites\/212\/2022\/12\/Trygve-Pedersen.jpeg"},{"@type":"BreadcrumbList","@id":"https:\/\/hoyre.no\/stavanger\/trygve-pedersen\/#breadcrumb","itemListElement":[{"@type":"ListItem","position":1,"name":"Til hoyre.no","item":"https:\/\/hoyre.no"},{"@type":"ListItem","position":2,"name":"Hjem","item":"https:\/\/hoyre.no\/stavanger\/"},{"@type":"ListItem","position":3,"name":"Trygve Pedersen"}]},{"@type":"WebSite","@id":"https:\/\/hoyre.no\/stavanger\/#website","url":"https:\/\/hoyre.no\/stavanger\/","name":"Stavanger H\u00f8yre","description":"Bare enda et H\u00f8yres nettsteder-nettsted","inLanguage":"nb-NO"}]}},"distributor_meta":false,"distributor_terms":false,"distributor_media":false,"distributor_original_site_name":"Stavanger H\u00f8yre","distributor_original_site_url":"https:\/\/hoyre.no\/stavanger","push-errors":false,"_links":{"self":[{"href":"https:\/\/hoyre.no\/stavanger\/wp-json\/wp\/v2\/pages\/1308","targetHints":{"allow":["GET"]}}],"collection":[{"href":"https:\/\/hoyre.no\/stavanger\/wp-json\/wp\/v2\/pages"}],"about":[{"href":"https:\/\/hoyre.no\/stavanger\/wp-json\/wp\/v2\/types\/page"}],"author":[{"embeddable":true,"href":"https:\/\/hoyre.no\/stavanger\/wp-json\/wp\/v2\/users\/30950"}],"replies":[{"embeddable":true,"href":"https:\/\/hoyre.no\/stavanger\/wp-json\/wp\/v2\/comments?post=1308"}],"version-history":[{"count":3,"href":"https:\/\/hoyre.no\/stavanger\/wp-json\/wp\/v2\/pages\/1308\/revisions"}],"predecessor-version":[{"id":1781,"href":"https:\/\/hoyre.no\/stavanger\/wp-json\/wp\/v2\/pages\/1308\/revisions\/1781"}],"wp:attachment":[{"href":"https:\/\/hoyre.no\/stavanger\/wp-json\/wp\/v2\/media?parent=1308"}],"curies":[{"name":"wp","href":"https:\/\/api.w.org\/{rel}","templated":true}]}}