{"id":3047,"date":"2026-02-08T16:50:14","date_gmt":"2026-02-08T15:50:14","guid":{"rendered":"https:\/\/hoyre.no\/stavanger\/?page_id=3047"},"modified":"2026-02-08T17:37:45","modified_gmt":"2026-02-08T16:37:45","slug":"en-ny-innvandrings-og-integreringspolitikk-for-et-sterkt-fellesskap","status":"publish","type":"page","link":"https:\/\/hoyre.no\/stavanger\/en-ny-innvandrings-og-integreringspolitikk-for-et-sterkt-fellesskap\/","title":{"rendered":"En ny innvandrings- og integreringspolitikk for et sterkt fellesskap"},"content":{"rendered":"\n<div class=\"wp-block-hoyre-hero with-image-gradient text-color-light  alignfull has-background \"><div class=\"hoyre-hero \"><h1 class=\"title\">En ny innvandrings- og integreringspolitikk for et sterkt fellesskap<\/h1><\/div><\/div>\n\n\n\n\n<p>Norge har lykkes med mye, men integreringen g\u00e5r ikke godt nok. Arbeid og spr\u00e5k er fortsatt n\u00f8kkelen til \u00e5 bli inkludert i det norske fellesskapet, men integrering handler om mer enn \u00f8konomisk selvfors\u00f8rgelse. Det handler om tillit \u2013 og for \u00e5 sikre og bygge tillit m\u00e5 det finnes et sterkt grunnlag i felles verdier, institusjoner, historie og tradisjoner.<\/p>\n\n\n\n<p>Vi m\u00e5 v\u00e5ge \u00e5 snakke om kultur som en del av integreringspolitikken. Skal vi bevare velferdsstaten og tilliten som b\u00e6rer Norge, m\u00e5 vi ogs\u00e5 bevare de verdiene, det verdenssynet og de kulturelle tradisjonene som har bygget det tillitsbaserte Norge vi er s\u00e5 glad i. Derfor m\u00e5 vi fornye integreringspolitikken \u2013 ikke fordi Norge skal v\u00e6re mindre \u00e5pent, men fordi vi \u00f8nsker \u00e5 bevare det som gj\u00f8r samfunnet v\u00e5rt sterkt.<\/p>\n\n\n\n<p>Integrering handler om mer enn arbeid og spr\u00e5k \u2013 det handler om verdier og en felles tilh\u00f8righetsf\u00f8lelse. Innvandring og integrering er mer sammensatt enn \u00e5 v\u00e6re for eller imot. Innvandring gir mange muligheter, men ogs\u00e5 mange utfordringer. For lenge har innvandring blitt satt i lys av \u00f8konomiske fordeler alene, mens den ogs\u00e5 f\u00f8rer til demografiske, kulturelle og politiske endringer og utfordringer.&nbsp;<\/p>\n\n\n\n<p>Vi m\u00e5 videreutvikle et integreringsprosjekt som bygger p\u00e5 frihet, ansvar, tillit og felles verdier og tradisjonsgrunnlag.<\/p>\n\n\n\n<p><strong>Bakgrunn<\/strong><\/p>\n\n\n\n<p>Mange har pekt p\u00e5 at Norge har utviklet en ber\u00f8ringsangst i integreringsdebatten. Vi snakker for lite om kultur og verdier, og for mye om spr\u00e5k, arbeid, systemer og prosesser.&nbsp;<\/p>\n\n\n\n<p>N\u00e5r integreringen g\u00e5r saktere enn innvandringen, klarer vi ikke \u00e5 inkludere alle v\u00e5re nye landsmenn i fellesskapet. Det store samfunnet f\u00e5r ikke nok tid til \u00e5 venne seg til endringene, og innvandrere f\u00e5r mindre rom til \u00e5 forst\u00e5 hvilket Norge de skal integreres inn i. Da risikerer vi \u00e5 miste det som gj\u00f8r Norge unikt: h\u00f8y tillit, sm\u00e5 forskjeller og stor sosial mobilitet. Dette er ikke et sp\u00f8rsm\u00e5l om \u00e5 v\u00e6re for eller mot innvandring, men om \u00e5 sikre at innvandringen skjer p\u00e5 en m\u00e5te som faktisk bygger samfunnet, og ikke svekker dets tillit.<\/p>\n\n\n\n<p>Et Civita-notat fra 2025 dokumenterer at integreringen utfordres av tre faktorer:<\/p>\n\n\n\n<ul class=\"wp-block-list\">\n<li>For h\u00f8yt innvandringsniv\u00e5 i forhold til samfunnets kapasitet til \u00e5 integrere.<\/li>\n<\/ul>\n\n\n\n<ul class=\"wp-block-list\">\n<li>Kulturelle barrierer som negativ sosial kontroll, \u00e6reskultur og klankultur.<\/li>\n<\/ul>\n\n\n\n<ul class=\"wp-block-list\">\n<li>\u00d8kende segregering i skole og bomilj\u00f8, som svekker fellesskapet og skaper utenforskap.<\/li>\n<\/ul>\n\n\n\n<p>Norge har tatt imot over 100 000 flyktninger siden 2022. Det har vist b\u00e5de vilje og kapasitet, men ogs\u00e5 press p\u00e5 kommunene, manglende spr\u00e5k- og arbeidsoppf\u00f8lging og \u00f8kende segregering.<\/p>\n\n\n\n<p>If\u00f8lge IMDis integreringsbarometer f\u00f8ler mange norskf\u00f8dte med innvandrerforeldre seg integrert \u2013 men ikke fullt ut akseptert. Samtidig viser samfunnsdebatten at vi mangler en helhetlig forst\u00e5else av samfunnets absorpsjonskapasitet, alts\u00e5 hvor mye og hva slags innvandring Norge faktisk har evne til \u00e5 integrere. Til sammen viser dette at integrering handler om gjensidighet: majoritetssamfunnet m\u00e5 ogs\u00e5 inkludere, men det m\u00e5 gj\u00f8re det innenfor en kapasitet og en evne som gj\u00f8r inkluderingen reell.<\/p>\n\n\n\n<p>H\u00f8yre b\u00f8r v\u00e6re partiet som tar h\u00f8yde for dette og utvikler en ny, b\u00e6rekraftig innvandrings- og integreringspolitikk. Det krever politikk som omdefinerer selve grunnlaget for integrering slik det har v\u00e6rt utformet frem til i dag.<\/p>\n\n\n\n<p>H\u00f8yre vil:&nbsp;<\/p>\n\n\n\n<ul class=\"wp-block-list\">\n<li>Jobbe for et nasjonalt rammeverk for absorbsjonskapasitet som m\u00e5ler spr\u00e5k, arbeid, utdanning og sosial deltakelse i kommunene \u2013 og kobler innvandringsniv\u00e5et til integreringsevne.<\/li>\n<\/ul>\n\n\n\n<ul class=\"wp-block-list\">\n<li>Be regjeringen legge frem en perspektivmelding for integrering hvert fjerde \u00e5r, der demografi, verdier, kompetanse, likestilling og \u00f8konomi analyseres samlet \u2013 etter modell av Perspektivmeldingen for statsfinansene.<\/li>\n<\/ul>\n\n\n\n<ul class=\"wp-block-list\">\n<li>Styrke verdidimensjonen i integreringsarbeidet, blant annet gjennom obligatorisk oppl\u00e6ring i norske verdier og samfunnsnormer i introduksjonsprogrammet, etter den danske modellen.<\/li>\n<\/ul>\n\n\n\n<ul class=\"wp-block-list\">\n<li>Jobbe for spredt bosetting og forhindre gettodannelse, blant annet gjennom spr\u00e5koppl\u00e6ring f\u00f8r skolestart og ved \u00e5 sikre at minoritetsspr\u00e5klige elever ikke utgj\u00f8r et flertall ved enkelte skoler.<\/li>\n<\/ul>\n\n\n\n<ul class=\"wp-block-list\">\n<li>Styrke kommunenes integreringsevne, inkludert \u00f8konomiske ordninger som bel\u00f8nner kommuner som lykkes med arbeid, spr\u00e5k og samfunnsdeltakelse.<\/li>\n<\/ul>\n\n\n\n<ul class=\"wp-block-list\">\n<li>Jobbe for \u00e5 reformere og videreutvikle asylsystemet i samarbeid med europeiske partnere, slik at flere f\u00e5r hjelp i n\u00e6romr\u00e5dene og f\u00e6rre trenger \u00e5 risikere livet for \u00e5 s\u00f8ke beskyttelse.<\/li>\n<\/ul>\n\n\n\n<ul class=\"wp-block-list\">\n<li>Sikre at midlertidig beskyttelse forblir midlertidig, og bidra til trygg og verdig retur n\u00e5r forholdene i hjemlandet tillater det.<\/li>\n<\/ul>\n\n\n\n<ul class=\"wp-block-list\">\n<li>S\u00f8rge for at Norge ikke tar imot flere kvoteflyktninger enn det kommunene faktisk har kapasitet til \u00e5 integrere, og styrke returarbeidet slik at ordningene fungerer etter intensjonen.<\/li>\n<\/ul>\n\n\n\n<ul class=\"wp-block-list\">\n<li>Styrke oppl\u00e6ringen i demokrati, medborgerskap og rettsstatens prinsipper, og stille tydelige krav om forst\u00e5else og respekt for demokratiske og liberale verdier ved permanent opphold og statsborgerskap.<\/li>\n<\/ul>\n\n","protected":false},"excerpt":{"rendered":"","protected":false},"author":33409,"featured_media":0,"parent":0,"menu_order":0,"comment_status":"closed","ping_status":"closed","template":"","meta":{"teft_cards_image_url":"","teft_cards_custom_pretitle":"","teft_cards_image_id":0,"teft_cards_image_focal_point_x":0,"teft_cards_image_focal_point_y":0,"teft_cards_title":"","teft_cards_excerpt":"","teft_show_chapters":false,"footnotes":""},"class_list":["post-3047","page","type-page","status-publish","hentry"],"yoast_head":"<!-- This site is optimized with the Yoast SEO plugin v26.6 - https:\/\/yoast.com\/wordpress\/plugins\/seo\/ -->\n<title>En ny innvandrings- og integreringspolitikk for et sterkt fellesskap - Stavanger H\u00f8yre<\/title>\n<meta name=\"robots\" content=\"index, follow, max-snippet:-1, max-image-preview:large, max-video-preview:-1\" \/>\n<link rel=\"canonical\" href=\"https:\/\/hoyre.no\/stavanger\/en-ny-innvandrings-og-integreringspolitikk-for-et-sterkt-fellesskap\/\" \/>\n<meta property=\"og:locale\" content=\"nb_NO\" \/>\n<meta property=\"og:type\" content=\"article\" \/>\n<meta property=\"og:title\" content=\"En ny innvandrings- og integreringspolitikk for et sterkt fellesskap - Stavanger H\u00f8yre\" \/>\n<meta property=\"og:url\" content=\"https:\/\/hoyre.no\/stavanger\/en-ny-innvandrings-og-integreringspolitikk-for-et-sterkt-fellesskap\/\" \/>\n<meta property=\"og:site_name\" content=\"Stavanger H\u00f8yre\" \/>\n<meta property=\"article:modified_time\" content=\"2026-02-08T16:37:45+00:00\" \/>\n<meta property=\"og:image\" content=\"https:\/\/hoyre.no\/content\/uploads\/sites\/212\/2022\/11\/Hoyres-logo.png\" \/>\n\t<meta property=\"og:image:width\" content=\"1000\" \/>\n\t<meta property=\"og:image:height\" content=\"1000\" \/>\n\t<meta property=\"og:image:type\" content=\"image\/png\" \/>\n<meta name=\"twitter:card\" content=\"summary_large_image\" \/>\n<meta name=\"twitter:label1\" content=\"Ansl. lesetid\" \/>\n\t<meta name=\"twitter:data1\" content=\"4 minutter\" \/>\n<script type=\"application\/ld+json\" class=\"yoast-schema-graph\">{\"@context\":\"https:\/\/schema.org\",\"@graph\":[{\"@type\":\"WebPage\",\"@id\":\"https:\/\/hoyre.no\/stavanger\/en-ny-innvandrings-og-integreringspolitikk-for-et-sterkt-fellesskap\/\",\"url\":\"https:\/\/hoyre.no\/stavanger\/en-ny-innvandrings-og-integreringspolitikk-for-et-sterkt-fellesskap\/\",\"name\":\"En ny innvandrings- og integreringspolitikk for et sterkt fellesskap - Stavanger H\u00f8yre\",\"isPartOf\":{\"@id\":\"https:\/\/hoyre.no\/stavanger\/#website\"},\"datePublished\":\"2026-02-08T15:50:14+00:00\",\"dateModified\":\"2026-02-08T16:37:45+00:00\",\"breadcrumb\":{\"@id\":\"https:\/\/hoyre.no\/stavanger\/en-ny-innvandrings-og-integreringspolitikk-for-et-sterkt-fellesskap\/#breadcrumb\"},\"inLanguage\":\"nb-NO\",\"potentialAction\":[{\"@type\":\"ReadAction\",\"target\":[\"https:\/\/hoyre.no\/stavanger\/en-ny-innvandrings-og-integreringspolitikk-for-et-sterkt-fellesskap\/\"]}]},{\"@type\":\"BreadcrumbList\",\"@id\":\"https:\/\/hoyre.no\/stavanger\/en-ny-innvandrings-og-integreringspolitikk-for-et-sterkt-fellesskap\/#breadcrumb\",\"itemListElement\":[{\"@type\":\"ListItem\",\"position\":1,\"name\":\"Til hoyre.no\",\"item\":\"https:\/\/hoyre.no\"},{\"@type\":\"ListItem\",\"position\":2,\"name\":\"Hjem\",\"item\":\"https:\/\/hoyre.no\/stavanger\/\"},{\"@type\":\"ListItem\",\"position\":3,\"name\":\"En ny innvandrings- og integreringspolitikk for et sterkt fellesskap\"}]},{\"@type\":\"WebSite\",\"@id\":\"https:\/\/hoyre.no\/stavanger\/#website\",\"url\":\"https:\/\/hoyre.no\/stavanger\/\",\"name\":\"Stavanger H\u00f8yre\",\"description\":\"Bare enda et H\u00f8yres nettsteder-nettsted\",\"inLanguage\":\"nb-NO\"}]}<\/script>\n<!-- \/ Yoast SEO plugin. -->","yoast_head_json":{"title":"En ny innvandrings- og integreringspolitikk for et sterkt fellesskap - Stavanger H\u00f8yre","robots":{"index":"index","follow":"follow","max-snippet":"max-snippet:-1","max-image-preview":"max-image-preview:large","max-video-preview":"max-video-preview:-1"},"canonical":"https:\/\/hoyre.no\/stavanger\/en-ny-innvandrings-og-integreringspolitikk-for-et-sterkt-fellesskap\/","og_locale":"nb_NO","og_type":"article","og_title":"En ny innvandrings- og integreringspolitikk for et sterkt fellesskap - Stavanger H\u00f8yre","og_url":"https:\/\/hoyre.no\/stavanger\/en-ny-innvandrings-og-integreringspolitikk-for-et-sterkt-fellesskap\/","og_site_name":"Stavanger H\u00f8yre","article_modified_time":"2026-02-08T16:37:45+00:00","og_image":[{"width":1000,"height":1000,"url":"https:\/\/hoyre.no\/content\/uploads\/sites\/212\/2022\/11\/Hoyres-logo.png","type":"image\/png"}],"twitter_card":"summary_large_image","twitter_misc":{"Ansl. lesetid":"4 minutter"},"schema":{"@context":"https:\/\/schema.org","@graph":[{"@type":"WebPage","@id":"https:\/\/hoyre.no\/stavanger\/en-ny-innvandrings-og-integreringspolitikk-for-et-sterkt-fellesskap\/","url":"https:\/\/hoyre.no\/stavanger\/en-ny-innvandrings-og-integreringspolitikk-for-et-sterkt-fellesskap\/","name":"En ny innvandrings- og integreringspolitikk for et sterkt fellesskap - Stavanger H\u00f8yre","isPartOf":{"@id":"https:\/\/hoyre.no\/stavanger\/#website"},"datePublished":"2026-02-08T15:50:14+00:00","dateModified":"2026-02-08T16:37:45+00:00","breadcrumb":{"@id":"https:\/\/hoyre.no\/stavanger\/en-ny-innvandrings-og-integreringspolitikk-for-et-sterkt-fellesskap\/#breadcrumb"},"inLanguage":"nb-NO","potentialAction":[{"@type":"ReadAction","target":["https:\/\/hoyre.no\/stavanger\/en-ny-innvandrings-og-integreringspolitikk-for-et-sterkt-fellesskap\/"]}]},{"@type":"BreadcrumbList","@id":"https:\/\/hoyre.no\/stavanger\/en-ny-innvandrings-og-integreringspolitikk-for-et-sterkt-fellesskap\/#breadcrumb","itemListElement":[{"@type":"ListItem","position":1,"name":"Til hoyre.no","item":"https:\/\/hoyre.no"},{"@type":"ListItem","position":2,"name":"Hjem","item":"https:\/\/hoyre.no\/stavanger\/"},{"@type":"ListItem","position":3,"name":"En ny innvandrings- og integreringspolitikk for et sterkt fellesskap"}]},{"@type":"WebSite","@id":"https:\/\/hoyre.no\/stavanger\/#website","url":"https:\/\/hoyre.no\/stavanger\/","name":"Stavanger H\u00f8yre","description":"Bare enda et H\u00f8yres nettsteder-nettsted","inLanguage":"nb-NO"}]}},"distributor_meta":false,"distributor_terms":false,"distributor_media":false,"distributor_original_site_name":"Stavanger H\u00f8yre","distributor_original_site_url":"https:\/\/hoyre.no\/stavanger","push-errors":false,"_links":{"self":[{"href":"https:\/\/hoyre.no\/stavanger\/wp-json\/wp\/v2\/pages\/3047","targetHints":{"allow":["GET"]}}],"collection":[{"href":"https:\/\/hoyre.no\/stavanger\/wp-json\/wp\/v2\/pages"}],"about":[{"href":"https:\/\/hoyre.no\/stavanger\/wp-json\/wp\/v2\/types\/page"}],"author":[{"embeddable":true,"href":"https:\/\/hoyre.no\/stavanger\/wp-json\/wp\/v2\/users\/33409"}],"replies":[{"embeddable":true,"href":"https:\/\/hoyre.no\/stavanger\/wp-json\/wp\/v2\/comments?post=3047"}],"version-history":[{"count":4,"href":"https:\/\/hoyre.no\/stavanger\/wp-json\/wp\/v2\/pages\/3047\/revisions"}],"predecessor-version":[{"id":3051,"href":"https:\/\/hoyre.no\/stavanger\/wp-json\/wp\/v2\/pages\/3047\/revisions\/3051"}],"wp:attachment":[{"href":"https:\/\/hoyre.no\/stavanger\/wp-json\/wp\/v2\/media?parent=3047"}],"curies":[{"name":"wp","href":"https:\/\/api.w.org\/{rel}","templated":true}]}}