{"id":897,"date":"2022-12-29T17:39:17","date_gmt":"2022-12-29T16:39:17","guid":{"rendered":"https:\/\/hoyre.no\/stavanger\/?page_id=897"},"modified":"2023-07-08T09:44:05","modified_gmt":"2023-07-08T07:44:05","slug":"emilie-christensen","status":"publish","type":"page","link":"https:\/\/hoyre.no\/stavanger\/emilie-christensen\/","title":{"rendered":"Emilie Christensen"},"content":{"rendered":"\n\n\n\n<figure class=\"wp-block-image size-large\"><img loading=\"lazy\" decoding=\"async\" width=\"768\" height=\"1024\" src=\"https:\/\/hoyre.no\/content\/uploads\/sites\/212\/2023\/02\/20230131_171204409_iOS-768x1024.jpg\" alt=\"\" class=\"wp-image-1798\" srcset=\"https:\/\/hoyre.no\/content\/uploads\/sites\/212\/2023\/02\/20230131_171204409_iOS-768x1024.jpg 768w, https:\/\/hoyre.no\/content\/uploads\/sites\/212\/2023\/02\/20230131_171204409_iOS-225x300.jpg 225w, https:\/\/hoyre.no\/content\/uploads\/sites\/212\/2023\/02\/20230131_171204409_iOS-1152x1536.jpg 1152w, https:\/\/hoyre.no\/content\/uploads\/sites\/212\/2023\/02\/20230131_171204409_iOS-1536x2048.jpg 1536w, https:\/\/hoyre.no\/content\/uploads\/sites\/212\/2023\/02\/20230131_171204409_iOS-scaled.jpg 1875w\" sizes=\"auto, (max-width: 768px) 100vw, 768px\" \/><\/figure>\n\n\n\n<div class=\"wp-block-teft-factbox is-style-blue\"><div class=\"factbox-inner\"><div class=\"entry-content\"><h4 class=\"toggle\">Kort om Emilie<\/h4>\n<p><strong>Vokst opp:&nbsp;<\/strong>Drammen<\/p>\n\n\n\n<p><strong>Bor n\u00e5:<\/strong>&nbsp;Storhaug<\/p>\n\n\n\n<p><strong>Jobber som:\u00a0<\/strong>Funding &amp; Internationalisation Manager i Nordic Edge.<\/p>\n\n\n\n<p><strong>Hvorfor meldte du deg inn i H\u00f8yre?<\/strong><br>Jeg meldte meg inn i H\u00f8yre fordi jeg \u00f8nsket \u00e5 v\u00e6re med \u00e5 p\u00e5virke retningen samfunnet v\u00e5rt skulle ta, jeg ville da v\u00e6re en del av et fremoverlent, endringsvillig parti som fremmer vekst, hvor jeg kunne stille meg bak b\u00e5de ideologi og politikk. \u00a0H\u00f8yre var da det naturlige valget for meg.<\/p>\n\n\n\n<p class=\"is-style-default\"><strong>Hva er dine hjertesaker i valgkampen?<\/strong><br><strong>N\u00e6ringsutvikling<\/strong> \u2013 jeg \u00f8nsker \u00e5 jobbe for \u00e5 fremme vekst i n\u00e6ringslivet, b\u00e5de \u00f8konomisk, teknologisk og sosialt. Spesielt brenner jeg for utvikling av flere gr\u00f8nne n\u00e6ringer som skaper flere arbeidsplasser. For \u00e5 oppn\u00e5 suksess med dette m\u00e5 vi gj\u00f8re det attraktivt \u00e5 jobbe i disse gr\u00f8nne n\u00e6ringer b\u00e5de for nyutdannede og seniorer som vil skifte beite.<br><br><strong>Klima og milj\u00f8<\/strong> \u2013 Jeg \u00f8nsker \u00e5 jobbe for smarte, gr\u00f8nne og klimavennlige byomr\u00e5der. Vi m\u00e5 gj\u00f8re det enklere og bedre for innbyggerne i Stavanger \u00e5 bruke kollektivt, sykkel eller g\u00e5 til fots. Vi m\u00e5 bedre kollektivt tilbudet, b\u00e5de i byen og p\u00e5 \u00f8yene. Vi trenger flere gr\u00f8nne lunger i de tettbygde omr\u00e5dene.<br><br><strong>Stavanger som en attraktiv by \u00e5 bli i, flytte til og etablere seg i<\/strong> \u2013 Jeg \u00f8nsker at Stavanger skal v\u00e6re en kommune i vekst, at vi skal ha flere tilflyttere enn fraflytter. Vi m\u00e5 derfor gj\u00f8re Stavanger attraktiv \u00e5 bo og etablere seg i, spesielt for unge, nyutdannede mennesker. Det m\u00e5 bli enklere for f\u00f8rstegangskj\u00f8pere \u00e5 investere i boligmarkedet. Vi trenger bedre idretts- og kulturtilbud. Det m\u00e5 ogs\u00e5 skapes flere, attraktive og relevante arbeidsplasser for fremtiden. Ved \u00e5 v\u00e6re en attraktiv kommune kan vi trekke de klokeste hodene hit og v\u00e6re fremme i skoen p\u00e5 innovasjon og nyskapning.<\/p>\n<\/div><\/div><\/div>\n\n","protected":false},"excerpt":{"rendered":"","protected":false},"author":30950,"featured_media":0,"parent":0,"menu_order":0,"comment_status":"closed","ping_status":"closed","template":"","meta":{"teft_cards_image_url":"","teft_cards_custom_pretitle":"","teft_cards_image_id":1798,"teft_cards_image_focal_point_x":0.5,"teft_cards_image_focal_point_y":0.5,"teft_cards_title":"","teft_cards_excerpt":"","teft_show_chapters":false,"footnotes":""},"class_list":["post-897","page","type-page","status-publish","hentry"],"yoast_head":"<!-- This site is optimized with the Yoast SEO plugin v26.6 - https:\/\/yoast.com\/wordpress\/plugins\/seo\/ -->\n<title>Emilie Christensen - Stavanger H\u00f8yre<\/title>\n<meta name=\"description\" content=\"Bli bedre kjent med v\u00e5r kandidat til kommunevalget 2023\" \/>\n<meta name=\"robots\" content=\"index, follow, max-snippet:-1, max-image-preview:large, max-video-preview:-1\" \/>\n<link rel=\"canonical\" href=\"https:\/\/hoyre.no\/stavanger\/emilie-christensen\/\" \/>\n<meta property=\"og:locale\" content=\"nb_NO\" \/>\n<meta property=\"og:type\" content=\"article\" \/>\n<meta property=\"og:title\" content=\"Emilie Christensen - Stavanger H\u00f8yre\" \/>\n<meta property=\"og:description\" content=\"Bli bedre kjent med v\u00e5r kandidat til kommunevalget 2023\" \/>\n<meta property=\"og:url\" content=\"https:\/\/hoyre.no\/stavanger\/emilie-christensen\/\" \/>\n<meta property=\"og:site_name\" content=\"Stavanger H\u00f8yre\" \/>\n<meta property=\"article:modified_time\" content=\"2023-07-08T07:44:05+00:00\" \/>\n<meta property=\"og:image\" content=\"https:\/\/hoyre.no\/content\/uploads\/sites\/212\/2023\/02\/20230131_171204409_iOS-768x1024.jpg\" \/>\n<meta name=\"twitter:card\" content=\"summary_large_image\" \/>\n<meta name=\"twitter:label1\" content=\"Ansl. lesetid\" \/>\n\t<meta name=\"twitter:data1\" content=\"2 minutter\" \/>\n<script type=\"application\/ld+json\" class=\"yoast-schema-graph\">{\"@context\":\"https:\/\/schema.org\",\"@graph\":[{\"@type\":\"WebPage\",\"@id\":\"https:\/\/hoyre.no\/stavanger\/emilie-christensen\/\",\"url\":\"https:\/\/hoyre.no\/stavanger\/emilie-christensen\/\",\"name\":\"Emilie Christensen - Stavanger H\u00f8yre\",\"isPartOf\":{\"@id\":\"https:\/\/hoyre.no\/stavanger\/#website\"},\"image\":{\"@id\":\"https:\/\/hoyre.no\/stavanger\/emilie-christensen\/#primaryimage\"},\"thumbnailUrl\":\"https:\/\/hoyre.no\/content\/uploads\/sites\/212\/2023\/02\/20230131_171204409_iOS-768x1024.jpg\",\"datePublished\":\"2022-12-29T16:39:17+00:00\",\"dateModified\":\"2023-07-08T07:44:05+00:00\",\"description\":\"Bli bedre kjent med v\u00e5r kandidat til kommunevalget 2023\",\"breadcrumb\":{\"@id\":\"https:\/\/hoyre.no\/stavanger\/emilie-christensen\/#breadcrumb\"},\"inLanguage\":\"nb-NO\",\"potentialAction\":[{\"@type\":\"ReadAction\",\"target\":[\"https:\/\/hoyre.no\/stavanger\/emilie-christensen\/\"]}]},{\"@type\":\"ImageObject\",\"inLanguage\":\"nb-NO\",\"@id\":\"https:\/\/hoyre.no\/stavanger\/emilie-christensen\/#primaryimage\",\"url\":\"https:\/\/hoyre.no\/content\/uploads\/sites\/212\/2023\/02\/20230131_171204409_iOS-768x1024.jpg\",\"contentUrl\":\"https:\/\/hoyre.no\/content\/uploads\/sites\/212\/2023\/02\/20230131_171204409_iOS-768x1024.jpg\"},{\"@type\":\"BreadcrumbList\",\"@id\":\"https:\/\/hoyre.no\/stavanger\/emilie-christensen\/#breadcrumb\",\"itemListElement\":[{\"@type\":\"ListItem\",\"position\":1,\"name\":\"Til hoyre.no\",\"item\":\"https:\/\/hoyre.no\"},{\"@type\":\"ListItem\",\"position\":2,\"name\":\"Hjem\",\"item\":\"https:\/\/hoyre.no\/stavanger\/\"},{\"@type\":\"ListItem\",\"position\":3,\"name\":\"Emilie Christensen\"}]},{\"@type\":\"WebSite\",\"@id\":\"https:\/\/hoyre.no\/stavanger\/#website\",\"url\":\"https:\/\/hoyre.no\/stavanger\/\",\"name\":\"Stavanger H\u00f8yre\",\"description\":\"Bare enda et H\u00f8yres nettsteder-nettsted\",\"inLanguage\":\"nb-NO\"}]}<\/script>\n<!-- \/ Yoast SEO plugin. -->","yoast_head_json":{"title":"Emilie Christensen - Stavanger H\u00f8yre","description":"Bli bedre kjent med v\u00e5r kandidat til kommunevalget 2023","robots":{"index":"index","follow":"follow","max-snippet":"max-snippet:-1","max-image-preview":"max-image-preview:large","max-video-preview":"max-video-preview:-1"},"canonical":"https:\/\/hoyre.no\/stavanger\/emilie-christensen\/","og_locale":"nb_NO","og_type":"article","og_title":"Emilie Christensen - Stavanger H\u00f8yre","og_description":"Bli bedre kjent med v\u00e5r kandidat til kommunevalget 2023","og_url":"https:\/\/hoyre.no\/stavanger\/emilie-christensen\/","og_site_name":"Stavanger H\u00f8yre","article_modified_time":"2023-07-08T07:44:05+00:00","og_image":[{"url":"https:\/\/hoyre.no\/content\/uploads\/sites\/212\/2023\/02\/20230131_171204409_iOS-768x1024.jpg","width":"","height":"","type":""}],"twitter_card":"summary_large_image","twitter_misc":{"Ansl. lesetid":"2 minutter"},"schema":{"@context":"https:\/\/schema.org","@graph":[{"@type":"WebPage","@id":"https:\/\/hoyre.no\/stavanger\/emilie-christensen\/","url":"https:\/\/hoyre.no\/stavanger\/emilie-christensen\/","name":"Emilie Christensen - Stavanger H\u00f8yre","isPartOf":{"@id":"https:\/\/hoyre.no\/stavanger\/#website"},"image":{"@id":"https:\/\/hoyre.no\/stavanger\/emilie-christensen\/#primaryimage"},"thumbnailUrl":"https:\/\/hoyre.no\/content\/uploads\/sites\/212\/2023\/02\/20230131_171204409_iOS-768x1024.jpg","datePublished":"2022-12-29T16:39:17+00:00","dateModified":"2023-07-08T07:44:05+00:00","description":"Bli bedre kjent med v\u00e5r kandidat til kommunevalget 2023","breadcrumb":{"@id":"https:\/\/hoyre.no\/stavanger\/emilie-christensen\/#breadcrumb"},"inLanguage":"nb-NO","potentialAction":[{"@type":"ReadAction","target":["https:\/\/hoyre.no\/stavanger\/emilie-christensen\/"]}]},{"@type":"ImageObject","inLanguage":"nb-NO","@id":"https:\/\/hoyre.no\/stavanger\/emilie-christensen\/#primaryimage","url":"https:\/\/hoyre.no\/content\/uploads\/sites\/212\/2023\/02\/20230131_171204409_iOS-768x1024.jpg","contentUrl":"https:\/\/hoyre.no\/content\/uploads\/sites\/212\/2023\/02\/20230131_171204409_iOS-768x1024.jpg"},{"@type":"BreadcrumbList","@id":"https:\/\/hoyre.no\/stavanger\/emilie-christensen\/#breadcrumb","itemListElement":[{"@type":"ListItem","position":1,"name":"Til hoyre.no","item":"https:\/\/hoyre.no"},{"@type":"ListItem","position":2,"name":"Hjem","item":"https:\/\/hoyre.no\/stavanger\/"},{"@type":"ListItem","position":3,"name":"Emilie Christensen"}]},{"@type":"WebSite","@id":"https:\/\/hoyre.no\/stavanger\/#website","url":"https:\/\/hoyre.no\/stavanger\/","name":"Stavanger H\u00f8yre","description":"Bare enda et H\u00f8yres nettsteder-nettsted","inLanguage":"nb-NO"}]}},"distributor_meta":false,"distributor_terms":false,"distributor_media":false,"distributor_original_site_name":"Stavanger H\u00f8yre","distributor_original_site_url":"https:\/\/hoyre.no\/stavanger","push-errors":false,"_links":{"self":[{"href":"https:\/\/hoyre.no\/stavanger\/wp-json\/wp\/v2\/pages\/897","targetHints":{"allow":["GET"]}}],"collection":[{"href":"https:\/\/hoyre.no\/stavanger\/wp-json\/wp\/v2\/pages"}],"about":[{"href":"https:\/\/hoyre.no\/stavanger\/wp-json\/wp\/v2\/types\/page"}],"author":[{"embeddable":true,"href":"https:\/\/hoyre.no\/stavanger\/wp-json\/wp\/v2\/users\/30950"}],"replies":[{"embeddable":true,"href":"https:\/\/hoyre.no\/stavanger\/wp-json\/wp\/v2\/comments?post=897"}],"version-history":[{"count":6,"href":"https:\/\/hoyre.no\/stavanger\/wp-json\/wp\/v2\/pages\/897\/revisions"}],"predecessor-version":[{"id":2272,"href":"https:\/\/hoyre.no\/stavanger\/wp-json\/wp\/v2\/pages\/897\/revisions\/2272"}],"wp:attachment":[{"href":"https:\/\/hoyre.no\/stavanger\/wp-json\/wp\/v2\/media?parent=897"}],"curies":[{"name":"wp","href":"https:\/\/api.w.org\/{rel}","templated":true}]}}