{"id":226,"date":"2023-05-02T12:48:24","date_gmt":"2023-05-02T10:48:24","guid":{"rendered":"https:\/\/hoyre.no\/steinkjer\/?page_id=226"},"modified":"2023-07-30T13:48:13","modified_gmt":"2023-07-30T11:48:13","slug":"politikk","status":"publish","type":"page","link":"https:\/\/hoyre.no\/steinkjer\/politikk\/","title":{"rendered":"Politikk"},"content":{"rendered":"\n<div class=\"wp-block-hoyre-hero with-image-gradient text-color-light  has-media alignfull has-background\"><div class=\"hoyre-hero has-image\"><h1 class=\"title\">Politikk<\/h1><p class=\"preamble\">N\u00e5r frivilligheten, n\u00e6ringslivet og offentlig sektor spiller p\u00e5 lag, skapes gode lokalsamfunn. <br>H\u00f8yre tror p\u00e5 enkeltmenneskets evne og lyst til \u00e5 st\u00e5 p\u00e5 egne ben.<br><br>Det er v\u00e5r oppgave \u00e5 s\u00f8rge for at mennesker kan leve gode liv, uansett utgangspunkt. <br>Vi skaper ikke politikk for kommunen, men for alle som bor her. <br>H\u00f8yre tror p\u00e5 et samfunn som gir muligheter for alle.<\/p>\t\t\t<div class=\"post-meta wp-block teft-byline-wrapper\">\n\t\t\t\t<div class=\"top\">\n\t\t\t\t\t<div class=\"signature\">\n\t\t\t\t\t\t<div class=\"teft-byline\">\n\t\t\t\t\t\t\t\t\t\t\t\t\t\t<div>\n\t\t\t\t\t\t\t\t<h3>H\u00f8yres redaksjon<\/h3>\t\t\t\t\t\t\t\t\n\t\t\t\t\t\t\t\t\t\t\t\t\t\t\t\t\t<span class=\"date\">Sist oppdatert: 30. juli 2023<\/span>\n\t\t\t\t\t\t\t\t\t\t\t\t\t\t\t\t\t\t\t\t\t\t\t\t\t<span class=\"reading-time\" itemprop=\"timeRequired\" content=\"PT1M\"><em>Ca. 1 minutter lesetid<\/em><\/span>\n\t\t\t\t\t\t\t\t\t\t\t\t\t\t\t<\/div>\n\t\t\t\t\t\t<\/div>\n\t\t\t\t\t<\/div>\n\t\t\t\t\t\t<div class=\"sharing\">\n\t\t<a class=\"share-button share-link copy-link\" data-copy=\"https:\/\/hoyre.no\/steinkjer\/politikk\/\" target=\"_blank\"><span class=\"screen-reader-text\">Del link<\/span><\/a>\n\t\t<a class=\"share-button share-twitter\" href=\"http:\/\/twitter.com\/share?text=Politikk&#038;url=https:\/\/hoyre.no\/steinkjer\/politikk\/&#038;hashtags=Hoyre\" target=\"_blank\"><span class=\"screen-reader-text\">Del p\u00e5 twitter<\/span><\/a>\n\t\t<a class=\"share-button share-facebook\" href=\"https:\/\/www.facebook.com\/sharer\/sharer.php?u=https:\/\/hoyre.no\/steinkjer\/politikk\/\" target=\"_blank\"><span class=\"screen-reader-text\">Del p\u00e5 facebook<\/span><\/a>\n\t<\/div>\n\t\t\t\t\t<\/div>\n\t\t\t<\/div>\n\n\t\t\t<figure class=\"hoyre-image-wrapper\"><div class=\"hoyre-image\"><img loading=\"lazy\" decoding=\"async\" width=\"2500\" height=\"1667\" src=\"https:\/\/hoyre.no\/content\/uploads\/sites\/273\/2023\/05\/Christine-Stian-2022-scaled.jpg\" class=\"attachment-scaled size-scaled\" alt=\"\" style=\"object-position: 50% 50%\" srcset=\"https:\/\/hoyre.no\/content\/uploads\/sites\/273\/2023\/05\/Christine-Stian-2022-scaled.jpg 2500w, https:\/\/hoyre.no\/content\/uploads\/sites\/273\/2023\/05\/Christine-Stian-2022-300x200.jpg 300w, https:\/\/hoyre.no\/content\/uploads\/sites\/273\/2023\/05\/Christine-Stian-2022-1024x683.jpg 1024w, https:\/\/hoyre.no\/content\/uploads\/sites\/273\/2023\/05\/Christine-Stian-2022-768x512.jpg 768w, https:\/\/hoyre.no\/content\/uploads\/sites\/273\/2023\/05\/Christine-Stian-2022-1536x1024.jpg 1536w, https:\/\/hoyre.no\/content\/uploads\/sites\/273\/2023\/05\/Christine-Stian-2022-2048x1365.jpg 2048w\" sizes=\"auto, (max-width: 2500px) 100vw, 2500px\" \/><\/div><\/figure><\/div><\/div>\n\n\n\n\n<div class=\"wp-block-teft-file icon-link-block\"><a href=\"https:\/\/hoyre.no\/content\/uploads\/sites\/273\/2023\/07\/PROGRAM-STEINKJER-HOYRE-2023-2027.pdf\" download><span class=\"file-title\">Her kan du lese valgprogrammet v\u00e5rt for 2023-2027<\/span><span class=\"file-name\"><\/span><\/a><\/div>\n\n","protected":false},"excerpt":{"rendered":"","protected":false},"author":171,"featured_media":0,"parent":0,"menu_order":0,"comment_status":"closed","ping_status":"closed","template":"","meta":{"teft_cards_image_url":"","teft_cards_custom_pretitle":"","teft_cards_image_id":0,"teft_cards_image_focal_point_x":0,"teft_cards_image_focal_point_y":0,"teft_cards_title":"","teft_cards_excerpt":"","teft_show_chapters":false,"footnotes":""},"class_list":["post-226","page","type-page","status-publish","hentry"],"yoast_head":"<!-- This site is optimized with the Yoast SEO plugin v26.6 - https:\/\/yoast.com\/wordpress\/plugins\/seo\/ -->\n<title>Politikk - Steinkjer H\u00f8yre<\/title>\n<meta name=\"description\" content=\"Her kan du lese Steinkjer H\u00f8yres valgprogram for perioden 2023-2027!\" \/>\n<meta name=\"robots\" content=\"index, follow, max-snippet:-1, max-image-preview:large, max-video-preview:-1\" \/>\n<link rel=\"canonical\" href=\"https:\/\/hoyre.no\/steinkjer\/politikk\/\" \/>\n<meta property=\"og:locale\" content=\"nb_NO\" \/>\n<meta property=\"og:type\" content=\"article\" \/>\n<meta property=\"og:title\" content=\"Politikk - Steinkjer H\u00f8yre\" \/>\n<meta property=\"og:description\" content=\"Her kan du lese Steinkjer H\u00f8yres valgprogram for perioden 2023-2027!\" \/>\n<meta property=\"og:url\" content=\"https:\/\/hoyre.no\/steinkjer\/politikk\/\" \/>\n<meta property=\"og:site_name\" content=\"Steinkjer H\u00f8yre\" \/>\n<meta property=\"article:modified_time\" content=\"2023-07-30T11:48:13+00:00\" \/>\n<meta property=\"og:image\" content=\"https:\/\/hoyre.no\/content\/uploads\/sites\/273\/2022\/11\/Hoyres-logo.png\" \/>\n\t<meta property=\"og:image:width\" content=\"1000\" \/>\n\t<meta property=\"og:image:height\" content=\"1000\" \/>\n\t<meta property=\"og:image:type\" content=\"image\/png\" \/>\n<meta name=\"twitter:card\" content=\"summary_large_image\" \/>\n<meta name=\"twitter:label1\" content=\"Ansl. lesetid\" \/>\n\t<meta name=\"twitter:data1\" content=\"1 minutt\" \/>\n<script type=\"application\/ld+json\" class=\"yoast-schema-graph\">{\"@context\":\"https:\/\/schema.org\",\"@graph\":[{\"@type\":\"WebPage\",\"@id\":\"https:\/\/hoyre.no\/steinkjer\/politikk\/\",\"url\":\"https:\/\/hoyre.no\/steinkjer\/politikk\/\",\"name\":\"Politikk - Steinkjer H\u00f8yre\",\"isPartOf\":{\"@id\":\"https:\/\/hoyre.no\/steinkjer\/#website\"},\"datePublished\":\"2023-05-02T10:48:24+00:00\",\"dateModified\":\"2023-07-30T11:48:13+00:00\",\"description\":\"Her kan du lese Steinkjer H\u00f8yres valgprogram for perioden 2023-2027!\",\"breadcrumb\":{\"@id\":\"https:\/\/hoyre.no\/steinkjer\/politikk\/#breadcrumb\"},\"inLanguage\":\"nb-NO\",\"potentialAction\":[{\"@type\":\"ReadAction\",\"target\":[\"https:\/\/hoyre.no\/steinkjer\/politikk\/\"]}]},{\"@type\":\"BreadcrumbList\",\"@id\":\"https:\/\/hoyre.no\/steinkjer\/politikk\/#breadcrumb\",\"itemListElement\":[{\"@type\":\"ListItem\",\"position\":1,\"name\":\"Til hoyre.no\",\"item\":\"https:\/\/hoyre.no\"},{\"@type\":\"ListItem\",\"position\":2,\"name\":\"Hjem\",\"item\":\"https:\/\/hoyre.no\/steinkjer\/\"},{\"@type\":\"ListItem\",\"position\":3,\"name\":\"Politikk\"}]},{\"@type\":\"WebSite\",\"@id\":\"https:\/\/hoyre.no\/steinkjer\/#website\",\"url\":\"https:\/\/hoyre.no\/steinkjer\/\",\"name\":\"Steinkjer H\u00f8yre\",\"description\":\"Bare enda et H\u00f8yres nettsteder-nettsted\",\"inLanguage\":\"nb-NO\"}]}<\/script>\n<!-- \/ Yoast SEO plugin. -->","yoast_head_json":{"title":"Politikk - Steinkjer H\u00f8yre","description":"Her kan du lese Steinkjer H\u00f8yres valgprogram for perioden 2023-2027!","robots":{"index":"index","follow":"follow","max-snippet":"max-snippet:-1","max-image-preview":"max-image-preview:large","max-video-preview":"max-video-preview:-1"},"canonical":"https:\/\/hoyre.no\/steinkjer\/politikk\/","og_locale":"nb_NO","og_type":"article","og_title":"Politikk - Steinkjer H\u00f8yre","og_description":"Her kan du lese Steinkjer H\u00f8yres valgprogram for perioden 2023-2027!","og_url":"https:\/\/hoyre.no\/steinkjer\/politikk\/","og_site_name":"Steinkjer H\u00f8yre","article_modified_time":"2023-07-30T11:48:13+00:00","og_image":[{"width":1000,"height":1000,"url":"https:\/\/hoyre.no\/content\/uploads\/sites\/273\/2022\/11\/Hoyres-logo.png","type":"image\/png"}],"twitter_card":"summary_large_image","twitter_misc":{"Ansl. lesetid":"1 minutt"},"schema":{"@context":"https:\/\/schema.org","@graph":[{"@type":"WebPage","@id":"https:\/\/hoyre.no\/steinkjer\/politikk\/","url":"https:\/\/hoyre.no\/steinkjer\/politikk\/","name":"Politikk - Steinkjer H\u00f8yre","isPartOf":{"@id":"https:\/\/hoyre.no\/steinkjer\/#website"},"datePublished":"2023-05-02T10:48:24+00:00","dateModified":"2023-07-30T11:48:13+00:00","description":"Her kan du lese Steinkjer H\u00f8yres valgprogram for perioden 2023-2027!","breadcrumb":{"@id":"https:\/\/hoyre.no\/steinkjer\/politikk\/#breadcrumb"},"inLanguage":"nb-NO","potentialAction":[{"@type":"ReadAction","target":["https:\/\/hoyre.no\/steinkjer\/politikk\/"]}]},{"@type":"BreadcrumbList","@id":"https:\/\/hoyre.no\/steinkjer\/politikk\/#breadcrumb","itemListElement":[{"@type":"ListItem","position":1,"name":"Til hoyre.no","item":"https:\/\/hoyre.no"},{"@type":"ListItem","position":2,"name":"Hjem","item":"https:\/\/hoyre.no\/steinkjer\/"},{"@type":"ListItem","position":3,"name":"Politikk"}]},{"@type":"WebSite","@id":"https:\/\/hoyre.no\/steinkjer\/#website","url":"https:\/\/hoyre.no\/steinkjer\/","name":"Steinkjer H\u00f8yre","description":"Bare enda et H\u00f8yres nettsteder-nettsted","inLanguage":"nb-NO"}]}},"distributor_meta":false,"distributor_terms":false,"distributor_media":false,"distributor_original_site_name":"Steinkjer H\u00f8yre","distributor_original_site_url":"https:\/\/hoyre.no\/steinkjer","push-errors":false,"_links":{"self":[{"href":"https:\/\/hoyre.no\/steinkjer\/wp-json\/wp\/v2\/pages\/226","targetHints":{"allow":["GET"]}}],"collection":[{"href":"https:\/\/hoyre.no\/steinkjer\/wp-json\/wp\/v2\/pages"}],"about":[{"href":"https:\/\/hoyre.no\/steinkjer\/wp-json\/wp\/v2\/types\/page"}],"author":[{"embeddable":true,"href":"https:\/\/hoyre.no\/steinkjer\/wp-json\/wp\/v2\/users\/171"}],"replies":[{"embeddable":true,"href":"https:\/\/hoyre.no\/steinkjer\/wp-json\/wp\/v2\/comments?post=226"}],"version-history":[{"count":2,"href":"https:\/\/hoyre.no\/steinkjer\/wp-json\/wp\/v2\/pages\/226\/revisions"}],"predecessor-version":[{"id":325,"href":"https:\/\/hoyre.no\/steinkjer\/wp-json\/wp\/v2\/pages\/226\/revisions\/325"}],"wp:attachment":[{"href":"https:\/\/hoyre.no\/steinkjer\/wp-json\/wp\/v2\/media?parent=226"}],"curies":[{"name":"wp","href":"https:\/\/api.w.org\/{rel}","templated":true}]}}