{"id":3,"date":"2020-11-14T20:59:11","date_gmt":"2020-11-14T19:59:11","guid":{"rendered":"https:\/\/hoyre.no\/stord\/forsiden\/"},"modified":"2026-03-05T14:02:14","modified_gmt":"2026-03-05T13:02:14","slug":"forsiden","status":"publish","type":"page","link":"https:\/\/hoyre.no\/stord\/","title":{"rendered":"Forsiden"},"content":{"rendered":"\n\t\t<div class=\" has-simple-highlight style-white has-mobile-text-aligned-center slogan-type-custom wp-block-hoyre-slogan\">\n\t\t\t<div class=\"slogan-container\">\n\t\t\t\t<div class=\"slogan__image\">\n\t\t\t\t\t<img loading=\"lazy\" decoding=\"async\" width=\"6070\" height=\"2428\" src=\"https:\/\/hoyre.no\/content\/uploads\/sites\/316\/2023\/07\/Stord-pa-sitt-beste.png\" class=\"slogan__background-media\" alt=\"\" style=\"--focal-point: 50% 39%;\" srcset=\"https:\/\/hoyre.no\/content\/uploads\/sites\/316\/2023\/07\/Stord-pa-sitt-beste.png 6070w, https:\/\/hoyre.no\/content\/uploads\/sites\/316\/2023\/07\/Stord-pa-sitt-beste-300x120.png 300w, https:\/\/hoyre.no\/content\/uploads\/sites\/316\/2023\/07\/Stord-pa-sitt-beste-1024x410.png 1024w, https:\/\/hoyre.no\/content\/uploads\/sites\/316\/2023\/07\/Stord-pa-sitt-beste-768x307.png 768w, https:\/\/hoyre.no\/content\/uploads\/sites\/316\/2023\/07\/Stord-pa-sitt-beste-1536x614.png 1536w, https:\/\/hoyre.no\/content\/uploads\/sites\/316\/2023\/07\/Stord-pa-sitt-beste-2048x819.png 2048w\" sizes=\"auto, (max-width: 6070px) 100vw, 6070px\" \/>\n\t\t\t\t<\/div>\n\t\t\t\t<div class=\"slogan__content\">\n\t\t\t\t\t\n\t\t\t\t\t<h2 class=\"slogan__big-title\">Moglegheiter for alle<\/h2>\n\t\t\t\t\t<p>Stord H\u00f8gre<\/p>\n\t\t\t\t\t<a href=\"https:\/\/hoyre.no\/bli-med\/bli-medlem\/\" class=\"button\">Bli medlem<\/a>\n\t\t\t\t<\/div>\n\t\t\t<\/div>\n\t\t\t\n\t\t<\/div>\n\t\t\n\n\n\t\t<div class=\"has-lightest-blue-background-color is-layout-left alignwide alignwide wp-block-hoyre-media-text\">\n\t\t\t<div class=\"hoyre-media-text__media\">\n\t\t\t\t<img loading=\"lazy\" decoding=\"async\" width=\"1024\" height=\"509\" src=\"https:\/\/hoyre.no\/content\/uploads\/sites\/316\/2023\/05\/hoyre_lokal_standard_front-1024x509.jpg\" class=\"hoyre-media-text__media-image\" alt=\"\" style=\"--focal: 89% 37%;\" srcset=\"https:\/\/hoyre.no\/content\/uploads\/sites\/316\/2023\/05\/hoyre_lokal_standard_front-1024x509.jpg 1024w, https:\/\/hoyre.no\/content\/uploads\/sites\/316\/2023\/05\/hoyre_lokal_standard_front-300x149.jpg 300w, https:\/\/hoyre.no\/content\/uploads\/sites\/316\/2023\/05\/hoyre_lokal_standard_front-768x382.jpg 768w, https:\/\/hoyre.no\/content\/uploads\/sites\/316\/2023\/05\/hoyre_lokal_standard_front-1536x763.jpg 1536w, https:\/\/hoyre.no\/content\/uploads\/sites\/316\/2023\/05\/hoyre_lokal_standard_front-2048x1018.jpg 2048w\" sizes=\"auto, (max-width: 1024px) 100vw, 1024px\" \/>\n\t\t\t<\/div>\n\t\t\t<div class=\"hoyre-media-text__content\">\n\t\t\t\t<div class=\"hoyre-media-text__content-inner\">\n\t\t\t\t\t\n\t\t\t<div class=\"hoyre-media-text__title-container\">\n\t\t\t\t\n\t\t\t\t<h2 class=\"hoyre-media-text__title\">8 grunnar til \u00e5 stemme H\u00f8gre p\u00e5 Stord<\/h2>\n\t\t\t<\/div>\n\t\t\t\n\t\t\t\t\t<div class=\"hoyre-media-text__blocks\"><\/div>\n\t\t\t\t\t\n\t\t\t<div class=\"hoyre-media-text__buttons\">\n\t\t\t\t<a class=\"button\" href=\"https:\/\/hoyre.no\/stord\/politikk\/\">Les Meir her<\/a>\n\t\t\t<\/div>\n\t\t\t\n\t\t\t\t<\/div>\n\t\t\t<\/div>\n\t\t<\/div>\n\t\t\n\n\n<div class=\"wp-block-hoyre-banner alignwide undefined  is-style-blue\"><div class=\"banner-inner\"><figure class=\"hoyre-image-wrapper\"><div class=\"hoyre-image\"><img loading=\"lazy\" decoding=\"async\" width=\"2339\" height=\"2500\" src=\"https:\/\/hoyre.no\/content\/uploads\/sites\/316\/2023\/07\/Oyvind-Kyvik-nr-1.1-scaled.jpg\" class=\"attachment-scaled size-scaled\" alt=\"\" style=\"object-position: 49% 3%\" srcset=\"https:\/\/hoyre.no\/content\/uploads\/sites\/316\/2023\/07\/Oyvind-Kyvik-nr-1.1-scaled.jpg 2339w, https:\/\/hoyre.no\/content\/uploads\/sites\/316\/2023\/07\/Oyvind-Kyvik-nr-1.1-281x300.jpg 281w, https:\/\/hoyre.no\/content\/uploads\/sites\/316\/2023\/07\/Oyvind-Kyvik-nr-1.1-958x1024.jpg 958w, https:\/\/hoyre.no\/content\/uploads\/sites\/316\/2023\/07\/Oyvind-Kyvik-nr-1.1-768x821.jpg 768w, https:\/\/hoyre.no\/content\/uploads\/sites\/316\/2023\/07\/Oyvind-Kyvik-nr-1.1-1437x1536.jpg 1437w, https:\/\/hoyre.no\/content\/uploads\/sites\/316\/2023\/07\/Oyvind-Kyvik-nr-1.1-1916x2048.jpg 1916w\" sizes=\"auto, (max-width: 2339px) 100vw, 2339px\" \/><\/div><\/figure><div class=\"banner-content\"><div class=\"entry-content\">\n<h2 class=\"wp-block-heading\"><strong>Bli betre kjent med varaordf\u00f8raren v\u00e5r!<\/strong><\/h2>\n\n\n\n<p>\u00d8yvind Kyvik er v\u00e5r varaordf\u00f8rar i perioden 2023-2027. Bli betre kjent med kven han er og kva han st\u00e5r for \ud83d\udc47<\/p>\n\n\n\n<div class=\"wp-block-buttons is-layout-flex wp-block-buttons-is-layout-flex\">\n<div class=\"wp-block-button\"><a class=\"wp-block-button__link wp-element-button\" href=\"https:\/\/hoyre.no\/stord\/oyvind-kyvik-var-ordforarkandidat\/\">BLI BEtRE KJENT MED \u00d8yvind<\/a><\/div>\n<\/div>\n<\/div><\/div><\/div><\/div>\n\n\n\n\t\t<div class=\"has-transparent-background-color is-layout-left alignwide alignwide wp-block-hoyre-media-text\">\n\t\t\t<div class=\"hoyre-media-text__media\">\n\t\t\t\t<img loading=\"lazy\" decoding=\"async\" width=\"1024\" height=\"683\" src=\"https:\/\/hoyre.no\/content\/uploads\/sites\/316\/2023\/05\/GettyImages-532192554-1024x683-1.jpg\" class=\"hoyre-media-text__media-image\" alt=\"\" style=\"--focal: 50% 50%;\" srcset=\"https:\/\/hoyre.no\/content\/uploads\/sites\/316\/2023\/05\/GettyImages-532192554-1024x683-1.jpg 1024w, https:\/\/hoyre.no\/content\/uploads\/sites\/316\/2023\/05\/GettyImages-532192554-1024x683-1-300x200.jpg 300w, https:\/\/hoyre.no\/content\/uploads\/sites\/316\/2023\/05\/GettyImages-532192554-1024x683-1-768x512.jpg 768w\" sizes=\"auto, (max-width: 1024px) 100vw, 1024px\" \/>\n\t\t\t<\/div>\n\t\t\t<div class=\"hoyre-media-text__content\">\n\t\t\t\t<div class=\"hoyre-media-text__content-inner\">\n\t\t\t\t\t\n\t\t\t<div class=\"hoyre-media-text__title-container\">\n\t\t\t\t\n\t\t\t\t<h2 class=\"hoyre-media-text__title\">Stord H\u00f8gre sitt kommunevalprogram<\/h2>\n\t\t\t<\/div>\n\t\t\t\n\t\t\t\t\t<div class=\"hoyre-media-text__blocks\">\n<p>Stord H\u00f8gre ynskjer \u00e5 ta leiarskap i kommunen og sikra at elevane p\u00e5 skulen opplever meistring og l\u00e6ringsglede, me vil st\u00f8tta jobbskaparane, laga eit aldersvennlig samfunn og s\u00f8rgja for at innbyggjarane beheld meir av eiga inntekt.<\/p>\n<\/div>\n\t\t\t\t\t\n\t\t\t<div class=\"hoyre-media-text__buttons\">\n\t\t\t\t<a class=\"button\" href=\"https:\/\/hoyre.no\/stord\/politikk\/\">LES programmet v\u00e5rt her<\/a>\n\t\t\t<\/div>\n\t\t\t\n\t\t\t\t<\/div>\n\t\t\t<\/div>\n\t\t<\/div>\n\t\t\n\n\n\n\n<div class=\"wp-block-hoyre-banner alignwide undefined  is-style-light\"><div class=\"banner-inner\"><figure class=\"hoyre-image-wrapper\"><div class=\"hoyre-image\"><img decoding=\"async\" loading=\"lazy\" width=\"2048\" height=\"1365\" src=\"https:\/\/hoyre.no\/content\/uploads\/2020\/09\/54483135358_f67d549a0f_k.jpg\" class=\"attachment-scaled size-scaled\" alt=\"Ine\" style=\"object-position: 47% 42%\" \/><\/div><\/figure><div class=\"banner-content\"><div class=\"entry-content\">\n<h2 class=\"wp-block-heading\" id=\"h-bli-medlem-i-hoyre\">Bli medlem i H\u00f8yre<\/h2>\n\n\n\n<p>Vil du v\u00e6re med p\u00e5 \u00e5 skape et samfunn med muligheter for alle? Bli med p\u00e5 laget. Ditt bidrag gj\u00f8r oss enda sterkere.<\/p>\n\n\n\n<div class=\"wp-block-buttons is-layout-flex wp-block-buttons-is-layout-flex\">\n<div class=\"wp-block-button\"><a class=\"wp-block-button__link wp-element-button\" href=\"https:\/\/hoyre.no\/bli-med\/bli-medlem\/\">bli medlem i h\u00f8yre<\/a><\/div>\n<\/div>\n<\/div><\/div><\/div><\/div>\n\n\n\n\n<section class=\"wp-block-hoyre-latest-grid\">\n\t<div class=\"block-inner\">\n\t\t<header>\n\t\t\t<h2>Nyheiter<\/h2>\n\t\t\t\t\t\t\t<a href=\"https:\/\/hoyre.no\/stord\/nyheiter\/\">Vis alle<\/a>\n\t\t\t\t\t<\/header>\n\t\t<div class=\"teft-cards-grid default-size-4\">\n\t\t\t<div class=\"teft-cards-item has-12-columns is-style-two-columns is-vertically-aligned-center is-aligned-center is-card-hoyre\">\n\t<div class=\"teft-card hoyre-teft-card post-teft-card\">\n\t\t<a href=\"https:\/\/hoyre.no\/2026\/03\/27\/dronestrategi-til-a-bli-flau-av\/\" class=\"teft-card__primary-action\">\n\n\t\t\t\t\t<div class=\"teft-card__media teft-card__media--16-9\">\n\t\t\t<span class=\"sticker\">Nasjonal<\/span>\t\t\t<img loading=\"lazy\" decoding=\"async\" width=\"728\" height=\"483\" src=\"https:\/\/hoyre.no\/content\/uploads\/2026\/03\/Skjermbilde-2026-03-27-kl.-14.21.48.png\" class=\"attachment-medium_large size-medium_large\" alt=\"Fr\u00f8lich\" \/>\t\t<\/div>\n\t\t\n\t\t\t<div class=\"teft-card__content-wrapper\">\n\t\t\t\t<div class=\"teft-card__secondary\">\n\t\t\t\t\t\n\t\t\t\t\t\t\t\t<div class=\"teft-card__meta\">\n\t\t\t\t\t\t\t\t\t<span class=\"post-date\">1. apr 2026<\/span>\n\n\t\t\t\t\t\t\t\t\t\t\t\t\t\t\t\t\t<\/div>\n\t\t\t\t\t\t\t\t\t\t\t<\/div>\n\n\t\t\t\t<div class=\"teft-card__primary\">\n\t\t\t\t\t<h2 class=\"teft-card__title\">Varsler knallharde forhandlinger&nbsp;<span class=\"teft-card__primary-title-append\"><\/span><\/h2>\t\t\t\t<\/div>\n\t\t\t<\/div>\n\t\t<\/a>\n\t<\/div>\n\n\t<!-- From network 1 316--><!-- From card class --><\/div>\t\t\t<div class=\"teft-cards-item has-6-columns  is-card-hoyre\">\n\t<div class=\"teft-card hoyre-teft-card post-teft-card\">\n\t\t<a href=\"https:\/\/hoyre.no\/2026\/03\/27\/1000-barn-pa-sykehus-hvert-ar-na-tar-hoyre-grep\/\" class=\"teft-card__primary-action\">\n\n\t\t\t\t\t<div class=\"teft-card__media teft-card__media--16-9\">\n\t\t\t<span class=\"sticker\">Nasjonal<\/span>\t\t\t<img loading=\"lazy\" decoding=\"async\" width=\"768\" height=\"629\" src=\"https:\/\/hoyre.no\/content\/uploads\/2026\/03\/631349645_1501314168669416_8240977278426584374_n-768x629.jpg\" class=\"attachment-medium_large size-medium_large\" alt=\"Svardal B\u00f8e\" \/>\t\t<\/div>\n\t\t\n\t\t\t<div class=\"teft-card__content-wrapper\">\n\t\t\t\t<div class=\"teft-card__secondary\">\n\t\t\t\t\t\n\t\t\t\t\t\t\t\t<div class=\"teft-card__meta\">\n\t\t\t\t\t\t\t\t\t<span class=\"post-date\">27. mar 2026<\/span>\n\n\t\t\t\t\t\t\t\t\t\t\t\t\t\t\t\t\t<\/div>\n\t\t\t\t\t\t\t\t\t\t\t<\/div>\n\n\t\t\t\t<div class=\"teft-card__primary\">\n\t\t\t\t\t<h2 class=\"teft-card__title\">Krever en mer offensiv vaksinepolitikk&nbsp;<span class=\"teft-card__primary-title-append\"><\/span><\/h2>\t\t\t\t<\/div>\n\t\t\t<\/div>\n\t\t<\/a>\n\t<\/div>\n\n\t<!-- From network 1 316--><!-- From card class --><\/div>\t\t\t<div class=\"teft-cards-item has-6-columns  is-card-hoyre\">\n\t<div class=\"teft-card hoyre-teft-card post-teft-card\">\n\t\t<a href=\"https:\/\/hoyre.no\/2026\/03\/26\/strakstiltak-fra-hoyre-kutt-som-monner\/\" class=\"teft-card__primary-action\">\n\n\t\t\t\t\t<div class=\"teft-card__media teft-card__media--16-9\">\n\t\t\t<span class=\"sticker\">Nasjonal<\/span>\t\t\t<img loading=\"lazy\" decoding=\"async\" width=\"768\" height=\"554\" src=\"https:\/\/hoyre.no\/content\/uploads\/2026\/03\/Skjermbilde-2026-03-27-kl.-15.27.09-768x554.png\" class=\"attachment-medium_large size-medium_large\" alt=\"Ine\" \/>\t\t<\/div>\n\t\t\n\t\t\t<div class=\"teft-card__content-wrapper\">\n\t\t\t\t<div class=\"teft-card__secondary\">\n\t\t\t\t\t\n\t\t\t\t\t\t\t\t<div class=\"teft-card__meta\">\n\t\t\t\t\t\t\t\t\t<span class=\"post-date\">27. mar 2026<\/span>\n\n\t\t\t\t\t\t\t\t\t\t\t\t\t\t\t\t\t<\/div>\n\t\t\t\t\t\t\t\t\t\t\t<\/div>\n\n\t\t\t\t<div class=\"teft-card__primary\">\n\t\t\t\t\t<h2 class=\"teft-card__title\">\u2013 N\u00f8dvendig strakstiltak&nbsp;<span class=\"teft-card__primary-title-append\"><\/span><\/h2>\t\t\t\t<\/div>\n\t\t\t<\/div>\n\t\t<\/a>\n\t<\/div>\n\n\t<!-- From network 1 316--><!-- From card class --><\/div>\t\t\t<div class=\"teft-cards-item has-4-columns is-card-hoyre\">\n\t<div class=\"teft-card hoyre-teft-card post-teft-card\">\n\t\t<a href=\"https:\/\/hoyre.no\/2026\/03\/26\/barndommen-gar-ikke-i-reprise\/\" class=\"teft-card__primary-action\">\n\n\t\t\t\t\t<div class=\"teft-card__media teft-card__media--16-9\">\n\t\t\t<span class=\"sticker\">Nasjonal<\/span>\t\t\t<img loading=\"lazy\" decoding=\"async\" width=\"768\" height=\"512\" src=\"https:\/\/hoyre.no\/content\/uploads\/2026\/03\/Tone-Willhelmsen-Troen-foto-Hans-Kristian-Thorbjornsen-2913-768x512.jpg\" class=\"attachment-medium_large size-medium_large\" alt=\"Tone\" \/>\t\t<\/div>\n\t\t\n\t\t\t<div class=\"teft-card__content-wrapper\">\n\t\t\t\t<div class=\"teft-card__secondary\">\n\t\t\t\t\t\n\t\t\t\t\t\t\t\t<div class=\"teft-card__meta\">\n\t\t\t\t\t\t\t\t\t<span class=\"post-date\">26. mar 2026<\/span>\n\n\t\t\t\t\t\t\t\t\t\t\t\t\t\t\t\t\t<\/div>\n\t\t\t\t\t\t\t\t\t\t\t<\/div>\n\n\t\t\t\t<div class=\"teft-card__primary\">\n\t\t\t\t\t<h2 class=\"teft-card__title\">&#8211; Barndommen g\u00e5r ikke i reprise&nbsp;<span class=\"teft-card__primary-title-append\"><\/span><\/h2>\t\t\t\t<\/div>\n\t\t\t<\/div>\n\t\t<\/a>\n\t<\/div>\n\n\t<!-- From network 1 316--><!-- From card class --><\/div>\t\t\t<div class=\"teft-cards-item has-4-columns is-card-hoyre\">\n\t<div class=\"teft-card hoyre-teft-card post-teft-card\">\n\t\t<a href=\"https:\/\/hoyre.no\/2026\/03\/26\/ap-loper-fra-egne-lofter\/\" class=\"teft-card__primary-action\">\n\n\t\t\t\t\t<div class=\"teft-card__media teft-card__media--16-9\">\n\t\t\t<span class=\"sticker\">Nasjonal<\/span>\t\t\t<img loading=\"lazy\" decoding=\"async\" width=\"768\" height=\"512\" src=\"https:\/\/hoyre.no\/content\/uploads\/2026\/03\/HLM25-foto-Nikolai-Langdeldt-Carlsen-6515-768x512.jpg\" class=\"attachment-medium_large size-medium_large\" alt=\"Ola\" \/>\t\t<\/div>\n\t\t\n\t\t\t<div class=\"teft-card__content-wrapper\">\n\t\t\t\t<div class=\"teft-card__secondary\">\n\t\t\t\t\t\n\t\t\t\t\t\t\t\t<div class=\"teft-card__meta\">\n\t\t\t\t\t\t\t\t\t<span class=\"post-date\">26. mar 2026<\/span>\n\n\t\t\t\t\t\t\t\t\t\t\t\t\t\t\t\t\t<\/div>\n\t\t\t\t\t\t\t\t\t\t\t<\/div>\n\n\t\t\t\t<div class=\"teft-card__primary\">\n\t\t\t\t\t<h2 class=\"teft-card__title\">&#8211; Ap l\u00f8per fra sine egne l\u00f8fter&nbsp;<span class=\"teft-card__primary-title-append\"><\/span><\/h2>\t\t\t\t<\/div>\n\t\t\t<\/div>\n\t\t<\/a>\n\t<\/div>\n\n\t<!-- From network 1 316--><!-- From card class --><\/div>\t\t\t<div class=\"teft-cards-item has-4-columns is-card-hoyre\">\n\t<div class=\"teft-card hoyre-teft-card post-teft-card\">\n\t\t<a href=\"https:\/\/hoyre.no\/2026\/03\/25\/vi-skriver-ikke-ut-blanke-sjekker\/\" class=\"teft-card__primary-action\">\n\n\t\t\t\t\t<div class=\"teft-card__media teft-card__media--16-9\">\n\t\t\t<span class=\"sticker\">Nasjonal<\/span>\t\t\t<img loading=\"lazy\" decoding=\"async\" width=\"768\" height=\"576\" src=\"https:\/\/hoyre.no\/content\/uploads\/2026\/03\/photo-collage.png-768x576.png\" class=\"attachment-medium_large size-medium_large\" alt=\"Stokkeb\u00f8 og Astrup\" \/>\t\t<\/div>\n\t\t\n\t\t\t<div class=\"teft-card__content-wrapper\">\n\t\t\t\t<div class=\"teft-card__secondary\">\n\t\t\t\t\t\n\t\t\t\t\t\t\t\t<div class=\"teft-card__meta\">\n\t\t\t\t\t\t\t\t\t<span class=\"post-date\">26. mar 2026<\/span>\n\n\t\t\t\t\t\t\t\t\t\t\t\t\t\t\t\t\t<\/div>\n\t\t\t\t\t\t\t\t\t\t\t<\/div>\n\n\t\t\t\t<div class=\"teft-card__primary\">\n\t\t\t\t\t<h2 class=\"teft-card__title\">\u2013 Vi skriver ikke ut blanke sjekker&nbsp;<span class=\"teft-card__primary-title-append\"><\/span><\/h2>\t\t\t\t<\/div>\n\t\t\t<\/div>\n\t\t<\/a>\n\t<\/div>\n\n\t<!-- From network 1 316--><!-- From card class --><\/div>\t\t\t\t\t<\/div>\n\t<\/div>\n<\/section>\n\n\n\n\n\n\n\n","protected":false},"excerpt":{"rendered":"","protected":false},"author":1,"featured_media":0,"parent":0,"menu_order":0,"comment_status":"closed","ping_status":"closed","template":"","meta":{"teft_cards_image_url":"","teft_cards_custom_pretitle":"","teft_cards_image_id":22,"teft_cards_image_focal_point_x":0.5,"teft_cards_image_focal_point_y":0.5,"teft_cards_title":"","teft_cards_excerpt":"","teft_show_chapters":false,"footnotes":""},"class_list":["post-3","page","type-page","status-publish","hentry"],"yoast_head":"<!-- This site is optimized with the Yoast SEO plugin v26.6 - https:\/\/yoast.com\/wordpress\/plugins\/seo\/ -->\n<title>Forsiden - Stord H\u00f8gre<\/title>\n<meta name=\"robots\" content=\"index, follow, max-snippet:-1, max-image-preview:large, max-video-preview:-1\" \/>\n<link rel=\"canonical\" href=\"https:\/\/hoyre.no\/stord\/\" \/>\n<meta property=\"og:locale\" content=\"nn_NO\" \/>\n<meta property=\"og:type\" content=\"article\" \/>\n<meta property=\"og:title\" content=\"Forsiden - Stord H\u00f8gre\" \/>\n<meta property=\"og:url\" content=\"https:\/\/hoyre.no\/stord\/\" \/>\n<meta property=\"og:site_name\" content=\"Stord H\u00f8gre\" \/>\n<meta property=\"article:modified_time\" content=\"2026-03-05T13:02:14+00:00\" \/>\n<meta property=\"og:image\" content=\"https:\/\/hoyre.no\/content\/uploads\/sites\/316\/2022\/11\/Hoyres-logo.png\" \/>\n<meta name=\"twitter:card\" content=\"summary_large_image\" \/>\n<meta name=\"twitter:label1\" content=\"Est. reading time\" \/>\n\t<meta name=\"twitter:data1\" content=\"1 minutt\" \/>\n<script type=\"application\/ld+json\" class=\"yoast-schema-graph\">{\"@context\":\"https:\/\/schema.org\",\"@graph\":[{\"@type\":\"WebPage\",\"@id\":\"https:\/\/hoyre.no\/stord\/\",\"url\":\"https:\/\/hoyre.no\/stord\/\",\"name\":\"Forsiden - Stord H\u00f8gre\",\"isPartOf\":{\"@id\":\"https:\/\/hoyre.no\/stord\/#website\"},\"datePublished\":\"2020-11-14T19:59:11+00:00\",\"dateModified\":\"2026-03-05T13:02:14+00:00\",\"breadcrumb\":{\"@id\":\"https:\/\/hoyre.no\/stord\/#breadcrumb\"},\"inLanguage\":\"nn-NO\",\"potentialAction\":[{\"@type\":\"ReadAction\",\"target\":[\"https:\/\/hoyre.no\/stord\/\"]}]},{\"@type\":\"BreadcrumbList\",\"@id\":\"https:\/\/hoyre.no\/stord\/#breadcrumb\",\"itemListElement\":[{\"@type\":\"ListItem\",\"position\":1,\"name\":\"Til hoyre.no\",\"item\":\"https:\/\/hoyre.no\"},{\"@type\":\"ListItem\",\"position\":2,\"name\":\"Hjem\",\"item\":\"https:\/\/hoyre.no\/stord\/\"},{\"@type\":\"ListItem\",\"position\":3,\"name\":\"Forsiden\"}]},{\"@type\":\"WebSite\",\"@id\":\"https:\/\/hoyre.no\/stord\/#website\",\"url\":\"https:\/\/hoyre.no\/stord\/\",\"name\":\"Stord H\u00f8gre\",\"description\":\"Bare enda et H\u00f8yres nettsteder-nettsted\",\"inLanguage\":\"nn-NO\"}]}<\/script>\n<!-- \/ Yoast SEO plugin. -->","yoast_head_json":{"title":"Forsiden - Stord H\u00f8gre","robots":{"index":"index","follow":"follow","max-snippet":"max-snippet:-1","max-image-preview":"max-image-preview:large","max-video-preview":"max-video-preview:-1"},"canonical":"https:\/\/hoyre.no\/stord\/","og_locale":"nn_NO","og_type":"article","og_title":"Forsiden - Stord H\u00f8gre","og_url":"https:\/\/hoyre.no\/stord\/","og_site_name":"Stord H\u00f8gre","article_modified_time":"2026-03-05T13:02:14+00:00","og_image":[{"url":"https:\/\/hoyre.no\/content\/uploads\/sites\/316\/2022\/11\/Hoyres-logo.png","width":"","height":"","type":""}],"twitter_card":"summary_large_image","twitter_misc":{"Est. reading time":"1 minutt"},"schema":{"@context":"https:\/\/schema.org","@graph":[{"@type":"WebPage","@id":"https:\/\/hoyre.no\/stord\/","url":"https:\/\/hoyre.no\/stord\/","name":"Forsiden - Stord H\u00f8gre","isPartOf":{"@id":"https:\/\/hoyre.no\/stord\/#website"},"datePublished":"2020-11-14T19:59:11+00:00","dateModified":"2026-03-05T13:02:14+00:00","breadcrumb":{"@id":"https:\/\/hoyre.no\/stord\/#breadcrumb"},"inLanguage":"nn-NO","potentialAction":[{"@type":"ReadAction","target":["https:\/\/hoyre.no\/stord\/"]}]},{"@type":"BreadcrumbList","@id":"https:\/\/hoyre.no\/stord\/#breadcrumb","itemListElement":[{"@type":"ListItem","position":1,"name":"Til hoyre.no","item":"https:\/\/hoyre.no"},{"@type":"ListItem","position":2,"name":"Hjem","item":"https:\/\/hoyre.no\/stord\/"},{"@type":"ListItem","position":3,"name":"Forsiden"}]},{"@type":"WebSite","@id":"https:\/\/hoyre.no\/stord\/#website","url":"https:\/\/hoyre.no\/stord\/","name":"Stord H\u00f8gre","description":"Bare enda et H\u00f8yres nettsteder-nettsted","inLanguage":"nn-NO"}]}},"distributor_meta":false,"distributor_terms":false,"distributor_media":false,"distributor_original_site_name":"Stord H\u00f8gre","distributor_original_site_url":"https:\/\/hoyre.no\/stord","push-errors":false,"_links":{"self":[{"href":"https:\/\/hoyre.no\/stord\/wp-json\/wp\/v2\/pages\/3","targetHints":{"allow":["GET"]}}],"collection":[{"href":"https:\/\/hoyre.no\/stord\/wp-json\/wp\/v2\/pages"}],"about":[{"href":"https:\/\/hoyre.no\/stord\/wp-json\/wp\/v2\/types\/page"}],"author":[{"embeddable":true,"href":"https:\/\/hoyre.no\/stord\/wp-json\/wp\/v2\/users\/1"}],"replies":[{"embeddable":true,"href":"https:\/\/hoyre.no\/stord\/wp-json\/wp\/v2\/comments?post=3"}],"version-history":[{"count":19,"href":"https:\/\/hoyre.no\/stord\/wp-json\/wp\/v2\/pages\/3\/revisions"}],"predecessor-version":[{"id":105,"href":"https:\/\/hoyre.no\/stord\/wp-json\/wp\/v2\/pages\/3\/revisions\/105"}],"wp:attachment":[{"href":"https:\/\/hoyre.no\/stord\/wp-json\/wp\/v2\/media?parent=3"}],"curies":[{"name":"wp","href":"https:\/\/api.w.org\/{rel}","templated":true}]}}