{"id":34,"date":"2023-04-29T16:35:17","date_gmt":"2023-04-29T14:35:17","guid":{"rendered":"https:\/\/hoyre.no\/stord\/?page_id=34"},"modified":"2025-02-21T12:17:52","modified_gmt":"2025-02-21T11:17:52","slug":"oyvind-kyvik-var-ordforarkandidat","status":"publish","type":"page","link":"https:\/\/hoyre.no\/stord\/oyvind-kyvik-var-ordforarkandidat\/","title":{"rendered":"\u00d8yvind Kyvik &#8211; v\u00e5r ordf\u00f8rarkandidat"},"content":{"rendered":"\n<div class=\"wp-block-hoyre-hero with-image-gradient text-color-light  has-media alignfull has-background\"><div class=\"hoyre-hero has-image\"><h1 class=\"title\">\u00d8yvind Kyvik &#8211;  <br>v\u00e5r varaordf\u00f8rar<\/h1><p class=\"preamble\">Kvifor du skal gi H\u00f8gre og meg stemma di?<\/p>\t\t\t<div class=\"post-meta wp-block teft-byline-wrapper\">\n\t\t\t\t<div class=\"top\">\n\t\t\t\t\t<div class=\"signature\">\n\t\t\t\t\t\t<div class=\"teft-byline\">\n\t\t\t\t\t\t\t\t\t\t\t\t\t\t<div>\n\t\t\t\t\t\t\t\t<h3>H\u00f8yres redaksjon<\/h3>\t\t\t\t\t\t\t\t\n\t\t\t\t\t\t\t\t\t\t\t\t\t\t\t\t\t<span class=\"date\">Sist oppdatert: 21. februar 2025<\/span>\n\t\t\t\t\t\t\t\t\t\t\t\t\t\t\t\t\t\t\t\t\t\t\t\t\t<span class=\"reading-time\" itemprop=\"timeRequired\" content=\"PT2M\"><em>Ca. 2 minutter lesetid<\/em><\/span>\n\t\t\t\t\t\t\t\t\t\t\t\t\t\t\t<\/div>\n\t\t\t\t\t\t<\/div>\n\t\t\t\t\t<\/div>\n\t\t\t\t\t\t<div class=\"sharing\">\n\t\t<a class=\"share-button share-link copy-link\" data-copy=\"https:\/\/hoyre.no\/stord\/oyvind-kyvik-var-ordforarkandidat\/\" target=\"_blank\"><span class=\"screen-reader-text\">Del link<\/span><\/a>\n\t\t<a class=\"share-button share-twitter\" href=\"http:\/\/twitter.com\/share?text=\u00d8yvind Kyvik &#8211; v\u00e5r ordf\u00f8rarkandidat&#038;url=https:\/\/hoyre.no\/stord\/oyvind-kyvik-var-ordforarkandidat\/&#038;hashtags=Hoyre\" target=\"_blank\"><span class=\"screen-reader-text\">Del p\u00e5 twitter<\/span><\/a>\n\t\t<a class=\"share-button share-facebook\" href=\"https:\/\/www.facebook.com\/sharer\/sharer.php?u=https:\/\/hoyre.no\/stord\/oyvind-kyvik-var-ordforarkandidat\/\" target=\"_blank\"><span class=\"screen-reader-text\">Del p\u00e5 facebook<\/span><\/a>\n\t<\/div>\n\t\t\t\t\t<\/div>\n\t\t\t<\/div>\n\n\t\t\t<figure class=\"hoyre-image-wrapper\"><div class=\"hoyre-image\"><img loading=\"lazy\" decoding=\"async\" width=\"1170\" height=\"1532\" src=\"https:\/\/hoyre.no\/content\/uploads\/sites\/316\/2023\/04\/oyvind.jpg\" class=\"attachment-scaled size-scaled\" alt=\"\" style=\"object-position: 56.99999999999999% 28.000000000000004%\" srcset=\"https:\/\/hoyre.no\/content\/uploads\/sites\/316\/2023\/04\/oyvind.jpg 1170w, https:\/\/hoyre.no\/content\/uploads\/sites\/316\/2023\/04\/oyvind-229x300.jpg 229w, https:\/\/hoyre.no\/content\/uploads\/sites\/316\/2023\/04\/oyvind-782x1024.jpg 782w, https:\/\/hoyre.no\/content\/uploads\/sites\/316\/2023\/04\/oyvind-768x1006.jpg 768w\" sizes=\"auto, (max-width: 1170px) 100vw, 1170px\" \/><\/div><\/figure><\/div><\/div>\n\n\n\n<div class=\"wp-block-buttons is-content-justification-center is-layout-flex wp-container-core-buttons-is-layout-16018d1d wp-block-buttons-is-layout-flex\">\n<div class=\"wp-block-button\"><a class=\"wp-block-button__link wp-element-button\" href=\"https:\/\/hoyre.no\/nyhetsbrev\/\">MOTTA nyheitsbrev fr\u00e5 h\u00f8gre<\/a><\/div>\n\n\n\n<div class=\"wp-block-button\"><a class=\"wp-block-button__link wp-element-button\" href=\"https:\/\/hoyre.no\/personprofiler\/oyvind-kyvik\/\">Kom i kontakt med \u00d8yvind<\/a><\/div>\n<\/div>\n\n\n\n\n<div class=\"wp-block-hoyre-banner undefined has-icon-title icon-heart is-style-blue\"><div class=\"banner-inner\"><div class=\"banner-content\"><div class=\"entry-content\">\n<h2 class=\"wp-block-heading has-text-align-center\" id=\"h-bli-betre-kjent-med-oyvind\">Bli betre kjent med \u00d8yvind!<\/h2>\n\n\n\n<p class=\"has-text-align-left\"><strong>Sivilstatus:<\/strong>&nbsp;Sambuar med Katrine og me har tre barn: Fredrik (8) T\u00f8rres (6) og Ada (1)<\/p>\n\n\n\n<p class=\"has-text-align-left\"><strong>Jobb<\/strong>: Leiar for den globale klimasatsninga i Aker Solutions.<\/p>\n\n\n\n<p class=\"has-text-align-left\"><strong>Bakgrunn<\/strong>: Oppvaksen p\u00e5 Langeland. Studert automatiseringsingeni\u00f8r og budd i Bergen i 7 \u00e5r. Flytta heim til Stord og Sagv\u00e5gen i 2014 og trivast veldig godt her.&nbsp;<\/p>\n\n\n\n<p class=\"has-text-align-left\"><strong>Politisk erfaring:<\/strong>&nbsp;Sete snart 4 \u00e5r i kommunestyret, formannskapet, driftsutvalet og arbeidsgivarutvalet. Sit ogs\u00e5 som representant for kommunen i kyrkjeleg fellesr\u00e5d.&nbsp;<\/p>\n\n\n\n<p class=\"has-text-align-left\"><strong>Kvifor er H\u00f8gre rett parti for deg?&nbsp;<\/strong>Fordi H\u00f8gre fokuserer p\u00e5 korleis me best mogleg kan skape fridom og valfridom for enkeltmennesket. S\u00e6rleg er eg oppteken av \u00e5 skape moglegheiter for alle uansett bakgrunn og lommebok. H\u00f8gre har ogs\u00e5 ein veldig pragmatisk tilnerming til problem. Ein finner ut kva l\u00f8ysining som vil passa i dei enkelte tilfella, i stede for \u00e5 v\u00e6ra l\u00e5st til ein ideologisk m\u00e5te \u00e5 l\u00f8yse problem.&nbsp;&nbsp;<\/p>\n\n\n\n<p class=\"has-text-align-left\"><strong>Det er laurdag, klokka n\u00e6rmer seg 19.00. Kva vil du helst ha til middag?<\/strong>&nbsp;Flyvende Jacob. Ein deilig kyllingrett med karri.<\/p>\n\n\n\n<p class=\"has-text-align-left\"><strong>Konsert eller idrettarragmenet?<\/strong>&nbsp;No er eg fotballpappa til gutane mine, men likar ogs\u00e5 \u00e5 g\u00e5 p\u00e5 konsert n\u00e5r kulturlivet p\u00e5 Stord inviterer innbyggjarane inn.<\/p>\n\n\n\n<p class=\"has-text-align-left\"><strong>Dersom du skulle valt ein, kva er favorittartisten din?&nbsp;<\/strong>Ingenting er som \u00e5 h\u00f8yra kompisgjengen synge Kaizers Orchestra. Men n\u00e5r eg skal konsentrere meg s\u00e5 h\u00f8yrer eg p\u00e5 Susanne Sundf\u00f8r.&nbsp;<\/p>\n\n\n\n<p class=\"has-text-align-left\"><strong>Funfact?&nbsp;<\/strong>Har g\u00e5tt p\u00e5 tur med Kronprinsen i Land\u00e5sen og drukke kakao ilag.&nbsp;<\/p>\n\n\n\n<p class=\"has-text-align-left\"><strong>Kva er din favorittplass i kommunen og utanfor kommunen?&nbsp;<\/strong>Trives usedvanlig godt i S\u00e6travikjo. Espev\u00e6r p\u00e5 B\u00f8mlo er den flottaste plassen utenfor Stord.&nbsp;&nbsp;<\/p>\n\n\n\n<div class=\"wp-block-buttons is-layout-flex wp-block-buttons-is-layout-flex\"><\/div>\n<\/div><\/div><\/div><\/div>\n\n","protected":false},"excerpt":{"rendered":"","protected":false},"author":29643,"featured_media":0,"parent":0,"menu_order":0,"comment_status":"closed","ping_status":"closed","template":"","meta":{"teft_cards_image_url":"","teft_cards_custom_pretitle":"","teft_cards_image_id":35,"teft_cards_image_focal_point_x":0.5,"teft_cards_image_focal_point_y":0.5,"teft_cards_title":"","teft_cards_excerpt":"","teft_show_chapters":false,"footnotes":""},"class_list":["post-34","page","type-page","status-publish","hentry"],"yoast_head":"<!-- This site is optimized with the Yoast SEO plugin v26.6 - https:\/\/yoast.com\/wordpress\/plugins\/seo\/ -->\n<title>\u00d8yvind Kyvik - v\u00e5r ordf\u00f8rarkandidat - Stord H\u00f8gre<\/title>\n<meta name=\"description\" content=\"Bli bedre kjend med varaordf\u00f8rar \u00d8yvind Kyvik.\" \/>\n<meta name=\"robots\" content=\"index, follow, max-snippet:-1, max-image-preview:large, max-video-preview:-1\" \/>\n<link rel=\"canonical\" href=\"https:\/\/hoyre.no\/stord\/oyvind-kyvik-var-ordforarkandidat\/\" \/>\n<meta property=\"og:locale\" content=\"nn_NO\" \/>\n<meta property=\"og:type\" content=\"article\" \/>\n<meta property=\"og:title\" content=\"\u00d8yvind Kyvik - v\u00e5r ordf\u00f8rarkandidat - Stord H\u00f8gre\" \/>\n<meta property=\"og:description\" content=\"Bli bedre kjend med varaordf\u00f8rar \u00d8yvind Kyvik.\" \/>\n<meta property=\"og:url\" content=\"https:\/\/hoyre.no\/stord\/oyvind-kyvik-var-ordforarkandidat\/\" \/>\n<meta property=\"og:site_name\" content=\"Stord H\u00f8gre\" \/>\n<meta property=\"article:modified_time\" content=\"2025-02-21T11:17:52+00:00\" \/>\n<meta property=\"og:image\" content=\"https:\/\/hoyre.no\/content\/uploads\/sites\/316\/2023\/04\/oyvind-782x1024.jpg\" \/>\n<meta name=\"twitter:card\" content=\"summary_large_image\" \/>\n<meta name=\"twitter:label1\" content=\"Est. reading time\" \/>\n\t<meta name=\"twitter:data1\" content=\"2 minutt\" \/>\n<script type=\"application\/ld+json\" class=\"yoast-schema-graph\">{\"@context\":\"https:\/\/schema.org\",\"@graph\":[{\"@type\":\"WebPage\",\"@id\":\"https:\/\/hoyre.no\/stord\/oyvind-kyvik-var-ordforarkandidat\/\",\"url\":\"https:\/\/hoyre.no\/stord\/oyvind-kyvik-var-ordforarkandidat\/\",\"name\":\"\u00d8yvind Kyvik - v\u00e5r ordf\u00f8rarkandidat - Stord H\u00f8gre\",\"isPartOf\":{\"@id\":\"https:\/\/hoyre.no\/stord\/#website\"},\"datePublished\":\"2023-04-29T14:35:17+00:00\",\"dateModified\":\"2025-02-21T11:17:52+00:00\",\"description\":\"Bli bedre kjend med varaordf\u00f8rar \u00d8yvind Kyvik.\",\"breadcrumb\":{\"@id\":\"https:\/\/hoyre.no\/stord\/oyvind-kyvik-var-ordforarkandidat\/#breadcrumb\"},\"inLanguage\":\"nn-NO\",\"potentialAction\":[{\"@type\":\"ReadAction\",\"target\":[\"https:\/\/hoyre.no\/stord\/oyvind-kyvik-var-ordforarkandidat\/\"]}]},{\"@type\":\"BreadcrumbList\",\"@id\":\"https:\/\/hoyre.no\/stord\/oyvind-kyvik-var-ordforarkandidat\/#breadcrumb\",\"itemListElement\":[{\"@type\":\"ListItem\",\"position\":1,\"name\":\"Til hoyre.no\",\"item\":\"https:\/\/hoyre.no\"},{\"@type\":\"ListItem\",\"position\":2,\"name\":\"Hjem\",\"item\":\"https:\/\/hoyre.no\/stord\/\"},{\"@type\":\"ListItem\",\"position\":3,\"name\":\"\u00d8yvind Kyvik &#8211; v\u00e5r ordf\u00f8rarkandidat\"}]},{\"@type\":\"WebSite\",\"@id\":\"https:\/\/hoyre.no\/stord\/#website\",\"url\":\"https:\/\/hoyre.no\/stord\/\",\"name\":\"Stord H\u00f8gre\",\"description\":\"Bare enda et H\u00f8yres nettsteder-nettsted\",\"inLanguage\":\"nn-NO\"}]}<\/script>\n<!-- \/ Yoast SEO plugin. -->","yoast_head_json":{"title":"\u00d8yvind Kyvik - v\u00e5r ordf\u00f8rarkandidat - Stord H\u00f8gre","description":"Bli bedre kjend med varaordf\u00f8rar \u00d8yvind Kyvik.","robots":{"index":"index","follow":"follow","max-snippet":"max-snippet:-1","max-image-preview":"max-image-preview:large","max-video-preview":"max-video-preview:-1"},"canonical":"https:\/\/hoyre.no\/stord\/oyvind-kyvik-var-ordforarkandidat\/","og_locale":"nn_NO","og_type":"article","og_title":"\u00d8yvind Kyvik - v\u00e5r ordf\u00f8rarkandidat - Stord H\u00f8gre","og_description":"Bli bedre kjend med varaordf\u00f8rar \u00d8yvind Kyvik.","og_url":"https:\/\/hoyre.no\/stord\/oyvind-kyvik-var-ordforarkandidat\/","og_site_name":"Stord H\u00f8gre","article_modified_time":"2025-02-21T11:17:52+00:00","og_image":[{"url":"https:\/\/hoyre.no\/content\/uploads\/sites\/316\/2023\/04\/oyvind-782x1024.jpg","width":"","height":"","type":""}],"twitter_card":"summary_large_image","twitter_misc":{"Est. reading time":"2 minutt"},"schema":{"@context":"https:\/\/schema.org","@graph":[{"@type":"WebPage","@id":"https:\/\/hoyre.no\/stord\/oyvind-kyvik-var-ordforarkandidat\/","url":"https:\/\/hoyre.no\/stord\/oyvind-kyvik-var-ordforarkandidat\/","name":"\u00d8yvind Kyvik - v\u00e5r ordf\u00f8rarkandidat - Stord H\u00f8gre","isPartOf":{"@id":"https:\/\/hoyre.no\/stord\/#website"},"datePublished":"2023-04-29T14:35:17+00:00","dateModified":"2025-02-21T11:17:52+00:00","description":"Bli bedre kjend med varaordf\u00f8rar \u00d8yvind Kyvik.","breadcrumb":{"@id":"https:\/\/hoyre.no\/stord\/oyvind-kyvik-var-ordforarkandidat\/#breadcrumb"},"inLanguage":"nn-NO","potentialAction":[{"@type":"ReadAction","target":["https:\/\/hoyre.no\/stord\/oyvind-kyvik-var-ordforarkandidat\/"]}]},{"@type":"BreadcrumbList","@id":"https:\/\/hoyre.no\/stord\/oyvind-kyvik-var-ordforarkandidat\/#breadcrumb","itemListElement":[{"@type":"ListItem","position":1,"name":"Til hoyre.no","item":"https:\/\/hoyre.no"},{"@type":"ListItem","position":2,"name":"Hjem","item":"https:\/\/hoyre.no\/stord\/"},{"@type":"ListItem","position":3,"name":"\u00d8yvind Kyvik &#8211; v\u00e5r ordf\u00f8rarkandidat"}]},{"@type":"WebSite","@id":"https:\/\/hoyre.no\/stord\/#website","url":"https:\/\/hoyre.no\/stord\/","name":"Stord H\u00f8gre","description":"Bare enda et H\u00f8yres nettsteder-nettsted","inLanguage":"nn-NO"}]}},"distributor_meta":false,"distributor_terms":false,"distributor_media":false,"distributor_original_site_name":"Stord H\u00f8gre","distributor_original_site_url":"https:\/\/hoyre.no\/stord","push-errors":false,"_links":{"self":[{"href":"https:\/\/hoyre.no\/stord\/wp-json\/wp\/v2\/pages\/34","targetHints":{"allow":["GET"]}}],"collection":[{"href":"https:\/\/hoyre.no\/stord\/wp-json\/wp\/v2\/pages"}],"about":[{"href":"https:\/\/hoyre.no\/stord\/wp-json\/wp\/v2\/types\/page"}],"author":[{"embeddable":true,"href":"https:\/\/hoyre.no\/stord\/wp-json\/wp\/v2\/users\/29643"}],"replies":[{"embeddable":true,"href":"https:\/\/hoyre.no\/stord\/wp-json\/wp\/v2\/comments?post=34"}],"version-history":[{"count":6,"href":"https:\/\/hoyre.no\/stord\/wp-json\/wp\/v2\/pages\/34\/revisions"}],"predecessor-version":[{"id":101,"href":"https:\/\/hoyre.no\/stord\/wp-json\/wp\/v2\/pages\/34\/revisions\/101"}],"wp:attachment":[{"href":"https:\/\/hoyre.no\/stord\/wp-json\/wp\/v2\/media?parent=34"}],"curies":[{"name":"wp","href":"https:\/\/api.w.org\/{rel}","templated":true}]}}