{"id":247,"date":"2023-06-28T23:30:17","date_gmt":"2023-06-28T21:30:17","guid":{"rendered":"https:\/\/hoyre.no\/strand\/?page_id=247"},"modified":"2023-07-03T23:21:50","modified_gmt":"2023-07-03T21:21:50","slug":"idrett-og-frivillighet","status":"publish","type":"page","link":"https:\/\/hoyre.no\/strand\/idrett-og-frivillighet\/","title":{"rendered":"Idrett og frivillighet"},"content":{"rendered":"\n<div class=\"wp-block-hoyre-hero with-image-gradient text-color-light  has-media alignfull has-background\"><div class=\"hoyre-hero has-image\"><h1 class=\"title\">Idrett og Frivillighet<\/h1><p class=\"preamble\"><br><br><br>Frivilligheten er en viktig b\u00e6rebjelke i samfunnet, som m\u00e5 styrkes.\u00a0Frivilligheten er en av b\u00e6rebjelkene i idretten og en stor ressurs for samfunnet.<br><br>Sammen med andre har H\u00f8yre i perioden 2015-2023 blant annet bidratt til :<\/p>\t\t\t<div class=\"post-meta wp-block teft-byline-wrapper\">\n\t\t\t\t<div class=\"top\">\n\t\t\t\t\t<div class=\"signature\">\n\t\t\t\t\t\t<div class=\"teft-byline\">\n\t\t\t\t\t\t\t\t\t\t\t\t\t\t<div>\n\t\t\t\t\t\t\t\t<h3>H\u00f8yres redaksjon<\/h3>\t\t\t\t\t\t\t\t\n\t\t\t\t\t\t\t\t\t\t\t\t\t\t\t\t\t<span class=\"date\">Sist oppdatert: 3. juli 2023<\/span>\n\t\t\t\t\t\t\t\t\t\t\t\t\t\t\t\t\t\t\t\t\t\t\t\t\t<span class=\"reading-time\" itemprop=\"timeRequired\" content=\"PT1M\"><em>Ca. 1 minutter lesetid<\/em><\/span>\n\t\t\t\t\t\t\t\t\t\t\t\t\t\t\t<\/div>\n\t\t\t\t\t\t<\/div>\n\t\t\t\t\t<\/div>\n\t\t\t\t\t\t<div class=\"sharing\">\n\t\t<a class=\"share-button share-link copy-link\" data-copy=\"https:\/\/hoyre.no\/strand\/idrett-og-frivillighet\/\" target=\"_blank\"><span class=\"screen-reader-text\">Del link<\/span><\/a>\n\t\t<a class=\"share-button share-twitter\" href=\"http:\/\/twitter.com\/share?text=Idrett og frivillighet&#038;url=https:\/\/hoyre.no\/strand\/idrett-og-frivillighet\/&#038;hashtags=Hoyre\" target=\"_blank\"><span class=\"screen-reader-text\">Del p\u00e5 twitter<\/span><\/a>\n\t\t<a class=\"share-button share-facebook\" href=\"https:\/\/www.facebook.com\/sharer\/sharer.php?u=https:\/\/hoyre.no\/strand\/idrett-og-frivillighet\/\" target=\"_blank\"><span class=\"screen-reader-text\">Del p\u00e5 facebook<\/span><\/a>\n\t<\/div>\n\t\t\t\t\t<\/div>\n\t\t\t<\/div>\n\n\t\t\t<figure class=\"hoyre-image-wrapper\"><div class=\"hoyre-image\"><img loading=\"lazy\" decoding=\"async\" width=\"945\" height=\"669\" src=\"https:\/\/hoyre.no\/content\/uploads\/sites\/209\/2023\/05\/IMG_4163-scaled-e1687985151308.jpg\" class=\"attachment-scaled size-scaled\" alt=\"Bilde av Tau\" style=\"object-position: 46% 78%\" srcset=\"https:\/\/hoyre.no\/content\/uploads\/sites\/209\/2023\/05\/IMG_4163-scaled-e1687985151308.jpg 945w, https:\/\/hoyre.no\/content\/uploads\/sites\/209\/2023\/05\/IMG_4163-scaled-e1687985151308-300x212.jpg 300w, https:\/\/hoyre.no\/content\/uploads\/sites\/209\/2023\/05\/IMG_4163-scaled-e1687985151308-768x544.jpg 768w\" sizes=\"auto, (max-width: 945px) 100vw, 945px\" \/><\/div><\/figure><\/div><\/div>\n\n\n\n\n<p>&nbsp;&nbsp;&nbsp;&nbsp;&nbsp;&nbsp;<\/p>\n\n\n\n<ul class=\"wp-block-list\"><li>Spleiset p\u00e5 ny friidrettsbane og kunstgressbane p\u00e5 Tau<\/li><li>Spleiset p\u00e5 ny friidrettsbane og kunstgressbane p\u00e5 J\u00f8rpeland<\/li><li>Spleiset p\u00e5 ny kunstgressbane p\u00e5 Fisk\u00e5<\/li><li>Spleiset p\u00e5 stisykkelanlegg i Dalen<\/li><li>Byggt Parkour, lekeanlegg og skatepark p\u00e5 J\u00f8rpeland<\/li><li>Bygget Flerbrukshall p\u00e5 J\u00f8rpeland<\/li><li>Etablert E-sport rom i flerbrukshallen<\/li><li>Bygget klatrevegg p\u00e5 Tau og J\u00f8rpeland<\/li><li>Bygget volleyballbane i Strandast\u00f8a, J\u00f8rpelandsv\u00e5gen og forbedret volleyballbanene i Barkavika<\/li><li>Bidratt til etablering av Frisbeebane p\u00e5 J\u00f8rpelandsholmen og p\u00e5 Preiksestolomr\u00e5det<\/li><li>Vedtatt isbane i Strand<\/li><li>Innf\u00f8rt ildsjel prisen som deles ut \u00e5rlig<\/li><li>Utstyrslager for gratis l\u00e5n av utstyr (n\u00e5 Frilager)<\/li><li>Startet fritidsklubber p\u00e5 Tau&nbsp;og J\u00f8rpeland<\/li><\/ul>\n\n\n\n<p><\/p>\n\n\n\n<p>&nbsp;<\/p>\n\n","protected":false},"excerpt":{"rendered":"","protected":false},"author":8714,"featured_media":0,"parent":0,"menu_order":0,"comment_status":"closed","ping_status":"closed","template":"","meta":{"teft_cards_image_url":"","teft_cards_custom_pretitle":"","teft_cards_image_id":0,"teft_cards_image_focal_point_x":0,"teft_cards_image_focal_point_y":0,"teft_cards_title":"","teft_cards_excerpt":"","teft_show_chapters":false,"footnotes":""},"class_list":["post-247","page","type-page","status-publish","hentry"],"yoast_head":"<!-- This site is optimized with the Yoast SEO plugin v26.6 - https:\/\/yoast.com\/wordpress\/plugins\/seo\/ -->\n<title>Idrett og frivillighet - Strand H\u00f8yre<\/title>\n<meta name=\"robots\" content=\"index, follow, max-snippet:-1, max-image-preview:large, max-video-preview:-1\" \/>\n<link rel=\"canonical\" href=\"https:\/\/hoyre.no\/strand\/idrett-og-frivillighet\/\" \/>\n<meta property=\"og:locale\" content=\"nb_NO\" \/>\n<meta property=\"og:type\" content=\"article\" \/>\n<meta property=\"og:title\" content=\"Idrett og frivillighet - Strand H\u00f8yre\" \/>\n<meta property=\"og:url\" content=\"https:\/\/hoyre.no\/strand\/idrett-og-frivillighet\/\" \/>\n<meta property=\"og:site_name\" content=\"Strand H\u00f8yre\" \/>\n<meta property=\"article:modified_time\" content=\"2023-07-03T21:21:50+00:00\" \/>\n<meta property=\"og:image\" content=\"https:\/\/hoyre.no\/content\/uploads\/sites\/209\/2022\/11\/Hoyres-logo.png\" \/>\n\t<meta property=\"og:image:width\" content=\"1000\" \/>\n\t<meta property=\"og:image:height\" content=\"1000\" \/>\n\t<meta property=\"og:image:type\" content=\"image\/png\" \/>\n<meta name=\"twitter:card\" content=\"summary_large_image\" \/>\n<meta name=\"twitter:label1\" content=\"Ansl. lesetid\" \/>\n\t<meta name=\"twitter:data1\" content=\"1 minutt\" \/>\n<script type=\"application\/ld+json\" class=\"yoast-schema-graph\">{\"@context\":\"https:\/\/schema.org\",\"@graph\":[{\"@type\":\"WebPage\",\"@id\":\"https:\/\/hoyre.no\/strand\/idrett-og-frivillighet\/\",\"url\":\"https:\/\/hoyre.no\/strand\/idrett-og-frivillighet\/\",\"name\":\"Idrett og frivillighet - Strand H\u00f8yre\",\"isPartOf\":{\"@id\":\"https:\/\/hoyre.no\/strand\/#website\"},\"datePublished\":\"2023-06-28T21:30:17+00:00\",\"dateModified\":\"2023-07-03T21:21:50+00:00\",\"breadcrumb\":{\"@id\":\"https:\/\/hoyre.no\/strand\/idrett-og-frivillighet\/#breadcrumb\"},\"inLanguage\":\"nb-NO\",\"potentialAction\":[{\"@type\":\"ReadAction\",\"target\":[\"https:\/\/hoyre.no\/strand\/idrett-og-frivillighet\/\"]}]},{\"@type\":\"BreadcrumbList\",\"@id\":\"https:\/\/hoyre.no\/strand\/idrett-og-frivillighet\/#breadcrumb\",\"itemListElement\":[{\"@type\":\"ListItem\",\"position\":1,\"name\":\"Til hoyre.no\",\"item\":\"https:\/\/hoyre.no\"},{\"@type\":\"ListItem\",\"position\":2,\"name\":\"Hjem\",\"item\":\"https:\/\/hoyre.no\/strand\/\"},{\"@type\":\"ListItem\",\"position\":3,\"name\":\"Idrett og frivillighet\"}]},{\"@type\":\"WebSite\",\"@id\":\"https:\/\/hoyre.no\/strand\/#website\",\"url\":\"https:\/\/hoyre.no\/strand\/\",\"name\":\"Strand H\u00f8yre\",\"description\":\"Bare enda et H\u00f8yres nettsteder-nettsted\",\"inLanguage\":\"nb-NO\"}]}<\/script>\n<!-- \/ Yoast SEO plugin. -->","yoast_head_json":{"title":"Idrett og frivillighet - Strand H\u00f8yre","robots":{"index":"index","follow":"follow","max-snippet":"max-snippet:-1","max-image-preview":"max-image-preview:large","max-video-preview":"max-video-preview:-1"},"canonical":"https:\/\/hoyre.no\/strand\/idrett-og-frivillighet\/","og_locale":"nb_NO","og_type":"article","og_title":"Idrett og frivillighet - Strand H\u00f8yre","og_url":"https:\/\/hoyre.no\/strand\/idrett-og-frivillighet\/","og_site_name":"Strand H\u00f8yre","article_modified_time":"2023-07-03T21:21:50+00:00","og_image":[{"width":1000,"height":1000,"url":"https:\/\/hoyre.no\/content\/uploads\/sites\/209\/2022\/11\/Hoyres-logo.png","type":"image\/png"}],"twitter_card":"summary_large_image","twitter_misc":{"Ansl. lesetid":"1 minutt"},"schema":{"@context":"https:\/\/schema.org","@graph":[{"@type":"WebPage","@id":"https:\/\/hoyre.no\/strand\/idrett-og-frivillighet\/","url":"https:\/\/hoyre.no\/strand\/idrett-og-frivillighet\/","name":"Idrett og frivillighet - Strand H\u00f8yre","isPartOf":{"@id":"https:\/\/hoyre.no\/strand\/#website"},"datePublished":"2023-06-28T21:30:17+00:00","dateModified":"2023-07-03T21:21:50+00:00","breadcrumb":{"@id":"https:\/\/hoyre.no\/strand\/idrett-og-frivillighet\/#breadcrumb"},"inLanguage":"nb-NO","potentialAction":[{"@type":"ReadAction","target":["https:\/\/hoyre.no\/strand\/idrett-og-frivillighet\/"]}]},{"@type":"BreadcrumbList","@id":"https:\/\/hoyre.no\/strand\/idrett-og-frivillighet\/#breadcrumb","itemListElement":[{"@type":"ListItem","position":1,"name":"Til hoyre.no","item":"https:\/\/hoyre.no"},{"@type":"ListItem","position":2,"name":"Hjem","item":"https:\/\/hoyre.no\/strand\/"},{"@type":"ListItem","position":3,"name":"Idrett og frivillighet"}]},{"@type":"WebSite","@id":"https:\/\/hoyre.no\/strand\/#website","url":"https:\/\/hoyre.no\/strand\/","name":"Strand H\u00f8yre","description":"Bare enda et H\u00f8yres nettsteder-nettsted","inLanguage":"nb-NO"}]}},"distributor_meta":false,"distributor_terms":false,"distributor_media":false,"distributor_original_site_name":"Strand H\u00f8yre","distributor_original_site_url":"https:\/\/hoyre.no\/strand","push-errors":false,"_links":{"self":[{"href":"https:\/\/hoyre.no\/strand\/wp-json\/wp\/v2\/pages\/247","targetHints":{"allow":["GET"]}}],"collection":[{"href":"https:\/\/hoyre.no\/strand\/wp-json\/wp\/v2\/pages"}],"about":[{"href":"https:\/\/hoyre.no\/strand\/wp-json\/wp\/v2\/types\/page"}],"author":[{"embeddable":true,"href":"https:\/\/hoyre.no\/strand\/wp-json\/wp\/v2\/users\/8714"}],"replies":[{"embeddable":true,"href":"https:\/\/hoyre.no\/strand\/wp-json\/wp\/v2\/comments?post=247"}],"version-history":[{"count":8,"href":"https:\/\/hoyre.no\/strand\/wp-json\/wp\/v2\/pages\/247\/revisions"}],"predecessor-version":[{"id":434,"href":"https:\/\/hoyre.no\/strand\/wp-json\/wp\/v2\/pages\/247\/revisions\/434"}],"wp:attachment":[{"href":"https:\/\/hoyre.no\/strand\/wp-json\/wp\/v2\/media?parent=247"}],"curies":[{"name":"wp","href":"https:\/\/api.w.org\/{rel}","templated":true}]}}