{"id":254,"date":"2023-06-28T23:31:20","date_gmt":"2023-06-28T21:31:20","guid":{"rendered":"https:\/\/hoyre.no\/strand\/?page_id=254"},"modified":"2025-02-04T11:58:58","modified_gmt":"2025-02-04T10:58:58","slug":"bo-attraktivitet","status":"publish","type":"page","link":"https:\/\/hoyre.no\/strand\/bo-attraktivitet\/","title":{"rendered":"Bo-attraktivitet"},"content":{"rendered":"\n<div class=\"wp-block-hoyre-hero with-image-gradient text-color-light  has-media alignfull has-background\"><div class=\"hoyre-hero has-image\"><h1 class=\"title\">Bo attraktivitet<\/h1><p class=\"preamble\">Sammen med andre har H\u00f8yre i perioden 2015-2023 blant annet bidratt til:<\/p>\t\t\t<div class=\"post-meta wp-block teft-byline-wrapper\">\n\t\t\t\t<div class=\"top\">\n\t\t\t\t\t<div class=\"signature\">\n\t\t\t\t\t\t<div class=\"teft-byline\">\n\t\t\t\t\t\t\t\t\t\t\t\t\t\t<div>\n\t\t\t\t\t\t\t\t<h3>H\u00f8yres redaksjon<\/h3>\t\t\t\t\t\t\t\t\n\t\t\t\t\t\t\t\t\t\t\t\t\t\t\t\t\t<span class=\"date\">Sist oppdatert: 4. februar 2025<\/span>\n\t\t\t\t\t\t\t\t\t\t\t\t\t\t\t\t\t\t\t\t\t\t\t\t\t<span class=\"reading-time\" itemprop=\"timeRequired\" content=\"PT2M\"><em>Ca. 2 minutter lesetid<\/em><\/span>\n\t\t\t\t\t\t\t\t\t\t\t\t\t\t\t<\/div>\n\t\t\t\t\t\t<\/div>\n\t\t\t\t\t<\/div>\n\t\t\t\t\t\t<div class=\"sharing\">\n\t\t<a class=\"share-button share-link copy-link\" data-copy=\"https:\/\/hoyre.no\/strand\/bo-attraktivitet\/\" target=\"_blank\"><span class=\"screen-reader-text\">Del link<\/span><\/a>\n\t\t<a class=\"share-button share-twitter\" href=\"http:\/\/twitter.com\/share?text=Bo-attraktivitet&#038;url=https:\/\/hoyre.no\/strand\/bo-attraktivitet\/&#038;hashtags=Hoyre\" target=\"_blank\"><span class=\"screen-reader-text\">Del p\u00e5 twitter<\/span><\/a>\n\t\t<a class=\"share-button share-facebook\" href=\"https:\/\/www.facebook.com\/sharer\/sharer.php?u=https:\/\/hoyre.no\/strand\/bo-attraktivitet\/\" target=\"_blank\"><span class=\"screen-reader-text\">Del p\u00e5 facebook<\/span><\/a>\n\t<\/div>\n\t\t\t\t\t<\/div>\n\t\t\t<\/div>\n\n\t\t\t<figure class=\"hoyre-image-wrapper\"><div class=\"hoyre-image\"><img loading=\"lazy\" decoding=\"async\" width=\"640\" height=\"480\" src=\"https:\/\/hoyre.no\/content\/uploads\/sites\/209\/2023\/05\/jorpelands-holmen-thumbnail_IMG_2186.jpeg\" class=\"attachment-scaled size-scaled\" alt=\"Bro dekorasjon\" style=\"object-position: 50% 50%\" srcset=\"https:\/\/hoyre.no\/content\/uploads\/sites\/209\/2023\/05\/jorpelands-holmen-thumbnail_IMG_2186.jpeg 640w, https:\/\/hoyre.no\/content\/uploads\/sites\/209\/2023\/05\/jorpelands-holmen-thumbnail_IMG_2186-300x225.jpeg 300w\" sizes=\"auto, (max-width: 640px) 100vw, 640px\" \/><\/div><\/figure><\/div><\/div>\n\n\n\n\n<ul class=\"wp-block-list\">\n<li>Fullfinansiert og bygget St\u00e5lverksbroa til J\u00f8rpelandsholmen<\/li>\n\n\n\n<li>F\u00e5tt lokalprodusert belysning p\u00e5 J\u00f8rpelandsholmen<\/li>\n\n\n\n<li>Tilrettelagt for leke og klatrestativ p\u00e5 J\u00f8rpelandsholmen<\/li>\n\n\n\n<li>Tilrettelagt for Ryfylke Friluftsr\u00e5d for oppgradering av friluftsomr\u00e5de i T\u00f8gjev\u00e5gen<\/li>\n\n\n\n<li>Tilrettelagt for Ryfylkefriluftsr\u00e5d for etablering av friluftsomr\u00e5det L\u00e5tervika p\u00e5 Idsal<\/li>\n\n\n\n<li>Utvidet tur-parkering ved Liarvatnet til 170 gratis parkeringsplasser<\/li>\n\n\n\n<li>Tursti fra Solbakk til b\u00e5thavna p\u00e5 Tau<\/li>\n\n\n\n<li>Kj\u00f8pt eiendom i V\u00e5gen p\u00e5 J\u00f8rpeland, med sikte p\u00e5 videre utvikling\u00a0<\/li>\n\n\n\n<li>Kj\u00f8pt eiendom langs J\u00f8rpelandsvassdraget for tilrettelegging av friluftsliv<\/li>\n\n\n\n<li>Sammen med private utviklet sentrum p\u00e5 Tau<\/li>\n\n\n\n<li>Etablert 42 nye tur-parkeringsplasser ved Kraftstasjonen p\u00e5 J\u00f8rpeland<\/li>\n\n\n\n<li>F\u00e5tt gapahuk p\u00e5 J\u00f8rpelandsholmen og ved Kraftstasjonen<\/li>\n\n\n\n<li>Bygget dagsturhytte<\/li>\n\n\n\n<li>\u00c5rlig bidratt til midler til merking av turstier<\/li>\n\n\n\n<li>Besluttet at 52 merka turen skal ut p\u00e5 ut.no\u00a0<\/li>\n\n\n\n<li>Bygget bro og sti til deler av Krossvatnet med m\u00e5l om sti helt rundt<\/li>\n\n\n\n<li>Etablert offentlige toaletter p\u00e5 badestrendene i Skyljavika, T\u00f8gjev\u00e5gen, Strandast\u00f8a, Kuvika, Barkavika, Nordlys og Fureneset.<\/li>\n\n\n\n<li>Holdt eiendomsskatten lavest mulig<\/li>\n\n\n\n<li>Fremforhandlet vedtak om bygging av gang og sykkelsti mellom Solbakk og Gr\u00f8nnevoll som n\u00e5 er \u00e5pnet!<\/li>\n\n\n\n<li>P\u00e5virket Fylkeskommunen til \u00e5 fremskyve og vedta bygging av sykkelsti fra Tau til Nordmarka<\/li>\n\n\n\n<li>\u00d8nsket nye innbyggere og Preikestolen inn i Strand Kommune<\/li>\n\n\n\n<li>Godkjent nytt byggefelt p\u00e5 Fisk\u00e5 \u2013 vant mekling med Statsforvalter<\/li>\n<\/ul>\n\n","protected":false},"excerpt":{"rendered":"","protected":false},"author":8714,"featured_media":0,"parent":0,"menu_order":0,"comment_status":"closed","ping_status":"closed","template":"","meta":{"teft_cards_image_url":"","teft_cards_custom_pretitle":"","teft_cards_image_id":0,"teft_cards_image_focal_point_x":0,"teft_cards_image_focal_point_y":0,"teft_cards_title":"","teft_cards_excerpt":"","teft_show_chapters":false,"footnotes":""},"class_list":["post-254","page","type-page","status-publish","hentry"],"yoast_head":"<!-- This site is optimized with the Yoast SEO plugin v26.6 - https:\/\/yoast.com\/wordpress\/plugins\/seo\/ -->\n<title>Bo-attraktivitet - Strand H\u00f8yre<\/title>\n<meta name=\"robots\" content=\"index, follow, max-snippet:-1, max-image-preview:large, max-video-preview:-1\" \/>\n<link rel=\"canonical\" href=\"https:\/\/hoyre.no\/strand\/bo-attraktivitet\/\" \/>\n<meta property=\"og:locale\" content=\"nb_NO\" \/>\n<meta property=\"og:type\" content=\"article\" \/>\n<meta property=\"og:title\" content=\"Bo-attraktivitet - Strand H\u00f8yre\" \/>\n<meta property=\"og:url\" content=\"https:\/\/hoyre.no\/strand\/bo-attraktivitet\/\" \/>\n<meta property=\"og:site_name\" content=\"Strand H\u00f8yre\" \/>\n<meta property=\"article:modified_time\" content=\"2025-02-04T10:58:58+00:00\" \/>\n<meta property=\"og:image\" content=\"https:\/\/hoyre.no\/content\/uploads\/sites\/209\/2022\/11\/Hoyres-logo.png\" \/>\n\t<meta property=\"og:image:width\" content=\"1000\" \/>\n\t<meta property=\"og:image:height\" content=\"1000\" \/>\n\t<meta property=\"og:image:type\" content=\"image\/png\" \/>\n<meta name=\"twitter:card\" content=\"summary_large_image\" \/>\n<meta name=\"twitter:label1\" content=\"Ansl. lesetid\" \/>\n\t<meta name=\"twitter:data1\" content=\"2 minutter\" \/>\n<script type=\"application\/ld+json\" class=\"yoast-schema-graph\">{\"@context\":\"https:\/\/schema.org\",\"@graph\":[{\"@type\":\"WebPage\",\"@id\":\"https:\/\/hoyre.no\/strand\/bo-attraktivitet\/\",\"url\":\"https:\/\/hoyre.no\/strand\/bo-attraktivitet\/\",\"name\":\"Bo-attraktivitet - Strand H\u00f8yre\",\"isPartOf\":{\"@id\":\"https:\/\/hoyre.no\/strand\/#website\"},\"datePublished\":\"2023-06-28T21:31:20+00:00\",\"dateModified\":\"2025-02-04T10:58:58+00:00\",\"breadcrumb\":{\"@id\":\"https:\/\/hoyre.no\/strand\/bo-attraktivitet\/#breadcrumb\"},\"inLanguage\":\"nb-NO\",\"potentialAction\":[{\"@type\":\"ReadAction\",\"target\":[\"https:\/\/hoyre.no\/strand\/bo-attraktivitet\/\"]}]},{\"@type\":\"BreadcrumbList\",\"@id\":\"https:\/\/hoyre.no\/strand\/bo-attraktivitet\/#breadcrumb\",\"itemListElement\":[{\"@type\":\"ListItem\",\"position\":1,\"name\":\"Til hoyre.no\",\"item\":\"https:\/\/hoyre.no\"},{\"@type\":\"ListItem\",\"position\":2,\"name\":\"Hjem\",\"item\":\"https:\/\/hoyre.no\/strand\/\"},{\"@type\":\"ListItem\",\"position\":3,\"name\":\"Bo-attraktivitet\"}]},{\"@type\":\"WebSite\",\"@id\":\"https:\/\/hoyre.no\/strand\/#website\",\"url\":\"https:\/\/hoyre.no\/strand\/\",\"name\":\"Strand H\u00f8yre\",\"description\":\"Bare enda et H\u00f8yres nettsteder-nettsted\",\"inLanguage\":\"nb-NO\"}]}<\/script>\n<!-- \/ Yoast SEO plugin. -->","yoast_head_json":{"title":"Bo-attraktivitet - Strand H\u00f8yre","robots":{"index":"index","follow":"follow","max-snippet":"max-snippet:-1","max-image-preview":"max-image-preview:large","max-video-preview":"max-video-preview:-1"},"canonical":"https:\/\/hoyre.no\/strand\/bo-attraktivitet\/","og_locale":"nb_NO","og_type":"article","og_title":"Bo-attraktivitet - Strand H\u00f8yre","og_url":"https:\/\/hoyre.no\/strand\/bo-attraktivitet\/","og_site_name":"Strand H\u00f8yre","article_modified_time":"2025-02-04T10:58:58+00:00","og_image":[{"width":1000,"height":1000,"url":"https:\/\/hoyre.no\/content\/uploads\/sites\/209\/2022\/11\/Hoyres-logo.png","type":"image\/png"}],"twitter_card":"summary_large_image","twitter_misc":{"Ansl. lesetid":"2 minutter"},"schema":{"@context":"https:\/\/schema.org","@graph":[{"@type":"WebPage","@id":"https:\/\/hoyre.no\/strand\/bo-attraktivitet\/","url":"https:\/\/hoyre.no\/strand\/bo-attraktivitet\/","name":"Bo-attraktivitet - Strand H\u00f8yre","isPartOf":{"@id":"https:\/\/hoyre.no\/strand\/#website"},"datePublished":"2023-06-28T21:31:20+00:00","dateModified":"2025-02-04T10:58:58+00:00","breadcrumb":{"@id":"https:\/\/hoyre.no\/strand\/bo-attraktivitet\/#breadcrumb"},"inLanguage":"nb-NO","potentialAction":[{"@type":"ReadAction","target":["https:\/\/hoyre.no\/strand\/bo-attraktivitet\/"]}]},{"@type":"BreadcrumbList","@id":"https:\/\/hoyre.no\/strand\/bo-attraktivitet\/#breadcrumb","itemListElement":[{"@type":"ListItem","position":1,"name":"Til hoyre.no","item":"https:\/\/hoyre.no"},{"@type":"ListItem","position":2,"name":"Hjem","item":"https:\/\/hoyre.no\/strand\/"},{"@type":"ListItem","position":3,"name":"Bo-attraktivitet"}]},{"@type":"WebSite","@id":"https:\/\/hoyre.no\/strand\/#website","url":"https:\/\/hoyre.no\/strand\/","name":"Strand H\u00f8yre","description":"Bare enda et H\u00f8yres nettsteder-nettsted","inLanguage":"nb-NO"}]}},"distributor_meta":false,"distributor_terms":false,"distributor_media":false,"distributor_original_site_name":"Strand H\u00f8yre","distributor_original_site_url":"https:\/\/hoyre.no\/strand","push-errors":false,"_links":{"self":[{"href":"https:\/\/hoyre.no\/strand\/wp-json\/wp\/v2\/pages\/254","targetHints":{"allow":["GET"]}}],"collection":[{"href":"https:\/\/hoyre.no\/strand\/wp-json\/wp\/v2\/pages"}],"about":[{"href":"https:\/\/hoyre.no\/strand\/wp-json\/wp\/v2\/types\/page"}],"author":[{"embeddable":true,"href":"https:\/\/hoyre.no\/strand\/wp-json\/wp\/v2\/users\/8714"}],"replies":[{"embeddable":true,"href":"https:\/\/hoyre.no\/strand\/wp-json\/wp\/v2\/comments?post=254"}],"version-history":[{"count":6,"href":"https:\/\/hoyre.no\/strand\/wp-json\/wp\/v2\/pages\/254\/revisions"}],"predecessor-version":[{"id":735,"href":"https:\/\/hoyre.no\/strand\/wp-json\/wp\/v2\/pages\/254\/revisions\/735"}],"wp:attachment":[{"href":"https:\/\/hoyre.no\/strand\/wp-json\/wp\/v2\/media?parent=254"}],"curies":[{"name":"wp","href":"https:\/\/api.w.org\/{rel}","templated":true}]}}