{"id":256,"date":"2023-06-28T23:27:27","date_gmt":"2023-06-28T21:27:27","guid":{"rendered":"https:\/\/hoyre.no\/strand\/?page_id=256"},"modified":"2025-02-04T11:59:12","modified_gmt":"2025-02-04T10:59:12","slug":"helse-omsorg-og-eldre","status":"publish","type":"page","link":"https:\/\/hoyre.no\/strand\/helse-omsorg-og-eldre\/","title":{"rendered":"Helse, omsorg og eldre"},"content":{"rendered":"\n<div class=\"wp-block-hoyre-hero with-image-gradient text-color-light  has-media alignfull has-background\"><div class=\"hoyre-hero has-image\"><h1 class=\"title\">Helse, omsorg og eldre<\/h1><p class=\"preamble\">Helse og omsorg er viktig for H\u00f8yre. <br>Sammen med andre har H\u00f8yre i perioden 2015-2023 blant annet bidratt til:<\/p>\t\t\t<div class=\"post-meta wp-block teft-byline-wrapper\">\n\t\t\t\t<div class=\"top\">\n\t\t\t\t\t<div class=\"signature\">\n\t\t\t\t\t\t<div class=\"teft-byline\">\n\t\t\t\t\t\t\t\t\t\t\t\t\t\t<div>\n\t\t\t\t\t\t\t\t<h3>H\u00f8yres redaksjon<\/h3>\t\t\t\t\t\t\t\t\n\t\t\t\t\t\t\t\t\t\t\t\t\t\t\t\t\t<span class=\"date\">Sist oppdatert: 4. februar 2025<\/span>\n\t\t\t\t\t\t\t\t\t\t\t\t\t\t\t\t\t\t\t\t\t\t\t\t\t<span class=\"reading-time\" itemprop=\"timeRequired\" content=\"PT1M\"><em>Ca. 1 minutter lesetid<\/em><\/span>\n\t\t\t\t\t\t\t\t\t\t\t\t\t\t\t<\/div>\n\t\t\t\t\t\t<\/div>\n\t\t\t\t\t<\/div>\n\t\t\t\t\t\t<div class=\"sharing\">\n\t\t<a class=\"share-button share-link copy-link\" data-copy=\"https:\/\/hoyre.no\/strand\/helse-omsorg-og-eldre\/\" target=\"_blank\"><span class=\"screen-reader-text\">Del link<\/span><\/a>\n\t\t<a class=\"share-button share-twitter\" href=\"http:\/\/twitter.com\/share?text=Helse, omsorg og eldre&#038;url=https:\/\/hoyre.no\/strand\/helse-omsorg-og-eldre\/&#038;hashtags=Hoyre\" target=\"_blank\"><span class=\"screen-reader-text\">Del p\u00e5 twitter<\/span><\/a>\n\t\t<a class=\"share-button share-facebook\" href=\"https:\/\/www.facebook.com\/sharer\/sharer.php?u=https:\/\/hoyre.no\/strand\/helse-omsorg-og-eldre\/\" target=\"_blank\"><span class=\"screen-reader-text\">Del p\u00e5 facebook<\/span><\/a>\n\t<\/div>\n\t\t\t\t\t<\/div>\n\t\t\t<\/div>\n\n\t\t\t<figure class=\"hoyre-image-wrapper\"><div class=\"hoyre-image\"><img loading=\"lazy\" decoding=\"async\" width=\"2500\" height=\"1667\" src=\"https:\/\/hoyre.no\/content\/uploads\/sites\/209\/2023\/05\/GettyImages-1212931050-scaled.jpg\" class=\"attachment-scaled size-scaled\" alt=\"senior par\" style=\"object-position: 50% 50%\" srcset=\"https:\/\/hoyre.no\/content\/uploads\/sites\/209\/2023\/05\/GettyImages-1212931050-scaled.jpg 2500w, https:\/\/hoyre.no\/content\/uploads\/sites\/209\/2023\/05\/GettyImages-1212931050-300x200.jpg 300w, https:\/\/hoyre.no\/content\/uploads\/sites\/209\/2023\/05\/GettyImages-1212931050-1024x683.jpg 1024w, https:\/\/hoyre.no\/content\/uploads\/sites\/209\/2023\/05\/GettyImages-1212931050-768x512.jpg 768w, https:\/\/hoyre.no\/content\/uploads\/sites\/209\/2023\/05\/GettyImages-1212931050-1536x1024.jpg 1536w, https:\/\/hoyre.no\/content\/uploads\/sites\/209\/2023\/05\/GettyImages-1212931050-2048x1365.jpg 2048w\" sizes=\"auto, (max-width: 2500px) 100vw, 2500px\" \/><\/div><\/figure><\/div><\/div>\n\n\n\n\n<ul class=\"wp-block-list\">\n<li>Tilrettelagt for mat p\u00e5 stedet p\u00e5 Jonsokberget og Tautunet<\/li>\n\n\n\n<li>Elektriske utesykler for sykkeltur med eldre p\u00e5 institusjonene<\/li>\n\n\n\n<li>Kj\u00f8pt innesykler med film for \u00f8kt aktivitet p\u00e5 institusjonene<\/li>\n\n\n\n<li>Tilsatt 2 psykologer (f\u00f8r hadde vi null)<\/li>\n\n\n\n<li>Forbedret legesituasjonen, kj\u00f8pt 2 private legesentre og ansatt kommunelege i 100%<\/li>\n\n\n\n<li>Tilpasset tursti rundt Jonsokberget for mennesker med redusert funksjonsevne<\/li>\n\n\n\n<li>Gjort et historisk l\u00f8ft i rusomsorgen\u00a0<\/li>\n\n\n\n<li>Ansatt p\u00e5r\u00f8rendekoordinator<\/li>\n<\/ul>\n\n","protected":false},"excerpt":{"rendered":"","protected":false},"author":8714,"featured_media":0,"parent":0,"menu_order":0,"comment_status":"closed","ping_status":"closed","template":"","meta":{"teft_cards_image_url":"","teft_cards_custom_pretitle":"","teft_cards_image_id":0,"teft_cards_image_focal_point_x":0,"teft_cards_image_focal_point_y":0,"teft_cards_title":"","teft_cards_excerpt":"","teft_show_chapters":false,"footnotes":""},"class_list":["post-256","page","type-page","status-publish","hentry"],"yoast_head":"<!-- This site is optimized with the Yoast SEO plugin v26.6 - https:\/\/yoast.com\/wordpress\/plugins\/seo\/ -->\n<title>Helse, omsorg og eldre - Strand H\u00f8yre<\/title>\n<meta name=\"robots\" content=\"index, follow, max-snippet:-1, max-image-preview:large, max-video-preview:-1\" \/>\n<link rel=\"canonical\" href=\"https:\/\/hoyre.no\/strand\/helse-omsorg-og-eldre\/\" \/>\n<meta property=\"og:locale\" content=\"nb_NO\" \/>\n<meta property=\"og:type\" content=\"article\" \/>\n<meta property=\"og:title\" content=\"Helse, omsorg og eldre - Strand H\u00f8yre\" \/>\n<meta property=\"og:url\" content=\"https:\/\/hoyre.no\/strand\/helse-omsorg-og-eldre\/\" \/>\n<meta property=\"og:site_name\" content=\"Strand H\u00f8yre\" \/>\n<meta property=\"article:modified_time\" content=\"2025-02-04T10:59:12+00:00\" \/>\n<meta property=\"og:image\" content=\"https:\/\/hoyre.no\/content\/uploads\/sites\/209\/2022\/11\/Hoyres-logo.png\" \/>\n\t<meta property=\"og:image:width\" content=\"1000\" \/>\n\t<meta property=\"og:image:height\" content=\"1000\" \/>\n\t<meta property=\"og:image:type\" content=\"image\/png\" \/>\n<meta name=\"twitter:card\" content=\"summary_large_image\" \/>\n<meta name=\"twitter:label1\" content=\"Ansl. lesetid\" \/>\n\t<meta name=\"twitter:data1\" content=\"1 minutt\" \/>\n<script type=\"application\/ld+json\" class=\"yoast-schema-graph\">{\"@context\":\"https:\/\/schema.org\",\"@graph\":[{\"@type\":\"WebPage\",\"@id\":\"https:\/\/hoyre.no\/strand\/helse-omsorg-og-eldre\/\",\"url\":\"https:\/\/hoyre.no\/strand\/helse-omsorg-og-eldre\/\",\"name\":\"Helse, omsorg og eldre - Strand H\u00f8yre\",\"isPartOf\":{\"@id\":\"https:\/\/hoyre.no\/strand\/#website\"},\"datePublished\":\"2023-06-28T21:27:27+00:00\",\"dateModified\":\"2025-02-04T10:59:12+00:00\",\"breadcrumb\":{\"@id\":\"https:\/\/hoyre.no\/strand\/helse-omsorg-og-eldre\/#breadcrumb\"},\"inLanguage\":\"nb-NO\",\"potentialAction\":[{\"@type\":\"ReadAction\",\"target\":[\"https:\/\/hoyre.no\/strand\/helse-omsorg-og-eldre\/\"]}]},{\"@type\":\"BreadcrumbList\",\"@id\":\"https:\/\/hoyre.no\/strand\/helse-omsorg-og-eldre\/#breadcrumb\",\"itemListElement\":[{\"@type\":\"ListItem\",\"position\":1,\"name\":\"Til hoyre.no\",\"item\":\"https:\/\/hoyre.no\"},{\"@type\":\"ListItem\",\"position\":2,\"name\":\"Hjem\",\"item\":\"https:\/\/hoyre.no\/strand\/\"},{\"@type\":\"ListItem\",\"position\":3,\"name\":\"Helse, omsorg og eldre\"}]},{\"@type\":\"WebSite\",\"@id\":\"https:\/\/hoyre.no\/strand\/#website\",\"url\":\"https:\/\/hoyre.no\/strand\/\",\"name\":\"Strand H\u00f8yre\",\"description\":\"Bare enda et H\u00f8yres nettsteder-nettsted\",\"inLanguage\":\"nb-NO\"}]}<\/script>\n<!-- \/ Yoast SEO plugin. -->","yoast_head_json":{"title":"Helse, omsorg og eldre - Strand H\u00f8yre","robots":{"index":"index","follow":"follow","max-snippet":"max-snippet:-1","max-image-preview":"max-image-preview:large","max-video-preview":"max-video-preview:-1"},"canonical":"https:\/\/hoyre.no\/strand\/helse-omsorg-og-eldre\/","og_locale":"nb_NO","og_type":"article","og_title":"Helse, omsorg og eldre - Strand H\u00f8yre","og_url":"https:\/\/hoyre.no\/strand\/helse-omsorg-og-eldre\/","og_site_name":"Strand H\u00f8yre","article_modified_time":"2025-02-04T10:59:12+00:00","og_image":[{"width":1000,"height":1000,"url":"https:\/\/hoyre.no\/content\/uploads\/sites\/209\/2022\/11\/Hoyres-logo.png","type":"image\/png"}],"twitter_card":"summary_large_image","twitter_misc":{"Ansl. lesetid":"1 minutt"},"schema":{"@context":"https:\/\/schema.org","@graph":[{"@type":"WebPage","@id":"https:\/\/hoyre.no\/strand\/helse-omsorg-og-eldre\/","url":"https:\/\/hoyre.no\/strand\/helse-omsorg-og-eldre\/","name":"Helse, omsorg og eldre - Strand H\u00f8yre","isPartOf":{"@id":"https:\/\/hoyre.no\/strand\/#website"},"datePublished":"2023-06-28T21:27:27+00:00","dateModified":"2025-02-04T10:59:12+00:00","breadcrumb":{"@id":"https:\/\/hoyre.no\/strand\/helse-omsorg-og-eldre\/#breadcrumb"},"inLanguage":"nb-NO","potentialAction":[{"@type":"ReadAction","target":["https:\/\/hoyre.no\/strand\/helse-omsorg-og-eldre\/"]}]},{"@type":"BreadcrumbList","@id":"https:\/\/hoyre.no\/strand\/helse-omsorg-og-eldre\/#breadcrumb","itemListElement":[{"@type":"ListItem","position":1,"name":"Til hoyre.no","item":"https:\/\/hoyre.no"},{"@type":"ListItem","position":2,"name":"Hjem","item":"https:\/\/hoyre.no\/strand\/"},{"@type":"ListItem","position":3,"name":"Helse, omsorg og eldre"}]},{"@type":"WebSite","@id":"https:\/\/hoyre.no\/strand\/#website","url":"https:\/\/hoyre.no\/strand\/","name":"Strand H\u00f8yre","description":"Bare enda et H\u00f8yres nettsteder-nettsted","inLanguage":"nb-NO"}]}},"distributor_meta":false,"distributor_terms":false,"distributor_media":false,"distributor_original_site_name":"Strand H\u00f8yre","distributor_original_site_url":"https:\/\/hoyre.no\/strand","push-errors":false,"_links":{"self":[{"href":"https:\/\/hoyre.no\/strand\/wp-json\/wp\/v2\/pages\/256","targetHints":{"allow":["GET"]}}],"collection":[{"href":"https:\/\/hoyre.no\/strand\/wp-json\/wp\/v2\/pages"}],"about":[{"href":"https:\/\/hoyre.no\/strand\/wp-json\/wp\/v2\/types\/page"}],"author":[{"embeddable":true,"href":"https:\/\/hoyre.no\/strand\/wp-json\/wp\/v2\/users\/8714"}],"replies":[{"embeddable":true,"href":"https:\/\/hoyre.no\/strand\/wp-json\/wp\/v2\/comments?post=256"}],"version-history":[{"count":5,"href":"https:\/\/hoyre.no\/strand\/wp-json\/wp\/v2\/pages\/256\/revisions"}],"predecessor-version":[{"id":736,"href":"https:\/\/hoyre.no\/strand\/wp-json\/wp\/v2\/pages\/256\/revisions\/736"}],"wp:attachment":[{"href":"https:\/\/hoyre.no\/strand\/wp-json\/wp\/v2\/media?parent=256"}],"curies":[{"name":"wp","href":"https:\/\/api.w.org\/{rel}","templated":true}]}}