{"id":340,"date":"2023-07-02T23:47:09","date_gmt":"2023-07-02T21:47:09","guid":{"rendered":"https:\/\/hoyre.no\/strand\/?page_id=340"},"modified":"2023-07-03T00:27:07","modified_gmt":"2023-07-02T22:27:07","slug":"lars-jorgen-varnes","status":"publish","type":"page","link":"https:\/\/hoyre.no\/strand\/lars-jorgen-varnes\/","title":{"rendered":"Lars J\u00f8rgen Varnes"},"content":{"rendered":"\n<div class=\"wp-block-hoyre-hero with-image-gradient text-color-light  has-media alignfull has-background\"><div class=\"hoyre-hero has-image\"><h1 class=\"title\">Lars J\u00f8rgen Varnes<\/h1><p class=\"preamble\">Listekandidat <br>Jeg er opptatt av n\u00e6ringsliv, kommunikasjon og samferdsel. Jeg mener at n\u00f8kkelen til utvikling ligger i gode rammevilk\u00e5r for n\u00e6ringslivet.<\/p>\t\t\t<div class=\"post-meta wp-block teft-byline-wrapper\">\n\t\t\t\t<div class=\"top\">\n\t\t\t\t\t<div class=\"signature\">\n\t\t\t\t\t\t<div class=\"teft-byline\">\n\t\t\t\t\t\t\t\t\t\t\t\t\t\t<div>\n\t\t\t\t\t\t\t\t<h3>H\u00f8yres redaksjon<\/h3>\t\t\t\t\t\t\t\t\n\t\t\t\t\t\t\t\t\t\t\t\t\t\t\t\t\t<span class=\"date\">Sist oppdatert: 3. juli 2023<\/span>\n\t\t\t\t\t\t\t\t\t\t\t\t\t\t\t\t\t\t\t\t\t\t\t\t\t<span class=\"reading-time\" itemprop=\"timeRequired\" content=\"PT1M\"><em>Ca. 1 minutter lesetid<\/em><\/span>\n\t\t\t\t\t\t\t\t\t\t\t\t\t\t\t<\/div>\n\t\t\t\t\t\t<\/div>\n\t\t\t\t\t<\/div>\n\t\t\t\t\t\t<div class=\"sharing\">\n\t\t<a class=\"share-button share-link copy-link\" data-copy=\"https:\/\/hoyre.no\/strand\/lars-jorgen-varnes\/\" target=\"_blank\"><span class=\"screen-reader-text\">Del link<\/span><\/a>\n\t\t<a class=\"share-button share-twitter\" href=\"http:\/\/twitter.com\/share?text=Lars J\u00f8rgen Varnes&#038;url=https:\/\/hoyre.no\/strand\/lars-jorgen-varnes\/&#038;hashtags=Hoyre\" target=\"_blank\"><span class=\"screen-reader-text\">Del p\u00e5 twitter<\/span><\/a>\n\t\t<a class=\"share-button share-facebook\" href=\"https:\/\/www.facebook.com\/sharer\/sharer.php?u=https:\/\/hoyre.no\/strand\/lars-jorgen-varnes\/\" target=\"_blank\"><span class=\"screen-reader-text\">Del p\u00e5 facebook<\/span><\/a>\n\t<\/div>\n\t\t\t\t\t<\/div>\n\t\t\t<\/div>\n\n\t\t\t<figure class=\"hoyre-image-wrapper\"><div class=\"hoyre-image\"><img loading=\"lazy\" decoding=\"async\" width=\"768\" height=\"1024\" src=\"https:\/\/hoyre.no\/content\/uploads\/sites\/209\/2023\/07\/lars-jorgen-varnes.jpg\" class=\"attachment-scaled size-scaled\" alt=\"\" style=\"object-position: 50% 50%\" srcset=\"https:\/\/hoyre.no\/content\/uploads\/sites\/209\/2023\/07\/lars-jorgen-varnes.jpg 768w, https:\/\/hoyre.no\/content\/uploads\/sites\/209\/2023\/07\/lars-jorgen-varnes-225x300.jpg 225w\" sizes=\"auto, (max-width: 768px) 100vw, 768px\" \/><\/div><\/figure><\/div><\/div>\n\n\n\n\n<p><\/p>\n\n\n\n<p> <\/p>\n\n\n\n<p class=\"has-text-align-left\">Bosatt p\u00e5 Tau, jobber for ConocoPhillips p\u00e5 Ekofisk. Engasjert i Norsk Folkehjelp p\u00e5 fritiden.<\/p>\n\n\n\n<div class=\"wp-block-buttons is-layout-flex wp-block-buttons-is-layout-flex\"><\/div>\n\n\n\n<div class=\"wp-block-buttons is-layout-flex wp-block-buttons-is-layout-flex\">\n<div class=\"wp-block-button\"><a class=\"wp-block-button__link\" href=\"https:\/\/hoyre.no\/strand\/mer-om-liste-kandidater\/\">LES MER OM V\u00c5RE LISTEKANDIDATER<\/a><\/div>\n\n\n\n<div class=\"wp-block-button\"><a class=\"wp-block-button__link\" href=\"https:\/\/hoyre.no\/strand\/\">TRYKK HER FOR \u00c5 G\u00c5 TIL STARTSIDEN<\/a><\/div>\n<\/div>\n\n","protected":false},"excerpt":{"rendered":"","protected":false},"author":8714,"featured_media":0,"parent":0,"menu_order":0,"comment_status":"closed","ping_status":"closed","template":"","meta":{"teft_cards_image_url":"","teft_cards_custom_pretitle":"","teft_cards_image_id":0,"teft_cards_image_focal_point_x":0,"teft_cards_image_focal_point_y":0,"teft_cards_title":"","teft_cards_excerpt":"","teft_show_chapters":false,"footnotes":""},"class_list":["post-340","page","type-page","status-publish","hentry"],"yoast_head":"<!-- This site is optimized with the Yoast SEO plugin v26.6 - https:\/\/yoast.com\/wordpress\/plugins\/seo\/ -->\n<title>Lars J\u00f8rgen Varnes - Strand H\u00f8yre<\/title>\n<meta name=\"robots\" content=\"index, follow, max-snippet:-1, max-image-preview:large, max-video-preview:-1\" \/>\n<link rel=\"canonical\" href=\"https:\/\/hoyre.no\/strand\/lars-jorgen-varnes\/\" \/>\n<meta property=\"og:locale\" content=\"nb_NO\" \/>\n<meta property=\"og:type\" content=\"article\" \/>\n<meta property=\"og:title\" content=\"Lars J\u00f8rgen Varnes - Strand H\u00f8yre\" \/>\n<meta property=\"og:url\" content=\"https:\/\/hoyre.no\/strand\/lars-jorgen-varnes\/\" \/>\n<meta property=\"og:site_name\" content=\"Strand H\u00f8yre\" \/>\n<meta property=\"article:modified_time\" content=\"2023-07-02T22:27:07+00:00\" \/>\n<meta property=\"og:image\" content=\"https:\/\/hoyre.no\/content\/uploads\/sites\/209\/2022\/11\/Hoyres-logo.png\" \/>\n\t<meta property=\"og:image:width\" content=\"1000\" \/>\n\t<meta property=\"og:image:height\" content=\"1000\" \/>\n\t<meta property=\"og:image:type\" content=\"image\/png\" \/>\n<meta name=\"twitter:card\" content=\"summary_large_image\" \/>\n<meta name=\"twitter:label1\" content=\"Ansl. lesetid\" \/>\n\t<meta name=\"twitter:data1\" content=\"1 minutt\" \/>\n<script type=\"application\/ld+json\" class=\"yoast-schema-graph\">{\"@context\":\"https:\/\/schema.org\",\"@graph\":[{\"@type\":\"WebPage\",\"@id\":\"https:\/\/hoyre.no\/strand\/lars-jorgen-varnes\/\",\"url\":\"https:\/\/hoyre.no\/strand\/lars-jorgen-varnes\/\",\"name\":\"Lars J\u00f8rgen Varnes - Strand H\u00f8yre\",\"isPartOf\":{\"@id\":\"https:\/\/hoyre.no\/strand\/#website\"},\"datePublished\":\"2023-07-02T21:47:09+00:00\",\"dateModified\":\"2023-07-02T22:27:07+00:00\",\"breadcrumb\":{\"@id\":\"https:\/\/hoyre.no\/strand\/lars-jorgen-varnes\/#breadcrumb\"},\"inLanguage\":\"nb-NO\",\"potentialAction\":[{\"@type\":\"ReadAction\",\"target\":[\"https:\/\/hoyre.no\/strand\/lars-jorgen-varnes\/\"]}]},{\"@type\":\"BreadcrumbList\",\"@id\":\"https:\/\/hoyre.no\/strand\/lars-jorgen-varnes\/#breadcrumb\",\"itemListElement\":[{\"@type\":\"ListItem\",\"position\":1,\"name\":\"Til hoyre.no\",\"item\":\"https:\/\/hoyre.no\"},{\"@type\":\"ListItem\",\"position\":2,\"name\":\"Hjem\",\"item\":\"https:\/\/hoyre.no\/strand\/\"},{\"@type\":\"ListItem\",\"position\":3,\"name\":\"Lars J\u00f8rgen Varnes\"}]},{\"@type\":\"WebSite\",\"@id\":\"https:\/\/hoyre.no\/strand\/#website\",\"url\":\"https:\/\/hoyre.no\/strand\/\",\"name\":\"Strand H\u00f8yre\",\"description\":\"Bare enda et H\u00f8yres nettsteder-nettsted\",\"inLanguage\":\"nb-NO\"}]}<\/script>\n<!-- \/ Yoast SEO plugin. -->","yoast_head_json":{"title":"Lars J\u00f8rgen Varnes - Strand H\u00f8yre","robots":{"index":"index","follow":"follow","max-snippet":"max-snippet:-1","max-image-preview":"max-image-preview:large","max-video-preview":"max-video-preview:-1"},"canonical":"https:\/\/hoyre.no\/strand\/lars-jorgen-varnes\/","og_locale":"nb_NO","og_type":"article","og_title":"Lars J\u00f8rgen Varnes - Strand H\u00f8yre","og_url":"https:\/\/hoyre.no\/strand\/lars-jorgen-varnes\/","og_site_name":"Strand H\u00f8yre","article_modified_time":"2023-07-02T22:27:07+00:00","og_image":[{"width":1000,"height":1000,"url":"https:\/\/hoyre.no\/content\/uploads\/sites\/209\/2022\/11\/Hoyres-logo.png","type":"image\/png"}],"twitter_card":"summary_large_image","twitter_misc":{"Ansl. lesetid":"1 minutt"},"schema":{"@context":"https:\/\/schema.org","@graph":[{"@type":"WebPage","@id":"https:\/\/hoyre.no\/strand\/lars-jorgen-varnes\/","url":"https:\/\/hoyre.no\/strand\/lars-jorgen-varnes\/","name":"Lars J\u00f8rgen Varnes - Strand H\u00f8yre","isPartOf":{"@id":"https:\/\/hoyre.no\/strand\/#website"},"datePublished":"2023-07-02T21:47:09+00:00","dateModified":"2023-07-02T22:27:07+00:00","breadcrumb":{"@id":"https:\/\/hoyre.no\/strand\/lars-jorgen-varnes\/#breadcrumb"},"inLanguage":"nb-NO","potentialAction":[{"@type":"ReadAction","target":["https:\/\/hoyre.no\/strand\/lars-jorgen-varnes\/"]}]},{"@type":"BreadcrumbList","@id":"https:\/\/hoyre.no\/strand\/lars-jorgen-varnes\/#breadcrumb","itemListElement":[{"@type":"ListItem","position":1,"name":"Til hoyre.no","item":"https:\/\/hoyre.no"},{"@type":"ListItem","position":2,"name":"Hjem","item":"https:\/\/hoyre.no\/strand\/"},{"@type":"ListItem","position":3,"name":"Lars J\u00f8rgen Varnes"}]},{"@type":"WebSite","@id":"https:\/\/hoyre.no\/strand\/#website","url":"https:\/\/hoyre.no\/strand\/","name":"Strand H\u00f8yre","description":"Bare enda et H\u00f8yres nettsteder-nettsted","inLanguage":"nb-NO"}]}},"distributor_meta":false,"distributor_terms":false,"distributor_media":false,"distributor_original_site_name":"Strand H\u00f8yre","distributor_original_site_url":"https:\/\/hoyre.no\/strand","push-errors":false,"_links":{"self":[{"href":"https:\/\/hoyre.no\/strand\/wp-json\/wp\/v2\/pages\/340","targetHints":{"allow":["GET"]}}],"collection":[{"href":"https:\/\/hoyre.no\/strand\/wp-json\/wp\/v2\/pages"}],"about":[{"href":"https:\/\/hoyre.no\/strand\/wp-json\/wp\/v2\/types\/page"}],"author":[{"embeddable":true,"href":"https:\/\/hoyre.no\/strand\/wp-json\/wp\/v2\/users\/8714"}],"replies":[{"embeddable":true,"href":"https:\/\/hoyre.no\/strand\/wp-json\/wp\/v2\/comments?post=340"}],"version-history":[{"count":4,"href":"https:\/\/hoyre.no\/strand\/wp-json\/wp\/v2\/pages\/340\/revisions"}],"predecessor-version":[{"id":389,"href":"https:\/\/hoyre.no\/strand\/wp-json\/wp\/v2\/pages\/340\/revisions\/389"}],"wp:attachment":[{"href":"https:\/\/hoyre.no\/strand\/wp-json\/wp\/v2\/media?parent=340"}],"curies":[{"name":"wp","href":"https:\/\/api.w.org\/{rel}","templated":true}]}}