{"id":347,"date":"2023-07-02T23:39:45","date_gmt":"2023-07-02T21:39:45","guid":{"rendered":"https:\/\/hoyre.no\/strand\/?page_id=347"},"modified":"2023-08-21T19:25:17","modified_gmt":"2023-08-21T17:25:17","slug":"kari-forland-lauvsnes-%ef%bf%bc","status":"publish","type":"page","link":"https:\/\/hoyre.no\/strand\/kari-forland-lauvsnes-%ef%bf%bc\/","title":{"rendered":"Kari F\u00f8rland Lauvsnes\u00a0\ufffc"},"content":{"rendered":"\n<div class=\"wp-block-hoyre-hero with-image-gradient text-color-light  has-media alignfull has-background\"><div class=\"hoyre-hero has-image\"><h1 class=\"title\">Kari F\u00f8rland Lauvsnes<\/h1><p class=\"preamble\">\u00abStrand skal v\u00e6re en kommune der den enkelte f\u00e5r mulighet til \u00e5 utvikle sitt potensiale.\u00bb <\/p>\t\t\t<div class=\"post-meta wp-block teft-byline-wrapper\">\n\t\t\t\t<div class=\"top\">\n\t\t\t\t\t<div class=\"signature\">\n\t\t\t\t\t\t<div class=\"teft-byline\">\n\t\t\t\t\t\t\t\t\t\t\t\t\t\t<div>\n\t\t\t\t\t\t\t\t<h3>H\u00f8yres redaksjon<\/h3>\t\t\t\t\t\t\t\t\n\t\t\t\t\t\t\t\t\t\t\t\t\t\t\t\t\t<span class=\"date\">Sist oppdatert: 21. august 2023<\/span>\n\t\t\t\t\t\t\t\t\t\t\t\t\t\t\t\t\t\t\t\t\t\t\t\t\t<span class=\"reading-time\" itemprop=\"timeRequired\" content=\"PT2M\"><em>Ca. 2 minutter lesetid<\/em><\/span>\n\t\t\t\t\t\t\t\t\t\t\t\t\t\t\t<\/div>\n\t\t\t\t\t\t<\/div>\n\t\t\t\t\t<\/div>\n\t\t\t\t\t\t<div class=\"sharing\">\n\t\t<a class=\"share-button share-link copy-link\" data-copy=\"https:\/\/hoyre.no\/strand\/kari-forland-lauvsnes-%ef%bf%bc\/\" target=\"_blank\"><span class=\"screen-reader-text\">Del link<\/span><\/a>\n\t\t<a class=\"share-button share-twitter\" href=\"http:\/\/twitter.com\/share?text=Kari F\u00f8rland Lauvsnes\u00a0\ufffc&#038;url=https:\/\/hoyre.no\/strand\/kari-forland-lauvsnes-%ef%bf%bc\/&#038;hashtags=Hoyre\" target=\"_blank\"><span class=\"screen-reader-text\">Del p\u00e5 twitter<\/span><\/a>\n\t\t<a class=\"share-button share-facebook\" href=\"https:\/\/www.facebook.com\/sharer\/sharer.php?u=https:\/\/hoyre.no\/strand\/kari-forland-lauvsnes-%ef%bf%bc\/\" target=\"_blank\"><span class=\"screen-reader-text\">Del p\u00e5 facebook<\/span><\/a>\n\t<\/div>\n\t\t\t\t\t<\/div>\n\t\t\t<\/div>\n\n\t\t\t<figure class=\"hoyre-image-wrapper\"><div class=\"hoyre-image\"><img loading=\"lazy\" decoding=\"async\" width=\"591\" height=\"1280\" src=\"https:\/\/hoyre.no\/content\/uploads\/sites\/209\/2023\/07\/KariForlandLauvsnes.png\" class=\"attachment-scaled size-scaled\" alt=\"Kari F\u00f8rland Lauvsnes\" style=\"object-position: 50% 50%\" srcset=\"https:\/\/hoyre.no\/content\/uploads\/sites\/209\/2023\/07\/KariForlandLauvsnes.png 591w, https:\/\/hoyre.no\/content\/uploads\/sites\/209\/2023\/07\/KariForlandLauvsnes-139x300.png 139w, https:\/\/hoyre.no\/content\/uploads\/sites\/209\/2023\/07\/KariForlandLauvsnes-473x1024.png 473w\" sizes=\"auto, (max-width: 591px) 100vw, 591px\" \/><\/div><\/figure><\/div><\/div>\n\n\n\n\n<div class=\"wp-block-buttons is-layout-flex wp-block-buttons-is-layout-flex\"><\/div>\n\n\n\n<p class=\"has-text-align-center\"><\/p>\n\n\n\n<div class=\"wp-block-buttons is-layout-flex wp-block-buttons-is-layout-flex\"><\/div>\n\n\n\n<p><\/p>\n\n\n\n<p>Respekt for individet og retten til \u00e5 ta egne valg er av de viktigste grunnene til at jeg valgte \u00e5 engasjere meg i politisk arbeid for H\u00f8yre. Jeg tror p\u00e5 et samfunn som gir muligheter for alle.&nbsp;&nbsp;<\/p>\n\n\n\n<p class=\"is-style-default\"><strong>Som representant for Strand H\u00f8yre vil jeg:<\/strong>&nbsp;<\/p>\n\n\n\n<ul class=\"wp-block-list\"><li>jobbe for en Strandaskole som har mer praktiske fag, og tidlig veiledning for alle elevene slik at de f\u00e5r muligheten til \u00e5 utvikle sitt potensiale.\u00a0<\/li><li>jobbe for at Strand kommune skal v\u00e6re en aldersvennlig kommune.\u00a0<\/li><li>jobbe for et bedre samarbeid mellom frivillighet, n\u00e6ringsliv og offentlig sektor.\u00a0\u00a0\u00a0<\/li><li>tilrettelegge for sentrumsn\u00e6re og funksjonelle boliger for unge og eldre.\u00a0<\/li><li>jobbe for \u00e5 fremme milj\u00f8vennlig og b\u00e6rekraftig turisme i kommunen v\u00e5r.\u00a0<\/li><li>jobbe for lavere priser i Ryfast.\u00a0<\/li><\/ul>\n\n\n\n<p><strong>Litt om meg:&nbsp;<\/strong><\/p>\n\n\n\n<p>Jeg er ei samfunnsengasjert dame p\u00e5 56 \u00e5r, gift med Tor Gunnar, og bor p\u00e5 J\u00f8rpeland. Vi har to voksne gutter.&nbsp;<\/p>\n\n\n\n<p>Jeg er utdannet lektor med master i r\u00e5dgivning og har jobbet i skolen i mange \u00e5r. De f\u00f8rste \u00e5rene i grunnskolen i Strand kommune, siden 2008 p\u00e5 Strand videreg\u00e5ende skole. Der jobber jeg n\u00e5 som r\u00e5dgiver p\u00e5 avdelingen videreg\u00e5ende for voksne. I jobben min er jeg med og bidrar til at flere f\u00e5r muligheten til \u00e5 ta utdanning og bli aktive samfunnsborgere. Det er motiverende og viktig.&nbsp;<\/p>\n\n\n\n<p>P\u00e5 fritiden er jeg politisk aktiv i Strand H\u00f8yre der jeg sitter i kommunestyret, levek\u00e5rsutvalget, og klageutvalget i innev\u00e6rende periode. Politikk er kjekt og interessant, og jeg jobber for at Strand kommune skal v\u00e6re en fremtidsretta kommune \u00e5 bo i og bes\u00f8ke.&nbsp;&nbsp;<\/p>\n\n\n\n<p>Jeg bruker fritiden min til \u00e5 v\u00e6re med familie og venner. Tiden som m\u00e5tte v\u00e6re til overs brukes p\u00e5 kulturarrangement, friluftsliv, artquilt og annet kreativt arbeid, reiser og yoga, som gir balanse i livet til en person som har mye p\u00e5 gang samtidig \ud83d\ude42&nbsp;&nbsp;<\/p>\n\n\n\n<p> <\/p>\n\n\n\n\n<div class=\"wp-block-buttons is-layout-flex wp-block-buttons-is-layout-flex\">\n<div class=\"wp-block-button\"><a class=\"wp-block-button__link\" href=\"https:\/\/hoyre.no\/strand\/mer-om-liste-kandidater\/\">LES MER OM LISTE KANDIDATER<\/a><\/div>\n\n\n\n<div class=\"wp-block-button\"><a class=\"wp-block-button__link\" href=\"https:\/\/hoyre.no\/strand\/\">G\u00c5 TIL FORSIDEN<\/a><\/div>\n<\/div>\n","protected":false},"excerpt":{"rendered":"","protected":false},"author":8714,"featured_media":0,"parent":0,"menu_order":0,"comment_status":"closed","ping_status":"closed","template":"","meta":{"teft_cards_image_url":"","teft_cards_custom_pretitle":"","teft_cards_image_id":0,"teft_cards_image_focal_point_x":0,"teft_cards_image_focal_point_y":0,"teft_cards_title":"","teft_cards_excerpt":"","teft_show_chapters":false,"footnotes":""},"class_list":["post-347","page","type-page","status-publish","hentry"],"yoast_head":"<!-- This site is optimized with the Yoast SEO plugin v26.6 - https:\/\/yoast.com\/wordpress\/plugins\/seo\/ -->\n<title>Kari F\u00f8rland Lauvsnes\u00a0\ufffc - Strand H\u00f8yre<\/title>\n<meta name=\"robots\" content=\"index, follow, max-snippet:-1, max-image-preview:large, max-video-preview:-1\" \/>\n<link rel=\"canonical\" href=\"https:\/\/hoyre.no\/strand\/kari-forland-lauvsnes-\ufffc\/\" \/>\n<meta property=\"og:locale\" content=\"nb_NO\" \/>\n<meta property=\"og:type\" content=\"article\" \/>\n<meta property=\"og:title\" content=\"Kari F\u00f8rland Lauvsnes\u00a0\ufffc - Strand H\u00f8yre\" \/>\n<meta property=\"og:url\" content=\"https:\/\/hoyre.no\/strand\/kari-forland-lauvsnes-\ufffc\/\" \/>\n<meta property=\"og:site_name\" content=\"Strand H\u00f8yre\" \/>\n<meta property=\"article:modified_time\" content=\"2023-08-21T17:25:17+00:00\" \/>\n<meta property=\"og:image\" content=\"https:\/\/hoyre.no\/content\/uploads\/sites\/209\/2022\/11\/Hoyres-logo.png\" \/>\n\t<meta property=\"og:image:width\" content=\"1000\" \/>\n\t<meta property=\"og:image:height\" content=\"1000\" \/>\n\t<meta property=\"og:image:type\" content=\"image\/png\" \/>\n<meta name=\"twitter:card\" content=\"summary_large_image\" \/>\n<meta name=\"twitter:label1\" content=\"Ansl. lesetid\" \/>\n\t<meta name=\"twitter:data1\" content=\"2 minutter\" \/>\n<script type=\"application\/ld+json\" class=\"yoast-schema-graph\">{\"@context\":\"https:\/\/schema.org\",\"@graph\":[{\"@type\":\"WebPage\",\"@id\":\"https:\/\/hoyre.no\/strand\/kari-forland-lauvsnes-%ef%bf%bc\/\",\"url\":\"https:\/\/hoyre.no\/strand\/kari-forland-lauvsnes-%ef%bf%bc\/\",\"name\":\"Kari F\u00f8rland Lauvsnes\u00a0\ufffc - Strand H\u00f8yre\",\"isPartOf\":{\"@id\":\"https:\/\/hoyre.no\/strand\/#website\"},\"datePublished\":\"2023-07-02T21:39:45+00:00\",\"dateModified\":\"2023-08-21T17:25:17+00:00\",\"breadcrumb\":{\"@id\":\"https:\/\/hoyre.no\/strand\/kari-forland-lauvsnes-%ef%bf%bc\/#breadcrumb\"},\"inLanguage\":\"nb-NO\",\"potentialAction\":[{\"@type\":\"ReadAction\",\"target\":[\"https:\/\/hoyre.no\/strand\/kari-forland-lauvsnes-%ef%bf%bc\/\"]}]},{\"@type\":\"BreadcrumbList\",\"@id\":\"https:\/\/hoyre.no\/strand\/kari-forland-lauvsnes-%ef%bf%bc\/#breadcrumb\",\"itemListElement\":[{\"@type\":\"ListItem\",\"position\":1,\"name\":\"Til hoyre.no\",\"item\":\"https:\/\/hoyre.no\"},{\"@type\":\"ListItem\",\"position\":2,\"name\":\"Hjem\",\"item\":\"https:\/\/hoyre.no\/strand\/\"},{\"@type\":\"ListItem\",\"position\":3,\"name\":\"Kari F\u00f8rland Lauvsnes\u00a0\ufffc\"}]},{\"@type\":\"WebSite\",\"@id\":\"https:\/\/hoyre.no\/strand\/#website\",\"url\":\"https:\/\/hoyre.no\/strand\/\",\"name\":\"Strand H\u00f8yre\",\"description\":\"Bare enda et H\u00f8yres nettsteder-nettsted\",\"inLanguage\":\"nb-NO\"}]}<\/script>\n<!-- \/ Yoast SEO plugin. -->","yoast_head_json":{"title":"Kari F\u00f8rland Lauvsnes\u00a0\ufffc - Strand H\u00f8yre","robots":{"index":"index","follow":"follow","max-snippet":"max-snippet:-1","max-image-preview":"max-image-preview:large","max-video-preview":"max-video-preview:-1"},"canonical":"https:\/\/hoyre.no\/strand\/kari-forland-lauvsnes-\ufffc\/","og_locale":"nb_NO","og_type":"article","og_title":"Kari F\u00f8rland Lauvsnes\u00a0\ufffc - Strand H\u00f8yre","og_url":"https:\/\/hoyre.no\/strand\/kari-forland-lauvsnes-\ufffc\/","og_site_name":"Strand H\u00f8yre","article_modified_time":"2023-08-21T17:25:17+00:00","og_image":[{"width":1000,"height":1000,"url":"https:\/\/hoyre.no\/content\/uploads\/sites\/209\/2022\/11\/Hoyres-logo.png","type":"image\/png"}],"twitter_card":"summary_large_image","twitter_misc":{"Ansl. lesetid":"2 minutter"},"schema":{"@context":"https:\/\/schema.org","@graph":[{"@type":"WebPage","@id":"https:\/\/hoyre.no\/strand\/kari-forland-lauvsnes-%ef%bf%bc\/","url":"https:\/\/hoyre.no\/strand\/kari-forland-lauvsnes-%ef%bf%bc\/","name":"Kari F\u00f8rland Lauvsnes\u00a0\ufffc - Strand H\u00f8yre","isPartOf":{"@id":"https:\/\/hoyre.no\/strand\/#website"},"datePublished":"2023-07-02T21:39:45+00:00","dateModified":"2023-08-21T17:25:17+00:00","breadcrumb":{"@id":"https:\/\/hoyre.no\/strand\/kari-forland-lauvsnes-%ef%bf%bc\/#breadcrumb"},"inLanguage":"nb-NO","potentialAction":[{"@type":"ReadAction","target":["https:\/\/hoyre.no\/strand\/kari-forland-lauvsnes-%ef%bf%bc\/"]}]},{"@type":"BreadcrumbList","@id":"https:\/\/hoyre.no\/strand\/kari-forland-lauvsnes-%ef%bf%bc\/#breadcrumb","itemListElement":[{"@type":"ListItem","position":1,"name":"Til hoyre.no","item":"https:\/\/hoyre.no"},{"@type":"ListItem","position":2,"name":"Hjem","item":"https:\/\/hoyre.no\/strand\/"},{"@type":"ListItem","position":3,"name":"Kari F\u00f8rland Lauvsnes\u00a0\ufffc"}]},{"@type":"WebSite","@id":"https:\/\/hoyre.no\/strand\/#website","url":"https:\/\/hoyre.no\/strand\/","name":"Strand H\u00f8yre","description":"Bare enda et H\u00f8yres nettsteder-nettsted","inLanguage":"nb-NO"}]}},"distributor_meta":false,"distributor_terms":false,"distributor_media":false,"distributor_original_site_name":"Strand H\u00f8yre","distributor_original_site_url":"https:\/\/hoyre.no\/strand","push-errors":false,"_links":{"self":[{"href":"https:\/\/hoyre.no\/strand\/wp-json\/wp\/v2\/pages\/347","targetHints":{"allow":["GET"]}}],"collection":[{"href":"https:\/\/hoyre.no\/strand\/wp-json\/wp\/v2\/pages"}],"about":[{"href":"https:\/\/hoyre.no\/strand\/wp-json\/wp\/v2\/types\/page"}],"author":[{"embeddable":true,"href":"https:\/\/hoyre.no\/strand\/wp-json\/wp\/v2\/users\/8714"}],"replies":[{"embeddable":true,"href":"https:\/\/hoyre.no\/strand\/wp-json\/wp\/v2\/comments?post=347"}],"version-history":[{"count":9,"href":"https:\/\/hoyre.no\/strand\/wp-json\/wp\/v2\/pages\/347\/revisions"}],"predecessor-version":[{"id":635,"href":"https:\/\/hoyre.no\/strand\/wp-json\/wp\/v2\/pages\/347\/revisions\/635"}],"wp:attachment":[{"href":"https:\/\/hoyre.no\/strand\/wp-json\/wp\/v2\/media?parent=347"}],"curies":[{"name":"wp","href":"https:\/\/api.w.org\/{rel}","templated":true}]}}