{"id":39,"date":"2023-05-18T22:56:12","date_gmt":"2023-05-18T20:56:12","guid":{"rendered":"https:\/\/hoyre.no\/strand\/?page_id=39"},"modified":"2025-01-28T13:09:53","modified_gmt":"2025-01-28T12:09:53","slug":"ordforerkandidat","status":"publish","type":"page","link":"https:\/\/hoyre.no\/strand\/ordforerkandidat\/","title":{"rendered":"Ordf\u00f8rerkandidat"},"content":{"rendered":"\n<p><\/p>\n\n\n\n<div class=\"wp-block-hoyre-hero with-image-gradient text-color-light  has-media alignfull has-background\"><div class=\"hoyre-hero has-image\"><h1 class=\"title\">Irene Heng Lauvsnes ordf\u00f8rer<\/h1><p class=\"preamble\">\u2013 Som ordf\u00f8rer vil jeg profilere Strand sin rolle i regionen.<br>Mitt m\u00e5l er \u00e5 bygge et sterkt fellesskap hvor alle f\u00f8ler seg h\u00f8rt og representert.<\/p>\t\t\t<div class=\"post-meta wp-block teft-byline-wrapper\">\n\t\t\t\t<div class=\"top\">\n\t\t\t\t\t<div class=\"signature\">\n\t\t\t\t\t\t<div class=\"teft-byline\">\n\t\t\t\t\t\t\t\t\t\t\t\t\t\t<div>\n\t\t\t\t\t\t\t\t<h3>H\u00f8yres redaksjon<\/h3>\t\t\t\t\t\t\t\t\n\t\t\t\t\t\t\t\t\t\t\t\t\t\t\t\t\t<span class=\"date\">Sist oppdatert: 28. januar 2025<\/span>\n\t\t\t\t\t\t\t\t\t\t\t\t\t\t\t\t\t\t\t\t\t\t\t\t\t<span class=\"reading-time\" itemprop=\"timeRequired\" content=\"PT4M\"><em>Ca. 4 minutter lesetid<\/em><\/span>\n\t\t\t\t\t\t\t\t\t\t\t\t\t\t\t<\/div>\n\t\t\t\t\t\t<\/div>\n\t\t\t\t\t<\/div>\n\t\t\t\t\t\t<div class=\"sharing\">\n\t\t<a class=\"share-button share-link copy-link\" data-copy=\"https:\/\/hoyre.no\/strand\/ordforerkandidat\/\" target=\"_blank\"><span class=\"screen-reader-text\">Del link<\/span><\/a>\n\t\t<a class=\"share-button share-twitter\" href=\"http:\/\/twitter.com\/share?text=Ordf\u00f8rerkandidat&#038;url=https:\/\/hoyre.no\/strand\/ordforerkandidat\/&#038;hashtags=Hoyre\" target=\"_blank\"><span class=\"screen-reader-text\">Del p\u00e5 twitter<\/span><\/a>\n\t\t<a class=\"share-button share-facebook\" href=\"https:\/\/www.facebook.com\/sharer\/sharer.php?u=https:\/\/hoyre.no\/strand\/ordforerkandidat\/\" target=\"_blank\"><span class=\"screen-reader-text\">Del p\u00e5 facebook<\/span><\/a>\n\t<\/div>\n\t\t\t\t\t<\/div>\n\t\t\t<\/div>\n\n\t\t\t<figure class=\"hoyre-image-wrapper\"><div class=\"hoyre-image\"><img loading=\"lazy\" decoding=\"async\" width=\"1280\" height=\"1280\" src=\"https:\/\/hoyre.no\/content\/uploads\/sites\/209\/2023\/05\/thumbnail_34524-56.jpg\" class=\"attachment-scaled size-scaled\" alt=\"Irene Heng Lauvsnes\" style=\"object-position: 52% 15%\" srcset=\"https:\/\/hoyre.no\/content\/uploads\/sites\/209\/2023\/05\/thumbnail_34524-56.jpg 1280w, https:\/\/hoyre.no\/content\/uploads\/sites\/209\/2023\/05\/thumbnail_34524-56-300x300.jpg 300w, https:\/\/hoyre.no\/content\/uploads\/sites\/209\/2023\/05\/thumbnail_34524-56-1024x1024.jpg 1024w, https:\/\/hoyre.no\/content\/uploads\/sites\/209\/2023\/05\/thumbnail_34524-56-150x150.jpg 150w, https:\/\/hoyre.no\/content\/uploads\/sites\/209\/2023\/05\/thumbnail_34524-56-768x768.jpg 768w\" sizes=\"auto, (max-width: 1280px) 100vw, 1280px\" \/><\/div><\/figure><\/div><\/div>\n\n\n\n\n<div class=\"wp-block-buttons is-content-justification-center is-layout-flex wp-container-core-buttons-is-layout-16018d1d wp-block-buttons-is-layout-flex\">\n<div class=\"wp-block-button\"><a class=\"wp-block-button__link wp-element-button\" href=\"https:\/\/hoyre.no\/nyhetsbrev\/\">abonner p\u00e5 h\u00f8yres nyhetsbrev<\/a><\/div>\n\n\n\n<div class=\"wp-block-button\"><a class=\"wp-block-button__link wp-element-button\">kom i kontakt med Irene<\/a><\/div>\n\n\n\n<div class=\"wp-block-button\"><a class=\"wp-block-button__link wp-element-button\" href=\"https:\/\/www.facebook.com\/Strandhoyre\/\" target=\"_blank\" rel=\"noreferrer noopener\">f\u00f8lg Strand h\u00f8yre p\u00e5 facebook<\/a><\/div>\n<\/div>\n\n\n\n<div class=\"wp-block-hoyre-banner undefined has-icon-title icon-heart is-style-dark\"><div class=\"banner-inner\"><div class=\"banner-content\"><div class=\"entry-content\">\n<h2 class=\"wp-block-heading has-text-align-center\" id=\"h-bli-bedre-kjent-med-navn\">Bli bedre kjent med Irene!<\/h2>\n\n\n\n<p class=\"has-text-align-left\"><strong>Bosted:<\/strong> J\u00f8rpeland<\/p>\n\n\n\n<p class=\"has-text-align-left\"><strong>Sivilstatus:<\/strong> Gift med Svein K\u00e5re og mor til Gunn Elise, Inger og Konrad.<\/p>\n\n\n\n<p class=\"has-text-align-left\"><strong>Jobb:<\/strong> <\/p>\n\n\n\n<p class=\"has-text-align-left\">Ordf\u00f8rer i Strand og deltidsbonde p\u00e5 Heng.<\/p>\n\n\n\n<p class=\"has-text-align-left\"><strong>Bakgrunn:<\/strong><\/p>\n\n\n\n<p class=\"has-text-align-left\">Ledererfaring innen oppdrett p\u00e5 sj\u00f8 og praktisk forskning p\u00e5 fisk. Oppvokst p\u00e5 g\u00e5rd med melkeproduksjon. Jobbet tidlig hjemme p\u00e5 g\u00e5rden p\u00e5 Heng. Fikk sommerjobb som ungdom p\u00e5 gr\u00f8ntanlegget i kommunen og jobbet som jordb\u00e6rplukker p\u00e5 Solbakk.&nbsp;<\/p>\n\n\n\n<p class=\"has-text-align-left\">Styreverv i bl.a. Lyse AS, Akvagroup, Fiskeri- og Havbruksn\u00e6ringens Forskninsgfond (FHF), Friluftsr\u00e5denes Landsforbund (FL), Reisem\u00e5l Ryfylke, Lyse fjorden Utvikling mm.<\/p>\n\n\n\n<p class=\"has-text-align-left\"><strong>Politisk erfaring:<\/strong> <\/p>\n\n\n\n<p class=\"has-text-align-left\">Kommune- og Formannskapserfaring siden 2011. Ordf\u00f8rer siden 2015. Vara p\u00e5 Stortinget siden 2021 (fast vara i 7 mnd.).&nbsp;<\/p>\n\n\n\n<p class=\"has-text-align-left\"><strong>Hvorfor er H\u00f8yre rett parti for deg?<\/strong> <\/p>\n\n\n\n<p class=\"has-text-align-left\">1. Jeg opplevde at H\u00f8yre best tar vare p\u00e5 meg som innbygger.&nbsp;&nbsp;<\/p>\n\n\n\n<p class=\"has-text-align-left\">2. Jeg identifiserer meg med verdisynet til H\u00f8yre med respekt for individet og retten til \u00e5 ta egne valg.&nbsp;<\/p>\n\n\n\n<p class=\"has-text-align-left\">3. Jeg oppleve H\u00f8yre mer opptatt av \u00e5 f\u00e5 ting gjort og mindre opptatt av \u00e5 ri prinsipper.&nbsp;<\/p>\n\n\n\n<p class=\"has-text-align-left\"><\/p>\n\n\n\n<p class=\"has-text-align-left\"><strong>Fritidsinteresser: <\/strong><\/p>\n\n\n\n<p class=\"has-text-align-left\">Ta vare p\u00e5 venner og familie, hage, g\u00e5rdsdrift, frukt og gr\u00f8nnsaksdyrking, fiske, friluftsliv, reise, god mat og drikke.<\/p>\n\n\n\n<p class=\"has-text-align-left\"><strong>Hva gj\u00f8r deg skikkelig glad? <\/strong><\/p>\n\n\n\n<p class=\"has-text-align-left\">\u00c5 se glade barn leke. \u00c5 se eldre mennesker kose seg. \u00c5 se folk lykkes i livet sitt. \u00c5 se bedriftseiere&nbsp;og ungdom &nbsp;som&nbsp;satser. \u00c5 f\u00e5 v\u00e6re sammen med familien og venner.&nbsp;\u00c5 bli kjent med nye folk.&nbsp;\u00c5 ha en tro \u00e5 bygge livet p\u00e5.<\/p>\n\n\n\n<p class=\"has-text-align-left\"><strong><strong>Hva provoserer deg?<\/strong>&nbsp;<\/strong><\/p>\n\n\n\n<p class=\"has-text-align-left\">Politikere som setter folk opp mot hverandre. Regelrytteri. Un\u00f8dvendige nei-holdninger. Pessimisme. Undertrykking av kvinner og minoriteter. Forskjellsbehandling. Milj\u00f8kriminalitet.<\/p>\n\n\n\n<p class=\"has-text-align-left\"><strong> <\/strong><\/p>\n\n\n\n<p><\/p>\n\n\n\n<div class=\"wp-block-buttons is-layout-flex wp-block-buttons-is-layout-flex\"><\/div>\n<\/div><\/div><\/div><\/div>\n\n\n\n<figure class=\"wp-block-teft-gallery columns-3 count-4 rows-2 is-cropped\"><ul class=\"teft-gallery-grid\"><li class=\"teft-gallery-item \"><figure><a href=\"https:\/\/hoyre.no\/content\/uploads\/sites\/209\/2023\/05\/IMG_3237-e1684393908567.png\" data-size=\"1309x696\"><img loading=\"lazy\" decoding=\"async\" width=\"1024\" height=\"544\" src=\"https:\/\/hoyre.no\/content\/uploads\/sites\/209\/2023\/05\/IMG_3237-e1684393908567-1024x544.png\" class=\"attachment-large size-large\" alt=\"Irene Heng Lauvsnes\" srcset=\"https:\/\/hoyre.no\/content\/uploads\/sites\/209\/2023\/05\/IMG_3237-e1684393908567-1024x544.png 1024w, https:\/\/hoyre.no\/content\/uploads\/sites\/209\/2023\/05\/IMG_3237-e1684393908567-300x160.png 300w, https:\/\/hoyre.no\/content\/uploads\/sites\/209\/2023\/05\/IMG_3237-e1684393908567-768x408.png 768w, https:\/\/hoyre.no\/content\/uploads\/sites\/209\/2023\/05\/IMG_3237-e1684393908567.png 1309w\" sizes=\"auto, (max-width: 1024px) 100vw, 1024px\" \/ data-full-url=\"https:\/\/hoyre.no\/content\/uploads\/sites\/209\/2023\/05\/IMG_3237-e1684393908567.png\" data-id=\"149\" data-caption=\"149\"\/><\/a><\/figure><\/li><li class=\"teft-gallery-item \"><figure><a href=\"https:\/\/hoyre.no\/content\/uploads\/sites\/209\/2023\/05\/IMG_8603-scaled.jpg\" data-size=\"1875x2500\"><img loading=\"lazy\" decoding=\"async\" width=\"768\" height=\"1024\" src=\"https:\/\/hoyre.no\/content\/uploads\/sites\/209\/2023\/05\/IMG_8603-768x1024.jpg\" class=\"attachment-large size-large\" alt=\"\" srcset=\"https:\/\/hoyre.no\/content\/uploads\/sites\/209\/2023\/05\/IMG_8603-768x1024.jpg 768w, https:\/\/hoyre.no\/content\/uploads\/sites\/209\/2023\/05\/IMG_8603-225x300.jpg 225w, https:\/\/hoyre.no\/content\/uploads\/sites\/209\/2023\/05\/IMG_8603-1152x1536.jpg 1152w, https:\/\/hoyre.no\/content\/uploads\/sites\/209\/2023\/05\/IMG_8603-1536x2048.jpg 1536w, https:\/\/hoyre.no\/content\/uploads\/sites\/209\/2023\/05\/IMG_8603-scaled.jpg 1875w\" sizes=\"auto, (max-width: 768px) 100vw, 768px\" \/ data-full-url=\"https:\/\/hoyre.no\/content\/uploads\/sites\/209\/2023\/05\/IMG_8603-scaled.jpg\" data-id=\"153\" data-caption=\"153\"\/><\/a><\/figure><\/li><li class=\"teft-gallery-item \"><figure><a href=\"https:\/\/hoyre.no\/content\/uploads\/sites\/209\/2023\/05\/IMG_0580-scaled.jpg\" data-size=\"2500x1875\"><img loading=\"lazy\" decoding=\"async\" width=\"1024\" height=\"768\" src=\"https:\/\/hoyre.no\/content\/uploads\/sites\/209\/2023\/05\/IMG_0580-1024x768.jpg\" class=\"attachment-large size-large\" alt=\"\" srcset=\"https:\/\/hoyre.no\/content\/uploads\/sites\/209\/2023\/05\/IMG_0580-1024x768.jpg 1024w, https:\/\/hoyre.no\/content\/uploads\/sites\/209\/2023\/05\/IMG_0580-300x225.jpg 300w, https:\/\/hoyre.no\/content\/uploads\/sites\/209\/2023\/05\/IMG_0580-768x576.jpg 768w, https:\/\/hoyre.no\/content\/uploads\/sites\/209\/2023\/05\/IMG_0580-1536x1152.jpg 1536w, https:\/\/hoyre.no\/content\/uploads\/sites\/209\/2023\/05\/IMG_0580-2048x1536.jpg 2048w\" sizes=\"auto, (max-width: 1024px) 100vw, 1024px\" \/ data-full-url=\"https:\/\/hoyre.no\/content\/uploads\/sites\/209\/2023\/05\/IMG_0580-scaled.jpg\" data-id=\"145\" data-caption=\"145\"\/><\/a><\/figure><\/li><li class=\"teft-gallery-item \"><figure><a href=\"https:\/\/hoyre.no\/content\/uploads\/sites\/209\/2023\/05\/0150BCD6-7039-4247-A934-7DAE1D81FADC-scaled.jpg\" data-size=\"1875x2500\"><img loading=\"lazy\" decoding=\"async\" width=\"768\" height=\"1024\" src=\"https:\/\/hoyre.no\/content\/uploads\/sites\/209\/2023\/05\/0150BCD6-7039-4247-A934-7DAE1D81FADC-768x1024.jpg\" class=\"attachment-large size-large\" alt=\"Irene Heng Lauvsnes\" srcset=\"https:\/\/hoyre.no\/content\/uploads\/sites\/209\/2023\/05\/0150BCD6-7039-4247-A934-7DAE1D81FADC-768x1024.jpg 768w, https:\/\/hoyre.no\/content\/uploads\/sites\/209\/2023\/05\/0150BCD6-7039-4247-A934-7DAE1D81FADC-225x300.jpg 225w, https:\/\/hoyre.no\/content\/uploads\/sites\/209\/2023\/05\/0150BCD6-7039-4247-A934-7DAE1D81FADC-1152x1536.jpg 1152w, https:\/\/hoyre.no\/content\/uploads\/sites\/209\/2023\/05\/0150BCD6-7039-4247-A934-7DAE1D81FADC-1536x2048.jpg 1536w, https:\/\/hoyre.no\/content\/uploads\/sites\/209\/2023\/05\/0150BCD6-7039-4247-A934-7DAE1D81FADC-scaled.jpg 1875w\" sizes=\"auto, (max-width: 768px) 100vw, 768px\" \/ data-full-url=\"https:\/\/hoyre.no\/content\/uploads\/sites\/209\/2023\/05\/0150BCD6-7039-4247-A934-7DAE1D81FADC-scaled.jpg\" data-id=\"156\" data-caption=\"156\"\/><\/a><\/figure><\/li><\/ul><\/figure>\n\n\n\n<p><strong><a href=\"https:\/\/hoyre.no\/personprofiler\/irene-heng-lauvsnes\/\" target=\"_blank\" rel=\"noreferrer noopener nofollow\"> Kom i kontakt med Irene Heng Lauvsnes<\/a><\/strong><\/p>\n\n\n\n<figure class=\"wp-block-teft-gallery columns-3 count-3 rows-2 is-cropped\"><ul class=\"teft-gallery-grid\"><li class=\"teft-gallery-item \"><figure><a href=\"https:\/\/res.cloudinary.com\/hoyre\/images\/v1607434042\/Nye%20hoyre.no\/Hovedside\/2020_RGB_hoyre_logo_profilbilde_01_14862029458\/2020_RGB_hoyre_logo_profilbilde_01_14862029458.png?_i=AA\" data-size=\"1000x1000\"><\/a><\/figure><\/li><li class=\"teft-gallery-item \"><figure><a href=\"https:\/\/res.cloudinary.com\/hoyre\/images\/v1607438265\/Nye%20hoyre.no\/Hovedside\/2020_RGB_hoyre_logo_profilbilde_01_161697e40a\/2020_RGB_hoyre_logo_profilbilde_01_161697e40a.png?_i=AA\" data-size=\"1000x1000\"><\/a><\/figure><\/li><li class=\"teft-gallery-item \"><figure><a href=\"https:\/\/res.cloudinary.com\/hoyre\/images\/v1607500832\/Nye%20hoyre.no\/Hovedside\/Design-uten-navn-4_1219163575\/Design-uten-navn-4_1219163575.png?_i=AA\" data-size=\"2880x1620\"><\/a><\/figure><\/li><\/ul><\/figure>\n\n\n\n<h2 class=\"wp-block-heading has-text-align-center\">\ud83d\udc99 Irene sine hjertesaker<\/h2>\n\n\n\n<p>Jeg er opptatt av at Strand skal v\u00e6re en kommune med muligheter for alle. De som har visjoner og dr\u00f8mmer skal f\u00e5 utvikle dem og de som faller utenfor skal f\u00e5 hjelp til \u00e5 leve livet. Kommunen skal ha en \u00abja-holdning\u00bb og\u00a0legge til rette\u00a0for at innbyggerne kan f\u00e5 delta i ulike former for fritidsaktiviteter og leve meningsfylte liv. Kommunen skal\u00a0v\u00e6re tilrettelegger\u00a0for nye arbeidsplasser og bidra til at det finnes ulike boformer som passer til ulike mennesker. Jeg liker kommunen sin visjon \u00absammen og trivsel\u00bb og tror at vi f\u00e5r et bedre samfunn om private og offentlige krefter jobber p\u00e5 lag.<\/p>\n\n\n\n<blockquote class=\"wp-block-quote is-layout-flow wp-block-quote-is-layout-flow\">\n<p><\/p>\n<\/blockquote>\n\n\n\n\n<figure class=\"wp-block-image size-full\"><img loading=\"lazy\" decoding=\"async\" width=\"1875\" height=\"2500\" src=\"https:\/\/hoyre.no\/content\/uploads\/sites\/209\/2023\/05\/IMG_2853-edited-scaled.jpg\" alt=\"\" class=\"wp-image-163\" srcset=\"https:\/\/hoyre.no\/content\/uploads\/sites\/209\/2023\/05\/IMG_2853-edited-scaled.jpg 1875w, https:\/\/hoyre.no\/content\/uploads\/sites\/209\/2023\/05\/IMG_2853-edited-225x300.jpg 225w, https:\/\/hoyre.no\/content\/uploads\/sites\/209\/2023\/05\/IMG_2853-edited-768x1024.jpg 768w, https:\/\/hoyre.no\/content\/uploads\/sites\/209\/2023\/05\/IMG_2853-edited-1152x1536.jpg 1152w, https:\/\/hoyre.no\/content\/uploads\/sites\/209\/2023\/05\/IMG_2853-edited-1536x2048.jpg 1536w\" sizes=\"auto, (max-width: 1875px) 100vw, 1875px\" \/><\/figure>\n\n\n\n<p class=\"has-text-align-center\"><strong>Godt Valg!<\/strong><\/p>\n\n\n\n<div class=\"wp-block-buttons is-layout-flex wp-block-buttons-is-layout-flex\">\n<div class=\"wp-block-button\"><a class=\"wp-block-button__link wp-element-button\" href=\"https:\/\/hoyre.no\/strand\/\">Trykk her for \u00e5 g\u00e5 til Startsiden<\/a><\/div>\n\n\n\n<div class=\"wp-block-button\"><a class=\"wp-block-button__link wp-element-button\" href=\"https:\/\/hoyre.no\/strand\/mer-om-liste-kandidater\/\">Trykk her for \u00e5 LESE MER OM V\u00c5RE LISTEKANDIDATER<\/a><\/div>\n<\/div>\n","protected":false},"excerpt":{"rendered":"<p>Godt Valg!<\/p>\n","protected":false},"author":8714,"featured_media":0,"parent":0,"menu_order":0,"comment_status":"closed","ping_status":"closed","template":"","meta":{"teft_cards_image_url":"","teft_cards_custom_pretitle":"","teft_cards_image_id":405,"teft_cards_image_focal_point_x":0.5,"teft_cards_image_focal_point_y":0.5,"teft_cards_title":"","teft_cards_excerpt":"","teft_show_chapters":false,"footnotes":""},"class_list":["post-39","page","type-page","status-publish","hentry"],"yoast_head":"<!-- This site is optimized with the Yoast SEO plugin v26.6 - https:\/\/yoast.com\/wordpress\/plugins\/seo\/ -->\n<title>Ordf\u00f8rerkandidat - Strand H\u00f8yre<\/title>\n<meta name=\"description\" content=\"Bli bedre kjent med ordf\u00f8reren i Strand, Irene Heng Lauvsnes.\" \/>\n<meta name=\"robots\" content=\"index, follow, max-snippet:-1, max-image-preview:large, max-video-preview:-1\" \/>\n<link rel=\"canonical\" href=\"https:\/\/hoyre.no\/strand\/ordforerkandidat\/\" \/>\n<meta property=\"og:locale\" content=\"nb_NO\" \/>\n<meta property=\"og:type\" content=\"article\" \/>\n<meta property=\"og:title\" content=\"Ordf\u00f8rerkandidat - Strand H\u00f8yre\" \/>\n<meta property=\"og:description\" content=\"Bli bedre kjent med ordf\u00f8reren i Strand, Irene Heng Lauvsnes.\" \/>\n<meta property=\"og:url\" content=\"https:\/\/hoyre.no\/strand\/ordforerkandidat\/\" \/>\n<meta property=\"og:site_name\" content=\"Strand H\u00f8yre\" \/>\n<meta property=\"article:modified_time\" content=\"2025-01-28T12:09:53+00:00\" \/>\n<meta property=\"og:image\" content=\"https:\/\/hoyre.no\/content\/uploads\/sites\/209\/2023\/07\/Screenshot-2023-07-03-at-17.18.51-1024x417.png\" \/>\n<meta name=\"twitter:card\" content=\"summary_large_image\" \/>\n<meta name=\"twitter:label1\" content=\"Ansl. lesetid\" \/>\n\t<meta name=\"twitter:data1\" content=\"3 minutter\" \/>\n<script type=\"application\/ld+json\" class=\"yoast-schema-graph\">{\"@context\":\"https:\/\/schema.org\",\"@graph\":[{\"@type\":\"WebPage\",\"@id\":\"https:\/\/hoyre.no\/strand\/ordforerkandidat\/\",\"url\":\"https:\/\/hoyre.no\/strand\/ordforerkandidat\/\",\"name\":\"Ordf\u00f8rerkandidat - Strand H\u00f8yre\",\"isPartOf\":{\"@id\":\"https:\/\/hoyre.no\/strand\/#website\"},\"image\":{\"@id\":\"https:\/\/hoyre.no\/strand\/ordforerkandidat\/#primaryimage\"},\"thumbnailUrl\":\"https:\/\/hoyre.no\/content\/uploads\/sites\/209\/2023\/05\/IMG_2853-edited-scaled.jpg\",\"datePublished\":\"2023-05-18T20:56:12+00:00\",\"dateModified\":\"2025-01-28T12:09:53+00:00\",\"description\":\"Bli bedre kjent med ordf\u00f8reren i Strand, Irene Heng Lauvsnes.\",\"breadcrumb\":{\"@id\":\"https:\/\/hoyre.no\/strand\/ordforerkandidat\/#breadcrumb\"},\"inLanguage\":\"nb-NO\",\"potentialAction\":[{\"@type\":\"ReadAction\",\"target\":[\"https:\/\/hoyre.no\/strand\/ordforerkandidat\/\"]}]},{\"@type\":\"ImageObject\",\"inLanguage\":\"nb-NO\",\"@id\":\"https:\/\/hoyre.no\/strand\/ordforerkandidat\/#primaryimage\",\"url\":\"https:\/\/hoyre.no\/content\/uploads\/sites\/209\/2023\/05\/IMG_2853-edited-scaled.jpg\",\"contentUrl\":\"https:\/\/hoyre.no\/content\/uploads\/sites\/209\/2023\/05\/IMG_2853-edited-scaled.jpg\"},{\"@type\":\"BreadcrumbList\",\"@id\":\"https:\/\/hoyre.no\/strand\/ordforerkandidat\/#breadcrumb\",\"itemListElement\":[{\"@type\":\"ListItem\",\"position\":1,\"name\":\"Til hoyre.no\",\"item\":\"https:\/\/hoyre.no\"},{\"@type\":\"ListItem\",\"position\":2,\"name\":\"Hjem\",\"item\":\"https:\/\/hoyre.no\/strand\/\"},{\"@type\":\"ListItem\",\"position\":3,\"name\":\"Ordf\u00f8rerkandidat\"}]},{\"@type\":\"WebSite\",\"@id\":\"https:\/\/hoyre.no\/strand\/#website\",\"url\":\"https:\/\/hoyre.no\/strand\/\",\"name\":\"Strand H\u00f8yre\",\"description\":\"Bare enda et H\u00f8yres nettsteder-nettsted\",\"inLanguage\":\"nb-NO\"}]}<\/script>\n<!-- \/ Yoast SEO plugin. -->","yoast_head_json":{"title":"Ordf\u00f8rerkandidat - Strand H\u00f8yre","description":"Bli bedre kjent med ordf\u00f8reren i Strand, Irene Heng Lauvsnes.","robots":{"index":"index","follow":"follow","max-snippet":"max-snippet:-1","max-image-preview":"max-image-preview:large","max-video-preview":"max-video-preview:-1"},"canonical":"https:\/\/hoyre.no\/strand\/ordforerkandidat\/","og_locale":"nb_NO","og_type":"article","og_title":"Ordf\u00f8rerkandidat - Strand H\u00f8yre","og_description":"Bli bedre kjent med ordf\u00f8reren i Strand, Irene Heng Lauvsnes.","og_url":"https:\/\/hoyre.no\/strand\/ordforerkandidat\/","og_site_name":"Strand H\u00f8yre","article_modified_time":"2025-01-28T12:09:53+00:00","og_image":[{"url":"https:\/\/hoyre.no\/content\/uploads\/sites\/209\/2023\/07\/Screenshot-2023-07-03-at-17.18.51-1024x417.png","width":"","height":"","type":""}],"twitter_card":"summary_large_image","twitter_misc":{"Ansl. lesetid":"3 minutter"},"schema":{"@context":"https:\/\/schema.org","@graph":[{"@type":"WebPage","@id":"https:\/\/hoyre.no\/strand\/ordforerkandidat\/","url":"https:\/\/hoyre.no\/strand\/ordforerkandidat\/","name":"Ordf\u00f8rerkandidat - Strand H\u00f8yre","isPartOf":{"@id":"https:\/\/hoyre.no\/strand\/#website"},"image":{"@id":"https:\/\/hoyre.no\/strand\/ordforerkandidat\/#primaryimage"},"thumbnailUrl":"https:\/\/hoyre.no\/content\/uploads\/sites\/209\/2023\/05\/IMG_2853-edited-scaled.jpg","datePublished":"2023-05-18T20:56:12+00:00","dateModified":"2025-01-28T12:09:53+00:00","description":"Bli bedre kjent med ordf\u00f8reren i Strand, Irene Heng Lauvsnes.","breadcrumb":{"@id":"https:\/\/hoyre.no\/strand\/ordforerkandidat\/#breadcrumb"},"inLanguage":"nb-NO","potentialAction":[{"@type":"ReadAction","target":["https:\/\/hoyre.no\/strand\/ordforerkandidat\/"]}]},{"@type":"ImageObject","inLanguage":"nb-NO","@id":"https:\/\/hoyre.no\/strand\/ordforerkandidat\/#primaryimage","url":"https:\/\/hoyre.no\/content\/uploads\/sites\/209\/2023\/05\/IMG_2853-edited-scaled.jpg","contentUrl":"https:\/\/hoyre.no\/content\/uploads\/sites\/209\/2023\/05\/IMG_2853-edited-scaled.jpg"},{"@type":"BreadcrumbList","@id":"https:\/\/hoyre.no\/strand\/ordforerkandidat\/#breadcrumb","itemListElement":[{"@type":"ListItem","position":1,"name":"Til hoyre.no","item":"https:\/\/hoyre.no"},{"@type":"ListItem","position":2,"name":"Hjem","item":"https:\/\/hoyre.no\/strand\/"},{"@type":"ListItem","position":3,"name":"Ordf\u00f8rerkandidat"}]},{"@type":"WebSite","@id":"https:\/\/hoyre.no\/strand\/#website","url":"https:\/\/hoyre.no\/strand\/","name":"Strand H\u00f8yre","description":"Bare enda et H\u00f8yres nettsteder-nettsted","inLanguage":"nb-NO"}]}},"distributor_meta":false,"distributor_terms":false,"distributor_media":false,"distributor_original_site_name":"Strand H\u00f8yre","distributor_original_site_url":"https:\/\/hoyre.no\/strand","push-errors":false,"_links":{"self":[{"href":"https:\/\/hoyre.no\/strand\/wp-json\/wp\/v2\/pages\/39","targetHints":{"allow":["GET"]}}],"collection":[{"href":"https:\/\/hoyre.no\/strand\/wp-json\/wp\/v2\/pages"}],"about":[{"href":"https:\/\/hoyre.no\/strand\/wp-json\/wp\/v2\/types\/page"}],"author":[{"embeddable":true,"href":"https:\/\/hoyre.no\/strand\/wp-json\/wp\/v2\/users\/8714"}],"replies":[{"embeddable":true,"href":"https:\/\/hoyre.no\/strand\/wp-json\/wp\/v2\/comments?post=39"}],"version-history":[{"count":24,"href":"https:\/\/hoyre.no\/strand\/wp-json\/wp\/v2\/pages\/39\/revisions"}],"predecessor-version":[{"id":715,"href":"https:\/\/hoyre.no\/strand\/wp-json\/wp\/v2\/pages\/39\/revisions\/715"}],"wp:attachment":[{"href":"https:\/\/hoyre.no\/strand\/wp-json\/wp\/v2\/media?parent=39"}],"curies":[{"name":"wp","href":"https:\/\/api.w.org\/{rel}","templated":true}]}}