{"id":510,"date":"2023-08-10T23:21:10","date_gmt":"2023-08-10T21:21:10","guid":{"rendered":"https:\/\/hoyre.no\/strand\/?page_id=510"},"modified":"2023-08-14T23:05:32","modified_gmt":"2023-08-14T21:05:32","slug":"marcus-aadne-lowther-soyland","status":"publish","type":"page","link":"https:\/\/hoyre.no\/strand\/marcus-aadne-lowther-soyland\/","title":{"rendered":"Marcus Aadne Lowther S\u00f8yland"},"content":{"rendered":"\n<div class=\"wp-block-hoyre-hero with-image-gradient text-color-light  has-media alignfull has-background\"><div class=\"hoyre-hero has-image\"><h1 class=\"title\"><a>Marcus Aadne Lowther S\u00f8yland<\/a><\/h1><p class=\"preamble\">&laquo;Vil jobbe for b\u00e6rekraftig kommune\u00f8konomi og gode trygge skoler&raquo;\u00a0<\/p>\t\t\t<div class=\"post-meta wp-block teft-byline-wrapper\">\n\t\t\t\t<div class=\"top\">\n\t\t\t\t\t<div class=\"signature\">\n\t\t\t\t\t\t<div class=\"teft-byline\">\n\t\t\t\t\t\t\t\t\t\t\t\t\t\t<div>\n\t\t\t\t\t\t\t\t<h3>H\u00f8yres redaksjon<\/h3>\t\t\t\t\t\t\t\t\n\t\t\t\t\t\t\t\t\t\t\t\t\t\t\t\t\t<span class=\"date\">Sist oppdatert: 14. august 2023<\/span>\n\t\t\t\t\t\t\t\t\t\t\t\t\t\t\t\t\t\t\t\t\t\t\t\t\t<span class=\"reading-time\" itemprop=\"timeRequired\" content=\"PT1M\"><em>Ca. 1 minutter lesetid<\/em><\/span>\n\t\t\t\t\t\t\t\t\t\t\t\t\t\t\t<\/div>\n\t\t\t\t\t\t<\/div>\n\t\t\t\t\t<\/div>\n\t\t\t\t\t\t<div class=\"sharing\">\n\t\t<a class=\"share-button share-link copy-link\" data-copy=\"https:\/\/hoyre.no\/strand\/marcus-aadne-lowther-soyland\/\" target=\"_blank\"><span class=\"screen-reader-text\">Del link<\/span><\/a>\n\t\t<a class=\"share-button share-twitter\" href=\"http:\/\/twitter.com\/share?text=Marcus Aadne Lowther S\u00f8yland&#038;url=https:\/\/hoyre.no\/strand\/marcus-aadne-lowther-soyland\/&#038;hashtags=Hoyre\" target=\"_blank\"><span class=\"screen-reader-text\">Del p\u00e5 twitter<\/span><\/a>\n\t\t<a class=\"share-button share-facebook\" href=\"https:\/\/www.facebook.com\/sharer\/sharer.php?u=https:\/\/hoyre.no\/strand\/marcus-aadne-lowther-soyland\/\" target=\"_blank\"><span class=\"screen-reader-text\">Del p\u00e5 facebook<\/span><\/a>\n\t<\/div>\n\t\t\t\t\t<\/div>\n\t\t\t<\/div>\n\n\t\t\t<figure class=\"hoyre-image-wrapper\"><div class=\"hoyre-image\"><img loading=\"lazy\" decoding=\"async\" width=\"480\" height=\"640\" src=\"https:\/\/hoyre.no\/content\/uploads\/sites\/209\/2023\/05\/marcus.jpg\" class=\"attachment-scaled size-scaled\" alt=\"Bilde av Marcus Aadne Lowther S\u00f8yland\" style=\"object-position: 50% 50%\" srcset=\"https:\/\/hoyre.no\/content\/uploads\/sites\/209\/2023\/05\/marcus.jpg 480w, https:\/\/hoyre.no\/content\/uploads\/sites\/209\/2023\/05\/marcus-225x300.jpg 225w\" sizes=\"auto, (max-width: 480px) 100vw, 480px\" \/><\/div><\/figure><\/div><\/div>\n\n\n\n\n<div class=\"wp-block-buttons is-layout-flex wp-block-buttons-is-layout-flex\"><\/div>\n\n\n\n\n<p>Bosatt p\u00e5 Tau. <\/p>\n\n\n\n<p>Marcus var varamedlem til Kommunestyrer 2019-2021 og fast representant siden 2021.<\/p>\n\n\n\n<div class=\"wp-block-buttons is-layout-flex wp-block-buttons-is-layout-flex\">\n<div class=\"wp-block-button\"><a class=\"wp-block-button__link\" href=\"https:\/\/hoyre.no\/strand\/mer-om-liste-kandidater\/\">TRYKk HER FOR \u00c5 LESE MER OM V\u00c5RE KAndidater<\/a><\/div>\n\n\n\n<div class=\"wp-block-button\"><a class=\"wp-block-button__link\" href=\"https:\/\/hoyre.no\/strand\/\">TILBAKE til Forsiden<\/a><\/div>\n<\/div>\n","protected":false},"excerpt":{"rendered":"<p>Bosatt p\u00e5 Tau. Marcus var varamedlem til Kommunestyrer 2019-2021 og fast representant siden 2021.<\/p>\n","protected":false},"author":8714,"featured_media":0,"parent":0,"menu_order":0,"comment_status":"closed","ping_status":"closed","template":"","meta":{"teft_cards_image_url":"","teft_cards_custom_pretitle":"","teft_cards_image_id":0,"teft_cards_image_focal_point_x":0,"teft_cards_image_focal_point_y":0,"teft_cards_title":"","teft_cards_excerpt":"","teft_show_chapters":false,"footnotes":""},"class_list":["post-510","page","type-page","status-publish","hentry"],"yoast_head":"<!-- This site is optimized with the Yoast SEO plugin v26.6 - https:\/\/yoast.com\/wordpress\/plugins\/seo\/ -->\n<title>Marcus Aadne Lowther S\u00f8yland - Strand H\u00f8yre<\/title>\n<meta name=\"robots\" content=\"index, follow, max-snippet:-1, max-image-preview:large, max-video-preview:-1\" \/>\n<link rel=\"canonical\" href=\"https:\/\/hoyre.no\/strand\/marcus-aadne-lowther-soyland\/\" \/>\n<meta property=\"og:locale\" content=\"nb_NO\" \/>\n<meta property=\"og:type\" content=\"article\" \/>\n<meta property=\"og:title\" content=\"Marcus Aadne Lowther S\u00f8yland - Strand H\u00f8yre\" \/>\n<meta property=\"og:description\" content=\"Bosatt p\u00e5 Tau. Marcus var varamedlem til Kommunestyrer 2019-2021 og fast representant siden 2021.\" \/>\n<meta property=\"og:url\" content=\"https:\/\/hoyre.no\/strand\/marcus-aadne-lowther-soyland\/\" \/>\n<meta property=\"og:site_name\" content=\"Strand H\u00f8yre\" \/>\n<meta property=\"article:modified_time\" content=\"2023-08-14T21:05:32+00:00\" \/>\n<meta property=\"og:image\" content=\"https:\/\/hoyre.no\/content\/uploads\/sites\/209\/2022\/11\/Hoyres-logo.png\" \/>\n\t<meta property=\"og:image:width\" content=\"1000\" \/>\n\t<meta property=\"og:image:height\" content=\"1000\" \/>\n\t<meta property=\"og:image:type\" content=\"image\/png\" \/>\n<meta name=\"twitter:card\" content=\"summary_large_image\" \/>\n<meta name=\"twitter:label1\" content=\"Ansl. lesetid\" \/>\n\t<meta name=\"twitter:data1\" content=\"1 minutt\" \/>\n<script type=\"application\/ld+json\" class=\"yoast-schema-graph\">{\"@context\":\"https:\/\/schema.org\",\"@graph\":[{\"@type\":\"WebPage\",\"@id\":\"https:\/\/hoyre.no\/strand\/marcus-aadne-lowther-soyland\/\",\"url\":\"https:\/\/hoyre.no\/strand\/marcus-aadne-lowther-soyland\/\",\"name\":\"Marcus Aadne Lowther S\u00f8yland - Strand H\u00f8yre\",\"isPartOf\":{\"@id\":\"https:\/\/hoyre.no\/strand\/#website\"},\"datePublished\":\"2023-08-10T21:21:10+00:00\",\"dateModified\":\"2023-08-14T21:05:32+00:00\",\"breadcrumb\":{\"@id\":\"https:\/\/hoyre.no\/strand\/marcus-aadne-lowther-soyland\/#breadcrumb\"},\"inLanguage\":\"nb-NO\",\"potentialAction\":[{\"@type\":\"ReadAction\",\"target\":[\"https:\/\/hoyre.no\/strand\/marcus-aadne-lowther-soyland\/\"]}]},{\"@type\":\"BreadcrumbList\",\"@id\":\"https:\/\/hoyre.no\/strand\/marcus-aadne-lowther-soyland\/#breadcrumb\",\"itemListElement\":[{\"@type\":\"ListItem\",\"position\":1,\"name\":\"Til hoyre.no\",\"item\":\"https:\/\/hoyre.no\"},{\"@type\":\"ListItem\",\"position\":2,\"name\":\"Hjem\",\"item\":\"https:\/\/hoyre.no\/strand\/\"},{\"@type\":\"ListItem\",\"position\":3,\"name\":\"Marcus Aadne Lowther S\u00f8yland\"}]},{\"@type\":\"WebSite\",\"@id\":\"https:\/\/hoyre.no\/strand\/#website\",\"url\":\"https:\/\/hoyre.no\/strand\/\",\"name\":\"Strand H\u00f8yre\",\"description\":\"Bare enda et H\u00f8yres nettsteder-nettsted\",\"inLanguage\":\"nb-NO\"}]}<\/script>\n<!-- \/ Yoast SEO plugin. -->","yoast_head_json":{"title":"Marcus Aadne Lowther S\u00f8yland - Strand H\u00f8yre","robots":{"index":"index","follow":"follow","max-snippet":"max-snippet:-1","max-image-preview":"max-image-preview:large","max-video-preview":"max-video-preview:-1"},"canonical":"https:\/\/hoyre.no\/strand\/marcus-aadne-lowther-soyland\/","og_locale":"nb_NO","og_type":"article","og_title":"Marcus Aadne Lowther S\u00f8yland - Strand H\u00f8yre","og_description":"Bosatt p\u00e5 Tau. Marcus var varamedlem til Kommunestyrer 2019-2021 og fast representant siden 2021.","og_url":"https:\/\/hoyre.no\/strand\/marcus-aadne-lowther-soyland\/","og_site_name":"Strand H\u00f8yre","article_modified_time":"2023-08-14T21:05:32+00:00","og_image":[{"width":1000,"height":1000,"url":"https:\/\/hoyre.no\/content\/uploads\/sites\/209\/2022\/11\/Hoyres-logo.png","type":"image\/png"}],"twitter_card":"summary_large_image","twitter_misc":{"Ansl. lesetid":"1 minutt"},"schema":{"@context":"https:\/\/schema.org","@graph":[{"@type":"WebPage","@id":"https:\/\/hoyre.no\/strand\/marcus-aadne-lowther-soyland\/","url":"https:\/\/hoyre.no\/strand\/marcus-aadne-lowther-soyland\/","name":"Marcus Aadne Lowther S\u00f8yland - Strand H\u00f8yre","isPartOf":{"@id":"https:\/\/hoyre.no\/strand\/#website"},"datePublished":"2023-08-10T21:21:10+00:00","dateModified":"2023-08-14T21:05:32+00:00","breadcrumb":{"@id":"https:\/\/hoyre.no\/strand\/marcus-aadne-lowther-soyland\/#breadcrumb"},"inLanguage":"nb-NO","potentialAction":[{"@type":"ReadAction","target":["https:\/\/hoyre.no\/strand\/marcus-aadne-lowther-soyland\/"]}]},{"@type":"BreadcrumbList","@id":"https:\/\/hoyre.no\/strand\/marcus-aadne-lowther-soyland\/#breadcrumb","itemListElement":[{"@type":"ListItem","position":1,"name":"Til hoyre.no","item":"https:\/\/hoyre.no"},{"@type":"ListItem","position":2,"name":"Hjem","item":"https:\/\/hoyre.no\/strand\/"},{"@type":"ListItem","position":3,"name":"Marcus Aadne Lowther S\u00f8yland"}]},{"@type":"WebSite","@id":"https:\/\/hoyre.no\/strand\/#website","url":"https:\/\/hoyre.no\/strand\/","name":"Strand H\u00f8yre","description":"Bare enda et H\u00f8yres nettsteder-nettsted","inLanguage":"nb-NO"}]}},"distributor_meta":false,"distributor_terms":false,"distributor_media":false,"distributor_original_site_name":"Strand H\u00f8yre","distributor_original_site_url":"https:\/\/hoyre.no\/strand","push-errors":false,"_links":{"self":[{"href":"https:\/\/hoyre.no\/strand\/wp-json\/wp\/v2\/pages\/510","targetHints":{"allow":["GET"]}}],"collection":[{"href":"https:\/\/hoyre.no\/strand\/wp-json\/wp\/v2\/pages"}],"about":[{"href":"https:\/\/hoyre.no\/strand\/wp-json\/wp\/v2\/types\/page"}],"author":[{"embeddable":true,"href":"https:\/\/hoyre.no\/strand\/wp-json\/wp\/v2\/users\/8714"}],"replies":[{"embeddable":true,"href":"https:\/\/hoyre.no\/strand\/wp-json\/wp\/v2\/comments?post=510"}],"version-history":[{"count":3,"href":"https:\/\/hoyre.no\/strand\/wp-json\/wp\/v2\/pages\/510\/revisions"}],"predecessor-version":[{"id":560,"href":"https:\/\/hoyre.no\/strand\/wp-json\/wp\/v2\/pages\/510\/revisions\/560"}],"wp:attachment":[{"href":"https:\/\/hoyre.no\/strand\/wp-json\/wp\/v2\/media?parent=510"}],"curies":[{"name":"wp","href":"https:\/\/api.w.org\/{rel}","templated":true}]}}