{"id":515,"date":"2023-08-13T22:58:08","date_gmt":"2023-08-13T20:58:08","guid":{"rendered":"https:\/\/hoyre.no\/strand\/?page_id=515"},"modified":"2023-08-13T22:58:09","modified_gmt":"2023-08-13T20:58:09","slug":"odd-hermann-huffmann","status":"publish","type":"page","link":"https:\/\/hoyre.no\/strand\/odd-hermann-huffmann\/","title":{"rendered":"Odd Hermann Huffmann"},"content":{"rendered":"\n<div class=\"wp-block-hoyre-hero with-image-gradient text-color-light  has-media alignfull has-background\"><div class=\"hoyre-hero has-image\"><h1 class=\"title\">Odd Hermann Huffmann<\/h1><p class=\"preamble\">&laquo;Jeg \u00f8nsker \u00e5 arbeide for at det legges til rette for gode fritidsaktiviter for barn og unge&raquo; <\/p>\t\t\t<div class=\"post-meta wp-block teft-byline-wrapper\">\n\t\t\t\t<div class=\"top\">\n\t\t\t\t\t<div class=\"signature\">\n\t\t\t\t\t\t<div class=\"teft-byline\">\n\t\t\t\t\t\t\t\t\t\t\t\t\t\t<div>\n\t\t\t\t\t\t\t\t<h3>H\u00f8yres redaksjon<\/h3>\t\t\t\t\t\t\t\t\n\t\t\t\t\t\t\t\t\t\t\t\t\t\t\t\t\t<span class=\"date\">Sist oppdatert: 13. august 2023<\/span>\n\t\t\t\t\t\t\t\t\t\t\t\t\t\t\t\t\t\t\t\t\t\t\t\t\t<span class=\"reading-time\" itemprop=\"timeRequired\" content=\"PT1M\"><em>Ca. 1 minutter lesetid<\/em><\/span>\n\t\t\t\t\t\t\t\t\t\t\t\t\t\t\t<\/div>\n\t\t\t\t\t\t<\/div>\n\t\t\t\t\t<\/div>\n\t\t\t\t\t\t<div class=\"sharing\">\n\t\t<a class=\"share-button share-link copy-link\" data-copy=\"https:\/\/hoyre.no\/strand\/odd-hermann-huffmann\/\" target=\"_blank\"><span class=\"screen-reader-text\">Del link<\/span><\/a>\n\t\t<a class=\"share-button share-twitter\" href=\"http:\/\/twitter.com\/share?text=Odd Hermann Huffmann&#038;url=https:\/\/hoyre.no\/strand\/odd-hermann-huffmann\/&#038;hashtags=Hoyre\" target=\"_blank\"><span class=\"screen-reader-text\">Del p\u00e5 twitter<\/span><\/a>\n\t\t<a class=\"share-button share-facebook\" href=\"https:\/\/www.facebook.com\/sharer\/sharer.php?u=https:\/\/hoyre.no\/strand\/odd-hermann-huffmann\/\" target=\"_blank\"><span class=\"screen-reader-text\">Del p\u00e5 facebook<\/span><\/a>\n\t<\/div>\n\t\t\t\t\t<\/div>\n\t\t\t<\/div>\n\n\t\t\t<figure class=\"hoyre-image-wrapper\"><div class=\"hoyre-image\"><img loading=\"lazy\" decoding=\"async\" width=\"1875\" height=\"2500\" src=\"https:\/\/hoyre.no\/content\/uploads\/sites\/209\/2023\/08\/Odd-Hermann-2-scaled.jpg\" class=\"attachment-scaled size-scaled\" alt=\"Bilde av Odd Hermann Huffmann\" style=\"object-position: 38% 34%\" srcset=\"https:\/\/hoyre.no\/content\/uploads\/sites\/209\/2023\/08\/Odd-Hermann-2-scaled.jpg 1875w, https:\/\/hoyre.no\/content\/uploads\/sites\/209\/2023\/08\/Odd-Hermann-2-225x300.jpg 225w, https:\/\/hoyre.no\/content\/uploads\/sites\/209\/2023\/08\/Odd-Hermann-2-768x1024.jpg 768w, https:\/\/hoyre.no\/content\/uploads\/sites\/209\/2023\/08\/Odd-Hermann-2-1152x1536.jpg 1152w, https:\/\/hoyre.no\/content\/uploads\/sites\/209\/2023\/08\/Odd-Hermann-2-1536x2048.jpg 1536w\" sizes=\"auto, (max-width: 1875px) 100vw, 1875px\" \/><\/div><\/figure><\/div><\/div>\n\n\n\n\n<div class=\"wp-block-buttons is-layout-flex wp-block-buttons-is-layout-flex\"><\/div>\n\n\n\n\n<p>&raquo; Barn og unge er v\u00e5r viktigste ressurs !&raquo;<\/p>\n\n\n\n<p>Jeg brenner ogs\u00e5 for at eldre skal kunne tilbys gode, tilrettelagte og varierte boligl\u00f8sninger. &laquo;Dette er et viktig satsingsomr\u00e5de for h\u00f8yrestyrte Kommuner!&raquo;<\/p>\n\n\n\n<p><\/p>\n\n\n\n<p>Odd Hermann er 81 \u00e5r og pensjonert lektor fra Strand Videreg\u00e5ende Skole. Han har v\u00e6rt aktiv med i H\u00f8yre siden 1978, bl.a. som lokallagsleder i 8 \u00e5r. Er ogs\u00e5 leder for Ytre Ryfylke Senior H\u00f8yre (Strand og Hjelmeland). Ellers mange \u00e5rs fartstid innen sang- og musikklivet i kommune, bl.a. som mange\u00e5rig skolekorpsdirigent. <\/p>\n\n\n\n<p> <\/p>\n\n\n\n<div class=\"wp-block-buttons is-layout-flex wp-block-buttons-is-layout-flex\">\n<div class=\"wp-block-button\"><a class=\"wp-block-button__link\" href=\"https:\/\/hoyre.no\/strand\/mer-om-liste-kandidater\/\">Trykk HER for \u00c5 LESE MER OM LISTEKANDIDATER<\/a><\/div>\n\n\n\n<div class=\"wp-block-button\"><a class=\"wp-block-button__link\" href=\"https:\/\/hoyre.no\/strand\/\">G\u00e5 tilbake til forsiden<\/a><\/div>\n<\/div>\n","protected":false},"excerpt":{"rendered":"<p>&raquo; Barn og unge er v\u00e5r viktigste ressurs !&raquo; Jeg brenner ogs\u00e5 for at eldre skal kunne tilbys gode, tilrettelagte og varierte boligl\u00f8sninger. &laquo;Dette er et viktig satsingsomr\u00e5de for h\u00f8yrestyrte Kommuner!&raquo; Odd Hermann er 81 \u00e5r og pensjonert lektor fra Strand Videreg\u00e5ende Skole. Han har v\u00e6rt aktiv med i H\u00f8yre siden 1978, bl.a. som lokallagsleder [&hellip;]<\/p>\n","protected":false},"author":8714,"featured_media":0,"parent":0,"menu_order":0,"comment_status":"closed","ping_status":"closed","template":"","meta":{"teft_cards_image_url":"","teft_cards_custom_pretitle":"","teft_cards_image_id":0,"teft_cards_image_focal_point_x":0,"teft_cards_image_focal_point_y":0,"teft_cards_title":"","teft_cards_excerpt":"","teft_show_chapters":false,"footnotes":""},"class_list":["post-515","page","type-page","status-publish","hentry"],"yoast_head":"<!-- This site is optimized with the Yoast SEO plugin v26.6 - https:\/\/yoast.com\/wordpress\/plugins\/seo\/ -->\n<title>Odd Hermann Huffmann - Strand H\u00f8yre<\/title>\n<meta name=\"robots\" content=\"index, follow, max-snippet:-1, max-image-preview:large, max-video-preview:-1\" \/>\n<link rel=\"canonical\" href=\"https:\/\/hoyre.no\/strand\/odd-hermann-huffmann\/\" \/>\n<meta property=\"og:locale\" content=\"nb_NO\" \/>\n<meta property=\"og:type\" content=\"article\" \/>\n<meta property=\"og:title\" content=\"Odd Hermann Huffmann - Strand H\u00f8yre\" \/>\n<meta property=\"og:description\" content=\"&raquo; Barn og unge er v\u00e5r viktigste ressurs !&raquo; Jeg brenner ogs\u00e5 for at eldre skal kunne tilbys gode, tilrettelagte og varierte boligl\u00f8sninger. &laquo;Dette er et viktig satsingsomr\u00e5de for h\u00f8yrestyrte Kommuner!&raquo; Odd Hermann er 81 \u00e5r og pensjonert lektor fra Strand Videreg\u00e5ende Skole. Han har v\u00e6rt aktiv med i H\u00f8yre siden 1978, bl.a. som lokallagsleder [&hellip;]\" \/>\n<meta property=\"og:url\" content=\"https:\/\/hoyre.no\/strand\/odd-hermann-huffmann\/\" \/>\n<meta property=\"og:site_name\" content=\"Strand H\u00f8yre\" \/>\n<meta property=\"article:modified_time\" content=\"2023-08-13T20:58:09+00:00\" \/>\n<meta property=\"og:image\" content=\"https:\/\/hoyre.no\/content\/uploads\/sites\/209\/2022\/11\/Hoyres-logo.png\" \/>\n\t<meta property=\"og:image:width\" content=\"1000\" \/>\n\t<meta property=\"og:image:height\" content=\"1000\" \/>\n\t<meta property=\"og:image:type\" content=\"image\/png\" \/>\n<meta name=\"twitter:card\" content=\"summary_large_image\" \/>\n<meta name=\"twitter:label1\" content=\"Ansl. lesetid\" \/>\n\t<meta name=\"twitter:data1\" content=\"1 minutt\" \/>\n<script type=\"application\/ld+json\" class=\"yoast-schema-graph\">{\"@context\":\"https:\/\/schema.org\",\"@graph\":[{\"@type\":\"WebPage\",\"@id\":\"https:\/\/hoyre.no\/strand\/odd-hermann-huffmann\/\",\"url\":\"https:\/\/hoyre.no\/strand\/odd-hermann-huffmann\/\",\"name\":\"Odd Hermann Huffmann - Strand H\u00f8yre\",\"isPartOf\":{\"@id\":\"https:\/\/hoyre.no\/strand\/#website\"},\"datePublished\":\"2023-08-13T20:58:08+00:00\",\"dateModified\":\"2023-08-13T20:58:09+00:00\",\"breadcrumb\":{\"@id\":\"https:\/\/hoyre.no\/strand\/odd-hermann-huffmann\/#breadcrumb\"},\"inLanguage\":\"nb-NO\",\"potentialAction\":[{\"@type\":\"ReadAction\",\"target\":[\"https:\/\/hoyre.no\/strand\/odd-hermann-huffmann\/\"]}]},{\"@type\":\"BreadcrumbList\",\"@id\":\"https:\/\/hoyre.no\/strand\/odd-hermann-huffmann\/#breadcrumb\",\"itemListElement\":[{\"@type\":\"ListItem\",\"position\":1,\"name\":\"Til hoyre.no\",\"item\":\"https:\/\/hoyre.no\"},{\"@type\":\"ListItem\",\"position\":2,\"name\":\"Hjem\",\"item\":\"https:\/\/hoyre.no\/strand\/\"},{\"@type\":\"ListItem\",\"position\":3,\"name\":\"Odd Hermann Huffmann\"}]},{\"@type\":\"WebSite\",\"@id\":\"https:\/\/hoyre.no\/strand\/#website\",\"url\":\"https:\/\/hoyre.no\/strand\/\",\"name\":\"Strand H\u00f8yre\",\"description\":\"Bare enda et H\u00f8yres nettsteder-nettsted\",\"inLanguage\":\"nb-NO\"}]}<\/script>\n<!-- \/ Yoast SEO plugin. -->","yoast_head_json":{"title":"Odd Hermann Huffmann - Strand H\u00f8yre","robots":{"index":"index","follow":"follow","max-snippet":"max-snippet:-1","max-image-preview":"max-image-preview:large","max-video-preview":"max-video-preview:-1"},"canonical":"https:\/\/hoyre.no\/strand\/odd-hermann-huffmann\/","og_locale":"nb_NO","og_type":"article","og_title":"Odd Hermann Huffmann - Strand H\u00f8yre","og_description":"&raquo; Barn og unge er v\u00e5r viktigste ressurs !&raquo; Jeg brenner ogs\u00e5 for at eldre skal kunne tilbys gode, tilrettelagte og varierte boligl\u00f8sninger. &laquo;Dette er et viktig satsingsomr\u00e5de for h\u00f8yrestyrte Kommuner!&raquo; Odd Hermann er 81 \u00e5r og pensjonert lektor fra Strand Videreg\u00e5ende Skole. Han har v\u00e6rt aktiv med i H\u00f8yre siden 1978, bl.a. som lokallagsleder [&hellip;]","og_url":"https:\/\/hoyre.no\/strand\/odd-hermann-huffmann\/","og_site_name":"Strand H\u00f8yre","article_modified_time":"2023-08-13T20:58:09+00:00","og_image":[{"width":1000,"height":1000,"url":"https:\/\/hoyre.no\/content\/uploads\/sites\/209\/2022\/11\/Hoyres-logo.png","type":"image\/png"}],"twitter_card":"summary_large_image","twitter_misc":{"Ansl. lesetid":"1 minutt"},"schema":{"@context":"https:\/\/schema.org","@graph":[{"@type":"WebPage","@id":"https:\/\/hoyre.no\/strand\/odd-hermann-huffmann\/","url":"https:\/\/hoyre.no\/strand\/odd-hermann-huffmann\/","name":"Odd Hermann Huffmann - Strand H\u00f8yre","isPartOf":{"@id":"https:\/\/hoyre.no\/strand\/#website"},"datePublished":"2023-08-13T20:58:08+00:00","dateModified":"2023-08-13T20:58:09+00:00","breadcrumb":{"@id":"https:\/\/hoyre.no\/strand\/odd-hermann-huffmann\/#breadcrumb"},"inLanguage":"nb-NO","potentialAction":[{"@type":"ReadAction","target":["https:\/\/hoyre.no\/strand\/odd-hermann-huffmann\/"]}]},{"@type":"BreadcrumbList","@id":"https:\/\/hoyre.no\/strand\/odd-hermann-huffmann\/#breadcrumb","itemListElement":[{"@type":"ListItem","position":1,"name":"Til hoyre.no","item":"https:\/\/hoyre.no"},{"@type":"ListItem","position":2,"name":"Hjem","item":"https:\/\/hoyre.no\/strand\/"},{"@type":"ListItem","position":3,"name":"Odd Hermann Huffmann"}]},{"@type":"WebSite","@id":"https:\/\/hoyre.no\/strand\/#website","url":"https:\/\/hoyre.no\/strand\/","name":"Strand H\u00f8yre","description":"Bare enda et H\u00f8yres nettsteder-nettsted","inLanguage":"nb-NO"}]}},"distributor_meta":false,"distributor_terms":false,"distributor_media":false,"distributor_original_site_name":"Strand H\u00f8yre","distributor_original_site_url":"https:\/\/hoyre.no\/strand","push-errors":false,"_links":{"self":[{"href":"https:\/\/hoyre.no\/strand\/wp-json\/wp\/v2\/pages\/515","targetHints":{"allow":["GET"]}}],"collection":[{"href":"https:\/\/hoyre.no\/strand\/wp-json\/wp\/v2\/pages"}],"about":[{"href":"https:\/\/hoyre.no\/strand\/wp-json\/wp\/v2\/types\/page"}],"author":[{"embeddable":true,"href":"https:\/\/hoyre.no\/strand\/wp-json\/wp\/v2\/users\/8714"}],"replies":[{"embeddable":true,"href":"https:\/\/hoyre.no\/strand\/wp-json\/wp\/v2\/comments?post=515"}],"version-history":[{"count":2,"href":"https:\/\/hoyre.no\/strand\/wp-json\/wp\/v2\/pages\/515\/revisions"}],"predecessor-version":[{"id":517,"href":"https:\/\/hoyre.no\/strand\/wp-json\/wp\/v2\/pages\/515\/revisions\/517"}],"wp:attachment":[{"href":"https:\/\/hoyre.no\/strand\/wp-json\/wp\/v2\/media?parent=515"}],"curies":[{"name":"wp","href":"https:\/\/api.w.org\/{rel}","templated":true}]}}