{"id":520,"date":"2023-08-13T23:06:21","date_gmt":"2023-08-13T21:06:21","guid":{"rendered":"https:\/\/hoyre.no\/strand\/?page_id=520"},"modified":"2023-08-13T23:06:22","modified_gmt":"2023-08-13T21:06:22","slug":"milagros-de-pomar-landa","status":"publish","type":"page","link":"https:\/\/hoyre.no\/strand\/milagros-de-pomar-landa\/","title":{"rendered":"Milagros de Pomar Landa"},"content":{"rendered":"\n<div class=\"wp-block-hoyre-hero with-image-gradient text-color-light  has-media alignfull has-background\"><div class=\"hoyre-hero has-image\"><h1 class=\"title\"><a>Milagros de Pomar Landa<\/a><\/h1><p class=\"preamble\">&laquo;Jeg vil ogs\u00e5 jobbe for at nye landsmenn i Strand kommune f\u00e5r den samme mulighet til \u00e5 komme raskt i arbeid, bli integrert, og komme samfunnet til nytte !&raquo;<\/p>\t\t\t<div class=\"post-meta wp-block teft-byline-wrapper\">\n\t\t\t\t<div class=\"top\">\n\t\t\t\t\t<div class=\"signature\">\n\t\t\t\t\t\t<div class=\"teft-byline\">\n\t\t\t\t\t\t\t\t\t\t\t\t\t\t<div>\n\t\t\t\t\t\t\t\t<h3>H\u00f8yres redaksjon<\/h3>\t\t\t\t\t\t\t\t\n\t\t\t\t\t\t\t\t\t\t\t\t\t\t\t\t\t<span class=\"date\">Sist oppdatert: 13. august 2023<\/span>\n\t\t\t\t\t\t\t\t\t\t\t\t\t\t\t\t\t\t\t\t\t\t\t\t\t<span class=\"reading-time\" itemprop=\"timeRequired\" content=\"PT1M\"><em>Ca. 1 minutter lesetid<\/em><\/span>\n\t\t\t\t\t\t\t\t\t\t\t\t\t\t\t<\/div>\n\t\t\t\t\t\t<\/div>\n\t\t\t\t\t<\/div>\n\t\t\t\t\t\t<div class=\"sharing\">\n\t\t<a class=\"share-button share-link copy-link\" data-copy=\"https:\/\/hoyre.no\/strand\/milagros-de-pomar-landa\/\" target=\"_blank\"><span class=\"screen-reader-text\">Del link<\/span><\/a>\n\t\t<a class=\"share-button share-twitter\" href=\"http:\/\/twitter.com\/share?text=Milagros de Pomar Landa&#038;url=https:\/\/hoyre.no\/strand\/milagros-de-pomar-landa\/&#038;hashtags=Hoyre\" target=\"_blank\"><span class=\"screen-reader-text\">Del p\u00e5 twitter<\/span><\/a>\n\t\t<a class=\"share-button share-facebook\" href=\"https:\/\/www.facebook.com\/sharer\/sharer.php?u=https:\/\/hoyre.no\/strand\/milagros-de-pomar-landa\/\" target=\"_blank\"><span class=\"screen-reader-text\">Del p\u00e5 facebook<\/span><\/a>\n\t<\/div>\n\t\t\t\t\t<\/div>\n\t\t\t<\/div>\n\n\t\t\t<figure class=\"hoyre-image-wrapper\"><div class=\"hoyre-image\"><img loading=\"lazy\" decoding=\"async\" width=\"1288\" height=\"2224\" src=\"https:\/\/hoyre.no\/content\/uploads\/sites\/209\/2023\/08\/Milagros-De-Pomar.jpg\" class=\"attachment-scaled size-scaled\" alt=\"Bilde av Milagros de Pomar Landa\" style=\"object-position: 51% 43%\" srcset=\"https:\/\/hoyre.no\/content\/uploads\/sites\/209\/2023\/08\/Milagros-De-Pomar.jpg 1288w, https:\/\/hoyre.no\/content\/uploads\/sites\/209\/2023\/08\/Milagros-De-Pomar-174x300.jpg 174w, https:\/\/hoyre.no\/content\/uploads\/sites\/209\/2023\/08\/Milagros-De-Pomar-593x1024.jpg 593w, https:\/\/hoyre.no\/content\/uploads\/sites\/209\/2023\/08\/Milagros-De-Pomar-768x1326.jpg 768w, https:\/\/hoyre.no\/content\/uploads\/sites\/209\/2023\/08\/Milagros-De-Pomar-890x1536.jpg 890w, https:\/\/hoyre.no\/content\/uploads\/sites\/209\/2023\/08\/Milagros-De-Pomar-1186x2048.jpg 1186w\" sizes=\"auto, (max-width: 1288px) 100vw, 1288px\" \/><\/div><\/figure><\/div><\/div>\n\n\n\n\n<div class=\"wp-block-buttons is-layout-flex wp-block-buttons-is-layout-flex\"><\/div>\n\n\n\n\n<p>De som kjenner meg, kjenner meg Mila, og jeg er en stolt mor, med tre flotte barn og gift med en norsk mann. Jeg har bodd i Strand siden jeg kom fra mitt f\u00f8deland, Peru.<\/p>\n\n\n\n<p>Jeg har ved siden av min rolle som mor jobbet i omsorg av v\u00e5re eldre her i Strand. Jeg er derfor interessert i at v\u00e5re eldre fortsatt behandles med verdighet og respekt.<\/p>\n\n\n\n<p>Jeg vil ogs\u00e5 jobbe for at nye landsmenn i Strand kommune f\u00e5r den samme mulighet til \u00e5 komme raskt i arbeid, bli integrert, og komme samfunnet til nytte.<\/p>\n\n\n\n<div class=\"wp-block-buttons is-layout-flex wp-block-buttons-is-layout-flex\">\n<div class=\"wp-block-button\"><a class=\"wp-block-button__link\" href=\"https:\/\/hoyre.no\/strand\/mer-om-liste-kandidater\/\">Trykk HER FOR \u00c5 LESE OM FLERE LISTEKANDIDATER<\/a><\/div>\n\n\n\n<div class=\"wp-block-button\"><a class=\"wp-block-button__link\" href=\"https:\/\/hoyre.no\/strand\/\">G\u00e5 tilbake til FORSIDEN<\/a><\/div>\n<\/div>\n","protected":false},"excerpt":{"rendered":"<p>De som kjenner meg, kjenner meg Mila, og jeg er en stolt mor, med tre flotte barn og gift med en norsk mann. Jeg har bodd i Strand siden jeg kom fra mitt f\u00f8deland, Peru. Jeg har ved siden av min rolle som mor jobbet i omsorg av v\u00e5re eldre her i Strand. Jeg er [&hellip;]<\/p>\n","protected":false},"author":8714,"featured_media":0,"parent":0,"menu_order":0,"comment_status":"closed","ping_status":"closed","template":"","meta":{"teft_cards_image_url":"","teft_cards_custom_pretitle":"","teft_cards_image_id":0,"teft_cards_image_focal_point_x":0,"teft_cards_image_focal_point_y":0,"teft_cards_title":"","teft_cards_excerpt":"","teft_show_chapters":false,"footnotes":""},"class_list":["post-520","page","type-page","status-publish","hentry"],"yoast_head":"<!-- This site is optimized with the Yoast SEO plugin v26.6 - https:\/\/yoast.com\/wordpress\/plugins\/seo\/ -->\n<title>Milagros de Pomar Landa - Strand H\u00f8yre<\/title>\n<meta name=\"robots\" content=\"index, follow, max-snippet:-1, max-image-preview:large, max-video-preview:-1\" \/>\n<link rel=\"canonical\" href=\"https:\/\/hoyre.no\/strand\/milagros-de-pomar-landa\/\" \/>\n<meta property=\"og:locale\" content=\"nb_NO\" \/>\n<meta property=\"og:type\" content=\"article\" \/>\n<meta property=\"og:title\" content=\"Milagros de Pomar Landa - Strand H\u00f8yre\" \/>\n<meta property=\"og:description\" content=\"De som kjenner meg, kjenner meg Mila, og jeg er en stolt mor, med tre flotte barn og gift med en norsk mann. Jeg har bodd i Strand siden jeg kom fra mitt f\u00f8deland, Peru. Jeg har ved siden av min rolle som mor jobbet i omsorg av v\u00e5re eldre her i Strand. Jeg er [&hellip;]\" \/>\n<meta property=\"og:url\" content=\"https:\/\/hoyre.no\/strand\/milagros-de-pomar-landa\/\" \/>\n<meta property=\"og:site_name\" content=\"Strand H\u00f8yre\" \/>\n<meta property=\"article:modified_time\" content=\"2023-08-13T21:06:22+00:00\" \/>\n<meta property=\"og:image\" content=\"https:\/\/hoyre.no\/content\/uploads\/sites\/209\/2022\/11\/Hoyres-logo.png\" \/>\n\t<meta property=\"og:image:width\" content=\"1000\" \/>\n\t<meta property=\"og:image:height\" content=\"1000\" \/>\n\t<meta property=\"og:image:type\" content=\"image\/png\" \/>\n<meta name=\"twitter:card\" content=\"summary_large_image\" \/>\n<meta name=\"twitter:label1\" content=\"Ansl. lesetid\" \/>\n\t<meta name=\"twitter:data1\" content=\"1 minutt\" \/>\n<script type=\"application\/ld+json\" class=\"yoast-schema-graph\">{\"@context\":\"https:\/\/schema.org\",\"@graph\":[{\"@type\":\"WebPage\",\"@id\":\"https:\/\/hoyre.no\/strand\/milagros-de-pomar-landa\/\",\"url\":\"https:\/\/hoyre.no\/strand\/milagros-de-pomar-landa\/\",\"name\":\"Milagros de Pomar Landa - Strand H\u00f8yre\",\"isPartOf\":{\"@id\":\"https:\/\/hoyre.no\/strand\/#website\"},\"datePublished\":\"2023-08-13T21:06:21+00:00\",\"dateModified\":\"2023-08-13T21:06:22+00:00\",\"breadcrumb\":{\"@id\":\"https:\/\/hoyre.no\/strand\/milagros-de-pomar-landa\/#breadcrumb\"},\"inLanguage\":\"nb-NO\",\"potentialAction\":[{\"@type\":\"ReadAction\",\"target\":[\"https:\/\/hoyre.no\/strand\/milagros-de-pomar-landa\/\"]}]},{\"@type\":\"BreadcrumbList\",\"@id\":\"https:\/\/hoyre.no\/strand\/milagros-de-pomar-landa\/#breadcrumb\",\"itemListElement\":[{\"@type\":\"ListItem\",\"position\":1,\"name\":\"Til hoyre.no\",\"item\":\"https:\/\/hoyre.no\"},{\"@type\":\"ListItem\",\"position\":2,\"name\":\"Hjem\",\"item\":\"https:\/\/hoyre.no\/strand\/\"},{\"@type\":\"ListItem\",\"position\":3,\"name\":\"Milagros de Pomar Landa\"}]},{\"@type\":\"WebSite\",\"@id\":\"https:\/\/hoyre.no\/strand\/#website\",\"url\":\"https:\/\/hoyre.no\/strand\/\",\"name\":\"Strand H\u00f8yre\",\"description\":\"Bare enda et H\u00f8yres nettsteder-nettsted\",\"inLanguage\":\"nb-NO\"}]}<\/script>\n<!-- \/ Yoast SEO plugin. -->","yoast_head_json":{"title":"Milagros de Pomar Landa - Strand H\u00f8yre","robots":{"index":"index","follow":"follow","max-snippet":"max-snippet:-1","max-image-preview":"max-image-preview:large","max-video-preview":"max-video-preview:-1"},"canonical":"https:\/\/hoyre.no\/strand\/milagros-de-pomar-landa\/","og_locale":"nb_NO","og_type":"article","og_title":"Milagros de Pomar Landa - Strand H\u00f8yre","og_description":"De som kjenner meg, kjenner meg Mila, og jeg er en stolt mor, med tre flotte barn og gift med en norsk mann. Jeg har bodd i Strand siden jeg kom fra mitt f\u00f8deland, Peru. Jeg har ved siden av min rolle som mor jobbet i omsorg av v\u00e5re eldre her i Strand. Jeg er [&hellip;]","og_url":"https:\/\/hoyre.no\/strand\/milagros-de-pomar-landa\/","og_site_name":"Strand H\u00f8yre","article_modified_time":"2023-08-13T21:06:22+00:00","og_image":[{"width":1000,"height":1000,"url":"https:\/\/hoyre.no\/content\/uploads\/sites\/209\/2022\/11\/Hoyres-logo.png","type":"image\/png"}],"twitter_card":"summary_large_image","twitter_misc":{"Ansl. lesetid":"1 minutt"},"schema":{"@context":"https:\/\/schema.org","@graph":[{"@type":"WebPage","@id":"https:\/\/hoyre.no\/strand\/milagros-de-pomar-landa\/","url":"https:\/\/hoyre.no\/strand\/milagros-de-pomar-landa\/","name":"Milagros de Pomar Landa - Strand H\u00f8yre","isPartOf":{"@id":"https:\/\/hoyre.no\/strand\/#website"},"datePublished":"2023-08-13T21:06:21+00:00","dateModified":"2023-08-13T21:06:22+00:00","breadcrumb":{"@id":"https:\/\/hoyre.no\/strand\/milagros-de-pomar-landa\/#breadcrumb"},"inLanguage":"nb-NO","potentialAction":[{"@type":"ReadAction","target":["https:\/\/hoyre.no\/strand\/milagros-de-pomar-landa\/"]}]},{"@type":"BreadcrumbList","@id":"https:\/\/hoyre.no\/strand\/milagros-de-pomar-landa\/#breadcrumb","itemListElement":[{"@type":"ListItem","position":1,"name":"Til hoyre.no","item":"https:\/\/hoyre.no"},{"@type":"ListItem","position":2,"name":"Hjem","item":"https:\/\/hoyre.no\/strand\/"},{"@type":"ListItem","position":3,"name":"Milagros de Pomar Landa"}]},{"@type":"WebSite","@id":"https:\/\/hoyre.no\/strand\/#website","url":"https:\/\/hoyre.no\/strand\/","name":"Strand H\u00f8yre","description":"Bare enda et H\u00f8yres nettsteder-nettsted","inLanguage":"nb-NO"}]}},"distributor_meta":false,"distributor_terms":false,"distributor_media":false,"distributor_original_site_name":"Strand H\u00f8yre","distributor_original_site_url":"https:\/\/hoyre.no\/strand","push-errors":false,"_links":{"self":[{"href":"https:\/\/hoyre.no\/strand\/wp-json\/wp\/v2\/pages\/520","targetHints":{"allow":["GET"]}}],"collection":[{"href":"https:\/\/hoyre.no\/strand\/wp-json\/wp\/v2\/pages"}],"about":[{"href":"https:\/\/hoyre.no\/strand\/wp-json\/wp\/v2\/types\/page"}],"author":[{"embeddable":true,"href":"https:\/\/hoyre.no\/strand\/wp-json\/wp\/v2\/users\/8714"}],"replies":[{"embeddable":true,"href":"https:\/\/hoyre.no\/strand\/wp-json\/wp\/v2\/comments?post=520"}],"version-history":[{"count":1,"href":"https:\/\/hoyre.no\/strand\/wp-json\/wp\/v2\/pages\/520\/revisions"}],"predecessor-version":[{"id":521,"href":"https:\/\/hoyre.no\/strand\/wp-json\/wp\/v2\/pages\/520\/revisions\/521"}],"wp:attachment":[{"href":"https:\/\/hoyre.no\/strand\/wp-json\/wp\/v2\/media?parent=520"}],"curies":[{"name":"wp","href":"https:\/\/api.w.org\/{rel}","templated":true}]}}