{"id":524,"date":"2023-08-13T23:37:32","date_gmt":"2023-08-13T21:37:32","guid":{"rendered":"https:\/\/hoyre.no\/strand\/?page_id=524"},"modified":"2023-08-15T16:49:48","modified_gmt":"2023-08-15T14:49:48","slug":"olav-inge-barkved","status":"publish","type":"page","link":"https:\/\/hoyre.no\/strand\/olav-inge-barkved\/","title":{"rendered":"Olav Inge Barkved"},"content":{"rendered":"\n<div class=\"wp-block-hoyre-hero with-image-gradient text-color-light  has-media alignfull has-background\"><div class=\"hoyre-hero has-image\"><h1 class=\"title\">Olav Inge Barkved <\/h1><p class=\"preamble\">&laquo;Jeg er opptatt av b\u00e6rekraftig utvikling, at Strand skal v\u00e6re ett flott sted \u00e5 bo &#8211; ogs\u00e5 i fremtiden&raquo; <\/p>\t\t\t<div class=\"post-meta wp-block teft-byline-wrapper\">\n\t\t\t\t<div class=\"top\">\n\t\t\t\t\t<div class=\"signature\">\n\t\t\t\t\t\t<div class=\"teft-byline\">\n\t\t\t\t\t\t\t\t\t\t\t\t\t\t<div>\n\t\t\t\t\t\t\t\t<h3>H\u00f8yres redaksjon<\/h3>\t\t\t\t\t\t\t\t\n\t\t\t\t\t\t\t\t\t\t\t\t\t\t\t\t\t<span class=\"date\">Sist oppdatert: 15. august 2023<\/span>\n\t\t\t\t\t\t\t\t\t\t\t\t\t\t\t\t\t\t\t\t\t\t\t\t\t<span class=\"reading-time\" itemprop=\"timeRequired\" content=\"PT1M\"><em>Ca. 1 minutter lesetid<\/em><\/span>\n\t\t\t\t\t\t\t\t\t\t\t\t\t\t\t<\/div>\n\t\t\t\t\t\t<\/div>\n\t\t\t\t\t<\/div>\n\t\t\t\t\t\t<div class=\"sharing\">\n\t\t<a class=\"share-button share-link copy-link\" data-copy=\"https:\/\/hoyre.no\/strand\/olav-inge-barkved\/\" target=\"_blank\"><span class=\"screen-reader-text\">Del link<\/span><\/a>\n\t\t<a class=\"share-button share-twitter\" href=\"http:\/\/twitter.com\/share?text=Olav Inge Barkved&#038;url=https:\/\/hoyre.no\/strand\/olav-inge-barkved\/&#038;hashtags=Hoyre\" target=\"_blank\"><span class=\"screen-reader-text\">Del p\u00e5 twitter<\/span><\/a>\n\t\t<a class=\"share-button share-facebook\" href=\"https:\/\/www.facebook.com\/sharer\/sharer.php?u=https:\/\/hoyre.no\/strand\/olav-inge-barkved\/\" target=\"_blank\"><span class=\"screen-reader-text\">Del p\u00e5 facebook<\/span><\/a>\n\t<\/div>\n\t\t\t\t\t<\/div>\n\t\t\t<\/div>\n\n\t\t\t<figure class=\"hoyre-image-wrapper\"><div class=\"hoyre-image\"><img loading=\"lazy\" decoding=\"async\" width=\"500\" height=\"500\" src=\"https:\/\/hoyre.no\/content\/uploads\/sites\/209\/2023\/07\/Olav-Barkved.jpeg\" class=\"attachment-scaled size-scaled\" alt=\"Bilde av Olav Inge Barkved\" style=\"object-position: 59% 66%\" srcset=\"https:\/\/hoyre.no\/content\/uploads\/sites\/209\/2023\/07\/Olav-Barkved.jpeg 500w, https:\/\/hoyre.no\/content\/uploads\/sites\/209\/2023\/07\/Olav-Barkved-300x300.jpeg 300w, https:\/\/hoyre.no\/content\/uploads\/sites\/209\/2023\/07\/Olav-Barkved-150x150.jpeg 150w\" sizes=\"auto, (max-width: 500px) 100vw, 500px\" \/><\/div><\/figure><\/div><\/div>\n\n\n\n\n<div class=\"wp-block-buttons is-layout-flex wp-block-buttons-is-layout-flex\">\n\n<\/div>\n\n\n\n\n<p>&laquo;Jeg vil v\u00e6re med \u00e5  jobbe for at  Ryfast skal bidra til felles bo og arbeidsmarked med Nord-J\u00e6ren.&raquo;<\/p>\n\n\n\n<p>&laquo;Videre er det viktig at vi har et godt fritidstilbud i kommune, for alle, og spesielt for barn og unge. Vi m\u00e5 spille med lag med frivillighet og lokale organisasjoner for \u00e5 f\u00e5 dette til. &raquo; <\/p>\n\n\n\n<p>Olav er bosatt p\u00e5 J\u00f8rpeland. Arbeider som r\u00e5dgiver for Petoro AS i Stavanger. <\/p>\n\n\n\n<p>Han er utdannet geofysiker og arbeider med kartlegging av olje og gass felt. <\/p>\n\n\n\n<p>&laquo;Er kanskje vel mye interessert i fag og teknologi men trivest veldig godt med litt praktisk arbeid&raquo;. <\/p>\n\n\n\n<p>Har hatt flere verv i internasjonale faglige interesse organisasjoner. Er, og har v\u00e6rt  aktiv som foredrags- og kursholder, spesielt knyttet til overv\u00e5king av olje og gass reservoar ved bruk av seismikk. <\/p>\n\n\n\n<p>Olav er vararepresentant til Kommunestyret. <\/p>\n\n\n\n<div class=\"wp-block-buttons is-layout-flex wp-block-buttons-is-layout-flex\">\n<div class=\"wp-block-button\"><a class=\"wp-block-button__link\" href=\"https:\/\/hoyre.no\/strand\/mer-om-liste-kandidater\/\">Trykk her for \u00e5 Lese OM ANDRE KANDIDATER <\/a><\/div>\n\n\n\n<div class=\"wp-block-button\"><a class=\"wp-block-button__link\" href=\"https:\/\/hoyre.no\/strand\/\">G\u00e5 TIL FORSIDEN<\/a><\/div>\n<\/div>\n","protected":false},"excerpt":{"rendered":"<p>&laquo;Jeg vil v\u00e6re med \u00e5 jobbe for at Ryfast skal bidra til felles bo og arbeidsmarked med Nord-J\u00e6ren.&raquo; &laquo;Videre er det viktig at vi har et godt fritidstilbud i kommune, for alle, og spesielt for barn og unge. Vi m\u00e5 spille med lag med frivillighet og lokale organisasjoner for \u00e5 f\u00e5 dette til. &raquo; Olav [&hellip;]<\/p>\n","protected":false},"author":8714,"featured_media":0,"parent":0,"menu_order":0,"comment_status":"closed","ping_status":"closed","template":"","meta":{"teft_cards_image_url":"","teft_cards_custom_pretitle":"","teft_cards_image_id":0,"teft_cards_image_focal_point_x":0,"teft_cards_image_focal_point_y":0,"teft_cards_title":"","teft_cards_excerpt":"","teft_show_chapters":false,"footnotes":""},"class_list":["post-524","page","type-page","status-publish","hentry"],"yoast_head":"<!-- This site is optimized with the Yoast SEO plugin v26.6 - https:\/\/yoast.com\/wordpress\/plugins\/seo\/ -->\n<title>Olav Inge Barkved - Strand H\u00f8yre<\/title>\n<meta name=\"robots\" content=\"index, follow, max-snippet:-1, max-image-preview:large, max-video-preview:-1\" \/>\n<link rel=\"canonical\" href=\"https:\/\/hoyre.no\/strand\/olav-inge-barkved\/\" \/>\n<meta property=\"og:locale\" content=\"nb_NO\" \/>\n<meta property=\"og:type\" content=\"article\" \/>\n<meta property=\"og:title\" content=\"Olav Inge Barkved - Strand H\u00f8yre\" \/>\n<meta property=\"og:description\" content=\"&laquo;Jeg vil v\u00e6re med \u00e5 jobbe for at Ryfast skal bidra til felles bo og arbeidsmarked med Nord-J\u00e6ren.&raquo; &laquo;Videre er det viktig at vi har et godt fritidstilbud i kommune, for alle, og spesielt for barn og unge. Vi m\u00e5 spille med lag med frivillighet og lokale organisasjoner for \u00e5 f\u00e5 dette til. &raquo; Olav [&hellip;]\" \/>\n<meta property=\"og:url\" content=\"https:\/\/hoyre.no\/strand\/olav-inge-barkved\/\" \/>\n<meta property=\"og:site_name\" content=\"Strand H\u00f8yre\" \/>\n<meta property=\"article:modified_time\" content=\"2023-08-15T14:49:48+00:00\" \/>\n<meta property=\"og:image\" content=\"https:\/\/hoyre.no\/content\/uploads\/sites\/209\/2022\/11\/Hoyres-logo.png\" \/>\n\t<meta property=\"og:image:width\" content=\"1000\" \/>\n\t<meta property=\"og:image:height\" content=\"1000\" \/>\n\t<meta property=\"og:image:type\" content=\"image\/png\" \/>\n<meta name=\"twitter:card\" content=\"summary_large_image\" \/>\n<meta name=\"twitter:label1\" content=\"Ansl. lesetid\" \/>\n\t<meta name=\"twitter:data1\" content=\"1 minutt\" \/>\n<script type=\"application\/ld+json\" class=\"yoast-schema-graph\">{\"@context\":\"https:\/\/schema.org\",\"@graph\":[{\"@type\":\"WebPage\",\"@id\":\"https:\/\/hoyre.no\/strand\/olav-inge-barkved\/\",\"url\":\"https:\/\/hoyre.no\/strand\/olav-inge-barkved\/\",\"name\":\"Olav Inge Barkved - Strand H\u00f8yre\",\"isPartOf\":{\"@id\":\"https:\/\/hoyre.no\/strand\/#website\"},\"datePublished\":\"2023-08-13T21:37:32+00:00\",\"dateModified\":\"2023-08-15T14:49:48+00:00\",\"breadcrumb\":{\"@id\":\"https:\/\/hoyre.no\/strand\/olav-inge-barkved\/#breadcrumb\"},\"inLanguage\":\"nb-NO\",\"potentialAction\":[{\"@type\":\"ReadAction\",\"target\":[\"https:\/\/hoyre.no\/strand\/olav-inge-barkved\/\"]}]},{\"@type\":\"BreadcrumbList\",\"@id\":\"https:\/\/hoyre.no\/strand\/olav-inge-barkved\/#breadcrumb\",\"itemListElement\":[{\"@type\":\"ListItem\",\"position\":1,\"name\":\"Til hoyre.no\",\"item\":\"https:\/\/hoyre.no\"},{\"@type\":\"ListItem\",\"position\":2,\"name\":\"Hjem\",\"item\":\"https:\/\/hoyre.no\/strand\/\"},{\"@type\":\"ListItem\",\"position\":3,\"name\":\"Olav Inge Barkved\"}]},{\"@type\":\"WebSite\",\"@id\":\"https:\/\/hoyre.no\/strand\/#website\",\"url\":\"https:\/\/hoyre.no\/strand\/\",\"name\":\"Strand H\u00f8yre\",\"description\":\"Bare enda et H\u00f8yres nettsteder-nettsted\",\"inLanguage\":\"nb-NO\"}]}<\/script>\n<!-- \/ Yoast SEO plugin. -->","yoast_head_json":{"title":"Olav Inge Barkved - Strand H\u00f8yre","robots":{"index":"index","follow":"follow","max-snippet":"max-snippet:-1","max-image-preview":"max-image-preview:large","max-video-preview":"max-video-preview:-1"},"canonical":"https:\/\/hoyre.no\/strand\/olav-inge-barkved\/","og_locale":"nb_NO","og_type":"article","og_title":"Olav Inge Barkved - Strand H\u00f8yre","og_description":"&laquo;Jeg vil v\u00e6re med \u00e5 jobbe for at Ryfast skal bidra til felles bo og arbeidsmarked med Nord-J\u00e6ren.&raquo; &laquo;Videre er det viktig at vi har et godt fritidstilbud i kommune, for alle, og spesielt for barn og unge. Vi m\u00e5 spille med lag med frivillighet og lokale organisasjoner for \u00e5 f\u00e5 dette til. &raquo; Olav [&hellip;]","og_url":"https:\/\/hoyre.no\/strand\/olav-inge-barkved\/","og_site_name":"Strand H\u00f8yre","article_modified_time":"2023-08-15T14:49:48+00:00","og_image":[{"width":1000,"height":1000,"url":"https:\/\/hoyre.no\/content\/uploads\/sites\/209\/2022\/11\/Hoyres-logo.png","type":"image\/png"}],"twitter_card":"summary_large_image","twitter_misc":{"Ansl. lesetid":"1 minutt"},"schema":{"@context":"https:\/\/schema.org","@graph":[{"@type":"WebPage","@id":"https:\/\/hoyre.no\/strand\/olav-inge-barkved\/","url":"https:\/\/hoyre.no\/strand\/olav-inge-barkved\/","name":"Olav Inge Barkved - Strand H\u00f8yre","isPartOf":{"@id":"https:\/\/hoyre.no\/strand\/#website"},"datePublished":"2023-08-13T21:37:32+00:00","dateModified":"2023-08-15T14:49:48+00:00","breadcrumb":{"@id":"https:\/\/hoyre.no\/strand\/olav-inge-barkved\/#breadcrumb"},"inLanguage":"nb-NO","potentialAction":[{"@type":"ReadAction","target":["https:\/\/hoyre.no\/strand\/olav-inge-barkved\/"]}]},{"@type":"BreadcrumbList","@id":"https:\/\/hoyre.no\/strand\/olav-inge-barkved\/#breadcrumb","itemListElement":[{"@type":"ListItem","position":1,"name":"Til hoyre.no","item":"https:\/\/hoyre.no"},{"@type":"ListItem","position":2,"name":"Hjem","item":"https:\/\/hoyre.no\/strand\/"},{"@type":"ListItem","position":3,"name":"Olav Inge Barkved"}]},{"@type":"WebSite","@id":"https:\/\/hoyre.no\/strand\/#website","url":"https:\/\/hoyre.no\/strand\/","name":"Strand H\u00f8yre","description":"Bare enda et H\u00f8yres nettsteder-nettsted","inLanguage":"nb-NO"}]}},"distributor_meta":false,"distributor_terms":false,"distributor_media":false,"distributor_original_site_name":"Strand H\u00f8yre","distributor_original_site_url":"https:\/\/hoyre.no\/strand","push-errors":false,"_links":{"self":[{"href":"https:\/\/hoyre.no\/strand\/wp-json\/wp\/v2\/pages\/524","targetHints":{"allow":["GET"]}}],"collection":[{"href":"https:\/\/hoyre.no\/strand\/wp-json\/wp\/v2\/pages"}],"about":[{"href":"https:\/\/hoyre.no\/strand\/wp-json\/wp\/v2\/types\/page"}],"author":[{"embeddable":true,"href":"https:\/\/hoyre.no\/strand\/wp-json\/wp\/v2\/users\/8714"}],"replies":[{"embeddable":true,"href":"https:\/\/hoyre.no\/strand\/wp-json\/wp\/v2\/comments?post=524"}],"version-history":[{"count":8,"href":"https:\/\/hoyre.no\/strand\/wp-json\/wp\/v2\/pages\/524\/revisions"}],"predecessor-version":[{"id":572,"href":"https:\/\/hoyre.no\/strand\/wp-json\/wp\/v2\/pages\/524\/revisions\/572"}],"wp:attachment":[{"href":"https:\/\/hoyre.no\/strand\/wp-json\/wp\/v2\/media?parent=524"}],"curies":[{"name":"wp","href":"https:\/\/api.w.org\/{rel}","templated":true}]}}