{"id":598,"date":"2023-08-15T22:47:38","date_gmt":"2023-08-15T20:47:38","guid":{"rendered":"https:\/\/hoyre.no\/strand\/?page_id=598"},"modified":"2023-08-15T23:26:07","modified_gmt":"2023-08-15T21:26:07","slug":"magnhild-naess","status":"publish","type":"page","link":"https:\/\/hoyre.no\/strand\/magnhild-naess\/","title":{"rendered":"Magnhild N\u00e6ss"},"content":{"rendered":"\n<div class=\"wp-block-hoyre-hero with-image-gradient text-color-light  has-media alignfull has-background\"><div class=\"hoyre-hero has-image\"><h1 class=\"title\">Magnhild N\u00e6ss<\/h1><p class=\"preamble\">&laquo;Jeg brenner for <br>at barn og unge skal f\u00f8le seg inkludert og sett i kommunen v\u00e5r !&raquo;<\/p>\t\t\t<div class=\"post-meta wp-block teft-byline-wrapper\">\n\t\t\t\t<div class=\"top\">\n\t\t\t\t\t<div class=\"signature\">\n\t\t\t\t\t\t<div class=\"teft-byline\">\n\t\t\t\t\t\t\t\t\t\t\t\t\t\t<div>\n\t\t\t\t\t\t\t\t<h3>H\u00f8yres redaksjon<\/h3>\t\t\t\t\t\t\t\t\n\t\t\t\t\t\t\t\t\t\t\t\t\t\t\t\t\t<span class=\"date\">Sist oppdatert: 15. august 2023<\/span>\n\t\t\t\t\t\t\t\t\t\t\t\t\t\t\t\t\t\t\t\t\t\t\t\t\t<span class=\"reading-time\" itemprop=\"timeRequired\" content=\"PT1M\"><em>Ca. 1 minutter lesetid<\/em><\/span>\n\t\t\t\t\t\t\t\t\t\t\t\t\t\t\t<\/div>\n\t\t\t\t\t\t<\/div>\n\t\t\t\t\t<\/div>\n\t\t\t\t\t\t<div class=\"sharing\">\n\t\t<a class=\"share-button share-link copy-link\" data-copy=\"https:\/\/hoyre.no\/strand\/magnhild-naess\/\" target=\"_blank\"><span class=\"screen-reader-text\">Del link<\/span><\/a>\n\t\t<a class=\"share-button share-twitter\" href=\"http:\/\/twitter.com\/share?text=Magnhild N\u00e6ss&#038;url=https:\/\/hoyre.no\/strand\/magnhild-naess\/&#038;hashtags=Hoyre\" target=\"_blank\"><span class=\"screen-reader-text\">Del p\u00e5 twitter<\/span><\/a>\n\t\t<a class=\"share-button share-facebook\" href=\"https:\/\/www.facebook.com\/sharer\/sharer.php?u=https:\/\/hoyre.no\/strand\/magnhild-naess\/\" target=\"_blank\"><span class=\"screen-reader-text\">Del p\u00e5 facebook<\/span><\/a>\n\t<\/div>\n\t\t\t\t\t<\/div>\n\t\t\t<\/div>\n\n\t\t\t<figure class=\"hoyre-image-wrapper\"><div class=\"hoyre-image\"><img loading=\"lazy\" decoding=\"async\" width=\"295\" height=\"640\" src=\"https:\/\/hoyre.no\/content\/uploads\/sites\/209\/2023\/05\/Magnhild.png\" class=\"attachment-scaled size-scaled\" alt=\"Bilde av Magnhild N\u00e6ss\" style=\"object-position: 54% 45%\" srcset=\"https:\/\/hoyre.no\/content\/uploads\/sites\/209\/2023\/05\/Magnhild.png 295w, https:\/\/hoyre.no\/content\/uploads\/sites\/209\/2023\/05\/Magnhild-138x300.png 138w\" sizes=\"auto, (max-width: 295px) 100vw, 295px\" \/><\/div><\/figure><\/div><\/div>\n\n\n\n\n<div class=\"wp-block-buttons is-layout-flex wp-block-buttons-is-layout-flex\"><\/div>\n\n\n\n\n<p>&laquo;Jeg er opptatt av at alle  barn og unge  skal f\u00e5 en god oppvekst !&raquo; <\/p>\n\n\n\n<p>&laquo;\u00c5 m\u00f8te de eldre i kommunen med engasjert omsorg er viktig for meg.&raquo;<\/p>\n\n\n\n<p><\/p>\n\n\n\n<p>&laquo;Tiltak for \u00e5 sikre at eldre skal f\u00e5 komme seg ut i aktivitet minst en time til dagen og \u00e5 redusere ensomhetsf\u00f8lelsen, er viktig for meg. Vi kan gj\u00f8re noe sammen med de mange frivillige som stiller opp og bidrar. Jeg vil arbeide for \u00e5 legge til rette for det.\u00bb<\/p>\n\n\n\n<p><\/p>\n\n\n\n<p>Strand H\u00f8yre har blandt annet i sitt program \u00e5 bidra med en &laquo;eldremillion&raquo; til varierte aktiviteter i samarbeid med frivillige for \u00e5 fremme trivsel for de eldre. <\/p>\n\n\n\n<p>Magnhild er 25 \u00e5r og bosatt p\u00e5 J\u00f8rpeland. Hun er utdanna barnehagel\u00e6rer og arbeider som pedagogisk leder i barnehage.<\/p>\n\n\n\n<p><\/p>\n\n\n\n<div class=\"wp-block-buttons is-layout-flex wp-block-buttons-is-layout-flex\">\n<div class=\"wp-block-button\"><a class=\"wp-block-button__link\" href=\"https:\/\/hoyre.no\/strand\/mer-om-liste-kandidater\/\">TRYKK HER FOR \u00c5 LESE MER OM ANDRE KANDIDAter<\/a><\/div>\n\n\n\n<div class=\"wp-block-button\"><a class=\"wp-block-button__link\" href=\"https:\/\/hoyre.no\/strand\/\">G\u00e5 til FORSIDEN<\/a><\/div>\n<\/div>\n","protected":false},"excerpt":{"rendered":"<p>&laquo;Jeg er opptatt av at alle barn og unge skal f\u00e5 en god oppvekst !&raquo; &laquo;\u00c5 m\u00f8te de eldre i kommunen med engasjert omsorg er viktig for meg.&raquo; &laquo;Tiltak for \u00e5 sikre at eldre skal f\u00e5 komme seg ut i aktivitet minst en time til dagen og \u00e5 redusere ensomhetsf\u00f8lelsen, er viktig for meg. Vi [&hellip;]<\/p>\n","protected":false},"author":8714,"featured_media":0,"parent":0,"menu_order":0,"comment_status":"closed","ping_status":"closed","template":"","meta":{"teft_cards_image_url":"","teft_cards_custom_pretitle":"","teft_cards_image_id":0,"teft_cards_image_focal_point_x":0,"teft_cards_image_focal_point_y":0,"teft_cards_title":"","teft_cards_excerpt":"","teft_show_chapters":false,"footnotes":""},"class_list":["post-598","page","type-page","status-publish","hentry"],"yoast_head":"<!-- This site is optimized with the Yoast SEO plugin v26.6 - https:\/\/yoast.com\/wordpress\/plugins\/seo\/ -->\n<title>Magnhild N\u00e6ss - Strand H\u00f8yre<\/title>\n<meta name=\"robots\" content=\"index, follow, max-snippet:-1, max-image-preview:large, max-video-preview:-1\" \/>\n<link rel=\"canonical\" href=\"https:\/\/hoyre.no\/strand\/magnhild-naess\/\" \/>\n<meta property=\"og:locale\" content=\"nb_NO\" \/>\n<meta property=\"og:type\" content=\"article\" \/>\n<meta property=\"og:title\" content=\"Magnhild N\u00e6ss - Strand H\u00f8yre\" \/>\n<meta property=\"og:description\" content=\"&laquo;Jeg er opptatt av at alle barn og unge skal f\u00e5 en god oppvekst !&raquo; &laquo;\u00c5 m\u00f8te de eldre i kommunen med engasjert omsorg er viktig for meg.&raquo; &laquo;Tiltak for \u00e5 sikre at eldre skal f\u00e5 komme seg ut i aktivitet minst en time til dagen og \u00e5 redusere ensomhetsf\u00f8lelsen, er viktig for meg. Vi [&hellip;]\" \/>\n<meta property=\"og:url\" content=\"https:\/\/hoyre.no\/strand\/magnhild-naess\/\" \/>\n<meta property=\"og:site_name\" content=\"Strand H\u00f8yre\" \/>\n<meta property=\"article:modified_time\" content=\"2023-08-15T21:26:07+00:00\" \/>\n<meta property=\"og:image\" content=\"https:\/\/hoyre.no\/content\/uploads\/sites\/209\/2022\/11\/Hoyres-logo.png\" \/>\n\t<meta property=\"og:image:width\" content=\"1000\" \/>\n\t<meta property=\"og:image:height\" content=\"1000\" \/>\n\t<meta property=\"og:image:type\" content=\"image\/png\" \/>\n<meta name=\"twitter:card\" content=\"summary_large_image\" \/>\n<meta name=\"twitter:label1\" content=\"Ansl. lesetid\" \/>\n\t<meta name=\"twitter:data1\" content=\"1 minutt\" \/>\n<script type=\"application\/ld+json\" class=\"yoast-schema-graph\">{\"@context\":\"https:\/\/schema.org\",\"@graph\":[{\"@type\":\"WebPage\",\"@id\":\"https:\/\/hoyre.no\/strand\/magnhild-naess\/\",\"url\":\"https:\/\/hoyre.no\/strand\/magnhild-naess\/\",\"name\":\"Magnhild N\u00e6ss - Strand H\u00f8yre\",\"isPartOf\":{\"@id\":\"https:\/\/hoyre.no\/strand\/#website\"},\"datePublished\":\"2023-08-15T20:47:38+00:00\",\"dateModified\":\"2023-08-15T21:26:07+00:00\",\"breadcrumb\":{\"@id\":\"https:\/\/hoyre.no\/strand\/magnhild-naess\/#breadcrumb\"},\"inLanguage\":\"nb-NO\",\"potentialAction\":[{\"@type\":\"ReadAction\",\"target\":[\"https:\/\/hoyre.no\/strand\/magnhild-naess\/\"]}]},{\"@type\":\"BreadcrumbList\",\"@id\":\"https:\/\/hoyre.no\/strand\/magnhild-naess\/#breadcrumb\",\"itemListElement\":[{\"@type\":\"ListItem\",\"position\":1,\"name\":\"Til hoyre.no\",\"item\":\"https:\/\/hoyre.no\"},{\"@type\":\"ListItem\",\"position\":2,\"name\":\"Hjem\",\"item\":\"https:\/\/hoyre.no\/strand\/\"},{\"@type\":\"ListItem\",\"position\":3,\"name\":\"Magnhild N\u00e6ss\"}]},{\"@type\":\"WebSite\",\"@id\":\"https:\/\/hoyre.no\/strand\/#website\",\"url\":\"https:\/\/hoyre.no\/strand\/\",\"name\":\"Strand H\u00f8yre\",\"description\":\"Bare enda et H\u00f8yres nettsteder-nettsted\",\"inLanguage\":\"nb-NO\"}]}<\/script>\n<!-- \/ Yoast SEO plugin. -->","yoast_head_json":{"title":"Magnhild N\u00e6ss - Strand H\u00f8yre","robots":{"index":"index","follow":"follow","max-snippet":"max-snippet:-1","max-image-preview":"max-image-preview:large","max-video-preview":"max-video-preview:-1"},"canonical":"https:\/\/hoyre.no\/strand\/magnhild-naess\/","og_locale":"nb_NO","og_type":"article","og_title":"Magnhild N\u00e6ss - Strand H\u00f8yre","og_description":"&laquo;Jeg er opptatt av at alle barn og unge skal f\u00e5 en god oppvekst !&raquo; &laquo;\u00c5 m\u00f8te de eldre i kommunen med engasjert omsorg er viktig for meg.&raquo; &laquo;Tiltak for \u00e5 sikre at eldre skal f\u00e5 komme seg ut i aktivitet minst en time til dagen og \u00e5 redusere ensomhetsf\u00f8lelsen, er viktig for meg. Vi [&hellip;]","og_url":"https:\/\/hoyre.no\/strand\/magnhild-naess\/","og_site_name":"Strand H\u00f8yre","article_modified_time":"2023-08-15T21:26:07+00:00","og_image":[{"width":1000,"height":1000,"url":"https:\/\/hoyre.no\/content\/uploads\/sites\/209\/2022\/11\/Hoyres-logo.png","type":"image\/png"}],"twitter_card":"summary_large_image","twitter_misc":{"Ansl. lesetid":"1 minutt"},"schema":{"@context":"https:\/\/schema.org","@graph":[{"@type":"WebPage","@id":"https:\/\/hoyre.no\/strand\/magnhild-naess\/","url":"https:\/\/hoyre.no\/strand\/magnhild-naess\/","name":"Magnhild N\u00e6ss - Strand H\u00f8yre","isPartOf":{"@id":"https:\/\/hoyre.no\/strand\/#website"},"datePublished":"2023-08-15T20:47:38+00:00","dateModified":"2023-08-15T21:26:07+00:00","breadcrumb":{"@id":"https:\/\/hoyre.no\/strand\/magnhild-naess\/#breadcrumb"},"inLanguage":"nb-NO","potentialAction":[{"@type":"ReadAction","target":["https:\/\/hoyre.no\/strand\/magnhild-naess\/"]}]},{"@type":"BreadcrumbList","@id":"https:\/\/hoyre.no\/strand\/magnhild-naess\/#breadcrumb","itemListElement":[{"@type":"ListItem","position":1,"name":"Til hoyre.no","item":"https:\/\/hoyre.no"},{"@type":"ListItem","position":2,"name":"Hjem","item":"https:\/\/hoyre.no\/strand\/"},{"@type":"ListItem","position":3,"name":"Magnhild N\u00e6ss"}]},{"@type":"WebSite","@id":"https:\/\/hoyre.no\/strand\/#website","url":"https:\/\/hoyre.no\/strand\/","name":"Strand H\u00f8yre","description":"Bare enda et H\u00f8yres nettsteder-nettsted","inLanguage":"nb-NO"}]}},"distributor_meta":false,"distributor_terms":false,"distributor_media":false,"distributor_original_site_name":"Strand H\u00f8yre","distributor_original_site_url":"https:\/\/hoyre.no\/strand","push-errors":false,"_links":{"self":[{"href":"https:\/\/hoyre.no\/strand\/wp-json\/wp\/v2\/pages\/598","targetHints":{"allow":["GET"]}}],"collection":[{"href":"https:\/\/hoyre.no\/strand\/wp-json\/wp\/v2\/pages"}],"about":[{"href":"https:\/\/hoyre.no\/strand\/wp-json\/wp\/v2\/types\/page"}],"author":[{"embeddable":true,"href":"https:\/\/hoyre.no\/strand\/wp-json\/wp\/v2\/users\/8714"}],"replies":[{"embeddable":true,"href":"https:\/\/hoyre.no\/strand\/wp-json\/wp\/v2\/comments?post=598"}],"version-history":[{"count":3,"href":"https:\/\/hoyre.no\/strand\/wp-json\/wp\/v2\/pages\/598\/revisions"}],"predecessor-version":[{"id":612,"href":"https:\/\/hoyre.no\/strand\/wp-json\/wp\/v2\/pages\/598\/revisions\/612"}],"wp:attachment":[{"href":"https:\/\/hoyre.no\/strand\/wp-json\/wp\/v2\/media?parent=598"}],"curies":[{"name":"wp","href":"https:\/\/api.w.org\/{rel}","templated":true}]}}