{"id":93,"date":"2023-05-17T01:01:32","date_gmt":"2023-05-16T23:01:32","guid":{"rendered":"https:\/\/hoyre.no\/strand\/?page_id=93"},"modified":"2025-02-04T11:51:40","modified_gmt":"2025-02-04T10:51:40","slug":"4-gode-grunner-til-a-stemme-pa-hoyre-i-strand","status":"publish","type":"page","link":"https:\/\/hoyre.no\/strand\/4-gode-grunner-til-a-stemme-pa-hoyre-i-strand\/","title":{"rendered":"4 gode grunner til \u00e5 stemme p\u00e5 H\u00f8yre i Strand"},"content":{"rendered":"\n<div class=\"wp-block-hoyre-hero with-image-gradient text-color-light  has-media alignfull has-background\"><div class=\"hoyre-hero has-image\"><h1 class=\"title\">Tre gode grunner til \u00e5 stemme p\u00e5 H\u00f8yre i Strand<\/h1><figure class=\"hoyre-image-wrapper\"><div class=\"hoyre-image\"><img loading=\"lazy\" decoding=\"async\" width=\"640\" height=\"480\" src=\"https:\/\/hoyre.no\/content\/uploads\/sites\/209\/2023\/05\/jorpelands-holmen-thumbnail_IMG_2186.jpeg\" class=\"attachment-scaled size-scaled\" alt=\"Bro dekorasjon\" style=\"object-position: 77% 47%\" srcset=\"https:\/\/hoyre.no\/content\/uploads\/sites\/209\/2023\/05\/jorpelands-holmen-thumbnail_IMG_2186.jpeg 640w, https:\/\/hoyre.no\/content\/uploads\/sites\/209\/2023\/05\/jorpelands-holmen-thumbnail_IMG_2186-300x225.jpeg 300w\" sizes=\"auto, (max-width: 640px) 100vw, 640px\" \/><\/div><\/figure><\/div><\/div>\n\n\n\n\n<div class=\"wp-block-media-text alignwide is-stacked-on-mobile is-image-fill\" style=\"grid-template-columns:26% auto\"><figure class=\"wp-block-media-text__media\" style=\"background-image:url('https:\/\/hoyre.no\/content\/uploads\/sites\/209\/2023\/05\/image-5-225x300.png');background-position:50% 50%\"><img loading=\"lazy\" decoding=\"async\" width=\"225\" height=\"300\" src=\"https:\/\/hoyre.no\/content\/uploads\/sites\/209\/2023\/05\/image-5-225x300.png\" alt=\"\" class=\"wp-image-79 size-medium\" srcset=\"https:\/\/hoyre.no\/content\/uploads\/sites\/209\/2023\/05\/image-5-225x300.png 225w, https:\/\/hoyre.no\/content\/uploads\/sites\/209\/2023\/05\/image-5-768x1024.png 768w, https:\/\/hoyre.no\/content\/uploads\/sites\/209\/2023\/05\/image-5-1152x1536.png 1152w, https:\/\/hoyre.no\/content\/uploads\/sites\/209\/2023\/05\/image-5.png 1536w\" sizes=\"auto, (max-width: 225px) 100vw, 225px\" \/><\/figure><div class=\"wp-block-media-text__content\">\n<h2 class=\"wp-block-heading\">1. <strong>Sammen bygger vi et godt sted \u00e5 bo<\/strong><\/h2>\n\n\n\n<p>Vi vil s\u00f8rge for en b\u00e6rekraftig utvikling i v\u00e5r region ved \u00e5 jobbe for lavere priser i Ryfast og et bedre kollektivtilbud.<\/p>\n\n\n\n<p>&nbsp;Vi vil holde kommunale&nbsp;<strong>skatter og avgifter p\u00e5 et lavest mulig niv\u00e5&nbsp;<\/strong>og legge til rette for aldersvennlige boformer i sentrum av Tau og J\u00f8rpeland.&nbsp;<\/p>\n\n\n\n<p>Vil vi styrke Strand sin posisjon som en frilufts kommune og \u00e5 legge til rette for rimelige urbane botilbud for unge i sentrum.&nbsp;<\/p>\n<\/div><\/div>\n\n\n\n<div class=\"wp-block-media-text has-media-on-the-right is-stacked-on-mobile is-image-fill alignwide\"><div class=\"wp-block-media-text__content\">\n<h2 class=\"wp-block-heading\">2. <strong>Vi vil m\u00f8te\u00a0de eldre med engasjert omsorg<\/strong><\/h2>\n\n\n\n<p>Vi \u00f8nsker \u00e5 skape et aldersvennlig samfunn med god omsorg for eldre.&nbsp;<\/p>\n\n\n\n<p>Dette vil vi oppn\u00e5 gjennom \u00e5 tilrettelegge for nye boformer med sosiale m\u00f8teplasser, planlegge for flere trygge&nbsp;omsorgsplasser.&nbsp;Vi \u00f8nsker \u00e5&nbsp;&nbsp;\u00f8ke antall heltidsstillinger for \u00e5 skape stabilitet og bedre kvalitet i tjenestene.&nbsp;<\/p>\n\n\n\n<p>Vi vil ogs\u00e5 gi en&nbsp;<strong>eldremillion<\/strong>&nbsp;til varierte aktiviteter i samarbeid med frivillige for \u00e5 fremme trivsel og fellesskap blant eldre.<\/p>\n<\/div><figure class=\"wp-block-media-text__media\" style=\"background-image:url('https:\/\/hoyre.no\/content\/uploads\/sites\/209\/2023\/05\/GettyImages-1076508954-1024x681.jpg');background-position:50% 50%\"><img loading=\"lazy\" decoding=\"async\" width=\"1024\" height=\"681\" src=\"https:\/\/hoyre.no\/content\/uploads\/sites\/209\/2023\/05\/GettyImages-1076508954-1024x681.jpg\" alt=\"\" class=\"wp-image-101 size-full\" srcset=\"https:\/\/hoyre.no\/content\/uploads\/sites\/209\/2023\/05\/GettyImages-1076508954-1024x681.jpg 1024w, https:\/\/hoyre.no\/content\/uploads\/sites\/209\/2023\/05\/GettyImages-1076508954-300x200.jpg 300w, https:\/\/hoyre.no\/content\/uploads\/sites\/209\/2023\/05\/GettyImages-1076508954-768x511.jpg 768w, https:\/\/hoyre.no\/content\/uploads\/sites\/209\/2023\/05\/GettyImages-1076508954-1536x1022.jpg 1536w, https:\/\/hoyre.no\/content\/uploads\/sites\/209\/2023\/05\/GettyImages-1076508954-2048x1363.jpg 2048w\" sizes=\"auto, (max-width: 1024px) 100vw, 1024px\" \/><\/figure><\/div>\n\n\n\n<div class=\"wp-block-media-text alignwide is-stacked-on-mobile\"><figure class=\"wp-block-media-text__media\"><img loading=\"lazy\" decoding=\"async\" width=\"1024\" height=\"768\" src=\"https:\/\/hoyre.no\/content\/uploads\/sites\/209\/2023\/05\/image-1024x768.png\" alt=\"\" class=\"wp-image-80 size-full\" srcset=\"https:\/\/hoyre.no\/content\/uploads\/sites\/209\/2023\/05\/image-1024x768.png 1024w, https:\/\/hoyre.no\/content\/uploads\/sites\/209\/2023\/05\/image-300x225.png 300w, https:\/\/hoyre.no\/content\/uploads\/sites\/209\/2023\/05\/image-768x576.png 768w, https:\/\/hoyre.no\/content\/uploads\/sites\/209\/2023\/05\/image-1536x1152.png 1536w, https:\/\/hoyre.no\/content\/uploads\/sites\/209\/2023\/05\/image.png 1984w\" sizes=\"auto, (max-width: 1024px) 100vw, 1024px\" \/><\/figure><div class=\"wp-block-media-text__content\">\n<h2 class=\"wp-block-heading\">3. <strong>Vi vil v\u00e6re p\u00e5\u00a0lag med barn<\/strong> <strong>og unge<\/strong><\/h2>\n\n\n\n<p>Vi vil investere i v\u00e5r fremtid ved \u00e5 satse p\u00e5 v\u00e5re barn og unge.<\/p>\n\n\n\n<p>Vi vil\u00a0\u00a0sikre full barnehagedekning, kontinuerlig opptak i barnehager og\u00a0tilby foreldre-veiledning og kurs.<\/p>\n\n\n\n<p>Vi \u00f8nsker ogs\u00e5 \u00e5 \u00f8ke andelen praktiske fag i skolen, styrke r\u00e5dgivning og gi tidlig\u00a0karrierel\u00e6ring.\u00a0<\/p>\n\n\n\n<p>Vi vil garantere for&nbsp;<strong>ungdoms-millionen<\/strong>&nbsp;til fritidsaktiviteter og fremme trivsel, livsmestring&nbsp;&nbsp;og personlig utvikling hos v\u00e5re unge innbyggere.<\/p>\n\n\n\n<p><\/p>\n<\/div><\/div>\n\n\n\n\n<div class=\"wp-block-buttons is-layout-flex wp-block-buttons-is-layout-flex\">\n<div class=\"wp-block-button\"><a class=\"wp-block-button__link wp-element-button\" href=\"https:\/\/hoyre.no\/strand\/\">TIlbake til Startsiden<\/a><\/div>\n<\/div>\n","protected":false},"excerpt":{"rendered":"","protected":false},"author":31684,"featured_media":0,"parent":0,"menu_order":0,"comment_status":"closed","ping_status":"closed","template":"","meta":{"teft_cards_image_url":"","teft_cards_custom_pretitle":"","teft_cards_image_id":81,"teft_cards_image_focal_point_x":0.5,"teft_cards_image_focal_point_y":0.5,"teft_cards_title":"","teft_cards_excerpt":"","teft_show_chapters":false,"footnotes":""},"class_list":["post-93","page","type-page","status-publish","hentry"],"yoast_head":"<!-- This site is optimized with the Yoast SEO plugin v26.6 - https:\/\/yoast.com\/wordpress\/plugins\/seo\/ -->\n<title>4 gode grunner til \u00e5 stemme p\u00e5 H\u00f8yre i Strand - Strand H\u00f8yre<\/title>\n<meta name=\"description\" content=\"Vi gir deg tre gode grunner til hvorfor du b\u00f8r stemme H\u00f8yre i Strand.\" \/>\n<meta name=\"robots\" content=\"index, follow, max-snippet:-1, max-image-preview:large, max-video-preview:-1\" \/>\n<link rel=\"canonical\" href=\"https:\/\/hoyre.no\/strand\/4-gode-grunner-til-a-stemme-pa-hoyre-i-strand\/\" \/>\n<meta property=\"og:locale\" content=\"nb_NO\" \/>\n<meta property=\"og:type\" content=\"article\" \/>\n<meta property=\"og:title\" content=\"4 gode grunner til \u00e5 stemme p\u00e5 H\u00f8yre i Strand - Strand H\u00f8yre\" \/>\n<meta property=\"og:description\" content=\"Vi gir deg tre gode grunner til hvorfor du b\u00f8r stemme H\u00f8yre i Strand.\" \/>\n<meta property=\"og:url\" content=\"https:\/\/hoyre.no\/strand\/4-gode-grunner-til-a-stemme-pa-hoyre-i-strand\/\" \/>\n<meta property=\"og:site_name\" content=\"Strand H\u00f8yre\" \/>\n<meta property=\"article:modified_time\" content=\"2025-02-04T10:51:40+00:00\" \/>\n<meta property=\"og:image\" content=\"https:\/\/hoyre.no\/content\/uploads\/sites\/209\/2023\/05\/jorpelands-holmen-thumbnail_IMG_2186.jpeg\" \/>\n<meta name=\"twitter:card\" content=\"summary_large_image\" \/>\n<meta name=\"twitter:label1\" content=\"Ansl. lesetid\" \/>\n\t<meta name=\"twitter:data1\" content=\"2 minutter\" \/>\n<script type=\"application\/ld+json\" class=\"yoast-schema-graph\">{\"@context\":\"https:\/\/schema.org\",\"@graph\":[{\"@type\":\"WebPage\",\"@id\":\"https:\/\/hoyre.no\/strand\/4-gode-grunner-til-a-stemme-pa-hoyre-i-strand\/\",\"url\":\"https:\/\/hoyre.no\/strand\/4-gode-grunner-til-a-stemme-pa-hoyre-i-strand\/\",\"name\":\"4 gode grunner til \u00e5 stemme p\u00e5 H\u00f8yre i Strand - Strand H\u00f8yre\",\"isPartOf\":{\"@id\":\"https:\/\/hoyre.no\/strand\/#website\"},\"image\":{\"@id\":\"https:\/\/hoyre.no\/strand\/4-gode-grunner-til-a-stemme-pa-hoyre-i-strand\/#primaryimage\"},\"thumbnailUrl\":\"https:\/\/hoyre.no\/content\/uploads\/sites\/209\/2023\/05\/image-5-225x300.png\",\"datePublished\":\"2023-05-16T23:01:32+00:00\",\"dateModified\":\"2025-02-04T10:51:40+00:00\",\"description\":\"Vi gir deg tre gode grunner til hvorfor du b\u00f8r stemme H\u00f8yre i Strand.\",\"breadcrumb\":{\"@id\":\"https:\/\/hoyre.no\/strand\/4-gode-grunner-til-a-stemme-pa-hoyre-i-strand\/#breadcrumb\"},\"inLanguage\":\"nb-NO\",\"potentialAction\":[{\"@type\":\"ReadAction\",\"target\":[\"https:\/\/hoyre.no\/strand\/4-gode-grunner-til-a-stemme-pa-hoyre-i-strand\/\"]}]},{\"@type\":\"ImageObject\",\"inLanguage\":\"nb-NO\",\"@id\":\"https:\/\/hoyre.no\/strand\/4-gode-grunner-til-a-stemme-pa-hoyre-i-strand\/#primaryimage\",\"url\":\"https:\/\/hoyre.no\/content\/uploads\/sites\/209\/2023\/05\/image-5-225x300.png\",\"contentUrl\":\"https:\/\/hoyre.no\/content\/uploads\/sites\/209\/2023\/05\/image-5-225x300.png\"},{\"@type\":\"BreadcrumbList\",\"@id\":\"https:\/\/hoyre.no\/strand\/4-gode-grunner-til-a-stemme-pa-hoyre-i-strand\/#breadcrumb\",\"itemListElement\":[{\"@type\":\"ListItem\",\"position\":1,\"name\":\"Til hoyre.no\",\"item\":\"https:\/\/hoyre.no\"},{\"@type\":\"ListItem\",\"position\":2,\"name\":\"Hjem\",\"item\":\"https:\/\/hoyre.no\/strand\/\"},{\"@type\":\"ListItem\",\"position\":3,\"name\":\"4 gode grunner til \u00e5 stemme p\u00e5 H\u00f8yre i Strand\"}]},{\"@type\":\"WebSite\",\"@id\":\"https:\/\/hoyre.no\/strand\/#website\",\"url\":\"https:\/\/hoyre.no\/strand\/\",\"name\":\"Strand H\u00f8yre\",\"description\":\"Bare enda et H\u00f8yres nettsteder-nettsted\",\"inLanguage\":\"nb-NO\"}]}<\/script>\n<!-- \/ Yoast SEO plugin. -->","yoast_head_json":{"title":"4 gode grunner til \u00e5 stemme p\u00e5 H\u00f8yre i Strand - Strand H\u00f8yre","description":"Vi gir deg tre gode grunner til hvorfor du b\u00f8r stemme H\u00f8yre i Strand.","robots":{"index":"index","follow":"follow","max-snippet":"max-snippet:-1","max-image-preview":"max-image-preview:large","max-video-preview":"max-video-preview:-1"},"canonical":"https:\/\/hoyre.no\/strand\/4-gode-grunner-til-a-stemme-pa-hoyre-i-strand\/","og_locale":"nb_NO","og_type":"article","og_title":"4 gode grunner til \u00e5 stemme p\u00e5 H\u00f8yre i Strand - Strand H\u00f8yre","og_description":"Vi gir deg tre gode grunner til hvorfor du b\u00f8r stemme H\u00f8yre i Strand.","og_url":"https:\/\/hoyre.no\/strand\/4-gode-grunner-til-a-stemme-pa-hoyre-i-strand\/","og_site_name":"Strand H\u00f8yre","article_modified_time":"2025-02-04T10:51:40+00:00","og_image":[{"url":"https:\/\/hoyre.no\/content\/uploads\/sites\/209\/2023\/05\/jorpelands-holmen-thumbnail_IMG_2186.jpeg","width":"","height":"","type":""}],"twitter_card":"summary_large_image","twitter_misc":{"Ansl. lesetid":"2 minutter"},"schema":{"@context":"https:\/\/schema.org","@graph":[{"@type":"WebPage","@id":"https:\/\/hoyre.no\/strand\/4-gode-grunner-til-a-stemme-pa-hoyre-i-strand\/","url":"https:\/\/hoyre.no\/strand\/4-gode-grunner-til-a-stemme-pa-hoyre-i-strand\/","name":"4 gode grunner til \u00e5 stemme p\u00e5 H\u00f8yre i Strand - Strand H\u00f8yre","isPartOf":{"@id":"https:\/\/hoyre.no\/strand\/#website"},"image":{"@id":"https:\/\/hoyre.no\/strand\/4-gode-grunner-til-a-stemme-pa-hoyre-i-strand\/#primaryimage"},"thumbnailUrl":"https:\/\/hoyre.no\/content\/uploads\/sites\/209\/2023\/05\/image-5-225x300.png","datePublished":"2023-05-16T23:01:32+00:00","dateModified":"2025-02-04T10:51:40+00:00","description":"Vi gir deg tre gode grunner til hvorfor du b\u00f8r stemme H\u00f8yre i Strand.","breadcrumb":{"@id":"https:\/\/hoyre.no\/strand\/4-gode-grunner-til-a-stemme-pa-hoyre-i-strand\/#breadcrumb"},"inLanguage":"nb-NO","potentialAction":[{"@type":"ReadAction","target":["https:\/\/hoyre.no\/strand\/4-gode-grunner-til-a-stemme-pa-hoyre-i-strand\/"]}]},{"@type":"ImageObject","inLanguage":"nb-NO","@id":"https:\/\/hoyre.no\/strand\/4-gode-grunner-til-a-stemme-pa-hoyre-i-strand\/#primaryimage","url":"https:\/\/hoyre.no\/content\/uploads\/sites\/209\/2023\/05\/image-5-225x300.png","contentUrl":"https:\/\/hoyre.no\/content\/uploads\/sites\/209\/2023\/05\/image-5-225x300.png"},{"@type":"BreadcrumbList","@id":"https:\/\/hoyre.no\/strand\/4-gode-grunner-til-a-stemme-pa-hoyre-i-strand\/#breadcrumb","itemListElement":[{"@type":"ListItem","position":1,"name":"Til hoyre.no","item":"https:\/\/hoyre.no"},{"@type":"ListItem","position":2,"name":"Hjem","item":"https:\/\/hoyre.no\/strand\/"},{"@type":"ListItem","position":3,"name":"4 gode grunner til \u00e5 stemme p\u00e5 H\u00f8yre i Strand"}]},{"@type":"WebSite","@id":"https:\/\/hoyre.no\/strand\/#website","url":"https:\/\/hoyre.no\/strand\/","name":"Strand H\u00f8yre","description":"Bare enda et H\u00f8yres nettsteder-nettsted","inLanguage":"nb-NO"}]}},"distributor_meta":false,"distributor_terms":false,"distributor_media":false,"distributor_original_site_name":"Strand H\u00f8yre","distributor_original_site_url":"https:\/\/hoyre.no\/strand","push-errors":false,"_links":{"self":[{"href":"https:\/\/hoyre.no\/strand\/wp-json\/wp\/v2\/pages\/93","targetHints":{"allow":["GET"]}}],"collection":[{"href":"https:\/\/hoyre.no\/strand\/wp-json\/wp\/v2\/pages"}],"about":[{"href":"https:\/\/hoyre.no\/strand\/wp-json\/wp\/v2\/types\/page"}],"author":[{"embeddable":true,"href":"https:\/\/hoyre.no\/strand\/wp-json\/wp\/v2\/users\/31684"}],"replies":[{"embeddable":true,"href":"https:\/\/hoyre.no\/strand\/wp-json\/wp\/v2\/comments?post=93"}],"version-history":[{"count":12,"href":"https:\/\/hoyre.no\/strand\/wp-json\/wp\/v2\/pages\/93\/revisions"}],"predecessor-version":[{"id":726,"href":"https:\/\/hoyre.no\/strand\/wp-json\/wp\/v2\/pages\/93\/revisions\/726"}],"wp:attachment":[{"href":"https:\/\/hoyre.no\/strand\/wp-json\/wp\/v2\/media?parent=93"}],"curies":[{"name":"wp","href":"https:\/\/api.w.org\/{rel}","templated":true}]}}