{"id":121,"date":"2023-08-11T09:56:16","date_gmt":"2023-08-11T07:56:16","guid":{"rendered":"https:\/\/hoyre.no\/stryn\/?page_id=121"},"modified":"2025-02-18T16:22:22","modified_gmt":"2025-02-18T15:22:22","slug":"7-gode-grunnar","status":"publish","type":"page","link":"https:\/\/hoyre.no\/stryn\/7-gode-grunnar\/","title":{"rendered":"7 gode grunnar"},"content":{"rendered":"\n<div class=\"wp-block-hoyre-hero with-image-gradient text-color-light  has-media alignfull has-background\"><div class=\"hoyre-hero has-image\"><h1 class=\"title\">7 gode grunnar til \u00e5 stemme H\u00f8gre i Stryn<\/h1><p class=\"preamble\">H\u00f8gre sin visjon for Stryn er eit samfunn med moglegheiter for alle.<\/p>\t\t\t<div class=\"post-meta wp-block teft-byline-wrapper\">\n\t\t\t\t<div class=\"top\">\n\t\t\t\t\t<div class=\"signature\">\n\t\t\t\t\t\t<div class=\"teft-byline\">\n\t\t\t\t\t\t\t\t\t\t\t\t\t\t<div>\n\t\t\t\t\t\t\t\t<h3>H\u00f8yres redaksjon<\/h3>\t\t\t\t\t\t\t\t\n\t\t\t\t\t\t\t\t\t\t\t\t\t\t\t\t\t<span class=\"date\">Sist oppdatert: 18. februar 2025<\/span>\n\t\t\t\t\t\t\t\t\t\t\t\t\t\t\t\t\t\t\t\t\t\t\t\t\t<span class=\"reading-time\" itemprop=\"timeRequired\" content=\"PT5M\"><em>Ca. 5 minutter lesetid<\/em><\/span>\n\t\t\t\t\t\t\t\t\t\t\t\t\t\t\t<\/div>\n\t\t\t\t\t\t<\/div>\n\t\t\t\t\t<\/div>\n\t\t\t\t\t\t<div class=\"sharing\">\n\t\t<a class=\"share-button share-link copy-link\" data-copy=\"https:\/\/hoyre.no\/stryn\/7-gode-grunnar\/\" target=\"_blank\"><span class=\"screen-reader-text\">Del link<\/span><\/a>\n\t\t<a class=\"share-button share-twitter\" href=\"http:\/\/twitter.com\/share?text=7 gode grunnar&#038;url=https:\/\/hoyre.no\/stryn\/7-gode-grunnar\/&#038;hashtags=Hoyre\" target=\"_blank\"><span class=\"screen-reader-text\">Del p\u00e5 twitter<\/span><\/a>\n\t\t<a class=\"share-button share-facebook\" href=\"https:\/\/www.facebook.com\/sharer\/sharer.php?u=https:\/\/hoyre.no\/stryn\/7-gode-grunnar\/\" target=\"_blank\"><span class=\"screen-reader-text\">Del p\u00e5 facebook<\/span><\/a>\n\t<\/div>\n\t\t\t\t\t<\/div>\n\t\t\t<\/div>\n\n\t\t\t<figure class=\"hoyre-image-wrapper\"><div class=\"hoyre-image\"><img loading=\"lazy\" decoding=\"async\" width=\"1170\" height=\"1560\" src=\"https:\/\/hoyre.no\/content\/uploads\/sites\/317\/2023\/08\/7-gode-grunnar-Stryn-Hogre.jpg\" class=\"attachment-scaled size-scaled\" alt=\"\" style=\"object-position: 51% 38%\" srcset=\"https:\/\/hoyre.no\/content\/uploads\/sites\/317\/2023\/08\/7-gode-grunnar-Stryn-Hogre.jpg 1170w, https:\/\/hoyre.no\/content\/uploads\/sites\/317\/2023\/08\/7-gode-grunnar-Stryn-Hogre-225x300.jpg 225w, https:\/\/hoyre.no\/content\/uploads\/sites\/317\/2023\/08\/7-gode-grunnar-Stryn-Hogre-768x1024.jpg 768w, https:\/\/hoyre.no\/content\/uploads\/sites\/317\/2023\/08\/7-gode-grunnar-Stryn-Hogre-1152x1536.jpg 1152w\" sizes=\"auto, (max-width: 1170px) 100vw, 1170px\" \/><\/div><\/figure><\/div><\/div>\n\n\n\n\n\t\t<div class=\"has-pale-blue-background-color is-layout-left alignwide alignwide wp-block-hoyre-media-text\">\n\t\t\t<div class=\"hoyre-media-text__media\">\n\t\t\t\t<img loading=\"lazy\" decoding=\"async\" width=\"829\" height=\"1024\" src=\"https:\/\/hoyre.no\/content\/uploads\/sites\/317\/2023\/08\/Ja-kommune-1-829x1024.jpg\" class=\"hoyre-media-text__media-image\" alt=\"\" style=\"--focal: 55% 40%;\" srcset=\"https:\/\/hoyre.no\/content\/uploads\/sites\/317\/2023\/08\/Ja-kommune-1-829x1024.jpg 829w, https:\/\/hoyre.no\/content\/uploads\/sites\/317\/2023\/08\/Ja-kommune-1-243x300.jpg 243w, https:\/\/hoyre.no\/content\/uploads\/sites\/317\/2023\/08\/Ja-kommune-1-768x949.jpg 768w, https:\/\/hoyre.no\/content\/uploads\/sites\/317\/2023\/08\/Ja-kommune-1.jpg 1170w\" sizes=\"auto, (max-width: 829px) 100vw, 829px\" \/>\n\t\t\t<\/div>\n\t\t\t<div class=\"hoyre-media-text__content\">\n\t\t\t\t<div class=\"hoyre-media-text__content-inner\">\n\t\t\t\t\t\n\t\t\t<div class=\"hoyre-media-text__title-container\">\n\t\t\t\t\n\t\t\t\t<h2 class=\"hoyre-media-text__title\">1. Ein JA-kommune<\/h2>\n\t\t\t<\/div>\n\t\t\t\n\t\t\t\t\t<div class=\"hoyre-media-text__blocks\">\n<p>Vi skal ha eit oppdatert kommunalt planverk som sikrar raskare framdrift og kortare saksbehandlingstid. Kommunen skal m\u00f8te folk og n\u00e6ringsliv med ei Ja-haldning. Vi m\u00e5 ha bustad,- og n\u00e6ringstomter i heile kommunen. Med tanke p\u00e5 sj\u00f8lvberging, kortreist mat og verdien av eit kulturlandskap i reiselivssamanheng, er det viktig at det vart lagt til rette b\u00e5de for st\u00f8rre einingar og tradisjonelt landbruk i kommunen. H\u00f8gre vil sikre at b\u00f8nder som vil utvikle r\u00e5varer fr\u00e5 eigen gard for videre sal enten det er til mat eller drikke, f\u00e5r h\u00f8ve til det.<\/p>\n<\/div>\n\t\t\t\t\t\n\t\t\t\t<\/div>\n\t\t\t<\/div>\n\t\t<\/div>\n\t\t\n\n\n\n\t\t<div class=\"has-lightest-blue-background-color is-layout-right alignwide alignwide wp-block-hoyre-media-text\">\n\t\t\t<div class=\"hoyre-media-text__media\">\n\t\t\t\t<img loading=\"lazy\" decoding=\"async\" width=\"829\" height=\"1024\" src=\"https:\/\/hoyre.no\/content\/uploads\/sites\/317\/2023\/08\/Ambisjonar-elevane-829x1024.jpg\" class=\"hoyre-media-text__media-image\" alt=\"\" style=\"--focal: 49% 43%;\" srcset=\"https:\/\/hoyre.no\/content\/uploads\/sites\/317\/2023\/08\/Ambisjonar-elevane-829x1024.jpg 829w, https:\/\/hoyre.no\/content\/uploads\/sites\/317\/2023\/08\/Ambisjonar-elevane-243x300.jpg 243w, https:\/\/hoyre.no\/content\/uploads\/sites\/317\/2023\/08\/Ambisjonar-elevane-768x949.jpg 768w, https:\/\/hoyre.no\/content\/uploads\/sites\/317\/2023\/08\/Ambisjonar-elevane.jpg 1170w\" sizes=\"auto, (max-width: 829px) 100vw, 829px\" \/>\n\t\t\t<\/div>\n\t\t\t<div class=\"hoyre-media-text__content\">\n\t\t\t\t<div class=\"hoyre-media-text__content-inner\">\n\t\t\t\t\t\n\t\t\t<div class=\"hoyre-media-text__title-container\">\n\t\t\t\t\n\t\t\t\t<h2 class=\"hoyre-media-text__title\">2. Ambisjonar p\u00e5 elevane sine vegne<\/h2>\n\t\t\t<\/div>\n\t\t\t\n\t\t\t\t\t<div class=\"hoyre-media-text__blocks\">\n<p>H\u00f8gre vil satse p\u00e5 alle trinn i skulane, og ser fem dagars skuleveke som det beste b\u00e5de for l\u00e6rarar og elevar. Skulen skal setje den enkelte elev i sentrum, og l\u00e6rarane skal f\u00e5 tilbod om fagleg oppdatering. Vi skal ha eit godt st\u00f8tteapparat rundt elevane og ha h\u00f8g trivsel i skulen. Vi skal ha ein mobbefri skule der elevane gjennomf\u00f8rer skulegangen med best mogleg resultat.<\/p>\n<\/div>\n\t\t\t\t\t\n\t\t\t\t<\/div>\n\t\t\t<\/div>\n\t\t<\/div>\n\t\t\n\n\n\t\t<div class=\"has-pale-purple-background-color is-layout-left alignwide alignwide wp-block-hoyre-media-text\">\n\t\t\t<div class=\"hoyre-media-text__media\">\n\t\t\t\t<img loading=\"lazy\" decoding=\"async\" width=\"863\" height=\"1024\" src=\"https:\/\/hoyre.no\/content\/uploads\/sites\/317\/2023\/08\/Fleksibel-barnehage-SFO.jpg\" class=\"hoyre-media-text__media-image\" alt=\"\" style=\"--focal: 31% 31%;\" srcset=\"https:\/\/hoyre.no\/content\/uploads\/sites\/317\/2023\/08\/Fleksibel-barnehage-SFO.jpg 863w, https:\/\/hoyre.no\/content\/uploads\/sites\/317\/2023\/08\/Fleksibel-barnehage-SFO-253x300.jpg 253w, https:\/\/hoyre.no\/content\/uploads\/sites\/317\/2023\/08\/Fleksibel-barnehage-SFO-768x911.jpg 768w\" sizes=\"auto, (max-width: 863px) 100vw, 863px\" \/>\n\t\t\t<\/div>\n\t\t\t<div class=\"hoyre-media-text__content\">\n\t\t\t\t<div class=\"hoyre-media-text__content-inner\">\n\t\t\t\t\t\n\t\t\t<div class=\"hoyre-media-text__title-container\">\n\t\t\t\t\n\t\t\t\t<h2 class=\"hoyre-media-text__title\">3. Fleksible barnehagar og SFO<\/h2>\n\t\t\t<\/div>\n\t\t\t\n\t\t\t\t\t<div class=\"hoyre-media-text__blocks\">\n<p>Stryn skal ha ein familievenleg barnehagepolitikk med kontinuerleg barnehageopptak. Alle barn skal ha rett til barnehageplass ved fylte eitt \u00e5r, og ved nytilflytting. Vi treng sommaropne barnehagar og SFO! H\u00f8gre vil \u00f2g styrkje SFO. SFO m\u00e5 vere tilgjengeleg p\u00e5 alle skulane v\u00e5re. Vi \u00f8nskjer at SFO skal ha tett samarbeid med kulturskulen og kulturorganisasjonane i kommunen.<\/p>\n<\/div>\n\t\t\t\t\t\n\t\t\t\t<\/div>\n\t\t\t<\/div>\n\t\t<\/div>\n\t\t\n\n\n\t\t<div class=\"has-lightest-grey-background-color is-layout-right alignwide alignwide wp-block-hoyre-media-text\">\n\t\t\t<div class=\"hoyre-media-text__media\">\n\t\t\t\t<img loading=\"lazy\" decoding=\"async\" width=\"768\" height=\"1024\" src=\"https:\/\/hoyre.no\/content\/uploads\/sites\/317\/2023\/08\/Ingen-sta-utanfor-768x1024.jpg\" class=\"hoyre-media-text__media-image\" alt=\"\" style=\"--focal: 46% 55%;\" srcset=\"https:\/\/hoyre.no\/content\/uploads\/sites\/317\/2023\/08\/Ingen-sta-utanfor-768x1024.jpg 768w, https:\/\/hoyre.no\/content\/uploads\/sites\/317\/2023\/08\/Ingen-sta-utanfor-225x300.jpg 225w, https:\/\/hoyre.no\/content\/uploads\/sites\/317\/2023\/08\/Ingen-sta-utanfor-1152x1536.jpg 1152w, https:\/\/hoyre.no\/content\/uploads\/sites\/317\/2023\/08\/Ingen-sta-utanfor.jpg 1170w\" sizes=\"auto, (max-width: 768px) 100vw, 768px\" \/>\n\t\t\t<\/div>\n\t\t\t<div class=\"hoyre-media-text__content\">\n\t\t\t\t<div class=\"hoyre-media-text__content-inner\">\n\t\t\t\t\t\n\t\t\t<div class=\"hoyre-media-text__title-container\">\n\t\t\t\t\n\t\t\t\t<h2 class=\"hoyre-media-text__title\">4. Ingen skal st\u00e5 utanfor i Stryn<\/h2>\n\t\t\t<\/div>\n\t\t\t\n\t\t\t\t\t<div class=\"hoyre-media-text__blocks\">\n<p>H\u00f8gre vil tilsetje fritidskoordinator for \u00e5 ta kampen mot utanforskap, og leggje til rette for \u00e5 inkludere fleire. Vi vil spele p\u00e5 lag med frivillige lag og organisasjonar. Leigeprisane i kommunale bygg m\u00e5 ikkje f\u00f8re til at born- og ungdom fell utanfor i idrett- og andre kulturaktivitetar av \u00f8konomiske \u00e5rsaker.<\/p>\n<\/div>\n\t\t\t\t\t\n\t\t\t\t<\/div>\n\t\t\t<\/div>\n\t\t<\/div>\n\t\t\n\n\n\t\t<div class=\"has-pale-blue-background-color is-layout-left alignwide alignwide wp-block-hoyre-media-text\">\n\t\t\t<div class=\"hoyre-media-text__media\">\n\t\t\t\t<img loading=\"lazy\" decoding=\"async\" width=\"1024\" height=\"768\" src=\"https:\/\/hoyre.no\/content\/uploads\/sites\/317\/2023\/08\/Tenden-1024x768.jpg\" class=\"hoyre-media-text__media-image\" alt=\"\" style=\"--focal: 29% 70%;\" srcset=\"https:\/\/hoyre.no\/content\/uploads\/sites\/317\/2023\/08\/Tenden-1024x768.jpg 1024w, https:\/\/hoyre.no\/content\/uploads\/sites\/317\/2023\/08\/Tenden-300x225.jpg 300w, https:\/\/hoyre.no\/content\/uploads\/sites\/317\/2023\/08\/Tenden-768x576.jpg 768w, https:\/\/hoyre.no\/content\/uploads\/sites\/317\/2023\/08\/Tenden.jpg 1290w\" sizes=\"auto, (max-width: 1024px) 100vw, 1024px\" \/>\n\t\t\t<\/div>\n\t\t\t<div class=\"hoyre-media-text__content\">\n\t\t\t\t<div class=\"hoyre-media-text__content-inner\">\n\t\t\t\t\t\n\t\t\t<div class=\"hoyre-media-text__title-container\">\n\t\t\t\t\n\t\t\t\t<h2 class=\"hoyre-media-text__title\">5. P\u00e5 lag med dei som skapar jobbane<\/h2>\n\t\t\t<\/div>\n\t\t\t\n\t\t\t\t\t<div class=\"hoyre-media-text__blocks\">\n<p>Stryn kommune skal vere tilgjengeleg og opne for innovasjon og nye idear, og til ei kvar tid \u00e5 ha n\u00e6ringsareal for nyetablering. Vi treng oppdaterte n\u00e6ringstrategiar i dialog med lokalt n\u00e6ringsliv. H\u00f8gre skal s\u00f8rge for at omregulering, planlegging og byggesaksbehandling g\u00e5r raskt og s\u00f8rge for forutsigbare prosesser slik at det bli enklere \u00e5 skape nye jobbar.<\/p>\n<\/div>\n\t\t\t\t\t\n\t\t\t\t<\/div>\n\t\t\t<\/div>\n\t\t<\/div>\n\t\t\n\n\n\t\t<div class=\"has-pale-purple-background-color is-layout-right alignwide alignwide wp-block-hoyre-media-text\">\n\t\t\t<div class=\"hoyre-media-text__media\">\n\t\t\t\t<img loading=\"lazy\" decoding=\"async\" width=\"1024\" height=\"974\" src=\"https:\/\/hoyre.no\/content\/uploads\/sites\/317\/2023\/08\/Godt-liv-i-Stryn-2-1024x974.jpg\" class=\"hoyre-media-text__media-image\" alt=\"\" style=\"--focal: 59% 25%;\" srcset=\"https:\/\/hoyre.no\/content\/uploads\/sites\/317\/2023\/08\/Godt-liv-i-Stryn-2-1024x974.jpg 1024w, https:\/\/hoyre.no\/content\/uploads\/sites\/317\/2023\/08\/Godt-liv-i-Stryn-2-300x285.jpg 300w, https:\/\/hoyre.no\/content\/uploads\/sites\/317\/2023\/08\/Godt-liv-i-Stryn-2-768x730.jpg 768w, https:\/\/hoyre.no\/content\/uploads\/sites\/317\/2023\/08\/Godt-liv-i-Stryn-2.jpg 1164w\" sizes=\"auto, (max-width: 1024px) 100vw, 1024px\" \/>\n\t\t\t<\/div>\n\t\t\t<div class=\"hoyre-media-text__content\">\n\t\t\t\t<div class=\"hoyre-media-text__content-inner\">\n\t\t\t\t\t\n\t\t\t<div class=\"hoyre-media-text__title-container\">\n\t\t\t\t\n\t\t\t\t<h2 class=\"hoyre-media-text__title\">6. Eit trygt lokalsamfunn<\/h2>\n\t\t\t<\/div>\n\t\t\t\n\t\t\t\t\t<div class=\"hoyre-media-text__blocks\">\n<p>Vi vil ha fokus p\u00e5 oppf\u00f8lging av kommunal beredskapsplan og \u00e5 sj\u00e5 tryggleik i lokal samfunnet i eit heilskapleg perspektiv. Eit n\u00e6rt samarbeid mellom offentlege, private og frivillige akt\u00f8rar. Vi vil utarbeide kriseplanar, legge til rette for auka kompetanse, organisering, fordeling av ansvarsomr\u00e5de, og \u00e5rleg evaluering og oppf\u00f8lging av planen.<\/p>\n<\/div>\n\t\t\t\t\t\n\t\t\t\t<\/div>\n\t\t\t<\/div>\n\t\t<\/div>\n\t\t\n\n\n\t\t<div class=\"has-lightest-blue-background-color is-layout-left alignwide alignwide wp-block-hoyre-media-text\">\n\t\t\t<div class=\"hoyre-media-text__media\">\n\t\t\t\t<img loading=\"lazy\" decoding=\"async\" width=\"768\" height=\"1024\" src=\"https:\/\/hoyre.no\/content\/uploads\/sites\/317\/2023\/08\/Godt-liv-i-Stryn-3-768x1024.jpg\" class=\"hoyre-media-text__media-image\" alt=\"\" style=\"--focal: 64% 49%;\" srcset=\"https:\/\/hoyre.no\/content\/uploads\/sites\/317\/2023\/08\/Godt-liv-i-Stryn-3-768x1024.jpg 768w, https:\/\/hoyre.no\/content\/uploads\/sites\/317\/2023\/08\/Godt-liv-i-Stryn-3-225x300.jpg 225w, https:\/\/hoyre.no\/content\/uploads\/sites\/317\/2023\/08\/Godt-liv-i-Stryn-3-1152x1536.jpg 1152w, https:\/\/hoyre.no\/content\/uploads\/sites\/317\/2023\/08\/Godt-liv-i-Stryn-3.jpg 1290w\" sizes=\"auto, (max-width: 768px) 100vw, 768px\" \/>\n\t\t\t<\/div>\n\t\t\t<div class=\"hoyre-media-text__content\">\n\t\t\t\t<div class=\"hoyre-media-text__content-inner\">\n\t\t\t\t\t\n\t\t\t<div class=\"hoyre-media-text__title-container\">\n\t\t\t\t\n\t\t\t\t<h2 class=\"hoyre-media-text__title\">7. Godt liv i Stryn, heile livet!<\/h2>\n\t\t\t<\/div>\n\t\t\t\n\t\t\t\t\t<div class=\"hoyre-media-text__blocks\">\n<p>Det skal v\u00e6re trygt \u00e5 bli gamal i Stryn. Vi vil vidareutvikle omsorgssentera og jobbe for at ektepar\/sambuarar kan bu ilag p\u00e5 sjukeheimane. Helsetilbodet skal femne alle grunnleggjande behov n\u00e5r du treng det.Tilsette skal f\u00e5 vidare- og etterutdanning dersom dei \u00f8nskjer det. Oppg\u00e5vene m\u00e5 fordelast slik at alle f\u00e5r brukt sine ressursar og kunnskap til beste for brukarane.<\/p>\n<\/div>\n\t\t\t\t\t\n\t\t\t\t<\/div>\n\t\t\t<\/div>\n\t\t<\/div>\n\t\t\n\n\n<div class=\"wp-block-hoyre-banner alignwide undefined  is-style-dark\"><div class=\"banner-inner\"><figure class=\"hoyre-image-wrapper\"><div class=\"hoyre-image\"><img loading=\"lazy\" decoding=\"async\" width=\"1667\" height=\"2500\" src=\"https:\/\/hoyre.no\/content\/uploads\/sites\/317\/2023\/08\/sonja-brua-scaled.jpg\" class=\"attachment-scaled size-scaled\" alt=\"\" style=\"object-position: 45% 18%\" srcset=\"https:\/\/hoyre.no\/content\/uploads\/sites\/317\/2023\/08\/sonja-brua-scaled.jpg 1667w, https:\/\/hoyre.no\/content\/uploads\/sites\/317\/2023\/08\/sonja-brua-200x300.jpg 200w, https:\/\/hoyre.no\/content\/uploads\/sites\/317\/2023\/08\/sonja-brua-683x1024.jpg 683w, https:\/\/hoyre.no\/content\/uploads\/sites\/317\/2023\/08\/sonja-brua-768x1152.jpg 768w, https:\/\/hoyre.no\/content\/uploads\/sites\/317\/2023\/08\/sonja-brua-1024x1536.jpg 1024w, https:\/\/hoyre.no\/content\/uploads\/sites\/317\/2023\/08\/sonja-brua-1366x2048.jpg 1366w\" sizes=\"auto, (max-width: 1667px) 100vw, 1667px\" \/><\/div><\/figure><div class=\"banner-content\"><div class=\"entry-content\">\n<h2 class=\"wp-block-heading\" id=\"h-sonja-ovre-flo-er-var-varaordforar\">Sonja \u00d8vre-Flo er v\u00e5r varaordf\u00f8rar\ud83d\udc99<\/h2>\n\n\n\n<p>Bli betre kjend med ho her \ud83d\udc47<\/p>\n\n\n\n<div class=\"wp-block-buttons is-layout-flex wp-block-buttons-is-layout-flex\">\n<div class=\"wp-block-button\"><a class=\"wp-block-button__link wp-element-button\" href=\"https:\/\/hoyre.no\/stryn\/ordforarkandidat\/\">les meir her<\/a><\/div>\n<\/div>\n<\/div><\/div><\/div><\/div>\n","protected":false},"excerpt":{"rendered":"","protected":false},"author":29319,"featured_media":0,"parent":0,"menu_order":0,"comment_status":"closed","ping_status":"closed","template":"","meta":{"teft_cards_image_url":"","teft_cards_custom_pretitle":"","teft_cards_image_id":0,"teft_cards_image_focal_point_x":0,"teft_cards_image_focal_point_y":0,"teft_cards_title":"","teft_cards_excerpt":"","teft_show_chapters":false,"footnotes":""},"class_list":["post-121","page","type-page","status-publish","hentry"],"yoast_head":"<!-- This site is optimized with the Yoast SEO plugin v26.6 - https:\/\/yoast.com\/wordpress\/plugins\/seo\/ -->\n<title>7 gode grunnar - Stryn H\u00f8gre<\/title>\n<meta name=\"description\" content=\"7 gode grunnar til \u00e5 stemme H\u00f8gre om du bur i Stryn.\" \/>\n<meta name=\"robots\" content=\"index, follow, max-snippet:-1, max-image-preview:large, max-video-preview:-1\" \/>\n<link rel=\"canonical\" href=\"https:\/\/hoyre.no\/stryn\/7-gode-grunnar\/\" \/>\n<meta property=\"og:locale\" content=\"nn_NO\" \/>\n<meta property=\"og:type\" content=\"article\" \/>\n<meta property=\"og:title\" content=\"7 gode grunnar - Stryn H\u00f8gre\" \/>\n<meta property=\"og:description\" content=\"7 gode grunnar til \u00e5 stemme H\u00f8gre om du bur i Stryn.\" \/>\n<meta property=\"og:url\" content=\"https:\/\/hoyre.no\/stryn\/7-gode-grunnar\/\" \/>\n<meta property=\"og:site_name\" content=\"Stryn H\u00f8gre\" \/>\n<meta property=\"article:modified_time\" content=\"2025-02-18T15:22:22+00:00\" \/>\n<meta property=\"og:image\" content=\"https:\/\/hoyre.no\/content\/uploads\/sites\/317\/2022\/11\/Hoyres-logo.png\" \/>\n\t<meta property=\"og:image:width\" content=\"1000\" \/>\n\t<meta property=\"og:image:height\" content=\"1000\" \/>\n\t<meta property=\"og:image:type\" content=\"image\/png\" \/>\n<meta name=\"twitter:card\" content=\"summary_large_image\" \/>\n<meta name=\"twitter:label1\" content=\"Est. reading time\" \/>\n\t<meta name=\"twitter:data1\" content=\"3 minutt\" \/>\n<script type=\"application\/ld+json\" class=\"yoast-schema-graph\">{\"@context\":\"https:\/\/schema.org\",\"@graph\":[{\"@type\":\"WebPage\",\"@id\":\"https:\/\/hoyre.no\/stryn\/7-gode-grunnar\/\",\"url\":\"https:\/\/hoyre.no\/stryn\/7-gode-grunnar\/\",\"name\":\"7 gode grunnar - Stryn H\u00f8gre\",\"isPartOf\":{\"@id\":\"https:\/\/hoyre.no\/stryn\/#website\"},\"datePublished\":\"2023-08-11T07:56:16+00:00\",\"dateModified\":\"2025-02-18T15:22:22+00:00\",\"description\":\"7 gode grunnar til \u00e5 stemme H\u00f8gre om du bur i Stryn.\",\"breadcrumb\":{\"@id\":\"https:\/\/hoyre.no\/stryn\/7-gode-grunnar\/#breadcrumb\"},\"inLanguage\":\"nn-NO\",\"potentialAction\":[{\"@type\":\"ReadAction\",\"target\":[\"https:\/\/hoyre.no\/stryn\/7-gode-grunnar\/\"]}]},{\"@type\":\"BreadcrumbList\",\"@id\":\"https:\/\/hoyre.no\/stryn\/7-gode-grunnar\/#breadcrumb\",\"itemListElement\":[{\"@type\":\"ListItem\",\"position\":1,\"name\":\"Til hoyre.no\",\"item\":\"https:\/\/hoyre.no\"},{\"@type\":\"ListItem\",\"position\":2,\"name\":\"Hjem\",\"item\":\"https:\/\/hoyre.no\/stryn\/\"},{\"@type\":\"ListItem\",\"position\":3,\"name\":\"7 gode grunnar\"}]},{\"@type\":\"WebSite\",\"@id\":\"https:\/\/hoyre.no\/stryn\/#website\",\"url\":\"https:\/\/hoyre.no\/stryn\/\",\"name\":\"Stryn H\u00f8gre\",\"description\":\"Bare enda et H\u00f8yres nettsteder-nettsted\",\"inLanguage\":\"nn-NO\"}]}<\/script>\n<!-- \/ Yoast SEO plugin. -->","yoast_head_json":{"title":"7 gode grunnar - Stryn H\u00f8gre","description":"7 gode grunnar til \u00e5 stemme H\u00f8gre om du bur i Stryn.","robots":{"index":"index","follow":"follow","max-snippet":"max-snippet:-1","max-image-preview":"max-image-preview:large","max-video-preview":"max-video-preview:-1"},"canonical":"https:\/\/hoyre.no\/stryn\/7-gode-grunnar\/","og_locale":"nn_NO","og_type":"article","og_title":"7 gode grunnar - Stryn H\u00f8gre","og_description":"7 gode grunnar til \u00e5 stemme H\u00f8gre om du bur i Stryn.","og_url":"https:\/\/hoyre.no\/stryn\/7-gode-grunnar\/","og_site_name":"Stryn H\u00f8gre","article_modified_time":"2025-02-18T15:22:22+00:00","og_image":[{"width":1000,"height":1000,"url":"https:\/\/hoyre.no\/content\/uploads\/sites\/317\/2022\/11\/Hoyres-logo.png","type":"image\/png"}],"twitter_card":"summary_large_image","twitter_misc":{"Est. reading time":"3 minutt"},"schema":{"@context":"https:\/\/schema.org","@graph":[{"@type":"WebPage","@id":"https:\/\/hoyre.no\/stryn\/7-gode-grunnar\/","url":"https:\/\/hoyre.no\/stryn\/7-gode-grunnar\/","name":"7 gode grunnar - Stryn H\u00f8gre","isPartOf":{"@id":"https:\/\/hoyre.no\/stryn\/#website"},"datePublished":"2023-08-11T07:56:16+00:00","dateModified":"2025-02-18T15:22:22+00:00","description":"7 gode grunnar til \u00e5 stemme H\u00f8gre om du bur i Stryn.","breadcrumb":{"@id":"https:\/\/hoyre.no\/stryn\/7-gode-grunnar\/#breadcrumb"},"inLanguage":"nn-NO","potentialAction":[{"@type":"ReadAction","target":["https:\/\/hoyre.no\/stryn\/7-gode-grunnar\/"]}]},{"@type":"BreadcrumbList","@id":"https:\/\/hoyre.no\/stryn\/7-gode-grunnar\/#breadcrumb","itemListElement":[{"@type":"ListItem","position":1,"name":"Til hoyre.no","item":"https:\/\/hoyre.no"},{"@type":"ListItem","position":2,"name":"Hjem","item":"https:\/\/hoyre.no\/stryn\/"},{"@type":"ListItem","position":3,"name":"7 gode grunnar"}]},{"@type":"WebSite","@id":"https:\/\/hoyre.no\/stryn\/#website","url":"https:\/\/hoyre.no\/stryn\/","name":"Stryn H\u00f8gre","description":"Bare enda et H\u00f8yres nettsteder-nettsted","inLanguage":"nn-NO"}]}},"distributor_meta":false,"distributor_terms":false,"distributor_media":false,"distributor_original_site_name":"Stryn H\u00f8gre","distributor_original_site_url":"https:\/\/hoyre.no\/stryn","push-errors":false,"_links":{"self":[{"href":"https:\/\/hoyre.no\/stryn\/wp-json\/wp\/v2\/pages\/121","targetHints":{"allow":["GET"]}}],"collection":[{"href":"https:\/\/hoyre.no\/stryn\/wp-json\/wp\/v2\/pages"}],"about":[{"href":"https:\/\/hoyre.no\/stryn\/wp-json\/wp\/v2\/types\/page"}],"author":[{"embeddable":true,"href":"https:\/\/hoyre.no\/stryn\/wp-json\/wp\/v2\/users\/29319"}],"replies":[{"embeddable":true,"href":"https:\/\/hoyre.no\/stryn\/wp-json\/wp\/v2\/comments?post=121"}],"version-history":[{"count":5,"href":"https:\/\/hoyre.no\/stryn\/wp-json\/wp\/v2\/pages\/121\/revisions"}],"predecessor-version":[{"id":144,"href":"https:\/\/hoyre.no\/stryn\/wp-json\/wp\/v2\/pages\/121\/revisions\/144"}],"wp:attachment":[{"href":"https:\/\/hoyre.no\/stryn\/wp-json\/wp\/v2\/media?parent=121"}],"curies":[{"name":"wp","href":"https:\/\/api.w.org\/{rel}","templated":true}]}}