{"id":26,"date":"2023-08-03T16:53:48","date_gmt":"2023-08-03T14:53:48","guid":{"rendered":"https:\/\/hoyre.no\/stryn\/?page_id=26"},"modified":"2025-02-18T16:23:39","modified_gmt":"2025-02-18T15:23:39","slug":"ordforarkandidat","status":"publish","type":"page","link":"https:\/\/hoyre.no\/stryn\/ordforarkandidat\/","title":{"rendered":"Ordf\u00f8rarkandidat"},"content":{"rendered":"\n<div class=\"wp-block-hoyre-hero with-image-gradient text-color-light  has-media alignfull has-background\"><div class=\"hoyre-hero has-image\"><h1 class=\"title\">Sonja, v\u00e5r varaordf\u00f8rar<\/h1><p class=\"preamble\">Kvifor du skal gje H\u00f8gre og meg di stemme i Stryn kommune?<\/p>\t\t\t<div class=\"post-meta wp-block teft-byline-wrapper\">\n\t\t\t\t<div class=\"top\">\n\t\t\t\t\t<div class=\"signature\">\n\t\t\t\t\t\t<div class=\"teft-byline\">\n\t\t\t\t\t\t\t\t\t\t\t\t\t\t<div>\n\t\t\t\t\t\t\t\t<h3>H\u00f8yres redaksjon<\/h3>\t\t\t\t\t\t\t\t\n\t\t\t\t\t\t\t\t\t\t\t\t\t\t\t\t\t<span class=\"date\">Sist oppdatert: 18. februar 2025<\/span>\n\t\t\t\t\t\t\t\t\t\t\t\t\t\t\t\t\t\t\t\t\t\t\t\t\t<span class=\"reading-time\" itemprop=\"timeRequired\" content=\"PT6M\"><em>Ca. 6 minutter lesetid<\/em><\/span>\n\t\t\t\t\t\t\t\t\t\t\t\t\t\t\t<\/div>\n\t\t\t\t\t\t<\/div>\n\t\t\t\t\t<\/div>\n\t\t\t\t\t\t<div class=\"sharing\">\n\t\t<a class=\"share-button share-link copy-link\" data-copy=\"https:\/\/hoyre.no\/stryn\/ordforarkandidat\/\" target=\"_blank\"><span class=\"screen-reader-text\">Del link<\/span><\/a>\n\t\t<a class=\"share-button share-twitter\" href=\"http:\/\/twitter.com\/share?text=Ordf\u00f8rarkandidat&#038;url=https:\/\/hoyre.no\/stryn\/ordforarkandidat\/&#038;hashtags=Hoyre\" target=\"_blank\"><span class=\"screen-reader-text\">Del p\u00e5 twitter<\/span><\/a>\n\t\t<a class=\"share-button share-facebook\" href=\"https:\/\/www.facebook.com\/sharer\/sharer.php?u=https:\/\/hoyre.no\/stryn\/ordforarkandidat\/\" target=\"_blank\"><span class=\"screen-reader-text\">Del p\u00e5 facebook<\/span><\/a>\n\t<\/div>\n\t\t\t\t\t<\/div>\n\t\t\t<\/div>\n\n\t\t\t<figure class=\"hoyre-image-wrapper\"><div class=\"hoyre-image\"><img loading=\"lazy\" decoding=\"async\" width=\"1170\" height=\"788\" src=\"https:\/\/hoyre.no\/content\/uploads\/sites\/317\/2023\/08\/Sonja-ordforarkandidat-2-1.jpg\" class=\"attachment-scaled size-scaled\" alt=\"\" style=\"object-position: 44% 59%\" srcset=\"https:\/\/hoyre.no\/content\/uploads\/sites\/317\/2023\/08\/Sonja-ordforarkandidat-2-1.jpg 1170w, https:\/\/hoyre.no\/content\/uploads\/sites\/317\/2023\/08\/Sonja-ordforarkandidat-2-1-300x202.jpg 300w, https:\/\/hoyre.no\/content\/uploads\/sites\/317\/2023\/08\/Sonja-ordforarkandidat-2-1-1024x690.jpg 1024w, https:\/\/hoyre.no\/content\/uploads\/sites\/317\/2023\/08\/Sonja-ordforarkandidat-2-1-768x517.jpg 768w\" sizes=\"auto, (max-width: 1170px) 100vw, 1170px\" \/><\/div><\/figure><\/div><\/div>\n\n\n\n\n<div class=\"wp-block-buttons is-content-justification-center is-layout-flex wp-container-core-buttons-is-layout-16018d1d wp-block-buttons-is-layout-flex\">\n<div class=\"wp-block-button\"><a class=\"wp-block-button__link wp-element-button\" href=\"https:\/\/hoyre.no\/nyhetsbrev\/\">Abonner p\u00e5 H\u00f8gre sitt nyheitsbrev<\/a><\/div>\n\n\n\n<div class=\"wp-block-button\"><a class=\"wp-block-button__link wp-element-button\" href=\"https:\/\/www.instagram.com\/strynhogre\/\">F\u00f8lg Stryn H\u00f8gre p\u00e5 Instagram<\/a><\/div>\n\n\n\n<div class=\"wp-block-button\"><a class=\"wp-block-button__link wp-element-button\" href=\"https:\/\/www.facebook.com\/stryn.hogre\">F\u00f8lg Stryn h\u00f8gre p\u00e5 Facebook<\/a><\/div>\n<\/div>\n\n\n\n<div class=\"wp-block-hoyre-banner undefined has-icon-title icon-heart is-style-blue\"><div class=\"banner-inner\"><figure class=\"hoyre-image-wrapper\"><div class=\"hoyre-image\"><img loading=\"lazy\" decoding=\"async\" width=\"2500\" height=\"2145\" src=\"https:\/\/hoyre.no\/content\/uploads\/sites\/317\/2023\/06\/Bilde-07.05.2023-12-34-24-scaled.jpg\" class=\"attachment-scaled size-scaled\" alt=\"\" style=\"object-position: 50% 50%\" srcset=\"https:\/\/hoyre.no\/content\/uploads\/sites\/317\/2023\/06\/Bilde-07.05.2023-12-34-24-scaled.jpg 2500w, https:\/\/hoyre.no\/content\/uploads\/sites\/317\/2023\/06\/Bilde-07.05.2023-12-34-24-300x257.jpg 300w, https:\/\/hoyre.no\/content\/uploads\/sites\/317\/2023\/06\/Bilde-07.05.2023-12-34-24-1024x879.jpg 1024w, https:\/\/hoyre.no\/content\/uploads\/sites\/317\/2023\/06\/Bilde-07.05.2023-12-34-24-768x659.jpg 768w, https:\/\/hoyre.no\/content\/uploads\/sites\/317\/2023\/06\/Bilde-07.05.2023-12-34-24-1536x1318.jpg 1536w, https:\/\/hoyre.no\/content\/uploads\/sites\/317\/2023\/06\/Bilde-07.05.2023-12-34-24-2048x1757.jpg 2048w\" sizes=\"auto, (max-width: 2500px) 100vw, 2500px\" \/><\/div><\/figure><div class=\"banner-content\"><div class=\"entry-content\">\n<h2 class=\"wp-block-heading has-text-align-center\" id=\"h-bli-bedre-kjent-med-sonja\">Bli bedre kjent med Sonja!<\/h2>\n\n\n\n<p class=\"has-text-align-left\"><strong>Bustad:<\/strong> Stryn sentrum<\/p>\n\n\n\n<p class=\"has-text-align-left\"><strong>Familie<\/strong>: Gift med Jon Gudbrand, mamma til Sunniva (25), Joanna (20), Jon Kristoffer (18) og Helga-Linnea (15), og mommo til lille Leah-gull\ud83e\udd70<\/p>\n\n\n\n<p class=\"has-text-align-left\"><strong>Arbeid og utdanning<\/strong>: Eg har fagbrev servit\u00f8r og mange \u00e5rs erfaring fr\u00e5 hotell- og restaurantbransjen der eg mellom anna jobba 10 \u00e5r p\u00e5 Hotel Alexandra i Loen. I vaksen alder tok eg utdanning som fagl\u00e6rar og er i dag adjunkt med tillegg og jobbar p\u00e5 Stryn vidareg\u00e5ade skule.<\/p>\n\n\n\n<p class=\"has-text-align-left\"><strong>Favorittmat<\/strong>: Eg er gla i sushi, fajitas, tapas og bringeb\u00e6r fr\u00e5 Flo<img loading=\"lazy\" decoding=\"async\" height=\"16\" width=\"16\" src=\"https:\/\/static.xx.fbcdn.net\/images\/emoji.php\/v9\/tbd\/3\/16\/1f60a.png\" alt=\"\ud83d\ude0a\"><\/p>\n\n\n\n<div class=\"wp-block-buttons is-layout-flex wp-block-buttons-is-layout-flex\">\n<div class=\"wp-block-button\"><a class=\"wp-block-button__link wp-element-button\" href=\"https:\/\/www.facebook.com\/stryn.hogre\">sjekk ut facebooken v\u00e5r \ud83d\ude42<\/a><\/div>\n<\/div>\n<\/div><\/div><\/div><\/div>\n\n\n\n\t\t<div class=\"has-transparent-background-color is-layout-right alignwide alignwide wp-block-hoyre-media-text\">\n\t\t\t<div class=\"hoyre-media-text__media\">\n\t\t\t\t<img loading=\"lazy\" decoding=\"async\" width=\"1024\" height=\"768\" src=\"https:\/\/hoyre.no\/content\/uploads\/sites\/317\/2023\/08\/Sonja-ordforarkandidat-2-1024x768.jpg\" class=\"hoyre-media-text__media-image\" alt=\"\" style=\"--focal: 56% 33%;\" srcset=\"https:\/\/hoyre.no\/content\/uploads\/sites\/317\/2023\/08\/Sonja-ordforarkandidat-2-1024x768.jpg 1024w, https:\/\/hoyre.no\/content\/uploads\/sites\/317\/2023\/08\/Sonja-ordforarkandidat-2-300x225.jpg 300w, https:\/\/hoyre.no\/content\/uploads\/sites\/317\/2023\/08\/Sonja-ordforarkandidat-2-768x576.jpg 768w, https:\/\/hoyre.no\/content\/uploads\/sites\/317\/2023\/08\/Sonja-ordforarkandidat-2-1536x1152.jpg 1536w, https:\/\/hoyre.no\/content\/uploads\/sites\/317\/2023\/08\/Sonja-ordforarkandidat-2.jpg 2048w\" sizes=\"auto, (max-width: 1024px) 100vw, 1024px\" \/>\n\t\t\t<\/div>\n\t\t\t<div class=\"hoyre-media-text__content\">\n\t\t\t\t<div class=\"hoyre-media-text__content-inner\">\n\t\t\t\t\t\n\t\t\t<div class=\"hoyre-media-text__title-container\">\n\t\t\t\t\n\t\t\t\t<h2 class=\"hoyre-media-text__title\">Politisk erfaring<br><\/h2>\n\t\t\t<\/div>\n\t\t\t\n\t\t\t\t\t<div class=\"hoyre-media-text__blocks\">\n<p>Eg har politisk erfaring fr\u00e5 b\u00e5de lokal og regional politikk. Valet i 2015 var starten p\u00e5 mange politiske verv i fylkestinget og kommunestyret. I perioden 2015-2019 var eg utvalsleiar for skule og kultur, formannskap- og kommunestyremedlem, p\u00e5 fylket var eg medlem i utvalet for oppl\u00e6ring og fylkestinget. I inneverande periode 2019-2023 er eg kommunestyrerepresentant, fylkestingrepresentant, medlem i utvalet for oppl\u00e6ring og kompetanse, medlem i yrkesoppl\u00e6ringsnemnda i tillegg styremedlem i Fagskulen Vestland og Breheimen nasjonalparkstyre.<\/p>\n<\/div>\n\t\t\t\t\t\n\t\t\t\t<\/div>\n\t\t\t<\/div>\n\t\t<\/div>\n\t\t\n\n\n<h2 class=\"wp-block-heading\"><strong>Kvifor H\u00f8gre?<\/strong> <\/h2>\n\n\n\n<p class=\"has-text-align-left\">H\u00f8gre er rett parti for meg fordi vi ser heilskap i n\u00e6rings- og skulepolitikken og gir moglegheiter for alle. Samtidig som H\u00f8gre forst\u00e5r at verdiane som n\u00e6ringslivet skapar, m\u00e5 skapast f\u00f8r dei kan fordelast.<\/p>\n\n\n\n\t\t<div class=\"has-transparent-background-color is-layout-left alignwide alignwide wp-block-hoyre-media-text\">\n\t\t\t<div class=\"hoyre-media-text__media\">\n\t\t\t\t<img loading=\"lazy\" decoding=\"async\" width=\"863\" height=\"1024\" src=\"https:\/\/hoyre.no\/content\/uploads\/sites\/317\/2023\/08\/Fleksibel-barnehage-SFO.jpg\" class=\"hoyre-media-text__media-image\" alt=\"\" style=\"--focal: 50% 50%;\" srcset=\"https:\/\/hoyre.no\/content\/uploads\/sites\/317\/2023\/08\/Fleksibel-barnehage-SFO.jpg 863w, https:\/\/hoyre.no\/content\/uploads\/sites\/317\/2023\/08\/Fleksibel-barnehage-SFO-253x300.jpg 253w, https:\/\/hoyre.no\/content\/uploads\/sites\/317\/2023\/08\/Fleksibel-barnehage-SFO-768x911.jpg 768w\" sizes=\"auto, (max-width: 863px) 100vw, 863px\" \/>\n\t\t\t<\/div>\n\t\t\t<div class=\"hoyre-media-text__content\">\n\t\t\t\t<div class=\"hoyre-media-text__content-inner\">\n\t\t\t\t\t\n\t\t\t<div class=\"hoyre-media-text__title-container\">\n\t\t\t\t\n\t\t\t\t<h2 class=\"hoyre-media-text__title\"><strong>Eit stort engasjement for barn og unge<\/strong><\/h2>\n\t\t\t<\/div>\n\t\t\t\n\t\t\t\t\t<div class=\"hoyre-media-text__blocks\">\n<p>Eg er opptatt av at dei yngre stemmene m\u00e5 f\u00e5 kome til i samfunnsdebatten og har vore forslagsstillar b\u00e5de i kommunestyret og p\u00e5 fylkestinget der ungdomsr\u00e5da no har m\u00f8te og talerett. Det har vore fantastisk \u00e5 f\u00e5 f\u00f8lgje opp 4 barn som har vore engasjerte i b\u00e5de organisert og uorganiserte aktivitetar oppigjennom oppveksten og vi som foreldre har vore deltakande som st\u00f8tte og heiagjeng. Politiske verv har vore innan skule der eg har f\u00e5tt fram viktigheita av \u00e5 ha eit godt st\u00f8tteapparat kring elevane, at elevane m\u00e5 f\u00e5 velje utdanning utifr\u00e5 interesse og lidenskap, ein skule p\u00e5lag med n\u00e6ringslivet og viktigheita av at alle skulane i Vestland m\u00e5 ha ein milj\u00f8koordinator. Eg har og vore ei stemme inn i politikken og framsnakka ungt entrepren\u00f8rskap og kor viktig det er at ungdomane f\u00e5r sjekka ut dei gode verkt\u00f8ya elev,-ungdom,- og studentbedrift.<\/p>\n<\/div>\n\t\t\t\t\t\n\t\t\t\t<\/div>\n\t\t\t<\/div>\n\t\t<\/div>\n\t\t\n\n\n<h2 class=\"wp-block-heading\"><strong>Med hjarte for STRYN! <\/strong><\/h2>\n\n\n\n<p class=\"has-text-align-left\">Eg er opprinneleg S\u00f8re Sunnm\u00f8ring men etter over 30 \u00e5r i Stryn kommune der eg har budd og vore innbyggjar i dei fleste bygdene er eg no Stryning! I 1992 flytta eg til Olden og jobba p\u00e5 M\u00f8lla gjestehus f\u00f8r eg i 1994 flytta til Loen og starta \u00e5 jobbe p\u00e5 Hotel Alexandra, i 2002 opna eg butikken Mor &amp; Barn i Tinggata og budde d\u00e5 p\u00e5 Flo f\u00f8r familien i 2016 flytta til Stryn sentrum pga rasfarlege vegar<img loading=\"lazy\" decoding=\"async\" height=\"16\" width=\"16\" src=\"https:\/\/static.xx.fbcdn.net\/images\/emoji.php\/v9\/tbd\/3\/16\/1f60a.png\" alt=\"\ud83d\ude0a\"> \u2013 nokon som har budd p\u00e5 s\u00e5 mange plassar i Stryn kommune som meg? <\/p>\n\n\n\n<p class=\"has-text-align-left\">Eg er stolt av \u00e5 vere Stryning og ser at vi er prisgitte dei fantastiske innbyggjarane vi har som skaper arbeidsplassar, festivalar, inkludering og eit attraktivt lokalsamfunn, samtidig ser eg at vi har eit ytlegare potensiale for vekst og utvikling. <\/p>\n\n\n\n\t\t<div class=\"has-transparent-background-color is-layout-right alignwide alignwide wp-block-hoyre-media-text\">\n\t\t\t<div class=\"hoyre-media-text__media\">\n\t\t\t\t<img loading=\"lazy\" decoding=\"async\" width=\"683\" height=\"1024\" src=\"https:\/\/hoyre.no\/content\/uploads\/sites\/317\/2023\/08\/sonja-brua-683x1024.jpg\" class=\"hoyre-media-text__media-image\" alt=\"\" style=\"--focal: 45% 18%;\" srcset=\"https:\/\/hoyre.no\/content\/uploads\/sites\/317\/2023\/08\/sonja-brua-683x1024.jpg 683w, https:\/\/hoyre.no\/content\/uploads\/sites\/317\/2023\/08\/sonja-brua-200x300.jpg 200w, https:\/\/hoyre.no\/content\/uploads\/sites\/317\/2023\/08\/sonja-brua-768x1152.jpg 768w, https:\/\/hoyre.no\/content\/uploads\/sites\/317\/2023\/08\/sonja-brua-1024x1536.jpg 1024w, https:\/\/hoyre.no\/content\/uploads\/sites\/317\/2023\/08\/sonja-brua-1366x2048.jpg 1366w, https:\/\/hoyre.no\/content\/uploads\/sites\/317\/2023\/08\/sonja-brua-scaled.jpg 1667w\" sizes=\"auto, (max-width: 683px) 100vw, 683px\" \/>\n\t\t\t<\/div>\n\t\t\t<div class=\"hoyre-media-text__content\">\n\t\t\t\t<div class=\"hoyre-media-text__content-inner\">\n\t\t\t\t\t\n\t\t\t<div class=\"hoyre-media-text__title-container\">\n\t\t\t\t\n\t\t\t\t<h2 class=\"hoyre-media-text__title\"><strong>Aktiv jente fr\u00e5 Sands\u00f8ya<\/strong><\/h2>\n\t\t\t<\/div>\n\t\t\t\n\t\t\t\t\t<div class=\"hoyre-media-text__blocks\">\n<p>Lidenskapen for idrett har vore der heile livet. I ung alder spela eg fotball med start ilag med gutane p\u00e5 miniputt,- lilleputt,- og gutelaget f\u00f8r eg starta p\u00e5 damelag. Fotballkarriere vart avslutta i Loen der eg spela p\u00e5 damelaget. Fun fact &#8211; i forbindelse med deltaking i Fr\u00f8ken Norge i 1993 spela vi pausekamp mellom Lyn og HamKam der eg scora 2 m\u00e5l p\u00e5 Ullev\u00e5l<img loading=\"lazy\" decoding=\"async\" height=\"16\" width=\"16\" src=\"https:\/\/static.xx.fbcdn.net\/images\/emoji.php\/v9\/tbd\/3\/16\/1f60a.png\" alt=\"\ud83d\ude0a\"> Friidrett har og vore lidenskap der eg var ein ivrig 800m l\u00f8par, har dansa i leikarring, spela althorn i hornmusikken og sykla Bergen-Voss\/Lillehammer-Oslo.<\/p>\n<\/div>\n\t\t\t\t\t\n\t\t\t\t<\/div>\n\t\t\t<\/div>\n\t\t<\/div>\n\t\t\n\n\n<h2 class=\"wp-block-heading\"><strong>Favorittplassen<\/strong><\/h2>\n\n\n\n<p class=\"has-text-align-left\">Vi har mange fine plassar \u00e5 reise til for \u00e5 f\u00e5 litt rekreasjon og kome oss litt vekk fr\u00e5 kvardagslege rutinar. Eg finn roa p\u00e5 hytta p\u00e5 Flofjellet og p\u00e5 Strandafjellet og set pris p\u00e5 sol og late dagar i leilegheita i Spania.<\/p>\n\n\n\n<div class=\"wp-block-hoyre-banner alignwide undefined  is-style-blue\"><div class=\"banner-inner\"><div class=\"banner-content\"><div class=\"entry-content\">\n<h2 class=\"wp-block-heading\">Sonja sine hjartesaker \ud83d\udc99<\/h2>\n\n\n\n<ol class=\"wp-block-list\" id=\"block-97f2daaf-d2f4-4e7b-81e2-e2b8615d0e63\">\n<li>Skape ein JA-kommune p\u00e5 lag med innbyggjarane, frivilligheita og n\u00e6ringslivet.<\/li>\n\n\n\n<li>Skape utvikling rundt og p\u00e5 Stryn vidareg\u00e5ande skule.<\/li>\n\n\n\n<li>Leggje tilrette for inkludering og hindre utanforskap.<\/li>\n\n\n\n<li>Sikre h\u00f8g kvalitet p\u00e5 alle v\u00e5re lovp\u00e5lagte kommunale tjenester.<\/li>\n<\/ol>\n\n\n\n<div class=\"wp-block-buttons is-layout-flex wp-block-buttons-is-layout-flex\"><\/div>\n<\/div><\/div><\/div><\/div>\n\n\n\n\n<div class=\"wp-block-hoyre-banner alignwide undefined\"><div class=\"banner-inner\"><figure class=\"hoyre-image-wrapper\"><div class=\"hoyre-image\"><img loading=\"lazy\" decoding=\"async\" width=\"1170\" height=\"1560\" src=\"https:\/\/hoyre.no\/content\/uploads\/sites\/317\/2023\/08\/7-gode-grunnar-Stryn-Hogre.jpg\" class=\"attachment-scaled size-scaled\" alt=\"\" style=\"object-position: 51% 40%\" srcset=\"https:\/\/hoyre.no\/content\/uploads\/sites\/317\/2023\/08\/7-gode-grunnar-Stryn-Hogre.jpg 1170w, https:\/\/hoyre.no\/content\/uploads\/sites\/317\/2023\/08\/7-gode-grunnar-Stryn-Hogre-225x300.jpg 225w, https:\/\/hoyre.no\/content\/uploads\/sites\/317\/2023\/08\/7-gode-grunnar-Stryn-Hogre-768x1024.jpg 768w, https:\/\/hoyre.no\/content\/uploads\/sites\/317\/2023\/08\/7-gode-grunnar-Stryn-Hogre-1152x1536.jpg 1152w\" sizes=\"auto, (max-width: 1170px) 100vw, 1170px\" \/><\/div><\/figure><div class=\"banner-content\"><div class=\"entry-content\">\n<h2 class=\"wp-block-heading\">Vil du vite meir om kva me g\u00e5r til val p\u00e5?<\/h2>\n\n\n\n<p>Her er 7 grunnar til \u00e5 stemme H\u00f8gre i Stryn \ud83d\udc47<\/p>\n\n\n\n<div class=\"wp-block-buttons is-layout-flex wp-block-buttons-is-layout-flex\">\n<div class=\"wp-block-button\"><a class=\"wp-block-button__link wp-element-button\" href=\"https:\/\/hoyre.no\/stryn\/7-gode-grunnar\/\">Trykk her for \u00e5 lese meir<\/a><\/div>\n<\/div>\n<\/div><\/div><\/div><\/div>\n","protected":false},"excerpt":{"rendered":"","protected":false},"author":18675,"featured_media":0,"parent":0,"menu_order":0,"comment_status":"closed","ping_status":"closed","template":"","meta":{"teft_cards_image_url":"","teft_cards_custom_pretitle":"","teft_cards_image_id":0,"teft_cards_image_focal_point_x":0,"teft_cards_image_focal_point_y":0,"teft_cards_title":"","teft_cards_excerpt":"","teft_show_chapters":false,"footnotes":""},"class_list":["post-26","page","type-page","status-publish","hentry"],"yoast_head":"<!-- This site is optimized with the Yoast SEO plugin v26.6 - https:\/\/yoast.com\/wordpress\/plugins\/seo\/ -->\n<title>Ordf\u00f8rarkandidat - Stryn H\u00f8gre<\/title>\n<meta name=\"robots\" content=\"index, follow, max-snippet:-1, max-image-preview:large, max-video-preview:-1\" \/>\n<link rel=\"canonical\" href=\"https:\/\/hoyre.no\/stryn\/ordforarkandidat\/\" \/>\n<meta property=\"og:locale\" content=\"nn_NO\" \/>\n<meta property=\"og:type\" content=\"article\" \/>\n<meta property=\"og:title\" content=\"Ordf\u00f8rarkandidat - Stryn H\u00f8gre\" \/>\n<meta property=\"og:url\" content=\"https:\/\/hoyre.no\/stryn\/ordforarkandidat\/\" \/>\n<meta property=\"og:site_name\" content=\"Stryn H\u00f8gre\" \/>\n<meta property=\"article:modified_time\" content=\"2025-02-18T15:23:39+00:00\" \/>\n<meta property=\"og:image\" content=\"https:\/\/static.xx.fbcdn.net\/images\/emoji.php\/v9\/tbd\/3\/16\/1f60a.png\" \/>\n<meta name=\"twitter:card\" content=\"summary_large_image\" \/>\n<meta name=\"twitter:label1\" content=\"Est. reading time\" \/>\n\t<meta name=\"twitter:data1\" content=\"5 minutt\" \/>\n<script type=\"application\/ld+json\" class=\"yoast-schema-graph\">{\"@context\":\"https:\/\/schema.org\",\"@graph\":[{\"@type\":\"WebPage\",\"@id\":\"https:\/\/hoyre.no\/stryn\/ordforarkandidat\/\",\"url\":\"https:\/\/hoyre.no\/stryn\/ordforarkandidat\/\",\"name\":\"Ordf\u00f8rarkandidat - Stryn H\u00f8gre\",\"isPartOf\":{\"@id\":\"https:\/\/hoyre.no\/stryn\/#website\"},\"image\":{\"@id\":\"https:\/\/hoyre.no\/stryn\/ordforarkandidat\/#primaryimage\"},\"thumbnailUrl\":\"https:\/\/static.xx.fbcdn.net\/images\/emoji.php\/v9\/tbd\/3\/16\/1f60a.png\",\"datePublished\":\"2023-08-03T14:53:48+00:00\",\"dateModified\":\"2025-02-18T15:23:39+00:00\",\"breadcrumb\":{\"@id\":\"https:\/\/hoyre.no\/stryn\/ordforarkandidat\/#breadcrumb\"},\"inLanguage\":\"nn-NO\",\"potentialAction\":[{\"@type\":\"ReadAction\",\"target\":[\"https:\/\/hoyre.no\/stryn\/ordforarkandidat\/\"]}]},{\"@type\":\"ImageObject\",\"inLanguage\":\"nn-NO\",\"@id\":\"https:\/\/hoyre.no\/stryn\/ordforarkandidat\/#primaryimage\",\"url\":\"https:\/\/static.xx.fbcdn.net\/images\/emoji.php\/v9\/tbd\/3\/16\/1f60a.png\",\"contentUrl\":\"https:\/\/static.xx.fbcdn.net\/images\/emoji.php\/v9\/tbd\/3\/16\/1f60a.png\"},{\"@type\":\"BreadcrumbList\",\"@id\":\"https:\/\/hoyre.no\/stryn\/ordforarkandidat\/#breadcrumb\",\"itemListElement\":[{\"@type\":\"ListItem\",\"position\":1,\"name\":\"Til hoyre.no\",\"item\":\"https:\/\/hoyre.no\"},{\"@type\":\"ListItem\",\"position\":2,\"name\":\"Hjem\",\"item\":\"https:\/\/hoyre.no\/stryn\/\"},{\"@type\":\"ListItem\",\"position\":3,\"name\":\"Ordf\u00f8rarkandidat\"}]},{\"@type\":\"WebSite\",\"@id\":\"https:\/\/hoyre.no\/stryn\/#website\",\"url\":\"https:\/\/hoyre.no\/stryn\/\",\"name\":\"Stryn H\u00f8gre\",\"description\":\"Bare enda et H\u00f8yres nettsteder-nettsted\",\"inLanguage\":\"nn-NO\"}]}<\/script>\n<!-- \/ Yoast SEO plugin. -->","yoast_head_json":{"title":"Ordf\u00f8rarkandidat - Stryn H\u00f8gre","robots":{"index":"index","follow":"follow","max-snippet":"max-snippet:-1","max-image-preview":"max-image-preview:large","max-video-preview":"max-video-preview:-1"},"canonical":"https:\/\/hoyre.no\/stryn\/ordforarkandidat\/","og_locale":"nn_NO","og_type":"article","og_title":"Ordf\u00f8rarkandidat - Stryn H\u00f8gre","og_url":"https:\/\/hoyre.no\/stryn\/ordforarkandidat\/","og_site_name":"Stryn H\u00f8gre","article_modified_time":"2025-02-18T15:23:39+00:00","og_image":[{"url":"https:\/\/static.xx.fbcdn.net\/images\/emoji.php\/v9\/tbd\/3\/16\/1f60a.png","type":"","width":"","height":""}],"twitter_card":"summary_large_image","twitter_misc":{"Est. reading time":"5 minutt"},"schema":{"@context":"https:\/\/schema.org","@graph":[{"@type":"WebPage","@id":"https:\/\/hoyre.no\/stryn\/ordforarkandidat\/","url":"https:\/\/hoyre.no\/stryn\/ordforarkandidat\/","name":"Ordf\u00f8rarkandidat - Stryn H\u00f8gre","isPartOf":{"@id":"https:\/\/hoyre.no\/stryn\/#website"},"image":{"@id":"https:\/\/hoyre.no\/stryn\/ordforarkandidat\/#primaryimage"},"thumbnailUrl":"https:\/\/static.xx.fbcdn.net\/images\/emoji.php\/v9\/tbd\/3\/16\/1f60a.png","datePublished":"2023-08-03T14:53:48+00:00","dateModified":"2025-02-18T15:23:39+00:00","breadcrumb":{"@id":"https:\/\/hoyre.no\/stryn\/ordforarkandidat\/#breadcrumb"},"inLanguage":"nn-NO","potentialAction":[{"@type":"ReadAction","target":["https:\/\/hoyre.no\/stryn\/ordforarkandidat\/"]}]},{"@type":"ImageObject","inLanguage":"nn-NO","@id":"https:\/\/hoyre.no\/stryn\/ordforarkandidat\/#primaryimage","url":"https:\/\/static.xx.fbcdn.net\/images\/emoji.php\/v9\/tbd\/3\/16\/1f60a.png","contentUrl":"https:\/\/static.xx.fbcdn.net\/images\/emoji.php\/v9\/tbd\/3\/16\/1f60a.png"},{"@type":"BreadcrumbList","@id":"https:\/\/hoyre.no\/stryn\/ordforarkandidat\/#breadcrumb","itemListElement":[{"@type":"ListItem","position":1,"name":"Til hoyre.no","item":"https:\/\/hoyre.no"},{"@type":"ListItem","position":2,"name":"Hjem","item":"https:\/\/hoyre.no\/stryn\/"},{"@type":"ListItem","position":3,"name":"Ordf\u00f8rarkandidat"}]},{"@type":"WebSite","@id":"https:\/\/hoyre.no\/stryn\/#website","url":"https:\/\/hoyre.no\/stryn\/","name":"Stryn H\u00f8gre","description":"Bare enda et H\u00f8yres nettsteder-nettsted","inLanguage":"nn-NO"}]}},"distributor_meta":false,"distributor_terms":false,"distributor_media":false,"distributor_original_site_name":"Stryn H\u00f8gre","distributor_original_site_url":"https:\/\/hoyre.no\/stryn","push-errors":false,"_links":{"self":[{"href":"https:\/\/hoyre.no\/stryn\/wp-json\/wp\/v2\/pages\/26","targetHints":{"allow":["GET"]}}],"collection":[{"href":"https:\/\/hoyre.no\/stryn\/wp-json\/wp\/v2\/pages"}],"about":[{"href":"https:\/\/hoyre.no\/stryn\/wp-json\/wp\/v2\/types\/page"}],"author":[{"embeddable":true,"href":"https:\/\/hoyre.no\/stryn\/wp-json\/wp\/v2\/users\/18675"}],"replies":[{"embeddable":true,"href":"https:\/\/hoyre.no\/stryn\/wp-json\/wp\/v2\/comments?post=26"}],"version-history":[{"count":16,"href":"https:\/\/hoyre.no\/stryn\/wp-json\/wp\/v2\/pages\/26\/revisions"}],"predecessor-version":[{"id":146,"href":"https:\/\/hoyre.no\/stryn\/wp-json\/wp\/v2\/pages\/26\/revisions\/146"}],"wp:attachment":[{"href":"https:\/\/hoyre.no\/stryn\/wp-json\/wp\/v2\/media?parent=26"}],"curies":[{"name":"wp","href":"https:\/\/api.w.org\/{rel}","templated":true}]}}