{"id":28,"date":"2023-05-02T12:47:27","date_gmt":"2023-05-02T10:47:27","guid":{"rendered":"https:\/\/hoyre.no\/suldal\/?page_id=28"},"modified":"2023-07-19T11:33:52","modified_gmt":"2023-07-19T09:33:52","slug":"politikk","status":"publish","type":"page","link":"https:\/\/hoyre.no\/suldal\/politikk\/","title":{"rendered":"Politikk"},"content":{"rendered":"\n<div class=\"wp-block-hoyre-hero with-image-gradient text-color-light  has-media alignfull has-background\"><div class=\"hoyre-hero has-image\"><h1 class=\"title\">Politikk<\/h1><p class=\"preamble\">H\u00f8gre legg vekt p\u00e5 kontinuitet mellom fortid og framtid. Me har arva eit samfunn prega av tillit, openheit og sm\u00e5 forskjellar, eit samfunn med h\u00f8g verdiskaping og med velutbygde velferdsordningar. Det er v\u00e5r plikt \u00e5 vareta og vidareutvikla dette samfunnet for framtidige generasjonar. <br><br>Me vil forandra for \u00e5 bevara. Med det meiner me at me m\u00e5 gjera n\u00f8dvendige endringar i dag av omsyn til klima og milj\u00f8, \u00f8konomisk og sosial berekraft og framtidige generasjonars velferd.<\/p>\t\t\t<div class=\"post-meta wp-block teft-byline-wrapper\">\n\t\t\t\t<div class=\"top\">\n\t\t\t\t\t<div class=\"signature\">\n\t\t\t\t\t\t<div class=\"teft-byline\">\n\t\t\t\t\t\t\t\t\t\t\t\t\t\t<div>\n\t\t\t\t\t\t\t\t<h3>H\u00f8yres redaksjon<\/h3>\t\t\t\t\t\t\t\t\n\t\t\t\t\t\t\t\t\t\t\t\t\t\t\t\t\t<span class=\"date\">Sist oppdatert: 19. juli 2023<\/span>\n\t\t\t\t\t\t\t\t\t\t\t\t\t\t\t\t\t\t\t\t\t\t\t\t\t<span class=\"reading-time\" itemprop=\"timeRequired\" content=\"PT1M\"><em>Ca. 1 minutter lesetid<\/em><\/span>\n\t\t\t\t\t\t\t\t\t\t\t\t\t\t\t<\/div>\n\t\t\t\t\t\t<\/div>\n\t\t\t\t\t<\/div>\n\t\t\t\t\t\t<div class=\"sharing\">\n\t\t<a class=\"share-button share-link copy-link\" data-copy=\"https:\/\/hoyre.no\/suldal\/politikk\/\" target=\"_blank\"><span class=\"screen-reader-text\">Del link<\/span><\/a>\n\t\t<a class=\"share-button share-twitter\" href=\"http:\/\/twitter.com\/share?text=Politikk&#038;url=https:\/\/hoyre.no\/suldal\/politikk\/&#038;hashtags=Hoyre\" target=\"_blank\"><span class=\"screen-reader-text\">Del p\u00e5 twitter<\/span><\/a>\n\t\t<a class=\"share-button share-facebook\" href=\"https:\/\/www.facebook.com\/sharer\/sharer.php?u=https:\/\/hoyre.no\/suldal\/politikk\/\" target=\"_blank\"><span class=\"screen-reader-text\">Del p\u00e5 facebook<\/span><\/a>\n\t<\/div>\n\t\t\t\t\t<\/div>\n\t\t\t<\/div>\n\n\t\t\t<figure class=\"hoyre-image-wrapper\"><div class=\"hoyre-image\"><img loading=\"lazy\" decoding=\"async\" width=\"2048\" height=\"1536\" src=\"https:\/\/hoyre.no\/content\/uploads\/sites\/210\/2023\/06\/296825727_8836597549699244_170167574867135484_n.jpg\" class=\"attachment-scaled size-scaled\" alt=\"\" style=\"object-position: 50% 50%\" srcset=\"https:\/\/hoyre.no\/content\/uploads\/sites\/210\/2023\/06\/296825727_8836597549699244_170167574867135484_n.jpg 2048w, https:\/\/hoyre.no\/content\/uploads\/sites\/210\/2023\/06\/296825727_8836597549699244_170167574867135484_n-300x225.jpg 300w, https:\/\/hoyre.no\/content\/uploads\/sites\/210\/2023\/06\/296825727_8836597549699244_170167574867135484_n-1024x768.jpg 1024w, https:\/\/hoyre.no\/content\/uploads\/sites\/210\/2023\/06\/296825727_8836597549699244_170167574867135484_n-768x576.jpg 768w, https:\/\/hoyre.no\/content\/uploads\/sites\/210\/2023\/06\/296825727_8836597549699244_170167574867135484_n-1536x1152.jpg 1536w\" sizes=\"auto, (max-width: 2048px) 100vw, 2048px\" \/><\/div><\/figure><\/div><\/div>\n\n\n\n\n<div class=\"wp-block-teft-file icon-link-block\"><a href=\"https:\/\/hoyre.no\/content\/uploads\/sites\/210\/2023\/07\/Program-Suldal-Hogre-2023-2027-1.pdf\" download><span class=\"file-title\">Her kan du lese v\u00e5rt valprogram for 2023-2027<\/span><span class=\"file-name\">Program-Suldal-Hogre-2023-2027-1.pdf [208.2kb]<\/span><\/a><\/div>\n\n","protected":false},"excerpt":{"rendered":"","protected":false},"author":10416,"featured_media":0,"parent":0,"menu_order":0,"comment_status":"closed","ping_status":"closed","template":"","meta":{"teft_cards_image_url":"","teft_cards_custom_pretitle":"","teft_cards_image_id":71,"teft_cards_image_focal_point_x":0.5,"teft_cards_image_focal_point_y":0.5,"teft_cards_title":"","teft_cards_excerpt":"","teft_show_chapters":false,"footnotes":""},"class_list":["post-28","page","type-page","status-publish","hentry"],"yoast_head":"<!-- This site is optimized with the Yoast SEO plugin v26.6 - https:\/\/yoast.com\/wordpress\/plugins\/seo\/ -->\n<title>Politikk - Suldal H\u00f8gre<\/title>\n<meta name=\"robots\" content=\"index, follow, max-snippet:-1, max-image-preview:large, max-video-preview:-1\" \/>\n<link rel=\"canonical\" href=\"https:\/\/hoyre.no\/suldal\/politikk\/\" \/>\n<meta property=\"og:locale\" content=\"nn_NO\" \/>\n<meta property=\"og:type\" content=\"article\" \/>\n<meta property=\"og:title\" content=\"Politikk - Suldal H\u00f8gre\" \/>\n<meta property=\"og:url\" content=\"https:\/\/hoyre.no\/suldal\/politikk\/\" \/>\n<meta property=\"og:site_name\" content=\"Suldal H\u00f8gre\" \/>\n<meta property=\"article:modified_time\" content=\"2023-07-19T09:33:52+00:00\" \/>\n<meta property=\"og:image\" content=\"https:\/\/hoyre.no\/content\/uploads\/sites\/210\/2023\/06\/296825727_8836597549699244_170167574867135484_n-1024x768.jpg\" \/>\n<meta name=\"twitter:card\" content=\"summary_large_image\" \/>\n<meta name=\"twitter:label1\" content=\"Est. reading time\" \/>\n\t<meta name=\"twitter:data1\" content=\"1 minutt\" \/>\n<script type=\"application\/ld+json\" class=\"yoast-schema-graph\">{\"@context\":\"https:\/\/schema.org\",\"@graph\":[{\"@type\":\"WebPage\",\"@id\":\"https:\/\/hoyre.no\/suldal\/politikk\/\",\"url\":\"https:\/\/hoyre.no\/suldal\/politikk\/\",\"name\":\"Politikk - Suldal H\u00f8gre\",\"isPartOf\":{\"@id\":\"https:\/\/hoyre.no\/suldal\/#website\"},\"datePublished\":\"2023-05-02T10:47:27+00:00\",\"dateModified\":\"2023-07-19T09:33:52+00:00\",\"breadcrumb\":{\"@id\":\"https:\/\/hoyre.no\/suldal\/politikk\/#breadcrumb\"},\"inLanguage\":\"nn-NO\",\"potentialAction\":[{\"@type\":\"ReadAction\",\"target\":[\"https:\/\/hoyre.no\/suldal\/politikk\/\"]}]},{\"@type\":\"BreadcrumbList\",\"@id\":\"https:\/\/hoyre.no\/suldal\/politikk\/#breadcrumb\",\"itemListElement\":[{\"@type\":\"ListItem\",\"position\":1,\"name\":\"Til hoyre.no\",\"item\":\"https:\/\/hoyre.no\"},{\"@type\":\"ListItem\",\"position\":2,\"name\":\"Hjem\",\"item\":\"https:\/\/hoyre.no\/suldal\/\"},{\"@type\":\"ListItem\",\"position\":3,\"name\":\"Politikk\"}]},{\"@type\":\"WebSite\",\"@id\":\"https:\/\/hoyre.no\/suldal\/#website\",\"url\":\"https:\/\/hoyre.no\/suldal\/\",\"name\":\"Suldal H\u00f8gre\",\"description\":\"Bare enda et H\u00f8yres nettsteder-nettsted\",\"inLanguage\":\"nn-NO\"}]}<\/script>\n<!-- \/ Yoast SEO plugin. -->","yoast_head_json":{"title":"Politikk - Suldal H\u00f8gre","robots":{"index":"index","follow":"follow","max-snippet":"max-snippet:-1","max-image-preview":"max-image-preview:large","max-video-preview":"max-video-preview:-1"},"canonical":"https:\/\/hoyre.no\/suldal\/politikk\/","og_locale":"nn_NO","og_type":"article","og_title":"Politikk - Suldal H\u00f8gre","og_url":"https:\/\/hoyre.no\/suldal\/politikk\/","og_site_name":"Suldal H\u00f8gre","article_modified_time":"2023-07-19T09:33:52+00:00","og_image":[{"url":"https:\/\/hoyre.no\/content\/uploads\/sites\/210\/2023\/06\/296825727_8836597549699244_170167574867135484_n-1024x768.jpg","width":"","height":"","type":""}],"twitter_card":"summary_large_image","twitter_misc":{"Est. reading time":"1 minutt"},"schema":{"@context":"https:\/\/schema.org","@graph":[{"@type":"WebPage","@id":"https:\/\/hoyre.no\/suldal\/politikk\/","url":"https:\/\/hoyre.no\/suldal\/politikk\/","name":"Politikk - Suldal H\u00f8gre","isPartOf":{"@id":"https:\/\/hoyre.no\/suldal\/#website"},"datePublished":"2023-05-02T10:47:27+00:00","dateModified":"2023-07-19T09:33:52+00:00","breadcrumb":{"@id":"https:\/\/hoyre.no\/suldal\/politikk\/#breadcrumb"},"inLanguage":"nn-NO","potentialAction":[{"@type":"ReadAction","target":["https:\/\/hoyre.no\/suldal\/politikk\/"]}]},{"@type":"BreadcrumbList","@id":"https:\/\/hoyre.no\/suldal\/politikk\/#breadcrumb","itemListElement":[{"@type":"ListItem","position":1,"name":"Til hoyre.no","item":"https:\/\/hoyre.no"},{"@type":"ListItem","position":2,"name":"Hjem","item":"https:\/\/hoyre.no\/suldal\/"},{"@type":"ListItem","position":3,"name":"Politikk"}]},{"@type":"WebSite","@id":"https:\/\/hoyre.no\/suldal\/#website","url":"https:\/\/hoyre.no\/suldal\/","name":"Suldal H\u00f8gre","description":"Bare enda et H\u00f8yres nettsteder-nettsted","inLanguage":"nn-NO"}]}},"distributor_meta":false,"distributor_terms":false,"distributor_media":false,"distributor_original_site_name":"Suldal H\u00f8gre","distributor_original_site_url":"https:\/\/hoyre.no\/suldal","push-errors":false,"_links":{"self":[{"href":"https:\/\/hoyre.no\/suldal\/wp-json\/wp\/v2\/pages\/28","targetHints":{"allow":["GET"]}}],"collection":[{"href":"https:\/\/hoyre.no\/suldal\/wp-json\/wp\/v2\/pages"}],"about":[{"href":"https:\/\/hoyre.no\/suldal\/wp-json\/wp\/v2\/types\/page"}],"author":[{"embeddable":true,"href":"https:\/\/hoyre.no\/suldal\/wp-json\/wp\/v2\/users\/10416"}],"replies":[{"embeddable":true,"href":"https:\/\/hoyre.no\/suldal\/wp-json\/wp\/v2\/comments?post=28"}],"version-history":[{"count":4,"href":"https:\/\/hoyre.no\/suldal\/wp-json\/wp\/v2\/pages\/28\/revisions"}],"predecessor-version":[{"id":98,"href":"https:\/\/hoyre.no\/suldal\/wp-json\/wp\/v2\/pages\/28\/revisions\/98"}],"wp:attachment":[{"href":"https:\/\/hoyre.no\/suldal\/wp-json\/wp\/v2\/media?parent=28"}],"curies":[{"name":"wp","href":"https:\/\/api.w.org\/{rel}","templated":true}]}}