{"id":82,"date":"2023-06-15T12:37:33","date_gmt":"2023-06-15T10:37:33","guid":{"rendered":"https:\/\/hoyre.no\/suldal\/?page_id=82"},"modified":"2025-01-28T12:28:36","modified_gmt":"2025-01-28T11:28:36","slug":"10-grunnar-til-a-stemme-hogre-i-suldal","status":"publish","type":"page","link":"https:\/\/hoyre.no\/suldal\/10-grunnar-til-a-stemme-hogre-i-suldal\/","title":{"rendered":"10 grunnar til \u00e5 stemme H\u00f8gre i Suldal"},"content":{"rendered":"\n<div class=\"wp-block-hoyre-hero with-image-gradient text-color-light  has-media alignfull has-background\"><div class=\"hoyre-hero has-image\"><h1 class=\"title\">10 grunnar til \u00e5 stemme H\u00f8gre i Suldal<\/h1><figure class=\"hoyre-image-wrapper\"><div class=\"hoyre-image\"><img loading=\"lazy\" decoding=\"async\" width=\"2048\" height=\"1536\" src=\"https:\/\/hoyre.no\/content\/uploads\/sites\/210\/2023\/06\/296825727_8836597549699244_170167574867135484_n.jpg\" class=\"attachment-scaled size-scaled\" alt=\"\" style=\"object-position: 50% 50%\" srcset=\"https:\/\/hoyre.no\/content\/uploads\/sites\/210\/2023\/06\/296825727_8836597549699244_170167574867135484_n.jpg 2048w, https:\/\/hoyre.no\/content\/uploads\/sites\/210\/2023\/06\/296825727_8836597549699244_170167574867135484_n-300x225.jpg 300w, https:\/\/hoyre.no\/content\/uploads\/sites\/210\/2023\/06\/296825727_8836597549699244_170167574867135484_n-1024x768.jpg 1024w, https:\/\/hoyre.no\/content\/uploads\/sites\/210\/2023\/06\/296825727_8836597549699244_170167574867135484_n-768x576.jpg 768w, https:\/\/hoyre.no\/content\/uploads\/sites\/210\/2023\/06\/296825727_8836597549699244_170167574867135484_n-1536x1152.jpg 1536w\" sizes=\"auto, (max-width: 2048px) 100vw, 2048px\" \/><\/div><\/figure><\/div><\/div>\n\n\n\n\n\t\t<div class=\"has-pale-green-background-color is-layout-left alignwide alignwide wp-block-hoyre-media-text\">\n\t\t\t<div class=\"hoyre-media-text__media\">\n\t\t\t\t<img loading=\"lazy\" decoding=\"async\" width=\"1024\" height=\"566\" src=\"https:\/\/hoyre.no\/content\/uploads\/sites\/210\/2023\/06\/GettyImages-473032112-1024x566.jpg\" class=\"hoyre-media-text__media-image\" alt=\"\" style=\"--focal: 50% 50%;\" srcset=\"https:\/\/hoyre.no\/content\/uploads\/sites\/210\/2023\/06\/GettyImages-473032112-1024x566.jpg 1024w, https:\/\/hoyre.no\/content\/uploads\/sites\/210\/2023\/06\/GettyImages-473032112-300x166.jpg 300w, https:\/\/hoyre.no\/content\/uploads\/sites\/210\/2023\/06\/GettyImages-473032112-768x425.jpg 768w, https:\/\/hoyre.no\/content\/uploads\/sites\/210\/2023\/06\/GettyImages-473032112-1536x850.jpg 1536w, https:\/\/hoyre.no\/content\/uploads\/sites\/210\/2023\/06\/GettyImages-473032112-2048x1133.jpg 2048w\" sizes=\"auto, (max-width: 1024px) 100vw, 1024px\" \/>\n\t\t\t<\/div>\n\t\t\t<div class=\"hoyre-media-text__content\">\n\t\t\t\t<div class=\"hoyre-media-text__content-inner\">\n\t\t\t\t\t\n\t\t\t<div class=\"hoyre-media-text__title-container\">\n\t\t\t\t\n\t\t\t\t<h2 class=\"hoyre-media-text__title\">1. <strong>Gratis barnehageplass og ein god skule<\/strong><\/h2>\n\t\t\t<\/div>\n\t\t\t\n\t\t\t\t\t<div class=\"hoyre-media-text__blocks\"><\/div>\n\t\t\t\t\t\n\t\t\t\t<\/div>\n\t\t\t<\/div>\n\t\t<\/div>\n\t\t\n\n\n\n\t\t<div class=\"has-pale-blue-background-color is-layout-right alignwide alignwide wp-block-hoyre-media-text\">\n\t\t\t<div class=\"hoyre-media-text__media\">\n\t\t\t\t<img loading=\"lazy\" decoding=\"async\" width=\"1024\" height=\"683\" src=\"https:\/\/hoyre.no\/content\/uploads\/sites\/210\/2023\/06\/GettyImages-1074061838-1024x683.jpg\" class=\"hoyre-media-text__media-image\" alt=\"\" style=\"--focal: 50% 50%;\" srcset=\"https:\/\/hoyre.no\/content\/uploads\/sites\/210\/2023\/06\/GettyImages-1074061838-1024x683.jpg 1024w, https:\/\/hoyre.no\/content\/uploads\/sites\/210\/2023\/06\/GettyImages-1074061838-300x200.jpg 300w, https:\/\/hoyre.no\/content\/uploads\/sites\/210\/2023\/06\/GettyImages-1074061838-768x512.jpg 768w, https:\/\/hoyre.no\/content\/uploads\/sites\/210\/2023\/06\/GettyImages-1074061838-1536x1024.jpg 1536w, https:\/\/hoyre.no\/content\/uploads\/sites\/210\/2023\/06\/GettyImages-1074061838-2048x1365.jpg 2048w\" sizes=\"auto, (max-width: 1024px) 100vw, 1024px\" \/>\n\t\t\t<\/div>\n\t\t\t<div class=\"hoyre-media-text__content\">\n\t\t\t\t<div class=\"hoyre-media-text__content-inner\">\n\t\t\t\t\t\n\t\t\t<div class=\"hoyre-media-text__title-container\">\n\t\t\t\t\n\t\t\t\t<h2 class=\"hoyre-media-text__title\"><strong>2. Levedyktig landbruk og berekraftig n\u00e6ringsliv<\/strong><\/h2>\n\t\t\t<\/div>\n\t\t\t\n\t\t\t\t\t<div class=\"hoyre-media-text__blocks\"><\/div>\n\t\t\t\t\t\n\t\t\t\t<\/div>\n\t\t\t<\/div>\n\t\t<\/div>\n\t\t\n\n\n\t\t<div class=\"has-pale-purple-background-color is-layout-left alignwide alignwide wp-block-hoyre-media-text\">\n\t\t\t<div class=\"hoyre-media-text__media\">\n\t\t\t\t<img loading=\"lazy\" decoding=\"async\" width=\"1024\" height=\"680\" src=\"https:\/\/hoyre.no\/content\/uploads\/sites\/210\/2023\/06\/GettyImages-492779192-1024x680.jpg\" class=\"hoyre-media-text__media-image\" alt=\"\" style=\"--focal: 50% 50%;\" srcset=\"https:\/\/hoyre.no\/content\/uploads\/sites\/210\/2023\/06\/GettyImages-492779192-1024x680.jpg 1024w, https:\/\/hoyre.no\/content\/uploads\/sites\/210\/2023\/06\/GettyImages-492779192-300x199.jpg 300w, https:\/\/hoyre.no\/content\/uploads\/sites\/210\/2023\/06\/GettyImages-492779192-768x510.jpg 768w, https:\/\/hoyre.no\/content\/uploads\/sites\/210\/2023\/06\/GettyImages-492779192-1536x1020.jpg 1536w, https:\/\/hoyre.no\/content\/uploads\/sites\/210\/2023\/06\/GettyImages-492779192-2048x1360.jpg 2048w\" sizes=\"auto, (max-width: 1024px) 100vw, 1024px\" \/>\n\t\t\t<\/div>\n\t\t\t<div class=\"hoyre-media-text__content\">\n\t\t\t\t<div class=\"hoyre-media-text__content-inner\">\n\t\t\t\t\t\n\t\t\t<div class=\"hoyre-media-text__title-container\">\n\t\t\t\t\n\t\t\t\t<h2 class=\"hoyre-media-text__title\">3. Trafikktryggleik<\/h2>\n\t\t\t<\/div>\n\t\t\t\n\t\t\t\t\t<div class=\"hoyre-media-text__blocks\">\n<p><strong>Lang tunnel i R\u00f8dsliane\u00a0og at riksveg 13 blir oppgradert og rassikra med fokus p\u00e5 strekninga Erfjord til Sand og strekninga til R\u00f8ldal.<\/strong><\/p>\n<\/div>\n\t\t\t\t\t\n\t\t\t\t<\/div>\n\t\t\t<\/div>\n\t\t<\/div>\n\t\t\n\n\n\t\t<div class=\"has-dark-blue-background-color is-layout-right alignwide alignwide wp-block-hoyre-media-text\">\n\t\t\t<div class=\"hoyre-media-text__media\">\n\t\t\t\t<img loading=\"lazy\" decoding=\"async\" width=\"1024\" height=\"768\" src=\"https:\/\/hoyre.no\/content\/uploads\/sites\/210\/2023\/06\/296825727_8836597549699244_170167574867135484_n-1024x768.jpg\" class=\"hoyre-media-text__media-image\" alt=\"\" style=\"--focal: 50% 50%;\" srcset=\"https:\/\/hoyre.no\/content\/uploads\/sites\/210\/2023\/06\/296825727_8836597549699244_170167574867135484_n-1024x768.jpg 1024w, https:\/\/hoyre.no\/content\/uploads\/sites\/210\/2023\/06\/296825727_8836597549699244_170167574867135484_n-300x225.jpg 300w, https:\/\/hoyre.no\/content\/uploads\/sites\/210\/2023\/06\/296825727_8836597549699244_170167574867135484_n-768x576.jpg 768w, https:\/\/hoyre.no\/content\/uploads\/sites\/210\/2023\/06\/296825727_8836597549699244_170167574867135484_n-1536x1152.jpg 1536w, https:\/\/hoyre.no\/content\/uploads\/sites\/210\/2023\/06\/296825727_8836597549699244_170167574867135484_n.jpg 2048w\" sizes=\"auto, (max-width: 1024px) 100vw, 1024px\" \/>\n\t\t\t<\/div>\n\t\t\t<div class=\"hoyre-media-text__content\">\n\t\t\t\t<div class=\"hoyre-media-text__content-inner\">\n\t\t\t\t\t\n\t\t\t<div class=\"hoyre-media-text__title-container\">\n\t\t\t\t\n\t\t\t\t<h2 class=\"hoyre-media-text__title\">4. <strong> Oppretthalde dagens hurtigb\u00e5ttilbod,\u00a0spesielt Sand-Sauda ruta<\/strong><\/h2>\n\t\t\t<\/div>\n\t\t\t\n\t\t\t\t\t<div class=\"hoyre-media-text__blocks\"><\/div>\n\t\t\t\t\t\n\t\t\t\t<\/div>\n\t\t\t<\/div>\n\t\t<\/div>\n\t\t\n\n\n\t\t<div class=\"has-lightest-blue-background-color is-layout-left alignwide alignwide wp-block-hoyre-media-text\">\n\t\t\t<div class=\"hoyre-media-text__media\">\n\t\t\t\t<img loading=\"lazy\" decoding=\"async\" width=\"1024\" height=\"683\" src=\"https:\/\/hoyre.no\/content\/uploads\/sites\/210\/2023\/06\/GettyImages-1329997503-1024x683.jpg\" class=\"hoyre-media-text__media-image\" alt=\"\" style=\"--focal: 50% 50%;\" srcset=\"https:\/\/hoyre.no\/content\/uploads\/sites\/210\/2023\/06\/GettyImages-1329997503-1024x683.jpg 1024w, https:\/\/hoyre.no\/content\/uploads\/sites\/210\/2023\/06\/GettyImages-1329997503-300x200.jpg 300w, https:\/\/hoyre.no\/content\/uploads\/sites\/210\/2023\/06\/GettyImages-1329997503-768x512.jpg 768w, https:\/\/hoyre.no\/content\/uploads\/sites\/210\/2023\/06\/GettyImages-1329997503-1536x1025.jpg 1536w, https:\/\/hoyre.no\/content\/uploads\/sites\/210\/2023\/06\/GettyImages-1329997503-2048x1366.jpg 2048w\" sizes=\"auto, (max-width: 1024px) 100vw, 1024px\" \/>\n\t\t\t<\/div>\n\t\t\t<div class=\"hoyre-media-text__content\">\n\t\t\t\t<div class=\"hoyre-media-text__content-inner\">\n\t\t\t\t\t\n\t\t\t<div class=\"hoyre-media-text__title-container\">\n\t\t\t\t\n\t\t\t\t<h2 class=\"hoyre-media-text__title\"><strong>5. Sikra legevaktstilbodet lokalt<\/strong><\/h2>\n\t\t\t<\/div>\n\t\t\t\n\t\t\t\t\t<div class=\"hoyre-media-text__blocks\"><\/div>\n\t\t\t\t\t\n\t\t\t\t<\/div>\n\t\t\t<\/div>\n\t\t<\/div>\n\t\t\n\n\n\t\t<div class=\"has-pink-background-color is-layout-right alignwide alignwide wp-block-hoyre-media-text\">\n\t\t\t<div class=\"hoyre-media-text__media\">\n\t\t\t\t<img loading=\"lazy\" decoding=\"async\" width=\"1024\" height=\"683\" src=\"https:\/\/hoyre.no\/content\/uploads\/sites\/210\/2023\/06\/GettyImages-1136806587-1024x683.jpg\" class=\"hoyre-media-text__media-image\" alt=\"\" style=\"--focal: 50% 50%;\" srcset=\"https:\/\/hoyre.no\/content\/uploads\/sites\/210\/2023\/06\/GettyImages-1136806587-1024x683.jpg 1024w, https:\/\/hoyre.no\/content\/uploads\/sites\/210\/2023\/06\/GettyImages-1136806587-300x200.jpg 300w, https:\/\/hoyre.no\/content\/uploads\/sites\/210\/2023\/06\/GettyImages-1136806587-768x512.jpg 768w, https:\/\/hoyre.no\/content\/uploads\/sites\/210\/2023\/06\/GettyImages-1136806587-1536x1024.jpg 1536w, https:\/\/hoyre.no\/content\/uploads\/sites\/210\/2023\/06\/GettyImages-1136806587-2048x1365.jpg 2048w\" sizes=\"auto, (max-width: 1024px) 100vw, 1024px\" \/>\n\t\t\t<\/div>\n\t\t\t<div class=\"hoyre-media-text__content\">\n\t\t\t\t<div class=\"hoyre-media-text__content-inner\">\n\t\t\t\t\t\n\t\t\t<div class=\"hoyre-media-text__title-container\">\n\t\t\t\t\n\t\t\t\t<h2 class=\"hoyre-media-text__title\"><strong>6. Oppretthalde ein god kulturskule med varierte tilbod<\/strong><\/h2>\n\t\t\t<\/div>\n\t\t\t\n\t\t\t\t\t<div class=\"hoyre-media-text__blocks\"><\/div>\n\t\t\t\t\t\n\t\t\t\t<\/div>\n\t\t\t<\/div>\n\t\t<\/div>\n\t\t\n\n\n\t\t<div class=\"has-pale-blue-background-color is-layout-left alignwide alignwide wp-block-hoyre-media-text\">\n\t\t\t<div class=\"hoyre-media-text__media\">\n\t\t\t\t<img loading=\"lazy\" decoding=\"async\" width=\"1024\" height=\"683\" src=\"https:\/\/hoyre.no\/content\/uploads\/sites\/210\/2023\/06\/GettyImages-535587483-1024x683.jpg\" class=\"hoyre-media-text__media-image\" alt=\"\" style=\"--focal: 50% 50%;\" srcset=\"https:\/\/hoyre.no\/content\/uploads\/sites\/210\/2023\/06\/GettyImages-535587483-1024x683.jpg 1024w, https:\/\/hoyre.no\/content\/uploads\/sites\/210\/2023\/06\/GettyImages-535587483-300x200.jpg 300w, https:\/\/hoyre.no\/content\/uploads\/sites\/210\/2023\/06\/GettyImages-535587483-768x512.jpg 768w, https:\/\/hoyre.no\/content\/uploads\/sites\/210\/2023\/06\/GettyImages-535587483-1536x1024.jpg 1536w, https:\/\/hoyre.no\/content\/uploads\/sites\/210\/2023\/06\/GettyImages-535587483-2048x1365.jpg 2048w\" sizes=\"auto, (max-width: 1024px) 100vw, 1024px\" \/>\n\t\t\t<\/div>\n\t\t\t<div class=\"hoyre-media-text__content\">\n\t\t\t\t<div class=\"hoyre-media-text__content-inner\">\n\t\t\t\t\t\n\t\t\t<div class=\"hoyre-media-text__title-container\">\n\t\t\t\t\n\t\t\t\t<h2 class=\"hoyre-media-text__title\">7. P\u00e5 lag med frivilligheita<\/h2>\n\t\t\t<\/div>\n\t\t\t\n\t\t\t\t\t<div class=\"hoyre-media-text__blocks\">\n<p><strong>Frivillige lag og organisasjonar f\u00e5r rammevilk\u00e5r for \u00e5 sikre gode vilk\u00e5r til aktivitet og kreatitivet.<\/strong><\/p>\n<\/div>\n\t\t\t\t\t\n\t\t\t\t<\/div>\n\t\t\t<\/div>\n\t\t<\/div>\n\t\t\n\n\n\t\t<div class=\"has-pale-green-background-color is-layout-right alignwide alignwide wp-block-hoyre-media-text\">\n\t\t\t<div class=\"hoyre-media-text__media\">\n\t\t\t\t<img loading=\"lazy\" decoding=\"async\" width=\"1024\" height=\"682\" src=\"https:\/\/hoyre.no\/content\/uploads\/sites\/210\/2023\/06\/Sau-1-1024x682.jpg\" class=\"hoyre-media-text__media-image\" alt=\"\" style=\"--focal: 64% 44%;\" srcset=\"https:\/\/hoyre.no\/content\/uploads\/sites\/210\/2023\/06\/Sau-1-1024x682.jpg 1024w, https:\/\/hoyre.no\/content\/uploads\/sites\/210\/2023\/06\/Sau-1-300x200.jpg 300w, https:\/\/hoyre.no\/content\/uploads\/sites\/210\/2023\/06\/Sau-1-768x512.jpg 768w, https:\/\/hoyre.no\/content\/uploads\/sites\/210\/2023\/06\/Sau-1-1536x1023.jpg 1536w, https:\/\/hoyre.no\/content\/uploads\/sites\/210\/2023\/06\/Sau-1-2048x1364.jpg 2048w\" sizes=\"auto, (max-width: 1024px) 100vw, 1024px\" \/>\n\t\t\t<\/div>\n\t\t\t<div class=\"hoyre-media-text__content\">\n\t\t\t\t<div class=\"hoyre-media-text__content-inner\">\n\t\t\t\t\t\n\t\t\t<div class=\"hoyre-media-text__title-container\">\n\t\t\t\t\n\t\t\t\t<h2 class=\"hoyre-media-text__title\">8. Landbruk<\/h2>\n\t\t\t<\/div>\n\t\t\t\n\t\t\t\t\t<div class=\"hoyre-media-text__blocks\">\n<p><strong>Leggje til rette for at landbruket f\u00e5r gode vilk\u00e5r og meverke til nyetablering i landbruket.\u00a0<\/strong><\/p>\n<\/div>\n\t\t\t\t\t\n\t\t\t\t<\/div>\n\t\t\t<\/div>\n\t\t<\/div>\n\t\t\n\n\n\t\t<div class=\"has-pale-purple-background-color is-layout-left alignwide alignwide wp-block-hoyre-media-text\">\n\t\t\t<div class=\"hoyre-media-text__media\">\n\t\t\t\t<img loading=\"lazy\" decoding=\"async\" width=\"1024\" height=\"683\" src=\"https:\/\/hoyre.no\/content\/uploads\/sites\/210\/2023\/06\/GettyImages-846017896-1024x683.jpg\" class=\"hoyre-media-text__media-image\" alt=\"\" style=\"--focal: 50% 50%;\" srcset=\"https:\/\/hoyre.no\/content\/uploads\/sites\/210\/2023\/06\/GettyImages-846017896-1024x683.jpg 1024w, https:\/\/hoyre.no\/content\/uploads\/sites\/210\/2023\/06\/GettyImages-846017896-300x200.jpg 300w, https:\/\/hoyre.no\/content\/uploads\/sites\/210\/2023\/06\/GettyImages-846017896-768x512.jpg 768w, https:\/\/hoyre.no\/content\/uploads\/sites\/210\/2023\/06\/GettyImages-846017896-1536x1024.jpg 1536w, https:\/\/hoyre.no\/content\/uploads\/sites\/210\/2023\/06\/GettyImages-846017896-2048x1365.jpg 2048w\" sizes=\"auto, (max-width: 1024px) 100vw, 1024px\" \/>\n\t\t\t<\/div>\n\t\t\t<div class=\"hoyre-media-text__content\">\n\t\t\t\t<div class=\"hoyre-media-text__content-inner\">\n\t\t\t\t\t\n\t\t\t<div class=\"hoyre-media-text__title-container\">\n\t\t\t\t\n\t\t\t\t<h2 class=\"hoyre-media-text__title\"><strong>9. Leggje til rette for \u00e5 skape aktivitet i n\u00e6ringslivet.\u00a0<\/strong><\/h2>\n\t\t\t<\/div>\n\t\t\t\n\t\t\t\t\t<div class=\"hoyre-media-text__blocks\"><\/div>\n\t\t\t\t\t\n\t\t\t\t<\/div>\n\t\t\t<\/div>\n\t\t<\/div>\n\t\t\n\n\n\t\t<div class=\"has-dark-blue-background-color is-layout-right alignwide alignwide wp-block-hoyre-media-text\">\n\t\t\t<div class=\"hoyre-media-text__media\">\n\t\t\t\t<img loading=\"lazy\" decoding=\"async\" width=\"1024\" height=\"575\" src=\"https:\/\/hoyre.no\/content\/uploads\/sites\/210\/2023\/06\/GettyImages-1330263557-1024x575.jpg\" class=\"hoyre-media-text__media-image\" alt=\"\" style=\"--focal: 50% 50%;\" srcset=\"https:\/\/hoyre.no\/content\/uploads\/sites\/210\/2023\/06\/GettyImages-1330263557-1024x575.jpg 1024w, https:\/\/hoyre.no\/content\/uploads\/sites\/210\/2023\/06\/GettyImages-1330263557-300x169.jpg 300w, https:\/\/hoyre.no\/content\/uploads\/sites\/210\/2023\/06\/GettyImages-1330263557-768x432.jpg 768w, https:\/\/hoyre.no\/content\/uploads\/sites\/210\/2023\/06\/GettyImages-1330263557-1536x863.jpg 1536w, https:\/\/hoyre.no\/content\/uploads\/sites\/210\/2023\/06\/GettyImages-1330263557-2048x1151.jpg 2048w\" sizes=\"auto, (max-width: 1024px) 100vw, 1024px\" \/>\n\t\t\t<\/div>\n\t\t\t<div class=\"hoyre-media-text__content\">\n\t\t\t\t<div class=\"hoyre-media-text__content-inner\">\n\t\t\t\t\t\n\t\t\t<div class=\"hoyre-media-text__title-container\">\n\t\t\t\t\n\t\t\t\t<h2 class=\"hoyre-media-text__title\"><strong>10. Arbeide aktivt for at Suldal kommune er ein attraktiv plass \u00e5 etablere seg.<\/strong><\/h2>\n\t\t\t<\/div>\n\t\t\t\n\t\t\t\t\t<div class=\"hoyre-media-text__blocks\"><\/div>\n\t\t\t\t\t\n\t\t\t\t<\/div>\n\t\t\t<\/div>\n\t\t<\/div>\n\t\t","protected":false},"excerpt":{"rendered":"","protected":false},"author":10416,"featured_media":0,"parent":0,"menu_order":0,"comment_status":"closed","ping_status":"closed","template":"","meta":{"teft_cards_image_url":"","teft_cards_custom_pretitle":"","teft_cards_image_id":0,"teft_cards_image_focal_point_x":0,"teft_cards_image_focal_point_y":0,"teft_cards_title":"","teft_cards_excerpt":"","teft_show_chapters":false,"footnotes":""},"class_list":["post-82","page","type-page","status-publish","hentry"],"yoast_head":"<!-- This site is optimized with the Yoast SEO plugin v26.6 - https:\/\/yoast.com\/wordpress\/plugins\/seo\/ -->\n<title>10 grunnar til \u00e5 stemme H\u00f8gre i Suldal - Suldal H\u00f8gre<\/title>\n<meta name=\"description\" content=\"Vi gir deg 10 gode grunner til hvorfor du b\u00f8r gi H\u00f8yre din stemme i Suldal.\" \/>\n<meta name=\"robots\" content=\"index, follow, max-snippet:-1, max-image-preview:large, max-video-preview:-1\" \/>\n<link rel=\"canonical\" href=\"https:\/\/hoyre.no\/suldal\/10-grunnar-til-a-stemme-hogre-i-suldal\/\" \/>\n<meta property=\"og:locale\" content=\"nn_NO\" \/>\n<meta property=\"og:type\" content=\"article\" \/>\n<meta property=\"og:title\" content=\"10 grunnar til \u00e5 stemme H\u00f8gre i Suldal - Suldal H\u00f8gre\" \/>\n<meta property=\"og:description\" content=\"Vi gir deg 10 gode grunner til hvorfor du b\u00f8r gi H\u00f8yre din stemme i Suldal.\" \/>\n<meta property=\"og:url\" content=\"https:\/\/hoyre.no\/suldal\/10-grunnar-til-a-stemme-hogre-i-suldal\/\" \/>\n<meta property=\"og:site_name\" content=\"Suldal H\u00f8gre\" \/>\n<meta property=\"article:modified_time\" content=\"2025-01-28T11:28:36+00:00\" \/>\n<meta property=\"og:image\" content=\"https:\/\/hoyre.no\/content\/uploads\/sites\/210\/2022\/11\/Hoyres-logo.png\" \/>\n\t<meta property=\"og:image:width\" content=\"1000\" \/>\n\t<meta property=\"og:image:height\" content=\"1000\" \/>\n\t<meta property=\"og:image:type\" content=\"image\/png\" \/>\n<meta name=\"twitter:card\" content=\"summary_large_image\" \/>\n<meta name=\"twitter:label1\" content=\"Est. reading time\" \/>\n\t<meta name=\"twitter:data1\" content=\"1 minutt\" \/>\n<script type=\"application\/ld+json\" class=\"yoast-schema-graph\">{\"@context\":\"https:\/\/schema.org\",\"@graph\":[{\"@type\":\"WebPage\",\"@id\":\"https:\/\/hoyre.no\/suldal\/10-grunnar-til-a-stemme-hogre-i-suldal\/\",\"url\":\"https:\/\/hoyre.no\/suldal\/10-grunnar-til-a-stemme-hogre-i-suldal\/\",\"name\":\"10 grunnar til \u00e5 stemme H\u00f8gre i Suldal - Suldal H\u00f8gre\",\"isPartOf\":{\"@id\":\"https:\/\/hoyre.no\/suldal\/#website\"},\"datePublished\":\"2023-06-15T10:37:33+00:00\",\"dateModified\":\"2025-01-28T11:28:36+00:00\",\"description\":\"Vi gir deg 10 gode grunner til hvorfor du b\u00f8r gi H\u00f8yre din stemme i Suldal.\",\"breadcrumb\":{\"@id\":\"https:\/\/hoyre.no\/suldal\/10-grunnar-til-a-stemme-hogre-i-suldal\/#breadcrumb\"},\"inLanguage\":\"nn-NO\",\"potentialAction\":[{\"@type\":\"ReadAction\",\"target\":[\"https:\/\/hoyre.no\/suldal\/10-grunnar-til-a-stemme-hogre-i-suldal\/\"]}]},{\"@type\":\"BreadcrumbList\",\"@id\":\"https:\/\/hoyre.no\/suldal\/10-grunnar-til-a-stemme-hogre-i-suldal\/#breadcrumb\",\"itemListElement\":[{\"@type\":\"ListItem\",\"position\":1,\"name\":\"Til hoyre.no\",\"item\":\"https:\/\/hoyre.no\"},{\"@type\":\"ListItem\",\"position\":2,\"name\":\"Hjem\",\"item\":\"https:\/\/hoyre.no\/suldal\/\"},{\"@type\":\"ListItem\",\"position\":3,\"name\":\"10 grunnar til \u00e5 stemme H\u00f8gre i Suldal\"}]},{\"@type\":\"WebSite\",\"@id\":\"https:\/\/hoyre.no\/suldal\/#website\",\"url\":\"https:\/\/hoyre.no\/suldal\/\",\"name\":\"Suldal H\u00f8gre\",\"description\":\"Bare enda et H\u00f8yres nettsteder-nettsted\",\"inLanguage\":\"nn-NO\"}]}<\/script>\n<!-- \/ Yoast SEO plugin. -->","yoast_head_json":{"title":"10 grunnar til \u00e5 stemme H\u00f8gre i Suldal - Suldal H\u00f8gre","description":"Vi gir deg 10 gode grunner til hvorfor du b\u00f8r gi H\u00f8yre din stemme i Suldal.","robots":{"index":"index","follow":"follow","max-snippet":"max-snippet:-1","max-image-preview":"max-image-preview:large","max-video-preview":"max-video-preview:-1"},"canonical":"https:\/\/hoyre.no\/suldal\/10-grunnar-til-a-stemme-hogre-i-suldal\/","og_locale":"nn_NO","og_type":"article","og_title":"10 grunnar til \u00e5 stemme H\u00f8gre i Suldal - Suldal H\u00f8gre","og_description":"Vi gir deg 10 gode grunner til hvorfor du b\u00f8r gi H\u00f8yre din stemme i Suldal.","og_url":"https:\/\/hoyre.no\/suldal\/10-grunnar-til-a-stemme-hogre-i-suldal\/","og_site_name":"Suldal H\u00f8gre","article_modified_time":"2025-01-28T11:28:36+00:00","og_image":[{"width":1000,"height":1000,"url":"https:\/\/hoyre.no\/content\/uploads\/sites\/210\/2022\/11\/Hoyres-logo.png","type":"image\/png"}],"twitter_card":"summary_large_image","twitter_misc":{"Est. reading time":"1 minutt"},"schema":{"@context":"https:\/\/schema.org","@graph":[{"@type":"WebPage","@id":"https:\/\/hoyre.no\/suldal\/10-grunnar-til-a-stemme-hogre-i-suldal\/","url":"https:\/\/hoyre.no\/suldal\/10-grunnar-til-a-stemme-hogre-i-suldal\/","name":"10 grunnar til \u00e5 stemme H\u00f8gre i Suldal - Suldal H\u00f8gre","isPartOf":{"@id":"https:\/\/hoyre.no\/suldal\/#website"},"datePublished":"2023-06-15T10:37:33+00:00","dateModified":"2025-01-28T11:28:36+00:00","description":"Vi gir deg 10 gode grunner til hvorfor du b\u00f8r gi H\u00f8yre din stemme i Suldal.","breadcrumb":{"@id":"https:\/\/hoyre.no\/suldal\/10-grunnar-til-a-stemme-hogre-i-suldal\/#breadcrumb"},"inLanguage":"nn-NO","potentialAction":[{"@type":"ReadAction","target":["https:\/\/hoyre.no\/suldal\/10-grunnar-til-a-stemme-hogre-i-suldal\/"]}]},{"@type":"BreadcrumbList","@id":"https:\/\/hoyre.no\/suldal\/10-grunnar-til-a-stemme-hogre-i-suldal\/#breadcrumb","itemListElement":[{"@type":"ListItem","position":1,"name":"Til hoyre.no","item":"https:\/\/hoyre.no"},{"@type":"ListItem","position":2,"name":"Hjem","item":"https:\/\/hoyre.no\/suldal\/"},{"@type":"ListItem","position":3,"name":"10 grunnar til \u00e5 stemme H\u00f8gre i Suldal"}]},{"@type":"WebSite","@id":"https:\/\/hoyre.no\/suldal\/#website","url":"https:\/\/hoyre.no\/suldal\/","name":"Suldal H\u00f8gre","description":"Bare enda et H\u00f8yres nettsteder-nettsted","inLanguage":"nn-NO"}]}},"distributor_meta":false,"distributor_terms":false,"distributor_media":false,"distributor_original_site_name":"Suldal H\u00f8gre","distributor_original_site_url":"https:\/\/hoyre.no\/suldal","push-errors":false,"_links":{"self":[{"href":"https:\/\/hoyre.no\/suldal\/wp-json\/wp\/v2\/pages\/82","targetHints":{"allow":["GET"]}}],"collection":[{"href":"https:\/\/hoyre.no\/suldal\/wp-json\/wp\/v2\/pages"}],"about":[{"href":"https:\/\/hoyre.no\/suldal\/wp-json\/wp\/v2\/types\/page"}],"author":[{"embeddable":true,"href":"https:\/\/hoyre.no\/suldal\/wp-json\/wp\/v2\/users\/10416"}],"replies":[{"embeddable":true,"href":"https:\/\/hoyre.no\/suldal\/wp-json\/wp\/v2\/comments?post=82"}],"version-history":[{"count":5,"href":"https:\/\/hoyre.no\/suldal\/wp-json\/wp\/v2\/pages\/82\/revisions"}],"predecessor-version":[{"id":101,"href":"https:\/\/hoyre.no\/suldal\/wp-json\/wp\/v2\/pages\/82\/revisions\/101"}],"wp:attachment":[{"href":"https:\/\/hoyre.no\/suldal\/wp-json\/wp\/v2\/media?parent=82"}],"curies":[{"name":"wp","href":"https:\/\/api.w.org\/{rel}","templated":true}]}}