{"id":54,"date":"2022-12-23T12:51:59","date_gmt":"2022-12-23T11:51:59","guid":{"rendered":"https:\/\/hoyre.no\/sunnfjord\/?page_id=54"},"modified":"2025-02-14T13:17:33","modified_gmt":"2025-02-14T12:17:33","slug":"anne-lilleaasen-var-ordforarkandidat","status":"publish","type":"page","link":"https:\/\/hoyre.no\/sunnfjord\/anne-lilleaasen-var-ordforarkandidat\/","title":{"rendered":"Anne Lilleaasen &#8211; v\u00e5r ordf\u00f8rarkandidat"},"content":{"rendered":"\n<div class=\"wp-block-hoyre-hero with-image-gradient text-color-light  has-media alignfull has-background\"><div class=\"hoyre-hero has-image\"><h1 class=\"title\">Anne Lilleaasen &#8211; v\u00e5r gruppeleiar<\/h1><p class=\"preamble\">Kvifor du skal gi H\u00f8gre og meg stemma di i Sunnfjord.<\/p>\t\t\t<div class=\"post-meta wp-block teft-byline-wrapper\">\n\t\t\t\t<div class=\"top\">\n\t\t\t\t\t<div class=\"signature\">\n\t\t\t\t\t\t<div class=\"teft-byline\">\n\t\t\t\t\t\t\t\t\t\t\t\t\t\t<div>\n\t\t\t\t\t\t\t\t<h3>H\u00f8yres redaksjon<\/h3>\t\t\t\t\t\t\t\t\n\t\t\t\t\t\t\t\t\t\t\t\t\t\t\t\t\t<span class=\"date\">Sist oppdatert: 14. februar 2025<\/span>\n\t\t\t\t\t\t\t\t\t\t\t\t\t\t\t\t\t\t\t\t\t\t\t\t\t<span class=\"reading-time\" itemprop=\"timeRequired\" content=\"PT3M\"><em>Ca. 3 minutter lesetid<\/em><\/span>\n\t\t\t\t\t\t\t\t\t\t\t\t\t\t\t<\/div>\n\t\t\t\t\t\t<\/div>\n\t\t\t\t\t<\/div>\n\t\t\t\t\t\t<div class=\"sharing\">\n\t\t<a class=\"share-button share-link copy-link\" data-copy=\"https:\/\/hoyre.no\/sunnfjord\/anne-lilleaasen-var-ordforarkandidat\/\" target=\"_blank\"><span class=\"screen-reader-text\">Del link<\/span><\/a>\n\t\t<a class=\"share-button share-twitter\" href=\"http:\/\/twitter.com\/share?text=Anne Lilleaasen &#8211; v\u00e5r ordf\u00f8rarkandidat&#038;url=https:\/\/hoyre.no\/sunnfjord\/anne-lilleaasen-var-ordforarkandidat\/&#038;hashtags=Hoyre\" target=\"_blank\"><span class=\"screen-reader-text\">Del p\u00e5 twitter<\/span><\/a>\n\t\t<a class=\"share-button share-facebook\" href=\"https:\/\/www.facebook.com\/sharer\/sharer.php?u=https:\/\/hoyre.no\/sunnfjord\/anne-lilleaasen-var-ordforarkandidat\/\" target=\"_blank\"><span class=\"screen-reader-text\">Del p\u00e5 facebook<\/span><\/a>\n\t<\/div>\n\t\t\t\t\t<\/div>\n\t\t\t<\/div>\n\n\t\t\t<figure class=\"hoyre-image-wrapper\"><div class=\"hoyre-image\"><img loading=\"lazy\" decoding=\"async\" width=\"2500\" height=\"1667\" src=\"https:\/\/hoyre.no\/content\/uploads\/sites\/318\/2023\/04\/AnneL-1-scaled.jpg\" class=\"attachment-scaled size-scaled\" alt=\"\" style=\"object-position: 43% 46%\" srcset=\"https:\/\/hoyre.no\/content\/uploads\/sites\/318\/2023\/04\/AnneL-1-scaled.jpg 2500w, https:\/\/hoyre.no\/content\/uploads\/sites\/318\/2023\/04\/AnneL-1-300x200.jpg 300w, https:\/\/hoyre.no\/content\/uploads\/sites\/318\/2023\/04\/AnneL-1-1024x683.jpg 1024w, https:\/\/hoyre.no\/content\/uploads\/sites\/318\/2023\/04\/AnneL-1-768x512.jpg 768w, https:\/\/hoyre.no\/content\/uploads\/sites\/318\/2023\/04\/AnneL-1-1536x1025.jpg 1536w, https:\/\/hoyre.no\/content\/uploads\/sites\/318\/2023\/04\/AnneL-1-2048x1366.jpg 2048w\" sizes=\"auto, (max-width: 2500px) 100vw, 2500px\" \/><\/div><\/figure><\/div><\/div>\n\n\n\n\n<div class=\"wp-block-buttons is-content-justification-center is-layout-flex wp-container-core-buttons-is-layout-16018d1d wp-block-buttons-is-layout-flex\">\n<div class=\"wp-block-button\"><a class=\"wp-block-button__link wp-element-button\" href=\"https:\/\/hoyre.no\/nyhetsbrev\/\">abonner p\u00e5 nyheitsbrev fr\u00e5 h\u00f8gre<\/a><\/div>\n\n\n\n<div class=\"wp-block-button\"><a class=\"wp-block-button__link wp-element-button\" href=\"https:\/\/hoyre.no\/personprofiler\/anne-kristin-lilleaasen\/\">kom i kontakt med anne <\/a><\/div>\n\n\n\n<div class=\"wp-block-button\"><a class=\"wp-block-button__link wp-element-button\" href=\"https:\/\/www.facebook.com\/sunnfjordhogre\">f\u00f8lg sunnfjord h\u00f8gre p\u00e5 facebook<\/a><\/div>\n<\/div>\n\n\n\n<div class=\"wp-block-hoyre-banner undefined has-icon-title icon-heart is-style-blue\"><div class=\"banner-inner\"><figure class=\"hoyre-image-wrapper\"><div class=\"hoyre-image\"><img loading=\"lazy\" decoding=\"async\" width=\"2000\" height=\"1125\" src=\"https:\/\/hoyre.no\/content\/uploads\/sites\/318\/2023\/08\/DSC0315-Rediger-Sos.-med.-Anne-landingsside-portrett-scaled-e1691507505386.jpg\" class=\"attachment-scaled size-scaled\" alt=\"Ordf\u00f8rarkandidat Anne Lilleaasen\" style=\"object-position: 50% 50%\" srcset=\"https:\/\/hoyre.no\/content\/uploads\/sites\/318\/2023\/08\/DSC0315-Rediger-Sos.-med.-Anne-landingsside-portrett-scaled-e1691507505386.jpg 2000w, https:\/\/hoyre.no\/content\/uploads\/sites\/318\/2023\/08\/DSC0315-Rediger-Sos.-med.-Anne-landingsside-portrett-scaled-e1691507505386-300x169.jpg 300w, https:\/\/hoyre.no\/content\/uploads\/sites\/318\/2023\/08\/DSC0315-Rediger-Sos.-med.-Anne-landingsside-portrett-scaled-e1691507505386-1024x576.jpg 1024w, https:\/\/hoyre.no\/content\/uploads\/sites\/318\/2023\/08\/DSC0315-Rediger-Sos.-med.-Anne-landingsside-portrett-scaled-e1691507505386-768x432.jpg 768w, https:\/\/hoyre.no\/content\/uploads\/sites\/318\/2023\/08\/DSC0315-Rediger-Sos.-med.-Anne-landingsside-portrett-scaled-e1691507505386-1536x864.jpg 1536w\" sizes=\"auto, (max-width: 2000px) 100vw, 2000px\" \/><\/div><\/figure><div class=\"banner-content\"><div class=\"entry-content\">\n<h2 class=\"wp-block-heading has-text-align-center\" id=\"h-bli-bedre-kjent-med-navn\">Bli betre kjent med Anne!<\/h2>\n\n\n\n<p class=\"has-text-align-left\"><strong>Sivilstatus:<\/strong> Sambuar med Frode, og vi har to s\u00f8ner: Fredrik (22) og Henrik (19).<\/p>\n\n\n\n<p class=\"has-text-align-left\"><strong>Jobb:<\/strong> Varaordf\u00f8rar i Sunnfjord kommune og seniorr\u00e5dgjevar i Helse F\u00f8rde.<\/p>\n\n\n\n<p class=\"has-text-align-left\"><strong>Bakgrunn:<\/strong> F\u00f8dd p\u00e5 Voss, oppvaksen i Oslo og B\u00e6rum. Studerte \u00f8konomi og leiing i Oslo, har utdanningsopphald i Spania og reist jorda rundt. Som halvt sogning og gjorde eg sunnfjording av meg i 1997.<\/p>\n\n\n\n<p class=\"has-text-align-left\"><strong>Politisk erfaring:<\/strong> Vore kommunepolitikar sidan 2011. Fylkestingsmedlem i perioden 2015-2019. Gruppeleiar i Gaular H\u00f8gre etterf\u00f8lgt av Sunnfjord H\u00f8gre fr\u00e5 2015-2021. Kvinnepolitisk leiar i Sogn og Fjordane H\u00f8gre 2014-2018. Lokallagsleiar 2014-2021. No varaordf\u00f8rar i Sunnfjord kommune.<\/p>\n\n\n\n<p class=\"has-text-align-left\"><strong>Kvifor er H\u00f8gre rett parti for deg?<\/strong> Fordi H\u00f8gre er det partiet som set enkeltmennesket og enkeltfamilien f\u00f8rst.&nbsp;Alle skal f\u00e5 vere med p\u00e5 \u00e5 bestemme i sine eigne liv.<\/p>\n\n\n\n<p class=\"has-text-align-left\"><strong>Det er laurdag, klokka n\u00e6rmer seg 19.00. Kva et du helst til middag?<\/strong> Reker, dill og aioli.<\/p>\n\n\n\n<p class=\"has-text-align-left\"><strong>Konsert eller idrettsarrangement?<\/strong> Som fotballmamma vert det mange kjekke fotballkampar, men elskar ogs\u00e5 konsertar.<\/p>\n\n\n\n<p class=\"has-text-align-left\"><strong>Dersom du skulle valt ein, kva er favorittartisten din?<\/strong> M\u00e5 velje minst to: ABBA og Eva Weel Skram.<\/p>\n\n\n\n<p class=\"has-text-align-left\"><strong>Funfact?<\/strong> M\u00f8tt Snoop Dog i New York.<\/p>\n\n\n\n<p class=\"has-text-align-left\"><strong>Kva er din favorittplass i kommunen og utanfor kommunen?<\/strong>&nbsp;Laukelandshesten og Spikersuppa i Oslo.<\/p>\n\n\n\n<div class=\"wp-block-buttons is-layout-flex wp-block-buttons-is-layout-flex\"><\/div>\n<\/div><\/div><\/div><\/div>\n\n\n\n<figure class=\"wp-block-teft-gallery columns-3 count-4 rows-3 is-cropped is-style-default\"><ul class=\"teft-gallery-grid\"><li class=\"teft-gallery-item \"><figure><a href=\"https:\/\/hoyre.no\/content\/uploads\/sites\/318\/2023\/01\/Anne-og-Olve-pa-terr.-scaled.jpg\" data-size=\"2500x1667\"><img loading=\"lazy\" decoding=\"async\" width=\"1024\" height=\"683\" src=\"https:\/\/hoyre.no\/content\/uploads\/sites\/318\/2023\/01\/Anne-og-Olve-pa-terr.-1024x683.jpg\" class=\"attachment-large size-large\" alt=\"\" srcset=\"https:\/\/hoyre.no\/content\/uploads\/sites\/318\/2023\/01\/Anne-og-Olve-pa-terr.-1024x683.jpg 1024w, https:\/\/hoyre.no\/content\/uploads\/sites\/318\/2023\/01\/Anne-og-Olve-pa-terr.-300x200.jpg 300w, https:\/\/hoyre.no\/content\/uploads\/sites\/318\/2023\/01\/Anne-og-Olve-pa-terr.-768x512.jpg 768w, https:\/\/hoyre.no\/content\/uploads\/sites\/318\/2023\/01\/Anne-og-Olve-pa-terr.-1536x1024.jpg 1536w, https:\/\/hoyre.no\/content\/uploads\/sites\/318\/2023\/01\/Anne-og-Olve-pa-terr.-2048x1365.jpg 2048w\" sizes=\"auto, (max-width: 1024px) 100vw, 1024px\" \/ data-full-url=\"https:\/\/hoyre.no\/content\/uploads\/sites\/318\/2023\/01\/Anne-og-Olve-pa-terr.-scaled.jpg\" data-id=\"117\" data-caption=\"117\"\/><\/a><\/figure><\/li><li class=\"teft-gallery-item \"><figure><a href=\"https:\/\/hoyre.no\/content\/uploads\/sites\/318\/2022\/11\/anne-kristin-2.jpg\" data-size=\"1008x756\"><img loading=\"lazy\" decoding=\"async\" width=\"1008\" height=\"756\" src=\"https:\/\/hoyre.no\/content\/uploads\/sites\/318\/2022\/11\/anne-kristin-2.jpg\" class=\"attachment-large size-large\" alt=\"\" srcset=\"https:\/\/hoyre.no\/content\/uploads\/sites\/318\/2022\/11\/anne-kristin-2.jpg 1008w, https:\/\/hoyre.no\/content\/uploads\/sites\/318\/2022\/11\/anne-kristin-2-300x225.jpg 300w, https:\/\/hoyre.no\/content\/uploads\/sites\/318\/2022\/11\/anne-kristin-2-768x576.jpg 768w\" sizes=\"auto, (max-width: 1008px) 100vw, 1008px\" \/ data-full-url=\"https:\/\/hoyre.no\/content\/uploads\/sites\/318\/2022\/11\/anne-kristin-2.jpg\" data-id=\"57\" data-caption=\"57\"\/><\/a><\/figure><\/li><li class=\"teft-gallery-item \"><figure><a href=\"https:\/\/hoyre.no\/content\/uploads\/sites\/318\/2022\/11\/anne-kristin-1.png\" data-size=\"812x1031\"><img loading=\"lazy\" decoding=\"async\" width=\"806\" height=\"1024\" src=\"https:\/\/hoyre.no\/content\/uploads\/sites\/318\/2022\/11\/anne-kristin-1-806x1024.png\" class=\"attachment-large size-large\" alt=\"\" srcset=\"https:\/\/hoyre.no\/content\/uploads\/sites\/318\/2022\/11\/anne-kristin-1-806x1024.png 806w, https:\/\/hoyre.no\/content\/uploads\/sites\/318\/2022\/11\/anne-kristin-1-236x300.png 236w, https:\/\/hoyre.no\/content\/uploads\/sites\/318\/2022\/11\/anne-kristin-1-768x975.png 768w, https:\/\/hoyre.no\/content\/uploads\/sites\/318\/2022\/11\/anne-kristin-1.png 812w\" sizes=\"auto, (max-width: 806px) 100vw, 806px\" \/ data-full-url=\"https:\/\/hoyre.no\/content\/uploads\/sites\/318\/2022\/11\/anne-kristin-1.png\" data-id=\"56\" data-caption=\"56\"\/><\/a><\/figure><\/li><li class=\"teft-gallery-item \"><figure><a href=\"https:\/\/hoyre.no\/content\/uploads\/sites\/318\/2023\/02\/41789.jpg\" data-size=\"1863x2388\"><img loading=\"lazy\" decoding=\"async\" width=\"799\" height=\"1024\" src=\"https:\/\/hoyre.no\/content\/uploads\/sites\/318\/2023\/02\/41789-799x1024.jpg\" class=\"attachment-large size-large\" alt=\"\" srcset=\"https:\/\/hoyre.no\/content\/uploads\/sites\/318\/2023\/02\/41789-799x1024.jpg 799w, https:\/\/hoyre.no\/content\/uploads\/sites\/318\/2023\/02\/41789-234x300.jpg 234w, https:\/\/hoyre.no\/content\/uploads\/sites\/318\/2023\/02\/41789-768x984.jpg 768w, https:\/\/hoyre.no\/content\/uploads\/sites\/318\/2023\/02\/41789-1198x1536.jpg 1198w, https:\/\/hoyre.no\/content\/uploads\/sites\/318\/2023\/02\/41789-1598x2048.jpg 1598w, https:\/\/hoyre.no\/content\/uploads\/sites\/318\/2023\/02\/41789.jpg 1863w\" sizes=\"auto, (max-width: 799px) 100vw, 799px\" \/ data-full-url=\"https:\/\/hoyre.no\/content\/uploads\/sites\/318\/2023\/02\/41789.jpg\" data-id=\"145\" data-caption=\"145\"\/><\/a><\/figure><\/li><\/ul><\/figure>\n\n\n\n<p class=\"has-text-align-center\"><em>Foto: Privat og Vidar Helle<\/em><\/p>\n\n\n\n<h2 class=\"wp-block-heading has-text-align-center\">Anne si hjartesak<\/h2>\n\n\n\n<h3 class=\"wp-block-heading\">\ud83d\udc99 <strong>Alle elever i Sunnfjord skal m\u00f8te ein god skule med tilpassa oppl\u00e6ring<\/strong><\/h3>\n\n\n\n<p>Skulen er den viktigaste arenaen vi har for \u00e5 sikre likskap til barna som veks opp i kommunen v\u00e5r.<\/p>\n\n\n\n<p>H\u00f8gre sitt m\u00e5l med Sunnfjordskulen er \u00e5 skape moglegheiter for alle elevane, der dei kjenner p\u00e5 meistrings- og l\u00e6ringsglede. Derfor m\u00e5 dei f\u00e5 den hjelpa dei treng for \u00e5 utvikle seg gjennom tilpassa oppl\u00e6ring fr\u00e5 dyktige l\u00e6rarar. H\u00f8gre vil styrkje skule\u00f8konomien, slik at alle skulane har r\u00e5d til \u00e5 oppgradere l\u00e6remidla og kan tilby like god undervisning i alle fag.<\/p>\n\n\n\n<p>Det er viktig at elevane trivst p\u00e5 skulen. Derfor vil H\u00f8gre ogs\u00e5 styrkje laget rundt elevane med fleire helsesjukepleiarar og r\u00e5dgjevarar.<\/p>\n\n\n\n<h3 class=\"wp-block-heading\">\ud83d\udc99 Alle menneske skal oppleve verdige helse, omsorgs- og pleietilbod over heile landet<\/h3>\n\n\n\n<p>N\u00e5r du blir sjuk eller gamal skal du f\u00e5 n\u00f8dvendig og verdig helsehjelp, pleie og omsorg same kvar du bur. Eldre menneskje skal ha valfriheit til \u00e5 velje buform, aktivitetar og f\u00e5 god mat til rett tid. <\/p>\n\n\n\n<p>Derfor m\u00e5 vi sikre ei berekraftig helse- og omsorgsteneste som leverer h\u00f8g kvalitet og har likeverdig tilgang for alle som bur i Sunnfjord. H\u00f8gre ynskjer \u00e5 legge til rette for at folk skal kunne bestemme meir over sin eigen kvardag, slik at dei kan leve verdige og sj\u00f8lvstendige liv.<\/p>\n\n\n\n<section class=\"wp-block-hoyre-branch-contact-person alignwide\">\n\t<div class=\"block-inner\">\n\t\t\n<div class=\"politician-info-wrapper\">\n\t<div class=\"politician-image-wrapper\">\n\t\t<div class=\"politician-image\">\n\t\t\t\t\t\t\t\t\t\t\t<a href=\"https:\/\/res.cloudinary.com\/hoyre\/image\/upload\/g_face:center,d_defaultprofileimg3.jpg,fl_lossy,f_auto\/v200902\/50749332.jpg\">\n\t\t\t\t\t<img decoding=\"async\" src=\"https:\/\/res.cloudinary.com\/hoyre\/image\/upload\/c_thumb,g_face:center,h_500,w_500,d_defaultprofileimg3.jpg,fl_lossy,f_auto\/w_500\/v20230420\/50749332.jpg\" alt=\"Profilbilde\" style=\"object-position: 50% 50%\" \/>\n\t\t\t\t<\/a>\n\t\t\t\t\t<\/div>\n\t\t\t<\/div>\n\t<div class=\"politician-details\">\n\t\t\t\t\t<h1 class=\"politician-name\"><a href=\"https:\/\/hoyre.no\/personprofiler\/anne-kristin-lilleaasen\/\">Anne Kristin Lilleaasen<\/a><\/h1>\n\t\t\t\t\t\t\t\t<h2 class=\"politician-title\">Gruppeleder<\/h2>\n\t\t\t\t\t<\/div>\n<\/div>\n\t<\/div>\n<\/section>\n\n","protected":false},"excerpt":{"rendered":"","protected":false},"author":31684,"featured_media":0,"parent":0,"menu_order":0,"comment_status":"closed","ping_status":"closed","template":"","meta":{"teft_cards_image_url":"","teft_cards_custom_pretitle":"","teft_cards_image_id":222,"teft_cards_image_focal_point_x":0.5,"teft_cards_image_focal_point_y":0.5,"teft_cards_title":"","teft_cards_excerpt":"","teft_show_chapters":false,"footnotes":""},"class_list":["post-54","page","type-page","status-publish","hentry"],"yoast_head":"<!-- This site is optimized with the Yoast SEO plugin v26.6 - https:\/\/yoast.com\/wordpress\/plugins\/seo\/ -->\n<title>Anne Lilleaasen - v\u00e5r ordf\u00f8rarkandidat - Sunnfjord H\u00f8gre<\/title>\n<meta name=\"description\" content=\"Bli betre kjend med H\u00f8gre sin gruppeleiar i Sunnfjord, Anne Lilleaasen.\" \/>\n<meta name=\"robots\" content=\"index, follow, max-snippet:-1, max-image-preview:large, max-video-preview:-1\" \/>\n<link rel=\"canonical\" href=\"https:\/\/hoyre.no\/sunnfjord\/anne-lilleaasen-var-ordforarkandidat\/\" \/>\n<meta property=\"og:locale\" content=\"nn_NO\" \/>\n<meta property=\"og:type\" content=\"article\" \/>\n<meta property=\"og:title\" content=\"Anne Lilleaasen - v\u00e5r ordf\u00f8rarkandidat - Sunnfjord H\u00f8gre\" \/>\n<meta property=\"og:description\" content=\"Bli betre kjend med H\u00f8gre sin gruppeleiar i Sunnfjord, Anne Lilleaasen.\" \/>\n<meta property=\"og:url\" content=\"https:\/\/hoyre.no\/sunnfjord\/anne-lilleaasen-var-ordforarkandidat\/\" \/>\n<meta property=\"og:site_name\" content=\"Sunnfjord H\u00f8gre\" \/>\n<meta property=\"article:modified_time\" content=\"2025-02-14T12:17:33+00:00\" \/>\n<meta property=\"og:image\" content=\"https:\/\/hoyre.no\/content\/uploads\/sites\/318\/2023\/04\/AnneL-1-1024x683.jpg\" \/>\n<meta name=\"twitter:card\" content=\"summary_large_image\" \/>\n<meta name=\"twitter:label1\" content=\"Est. reading time\" \/>\n\t<meta name=\"twitter:data1\" content=\"3 minutt\" \/>\n<script type=\"application\/ld+json\" class=\"yoast-schema-graph\">{\"@context\":\"https:\/\/schema.org\",\"@graph\":[{\"@type\":\"WebPage\",\"@id\":\"https:\/\/hoyre.no\/sunnfjord\/anne-lilleaasen-var-ordforarkandidat\/\",\"url\":\"https:\/\/hoyre.no\/sunnfjord\/anne-lilleaasen-var-ordforarkandidat\/\",\"name\":\"Anne Lilleaasen - v\u00e5r ordf\u00f8rarkandidat - Sunnfjord H\u00f8gre\",\"isPartOf\":{\"@id\":\"https:\/\/hoyre.no\/sunnfjord\/#website\"},\"datePublished\":\"2022-12-23T11:51:59+00:00\",\"dateModified\":\"2025-02-14T12:17:33+00:00\",\"description\":\"Bli betre kjend med H\u00f8gre sin gruppeleiar i Sunnfjord, Anne Lilleaasen.\",\"breadcrumb\":{\"@id\":\"https:\/\/hoyre.no\/sunnfjord\/anne-lilleaasen-var-ordforarkandidat\/#breadcrumb\"},\"inLanguage\":\"nn-NO\",\"potentialAction\":[{\"@type\":\"ReadAction\",\"target\":[\"https:\/\/hoyre.no\/sunnfjord\/anne-lilleaasen-var-ordforarkandidat\/\"]}]},{\"@type\":\"BreadcrumbList\",\"@id\":\"https:\/\/hoyre.no\/sunnfjord\/anne-lilleaasen-var-ordforarkandidat\/#breadcrumb\",\"itemListElement\":[{\"@type\":\"ListItem\",\"position\":1,\"name\":\"Til hoyre.no\",\"item\":\"https:\/\/hoyre.no\"},{\"@type\":\"ListItem\",\"position\":2,\"name\":\"Hjem\",\"item\":\"https:\/\/hoyre.no\/sunnfjord\/\"},{\"@type\":\"ListItem\",\"position\":3,\"name\":\"Anne Lilleaasen &#8211; v\u00e5r ordf\u00f8rarkandidat\"}]},{\"@type\":\"WebSite\",\"@id\":\"https:\/\/hoyre.no\/sunnfjord\/#website\",\"url\":\"https:\/\/hoyre.no\/sunnfjord\/\",\"name\":\"Sunnfjord H\u00f8gre\",\"description\":\"Bare enda et H\u00f8yres nettsteder-nettsted\",\"inLanguage\":\"nn-NO\"}]}<\/script>\n<!-- \/ Yoast SEO plugin. -->","yoast_head_json":{"title":"Anne Lilleaasen - v\u00e5r ordf\u00f8rarkandidat - Sunnfjord H\u00f8gre","description":"Bli betre kjend med H\u00f8gre sin gruppeleiar i Sunnfjord, Anne Lilleaasen.","robots":{"index":"index","follow":"follow","max-snippet":"max-snippet:-1","max-image-preview":"max-image-preview:large","max-video-preview":"max-video-preview:-1"},"canonical":"https:\/\/hoyre.no\/sunnfjord\/anne-lilleaasen-var-ordforarkandidat\/","og_locale":"nn_NO","og_type":"article","og_title":"Anne Lilleaasen - v\u00e5r ordf\u00f8rarkandidat - Sunnfjord H\u00f8gre","og_description":"Bli betre kjend med H\u00f8gre sin gruppeleiar i Sunnfjord, Anne Lilleaasen.","og_url":"https:\/\/hoyre.no\/sunnfjord\/anne-lilleaasen-var-ordforarkandidat\/","og_site_name":"Sunnfjord H\u00f8gre","article_modified_time":"2025-02-14T12:17:33+00:00","og_image":[{"url":"https:\/\/hoyre.no\/content\/uploads\/sites\/318\/2023\/04\/AnneL-1-1024x683.jpg","width":"","height":"","type":""}],"twitter_card":"summary_large_image","twitter_misc":{"Est. reading time":"3 minutt"},"schema":{"@context":"https:\/\/schema.org","@graph":[{"@type":"WebPage","@id":"https:\/\/hoyre.no\/sunnfjord\/anne-lilleaasen-var-ordforarkandidat\/","url":"https:\/\/hoyre.no\/sunnfjord\/anne-lilleaasen-var-ordforarkandidat\/","name":"Anne Lilleaasen - v\u00e5r ordf\u00f8rarkandidat - Sunnfjord H\u00f8gre","isPartOf":{"@id":"https:\/\/hoyre.no\/sunnfjord\/#website"},"datePublished":"2022-12-23T11:51:59+00:00","dateModified":"2025-02-14T12:17:33+00:00","description":"Bli betre kjend med H\u00f8gre sin gruppeleiar i Sunnfjord, Anne Lilleaasen.","breadcrumb":{"@id":"https:\/\/hoyre.no\/sunnfjord\/anne-lilleaasen-var-ordforarkandidat\/#breadcrumb"},"inLanguage":"nn-NO","potentialAction":[{"@type":"ReadAction","target":["https:\/\/hoyre.no\/sunnfjord\/anne-lilleaasen-var-ordforarkandidat\/"]}]},{"@type":"BreadcrumbList","@id":"https:\/\/hoyre.no\/sunnfjord\/anne-lilleaasen-var-ordforarkandidat\/#breadcrumb","itemListElement":[{"@type":"ListItem","position":1,"name":"Til hoyre.no","item":"https:\/\/hoyre.no"},{"@type":"ListItem","position":2,"name":"Hjem","item":"https:\/\/hoyre.no\/sunnfjord\/"},{"@type":"ListItem","position":3,"name":"Anne Lilleaasen &#8211; v\u00e5r ordf\u00f8rarkandidat"}]},{"@type":"WebSite","@id":"https:\/\/hoyre.no\/sunnfjord\/#website","url":"https:\/\/hoyre.no\/sunnfjord\/","name":"Sunnfjord H\u00f8gre","description":"Bare enda et H\u00f8yres nettsteder-nettsted","inLanguage":"nn-NO"}]}},"distributor_meta":false,"distributor_terms":false,"distributor_media":false,"distributor_original_site_name":"Sunnfjord H\u00f8gre","distributor_original_site_url":"https:\/\/hoyre.no\/sunnfjord","push-errors":false,"_links":{"self":[{"href":"https:\/\/hoyre.no\/sunnfjord\/wp-json\/wp\/v2\/pages\/54","targetHints":{"allow":["GET"]}}],"collection":[{"href":"https:\/\/hoyre.no\/sunnfjord\/wp-json\/wp\/v2\/pages"}],"about":[{"href":"https:\/\/hoyre.no\/sunnfjord\/wp-json\/wp\/v2\/types\/page"}],"author":[{"embeddable":true,"href":"https:\/\/hoyre.no\/sunnfjord\/wp-json\/wp\/v2\/users\/31684"}],"replies":[{"embeddable":true,"href":"https:\/\/hoyre.no\/sunnfjord\/wp-json\/wp\/v2\/comments?post=54"}],"version-history":[{"count":30,"href":"https:\/\/hoyre.no\/sunnfjord\/wp-json\/wp\/v2\/pages\/54\/revisions"}],"predecessor-version":[{"id":367,"href":"https:\/\/hoyre.no\/sunnfjord\/wp-json\/wp\/v2\/pages\/54\/revisions\/367"}],"wp:attachment":[{"href":"https:\/\/hoyre.no\/sunnfjord\/wp-json\/wp\/v2\/media?parent=54"}],"curies":[{"name":"wp","href":"https:\/\/api.w.org\/{rel}","templated":true}]}}