{"id":32,"date":"2023-07-29T17:28:18","date_gmt":"2023-07-29T15:28:18","guid":{"rendered":"https:\/\/hoyre.no\/sveio\/?page_id=32"},"modified":"2023-07-31T09:28:16","modified_gmt":"2023-07-31T07:28:16","slug":"valprogram-2023-2027","status":"publish","type":"page","link":"https:\/\/hoyre.no\/sveio\/valprogram-2023-2027\/","title":{"rendered":"Valprogram 2023-2027"},"content":{"rendered":"\n<div class=\"wp-block-hoyre-hero with-image-gradient text-color-light  has-media alignfull has-background\"><div class=\"hoyre-hero has-image\"><h1 class=\"title\">Valprogram<br>2023-2027<\/h1><p class=\"preamble\">Sj\u00e5 kva me g\u00e5r til val p\u00e5 i Sveio i komande periode!<\/p>\t\t\t<div class=\"post-meta wp-block teft-byline-wrapper\">\n\t\t\t\t<div class=\"top\">\n\t\t\t\t\t<div class=\"signature\">\n\t\t\t\t\t\t<div class=\"teft-byline\">\n\t\t\t\t\t\t\t\t\t\t\t\t\t\t<div>\n\t\t\t\t\t\t\t\t<h3>H\u00f8yres redaksjon<\/h3>\t\t\t\t\t\t\t\t\n\t\t\t\t\t\t\t\t\t\t\t\t\t\t\t\t\t<span class=\"date\">Sist oppdatert: 31. juli 2023<\/span>\n\t\t\t\t\t\t\t\t\t\t\t\t\t\t\t\t\t\t\t\t\t\t\t\t\t<span class=\"reading-time\" itemprop=\"timeRequired\" content=\"PT1M\"><em>Ca. 1 minutter lesetid<\/em><\/span>\n\t\t\t\t\t\t\t\t\t\t\t\t\t\t\t<\/div>\n\t\t\t\t\t\t<\/div>\n\t\t\t\t\t<\/div>\n\t\t\t\t\t\t<div class=\"sharing\">\n\t\t<a class=\"share-button share-link copy-link\" data-copy=\"https:\/\/hoyre.no\/sveio\/valprogram-2023-2027\/\" target=\"_blank\"><span class=\"screen-reader-text\">Del link<\/span><\/a>\n\t\t<a class=\"share-button share-twitter\" href=\"http:\/\/twitter.com\/share?text=Valprogram 2023-2027&#038;url=https:\/\/hoyre.no\/sveio\/valprogram-2023-2027\/&#038;hashtags=Hoyre\" target=\"_blank\"><span class=\"screen-reader-text\">Del p\u00e5 twitter<\/span><\/a>\n\t\t<a class=\"share-button share-facebook\" href=\"https:\/\/www.facebook.com\/sharer\/sharer.php?u=https:\/\/hoyre.no\/sveio\/valprogram-2023-2027\/\" target=\"_blank\"><span class=\"screen-reader-text\">Del p\u00e5 facebook<\/span><\/a>\n\t<\/div>\n\t\t\t\t\t<\/div>\n\t\t\t<\/div>\n\n\t\t\t<figure class=\"hoyre-image-wrapper\"><div class=\"hoyre-image\"><img loading=\"lazy\" decoding=\"async\" width=\"754\" height=\"488\" src=\"https:\/\/hoyre.no\/content\/uploads\/sites\/319\/2023\/07\/Skjermbilde-2023-07-29-kl.-17.22.58.png\" class=\"attachment-scaled size-scaled\" alt=\"\" style=\"object-position: 50% 50%\" srcset=\"https:\/\/hoyre.no\/content\/uploads\/sites\/319\/2023\/07\/Skjermbilde-2023-07-29-kl.-17.22.58.png 754w, https:\/\/hoyre.no\/content\/uploads\/sites\/319\/2023\/07\/Skjermbilde-2023-07-29-kl.-17.22.58-300x194.png 300w\" sizes=\"auto, (max-width: 754px) 100vw, 754px\" \/><\/div><\/figure><\/div><\/div>\n\n\n\n\n<p>Sveio treng eit skifte. H\u00f8gre g\u00e5r til val p\u00e5 \u00e5 ta leiarskap, med trygg \u00f8konomisk styring, gode forutsigbare l\u00f8ysingar for innbyggjarar, bedrifter og lokalsamfunn. Me skal vera ein JA-kommune som st\u00f8ttar opp om nye initiativ, utvikling og verdiskaping som vil gjera kommunen v\u00e5r til ein attraktiv og god plass \u00e5 bu. Me ynskjer at ein skal v\u00e5ga \u00e5 vera litt annleis ved \u00e5 tilby l\u00f8ysingar som ein ikkje finn i n\u00e6rliggande kommunar.<\/p>\n\n\n\n<h4 class=\"wp-block-heading\">Last ned heile programmet og sj\u00e5 kva me g\u00e5r til val p\u00e5, her:<\/h4>\n\n\n\n<div class=\"wp-block-teft-file icon-link-block\"><a href=\"https:\/\/hoyre.no\/content\/uploads\/sites\/319\/2023\/07\/Sveio-Hogre-program-2023-2027-1.pdf\" download><span class=\"file-title\">Sveio H\u00f8gre valprogram 2023-2027<\/span><span class=\"file-name\">Sveio-Hogre-program-2023-2027-1.pdf [1589.1kb]<\/span><\/a><\/div>\n\n","protected":false},"excerpt":{"rendered":"","protected":false},"author":29319,"featured_media":0,"parent":0,"menu_order":0,"comment_status":"closed","ping_status":"closed","template":"","meta":{"teft_cards_image_url":"","teft_cards_custom_pretitle":"","teft_cards_image_id":0,"teft_cards_image_focal_point_x":0,"teft_cards_image_focal_point_y":0,"teft_cards_title":"","teft_cards_excerpt":"","teft_show_chapters":false,"footnotes":""},"class_list":["post-32","page","type-page","status-publish","hentry"],"yoast_head":"<!-- This site is optimized with the Yoast SEO plugin v26.6 - https:\/\/yoast.com\/wordpress\/plugins\/seo\/ -->\n<title>Valprogram 2023-2027 - Sveio H\u00f8gre<\/title>\n<meta name=\"robots\" content=\"index, follow, max-snippet:-1, max-image-preview:large, max-video-preview:-1\" \/>\n<link rel=\"canonical\" href=\"https:\/\/hoyre.no\/sveio\/valprogram-2023-2027\/\" \/>\n<meta property=\"og:locale\" content=\"nn_NO\" \/>\n<meta property=\"og:type\" content=\"article\" \/>\n<meta property=\"og:title\" content=\"Valprogram 2023-2027 - Sveio H\u00f8gre\" \/>\n<meta property=\"og:url\" content=\"https:\/\/hoyre.no\/sveio\/valprogram-2023-2027\/\" \/>\n<meta property=\"og:site_name\" content=\"Sveio H\u00f8gre\" \/>\n<meta property=\"article:modified_time\" content=\"2023-07-31T07:28:16+00:00\" \/>\n<meta property=\"og:image\" content=\"https:\/\/hoyre.no\/content\/uploads\/sites\/319\/2022\/11\/Hoyres-logo.png\" \/>\n\t<meta property=\"og:image:width\" content=\"1000\" \/>\n\t<meta property=\"og:image:height\" content=\"1000\" \/>\n\t<meta property=\"og:image:type\" content=\"image\/png\" \/>\n<meta name=\"twitter:card\" content=\"summary_large_image\" \/>\n<meta name=\"twitter:label1\" content=\"Est. reading time\" \/>\n\t<meta name=\"twitter:data1\" content=\"1 minutt\" \/>\n<script type=\"application\/ld+json\" class=\"yoast-schema-graph\">{\"@context\":\"https:\/\/schema.org\",\"@graph\":[{\"@type\":\"WebPage\",\"@id\":\"https:\/\/hoyre.no\/sveio\/valprogram-2023-2027\/\",\"url\":\"https:\/\/hoyre.no\/sveio\/valprogram-2023-2027\/\",\"name\":\"Valprogram 2023-2027 - Sveio H\u00f8gre\",\"isPartOf\":{\"@id\":\"https:\/\/hoyre.no\/sveio\/#website\"},\"datePublished\":\"2023-07-29T15:28:18+00:00\",\"dateModified\":\"2023-07-31T07:28:16+00:00\",\"breadcrumb\":{\"@id\":\"https:\/\/hoyre.no\/sveio\/valprogram-2023-2027\/#breadcrumb\"},\"inLanguage\":\"nn-NO\",\"potentialAction\":[{\"@type\":\"ReadAction\",\"target\":[\"https:\/\/hoyre.no\/sveio\/valprogram-2023-2027\/\"]}]},{\"@type\":\"BreadcrumbList\",\"@id\":\"https:\/\/hoyre.no\/sveio\/valprogram-2023-2027\/#breadcrumb\",\"itemListElement\":[{\"@type\":\"ListItem\",\"position\":1,\"name\":\"Til hoyre.no\",\"item\":\"https:\/\/hoyre.no\"},{\"@type\":\"ListItem\",\"position\":2,\"name\":\"Hjem\",\"item\":\"https:\/\/hoyre.no\/sveio\/\"},{\"@type\":\"ListItem\",\"position\":3,\"name\":\"Valprogram 2023-2027\"}]},{\"@type\":\"WebSite\",\"@id\":\"https:\/\/hoyre.no\/sveio\/#website\",\"url\":\"https:\/\/hoyre.no\/sveio\/\",\"name\":\"Sveio H\u00f8gre\",\"description\":\"Bare enda et H\u00f8yres nettsteder-nettsted\",\"inLanguage\":\"nn-NO\"}]}<\/script>\n<!-- \/ Yoast SEO plugin. -->","yoast_head_json":{"title":"Valprogram 2023-2027 - Sveio H\u00f8gre","robots":{"index":"index","follow":"follow","max-snippet":"max-snippet:-1","max-image-preview":"max-image-preview:large","max-video-preview":"max-video-preview:-1"},"canonical":"https:\/\/hoyre.no\/sveio\/valprogram-2023-2027\/","og_locale":"nn_NO","og_type":"article","og_title":"Valprogram 2023-2027 - Sveio H\u00f8gre","og_url":"https:\/\/hoyre.no\/sveio\/valprogram-2023-2027\/","og_site_name":"Sveio H\u00f8gre","article_modified_time":"2023-07-31T07:28:16+00:00","og_image":[{"width":1000,"height":1000,"url":"https:\/\/hoyre.no\/content\/uploads\/sites\/319\/2022\/11\/Hoyres-logo.png","type":"image\/png"}],"twitter_card":"summary_large_image","twitter_misc":{"Est. reading time":"1 minutt"},"schema":{"@context":"https:\/\/schema.org","@graph":[{"@type":"WebPage","@id":"https:\/\/hoyre.no\/sveio\/valprogram-2023-2027\/","url":"https:\/\/hoyre.no\/sveio\/valprogram-2023-2027\/","name":"Valprogram 2023-2027 - Sveio H\u00f8gre","isPartOf":{"@id":"https:\/\/hoyre.no\/sveio\/#website"},"datePublished":"2023-07-29T15:28:18+00:00","dateModified":"2023-07-31T07:28:16+00:00","breadcrumb":{"@id":"https:\/\/hoyre.no\/sveio\/valprogram-2023-2027\/#breadcrumb"},"inLanguage":"nn-NO","potentialAction":[{"@type":"ReadAction","target":["https:\/\/hoyre.no\/sveio\/valprogram-2023-2027\/"]}]},{"@type":"BreadcrumbList","@id":"https:\/\/hoyre.no\/sveio\/valprogram-2023-2027\/#breadcrumb","itemListElement":[{"@type":"ListItem","position":1,"name":"Til hoyre.no","item":"https:\/\/hoyre.no"},{"@type":"ListItem","position":2,"name":"Hjem","item":"https:\/\/hoyre.no\/sveio\/"},{"@type":"ListItem","position":3,"name":"Valprogram 2023-2027"}]},{"@type":"WebSite","@id":"https:\/\/hoyre.no\/sveio\/#website","url":"https:\/\/hoyre.no\/sveio\/","name":"Sveio H\u00f8gre","description":"Bare enda et H\u00f8yres nettsteder-nettsted","inLanguage":"nn-NO"}]}},"distributor_meta":false,"distributor_terms":false,"distributor_media":false,"distributor_original_site_name":"Sveio H\u00f8gre","distributor_original_site_url":"https:\/\/hoyre.no\/sveio","push-errors":false,"_links":{"self":[{"href":"https:\/\/hoyre.no\/sveio\/wp-json\/wp\/v2\/pages\/32","targetHints":{"allow":["GET"]}}],"collection":[{"href":"https:\/\/hoyre.no\/sveio\/wp-json\/wp\/v2\/pages"}],"about":[{"href":"https:\/\/hoyre.no\/sveio\/wp-json\/wp\/v2\/types\/page"}],"author":[{"embeddable":true,"href":"https:\/\/hoyre.no\/sveio\/wp-json\/wp\/v2\/users\/29319"}],"replies":[{"embeddable":true,"href":"https:\/\/hoyre.no\/sveio\/wp-json\/wp\/v2\/comments?post=32"}],"version-history":[{"count":3,"href":"https:\/\/hoyre.no\/sveio\/wp-json\/wp\/v2\/pages\/32\/revisions"}],"predecessor-version":[{"id":41,"href":"https:\/\/hoyre.no\/sveio\/wp-json\/wp\/v2\/pages\/32\/revisions\/41"}],"wp:attachment":[{"href":"https:\/\/hoyre.no\/sveio\/wp-json\/wp\/v2\/media?parent=32"}],"curies":[{"name":"wp","href":"https:\/\/api.w.org\/{rel}","templated":true}]}}