{"id":73,"date":"2023-09-09T09:27:43","date_gmt":"2023-09-09T07:27:43","guid":{"rendered":"https:\/\/hoyre.no\/sveio\/?page_id=73"},"modified":"2025-02-18T16:26:53","modified_gmt":"2025-02-18T15:26:53","slug":"ordforarkandidat-andre-mundal-haukas","status":"publish","type":"page","link":"https:\/\/hoyre.no\/sveio\/ordforarkandidat-andre-mundal-haukas\/","title":{"rendered":"Ordf\u00f8rarkandidat Andr\u00e9 Mundal Hauk\u00e5s"},"content":{"rendered":"\n<div class=\"wp-block-hoyre-hero with-image-gradient text-color-light  has-media alignfull has-background\"><div class=\"hoyre-hero has-image\"><h1 class=\"title\">Andr\u00e9, v\u00e5r ordf\u00f8rarkandidat<\/h1><p class=\"preamble\">\u2013 Eg er oppteken av \u00e5 vera ein lyttande og inkluderande ordf\u00f8rar. Eg vil arbeida for vekst i heile kommunen, og ynskjer \u00e5 vera ein ordf\u00f8rar med ynskje om \u00e5 skapa moglegheiter for alle.<\/p>\t\t\t<div class=\"post-meta wp-block teft-byline-wrapper\">\n\t\t\t\t<div class=\"top\">\n\t\t\t\t\t<div class=\"signature\">\n\t\t\t\t\t\t<div class=\"teft-byline\">\n\t\t\t\t\t\t\t\t\t\t\t\t\t\t<div>\n\t\t\t\t\t\t\t\t<h3>H\u00f8yres redaksjon<\/h3>\t\t\t\t\t\t\t\t\n\t\t\t\t\t\t\t\t\t\t\t\t\t\t\t\t\t<span class=\"date\">Sist oppdatert: 18. februar 2025<\/span>\n\t\t\t\t\t\t\t\t\t\t\t\t\t\t\t\t\t\t\t\t\t\t\t\t\t<span class=\"reading-time\" itemprop=\"timeRequired\" content=\"PT2M\"><em>Ca. 2 minutter lesetid<\/em><\/span>\n\t\t\t\t\t\t\t\t\t\t\t\t\t\t\t<\/div>\n\t\t\t\t\t\t<\/div>\n\t\t\t\t\t<\/div>\n\t\t\t\t\t\t<div class=\"sharing\">\n\t\t<a class=\"share-button share-link copy-link\" data-copy=\"https:\/\/hoyre.no\/sveio\/ordforarkandidat-andre-mundal-haukas\/\" target=\"_blank\"><span class=\"screen-reader-text\">Del link<\/span><\/a>\n\t\t<a class=\"share-button share-twitter\" href=\"http:\/\/twitter.com\/share?text=Ordf\u00f8rarkandidat Andr\u00e9 Mundal Hauk\u00e5s&#038;url=https:\/\/hoyre.no\/sveio\/ordforarkandidat-andre-mundal-haukas\/&#038;hashtags=Hoyre\" target=\"_blank\"><span class=\"screen-reader-text\">Del p\u00e5 twitter<\/span><\/a>\n\t\t<a class=\"share-button share-facebook\" href=\"https:\/\/www.facebook.com\/sharer\/sharer.php?u=https:\/\/hoyre.no\/sveio\/ordforarkandidat-andre-mundal-haukas\/\" target=\"_blank\"><span class=\"screen-reader-text\">Del p\u00e5 facebook<\/span><\/a>\n\t<\/div>\n\t\t\t\t\t<\/div>\n\t\t\t<\/div>\n\n\t\t\t<figure class=\"hoyre-image-wrapper\"><div class=\"hoyre-image\"><img loading=\"lazy\" decoding=\"async\" width=\"2500\" height=\"1667\" src=\"https:\/\/hoyre.no\/content\/uploads\/sites\/319\/2023\/09\/Valkampa\u030apning-i-Sveio-05.08.23-foto-Agathe-Steen-3-scaled.jpg\" class=\"attachment-scaled size-scaled\" alt=\"\" style=\"object-position: 53% 40%\" srcset=\"https:\/\/hoyre.no\/content\/uploads\/sites\/319\/2023\/09\/Valkampa\u030apning-i-Sveio-05.08.23-foto-Agathe-Steen-3-scaled.jpg 2500w, https:\/\/hoyre.no\/content\/uploads\/sites\/319\/2023\/09\/Valkampa\u030apning-i-Sveio-05.08.23-foto-Agathe-Steen-3-300x200.jpg 300w, https:\/\/hoyre.no\/content\/uploads\/sites\/319\/2023\/09\/Valkampa\u030apning-i-Sveio-05.08.23-foto-Agathe-Steen-3-1024x683.jpg 1024w, https:\/\/hoyre.no\/content\/uploads\/sites\/319\/2023\/09\/Valkampa\u030apning-i-Sveio-05.08.23-foto-Agathe-Steen-3-768x512.jpg 768w, https:\/\/hoyre.no\/content\/uploads\/sites\/319\/2023\/09\/Valkampa\u030apning-i-Sveio-05.08.23-foto-Agathe-Steen-3-1536x1024.jpg 1536w, https:\/\/hoyre.no\/content\/uploads\/sites\/319\/2023\/09\/Valkampa\u030apning-i-Sveio-05.08.23-foto-Agathe-Steen-3-2048x1365.jpg 2048w\" sizes=\"auto, (max-width: 2500px) 100vw, 2500px\" \/><\/div><\/figure><\/div><\/div>\n\n\n\n\n<div class=\"wp-block-buttons is-layout-flex wp-block-buttons-is-layout-flex\">\n<div class=\"wp-block-button\"><a class=\"wp-block-button__link wp-element-button\" href=\"https:\/\/www.facebook.com\/sveiohogre\">F\u00f8lg Sveio H\u00f8gre p\u00e5 Facebook<\/a><\/div>\n\n\n\n<div class=\"wp-block-button\"><a class=\"wp-block-button__link wp-element-button\" href=\"https:\/\/hoyre.no\/nyhetsbrev\/\">abonner p\u00e5 h\u00f8gres nyhetsbrev<\/a><\/div>\n<\/div>\n\n\n\n\n<div class=\"wp-block-hoyre-banner undefined has-icon-title icon-heart is-style-blue\"><div class=\"banner-inner\"><figure class=\"hoyre-image-wrapper\"><div class=\"hoyre-image\"><img loading=\"lazy\" decoding=\"async\" width=\"2500\" height=\"1875\" src=\"https:\/\/hoyre.no\/content\/uploads\/sites\/319\/2023\/09\/IMG_9940-scaled.jpg\" class=\"attachment-scaled size-scaled\" alt=\"\" style=\"object-position: 47% 45%\" srcset=\"https:\/\/hoyre.no\/content\/uploads\/sites\/319\/2023\/09\/IMG_9940-scaled.jpg 2500w, https:\/\/hoyre.no\/content\/uploads\/sites\/319\/2023\/09\/IMG_9940-300x225.jpg 300w, https:\/\/hoyre.no\/content\/uploads\/sites\/319\/2023\/09\/IMG_9940-1024x768.jpg 1024w, https:\/\/hoyre.no\/content\/uploads\/sites\/319\/2023\/09\/IMG_9940-768x576.jpg 768w, https:\/\/hoyre.no\/content\/uploads\/sites\/319\/2023\/09\/IMG_9940-1536x1152.jpg 1536w, https:\/\/hoyre.no\/content\/uploads\/sites\/319\/2023\/09\/IMG_9940-2048x1536.jpg 2048w\" sizes=\"auto, (max-width: 2500px) 100vw, 2500px\" \/><\/div><\/figure><div class=\"banner-content\"><div class=\"entry-content\">\n<h2 class=\"wp-block-heading\" id=\"h-bli-bedre-kjent-med-andre\">Bli bedre kjent med Andr\u00e9!<\/h2>\n\n\n\n<p class=\"has-text-align-left\"><strong>Bustad:<\/strong> Fjellstad<\/p>\n\n\n\n<p class=\"has-text-align-left\"><strong>Sivilstatus:<\/strong> Sambuar<\/p>\n\n\n\n<p class=\"has-text-align-left\"><strong>Jobb:<\/strong> Kvalitetskoordinator<\/p>\n\n\n\n<p class=\"has-text-align-left\"><strong>Politisk erfaring:<\/strong> Medlem av lokallagstyre sidan 2019, og leiar fr\u00e5 2020.<\/p>\n\n\n\n<p class=\"has-text-align-left\"><strong>Kva er viktig for deg dei neste fire \u00e5ra?<\/strong>&nbsp;Eg ynskjer \u00e5 utvikla Sveio til \u00e5 bli ein end\u00e5 betre kommune, b\u00e5de for oss som bur her,&nbsp; men ogs\u00e5 for v\u00e5re n\u00e6ringsdrivande. Me m\u00e5 sikra gode tenester i alt fr\u00e5 barnehage og skule til eldreomsorg, og gjera Sveio til ein reel JA-kommune.<\/p>\n\n\n\n<p class=\"has-text-align-left\"><strong>Det er l\u00f8rdag, klokka n\u00e6rmer seg 19.00. Kva et du helst til middag? <\/strong>Biff og fl\u00f8ytegratinerte poteter<\/p>\n\n\n\n<p class=\"has-text-align-left\"><strong>Konsert eller idrettsarrangement?<\/strong> Konsert<\/p>\n\n\n\n<p class=\"has-text-align-left\"><strong>Hvis du skulle valt ein, kva er din favorittartist? <\/strong>Det hadde nok lett blitt Busserulls<\/p>\n\n\n\n<p class=\"has-text-align-left\"><strong>Funfact?<\/strong>&nbsp;Fredagkvelden er heilag \u2013 d\u00e5 samlast s\u00f8skena mine saman med sambuarar og onkelungar til fredagspizza i barndomsheimen p\u00e5 Tveit.<\/p>\n\n\n\n<p class=\"has-text-align-left\"><strong>Kva er din favorittplass i kommunen? <\/strong>Fantastisk mange fine plassar i Sveio, men flottast synst eg det er ein haustmorgon i b\u00e5t p\u00e5 Vigdarvatnet.<\/p>\n\n\n\n<div class=\"wp-block-buttons is-layout-flex wp-block-buttons-is-layout-flex\"><\/div>\n<\/div><\/div><\/div><\/div>\n\n\n\n<p><\/p>\n","protected":false},"excerpt":{"rendered":"","protected":false},"author":29319,"featured_media":0,"parent":0,"menu_order":0,"comment_status":"closed","ping_status":"closed","template":"","meta":{"teft_cards_image_url":"","teft_cards_custom_pretitle":"","teft_cards_image_id":0,"teft_cards_image_focal_point_x":0,"teft_cards_image_focal_point_y":0,"teft_cards_title":"","teft_cards_excerpt":"","teft_show_chapters":false,"footnotes":""},"class_list":["post-73","page","type-page","status-publish","hentry"],"yoast_head":"<!-- This site is optimized with the Yoast SEO plugin v26.6 - https:\/\/yoast.com\/wordpress\/plugins\/seo\/ -->\n<title>Ordf\u00f8rarkandidat Andr\u00e9 Mundal Hauk\u00e5s - Sveio H\u00f8gre<\/title>\n<meta name=\"description\" content=\"Bli betre kjend med H\u00f8gre sin ordf\u00f8rar i Sveio, Andr\u00e9 Mundal Hauk\u00e5s.\" \/>\n<meta name=\"robots\" content=\"index, follow, max-snippet:-1, max-image-preview:large, max-video-preview:-1\" \/>\n<link rel=\"canonical\" href=\"https:\/\/hoyre.no\/sveio\/ordforarkandidat-andre-mundal-haukas\/\" \/>\n<meta property=\"og:locale\" content=\"nn_NO\" \/>\n<meta property=\"og:type\" content=\"article\" \/>\n<meta property=\"og:title\" content=\"Ordf\u00f8rarkandidat Andr\u00e9 Mundal Hauk\u00e5s - Sveio H\u00f8gre\" \/>\n<meta property=\"og:description\" content=\"Bli betre kjend med H\u00f8gre sin ordf\u00f8rar i Sveio, Andr\u00e9 Mundal Hauk\u00e5s.\" \/>\n<meta property=\"og:url\" content=\"https:\/\/hoyre.no\/sveio\/ordforarkandidat-andre-mundal-haukas\/\" \/>\n<meta property=\"og:site_name\" content=\"Sveio H\u00f8gre\" \/>\n<meta property=\"article:modified_time\" content=\"2025-02-18T15:26:53+00:00\" \/>\n<meta property=\"og:image\" content=\"https:\/\/hoyre.no\/content\/uploads\/sites\/319\/2022\/11\/Hoyres-logo.png\" \/>\n\t<meta property=\"og:image:width\" content=\"1000\" \/>\n\t<meta property=\"og:image:height\" content=\"1000\" \/>\n\t<meta property=\"og:image:type\" content=\"image\/png\" \/>\n<meta name=\"twitter:card\" content=\"summary_large_image\" \/>\n<meta name=\"twitter:label1\" content=\"Est. reading time\" \/>\n\t<meta name=\"twitter:data1\" content=\"2 minutt\" \/>\n<script type=\"application\/ld+json\" class=\"yoast-schema-graph\">{\"@context\":\"https:\/\/schema.org\",\"@graph\":[{\"@type\":\"WebPage\",\"@id\":\"https:\/\/hoyre.no\/sveio\/ordforarkandidat-andre-mundal-haukas\/\",\"url\":\"https:\/\/hoyre.no\/sveio\/ordforarkandidat-andre-mundal-haukas\/\",\"name\":\"Ordf\u00f8rarkandidat Andr\u00e9 Mundal Hauk\u00e5s - Sveio H\u00f8gre\",\"isPartOf\":{\"@id\":\"https:\/\/hoyre.no\/sveio\/#website\"},\"datePublished\":\"2023-09-09T07:27:43+00:00\",\"dateModified\":\"2025-02-18T15:26:53+00:00\",\"description\":\"Bli betre kjend med H\u00f8gre sin ordf\u00f8rar i Sveio, Andr\u00e9 Mundal Hauk\u00e5s.\",\"breadcrumb\":{\"@id\":\"https:\/\/hoyre.no\/sveio\/ordforarkandidat-andre-mundal-haukas\/#breadcrumb\"},\"inLanguage\":\"nn-NO\",\"potentialAction\":[{\"@type\":\"ReadAction\",\"target\":[\"https:\/\/hoyre.no\/sveio\/ordforarkandidat-andre-mundal-haukas\/\"]}]},{\"@type\":\"BreadcrumbList\",\"@id\":\"https:\/\/hoyre.no\/sveio\/ordforarkandidat-andre-mundal-haukas\/#breadcrumb\",\"itemListElement\":[{\"@type\":\"ListItem\",\"position\":1,\"name\":\"Til hoyre.no\",\"item\":\"https:\/\/hoyre.no\"},{\"@type\":\"ListItem\",\"position\":2,\"name\":\"Hjem\",\"item\":\"https:\/\/hoyre.no\/sveio\/\"},{\"@type\":\"ListItem\",\"position\":3,\"name\":\"Ordf\u00f8rarkandidat Andr\u00e9 Mundal Hauk\u00e5s\"}]},{\"@type\":\"WebSite\",\"@id\":\"https:\/\/hoyre.no\/sveio\/#website\",\"url\":\"https:\/\/hoyre.no\/sveio\/\",\"name\":\"Sveio H\u00f8gre\",\"description\":\"Bare enda et H\u00f8yres nettsteder-nettsted\",\"inLanguage\":\"nn-NO\"}]}<\/script>\n<!-- \/ Yoast SEO plugin. -->","yoast_head_json":{"title":"Ordf\u00f8rarkandidat Andr\u00e9 Mundal Hauk\u00e5s - Sveio H\u00f8gre","description":"Bli betre kjend med H\u00f8gre sin ordf\u00f8rar i Sveio, Andr\u00e9 Mundal Hauk\u00e5s.","robots":{"index":"index","follow":"follow","max-snippet":"max-snippet:-1","max-image-preview":"max-image-preview:large","max-video-preview":"max-video-preview:-1"},"canonical":"https:\/\/hoyre.no\/sveio\/ordforarkandidat-andre-mundal-haukas\/","og_locale":"nn_NO","og_type":"article","og_title":"Ordf\u00f8rarkandidat Andr\u00e9 Mundal Hauk\u00e5s - Sveio H\u00f8gre","og_description":"Bli betre kjend med H\u00f8gre sin ordf\u00f8rar i Sveio, Andr\u00e9 Mundal Hauk\u00e5s.","og_url":"https:\/\/hoyre.no\/sveio\/ordforarkandidat-andre-mundal-haukas\/","og_site_name":"Sveio H\u00f8gre","article_modified_time":"2025-02-18T15:26:53+00:00","og_image":[{"width":1000,"height":1000,"url":"https:\/\/hoyre.no\/content\/uploads\/sites\/319\/2022\/11\/Hoyres-logo.png","type":"image\/png"}],"twitter_card":"summary_large_image","twitter_misc":{"Est. reading time":"2 minutt"},"schema":{"@context":"https:\/\/schema.org","@graph":[{"@type":"WebPage","@id":"https:\/\/hoyre.no\/sveio\/ordforarkandidat-andre-mundal-haukas\/","url":"https:\/\/hoyre.no\/sveio\/ordforarkandidat-andre-mundal-haukas\/","name":"Ordf\u00f8rarkandidat Andr\u00e9 Mundal Hauk\u00e5s - Sveio H\u00f8gre","isPartOf":{"@id":"https:\/\/hoyre.no\/sveio\/#website"},"datePublished":"2023-09-09T07:27:43+00:00","dateModified":"2025-02-18T15:26:53+00:00","description":"Bli betre kjend med H\u00f8gre sin ordf\u00f8rar i Sveio, Andr\u00e9 Mundal Hauk\u00e5s.","breadcrumb":{"@id":"https:\/\/hoyre.no\/sveio\/ordforarkandidat-andre-mundal-haukas\/#breadcrumb"},"inLanguage":"nn-NO","potentialAction":[{"@type":"ReadAction","target":["https:\/\/hoyre.no\/sveio\/ordforarkandidat-andre-mundal-haukas\/"]}]},{"@type":"BreadcrumbList","@id":"https:\/\/hoyre.no\/sveio\/ordforarkandidat-andre-mundal-haukas\/#breadcrumb","itemListElement":[{"@type":"ListItem","position":1,"name":"Til hoyre.no","item":"https:\/\/hoyre.no"},{"@type":"ListItem","position":2,"name":"Hjem","item":"https:\/\/hoyre.no\/sveio\/"},{"@type":"ListItem","position":3,"name":"Ordf\u00f8rarkandidat Andr\u00e9 Mundal Hauk\u00e5s"}]},{"@type":"WebSite","@id":"https:\/\/hoyre.no\/sveio\/#website","url":"https:\/\/hoyre.no\/sveio\/","name":"Sveio H\u00f8gre","description":"Bare enda et H\u00f8yres nettsteder-nettsted","inLanguage":"nn-NO"}]}},"distributor_meta":false,"distributor_terms":false,"distributor_media":false,"distributor_original_site_name":"Sveio H\u00f8gre","distributor_original_site_url":"https:\/\/hoyre.no\/sveio","push-errors":false,"_links":{"self":[{"href":"https:\/\/hoyre.no\/sveio\/wp-json\/wp\/v2\/pages\/73","targetHints":{"allow":["GET"]}}],"collection":[{"href":"https:\/\/hoyre.no\/sveio\/wp-json\/wp\/v2\/pages"}],"about":[{"href":"https:\/\/hoyre.no\/sveio\/wp-json\/wp\/v2\/types\/page"}],"author":[{"embeddable":true,"href":"https:\/\/hoyre.no\/sveio\/wp-json\/wp\/v2\/users\/29319"}],"replies":[{"embeddable":true,"href":"https:\/\/hoyre.no\/sveio\/wp-json\/wp\/v2\/comments?post=73"}],"version-history":[{"count":4,"href":"https:\/\/hoyre.no\/sveio\/wp-json\/wp\/v2\/pages\/73\/revisions"}],"predecessor-version":[{"id":85,"href":"https:\/\/hoyre.no\/sveio\/wp-json\/wp\/v2\/pages\/73\/revisions\/85"}],"wp:attachment":[{"href":"https:\/\/hoyre.no\/sveio\/wp-json\/wp\/v2\/media?parent=73"}],"curies":[{"name":"wp","href":"https:\/\/api.w.org\/{rel}","templated":true}]}}