{"id":20,"date":"2023-08-10T15:42:45","date_gmt":"2023-08-10T13:42:45","guid":{"rendered":"https:\/\/hoyre.no\/tana\/?page_id=20"},"modified":"2025-01-02T15:07:20","modified_gmt":"2025-01-02T14:07:20","slug":"ordforerkandidat","status":"publish","type":"page","link":"https:\/\/hoyre.no\/tana\/ordforerkandidat\/","title":{"rendered":"Ordf\u00f8rerkandidat"},"content":{"rendered":"\n<div class=\"wp-block-hoyre-hero with-image-gradient text-color-light  has-media alignfull has-background\"><div class=\"hoyre-hero has-image\"><h1 class=\"title\">Varaordf\u00f8rer <br>Anna Oliva<br> Taksg\u00e5rd <\/h1><p class=\"preamble\">Hvorfor du skal gi H\u00f8yre og meg din stemme i Tana?<\/p>\t\t\t<div class=\"post-meta wp-block teft-byline-wrapper\">\n\t\t\t\t<div class=\"top\">\n\t\t\t\t\t<div class=\"signature\">\n\t\t\t\t\t\t<div class=\"teft-byline\">\n\t\t\t\t\t\t\t\t\t\t\t\t\t\t<div>\n\t\t\t\t\t\t\t\t<h3>H\u00f8yres redaksjon<\/h3>\t\t\t\t\t\t\t\t\n\t\t\t\t\t\t\t\t\t\t\t\t\t\t\t\t\t<span class=\"date\">Sist oppdatert: 2. januar 2025<\/span>\n\t\t\t\t\t\t\t\t\t\t\t\t\t\t\t\t\t\t\t\t\t\t\t\t\t<span class=\"reading-time\" itemprop=\"timeRequired\" content=\"PT2M\"><em>Ca. 2 minutter lesetid<\/em><\/span>\n\t\t\t\t\t\t\t\t\t\t\t\t\t\t\t<\/div>\n\t\t\t\t\t\t<\/div>\n\t\t\t\t\t<\/div>\n\t\t\t\t\t\t<div class=\"sharing\">\n\t\t<a class=\"share-button share-link copy-link\" data-copy=\"https:\/\/hoyre.no\/tana\/ordforerkandidat\/\" target=\"_blank\"><span class=\"screen-reader-text\">Del link<\/span><\/a>\n\t\t<a class=\"share-button share-twitter\" href=\"http:\/\/twitter.com\/share?text=Ordf\u00f8rerkandidat&#038;url=https:\/\/hoyre.no\/tana\/ordforerkandidat\/&#038;hashtags=Hoyre\" target=\"_blank\"><span class=\"screen-reader-text\">Del p\u00e5 twitter<\/span><\/a>\n\t\t<a class=\"share-button share-facebook\" href=\"https:\/\/www.facebook.com\/sharer\/sharer.php?u=https:\/\/hoyre.no\/tana\/ordforerkandidat\/\" target=\"_blank\"><span class=\"screen-reader-text\">Del p\u00e5 facebook<\/span><\/a>\n\t<\/div>\n\t\t\t\t\t<\/div>\n\t\t\t<\/div>\n\n\t\t\t<figure class=\"hoyre-image-wrapper\"><div class=\"hoyre-image\"><img loading=\"lazy\" decoding=\"async\" width=\"960\" height=\"959\" src=\"https:\/\/hoyre.no\/content\/uploads\/sites\/234\/2023\/08\/313425555_5663670423691574_3412532998365261289_n-1.jpg\" class=\"attachment-scaled size-scaled\" alt=\"Tanja\" style=\"object-position: 44% 47%\" srcset=\"https:\/\/hoyre.no\/content\/uploads\/sites\/234\/2023\/08\/313425555_5663670423691574_3412532998365261289_n-1.jpg 960w, https:\/\/hoyre.no\/content\/uploads\/sites\/234\/2023\/08\/313425555_5663670423691574_3412532998365261289_n-1-300x300.jpg 300w, https:\/\/hoyre.no\/content\/uploads\/sites\/234\/2023\/08\/313425555_5663670423691574_3412532998365261289_n-1-150x150.jpg 150w, https:\/\/hoyre.no\/content\/uploads\/sites\/234\/2023\/08\/313425555_5663670423691574_3412532998365261289_n-1-768x767.jpg 768w\" sizes=\"auto, (max-width: 960px) 100vw, 960px\" \/><\/div><\/figure><\/div><\/div>\n\n\n\n\n<div class=\"wp-block-buttons is-content-justification-center is-layout-flex wp-container-core-buttons-is-layout-16018d1d wp-block-buttons-is-layout-flex\">\n<div class=\"wp-block-button\"><a class=\"wp-block-button__link wp-element-button\" href=\"https:\/\/hoyre.no\/nyhetsbrev\/\">abonner p\u00e5 h\u00f8yres nyhetsbrev<\/a><\/div>\n\n\n\n<div class=\"wp-block-button\"><a class=\"wp-block-button__link wp-element-button\" href=\"https:\/\/hoyre.no\/personprofiler\/anna-taksgard\/\">kom i kontakt med Anna<\/a><\/div>\n\n\n\n<div class=\"wp-block-button\"><a class=\"wp-block-button__link wp-element-button\" href=\"https:\/\/www.facebook.com\/profile.php?id=100068366030668\" target=\"_blank\" rel=\"noreferrer noopener\">f\u00f8lg Tana h\u00f8yre p\u00e5 facebook<\/a><\/div>\n<\/div>\n\n\n\n<div class=\"wp-block-hoyre-banner undefined has-icon-title icon-heart is-style-blue\"><div class=\"banner-inner\"><div class=\"banner-content\"><div class=\"entry-content\">\n<h2 class=\"wp-block-heading has-text-align-center\" id=\"h-bli-bedre-kjent-med-navn\">Bli bedre kjent med Anna!<\/h2>\n\n\n\n<p class=\"has-text-align-left\"><strong>Alder:<\/strong> 25<\/p>\n\n\n\n<p class=\"has-text-align-left\"><strong>Bosted:<\/strong> Tana bru<\/p>\n\n\n\n<p class=\"has-text-align-left\"><strong>Sivilstatus:<\/strong> Samboer<\/p>\n\n\n\n<p class=\"has-text-align-left\"><strong>Jobb:<\/strong> Spesialpedagog <\/p>\n\n\n\n<p class=\"has-text-align-left\"><strong>Hvorfor er meldte du deg inn i H\u00f8yre?<\/strong> <\/p>\n\n\n\n<p class=\"has-text-align-left\">Jeg har et bankende hjerte for Tana, og \u00f8nsker \u00e5 bidra til at Tana skal v\u00e6re et godt samfunn og leve i. <\/p>\n\n\n\n<p class=\"has-text-align-left\">H\u00f8yre er et parti som setter enkeltmenneske f\u00f8rst, og jobber for at det skal v\u00e6re muligheter for alle i samfunnet. Det er ogs\u00e5 mine ambisjoner for Tana. <\/p>\n\n\n\n<p class=\"has-text-align-left\"><strong>Det er l\u00f8rdag, klokka n\u00e6rmer seg 19.00. Hva spiser du helst til middag?<\/strong> <\/p>\n\n\n\n<p class=\"has-text-align-left\">Elgbiff med en god saus og gr\u00f8nnsaker. <\/p>\n\n\n\n\n\n\n\n<div class=\"wp-block-buttons is-layout-flex wp-block-buttons-is-layout-flex\"><\/div>\n<\/div><\/div><\/div><\/div>\n\n\n\n\n\n\n\n\n\n\n\n","protected":false},"excerpt":{"rendered":"","protected":false},"author":1,"featured_media":0,"parent":0,"menu_order":0,"comment_status":"closed","ping_status":"closed","template":"","meta":{"teft_cards_image_url":"","teft_cards_custom_pretitle":"","teft_cards_image_id":0,"teft_cards_image_focal_point_x":0,"teft_cards_image_focal_point_y":0,"teft_cards_title":"","teft_cards_excerpt":"","teft_show_chapters":false,"footnotes":""},"class_list":["post-20","page","type-page","status-publish","hentry"],"yoast_head":"<!-- This site is optimized with the Yoast SEO plugin v26.6 - https:\/\/yoast.com\/wordpress\/plugins\/seo\/ -->\n<title>Ordf\u00f8rerkandidat - Tana H\u00f8yre<\/title>\n<meta name=\"robots\" content=\"index, follow, max-snippet:-1, max-image-preview:large, max-video-preview:-1\" \/>\n<link rel=\"canonical\" href=\"https:\/\/hoyre.no\/tana\/ordforerkandidat\/\" \/>\n<meta property=\"og:locale\" content=\"nb_NO\" \/>\n<meta property=\"og:type\" content=\"article\" \/>\n<meta property=\"og:title\" content=\"Ordf\u00f8rerkandidat - Tana H\u00f8yre\" \/>\n<meta property=\"og:url\" content=\"https:\/\/hoyre.no\/tana\/ordforerkandidat\/\" \/>\n<meta property=\"og:site_name\" content=\"Tana H\u00f8yre\" \/>\n<meta property=\"article:modified_time\" content=\"2025-01-02T14:07:20+00:00\" \/>\n<meta property=\"og:image\" content=\"https:\/\/hoyre.no\/content\/uploads\/sites\/234\/2022\/11\/Hoyres-logo.png\" \/>\n\t<meta property=\"og:image:width\" content=\"1000\" \/>\n\t<meta property=\"og:image:height\" content=\"1000\" \/>\n\t<meta property=\"og:image:type\" content=\"image\/png\" \/>\n<meta name=\"twitter:card\" content=\"summary_large_image\" \/>\n<meta name=\"twitter:label1\" content=\"Ansl. lesetid\" \/>\n\t<meta name=\"twitter:data1\" content=\"2 minutter\" \/>\n<script type=\"application\/ld+json\" class=\"yoast-schema-graph\">{\"@context\":\"https:\/\/schema.org\",\"@graph\":[{\"@type\":\"WebPage\",\"@id\":\"https:\/\/hoyre.no\/tana\/ordforerkandidat\/\",\"url\":\"https:\/\/hoyre.no\/tana\/ordforerkandidat\/\",\"name\":\"Ordf\u00f8rerkandidat - Tana H\u00f8yre\",\"isPartOf\":{\"@id\":\"https:\/\/hoyre.no\/tana\/#website\"},\"datePublished\":\"2023-08-10T13:42:45+00:00\",\"dateModified\":\"2025-01-02T14:07:20+00:00\",\"breadcrumb\":{\"@id\":\"https:\/\/hoyre.no\/tana\/ordforerkandidat\/#breadcrumb\"},\"inLanguage\":\"nb-NO\",\"potentialAction\":[{\"@type\":\"ReadAction\",\"target\":[\"https:\/\/hoyre.no\/tana\/ordforerkandidat\/\"]}]},{\"@type\":\"BreadcrumbList\",\"@id\":\"https:\/\/hoyre.no\/tana\/ordforerkandidat\/#breadcrumb\",\"itemListElement\":[{\"@type\":\"ListItem\",\"position\":1,\"name\":\"Til hoyre.no\",\"item\":\"https:\/\/hoyre.no\"},{\"@type\":\"ListItem\",\"position\":2,\"name\":\"Hjem\",\"item\":\"https:\/\/hoyre.no\/tana\/\"},{\"@type\":\"ListItem\",\"position\":3,\"name\":\"Ordf\u00f8rerkandidat\"}]},{\"@type\":\"WebSite\",\"@id\":\"https:\/\/hoyre.no\/tana\/#website\",\"url\":\"https:\/\/hoyre.no\/tana\/\",\"name\":\"Tana H\u00f8yre\",\"description\":\"Bare enda et H\u00f8yres nettsteder-nettsted\",\"inLanguage\":\"nb-NO\"}]}<\/script>\n<!-- \/ Yoast SEO plugin. -->","yoast_head_json":{"title":"Ordf\u00f8rerkandidat - Tana H\u00f8yre","robots":{"index":"index","follow":"follow","max-snippet":"max-snippet:-1","max-image-preview":"max-image-preview:large","max-video-preview":"max-video-preview:-1"},"canonical":"https:\/\/hoyre.no\/tana\/ordforerkandidat\/","og_locale":"nb_NO","og_type":"article","og_title":"Ordf\u00f8rerkandidat - Tana H\u00f8yre","og_url":"https:\/\/hoyre.no\/tana\/ordforerkandidat\/","og_site_name":"Tana H\u00f8yre","article_modified_time":"2025-01-02T14:07:20+00:00","og_image":[{"width":1000,"height":1000,"url":"https:\/\/hoyre.no\/content\/uploads\/sites\/234\/2022\/11\/Hoyres-logo.png","type":"image\/png"}],"twitter_card":"summary_large_image","twitter_misc":{"Ansl. lesetid":"2 minutter"},"schema":{"@context":"https:\/\/schema.org","@graph":[{"@type":"WebPage","@id":"https:\/\/hoyre.no\/tana\/ordforerkandidat\/","url":"https:\/\/hoyre.no\/tana\/ordforerkandidat\/","name":"Ordf\u00f8rerkandidat - Tana H\u00f8yre","isPartOf":{"@id":"https:\/\/hoyre.no\/tana\/#website"},"datePublished":"2023-08-10T13:42:45+00:00","dateModified":"2025-01-02T14:07:20+00:00","breadcrumb":{"@id":"https:\/\/hoyre.no\/tana\/ordforerkandidat\/#breadcrumb"},"inLanguage":"nb-NO","potentialAction":[{"@type":"ReadAction","target":["https:\/\/hoyre.no\/tana\/ordforerkandidat\/"]}]},{"@type":"BreadcrumbList","@id":"https:\/\/hoyre.no\/tana\/ordforerkandidat\/#breadcrumb","itemListElement":[{"@type":"ListItem","position":1,"name":"Til hoyre.no","item":"https:\/\/hoyre.no"},{"@type":"ListItem","position":2,"name":"Hjem","item":"https:\/\/hoyre.no\/tana\/"},{"@type":"ListItem","position":3,"name":"Ordf\u00f8rerkandidat"}]},{"@type":"WebSite","@id":"https:\/\/hoyre.no\/tana\/#website","url":"https:\/\/hoyre.no\/tana\/","name":"Tana H\u00f8yre","description":"Bare enda et H\u00f8yres nettsteder-nettsted","inLanguage":"nb-NO"}]}},"distributor_meta":false,"distributor_terms":false,"distributor_media":false,"distributor_original_site_name":"Tana H\u00f8yre","distributor_original_site_url":"https:\/\/hoyre.no\/tana","push-errors":false,"_links":{"self":[{"href":"https:\/\/hoyre.no\/tana\/wp-json\/wp\/v2\/pages\/20","targetHints":{"allow":["GET"]}}],"collection":[{"href":"https:\/\/hoyre.no\/tana\/wp-json\/wp\/v2\/pages"}],"about":[{"href":"https:\/\/hoyre.no\/tana\/wp-json\/wp\/v2\/types\/page"}],"author":[{"embeddable":true,"href":"https:\/\/hoyre.no\/tana\/wp-json\/wp\/v2\/users\/1"}],"replies":[{"embeddable":true,"href":"https:\/\/hoyre.no\/tana\/wp-json\/wp\/v2\/comments?post=20"}],"version-history":[{"count":10,"href":"https:\/\/hoyre.no\/tana\/wp-json\/wp\/v2\/pages\/20\/revisions"}],"predecessor-version":[{"id":83,"href":"https:\/\/hoyre.no\/tana\/wp-json\/wp\/v2\/pages\/20\/revisions\/83"}],"wp:attachment":[{"href":"https:\/\/hoyre.no\/tana\/wp-json\/wp\/v2\/media?parent=20"}],"curies":[{"name":"wp","href":"https:\/\/api.w.org\/{rel}","templated":true}]}}