{"id":4,"date":"2022-12-16T10:26:43","date_gmt":"2022-12-16T09:26:43","guid":{"rendered":"https:\/\/hoyre.no\/telemark\/vare-folk\/"},"modified":"2022-12-16T10:26:43","modified_gmt":"2022-12-16T09:26:43","slug":"vare-folk","status":"publish","type":"page","link":"https:\/\/hoyre.no\/telemark\/vare-folk\/","title":{"rendered":"V\u00e5re folk"},"content":{"rendered":"\n\n<div class=\"wp-block-hoyre-hero with-image-gradient text-color-light  alignfull has-background\"><div class=\"hoyre-hero \"><h1 class=\"title\">V\u00e5re folk<\/h1><p class=\"preamble\">Telemark H\u00f8yre best\u00e5r av flere tillits- og folkevalgte. Har du noen sp\u00f8rsm\u00e5l? Ikke n\u00f8l med \u00e5 ta kontakt!<\/p><\/div><\/div>\n\n\n\n\n<section class=\"wp-block-hoyre-local-politicians alignfull has-background\">\n\t<div class=\"block-inner\">\n\t\t<div class=\"select-wrapper\">\n\t\t\t<select class=\"politician-committee-dropdown filter-dropdown\" name=\"committee_id\">\n\t\t\t\t\t\t\t\t\t<option value=\"fylkesting\"  selected='selected'>\n\t\t\t\t\t\tFylkesting\t\t\t\t\t<\/option>\n\t\t\t\t\t\t\t\t\t<option value=\"arbeidsutvalget\" >\n\t\t\t\t\t\tArbeidsutvalget\t\t\t\t\t<\/option>\n\t\t\t\t\t\t\t\t\t<option value=\"stortingsrepresentanter\" >\n\t\t\t\t\t\tStortingsrepresentanter\t\t\t\t\t<\/option>\n\t\t\t\t\t\t\t<\/select>\n\t\t<\/div>\n\t\t<div class=\"teft-cards-grid default-size-3\">\n\t\t\t<div class=\"teft-cards-item  is-card-hoyre-person\">\n\n\t<article class=\"teft-card hoyre-person has-internal-link\">\n\t\t<div class=\"teft-card__media circle-crop\"><img decoding=\"async\" loading=\"lazy\" width=\"500\" height=\"500\" src=\"https:\/\/res.cloudinary.com\/hoyre\/image\/upload\/c_thumb,g_face:center,h_500,w_500,d_defaultprofileimg3.jpg,fl_lossy,f_auto\/w_500\/v20230420\/1825975.jpg\" style=\"background-position:50% 50%\" alt=\"Gunn Marit Helgesen\" \/><\/div>\t\t<div class=\"teft-card__primary\">\n\t\t\t\t\t\t\t<a href=\"https:\/\/hoyre.no\/personprofiler\/gunn-marit-helgesen\/\" class=\"primary-link\"><h2>Gunn Marit Helgesen<\/h2><\/a>\n\t\t\t\t\t\t\t\t\t\t<p>Gruppeleder<\/p>\n\t\t\t\t\t\t\t\t<\/div>\n\n\t<\/article>\n\n\t<\/div><div class=\"teft-cards-item  is-card-hoyre-person\">\n\n\t<article class=\"teft-card hoyre-person has-internal-link\">\n\t\t<div class=\"teft-card__media circle-crop\"><img decoding=\"async\" loading=\"lazy\" width=\"500\" height=\"500\" src=\"https:\/\/res.cloudinary.com\/hoyre\/image\/upload\/c_thumb,g_face:center,h_500,w_500,d_defaultprofileimg3.jpg,fl_lossy,f_auto\/w_500\/v20230420\/50741404.jpg\" style=\"background-position:50% 50%\" alt=\"Karoline Roheim Aarvold\" \/><\/div>\t\t<div class=\"teft-card__primary\">\n\t\t\t\t\t\t\t<a href=\"https:\/\/hoyre.no\/personprofiler\/karoline-aarvold\/\" class=\"primary-link\"><h2>Karoline Roheim Aarvold<\/h2><\/a>\n\t\t\t\t\t\t\t\t\t\t<p>Gruppenestleder<\/p>\n\t\t\t\t\t\t\t\t<\/div>\n\n\t<\/article>\n\n\t<\/div><div class=\"teft-cards-item  is-card-hoyre-person\">\n\n\t<article class=\"teft-card hoyre-person has-internal-link\">\n\t\t<div class=\"teft-card__media circle-crop\"><img decoding=\"async\" loading=\"lazy\" width=\"500\" height=\"500\" src=\"https:\/\/res.cloudinary.com\/hoyre\/image\/upload\/c_thumb,g_face:center,h_500,w_500,d_defaultprofileimg3.jpg,fl_lossy,f_auto\/w_500\/v20230420\/51908937.jpg\" style=\"background-position:50% 50%\" alt=\"Fredrik Halsen\" \/><\/div>\t\t<div class=\"teft-card__primary\">\n\t\t\t\t\t\t\t<a href=\"https:\/\/hoyre.no\/personprofiler\/fredrik-halsen\/\" class=\"primary-link\"><h2>Fredrik Halsen<\/h2><\/a>\n\t\t\t\t\t\t\t\t\t\t<p>Representant<\/p>\n\t\t\t\t\t\t\t\t<\/div>\n\n\t<\/article>\n\n\t<\/div><div class=\"teft-cards-item  is-card-hoyre-person\">\n\n\t<article class=\"teft-card hoyre-person has-internal-link\">\n\t\t<div class=\"teft-card__media circle-crop\"><img decoding=\"async\" loading=\"lazy\" width=\"500\" height=\"500\" src=\"https:\/\/res.cloudinary.com\/hoyre\/image\/upload\/c_thumb,g_face:center,h_500,w_500,d_defaultprofileimg3.jpg,fl_lossy,f_auto\/w_500\/v20230420\/50325018.jpg\" style=\"background-position:50% 50%\" alt=\"Veslem\u00f8y W\u00e5le Gjestrud\" \/><\/div>\t\t<div class=\"teft-card__primary\">\n\t\t\t\t\t\t\t<a href=\"https:\/\/hoyre.no\/personprofiler\/veslemoy-wale\/\" class=\"primary-link\"><h2>Veslem\u00f8y W\u00e5le Gjestrud<\/h2><\/a>\n\t\t\t\t\t\t\t\t\t\t<p>Representant<\/p>\n\t\t\t\t\t\t\t\t<\/div>\n\n\t<\/article>\n\n\t<\/div><div class=\"teft-cards-item  is-card-hoyre-person\">\n\n\t<article class=\"teft-card hoyre-person has-internal-link\">\n\t\t<div class=\"teft-card__media circle-crop\"><img decoding=\"async\" loading=\"lazy\" width=\"500\" height=\"500\" src=\"https:\/\/res.cloudinary.com\/hoyre\/image\/upload\/c_thumb,g_face:center,h_500,w_500,d_defaultprofileimg3.jpg,fl_lossy,f_auto\/w_500\/v20230420\/51913622.jpg\" style=\"background-position:50% 50%\" alt=\"Nikolai Boye\" \/><\/div>\t\t<div class=\"teft-card__primary\">\n\t\t\t\t\t\t\t<a href=\"https:\/\/hoyre.no\/personprofiler\/jan-nikolai-boye\/\" class=\"primary-link\"><h2>Nikolai Boye<\/h2><\/a>\n\t\t\t\t\t\t\t\t\t\t<p>Representant<\/p>\n\t\t\t\t\t\t\t\t<\/div>\n\n\t<\/article>\n\n\t<\/div><div class=\"teft-cards-item  is-card-hoyre-person\">\n\n\t<article class=\"teft-card hoyre-person has-internal-link\">\n\t\t<div class=\"teft-card__media circle-crop\"><img decoding=\"async\" loading=\"lazy\" width=\"500\" height=\"500\" src=\"https:\/\/res.cloudinary.com\/hoyre\/image\/upload\/c_thumb,g_face:center,h_500,w_500,d_defaultprofileimg3.jpg,fl_lossy,f_auto\/w_500\/v20230420\/50636331.jpg\" style=\"background-position:50% 50%\" alt=\"Bent Frode Bystr\u00f8m\" \/><\/div>\t\t<div class=\"teft-card__primary\">\n\t\t\t\t\t\t\t<a href=\"https:\/\/hoyre.no\/personprofiler\/bent-frode-bystrom\/\" class=\"primary-link\"><h2>Bent Frode Bystr\u00f8m<\/h2><\/a>\n\t\t\t\t\t\t\t\t\t\t<p>Representant<\/p>\n\t\t\t\t\t\t\t\t<\/div>\n\n\t<\/article>\n\n\t<\/div><div class=\"teft-cards-item  is-card-hoyre-person\">\n\n\t<article class=\"teft-card hoyre-person has-internal-link\">\n\t\t<div class=\"teft-card__media circle-crop\"><img decoding=\"async\" loading=\"lazy\" width=\"500\" height=\"500\" src=\"https:\/\/res.cloudinary.com\/hoyre\/image\/upload\/c_thumb,g_face:center,h_500,w_500,d_defaultprofileimg3.jpg,fl_lossy,f_auto\/w_500\/v20230420\/50060672.jpg\" style=\"background-position:50% 50%\" alt=\"Emilie Clarice Sch\u00e4ffer\" \/><\/div>\t\t<div class=\"teft-card__primary\">\n\t\t\t\t\t\t\t<a href=\"https:\/\/hoyre.no\/personprofiler\/emilie-clarice-schaffer\/\" class=\"primary-link\"><h2>Emilie Clarice Sch\u00e4ffer<\/h2><\/a>\n\t\t\t\t\t\t\t\t\t\t<p>Representant<\/p>\n\t\t\t\t\t\t\t\t<\/div>\n\n\t<\/article>\n\n\t<\/div><div class=\"teft-cards-item  is-card-hoyre-person\">\n\n\t<article class=\"teft-card hoyre-person has-internal-link\">\n\t\t<div class=\"teft-card__media circle-crop\"><img decoding=\"async\" loading=\"lazy\" width=\"500\" height=\"500\" src=\"https:\/\/res.cloudinary.com\/hoyre\/image\/upload\/c_thumb,g_face:center,h_500,w_500,d_defaultprofileimg3.jpg,fl_lossy,f_auto\/w_500\/v20230420\/51971414.jpg\" style=\"background-position:50% 50%\" alt=\"Erling Dahl\" \/><\/div>\t\t<div class=\"teft-card__primary\">\n\t\t\t\t\t\t\t<a href=\"https:\/\/hoyre.no\/personprofiler\/erling-dahl\/\" class=\"primary-link\"><h2>Erling Dahl<\/h2><\/a>\n\t\t\t\t\t\t\t\t\t\t<p>Representant<\/p>\n\t\t\t\t\t\t\t\t<\/div>\n\n\t<\/article>\n\n\t<\/div><div class=\"teft-cards-item  is-card-hoyre-person\">\n\n\t<article class=\"teft-card hoyre-person has-internal-link\">\n\t\t<div class=\"teft-card__media circle-crop\"><img decoding=\"async\" loading=\"lazy\" width=\"500\" height=\"500\" src=\"https:\/\/res.cloudinary.com\/hoyre\/image\/upload\/c_thumb,g_face:center,h_500,w_500,d_defaultprofileimg3.jpg,fl_lossy,f_auto\/w_500\/v20230420\/11193539.jpg\" style=\"background-position:50% 50%\" alt=\"Petter Ellefsen\" \/><\/div>\t\t<div class=\"teft-card__primary\">\n\t\t\t\t\t\t\t<a href=\"https:\/\/hoyre.no\/personprofiler\/petter-ellefsen\/\" class=\"primary-link\"><h2>Petter Ellefsen<\/h2><\/a>\n\t\t\t\t\t\t\t\t\t\t<p>Varamedlem<\/p>\n\t\t\t\t\t\t\t\t<\/div>\n\n\t<\/article>\n\n\t<\/div><div class=\"teft-cards-item  is-card-hoyre-person\">\n\n\t<article class=\"teft-card hoyre-person has-internal-link\">\n\t\t<div class=\"teft-card__media circle-crop\"><img decoding=\"async\" loading=\"lazy\" width=\"500\" height=\"500\" src=\"https:\/\/res.cloudinary.com\/hoyre\/image\/upload\/c_thumb,g_face:center,h_500,w_500,d_defaultprofileimg3.jpg,fl_lossy,f_auto\/w_500\/v20230420\/12271573.jpg\" style=\"background-position:50% 50%\" alt=\"Arnt Helge Hauglid\" \/><\/div>\t\t<div class=\"teft-card__primary\">\n\t\t\t\t\t\t\t<a href=\"https:\/\/hoyre.no\/personprofiler\/arnt-helge-hauglid\/\" class=\"primary-link\"><h2>Arnt Helge Hauglid<\/h2><\/a>\n\t\t\t\t\t\t\t\t\t\t<p>Varamedlem<\/p>\n\t\t\t\t\t\t\t\t<\/div>\n\n\t<\/article>\n\n\t<\/div><div class=\"teft-cards-item  is-card-hoyre-person\">\n\n\t<article class=\"teft-card hoyre-person has-internal-link\">\n\t\t<div class=\"teft-card__media circle-crop\"><img decoding=\"async\" loading=\"lazy\" width=\"500\" height=\"500\" src=\"https:\/\/res.cloudinary.com\/hoyre\/image\/upload\/c_thumb,g_face:center,h_500,w_500,d_defaultprofileimg3.jpg,fl_lossy,f_auto\/w_500\/v20230420\/51922466.jpg\" style=\"background-position:50% 50%\" alt=\"Daniel Larsen\" \/><\/div>\t\t<div class=\"teft-card__primary\">\n\t\t\t\t\t\t\t<a href=\"https:\/\/hoyre.no\/personprofiler\/daniel-larsen\/\" class=\"primary-link\"><h2>Daniel Larsen<\/h2><\/a>\n\t\t\t\t\t\t\t\t\t\t<p>Varamedlem<\/p>\n\t\t\t\t\t\t\t\t<\/div>\n\n\t<\/article>\n\n\t<\/div><div class=\"teft-cards-item  is-card-hoyre-person\">\n\n\t<article class=\"teft-card hoyre-person has-internal-link\">\n\t\t<div class=\"teft-card__media circle-crop\"><img decoding=\"async\" loading=\"lazy\" width=\"500\" height=\"500\" src=\"https:\/\/res.cloudinary.com\/hoyre\/image\/upload\/c_thumb,g_face:center,h_500,w_500,d_defaultprofileimg3.jpg,fl_lossy,f_auto\/w_500\/v20230420\/50170752.jpg\" style=\"background-position:50% 50%\" alt=\"Tonje Harbek Brokke\" \/><\/div>\t\t<div class=\"teft-card__primary\">\n\t\t\t\t\t\t\t<a href=\"https:\/\/hoyre.no\/personprofiler\/tonje-harbek-brokke\/\" class=\"primary-link\"><h2>Tonje Harbek Brokke<\/h2><\/a>\n\t\t\t\t\t\t\t\t\t\t<p>Varamedlem<\/p>\n\t\t\t\t\t\t\t\t<\/div>\n\n\t<\/article>\n\n\t<\/div><div class=\"teft-cards-item  is-card-hoyre-person\">\n\n\t<article class=\"teft-card hoyre-person has-internal-link\">\n\t\t<div class=\"teft-card__media circle-crop\"><img decoding=\"async\" loading=\"lazy\" width=\"500\" height=\"500\" src=\"https:\/\/res.cloudinary.com\/hoyre\/image\/upload\/c_thumb,g_face:center,h_500,w_500,d_defaultprofileimg3.jpg,fl_lossy,f_auto\/w_500\/v20230420\/1812445.jpg\" style=\"background-position:50% 50%\" alt=\"Edvard M\u00e6land\" \/><\/div>\t\t<div class=\"teft-card__primary\">\n\t\t\t\t\t\t\t<a href=\"https:\/\/hoyre.no\/personprofiler\/edvard-maeland\/\" class=\"primary-link\"><h2>Edvard M\u00e6land<\/h2><\/a>\n\t\t\t\t\t\t\t\t\t\t<p>Varamedlem<\/p>\n\t\t\t\t\t\t\t\t<\/div>\n\n\t<\/article>\n\n\t<\/div><div class=\"teft-cards-item  is-card-hoyre-person\">\n\n\t<article class=\"teft-card hoyre-person has-internal-link\">\n\t\t<div class=\"teft-card__media circle-crop\"><img decoding=\"async\" loading=\"lazy\" width=\"500\" height=\"500\" src=\"https:\/\/res.cloudinary.com\/hoyre\/image\/upload\/c_thumb,g_face:center,h_500,w_500,d_defaultprofileimg3.jpg,fl_lossy,f_auto\/w_500\/v20230420\/50385822.jpg\" style=\"background-position:50% 50%\" alt=\"Ole Einar Amlie\" \/><\/div>\t\t<div class=\"teft-card__primary\">\n\t\t\t\t\t\t\t<a href=\"https:\/\/hoyre.no\/personprofiler\/ole-einar-amlie\/\" class=\"primary-link\"><h2>Ole Einar Amlie<\/h2><\/a>\n\t\t\t\t\t\t\t\t\t\t<p>Varamedlem<\/p>\n\t\t\t\t\t\t\t\t<\/div>\n\n\t<\/article>\n\n\t<\/div><div class=\"teft-cards-item  is-card-hoyre-person\">\n\n\t<article class=\"teft-card hoyre-person has-internal-link\">\n\t\t<div class=\"teft-card__media circle-crop\"><img decoding=\"async\" loading=\"lazy\" width=\"500\" height=\"500\" src=\"https:\/\/res.cloudinary.com\/hoyre\/image\/upload\/c_thumb,g_face:center,h_500,w_500,d_defaultprofileimg3.jpg,fl_lossy,f_auto\/w_500\/v20230420\/51914562.jpg\" style=\"background-position:50% 50%\" alt=\"Anne-Mette Granhaugen\" \/><\/div>\t\t<div class=\"teft-card__primary\">\n\t\t\t\t\t\t\t<a href=\"https:\/\/hoyre.no\/personprofiler\/anne-mette-granhaugen\/\" class=\"primary-link\"><h2>Anne-Mette Granhaugen<\/h2><\/a>\n\t\t\t\t\t\t\t\t\t\t<p>Varamedlem<\/p>\n\t\t\t\t\t\t\t\t<\/div>\n\n\t<\/article>\n\n\t<\/div><div class=\"teft-cards-item  is-card-hoyre-person\">\n\n\t<article class=\"teft-card hoyre-person has-internal-link\">\n\t\t<div class=\"teft-card__media circle-crop\"><img decoding=\"async\" loading=\"lazy\" width=\"500\" height=\"500\" src=\"https:\/\/res.cloudinary.com\/hoyre\/image\/upload\/c_thumb,g_face:center,h_500,w_500,d_defaultprofileimg3.jpg,fl_lossy,f_auto\/w_500\/v20230420\/52052677.jpg\" style=\"background-position:50% 50%\" alt=\"Ole Thomas Lunde\" \/><\/div>\t\t<div class=\"teft-card__primary\">\n\t\t\t\t\t\t\t<a href=\"https:\/\/hoyre.no\/personprofiler\/ole-thomas-lunde\/\" class=\"primary-link\"><h2>Ole Thomas Lunde<\/h2><\/a>\n\t\t\t\t\t\t\t\t\t\t<p>Varamedlem<\/p>\n\t\t\t\t\t\t\t\t<\/div>\n\n\t<\/article>\n\n\t<\/div><div class=\"teft-cards-item  is-card-hoyre-person\">\n\n\t<article class=\"teft-card hoyre-person has-internal-link\">\n\t\t<div class=\"teft-card__media circle-crop\"><img decoding=\"async\" loading=\"lazy\" width=\"500\" height=\"500\" src=\"https:\/\/res.cloudinary.com\/hoyre\/image\/upload\/c_thumb,g_face:center,h_500,w_500,d_defaultprofileimg3.jpg,fl_lossy,f_auto\/w_500\/v20230420\/11419959.jpg\" style=\"background-position:50% 50%\" alt=\"Egil Stokken\" \/><\/div>\t\t<div class=\"teft-card__primary\">\n\t\t\t\t\t\t\t<a href=\"https:\/\/hoyre.no\/personprofiler\/egil-stokken\/\" class=\"primary-link\"><h2>Egil Stokken<\/h2><\/a>\n\t\t\t\t\t\t\t\t\t\t<p>Varamedlem<\/p>\n\t\t\t\t\t\t\t\t<\/div>\n\n\t<\/article>\n\n\t<\/div><div class=\"teft-cards-item  is-card-hoyre-person\">\n\n\t<article class=\"teft-card hoyre-person has-internal-link\">\n\t\t<div class=\"teft-card__media circle-crop\"><img decoding=\"async\" loading=\"lazy\" width=\"500\" height=\"500\" src=\"https:\/\/res.cloudinary.com\/hoyre\/image\/upload\/c_thumb,g_face:center,h_500,w_500,d_defaultprofileimg3.jpg,fl_lossy,f_auto\/w_500\/v20230420\/52131158.jpg\" style=\"background-position:50% 50%\" alt=\"Trude Fostervold\" \/><\/div>\t\t<div class=\"teft-card__primary\">\n\t\t\t\t\t\t\t<a href=\"https:\/\/hoyre.no\/personprofiler\/trude-fostervold\/\" class=\"primary-link\"><h2>Trude Fostervold<\/h2><\/a>\n\t\t\t\t\t\t\t\t\t\t<p>Varamedlem<\/p>\n\t\t\t\t\t\t\t\t<\/div>\n\n\t<\/article>\n\n\t<\/div><div class=\"teft-cards-item  is-card-hoyre-person\">\n\n\t<article class=\"teft-card hoyre-person has-internal-link\">\n\t\t<div class=\"teft-card__media circle-crop\"><img decoding=\"async\" loading=\"lazy\" width=\"500\" height=\"500\" src=\"https:\/\/res.cloudinary.com\/hoyre\/image\/upload\/c_thumb,g_face:center,h_500,w_500,d_defaultprofileimg3.jpg,fl_lossy,f_auto\/w_500\/v20230420\/1839976.jpg\" style=\"background-position:50% 50%\" alt=\"Sigvart Asle Lie\" \/><\/div>\t\t<div class=\"teft-card__primary\">\n\t\t\t\t\t\t\t<a href=\"https:\/\/hoyre.no\/personprofiler\/sigvart-asle-lie\/\" class=\"primary-link\"><h2>Sigvart Asle Lie<\/h2><\/a>\n\t\t\t\t\t\t\t\t\t\t<p>Varamedlem<\/p>\n\t\t\t\t\t\t\t\t<\/div>\n\n\t<\/article>\n\n\t<\/div>\t\t<\/div>\n\t<\/div>\n<\/section>\n\n\n\n<section class=\"wp-block-hoyre-branch-contact-info aligncenter\">\n\t<div class=\"block-inner\">\n\t\t<h2>Kontakt oss<\/h2>\n\t\t<div class=\"panel\">\n\t\t\t<h3>Telemark H\u00f8yre<\/h3>\n\t\t\t<dl class=\"info-misc-with-icons\">\n\t\t\t\t\t\t\t\t\t<dt class=\"email\"><span class=\"screen-reader-text\">E-post<\/span><\/dt>\n\t\t\t\t\t<dd class=\"email\">\n\t\t\t\t\t\t<a href=\"mailto:telemark@hoyre.no\">telemark@hoyre.no<\/a>\n\t\t\t\t\t<\/dd>\n\t\t\t\t\t\t\t\t\t\t\t\t\n\t\t\t\t\t\t\t<\/dl>\n\t\t<\/div>\n\t<\/div>\n<\/section>\n\n\n","protected":false},"excerpt":{"rendered":"","protected":false},"author":51320,"featured_media":0,"parent":0,"menu_order":0,"comment_status":"closed","ping_status":"closed","template":"","meta":{"teft_cards_image_url":"","teft_cards_custom_pretitle":"","teft_cards_image_id":0,"teft_cards_image_focal_point_x":0,"teft_cards_image_focal_point_y":0,"teft_cards_title":"","teft_cards_excerpt":"","teft_show_chapters":false,"footnotes":""},"class_list":["post-4","page","type-page","status-publish","hentry"],"yoast_head":"<!-- This site is optimized with the Yoast SEO plugin v26.6 - https:\/\/yoast.com\/wordpress\/plugins\/seo\/ -->\n<title>V\u00e5re folk - Telemark H\u00f8yre<\/title>\n<meta name=\"robots\" content=\"index, follow, max-snippet:-1, max-image-preview:large, max-video-preview:-1\" \/>\n<link rel=\"canonical\" href=\"https:\/\/hoyre.no\/telemark\/vare-folk\/\" \/>\n<meta property=\"og:locale\" content=\"nb_NO\" \/>\n<meta property=\"og:type\" content=\"article\" \/>\n<meta property=\"og:title\" content=\"V\u00e5re folk - Telemark H\u00f8yre\" \/>\n<meta property=\"og:url\" content=\"https:\/\/hoyre.no\/telemark\/vare-folk\/\" \/>\n<meta property=\"og:site_name\" content=\"Telemark H\u00f8yre\" \/>\n<meta name=\"twitter:card\" content=\"summary_large_image\" \/>\n<script type=\"application\/ld+json\" class=\"yoast-schema-graph\">{\"@context\":\"https:\/\/schema.org\",\"@graph\":[{\"@type\":\"WebPage\",\"@id\":\"https:\/\/hoyre.no\/telemark\/vare-folk\/\",\"url\":\"https:\/\/hoyre.no\/telemark\/vare-folk\/\",\"name\":\"V\u00e5re folk - Telemark H\u00f8yre\",\"isPartOf\":{\"@id\":\"https:\/\/hoyre.no\/telemark\/#website\"},\"datePublished\":\"2022-12-16T09:26:43+00:00\",\"breadcrumb\":{\"@id\":\"https:\/\/hoyre.no\/telemark\/vare-folk\/#breadcrumb\"},\"inLanguage\":\"nb-NO\",\"potentialAction\":[{\"@type\":\"ReadAction\",\"target\":[\"https:\/\/hoyre.no\/telemark\/vare-folk\/\"]}]},{\"@type\":\"BreadcrumbList\",\"@id\":\"https:\/\/hoyre.no\/telemark\/vare-folk\/#breadcrumb\",\"itemListElement\":[{\"@type\":\"ListItem\",\"position\":1,\"name\":\"Til hoyre.no\",\"item\":\"https:\/\/hoyre.no\"},{\"@type\":\"ListItem\",\"position\":2,\"name\":\"Hjem\",\"item\":\"https:\/\/hoyre.no\/telemark\/\"},{\"@type\":\"ListItem\",\"position\":3,\"name\":\"V\u00e5re folk\"}]},{\"@type\":\"WebSite\",\"@id\":\"https:\/\/hoyre.no\/telemark\/#website\",\"url\":\"https:\/\/hoyre.no\/telemark\/\",\"name\":\"Telemark H\u00f8yre\",\"description\":\"Bare enda et H\u00f8yres nettsteder-nettsted\",\"publisher\":{\"@id\":\"https:\/\/hoyre.no\/telemark\/#organization\"},\"inLanguage\":\"nb-NO\"},{\"@type\":\"Organization\",\"@id\":\"https:\/\/hoyre.no\/telemark\/#organization\",\"name\":\"Telemark H\u00f8yre\",\"url\":\"https:\/\/hoyre.no\/telemark\/\",\"logo\":{\"@type\":\"ImageObject\",\"inLanguage\":\"nb-NO\",\"@id\":\"https:\/\/hoyre.no\/telemark\/#\/schema\/logo\/image\/\",\"url\":\"https:\/\/hoyre.no\/content\/uploads\/sites\/429\/2023\/02\/hoyre_logo.png\",\"contentUrl\":\"https:\/\/hoyre.no\/content\/uploads\/sites\/429\/2023\/02\/hoyre_logo.png\",\"width\":1000,\"height\":1000,\"caption\":\"Telemark H\u00f8yre\"},\"image\":{\"@id\":\"https:\/\/hoyre.no\/telemark\/#\/schema\/logo\/image\/\"}}]}<\/script>\n<!-- \/ Yoast SEO plugin. -->","yoast_head_json":{"title":"V\u00e5re folk - Telemark H\u00f8yre","robots":{"index":"index","follow":"follow","max-snippet":"max-snippet:-1","max-image-preview":"max-image-preview:large","max-video-preview":"max-video-preview:-1"},"canonical":"https:\/\/hoyre.no\/telemark\/vare-folk\/","og_locale":"nb_NO","og_type":"article","og_title":"V\u00e5re folk - Telemark H\u00f8yre","og_url":"https:\/\/hoyre.no\/telemark\/vare-folk\/","og_site_name":"Telemark H\u00f8yre","twitter_card":"summary_large_image","schema":{"@context":"https:\/\/schema.org","@graph":[{"@type":"WebPage","@id":"https:\/\/hoyre.no\/telemark\/vare-folk\/","url":"https:\/\/hoyre.no\/telemark\/vare-folk\/","name":"V\u00e5re folk - Telemark H\u00f8yre","isPartOf":{"@id":"https:\/\/hoyre.no\/telemark\/#website"},"datePublished":"2022-12-16T09:26:43+00:00","breadcrumb":{"@id":"https:\/\/hoyre.no\/telemark\/vare-folk\/#breadcrumb"},"inLanguage":"nb-NO","potentialAction":[{"@type":"ReadAction","target":["https:\/\/hoyre.no\/telemark\/vare-folk\/"]}]},{"@type":"BreadcrumbList","@id":"https:\/\/hoyre.no\/telemark\/vare-folk\/#breadcrumb","itemListElement":[{"@type":"ListItem","position":1,"name":"Til hoyre.no","item":"https:\/\/hoyre.no"},{"@type":"ListItem","position":2,"name":"Hjem","item":"https:\/\/hoyre.no\/telemark\/"},{"@type":"ListItem","position":3,"name":"V\u00e5re folk"}]},{"@type":"WebSite","@id":"https:\/\/hoyre.no\/telemark\/#website","url":"https:\/\/hoyre.no\/telemark\/","name":"Telemark H\u00f8yre","description":"Bare enda et H\u00f8yres nettsteder-nettsted","publisher":{"@id":"https:\/\/hoyre.no\/telemark\/#organization"},"inLanguage":"nb-NO"},{"@type":"Organization","@id":"https:\/\/hoyre.no\/telemark\/#organization","name":"Telemark H\u00f8yre","url":"https:\/\/hoyre.no\/telemark\/","logo":{"@type":"ImageObject","inLanguage":"nb-NO","@id":"https:\/\/hoyre.no\/telemark\/#\/schema\/logo\/image\/","url":"https:\/\/hoyre.no\/content\/uploads\/sites\/429\/2023\/02\/hoyre_logo.png","contentUrl":"https:\/\/hoyre.no\/content\/uploads\/sites\/429\/2023\/02\/hoyre_logo.png","width":1000,"height":1000,"caption":"Telemark H\u00f8yre"},"image":{"@id":"https:\/\/hoyre.no\/telemark\/#\/schema\/logo\/image\/"}}]}},"distributor_meta":false,"distributor_terms":false,"distributor_media":false,"distributor_original_site_name":"Telemark H\u00f8yre","distributor_original_site_url":"https:\/\/hoyre.no\/telemark","push-errors":false,"_links":{"self":[{"href":"https:\/\/hoyre.no\/telemark\/wp-json\/wp\/v2\/pages\/4","targetHints":{"allow":["GET"]}}],"collection":[{"href":"https:\/\/hoyre.no\/telemark\/wp-json\/wp\/v2\/pages"}],"about":[{"href":"https:\/\/hoyre.no\/telemark\/wp-json\/wp\/v2\/types\/page"}],"author":[{"embeddable":true,"href":"https:\/\/hoyre.no\/telemark\/wp-json\/wp\/v2\/users\/51320"}],"replies":[{"embeddable":true,"href":"https:\/\/hoyre.no\/telemark\/wp-json\/wp\/v2\/comments?post=4"}],"version-history":[{"count":1,"href":"https:\/\/hoyre.no\/telemark\/wp-json\/wp\/v2\/pages\/4\/revisions"}],"predecessor-version":[{"id":51,"href":"https:\/\/hoyre.no\/telemark\/wp-json\/wp\/v2\/pages\/4\/revisions\/51"}],"wp:attachment":[{"href":"https:\/\/hoyre.no\/telemark\/wp-json\/wp\/v2\/media?parent=4"}],"curies":[{"name":"wp","href":"https:\/\/api.w.org\/{rel}","templated":true}]}}