{"id":3,"date":"2020-11-12T10:15:23","date_gmt":"2020-11-12T09:15:23","guid":{"rendered":"https:\/\/hoyre.no\/time\/forsiden\/"},"modified":"2025-09-26T09:58:29","modified_gmt":"2025-09-26T07:58:29","slug":"forsiden","status":"publish","type":"page","link":"https:\/\/hoyre.no\/time\/","title":{"rendered":"Forsiden"},"content":{"rendered":"\n\t\t<div class=\" has-simple-highlight style-white has-mobile-text-aligned-center slogan-type-primary-nn wp-block-hoyre-slogan\">\n\t\t\t<div class=\"slogan-container\">\n\t\t\t\t<div class=\"slogan__image\">\n\t\t\t\t\t<img loading=\"lazy\" decoding=\"async\" width=\"1696\" height=\"1130\" src=\"https:\/\/hoyre.no\/content\/uploads\/sites\/208\/2025\/09\/4Y9A9323_43038245f89.avif\" class=\"slogan__background-media\" alt=\"\" style=\"--focal-point: 69% 39%;\" srcset=\"https:\/\/hoyre.no\/content\/uploads\/sites\/208\/2025\/09\/4Y9A9323_43038245f89.avif 1696w, https:\/\/hoyre.no\/content\/uploads\/sites\/208\/2025\/09\/4Y9A9323_43038245f89-300x200.avif 300w, https:\/\/hoyre.no\/content\/uploads\/sites\/208\/2025\/09\/4Y9A9323_43038245f89-1024x682.avif 1024w, https:\/\/hoyre.no\/content\/uploads\/sites\/208\/2025\/09\/4Y9A9323_43038245f89-768x512.avif 768w, https:\/\/hoyre.no\/content\/uploads\/sites\/208\/2025\/09\/4Y9A9323_43038245f89-1536x1023.avif 1536w\" sizes=\"auto, (max-width: 1696px) 100vw, 1696px\" \/>\n\t\t\t\t<\/div>\n\t\t\t\t<div class=\"slogan__content\">\n\t\t\t\t\t<svg xmlns=\"http:\/\/www.w3.org\/2000\/svg\" xml:space=\"preserve\" style=\"enable-background:new 0 0 1803 710.1\" viewBox=\"0 0 1803 710.1\"><path d=\"M1349.6 492.8c.5 8.8-5 12.4-12.7 13.9s-81.3 7.9-81.3 7.9c1.5 19.9 21.2 34.9 73.9 16.6 7.5-2.6 18.9-7.9 20.2 5.6 1.2 12.7-23.2 32.4-56 37.2-47 6.9-80.4-20.7-78.2-67.4 2.1-41.3 26.6-78.8 71.7-82.1 39.6-2.8 63 24.8 62.4 68.3zm-92.6-6.9 60.2-5.8c2.3-11.6-12.7-25.5-28.9-23.2-16.6 2.4-31 11.5-31.3 29zM738.9 480.3l23.9-2.3c4.8-.5 8.9 3.5 8.7 8.3l-.3 8.9s24-23.1 47.4-23.1c0 0 4-.4 4.2 3.2.2 3.7-1.6 28.4-1.6 28.4-.2 4-3.2 7.2-7.2 7.6-12.7 1.2-31.9 5-41.4 12.8-1.8 1.5-2.9 3.6-3 5.9l-4.2 85.9c-.2 3.9-3.3 7.2-7.2 7.5l-24.1 2.3c-4.8.5-8.9-3.5-8.7-8.3l6.4-129.6c.1-3.9 3.2-7.1 7.1-7.5zM458.3 508.8l18.4-1.8.5-12.8c1.8-35.8 24.7-59.1 59.1-62.4 8.4-.8 17.4-.6 25.7 1.2 3.6.8 5.9 4.3 5.1 7.9l-4.4 19.7c-.7 3.3-3.9 5.5-7.3 5.1-5-.6-10.5-.6-16.4-.1-13.2 1.3-20.8 8.9-21.7 24.6l-.5 12.8c34-1.1 37.5-4.8 37.5 5.8 0 17.4-2.3 23.2-17.4 24.3-15 1.2-21.7 1.8-21.7 1.8L510 639.4c-.3 5.1-4.2 9.2-9.2 9.7l-15.1 1.4c-8.6.8-15.9-6.2-15.4-14.8l5.3-99.3-12.7 1.2c-8.4.8-10-4.3-9.6-12.8l.6-11.8c.1-2 2-3.9 4.4-4.2zM634.5 489.1c41.6-4 75.4 26.1 73.4 68.2-2.2 43.9-36.4 78.7-80.9 83-42.1 4-75.4-26.1-73.4-68.2 2.2-43.7 36.1-78.7 80.9-83zm-5.9 116.8c20.1-1.9 37.9-20.7 39.1-44.8 1.1-24.7-13.6-39.8-34.9-37.7-20.6 2-37.9 21-39.1 44.8-1.3 25.3 13.4 39.8 34.9 37.7zM993.4 468.1l1.4-1c.3-5.2 4.4-9.4 9.6-9.9l18.6-1.8c6.4-.6 11.9 4.6 11.6 11.1l-5.9 123.9c-.3 5.3-4.3 9.6-9.6 10.1l-18.8 1.8c-6.4.6-11.9-4.6-11.6-11.1l.1-1.7-1.5-.4c-9.1 11-24.2 19.7-41.9 21.4-35.5 3.4-65.4-27-63.3-69.2 2.2-43.6 34.4-78.5 73.4-82.3 16.6-1.6 29.4 2.4 37.9 9.1zm-2.5 81.6 2-43.5c.2-4.4-2.3-8.7-6.5-10.3-7.5-2.9-16.8-4.2-27.4-3.2-18.3 1.8-35.7 20.5-36.8 44.6-1.1 25 13.6 39.8 32.9 37.9 12.5-1.2 26.2-7.2 34.4-20.9.9-1.2 1.3-2.9 1.4-4.6zM1116.8 575.8c-1.4 11-11.5 18.9-22.5 17.3-24-3.3-35.8-19-34.5-46.7l7.3-150.6c.3-6.8 5.6-12.4 12.4-13l12.5-1.2c8.3-.8 15.5 6 15 14.4l-7 142c-.4 8.5 1.9 13.6 6.7 16.2 7.3 4 11.1 12.3 10.1 20.6v1zM1197.3 568.1c-1.4 11-11.5 18.9-22.5 17.3-24-3.3-35.8-19-34.5-46.7l7.3-151c.3-6.6 5.4-12 12-12.6l13.4-1.3c8.1-.8 15 5.8 14.6 13.9l-7 142.5c-.4 8.5 1.9 13.6 6.8 16.2 7.3 4 11.1 12.3 10.1 20.6l-.2 1.1zM889.7 680.5l.4 21.6c.7 5.1 6.9 9.4 12.8 7.6 126.6-39.8 300.9-60.6 428.1-57.1 11.8.3 13.5-20.3 1.6-20.9-122.1-6.5-298.4 6.9-432.8 39.2-5.8 1.3-10.8 4.6-10.1 9.6zM330.6 161.5c41.6-4.1 75.5 25.8 73.6 68-2 43.9-36.2 78.9-80.7 83.2-42.2 4.2-75.5-25.8-73.6-68 2.1-43.6 36-78.8 80.7-83.2zm-5.5 117c20.1-2 37.9-20.8 39-45 1-24.7-13.8-39.8-35-37.7-20.6 2-37.9 21.1-39 45-1.3 25.3 13.5 39.8 35 37.7zM182.1 199.5s-47.8 93.4-64.5 121.8c-3.6 6.2-12.7 8.1-16.2 1.2-12.1-24.1-55.6-107.7-55.6-107.7l-5.9 110.6c-.3 6.6-5.4 12-12 12.7l-13.3 1.3c-8.1.8-15-5.8-14.6-13.9l7.9-176.6c.3-6.6 5.4-12 12-12.7 0 0 14.4-2.7 22.2-3.1 7.8-.4 11.3 5.4 16 13.5l52.4 105.2s58.7-112.5 62.2-119.5c4.6-9.3 12.5-13.5 17.3-13.9 0 0 8.9-1.9 18.9-1.5 10 .3 15.8 4.9 14.7 17.7-1.1 12.7-8 172.1-8 172.1-.3 7.1-5.8 12.8-12.8 13.5l-11.5 1.1c-8.6.9-16-6.2-15.6-14.8l6.4-107zM665.5 260.9c-1.3 11-11.4 18.9-22.5 17.4-24-3.3-35.9-18.9-34.7-46.6l6.9-151.9c.3-6.1 5-11.1 11.1-11.7l15.3-1.5c7.5-.7 13.9 5.3 13.5 12.8l-6.6 143.7c-.4 8.5 2 13.6 6.8 16.2 7.3 4 11.2 12.3 10.2 20.6v1zM1376.7 60.8h.2c12-1.2 22.3 8.6 21.8 20.7l-4.9 105.4c-.5 9.8-8.1 17.9-17.9 18.8-12 1.2-22.3-8.6-21.8-20.6l4.7-105.4c.4-9.9 8-18 17.9-18.9zm6-60.6c14.5-1.7 21.9 8.6 21.4 19.5s-7.3 22.5-23.2 24.3c-13.9 1.6-21.4-9-21.1-19.2.6-11.2 8.2-22.9 22.9-24.6zM941 236.1l-1.5-.4c-8.8 10.1-23.1 17.9-40.3 19.6-37.9 3.7-65.5-26.8-63.6-69 2.1-43.6 31.6-78.4 73.2-82.5 13.4-1.3 24.1.6 32.9 5.3 1.5.8 4.8 2.5 4.8 2.5s.4-3.7.6-5.4c.4-4.5 3.3-7.4 10.6-7.4h14.5c14.5 0 14.8 9.5 14.3 19.9l-6 127.5c-1.8 43.3-35.3 83.9-85.5 90-13.2 1.6-25.7 1.5-37.9-.3-7.2-1.1-12.1-8-10.5-15.1l1.9-8.7c1.3-6.2 7-10.4 13.3-9.9 9.7.8 20.9 2.5 32.8-.2 37.5-8.4 45-31.3 46.1-52l.3-13.9zm2.1-41.5 1.7-39c.4-8.5-5.6-16.2-14-17.5-5.7-.9-12-1.1-18.4-.5-20.4 2-35.6 20.6-36.7 44.7-1 25 11.5 40 33 37.9 10.7-1.1 22.4-5.7 30.7-15.7 2.3-2.8 3.6-6.3 3.7-9.9zM533.6 275.8l-1.5-.4c-8.8 10.1-23.1 17.9-40.3 19.6-37.9 3.7-65.5-26.8-63.6-69 2.1-43.6 31.6-78.4 73.2-82.5 13.4-1.3 24.1.6 32.9 5.3 1.5.8 4.8 2.5 4.8 2.5s.4-3.7.6-5.4c.4-4.5 3.3-7.4 10.6-7.4h14.5c14.5 0 14.8 9.5 14.3 19.9l-6 127.5c-1.8 43.3-35.3 83.9-85.5 90-13.2 1.6-25.7 1.5-37.9-.3-7.2-1.1-12.1-8-10.5-15.1l1.9-8.7c1.3-6.2 7-10.4 13.3-9.9 9.7.8 20.9 2.5 32.8-.2 37.5-8.4 45-31.3 46.1-52l.3-13.9zm2.1-41.4 1.7-39c.4-8.5-5.6-16.2-14-17.5-5.7-.9-12-1.1-18.4-.5-20.4 2-35.6 20.6-36.7 44.7-1 25 11.5 40 33 37.9 10.7-1.1 22.4-5.7 30.7-15.7 2.4-2.8 3.6-6.4 3.7-9.9zM1036.1 27.5l17.3-1.7c6.9-.7 12.8 4.9 12.5 11.8l-3.3 70.4 1.5.4c10.1-12.6 26.7-22.6 47.4-24.7 26.1-2.6 49.4 16.3 47.5 58.4l-3.3 74.4c-.3 6-4.9 11-11 11.6l-15.6 1.5c-7.4.7-13.7-5.3-13.3-12.7l3.3-68.5c.9-22.7-10.8-30.2-25.7-28.7-9.3.9-18.9 5.7-26 12.1-3.9 3.5-6.1 8.5-6.4 13.7l-3.7 80.2c-.3 6.4-5.2 11.5-11.5 12.2l-14.4 1.4c-7.8.8-14.4-5.5-14.1-13.3l8.6-187.7c.3-5.7 4.6-10.3 10.2-10.8zM1681.9 101.6c.6 8.8-5 12.5-12.7 13.9-7.7 1.5-81.4 8.1-81.4 8.1 1.5 19.9 21.3 34.9 74 16.4 7.5-2.6 18.9-8 20.2 5.5 1.2 12.7-23.1 32.5-55.9 37.4-47 7-80.5-20.4-78.5-67.3 2-41.3 26.4-78.9 71.5-82.3 39.8-2.8 63.3 24.8 62.8 68.3zm-92.6-6.6 60.2-6c2.3-11.6-12.8-25.4-29-23.1-16.6 2.4-31 11.5-31.2 29.1zM1323 136.4c.6 8.8-5 12.5-12.7 13.9-7.7 1.5-81.4 8.1-81.4 8.1 1.5 19.9 21.3 34.9 74 16.4 7.5-2.6 18.9-8 20.2 5.5 1.2 12.7-23.1 32.5-55.9 37.4-47 7-80.5-20.4-78.5-67.3 2-41.3 26.4-78.9 71.5-82.3 39.7-2.8 63.3 24.7 62.8 68.3zm-92.7-6.7 60.2-6c2.3-11.6-12.8-25.4-29-23.1-16.6 2.5-30.9 11.6-31.2 29.1zM1434.1 54.9l15.5-1.5 1.6-37.1c.2-5.4 4.4-9.8 9.8-10.3l18.3-1.8c6.6-.6 12.2 4.7 11.9 11.3l-1.5 34 27.9-2.7c3.5-.3 6.4 2.5 6.2 5.9l-.9 20.5c-.1 2.8-2.3 5.1-5.1 5.4l-29.5 2.9-2.6 58.5c-.9 14.6 6.5 19 17.4 18 3.5-.3 7.5-1.2 11.1-2.3 3.4-1 6.8 1.3 7.3 4.7l2.7 21.8c.3 2.4-1 4.8-3.2 5.9-7.7 3.6-17.6 6.3-26.4 7.1-28.4 2.8-50.9-14.4-49.1-49l2.7-60.8-13.8 1.4c-3.5.3-6.4-2.5-6.2-5.9l.9-20.5c0-2.9 2.2-5.2 5-5.5zM1719.1 27.5l23.9-2.4c4.8-.5 8.9 3.4 8.7 8.3l-.3 8.9s24-23.2 47.4-23.3c0 0 4-.4 4.2 3.2.2 3.7-1.5 28.4-1.5 28.4-.2 4-3.2 7.2-7.2 7.6-12.7 1.3-31.9 5.1-41.4 12.9-1.8 1.5-2.9 3.6-3 5.9l-3.9 86c-.2 4-3.2 7.2-7.2 7.6l-24.1 2.4c-4.8.5-9-3.4-8.7-8.3l6-129.7c.1-3.9 3.2-7.1 7.1-7.5zM814.8 185.7c.6 8.8-5 12.5-12.7 13.9-7.7 1.5-81.4 8.1-81.4 8.1 1.5 19.9 21.3 34.9 74 16.4 7.5-2.6 18.9-8 20.2 5.5 1.2 12.7-23.1 32.5-55.9 37.4-47 7-80.5-20.4-78.5-67.3 2-41.3 26.4-78.9 71.5-82.3 39.7-2.8 63.3 24.8 62.8 68.3zm-92.7-6.6 60.2-6c2.3-11.6-12.8-25.4-29-23.1-16.5 2.4-30.9 11.5-31.2 29.1z\"\/><\/svg>\n\n\t\t\t\t\t<h2 class=\"screen-reader-text\">Moglegheiter for alle<\/h2>\n\t\t\t\t\t<p>Bakgrunnen din skal ikkje ha noko \u00e5 seie for kva moglegheiter du har i Time.<\/p>\n\t\t\t\t\t<a href=\"https:\/\/hoyre.no\/bli-med\/bli-medlem\/\" class=\"button\">Bli medlem<\/a>\n\t\t\t\t<\/div>\n\t\t\t<\/div>\n\t\t\t\n\t\t<\/div>\n\t\t\n\n\n<section class=\"wp-block-hoyre-branch-contact-person alignwide\">\n\t<div class=\"block-inner\">\n\t\t\n<div class=\"politician-info-wrapper\">\n\t<div class=\"politician-image-wrapper\">\n\t\t<div class=\"politician-image\">\n\t\t\t\t\t\t\t\t\t\t\t<a href=\"https:\/\/res.cloudinary.com\/hoyre\/image\/upload\/g_face:center,d_defaultprofileimg3.jpg,fl_lossy,f_auto\/v200902\/50818145.jpg\">\n\t\t\t\t\t<img decoding=\"async\" src=\"https:\/\/res.cloudinary.com\/hoyre\/image\/upload\/c_thumb,g_face:center,h_500,w_500,d_defaultprofileimg3.jpg,fl_lossy,f_auto\/w_500\/v20230420\/50818145.jpg\" alt=\"Profilbilde\" style=\"object-position: 50% 50%\" \/>\n\t\t\t\t<\/a>\n\t\t\t\t\t<\/div>\n\t\t\t<\/div>\n\t<div class=\"politician-details\">\n\t\t\t\t\t<h1 class=\"politician-name\"><a href=\"https:\/\/hoyre.no\/personprofiler\/andreas-vollsund\/\">Andreas Vollsund<\/a><\/h1>\n\t\t\t\t\t\t\t\t<h2 class=\"politician-title\">Ordf\u00f8rar Time<\/h2>\n\t\t\t\t\t<\/div>\n<\/div>\n\t<\/div>\n<\/section>\n\n\n\n<div class=\"wp-block-hoyre-banner alignwide undefined\"><div class=\"banner-inner\"><figure class=\"hoyre-image-wrapper\"><div class=\"hoyre-image\"><img loading=\"lazy\" decoding=\"async\" width=\"2500\" height=\"1667\" src=\"https:\/\/hoyre.no\/content\/uploads\/sites\/208\/2023\/08\/52951806412_c59ff8f739_o-scaled.jpg\" class=\"attachment-scaled size-scaled\" alt=\"\" style=\"object-position: 50% 50%\" srcset=\"https:\/\/hoyre.no\/content\/uploads\/sites\/208\/2023\/08\/52951806412_c59ff8f739_o-scaled.jpg 2500w, https:\/\/hoyre.no\/content\/uploads\/sites\/208\/2023\/08\/52951806412_c59ff8f739_o-300x200.jpg 300w, https:\/\/hoyre.no\/content\/uploads\/sites\/208\/2023\/08\/52951806412_c59ff8f739_o-1024x683.jpg 1024w, https:\/\/hoyre.no\/content\/uploads\/sites\/208\/2023\/08\/52951806412_c59ff8f739_o-768x512.jpg 768w, https:\/\/hoyre.no\/content\/uploads\/sites\/208\/2023\/08\/52951806412_c59ff8f739_o-1536x1024.jpg 1536w, https:\/\/hoyre.no\/content\/uploads\/sites\/208\/2023\/08\/52951806412_c59ff8f739_o-2048x1365.jpg 2048w\" sizes=\"auto, (max-width: 2500px) 100vw, 2500px\" \/><\/div><\/figure><div class=\"banner-content\"><div class=\"entry-content\">\n<h2 class=\"wp-block-heading\">8 Grunner til \u00e5 stemme H\u00f8yre i Time<\/h2>\n\n\n\n<p><\/p>\n\n\n\n<div class=\"wp-block-buttons is-layout-flex wp-block-buttons-is-layout-flex\">\n<div class=\"wp-block-button\"><a class=\"wp-block-button__link wp-element-button\" href=\"https:\/\/hoyre.no\/time\/8-grunner-til-a-stemme-hoyre-i-time\/\">Les Mer her<\/a><\/div>\n<\/div>\n<\/div><\/div><\/div><\/div>\n\n\n\n<div class=\"wp-block-hoyre-banner alignwide undefined  is-style-blue\"><div class=\"banner-inner\"><figure class=\"hoyre-image-wrapper\"><div class=\"hoyre-image\"><img loading=\"lazy\" decoding=\"async\" width=\"2500\" height=\"951\" src=\"https:\/\/hoyre.no\/content\/uploads\/sites\/208\/2023\/08\/2af5b8b1-4bed-4984-91f7-84f6f406d1d0-scaled.jpg\" class=\"attachment-scaled size-scaled\" alt=\"\" style=\"object-position: 84% 23%\" srcset=\"https:\/\/hoyre.no\/content\/uploads\/sites\/208\/2023\/08\/2af5b8b1-4bed-4984-91f7-84f6f406d1d0-scaled.jpg 2500w, https:\/\/hoyre.no\/content\/uploads\/sites\/208\/2023\/08\/2af5b8b1-4bed-4984-91f7-84f6f406d1d0-300x114.jpg 300w, https:\/\/hoyre.no\/content\/uploads\/sites\/208\/2023\/08\/2af5b8b1-4bed-4984-91f7-84f6f406d1d0-1024x390.jpg 1024w, https:\/\/hoyre.no\/content\/uploads\/sites\/208\/2023\/08\/2af5b8b1-4bed-4984-91f7-84f6f406d1d0-768x292.jpg 768w, https:\/\/hoyre.no\/content\/uploads\/sites\/208\/2023\/08\/2af5b8b1-4bed-4984-91f7-84f6f406d1d0-1536x585.jpg 1536w, https:\/\/hoyre.no\/content\/uploads\/sites\/208\/2023\/08\/2af5b8b1-4bed-4984-91f7-84f6f406d1d0-2048x779.jpg 2048w\" sizes=\"auto, (max-width: 2500px) 100vw, 2500px\" \/><\/div><\/figure><div class=\"banner-content\"><div class=\"entry-content\">\n<h2 class=\"wp-block-heading alignwide\">Time H\u00f8yres valgmagasin 2023<\/h2>\n\n\n\n<p><\/p>\n\n\n\n<div class=\"wp-block-buttons is-layout-flex wp-block-buttons-is-layout-flex\">\n<div class=\"wp-block-button\"><a class=\"wp-block-button__link wp-element-button\" href=\"https:\/\/hoyre.no\/time\/time-hoyres-valgmagasin\/\">Les hele valgmagasinet her<\/a><\/div>\n<\/div>\n<\/div><\/div><\/div><\/div>\n\n\n\n\n\n<div class=\"wp-block-hoyre-banner alignwide undefined  is-style-light\"><div class=\"banner-inner\"><figure class=\"hoyre-image-wrapper\"><div class=\"hoyre-image\"><img decoding=\"async\" loading=\"lazy\" width=\"2048\" height=\"1365\" src=\"https:\/\/hoyre.no\/content\/uploads\/2020\/09\/54483135358_f67d549a0f_k.jpg\" class=\"attachment-scaled size-scaled\" alt=\"Ine\" style=\"object-position: 47% 42%\" \/><\/div><\/figure><div class=\"banner-content\"><div class=\"entry-content\">\n<h2 class=\"wp-block-heading\" id=\"h-bli-medlem-i-hoyre\">Bli medlem i H\u00f8yre<\/h2>\n\n\n\n<p>Vil du v\u00e6re med p\u00e5 \u00e5 skape et samfunn med muligheter for alle? Bli med p\u00e5 laget. Ditt bidrag gj\u00f8r oss enda sterkere.<\/p>\n\n\n\n<div class=\"wp-block-buttons is-layout-flex wp-block-buttons-is-layout-flex\">\n<div class=\"wp-block-button\"><a class=\"wp-block-button__link wp-element-button\" href=\"https:\/\/hoyre.no\/bli-med\/bli-medlem\/\">bli medlem i h\u00f8yre<\/a><\/div>\n<\/div>\n<\/div><\/div><\/div><\/div>\n\n\n\n\n<section class=\"wp-block-hoyre-latest-grid\">\n\t<div class=\"block-inner\">\n\t\t<header>\n\t\t\t<h2>Nyheiter<\/h2>\n\t\t\t\t\t\t\t<a href=\"https:\/\/hoyre.no\/time\/nyheiter\/\">Vis alle<\/a>\n\t\t\t\t\t<\/header>\n\t\t<div class=\"teft-cards-grid default-size-4\">\n\t\t\t<div class=\"teft-cards-item has-12-columns is-style-two-columns is-vertically-aligned-center is-aligned-center is-card-hoyre\">\n\t<div class=\"teft-card hoyre-teft-card post-teft-card\">\n\t\t<a href=\"https:\/\/hoyre.no\/2026\/03\/27\/dronestrategi-til-a-bli-flau-av\/\" class=\"teft-card__primary-action\">\n\n\t\t\t\t\t<div class=\"teft-card__media teft-card__media--16-9\">\n\t\t\t<span class=\"sticker\">Nasjonal<\/span>\t\t\t<img loading=\"lazy\" decoding=\"async\" width=\"728\" height=\"483\" src=\"https:\/\/hoyre.no\/content\/uploads\/2026\/03\/Skjermbilde-2026-03-27-kl.-14.21.48.png\" class=\"attachment-medium_large size-medium_large\" alt=\"Fr\u00f8lich\" \/>\t\t<\/div>\n\t\t\n\t\t\t<div class=\"teft-card__content-wrapper\">\n\t\t\t\t<div class=\"teft-card__secondary\">\n\t\t\t\t\t\n\t\t\t\t\t\t\t\t<div class=\"teft-card__meta\">\n\t\t\t\t\t\t\t\t\t<span class=\"post-date\">1. apr 2026<\/span>\n\n\t\t\t\t\t\t\t\t\t\t\t\t\t\t\t\t\t<\/div>\n\t\t\t\t\t\t\t\t\t\t\t<\/div>\n\n\t\t\t\t<div class=\"teft-card__primary\">\n\t\t\t\t\t<h2 class=\"teft-card__title\">Varsler knallharde forhandlinger&nbsp;<span class=\"teft-card__primary-title-append\"><\/span><\/h2>\t\t\t\t<\/div>\n\t\t\t<\/div>\n\t\t<\/a>\n\t<\/div>\n\n\t<!-- From network 1 208--><!-- From card class --><\/div>\t\t\t<div class=\"teft-cards-item has-6-columns  is-card-hoyre\">\n\t<div class=\"teft-card hoyre-teft-card post-teft-card\">\n\t\t<a href=\"https:\/\/hoyre.no\/2026\/03\/27\/1000-barn-pa-sykehus-hvert-ar-na-tar-hoyre-grep\/\" class=\"teft-card__primary-action\">\n\n\t\t\t\t\t<div class=\"teft-card__media teft-card__media--16-9\">\n\t\t\t<span class=\"sticker\">Nasjonal<\/span>\t\t\t<img loading=\"lazy\" decoding=\"async\" width=\"768\" height=\"629\" src=\"https:\/\/hoyre.no\/content\/uploads\/2026\/03\/631349645_1501314168669416_8240977278426584374_n-768x629.jpg\" class=\"attachment-medium_large size-medium_large\" alt=\"Svardal B\u00f8e\" \/>\t\t<\/div>\n\t\t\n\t\t\t<div class=\"teft-card__content-wrapper\">\n\t\t\t\t<div class=\"teft-card__secondary\">\n\t\t\t\t\t\n\t\t\t\t\t\t\t\t<div class=\"teft-card__meta\">\n\t\t\t\t\t\t\t\t\t<span class=\"post-date\">27. mar 2026<\/span>\n\n\t\t\t\t\t\t\t\t\t\t\t\t\t\t\t\t\t<\/div>\n\t\t\t\t\t\t\t\t\t\t\t<\/div>\n\n\t\t\t\t<div class=\"teft-card__primary\">\n\t\t\t\t\t<h2 class=\"teft-card__title\">Krever en mer offensiv vaksinepolitikk&nbsp;<span class=\"teft-card__primary-title-append\"><\/span><\/h2>\t\t\t\t<\/div>\n\t\t\t<\/div>\n\t\t<\/a>\n\t<\/div>\n\n\t<!-- From network 1 208--><!-- From card class --><\/div>\t\t\t<div class=\"teft-cards-item has-6-columns  is-card-hoyre\">\n\t<div class=\"teft-card hoyre-teft-card post-teft-card\">\n\t\t<a href=\"https:\/\/hoyre.no\/2026\/03\/26\/strakstiltak-fra-hoyre-kutt-som-monner\/\" class=\"teft-card__primary-action\">\n\n\t\t\t\t\t<div class=\"teft-card__media teft-card__media--16-9\">\n\t\t\t<span class=\"sticker\">Nasjonal<\/span>\t\t\t<img loading=\"lazy\" decoding=\"async\" width=\"768\" height=\"554\" src=\"https:\/\/hoyre.no\/content\/uploads\/2026\/03\/Skjermbilde-2026-03-27-kl.-15.27.09-768x554.png\" class=\"attachment-medium_large size-medium_large\" alt=\"Ine\" \/>\t\t<\/div>\n\t\t\n\t\t\t<div class=\"teft-card__content-wrapper\">\n\t\t\t\t<div class=\"teft-card__secondary\">\n\t\t\t\t\t\n\t\t\t\t\t\t\t\t<div class=\"teft-card__meta\">\n\t\t\t\t\t\t\t\t\t<span class=\"post-date\">27. mar 2026<\/span>\n\n\t\t\t\t\t\t\t\t\t\t\t\t\t\t\t\t\t<\/div>\n\t\t\t\t\t\t\t\t\t\t\t<\/div>\n\n\t\t\t\t<div class=\"teft-card__primary\">\n\t\t\t\t\t<h2 class=\"teft-card__title\">\u2013 N\u00f8dvendig strakstiltak&nbsp;<span class=\"teft-card__primary-title-append\"><\/span><\/h2>\t\t\t\t<\/div>\n\t\t\t<\/div>\n\t\t<\/a>\n\t<\/div>\n\n\t<!-- From network 1 208--><!-- From card class --><\/div>\t\t\t<div class=\"teft-cards-item has-4-columns is-card-hoyre\">\n\t<div class=\"teft-card hoyre-teft-card post-teft-card\">\n\t\t<a href=\"https:\/\/hoyre.no\/2026\/03\/26\/barndommen-gar-ikke-i-reprise\/\" class=\"teft-card__primary-action\">\n\n\t\t\t\t\t<div class=\"teft-card__media teft-card__media--16-9\">\n\t\t\t<span class=\"sticker\">Nasjonal<\/span>\t\t\t<img loading=\"lazy\" decoding=\"async\" width=\"768\" height=\"512\" src=\"https:\/\/hoyre.no\/content\/uploads\/2026\/03\/Tone-Willhelmsen-Troen-foto-Hans-Kristian-Thorbjornsen-2913-768x512.jpg\" class=\"attachment-medium_large size-medium_large\" alt=\"Tone\" \/>\t\t<\/div>\n\t\t\n\t\t\t<div class=\"teft-card__content-wrapper\">\n\t\t\t\t<div class=\"teft-card__secondary\">\n\t\t\t\t\t\n\t\t\t\t\t\t\t\t<div class=\"teft-card__meta\">\n\t\t\t\t\t\t\t\t\t<span class=\"post-date\">26. mar 2026<\/span>\n\n\t\t\t\t\t\t\t\t\t\t\t\t\t\t\t\t\t<\/div>\n\t\t\t\t\t\t\t\t\t\t\t<\/div>\n\n\t\t\t\t<div class=\"teft-card__primary\">\n\t\t\t\t\t<h2 class=\"teft-card__title\">&#8211; Barndommen g\u00e5r ikke i reprise&nbsp;<span class=\"teft-card__primary-title-append\"><\/span><\/h2>\t\t\t\t<\/div>\n\t\t\t<\/div>\n\t\t<\/a>\n\t<\/div>\n\n\t<!-- From network 1 208--><!-- From card class --><\/div>\t\t\t<div class=\"teft-cards-item has-4-columns is-card-hoyre\">\n\t<div class=\"teft-card hoyre-teft-card post-teft-card\">\n\t\t<a href=\"https:\/\/hoyre.no\/2026\/03\/26\/ap-loper-fra-egne-lofter\/\" class=\"teft-card__primary-action\">\n\n\t\t\t\t\t<div class=\"teft-card__media teft-card__media--16-9\">\n\t\t\t<span class=\"sticker\">Nasjonal<\/span>\t\t\t<img loading=\"lazy\" decoding=\"async\" width=\"768\" height=\"512\" src=\"https:\/\/hoyre.no\/content\/uploads\/2026\/03\/HLM25-foto-Nikolai-Langdeldt-Carlsen-6515-768x512.jpg\" class=\"attachment-medium_large size-medium_large\" alt=\"Ola\" \/>\t\t<\/div>\n\t\t\n\t\t\t<div class=\"teft-card__content-wrapper\">\n\t\t\t\t<div class=\"teft-card__secondary\">\n\t\t\t\t\t\n\t\t\t\t\t\t\t\t<div class=\"teft-card__meta\">\n\t\t\t\t\t\t\t\t\t<span class=\"post-date\">26. mar 2026<\/span>\n\n\t\t\t\t\t\t\t\t\t\t\t\t\t\t\t\t\t<\/div>\n\t\t\t\t\t\t\t\t\t\t\t<\/div>\n\n\t\t\t\t<div class=\"teft-card__primary\">\n\t\t\t\t\t<h2 class=\"teft-card__title\">&#8211; Ap l\u00f8per fra sine egne l\u00f8fter&nbsp;<span class=\"teft-card__primary-title-append\"><\/span><\/h2>\t\t\t\t<\/div>\n\t\t\t<\/div>\n\t\t<\/a>\n\t<\/div>\n\n\t<!-- From network 1 208--><!-- From card class --><\/div>\t\t\t<div class=\"teft-cards-item has-4-columns is-card-hoyre\">\n\t<div class=\"teft-card hoyre-teft-card post-teft-card\">\n\t\t<a href=\"https:\/\/hoyre.no\/2026\/03\/25\/vi-skriver-ikke-ut-blanke-sjekker\/\" class=\"teft-card__primary-action\">\n\n\t\t\t\t\t<div class=\"teft-card__media teft-card__media--16-9\">\n\t\t\t<span class=\"sticker\">Nasjonal<\/span>\t\t\t<img loading=\"lazy\" decoding=\"async\" width=\"768\" height=\"576\" src=\"https:\/\/hoyre.no\/content\/uploads\/2026\/03\/photo-collage.png-768x576.png\" class=\"attachment-medium_large size-medium_large\" alt=\"Stokkeb\u00f8 og Astrup\" \/>\t\t<\/div>\n\t\t\n\t\t\t<div class=\"teft-card__content-wrapper\">\n\t\t\t\t<div class=\"teft-card__secondary\">\n\t\t\t\t\t\n\t\t\t\t\t\t\t\t<div class=\"teft-card__meta\">\n\t\t\t\t\t\t\t\t\t<span class=\"post-date\">26. mar 2026<\/span>\n\n\t\t\t\t\t\t\t\t\t\t\t\t\t\t\t\t\t<\/div>\n\t\t\t\t\t\t\t\t\t\t\t<\/div>\n\n\t\t\t\t<div class=\"teft-card__primary\">\n\t\t\t\t\t<h2 class=\"teft-card__title\">\u2013 Vi skriver ikke ut blanke sjekker&nbsp;<span class=\"teft-card__primary-title-append\"><\/span><\/h2>\t\t\t\t<\/div>\n\t\t\t<\/div>\n\t\t<\/a>\n\t<\/div>\n\n\t<!-- From network 1 208--><!-- From card class --><\/div>\t\t\t\t\t<\/div>\n\t<\/div>\n<\/section>\n\n\n\n\n\n\n\n","protected":false},"excerpt":{"rendered":"","protected":false},"author":1,"featured_media":0,"parent":0,"menu_order":0,"comment_status":"closed","ping_status":"closed","template":"","meta":{"teft_cards_image_url":"","teft_cards_custom_pretitle":"","teft_cards_image_id":0,"teft_cards_image_focal_point_x":0,"teft_cards_image_focal_point_y":0,"teft_cards_title":"","teft_cards_excerpt":"","teft_show_chapters":false,"footnotes":""},"class_list":["post-3","page","type-page","status-publish","hentry"],"yoast_head":"<!-- This site is optimized with the Yoast SEO plugin v26.6 - https:\/\/yoast.com\/wordpress\/plugins\/seo\/ -->\n<title>Forsiden - Time H\u00f8yre<\/title>\n<meta name=\"robots\" content=\"index, follow, max-snippet:-1, max-image-preview:large, max-video-preview:-1\" \/>\n<link rel=\"canonical\" href=\"https:\/\/hoyre.no\/time\/\" \/>\n<meta property=\"og:locale\" content=\"nn_NO\" \/>\n<meta property=\"og:type\" content=\"article\" \/>\n<meta property=\"og:title\" content=\"Forsiden - Time H\u00f8yre\" \/>\n<meta property=\"og:url\" content=\"https:\/\/hoyre.no\/time\/\" \/>\n<meta property=\"og:site_name\" content=\"Time H\u00f8yre\" \/>\n<meta property=\"article:modified_time\" content=\"2025-09-26T07:58:29+00:00\" \/>\n<meta property=\"og:image\" content=\"https:\/\/hoyre.no\/content\/uploads\/sites\/208\/2022\/11\/Hoyres-logo.png\" \/>\n\t<meta property=\"og:image:width\" content=\"1000\" \/>\n\t<meta property=\"og:image:height\" content=\"1000\" \/>\n\t<meta property=\"og:image:type\" content=\"image\/png\" \/>\n<meta name=\"twitter:card\" content=\"summary_large_image\" \/>\n<meta name=\"twitter:label1\" content=\"Est. reading time\" \/>\n\t<meta name=\"twitter:data1\" content=\"1 minutt\" \/>\n<script type=\"application\/ld+json\" class=\"yoast-schema-graph\">{\"@context\":\"https:\/\/schema.org\",\"@graph\":[{\"@type\":\"WebPage\",\"@id\":\"https:\/\/hoyre.no\/time\/\",\"url\":\"https:\/\/hoyre.no\/time\/\",\"name\":\"Forsiden - Time H\u00f8yre\",\"isPartOf\":{\"@id\":\"https:\/\/hoyre.no\/time\/#website\"},\"datePublished\":\"2020-11-12T09:15:23+00:00\",\"dateModified\":\"2025-09-26T07:58:29+00:00\",\"breadcrumb\":{\"@id\":\"https:\/\/hoyre.no\/time\/#breadcrumb\"},\"inLanguage\":\"nn-NO\",\"potentialAction\":[{\"@type\":\"ReadAction\",\"target\":[\"https:\/\/hoyre.no\/time\/\"]}]},{\"@type\":\"BreadcrumbList\",\"@id\":\"https:\/\/hoyre.no\/time\/#breadcrumb\",\"itemListElement\":[{\"@type\":\"ListItem\",\"position\":1,\"name\":\"Til hoyre.no\",\"item\":\"https:\/\/hoyre.no\"},{\"@type\":\"ListItem\",\"position\":2,\"name\":\"Hjem\",\"item\":\"https:\/\/hoyre.no\/time\/\"},{\"@type\":\"ListItem\",\"position\":3,\"name\":\"Forsiden\"}]},{\"@type\":\"WebSite\",\"@id\":\"https:\/\/hoyre.no\/time\/#website\",\"url\":\"https:\/\/hoyre.no\/time\/\",\"name\":\"Time H\u00f8yre\",\"description\":\"Bare enda et H\u00f8yres nettsteder-nettsted\",\"inLanguage\":\"nn-NO\"}]}<\/script>\n<!-- \/ Yoast SEO plugin. -->","yoast_head_json":{"title":"Forsiden - Time H\u00f8yre","robots":{"index":"index","follow":"follow","max-snippet":"max-snippet:-1","max-image-preview":"max-image-preview:large","max-video-preview":"max-video-preview:-1"},"canonical":"https:\/\/hoyre.no\/time\/","og_locale":"nn_NO","og_type":"article","og_title":"Forsiden - Time H\u00f8yre","og_url":"https:\/\/hoyre.no\/time\/","og_site_name":"Time H\u00f8yre","article_modified_time":"2025-09-26T07:58:29+00:00","og_image":[{"width":1000,"height":1000,"url":"https:\/\/hoyre.no\/content\/uploads\/sites\/208\/2022\/11\/Hoyres-logo.png","type":"image\/png"}],"twitter_card":"summary_large_image","twitter_misc":{"Est. reading time":"1 minutt"},"schema":{"@context":"https:\/\/schema.org","@graph":[{"@type":"WebPage","@id":"https:\/\/hoyre.no\/time\/","url":"https:\/\/hoyre.no\/time\/","name":"Forsiden - Time H\u00f8yre","isPartOf":{"@id":"https:\/\/hoyre.no\/time\/#website"},"datePublished":"2020-11-12T09:15:23+00:00","dateModified":"2025-09-26T07:58:29+00:00","breadcrumb":{"@id":"https:\/\/hoyre.no\/time\/#breadcrumb"},"inLanguage":"nn-NO","potentialAction":[{"@type":"ReadAction","target":["https:\/\/hoyre.no\/time\/"]}]},{"@type":"BreadcrumbList","@id":"https:\/\/hoyre.no\/time\/#breadcrumb","itemListElement":[{"@type":"ListItem","position":1,"name":"Til hoyre.no","item":"https:\/\/hoyre.no"},{"@type":"ListItem","position":2,"name":"Hjem","item":"https:\/\/hoyre.no\/time\/"},{"@type":"ListItem","position":3,"name":"Forsiden"}]},{"@type":"WebSite","@id":"https:\/\/hoyre.no\/time\/#website","url":"https:\/\/hoyre.no\/time\/","name":"Time H\u00f8yre","description":"Bare enda et H\u00f8yres nettsteder-nettsted","inLanguage":"nn-NO"}]}},"distributor_meta":false,"distributor_terms":false,"distributor_media":false,"distributor_original_site_name":"Time H\u00f8yre","distributor_original_site_url":"https:\/\/hoyre.no\/time","push-errors":false,"_links":{"self":[{"href":"https:\/\/hoyre.no\/time\/wp-json\/wp\/v2\/pages\/3","targetHints":{"allow":["GET"]}}],"collection":[{"href":"https:\/\/hoyre.no\/time\/wp-json\/wp\/v2\/pages"}],"about":[{"href":"https:\/\/hoyre.no\/time\/wp-json\/wp\/v2\/types\/page"}],"author":[{"embeddable":true,"href":"https:\/\/hoyre.no\/time\/wp-json\/wp\/v2\/users\/1"}],"replies":[{"embeddable":true,"href":"https:\/\/hoyre.no\/time\/wp-json\/wp\/v2\/comments?post=3"}],"version-history":[{"count":10,"href":"https:\/\/hoyre.no\/time\/wp-json\/wp\/v2\/pages\/3\/revisions"}],"predecessor-version":[{"id":141,"href":"https:\/\/hoyre.no\/time\/wp-json\/wp\/v2\/pages\/3\/revisions\/141"}],"wp:attachment":[{"href":"https:\/\/hoyre.no\/time\/wp-json\/wp\/v2\/media?parent=3"}],"curies":[{"name":"wp","href":"https:\/\/api.w.org\/{rel}","templated":true}]}}